{"id":27,"date":"2024-05-07T13:51:57","date_gmt":"2024-05-07T13:51:57","guid":{"rendered":"https:\/\/www.commoncause.org\/illinois\/contact\/"},"modified":"2024-06-11T00:55:59","modified_gmt":"2024-06-11T00:55:59","slug":"lien-he","status":"publish","type":"page","link":"https:\/\/www.commoncause.org\/illinois\/vi\/contact\/","title":{"rendered":"Li\u00ean h\u1ec7"},"content":{"rendered":"","protected":false},"excerpt":{"rendered":"","protected":false},"author":2,"featured_media":0,"parent":0,"menu_order":0,"comment_status":"closed","ping_status":"closed","template":"","meta":{"_acf_changed":false,"_relevanssi_hide_post":"","_relevanssi_hide_content":"","_relevanssi_pin_for_all":"","_relevanssi_pin_keywords":"","_relevanssi_unpin_keywords":"","_relevanssi_related_keywords":"","_relevanssi_related_include_ids":"","_relevanssi_related_exclude_ids":"","_relevanssi_related_no_append":"","_relevanssi_related_not_related":"","_relevanssi_related_posts":"","_relevanssi_noindex_reason":""},"class_list":["post-27","page","type-page","status-publish","hentry"],"acf":{"header":{"component_page_header":{"header_type":"default","title":"Li\u00ean h\u1ec7 v\u1edbi ch\u00fang t\u00f4i","lead":"","image":1951,"subnavigation":false}},"sidebar":{"helper_enable_sidebar":false,"helper_media_contact":{"heading":"Media Contact","manually_enter_person":false,"person":["{\"site_id\":\"48\",\"post_type\":\"person\",\"post_id\":155}"],"name":"","role":"","phone":"","email":""},"helper_links_downloads":{"heading":"Links & Downloads","links":null}},"page_layout":[{"acf_fc_layout":"layout_wysiwyg","_acfe_flexible_toggle":"","component_wysiwyg":{"content":"<div class=\"col-xs-12 col-md-8\">\r\n<h2>Li\u00ean h\u1ec7<\/h2>\r\nCommon Cause Illinois cam k\u1ebft th\u00fac \u0111\u1ea9y m\u1ed9t ch\u00ednh ph\u1ee7 trung th\u1ef1c, minh b\u1ea1ch v\u00e0 c\u00f3 tr\u00e1ch nhi\u1ec7m, \u0111\u1ed3ng th\u1eddi khuy\u1ebfn kh\u00edch s\u1ef1 tham gia c\u1ee7a ng\u01b0\u1eddi d\u00e2n v\u00e0o n\u1ec1n d\u00e2n ch\u1ee7. Ch\u00fang t\u00f4i quan t\u00e2m \u0111\u1ebfn \u00fd ki\u1ebfn c\u1ee7a c\u00e1c th\u00e0nh vi\u00ean v\u00e0 ng\u01b0\u1eddi \u1ee7ng h\u1ed9. N\u1ebfu b\u1ea1n c\u00f3 th\u1eafc m\u1eafc v\u1ec1 c\u00e1c ho\u1ea1t \u0111\u1ed9ng c\u1ed9ng \u0111\u1ed3ng c\u1ee7a ch\u00fang t\u00f4i, vui l\u00f2ng g\u1eedi email cho ch\u00fang t\u00f4i theo \u0111\u1ecba ch\u1ec9: <a class=\"c-link\" href=\"mailto:illinois@commoncause.org\" target=\"_blank\" rel=\"noopener noreferrer\" data-stringify-link=\"mailto:illinois@commoncause.org\" data-sk=\"tooltip_parent\" aria-haspopup=\"menu\">illinois@commoncause.org<\/a> ho\u1eb7c s\u1eed d\u1ee5ng m\u1eabu d\u01b0\u1edbi \u0111\u00e2y. N\u1ebfu b\u1ea1n l\u00e0 th\u00e0nh vi\u00ean c\u1ee7a ph\u01b0\u01a1ng ti\u1ec7n truy\u1ec1n th\u00f4ng, vui l\u00f2ng g\u1eedi email cho ch\u00fang t\u00f4i theo \u0111\u1ecba ch\u1ec9 <a href=\"mailto:KColston@commoncause.org\">kcolston@commoncause.org<\/a>\u0110\u1ecba ch\u1ec9 g\u1eedi th\u01b0 c\u1ee7a ch\u00fang t\u00f4i l\u00e0 Common Cause Illinois 2045 W Grand Ave Ste B PMB 258332 Chicago, IL 60612-1577 US. S\u1ed1 \u0111i\u1ec7n tho\u1ea1i c\u1ee7a ch\u00fang t\u00f4i l\u00e0 312-372-2422.\r\n\r\n<\/div>"}}]},"yoast_head":"<!-- This site is optimized with the Yoast SEO Premium plugin v26.6 (Yoast SEO v27.1.1) - https:\/\/yoast.com\/product\/yoast-seo-premium-wordpress\/ -->\n<title>Contact - Common Cause Illinois<\/title>\n<meta name=\"robots\" content=\"index, follow, max-snippet:-1, max-image-preview:large, max-video-preview:-1\" \/>\n<link rel=\"canonical\" href=\"https:\/\/www.commoncause.org\/illinois\/vi\/lien-he\/\" \/>\n<meta property=\"og:locale\" content=\"vi_VN\" \/>\n<meta property=\"og:type\" content=\"article\" \/>\n<meta property=\"og:title\" content=\"Contact\" \/>\n<meta property=\"og:url\" content=\"https:\/\/www.commoncause.org\/illinois\/vi\/lien-he\/\" \/>\n<meta property=\"og:site_name\" content=\"Common Cause Illinois\" \/>\n<meta property=\"article:modified_time\" content=\"2024-06-11T00:55:59+00:00\" \/>\n<meta property=\"og:image\" content=\"https:\/\/www.commoncause.org\/illinois\/wp-content\/uploads\/2024\/08\/common-cause-share-image.png\" \/>\n\t<meta property=\"og:image:width\" content=\"1200\" \/>\n\t<meta property=\"og:image:height\" content=\"630\" \/>\n\t<meta property=\"og:image:type\" content=\"image\/png\" \/>\n<meta name=\"twitter:card\" content=\"summary_large_image\" \/>\n<script type=\"application\/ld+json\" class=\"yoast-schema-graph\">{\"@context\":\"https:\/\/schema.org\",\"@graph\":[{\"@type\":\"WebPage\",\"@id\":\"https:\/\/www.commoncause.org\/illinois\/contact\/\",\"url\":\"https:\/\/www.commoncause.org\/illinois\/contact\/\",\"name\":\"Contact - Common Cause Illinois\",\"isPartOf\":{\"@id\":\"https:\/\/www.commoncause.org\/illinois\/#website\"},\"datePublished\":\"2024-05-07T13:51:57+00:00\",\"dateModified\":\"2024-06-11T00:55:59+00:00\",\"breadcrumb\":{\"@id\":\"https:\/\/www.commoncause.org\/illinois\/contact\/#breadcrumb\"},\"inLanguage\":\"vi\",\"potentialAction\":[{\"@type\":\"ReadAction\",\"target\":[\"https:\/\/www.commoncause.org\/illinois\/contact\/\"]}]},{\"@type\":\"BreadcrumbList\",\"@id\":\"https:\/\/www.commoncause.org\/illinois\/contact\/#breadcrumb\",\"itemListElement\":[{\"@type\":\"ListItem\",\"position\":1,\"name\":\"Home\",\"item\":\"https:\/\/www.commoncause.org\/illinois\/\"},{\"@type\":\"ListItem\",\"position\":2,\"name\":\"Contact\"}]},{\"@type\":\"WebSite\",\"@id\":\"https:\/\/www.commoncause.org\/illinois\/#website\",\"url\":\"https:\/\/www.commoncause.org\/illinois\/\",\"name\":\"Common Cause Illinois\",\"description\":\"\",\"potentialAction\":[{\"@type\":\"SearchAction\",\"target\":{\"@type\":\"EntryPoint\",\"urlTemplate\":\"https:\/\/www.commoncause.org\/illinois\/?s={search_term_string}\"},\"query-input\":{\"@type\":\"PropertyValueSpecification\",\"valueRequired\":true,\"valueName\":\"search_term_string\"}}],\"inLanguage\":\"vi\"}]}<\/script>\n<!-- \/ Yoast SEO Premium plugin. -->","yoast_head_json":{"title":"Li\u00ean h\u1ec7 - Common Cause Illinois","robots":{"index":"index","follow":"follow","max-snippet":"max-snippet:-1","max-image-preview":"max-image-preview:large","max-video-preview":"max-video-preview:-1"},"canonical":"https:\/\/www.commoncause.org\/illinois\/vi\/lien-he\/","og_locale":"vi_VN","og_type":"article","og_title":"Contact","og_url":"https:\/\/www.commoncause.org\/illinois\/vi\/lien-he\/","og_site_name":"Common Cause Illinois","article_modified_time":"2024-06-11T00:55:59+00:00","og_image":[{"width":1200,"height":630,"url":"https:\/\/www.commoncause.org\/illinois\/wp-content\/uploads\/2024\/08\/common-cause-share-image.png","type":"image\/png"}],"twitter_card":"summary_large_image","schema":{"@context":"https:\/\/schema.org","@graph":[{"@type":"WebPage","@id":"https:\/\/www.commoncause.org\/illinois\/contact\/","url":"https:\/\/www.commoncause.org\/illinois\/contact\/","name":"Li\u00ean h\u1ec7 - Common Cause Illinois","isPartOf":{"@id":"https:\/\/www.commoncause.org\/illinois\/#website"},"datePublished":"2024-05-07T13:51:57+00:00","dateModified":"2024-06-11T00:55:59+00:00","breadcrumb":{"@id":"https:\/\/www.commoncause.org\/illinois\/contact\/#breadcrumb"},"inLanguage":"vi","potentialAction":[{"@type":"ReadAction","target":["https:\/\/www.commoncause.org\/illinois\/contact\/"]}]},{"@type":"BreadcrumbList","@id":"https:\/\/www.commoncause.org\/illinois\/contact\/#breadcrumb","itemListElement":[{"@type":"ListItem","position":1,"name":"Home","item":"https:\/\/www.commoncause.org\/illinois\/"},{"@type":"ListItem","position":2,"name":"Contact"}]},{"@type":"WebSite","@id":"https:\/\/www.commoncause.org\/illinois\/#website","url":"https:\/\/www.commoncause.org\/illinois\/","name":"Nguy\u00ean nh\u00e2n chung Illinois","description":"","potentialAction":[{"@type":"SearchAction","target":{"@type":"EntryPoint","urlTemplate":"https:\/\/www.commoncause.org\/illinois\/?s={search_term_string}"},"query-input":{"@type":"PropertyValueSpecification","valueRequired":true,"valueName":"search_term_string"}}],"inLanguage":"vi"}]}},"distributor_meta":false,"distributor_terms":false,"distributor_media":false,"distributor_original_site_name":"Common Cause Illinois","distributor_original_site_url":"https:\/\/www.commoncause.org\/illinois\/vi","push-errors":false,"_links":{"self":[{"href":"https:\/\/www.commoncause.org\/illinois\/vi\/wp-json\/wp\/v2\/pages\/27","targetHints":{"allow":["GET"]}}],"collection":[{"href":"https:\/\/www.commoncause.org\/illinois\/vi\/wp-json\/wp\/v2\/pages"}],"about":[{"href":"https:\/\/www.commoncause.org\/illinois\/vi\/wp-json\/wp\/v2\/types\/page"}],"author":[{"embeddable":true,"href":"https:\/\/www.commoncause.org\/illinois\/vi\/wp-json\/wp\/v2\/users\/2"}],"replies":[{"embeddable":true,"href":"https:\/\/www.commoncause.org\/illinois\/vi\/wp-json\/wp\/v2\/comments?post=27"}],"version-history":[{"count":12,"href":"https:\/\/www.commoncause.org\/illinois\/vi\/wp-json\/wp\/v2\/pages\/27\/revisions"}],"predecessor-version":[{"id":616,"href":"https:\/\/www.commoncause.org\/illinois\/vi\/wp-json\/wp\/v2\/pages\/27\/revisions\/616"}],"wp:attachment":[{"href":"https:\/\/www.commoncause.org\/illinois\/vi\/wp-json\/wp\/v2\/media?parent=27"}],"curies":[{"name":"wp","href":"https:\/\/api.w.org\/{rel}","templated":true}]}}