{"id":27,"date":"2024-05-07T13:51:57","date_gmt":"2024-05-07T13:51:57","guid":{"rendered":"https:\/\/www.commoncause.org\/illinois\/contact\/"},"modified":"2024-06-11T00:55:59","modified_gmt":"2024-06-11T00:55:59","slug":"kontakt","status":"publish","type":"page","link":"https:\/\/www.commoncause.org\/illinois\/de\/contact\/","title":{"rendered":"Kontakt"},"content":{"rendered":"","protected":false},"excerpt":{"rendered":"","protected":false},"author":2,"featured_media":0,"parent":0,"menu_order":0,"comment_status":"closed","ping_status":"closed","template":"","meta":{"_acf_changed":false,"_relevanssi_hide_post":"","_relevanssi_hide_content":"","_relevanssi_pin_for_all":"","_relevanssi_pin_keywords":"","_relevanssi_unpin_keywords":"","_relevanssi_related_keywords":"","_relevanssi_related_include_ids":"","_relevanssi_related_exclude_ids":"","_relevanssi_related_no_append":"","_relevanssi_related_not_related":"","_relevanssi_related_posts":"","_relevanssi_noindex_reason":""},"class_list":["post-27","page","type-page","status-publish","hentry"],"acf":{"header":{"component_page_header":{"header_type":"default","title":"Kontaktieren Sie uns","lead":"","image":1951,"subnavigation":false}},"sidebar":{"helper_enable_sidebar":false,"helper_media_contact":{"heading":"Media Contact","manually_enter_person":false,"person":["{\"site_id\":\"48\",\"post_type\":\"person\",\"post_id\":155}"],"name":"","role":"","phone":"","email":""},"helper_links_downloads":{"heading":"Links & Downloads","links":null}},"page_layout":[{"acf_fc_layout":"layout_wysiwyg","_acfe_flexible_toggle":"","component_wysiwyg":{"content":"<div class=\"col-xs-12 col-md-8\">\r\n<h2>Kontaktieren Sie uns<\/h2>\r\nCommon Cause Illinois setzt sich f\u00fcr eine ehrliche, offene und verantwortungsvolle Regierung ein und f\u00f6rdert die B\u00fcrgerbeteiligung an der Demokratie. Die Meinung unserer Mitglieder und Unterst\u00fctzer ist uns wichtig. Bei Fragen zu unseren Basisaktionen schreiben Sie uns bitte eine E-Mail an <a class=\"c-link\" href=\"mailto:illinois@commoncause.org\" target=\"_blank\" rel=\"noopener noreferrer\" data-stringify-link=\"mailto:illinois@commoncause.org\" data-sk=\"tooltip_parent\" aria-haspopup=\"menu\">illinois@commoncause.org<\/a> oder nutzen Sie das untenstehende Formular. Wenn Sie ein Medienvertreter sind, senden Sie uns bitte eine E-Mail an <a href=\"mailto:KColston@commoncause.org\">kcolston@commoncause.org<\/a>Unsere Postanschrift lautet: Common Cause Illinois 2045 W Grand Ave Ste B PMB 258332 Chicago, IL 60612-1577 US. Unsere Telefonnummer lautet 312-372-2422.\r\n\r\n<\/div>"}}]},"yoast_head":"<!-- This site is optimized with the Yoast SEO Premium plugin v26.6 (Yoast SEO v27.1.1) - https:\/\/yoast.com\/product\/yoast-seo-premium-wordpress\/ -->\n<title>Contact - Common Cause Illinois<\/title>\n<meta name=\"robots\" content=\"index, follow, max-snippet:-1, max-image-preview:large, max-video-preview:-1\" \/>\n<link rel=\"canonical\" href=\"https:\/\/www.commoncause.org\/illinois\/de\/kontakt\/\" \/>\n<meta property=\"og:locale\" content=\"de_DE\" \/>\n<meta property=\"og:type\" content=\"article\" \/>\n<meta property=\"og:title\" content=\"Contact\" \/>\n<meta property=\"og:url\" content=\"https:\/\/www.commoncause.org\/illinois\/de\/kontakt\/\" \/>\n<meta property=\"og:site_name\" content=\"Common Cause Illinois\" \/>\n<meta property=\"article:modified_time\" content=\"2024-06-11T00:55:59+00:00\" \/>\n<meta property=\"og:image\" content=\"https:\/\/www.commoncause.org\/illinois\/wp-content\/uploads\/2024\/08\/common-cause-share-image.png\" \/>\n\t<meta property=\"og:image:width\" content=\"1200\" \/>\n\t<meta property=\"og:image:height\" content=\"630\" \/>\n\t<meta property=\"og:image:type\" content=\"image\/png\" \/>\n<meta name=\"twitter:card\" content=\"summary_large_image\" \/>\n<script type=\"application\/ld+json\" class=\"yoast-schema-graph\">{\"@context\":\"https:\/\/schema.org\",\"@graph\":[{\"@type\":\"WebPage\",\"@id\":\"https:\/\/www.commoncause.org\/illinois\/contact\/\",\"url\":\"https:\/\/www.commoncause.org\/illinois\/contact\/\",\"name\":\"Contact - Common Cause Illinois\",\"isPartOf\":{\"@id\":\"https:\/\/www.commoncause.org\/illinois\/#website\"},\"datePublished\":\"2024-05-07T13:51:57+00:00\",\"dateModified\":\"2024-06-11T00:55:59+00:00\",\"breadcrumb\":{\"@id\":\"https:\/\/www.commoncause.org\/illinois\/contact\/#breadcrumb\"},\"inLanguage\":\"de\",\"potentialAction\":[{\"@type\":\"ReadAction\",\"target\":[\"https:\/\/www.commoncause.org\/illinois\/contact\/\"]}]},{\"@type\":\"BreadcrumbList\",\"@id\":\"https:\/\/www.commoncause.org\/illinois\/contact\/#breadcrumb\",\"itemListElement\":[{\"@type\":\"ListItem\",\"position\":1,\"name\":\"Home\",\"item\":\"https:\/\/www.commoncause.org\/illinois\/\"},{\"@type\":\"ListItem\",\"position\":2,\"name\":\"Contact\"}]},{\"@type\":\"WebSite\",\"@id\":\"https:\/\/www.commoncause.org\/illinois\/#website\",\"url\":\"https:\/\/www.commoncause.org\/illinois\/\",\"name\":\"Common Cause Illinois\",\"description\":\"\",\"potentialAction\":[{\"@type\":\"SearchAction\",\"target\":{\"@type\":\"EntryPoint\",\"urlTemplate\":\"https:\/\/www.commoncause.org\/illinois\/?s={search_term_string}\"},\"query-input\":{\"@type\":\"PropertyValueSpecification\",\"valueRequired\":true,\"valueName\":\"search_term_string\"}}],\"inLanguage\":\"de\"}]}<\/script>\n<!-- \/ Yoast SEO Premium plugin. -->","yoast_head_json":{"title":"Kontakt - Common Cause Illinois","robots":{"index":"index","follow":"follow","max-snippet":"max-snippet:-1","max-image-preview":"max-image-preview:large","max-video-preview":"max-video-preview:-1"},"canonical":"https:\/\/www.commoncause.org\/illinois\/de\/kontakt\/","og_locale":"de_DE","og_type":"article","og_title":"Contact","og_url":"https:\/\/www.commoncause.org\/illinois\/de\/kontakt\/","og_site_name":"Common Cause Illinois","article_modified_time":"2024-06-11T00:55:59+00:00","og_image":[{"width":1200,"height":630,"url":"https:\/\/www.commoncause.org\/illinois\/wp-content\/uploads\/2024\/08\/common-cause-share-image.png","type":"image\/png"}],"twitter_card":"summary_large_image","schema":{"@context":"https:\/\/schema.org","@graph":[{"@type":"WebPage","@id":"https:\/\/www.commoncause.org\/illinois\/contact\/","url":"https:\/\/www.commoncause.org\/illinois\/contact\/","name":"Kontakt - Common Cause Illinois","isPartOf":{"@id":"https:\/\/www.commoncause.org\/illinois\/#website"},"datePublished":"2024-05-07T13:51:57+00:00","dateModified":"2024-06-11T00:55:59+00:00","breadcrumb":{"@id":"https:\/\/www.commoncause.org\/illinois\/contact\/#breadcrumb"},"inLanguage":"de","potentialAction":[{"@type":"ReadAction","target":["https:\/\/www.commoncause.org\/illinois\/contact\/"]}]},{"@type":"BreadcrumbList","@id":"https:\/\/www.commoncause.org\/illinois\/contact\/#breadcrumb","itemListElement":[{"@type":"ListItem","position":1,"name":"Home","item":"https:\/\/www.commoncause.org\/illinois\/"},{"@type":"ListItem","position":2,"name":"Contact"}]},{"@type":"WebSite","@id":"https:\/\/www.commoncause.org\/illinois\/#website","url":"https:\/\/www.commoncause.org\/illinois\/","name":"Gemeinsame Sache, Illinois","description":"","potentialAction":[{"@type":"SearchAction","target":{"@type":"EntryPoint","urlTemplate":"https:\/\/www.commoncause.org\/illinois\/?s={search_term_string}"},"query-input":{"@type":"PropertyValueSpecification","valueRequired":true,"valueName":"search_term_string"}}],"inLanguage":"de"}]}},"distributor_meta":false,"distributor_terms":false,"distributor_media":false,"distributor_original_site_name":"Common Cause Illinois","distributor_original_site_url":"https:\/\/www.commoncause.org\/illinois\/de","push-errors":false,"_links":{"self":[{"href":"https:\/\/www.commoncause.org\/illinois\/de\/wp-json\/wp\/v2\/pages\/27","targetHints":{"allow":["GET"]}}],"collection":[{"href":"https:\/\/www.commoncause.org\/illinois\/de\/wp-json\/wp\/v2\/pages"}],"about":[{"href":"https:\/\/www.commoncause.org\/illinois\/de\/wp-json\/wp\/v2\/types\/page"}],"author":[{"embeddable":true,"href":"https:\/\/www.commoncause.org\/illinois\/de\/wp-json\/wp\/v2\/users\/2"}],"replies":[{"embeddable":true,"href":"https:\/\/www.commoncause.org\/illinois\/de\/wp-json\/wp\/v2\/comments?post=27"}],"version-history":[{"count":12,"href":"https:\/\/www.commoncause.org\/illinois\/de\/wp-json\/wp\/v2\/pages\/27\/revisions"}],"predecessor-version":[{"id":616,"href":"https:\/\/www.commoncause.org\/illinois\/de\/wp-json\/wp\/v2\/pages\/27\/revisions\/616"}],"wp:attachment":[{"href":"https:\/\/www.commoncause.org\/illinois\/de\/wp-json\/wp\/v2\/media?parent=27"}],"curies":[{"name":"wp","href":"https:\/\/api.w.org\/{rel}","templated":true}]}}