{"id":23,"date":"2024-05-07T13:48:31","date_gmt":"2024-05-07T13:48:31","guid":{"rendered":"https:\/\/www.commoncause.org\/hawaii\/take-action\/"},"modified":"2024-05-07T13:48:31","modified_gmt":"2024-05-07T13:48:31","slug":"hanh-dong-3","status":"publish","type":"page","link":"https:\/\/www.commoncause.org\/hawaii\/vi\/take-action\/","title":{"rendered":"H\u00e3y h\u00e0nh \u0111\u1ed9ng"},"content":{"rendered":"","protected":false},"excerpt":{"rendered":"","protected":false},"author":1,"featured_media":0,"parent":0,"menu_order":0,"comment_status":"closed","ping_status":"closed","template":"","meta":{"_acf_changed":false,"_relevanssi_hide_post":"","_relevanssi_hide_content":"","_relevanssi_pin_for_all":"","_relevanssi_pin_keywords":"","_relevanssi_unpin_keywords":"","_relevanssi_related_keywords":"","_relevanssi_related_include_ids":"","_relevanssi_related_exclude_ids":"","_relevanssi_related_no_append":"","_relevanssi_related_not_related":"","_relevanssi_related_posts":"","_relevanssi_noindex_reason":""},"class_list":["post-23","page","type-page","status-publish","hentry"],"acf":{"page_layout":[{"acf_fc_layout":"layout_listing_hero","_acfe_flexible_toggle":"","component_listing_hero":{"content_type":"act","manually_curate":true,"featured_post":["{\"site_id\":\"1\",\"post_type\":\"act\",\"post_id\":56959}"],"sticker":"action"}},{"acf_fc_layout":"layout_featured_action","_acfe_flexible_toggle":"","component_featured_action":{"action_to_show":"latest","image_side":"right","action":["{\"site_id\":\"1\",\"post_type\":\"act\",\"post_id\":54814}"],"title":"\u0110\u1eebng \u0111\u1ec3 nh\u1eefng \u1ee9ng c\u1eed vi\u00ean thua phi\u1ebfu ph\u1ed5 th\u00f4ng gi\u00e0nh chi\u1ebfn th\u1eafng trong cu\u1ed9c b\u1ea7u c\u1eed t\u1ed5ng th\u1ed1ng","summary":"Our democracy shouldn\u2019t give some Americans\u2019 voices more weight than others.","post_link":{"title":"SIGN THE PETITION","url":"https:\/\/www.commoncause.org\/actions\/stop-letting-candidates-who-lose-the-popular-vote-win-the-presidency\/","target":"_blank"},"secondary_link":""}},{"acf_fc_layout":"layout_voting_tools_promo","_acfe_flexible_toggle":"","component_voting_tools_promo":{"title":"Kh\u00e1m ph\u00e1 C\u00f4ng c\u1ee5 b\u1ecf phi\u1ebfu","subtitle":"As Americans, our right to vote is a right and a responsibility.","voting_tools":["{\"site_id\":\"1\",\"post_type\":\"resource\",\"post_id\":17000}","{\"site_id\":\"1\",\"post_type\":\"resource\",\"post_id\":17002}","{\"site_id\":\"1\",\"post_type\":\"resource\",\"post_id\":16031}","{\"site_id\":\"1\",\"post_type\":\"resource\",\"post_id\":17009}","{\"site_id\":\"1\",\"post_type\":\"resource\",\"post_id\":16055}","{\"site_id\":\"1\",\"post_type\":\"resource\",\"post_id\":17005}"],"image":19619}},{"acf_fc_layout":"layout_featured_resource","_acfe_flexible_toggle":"","component_featured_resource":{"manually_curate":true,"resource":["{\"site_id\":\"1\",\"post_type\":\"resource\",\"post_id\":11937}"],"brow_text":"Find Your Representatives","title":"Ai \u0111\u1ea1i di\u1ec7n cho b\u1ea1n?","summary":"Use this free tool to find your representatives, how to contact them, bills they\u2019ve introduced, committees they serve on, and political contributions they\u2019ve received. Enter your full address below to get started.","button_text":"Read Report","link":{"title":"Find Your Representative","url":"https:\/\/www.commoncause.org\/find-your-representative\/","target":""},"image":1355}},{"acf_fc_layout":"layout_actions_listing","_acfe_flexible_toggle":"","component_actions_listing":{"":null}}]},"yoast_head":"<!-- This site is optimized with the Yoast SEO Premium plugin v26.6 (Yoast SEO v27.1.1) - https:\/\/yoast.com\/product\/yoast-seo-premium-wordpress\/ -->\n<title>Take Action - Common Cause Hawaii<\/title>\n<meta name=\"robots\" content=\"index, follow, max-snippet:-1, max-image-preview:large, max-video-preview:-1\" \/>\n<link rel=\"canonical\" href=\"https:\/\/www.commoncause.org\/hawaii\/vi\/hanh-dong-3\/\" \/>\n<meta property=\"og:locale\" content=\"vi_VN\" \/>\n<meta property=\"og:type\" content=\"article\" \/>\n<meta property=\"og:title\" content=\"Take Action\" \/>\n<meta property=\"og:url\" content=\"https:\/\/www.commoncause.org\/hawaii\/vi\/hanh-dong-3\/\" \/>\n<meta property=\"og:site_name\" content=\"Common Cause Hawaii\" \/>\n<meta property=\"og:image\" content=\"https:\/\/www.commoncause.org\/hawaii\/wp-content\/uploads\/2024\/08\/common-cause-share-image.png\" \/>\n\t<meta property=\"og:image:width\" content=\"1200\" \/>\n\t<meta property=\"og:image:height\" content=\"630\" \/>\n\t<meta property=\"og:image:type\" content=\"image\/png\" \/>\n<meta name=\"twitter:card\" content=\"summary_large_image\" \/>\n<script type=\"application\/ld+json\" class=\"yoast-schema-graph\">{\"@context\":\"https:\/\/schema.org\",\"@graph\":[{\"@type\":\"WebPage\",\"@id\":\"https:\/\/www.commoncause.org\/hawaii\/take-action\/\",\"url\":\"https:\/\/www.commoncause.org\/hawaii\/take-action\/\",\"name\":\"Take Action - Common Cause Hawaii\",\"isPartOf\":{\"@id\":\"https:\/\/www.commoncause.org\/hawaii\/#website\"},\"datePublished\":\"2024-05-07T13:48:31+00:00\",\"breadcrumb\":{\"@id\":\"https:\/\/www.commoncause.org\/hawaii\/take-action\/#breadcrumb\"},\"inLanguage\":\"vi\",\"potentialAction\":[{\"@type\":\"ReadAction\",\"target\":[\"https:\/\/www.commoncause.org\/hawaii\/take-action\/\"]}]},{\"@type\":\"BreadcrumbList\",\"@id\":\"https:\/\/www.commoncause.org\/hawaii\/take-action\/#breadcrumb\",\"itemListElement\":[{\"@type\":\"ListItem\",\"position\":1,\"name\":\"Home\",\"item\":\"https:\/\/www.commoncause.org\/hawaii\/\"},{\"@type\":\"ListItem\",\"position\":2,\"name\":\"Take Action\"}]},{\"@type\":\"WebSite\",\"@id\":\"https:\/\/www.commoncause.org\/hawaii\/#website\",\"url\":\"https:\/\/www.commoncause.org\/hawaii\/\",\"name\":\"Common Cause Hawaii\",\"description\":\"\",\"potentialAction\":[{\"@type\":\"SearchAction\",\"target\":{\"@type\":\"EntryPoint\",\"urlTemplate\":\"https:\/\/www.commoncause.org\/hawaii\/?s={search_term_string}\"},\"query-input\":{\"@type\":\"PropertyValueSpecification\",\"valueRequired\":true,\"valueName\":\"search_term_string\"}}],\"inLanguage\":\"vi\"}]}<\/script>\n<!-- \/ Yoast SEO Premium plugin. -->","yoast_head_json":{"title":"H\u00e3y h\u00e0nh \u0111\u1ed9ng - Common Cause Hawaii","robots":{"index":"index","follow":"follow","max-snippet":"max-snippet:-1","max-image-preview":"max-image-preview:large","max-video-preview":"max-video-preview:-1"},"canonical":"https:\/\/www.commoncause.org\/hawaii\/vi\/hanh-dong-3\/","og_locale":"vi_VN","og_type":"article","og_title":"Take Action","og_url":"https:\/\/www.commoncause.org\/hawaii\/vi\/hanh-dong-3\/","og_site_name":"Common Cause Hawaii","og_image":[{"width":1200,"height":630,"url":"https:\/\/www.commoncause.org\/hawaii\/wp-content\/uploads\/2024\/08\/common-cause-share-image.png","type":"image\/png"}],"twitter_card":"summary_large_image","schema":{"@context":"https:\/\/schema.org","@graph":[{"@type":"WebPage","@id":"https:\/\/www.commoncause.org\/hawaii\/take-action\/","url":"https:\/\/www.commoncause.org\/hawaii\/take-action\/","name":"H\u00e3y h\u00e0nh \u0111\u1ed9ng - Common Cause Hawaii","isPartOf":{"@id":"https:\/\/www.commoncause.org\/hawaii\/#website"},"datePublished":"2024-05-07T13:48:31+00:00","breadcrumb":{"@id":"https:\/\/www.commoncause.org\/hawaii\/take-action\/#breadcrumb"},"inLanguage":"vi","potentialAction":[{"@type":"ReadAction","target":["https:\/\/www.commoncause.org\/hawaii\/take-action\/"]}]},{"@type":"BreadcrumbList","@id":"https:\/\/www.commoncause.org\/hawaii\/take-action\/#breadcrumb","itemListElement":[{"@type":"ListItem","position":1,"name":"Home","item":"https:\/\/www.commoncause.org\/hawaii\/"},{"@type":"ListItem","position":2,"name":"Take Action"}]},{"@type":"WebSite","@id":"https:\/\/www.commoncause.org\/hawaii\/#website","url":"https:\/\/www.commoncause.org\/hawaii\/","name":"Nguy\u00ean nh\u00e2n chung Hawaii","description":"","potentialAction":[{"@type":"SearchAction","target":{"@type":"EntryPoint","urlTemplate":"https:\/\/www.commoncause.org\/hawaii\/?s={search_term_string}"},"query-input":{"@type":"PropertyValueSpecification","valueRequired":true,"valueName":"search_term_string"}}],"inLanguage":"vi"}]}},"distributor_meta":false,"distributor_terms":false,"distributor_media":false,"distributor_original_site_name":"Common Cause Hawaii","distributor_original_site_url":"https:\/\/www.commoncause.org\/hawaii\/vi","push-errors":false,"_links":{"self":[{"href":"https:\/\/www.commoncause.org\/hawaii\/vi\/wp-json\/wp\/v2\/pages\/23","targetHints":{"allow":["GET"]}}],"collection":[{"href":"https:\/\/www.commoncause.org\/hawaii\/vi\/wp-json\/wp\/v2\/pages"}],"about":[{"href":"https:\/\/www.commoncause.org\/hawaii\/vi\/wp-json\/wp\/v2\/types\/page"}],"author":[{"embeddable":true,"href":"https:\/\/www.commoncause.org\/hawaii\/vi\/wp-json\/wp\/v2\/users\/1"}],"replies":[{"embeddable":true,"href":"https:\/\/www.commoncause.org\/hawaii\/vi\/wp-json\/wp\/v2\/comments?post=23"}],"version-history":[{"count":64,"href":"https:\/\/www.commoncause.org\/hawaii\/vi\/wp-json\/wp\/v2\/pages\/23\/revisions"}],"predecessor-version":[{"id":1968,"href":"https:\/\/www.commoncause.org\/hawaii\/vi\/wp-json\/wp\/v2\/pages\/23\/revisions\/1968"}],"wp:attachment":[{"href":"https:\/\/www.commoncause.org\/hawaii\/vi\/wp-json\/wp\/v2\/media?parent=23"}],"curies":[{"name":"wp","href":"https:\/\/api.w.org\/{rel}","templated":true}]}}