{"id":22,"date":"2024-05-07T13:47:24","date_gmt":"2024-05-07T13:47:24","guid":{"rendered":"https:\/\/www.commoncause.org\/hawaii\/our-impact\/"},"modified":"2025-03-14T09:34:19","modified_gmt":"2025-03-14T19:34:19","slug":"tac-dong-cua-chung-toi","status":"publish","type":"page","link":"https:\/\/www.commoncause.org\/hawaii\/vi\/our-impact\/","title":{"rendered":"T\u00e1c \u0111\u1ed9ng c\u1ee7a ch\u00fang t\u00f4i"},"content":{"rendered":"","protected":false},"excerpt":{"rendered":"","protected":false},"author":1,"featured_media":0,"parent":0,"menu_order":0,"comment_status":"closed","ping_status":"closed","template":"","meta":{"_acf_changed":false,"_relevanssi_hide_post":"","_relevanssi_hide_content":"","_relevanssi_pin_for_all":"","_relevanssi_pin_keywords":"","_relevanssi_unpin_keywords":"","_relevanssi_related_keywords":"","_relevanssi_related_include_ids":"","_relevanssi_related_exclude_ids":"","_relevanssi_related_no_append":"","_relevanssi_related_not_related":"","_relevanssi_related_posts":"","_relevanssi_noindex_reason":""},"class_list":["post-22","page","type-page","status-publish","hentry"],"acf":{"header":{"component_page_header":{"header_type":"background","title":"T\u00e1c \u0111\u1ed9ng c\u1ee7a ch\u00fang t\u00f4i","lead":"","image":"","subnavigation":false}},"sidebar":{"helper_enable_sidebar":false,"helper_media_contact":{"heading":"","manually_enter_person":false,"person":"","name":"","role":"","phone":"","email":""},"helper_links_downloads":{"heading":"","links":null}},"page_layout":[{"acf_fc_layout":"layout_wysiwyg","_acfe_flexible_toggle":"","component_wysiwyg":{"content":"<h4>Khi t\u1ed5 ch\u1ee9c Common Cause Hawaii h\u00e0nh \u0111\u1ed9ng, ch\u00fang ta s\u1ebd t\u1ea1o ra s\u1ef1 kh\u00e1c bi\u1ec7t th\u1ef1c s\u1ef1 cho n\u1ec1n d\u00e2n ch\u1ee7.<\/h4>\r\nV\u1edbi s\u1ef1 h\u1ed7 tr\u1ee3 c\u1ee7a c\u00e1c th\u00e0nh vi\u00ean t\u1eadn t\u1ee5y, ch\u00fang t\u00f4i \u0111\u00e3 nhi\u1ec1u l\u1ea7n xu\u1ea5t hi\u1ec7n \u0111\u1ec3 b\u1ea3o v\u1ec7 quy\u1ec1n c\u1ee7a c\u01b0 d\u00e2n Hawaii. Ch\u00fang t\u00f4i s\u1ebd ti\u1ebfp t\u1ee5c l\u00e0m cho ch\u00ednh quy\u1ec1n c\u1ee7a ch\u00fang t\u00f4i t\u1ea1i Hawaii tr\u1edf n\u00ean c\u1edfi m\u1edf, trung th\u1ef1c v\u00e0 c\u00f3 tr\u00e1ch nhi\u1ec7m h\u01a1n."}},{"acf_fc_layout":"layout_two_column_text_and_image","_acfe_flexible_toggle":"","component_two_column_text_and_image":{"heading":"Our [highlight]Wins[\/highlight]","columns":[{"image":19405,"title":"Limiting Big Money's Influence in Hawaii","content":"In 2023, after a hard-fought campaign by Common Cause Hawaii and our partners, the legislature passed and the governor signed new legislation to improve our state's campaign finance system. This package of reforms includes stronger lobbying disclosure laws, limits on cash gifts to campaigns, and the creation of a digital voter information guide. We will continue to push for more transparency in Hawaii.","link":""},{"image":19407,"title":"Mobilizing Election Protection Volunteers","content":"Each election year, Common Cause Hawaii mobilizes nonpartisan volunteers across the state to serve as a first line of defense for voters. These volunteers answer voters' questions at their polling places, make sure that voters know their rights, and report any attempts to intimidate or obstruct voters. This program has helped countless Hawaii residents make themselves heard at the ballot box.","link":""}]}},{"acf_fc_layout":"layout_statistics","_acfe_flexible_toggle":"","component_statistics":{"title":"Theo s\u1ed1 li\u1ec7u...","statistics":[{"component_statistic":{"number":"8,000","text":"Members and supporters","source":"People like you power everything that we do for our democracy."}},{"component_statistic":{"number":"5","text":"Counties with Common Cause members","source":"Our supporters live and take action in every corner of our state."}},{"component_statistic":{"number":"25","text":"State organizations in our network","source":"Common Cause is working nationwide on the issues that count."}}]}},{"acf_fc_layout":"layout_banner","_acfe_flexible_toggle":"","component_banner":{"use_donate_banner":true,"title":"Title [highlight]with highlighting[\/highlight] and additional text.","button":null,"image":null}}]},"yoast_head":"<!-- This site is optimized with the Yoast SEO Premium plugin v26.6 (Yoast SEO v27.1.1) - https:\/\/yoast.com\/product\/yoast-seo-premium-wordpress\/ -->\n<title>Our Impact - Common Cause Hawaii<\/title>\n<meta name=\"robots\" content=\"index, follow, max-snippet:-1, max-image-preview:large, max-video-preview:-1\" \/>\n<link rel=\"canonical\" href=\"https:\/\/www.commoncause.org\/hawaii\/vi\/tac-dong-cua-chung-toi\/\" \/>\n<meta property=\"og:locale\" content=\"vi_VN\" \/>\n<meta property=\"og:type\" content=\"article\" \/>\n<meta property=\"og:title\" content=\"Our Impact\" \/>\n<meta property=\"og:url\" content=\"https:\/\/www.commoncause.org\/hawaii\/vi\/tac-dong-cua-chung-toi\/\" \/>\n<meta property=\"og:site_name\" content=\"Common Cause Hawaii\" \/>\n<meta property=\"article:modified_time\" content=\"2025-03-14T19:34:19+00:00\" \/>\n<meta property=\"og:image\" content=\"https:\/\/www.commoncause.org\/hawaii\/wp-content\/uploads\/2024\/08\/common-cause-share-image.png\" \/>\n\t<meta property=\"og:image:width\" content=\"1200\" \/>\n\t<meta property=\"og:image:height\" content=\"630\" \/>\n\t<meta property=\"og:image:type\" content=\"image\/png\" \/>\n<meta name=\"twitter:card\" content=\"summary_large_image\" \/>\n<script type=\"application\/ld+json\" class=\"yoast-schema-graph\">{\"@context\":\"https:\/\/schema.org\",\"@graph\":[{\"@type\":\"WebPage\",\"@id\":\"https:\/\/www.commoncause.org\/hawaii\/our-impact\/\",\"url\":\"https:\/\/www.commoncause.org\/hawaii\/our-impact\/\",\"name\":\"Our Impact - Common Cause Hawaii\",\"isPartOf\":{\"@id\":\"https:\/\/www.commoncause.org\/hawaii\/#website\"},\"datePublished\":\"2024-05-07T13:47:24+00:00\",\"dateModified\":\"2025-03-14T19:34:19+00:00\",\"breadcrumb\":{\"@id\":\"https:\/\/www.commoncause.org\/hawaii\/our-impact\/#breadcrumb\"},\"inLanguage\":\"vi\",\"potentialAction\":[{\"@type\":\"ReadAction\",\"target\":[\"https:\/\/www.commoncause.org\/hawaii\/our-impact\/\"]}]},{\"@type\":\"BreadcrumbList\",\"@id\":\"https:\/\/www.commoncause.org\/hawaii\/our-impact\/#breadcrumb\",\"itemListElement\":[{\"@type\":\"ListItem\",\"position\":1,\"name\":\"Home\",\"item\":\"https:\/\/www.commoncause.org\/hawaii\/\"},{\"@type\":\"ListItem\",\"position\":2,\"name\":\"Our Impact\"}]},{\"@type\":\"WebSite\",\"@id\":\"https:\/\/www.commoncause.org\/hawaii\/#website\",\"url\":\"https:\/\/www.commoncause.org\/hawaii\/\",\"name\":\"Common Cause Hawaii\",\"description\":\"\",\"potentialAction\":[{\"@type\":\"SearchAction\",\"target\":{\"@type\":\"EntryPoint\",\"urlTemplate\":\"https:\/\/www.commoncause.org\/hawaii\/?s={search_term_string}\"},\"query-input\":{\"@type\":\"PropertyValueSpecification\",\"valueRequired\":true,\"valueName\":\"search_term_string\"}}],\"inLanguage\":\"vi\"}]}<\/script>\n<!-- \/ Yoast SEO Premium plugin. -->","yoast_head_json":{"title":"T\u00e1c \u0111\u1ed9ng c\u1ee7a ch\u00fang t\u00f4i - Common Cause Hawaii","robots":{"index":"index","follow":"follow","max-snippet":"max-snippet:-1","max-image-preview":"max-image-preview:large","max-video-preview":"max-video-preview:-1"},"canonical":"https:\/\/www.commoncause.org\/hawaii\/vi\/tac-dong-cua-chung-toi\/","og_locale":"vi_VN","og_type":"article","og_title":"Our Impact","og_url":"https:\/\/www.commoncause.org\/hawaii\/vi\/tac-dong-cua-chung-toi\/","og_site_name":"Common Cause Hawaii","article_modified_time":"2025-03-14T19:34:19+00:00","og_image":[{"width":1200,"height":630,"url":"https:\/\/www.commoncause.org\/hawaii\/wp-content\/uploads\/2024\/08\/common-cause-share-image.png","type":"image\/png"}],"twitter_card":"summary_large_image","schema":{"@context":"https:\/\/schema.org","@graph":[{"@type":"WebPage","@id":"https:\/\/www.commoncause.org\/hawaii\/our-impact\/","url":"https:\/\/www.commoncause.org\/hawaii\/our-impact\/","name":"T\u00e1c \u0111\u1ed9ng c\u1ee7a ch\u00fang t\u00f4i - Common Cause Hawaii","isPartOf":{"@id":"https:\/\/www.commoncause.org\/hawaii\/#website"},"datePublished":"2024-05-07T13:47:24+00:00","dateModified":"2025-03-14T19:34:19+00:00","breadcrumb":{"@id":"https:\/\/www.commoncause.org\/hawaii\/our-impact\/#breadcrumb"},"inLanguage":"vi","potentialAction":[{"@type":"ReadAction","target":["https:\/\/www.commoncause.org\/hawaii\/our-impact\/"]}]},{"@type":"BreadcrumbList","@id":"https:\/\/www.commoncause.org\/hawaii\/our-impact\/#breadcrumb","itemListElement":[{"@type":"ListItem","position":1,"name":"Home","item":"https:\/\/www.commoncause.org\/hawaii\/"},{"@type":"ListItem","position":2,"name":"Our Impact"}]},{"@type":"WebSite","@id":"https:\/\/www.commoncause.org\/hawaii\/#website","url":"https:\/\/www.commoncause.org\/hawaii\/","name":"Nguy\u00ean nh\u00e2n chung Hawaii","description":"","potentialAction":[{"@type":"SearchAction","target":{"@type":"EntryPoint","urlTemplate":"https:\/\/www.commoncause.org\/hawaii\/?s={search_term_string}"},"query-input":{"@type":"PropertyValueSpecification","valueRequired":true,"valueName":"search_term_string"}}],"inLanguage":"vi"}]}},"distributor_meta":false,"distributor_terms":false,"distributor_media":false,"distributor_original_site_name":"Common Cause Hawaii","distributor_original_site_url":"https:\/\/www.commoncause.org\/hawaii\/vi","push-errors":false,"_links":{"self":[{"href":"https:\/\/www.commoncause.org\/hawaii\/vi\/wp-json\/wp\/v2\/pages\/22","targetHints":{"allow":["GET"]}}],"collection":[{"href":"https:\/\/www.commoncause.org\/hawaii\/vi\/wp-json\/wp\/v2\/pages"}],"about":[{"href":"https:\/\/www.commoncause.org\/hawaii\/vi\/wp-json\/wp\/v2\/types\/page"}],"author":[{"embeddable":true,"href":"https:\/\/www.commoncause.org\/hawaii\/vi\/wp-json\/wp\/v2\/users\/1"}],"replies":[{"embeddable":true,"href":"https:\/\/www.commoncause.org\/hawaii\/vi\/wp-json\/wp\/v2\/comments?post=22"}],"version-history":[{"count":20,"href":"https:\/\/www.commoncause.org\/hawaii\/vi\/wp-json\/wp\/v2\/pages\/22\/revisions"}],"predecessor-version":[{"id":1672,"href":"https:\/\/www.commoncause.org\/hawaii\/vi\/wp-json\/wp\/v2\/pages\/22\/revisions\/1672"}],"wp:attachment":[{"href":"https:\/\/www.commoncause.org\/hawaii\/vi\/wp-json\/wp\/v2\/media?parent=22"}],"curies":[{"name":"wp","href":"https:\/\/api.w.org\/{rel}","templated":true}]}}