{"id":20,"date":"2024-05-07T13:45:34","date_gmt":"2024-05-07T13:45:34","guid":{"rendered":"https:\/\/www.commoncause.org\/georgia\/about-us\/"},"modified":"2026-01-26T19:14:24","modified_gmt":"2026-01-27T00:14:24","slug":"a-propos-de-nous","status":"publish","type":"page","link":"https:\/\/www.commoncause.org\/georgia\/fr\/about-us\/","title":{"rendered":"\u00c0 propos de nous"},"content":{"rendered":"","protected":false},"excerpt":{"rendered":"","protected":false},"author":2,"featured_media":0,"parent":0,"menu_order":0,"comment_status":"closed","ping_status":"closed","template":"","meta":{"_acf_changed":false,"_relevanssi_hide_post":"","_relevanssi_hide_content":"","_relevanssi_pin_for_all":"","_relevanssi_pin_keywords":"","_relevanssi_unpin_keywords":"","_relevanssi_related_keywords":"","_relevanssi_related_include_ids":"","_relevanssi_related_exclude_ids":"","_relevanssi_related_no_append":"","_relevanssi_related_not_related":"","_relevanssi_related_posts":"","_relevanssi_noindex_reason":""},"class_list":["post-20","page","type-page","status-publish","hentry"],"acf":{"header":{"component_page_header":{"header_type":"default","title":"","lead":"","image":"","subnavigation":true}},"sidebar":{"helper_enable_sidebar":false,"helper_media_contact":{"heading":"","manually_enter_person":false,"person":"","name":"","role":"","phone":"","email":""},"helper_links_downloads":{"heading":"","links":null}},"page_layout":[{"acf_fc_layout":"layout_wysiwyg","_acfe_flexible_toggle":null,"component_wysiwyg":{"content":"<table>\r\n<tbody>\r\n<tr>\r\n<td><strong>Common Cause Georgia et nos membres se battent pour la d\u00e9mocratie que nous m\u00e9ritons.<\/strong><\/td>\r\n<\/tr>\r\n<\/tbody>\r\n<\/table>\r\n<span style=\"font-weight: 400;\">Nous mettons notre expertise politique reconnue, notre r\u00e9seau de sympathisants et notre approche non partisane au service de notre d\u00e9mocratie face aux d\u00e9fis actuels. Nous travaillons dans toute la G\u00e9orgie sur des priorit\u00e9s qui impactent nos vies, comme la d\u00e9fense du droit de vote, la responsabilisation de notre gouvernement, la promotion de la transparence, et bien plus encore.<\/span>\r\n\r\n<span style=\"font-weight: 400;\">En nous rassemblant, nous pouvons faire une diff\u00e9rence r\u00e9elle et durable. Agir avec Common Cause Georgia, c&#039;est rejoindre un puissant mouvement en faveur d&#039;une d\u00e9mocratie qui donne \u00e0 tous les G\u00e9orgiens leur mot \u00e0 dire dans les d\u00e9cisions qui fa\u00e7onnent notre avenir.<\/span>\r\n\r\n&nbsp;\r\n\r\n&nbsp;"}},{"acf_fc_layout":"layout_two_column_text_and_image","_acfe_flexible_toggle":null,"component_two_column_text_and_image":{"heading":"","columns":[{"image":"","title":"Our Impact","content":"Common Cause Georgia knows how to win reforms that reach every corner of our state. We lead the most important fights for our democracy, no matter where they take place. Learn more about some of our key victories, and how you can play a meaningful role in the fight for an open, honest, and accountable government.","link":{"title":"Discover Our Impact","url":"https:\/\/www.commoncause.org\/our-impact\/","target":""}},{"image":"","title":"Our Team","content":"The staff at Common Cause Georgia work day in and day out in defense of transparency, fairness, and the right to be heard in our democracy. Our expertise and creativity drive all of the crucial work we do for Georgians. Get to know us, get connected, and reach out with questions about Common Cause Georgia's latest efforts.","link":{"title":"About Us","url":"https:\/\/www.commoncause.org\/georgia\/about-us\/","target":""}}]}},{"acf_fc_layout":"component_people_listing","_acfe_flexible_toggle":null,"component_people_listing":{"heading":"Meet the CCGA Staff!","people":["{\"site_id\":\"46\",\"post_type\":\"person\",\"post_id\":691}","{\"site_id\":\"46\",\"post_type\":\"person\",\"post_id\":689}","{\"site_id\":\"46\",\"post_type\":\"person\",\"post_id\":2008}","{\"site_id\":\"46\",\"post_type\":\"person\",\"post_id\":683}","{\"site_id\":\"46\",\"post_type\":\"person\",\"post_id\":159}"]}},{"acf_fc_layout":"layout_banner","_acfe_flexible_toggle":null,"component_banner":{"use_donate_banner":false,"title":"Votre soutien nous permet de continuer \u00e0 lutter pour une meilleure d\u00e9mocratie ici en G\u00e9orgie.","button":{"title":"Make a Contribution","url":"https:\/\/www.commoncause.org\/georgia\/donate\/","target":""},"image":""}}]},"yoast_head":"<!-- This site is optimized with the Yoast SEO Premium plugin v26.6 (Yoast SEO v27.1.1) - https:\/\/yoast.com\/product\/yoast-seo-premium-wordpress\/ -->\n<title>About Us - Common Cause Georgia<\/title>\n<meta name=\"robots\" content=\"index, follow, max-snippet:-1, max-image-preview:large, max-video-preview:-1\" \/>\n<link rel=\"canonical\" href=\"https:\/\/www.commoncause.org\/georgia\/fr\/a-propos-de-nous\/\" \/>\n<meta property=\"og:locale\" content=\"fr_FR\" \/>\n<meta property=\"og:type\" content=\"article\" \/>\n<meta property=\"og:title\" content=\"About Us\" \/>\n<meta property=\"og:url\" content=\"https:\/\/www.commoncause.org\/georgia\/fr\/a-propos-de-nous\/\" \/>\n<meta property=\"og:site_name\" content=\"Common Cause Georgia\" \/>\n<meta property=\"article:modified_time\" content=\"2026-01-27T00:14:24+00:00\" \/>\n<meta property=\"og:image\" content=\"https:\/\/www.commoncause.org\/georgia\/wp-content\/uploads\/2024\/08\/common-cause-share-image.png\" \/>\n\t<meta property=\"og:image:width\" content=\"1200\" \/>\n\t<meta property=\"og:image:height\" content=\"630\" \/>\n\t<meta property=\"og:image:type\" content=\"image\/png\" \/>\n<meta name=\"twitter:card\" content=\"summary_large_image\" \/>\n<script type=\"application\/ld+json\" class=\"yoast-schema-graph\">{\"@context\":\"https:\/\/schema.org\",\"@graph\":[{\"@type\":\"WebPage\",\"@id\":\"https:\/\/www.commoncause.org\/georgia\/about-us\/\",\"url\":\"https:\/\/www.commoncause.org\/georgia\/about-us\/\",\"name\":\"About Us - Common Cause Georgia\",\"isPartOf\":{\"@id\":\"https:\/\/www.commoncause.org\/georgia\/#website\"},\"datePublished\":\"2024-05-07T13:45:34+00:00\",\"dateModified\":\"2026-01-27T00:14:24+00:00\",\"breadcrumb\":{\"@id\":\"https:\/\/www.commoncause.org\/georgia\/about-us\/#breadcrumb\"},\"inLanguage\":\"fr-FR\",\"potentialAction\":[{\"@type\":\"ReadAction\",\"target\":[\"https:\/\/www.commoncause.org\/georgia\/about-us\/\"]}]},{\"@type\":\"BreadcrumbList\",\"@id\":\"https:\/\/www.commoncause.org\/georgia\/about-us\/#breadcrumb\",\"itemListElement\":[{\"@type\":\"ListItem\",\"position\":1,\"name\":\"Home\",\"item\":\"https:\/\/www.commoncause.org\/georgia\/\"},{\"@type\":\"ListItem\",\"position\":2,\"name\":\"About Us\"}]},{\"@type\":\"WebSite\",\"@id\":\"https:\/\/www.commoncause.org\/georgia\/#website\",\"url\":\"https:\/\/www.commoncause.org\/georgia\/\",\"name\":\"Common Cause Georgia\",\"description\":\"\",\"potentialAction\":[{\"@type\":\"SearchAction\",\"target\":{\"@type\":\"EntryPoint\",\"urlTemplate\":\"https:\/\/www.commoncause.org\/georgia\/?s={search_term_string}\"},\"query-input\":{\"@type\":\"PropertyValueSpecification\",\"valueRequired\":true,\"valueName\":\"search_term_string\"}}],\"inLanguage\":\"fr-FR\"}]}<\/script>\n<!-- \/ Yoast SEO Premium plugin. -->","yoast_head_json":{"title":"\u00c0 propos de nous - Common Cause Georgia","robots":{"index":"index","follow":"follow","max-snippet":"max-snippet:-1","max-image-preview":"max-image-preview:large","max-video-preview":"max-video-preview:-1"},"canonical":"https:\/\/www.commoncause.org\/georgia\/fr\/a-propos-de-nous\/","og_locale":"fr_FR","og_type":"article","og_title":"About Us","og_url":"https:\/\/www.commoncause.org\/georgia\/fr\/a-propos-de-nous\/","og_site_name":"Common Cause Georgia","article_modified_time":"2026-01-27T00:14:24+00:00","og_image":[{"width":1200,"height":630,"url":"https:\/\/www.commoncause.org\/georgia\/wp-content\/uploads\/2024\/08\/common-cause-share-image.png","type":"image\/png"}],"twitter_card":"summary_large_image","schema":{"@context":"https:\/\/schema.org","@graph":[{"@type":"WebPage","@id":"https:\/\/www.commoncause.org\/georgia\/about-us\/","url":"https:\/\/www.commoncause.org\/georgia\/about-us\/","name":"\u00c0 propos de nous - Common Cause Georgia","isPartOf":{"@id":"https:\/\/www.commoncause.org\/georgia\/#website"},"datePublished":"2024-05-07T13:45:34+00:00","dateModified":"2026-01-27T00:14:24+00:00","breadcrumb":{"@id":"https:\/\/www.commoncause.org\/georgia\/about-us\/#breadcrumb"},"inLanguage":"fr-FR","potentialAction":[{"@type":"ReadAction","target":["https:\/\/www.commoncause.org\/georgia\/about-us\/"]}]},{"@type":"BreadcrumbList","@id":"https:\/\/www.commoncause.org\/georgia\/about-us\/#breadcrumb","itemListElement":[{"@type":"ListItem","position":1,"name":"Home","item":"https:\/\/www.commoncause.org\/georgia\/"},{"@type":"ListItem","position":2,"name":"About Us"}]},{"@type":"WebSite","@id":"https:\/\/www.commoncause.org\/georgia\/#website","url":"https:\/\/www.commoncause.org\/georgia\/","name":"Cause commune G\u00e9orgie","description":"","potentialAction":[{"@type":"SearchAction","target":{"@type":"EntryPoint","urlTemplate":"https:\/\/www.commoncause.org\/georgia\/?s={search_term_string}"},"query-input":{"@type":"PropertyValueSpecification","valueRequired":true,"valueName":"search_term_string"}}],"inLanguage":"fr-FR"}]}},"distributor_meta":false,"distributor_terms":false,"distributor_media":false,"distributor_original_site_name":"Common Cause Georgia","distributor_original_site_url":"https:\/\/www.commoncause.org\/georgia\/fr","push-errors":false,"_links":{"self":[{"href":"https:\/\/www.commoncause.org\/georgia\/fr\/wp-json\/wp\/v2\/pages\/20","targetHints":{"allow":["GET"]}}],"collection":[{"href":"https:\/\/www.commoncause.org\/georgia\/fr\/wp-json\/wp\/v2\/pages"}],"about":[{"href":"https:\/\/www.commoncause.org\/georgia\/fr\/wp-json\/wp\/v2\/types\/page"}],"author":[{"embeddable":true,"href":"https:\/\/www.commoncause.org\/georgia\/fr\/wp-json\/wp\/v2\/users\/2"}],"replies":[{"embeddable":true,"href":"https:\/\/www.commoncause.org\/georgia\/fr\/wp-json\/wp\/v2\/comments?post=20"}],"version-history":[{"count":14,"href":"https:\/\/www.commoncause.org\/georgia\/fr\/wp-json\/wp\/v2\/pages\/20\/revisions"}],"predecessor-version":[{"id":2021,"href":"https:\/\/www.commoncause.org\/georgia\/fr\/wp-json\/wp\/v2\/pages\/20\/revisions\/2021"}],"wp:attachment":[{"href":"https:\/\/www.commoncause.org\/georgia\/fr\/wp-json\/wp\/v2\/media?parent=20"}],"curies":[{"name":"wp","href":"https:\/\/api.w.org\/{rel}","templated":true}]}}