{"id":706,"date":"2024-03-29T12:24:02","date_gmt":"2024-03-29T16:24:02","guid":{"rendered":"http:\/\/www.commoncause.org\/?page_id=706"},"modified":"2025-08-13T03:17:11","modified_gmt":"2025-08-13T07:17:11","slug":"presse","status":"publish","type":"page","link":"https:\/\/www.commoncause.org\/fr\/about-us\/press\/","title":{"rendered":"Presse"},"content":{"rendered":"","protected":false},"excerpt":{"rendered":"","protected":false},"author":2,"featured_media":0,"parent":696,"menu_order":0,"comment_status":"closed","ping_status":"closed","template":"","meta":{"_acf_changed":false,"_relevanssi_hide_post":"","_relevanssi_hide_content":"","_relevanssi_pin_for_all":"","_relevanssi_pin_keywords":"","_relevanssi_unpin_keywords":"","_relevanssi_related_keywords":"","_relevanssi_related_include_ids":"","_relevanssi_related_exclude_ids":"","_relevanssi_related_no_append":"","_relevanssi_related_not_related":"","_relevanssi_related_posts":"","_relevanssi_noindex_reason":""},"class_list":["post-706","page","type-page","status-publish","hentry"],"acf":{"page_layout":[{"acf_fc_layout":"layout_listing_hero","_acfe_flexible_toggle":"","component_listing_hero":{"content_type":"press","manually_curate":false,"featured_post":["{\"site_id\":\"1\",\"post_type\":\"press\",\"post_id\":16068}"],"sticker":"press"}},{"acf_fc_layout":"layout_media_press_contacts","_acfe_flexible_toggle":"","component_media_press_contacts":{"media_enable":true,"media_title":"Media Contacts","media_contacts":[{"name":"Katie Scally","title":"Communications Director","email":"kscally@commoncause.org","phone":"202-736-5713"},{"name":"Ariana Marmolejo","title":"Communications Strategist","email":"amarmolejo@commoncause.org","phone":""},{"name":"Kenny Colston","title":"Regional Communications Strategist (Midwest)","email":"kcolston@commoncause.org","phone":""},{"name":"Maya Majikas","title":"Communications Strategist","email":"mmajikas@commoncause.org","phone":""}],"content":"Common Cause's network of national and state democracy reform experts are frequent media commentators. To talk with one of our experts, please reach out to any member of the press team above.","press_enable":false,"press_title":"Press Contacts","press_contacts":[8376,7806]}},{"acf_fc_layout":"layout_latest_listing","_acfe_flexible_toggle":"","component_latest_listing":{"post_types":["press"],"filters":["issue_tax","state","press_type","work_type"],"show_search":true,"show_date_filter":true,"posts_per_page":"12"}}]},"yoast_head":"<!-- This site is optimized with the Yoast SEO Premium plugin v26.6 (Yoast SEO v27.1.1) - https:\/\/yoast.com\/product\/yoast-seo-premium-wordpress\/ -->\n<title>Press - Common Cause<\/title>\n<meta name=\"description\" content=\"Stay updated with our latest press releases, news, and media highlights. Explore how we&#039;re making an impact on democracy nationwide.\" \/>\n<meta name=\"robots\" content=\"index, follow, max-snippet:-1, max-image-preview:large, max-video-preview:-1\" \/>\n<link rel=\"canonical\" href=\"https:\/\/www.commoncause.org\/fr\/a-propos-de-nous\/presse\/\" \/>\n<meta property=\"og:locale\" content=\"fr_FR\" \/>\n<meta property=\"og:type\" content=\"article\" \/>\n<meta property=\"og:title\" content=\"Press\" \/>\n<meta property=\"og:description\" content=\"Stay updated with our latest press releases, news, and media highlights. Explore how we&#039;re making an impact on democracy nationwide.\" \/>\n<meta property=\"og:url\" content=\"https:\/\/www.commoncause.org\/fr\/a-propos-de-nous\/presse\/\" \/>\n<meta property=\"og:site_name\" content=\"Common Cause\" \/>\n<meta property=\"article:publisher\" content=\"https:\/\/www.facebook.com\/CommonCause\" \/>\n<meta property=\"article:modified_time\" content=\"2025-08-13T07:17:11+00:00\" \/>\n<meta property=\"og:image\" content=\"https:\/\/www.commoncause.org\/wp-content\/uploads\/2024\/10\/CC-Share-Graphic-Main9.jpg\" \/>\n\t<meta property=\"og:image:width\" content=\"1200\" \/>\n\t<meta property=\"og:image:height\" content=\"630\" \/>\n\t<meta property=\"og:image:type\" content=\"image\/jpeg\" \/>\n<meta name=\"twitter:card\" content=\"summary_large_image\" \/>\n<meta name=\"twitter:site\" content=\"@CommonCause\" \/>\n<script type=\"application\/ld+json\" class=\"yoast-schema-graph\">{\"@context\":\"https:\/\/schema.org\",\"@graph\":[{\"@type\":\"WebPage\",\"@id\":\"https:\/\/www.commoncause.org\/about-us\/press\/\",\"url\":\"https:\/\/www.commoncause.org\/about-us\/press\/\",\"name\":\"Press - Common Cause\",\"isPartOf\":{\"@id\":\"https:\/\/www.commoncause.org\/#website\"},\"datePublished\":\"2024-03-29T16:24:02+00:00\",\"dateModified\":\"2025-08-13T07:17:11+00:00\",\"description\":\"Stay updated with our latest press releases, news, and media highlights. Explore how we're making an impact on democracy nationwide.\",\"breadcrumb\":{\"@id\":\"https:\/\/www.commoncause.org\/about-us\/press\/#breadcrumb\"},\"inLanguage\":\"fr-FR\",\"potentialAction\":[{\"@type\":\"ReadAction\",\"target\":[\"https:\/\/www.commoncause.org\/about-us\/press\/\"]}]},{\"@type\":\"BreadcrumbList\",\"@id\":\"https:\/\/www.commoncause.org\/about-us\/press\/#breadcrumb\",\"itemListElement\":[{\"@type\":\"ListItem\",\"position\":1,\"name\":\"Home\",\"item\":\"https:\/\/www.commoncause.org\/\"},{\"@type\":\"ListItem\",\"position\":2,\"name\":\"About Us\",\"item\":\"https:\/\/www.commoncause.org\/about-us\/\"},{\"@type\":\"ListItem\",\"position\":3,\"name\":\"Press\"}]},{\"@type\":\"WebSite\",\"@id\":\"https:\/\/www.commoncause.org\/#website\",\"url\":\"https:\/\/www.commoncause.org\/\",\"name\":\"Common Cause\",\"description\":\"\",\"publisher\":{\"@id\":\"https:\/\/www.commoncause.org\/#organization\"},\"potentialAction\":[{\"@type\":\"SearchAction\",\"target\":{\"@type\":\"EntryPoint\",\"urlTemplate\":\"https:\/\/www.commoncause.org\/?s={search_term_string}\"},\"query-input\":{\"@type\":\"PropertyValueSpecification\",\"valueRequired\":true,\"valueName\":\"search_term_string\"}}],\"inLanguage\":\"fr-FR\"},{\"@type\":\"Organization\",\"@id\":\"https:\/\/www.commoncause.org\/#organization\",\"name\":\"Common Cause\",\"url\":\"https:\/\/www.commoncause.org\/\",\"logo\":{\"@type\":\"ImageObject\",\"inLanguage\":\"fr-FR\",\"@id\":\"https:\/\/www.commoncause.org\/#\/schema\/logo\/image\/\",\"url\":\"https:\/\/www.commoncause.org\/wp-content\/uploads\/2024\/05\/Common-Cause-Logo.png\",\"contentUrl\":\"https:\/\/www.commoncause.org\/wp-content\/uploads\/2024\/05\/Common-Cause-Logo.png\",\"width\":2066,\"height\":331,\"caption\":\"Common Cause\"},\"image\":{\"@id\":\"https:\/\/www.commoncause.org\/#\/schema\/logo\/image\/\"},\"sameAs\":[\"https:\/\/www.facebook.com\/CommonCause\",\"https:\/\/x.com\/CommonCause\",\"https:\/\/www.instagram.com\/ourcommoncause\/\"]}]}<\/script>\n<!-- \/ Yoast SEO Premium plugin. -->","yoast_head_json":{"title":"Presse \u2013 Cause commune","description":"Restez inform\u00e9s de nos derniers communiqu\u00e9s de presse, actualit\u00e9s et faits marquants dans les m\u00e9dias. D\u00e9couvrez comment nous avons un impact sur la d\u00e9mocratie \u00e0 l&#039;\u00e9chelle nationale.","robots":{"index":"index","follow":"follow","max-snippet":"max-snippet:-1","max-image-preview":"max-image-preview:large","max-video-preview":"max-video-preview:-1"},"canonical":"https:\/\/www.commoncause.org\/fr\/a-propos-de-nous\/presse\/","og_locale":"fr_FR","og_type":"article","og_title":"Press","og_description":"Stay updated with our latest press releases, news, and media highlights. Explore how we're making an impact on democracy nationwide.","og_url":"https:\/\/www.commoncause.org\/fr\/a-propos-de-nous\/presse\/","og_site_name":"Common Cause","article_publisher":"https:\/\/www.facebook.com\/CommonCause","article_modified_time":"2025-08-13T07:17:11+00:00","og_image":[{"width":1200,"height":630,"url":"https:\/\/www.commoncause.org\/wp-content\/uploads\/2024\/10\/CC-Share-Graphic-Main9.jpg","type":"image\/jpeg"}],"twitter_card":"summary_large_image","twitter_site":"@CommonCause","schema":{"@context":"https:\/\/schema.org","@graph":[{"@type":"WebPage","@id":"https:\/\/www.commoncause.org\/about-us\/press\/","url":"https:\/\/www.commoncause.org\/about-us\/press\/","name":"Presse \u2013 Cause commune","isPartOf":{"@id":"https:\/\/www.commoncause.org\/#website"},"datePublished":"2024-03-29T16:24:02+00:00","dateModified":"2025-08-13T07:17:11+00:00","description":"Restez inform\u00e9s de nos derniers communiqu\u00e9s de presse, actualit\u00e9s et faits marquants dans les m\u00e9dias. D\u00e9couvrez comment nous avons un impact sur la d\u00e9mocratie \u00e0 l&#039;\u00e9chelle nationale.","breadcrumb":{"@id":"https:\/\/www.commoncause.org\/about-us\/press\/#breadcrumb"},"inLanguage":"fr-FR","potentialAction":[{"@type":"ReadAction","target":["https:\/\/www.commoncause.org\/about-us\/press\/"]}]},{"@type":"BreadcrumbList","@id":"https:\/\/www.commoncause.org\/about-us\/press\/#breadcrumb","itemListElement":[{"@type":"ListItem","position":1,"name":"Home","item":"https:\/\/www.commoncause.org\/"},{"@type":"ListItem","position":2,"name":"About Us","item":"https:\/\/www.commoncause.org\/about-us\/"},{"@type":"ListItem","position":3,"name":"Press"}]},{"@type":"WebSite","@id":"https:\/\/www.commoncause.org\/#website","url":"https:\/\/www.commoncause.org\/","name":"Cause commune","description":"","publisher":{"@id":"https:\/\/www.commoncause.org\/#organization"},"potentialAction":[{"@type":"SearchAction","target":{"@type":"EntryPoint","urlTemplate":"https:\/\/www.commoncause.org\/?s={search_term_string}"},"query-input":{"@type":"PropertyValueSpecification","valueRequired":true,"valueName":"search_term_string"}}],"inLanguage":"fr-FR"},{"@type":"Organization","@id":"https:\/\/www.commoncause.org\/#organization","name":"Cause commune","url":"https:\/\/www.commoncause.org\/","logo":{"@type":"ImageObject","inLanguage":"fr-FR","@id":"https:\/\/www.commoncause.org\/#\/schema\/logo\/image\/","url":"https:\/\/www.commoncause.org\/wp-content\/uploads\/2024\/05\/Common-Cause-Logo.png","contentUrl":"https:\/\/www.commoncause.org\/wp-content\/uploads\/2024\/05\/Common-Cause-Logo.png","width":2066,"height":331,"caption":"Common Cause"},"image":{"@id":"https:\/\/www.commoncause.org\/#\/schema\/logo\/image\/"},"sameAs":["https:\/\/www.facebook.com\/CommonCause","https:\/\/x.com\/CommonCause","https:\/\/www.instagram.com\/ourcommoncause\/"]}]}},"distributor_meta":false,"distributor_terms":false,"distributor_media":false,"distributor_original_site_name":"Common Cause","distributor_original_site_url":"https:\/\/www.commoncause.org\/fr","push-errors":false,"_links":{"self":[{"href":"https:\/\/www.commoncause.org\/fr\/wp-json\/wp\/v2\/pages\/706","targetHints":{"allow":["GET"]}}],"collection":[{"href":"https:\/\/www.commoncause.org\/fr\/wp-json\/wp\/v2\/pages"}],"about":[{"href":"https:\/\/www.commoncause.org\/fr\/wp-json\/wp\/v2\/types\/page"}],"author":[{"embeddable":true,"href":"https:\/\/www.commoncause.org\/fr\/wp-json\/wp\/v2\/users\/2"}],"replies":[{"embeddable":true,"href":"https:\/\/www.commoncause.org\/fr\/wp-json\/wp\/v2\/comments?post=706"}],"version-history":[{"count":17,"href":"https:\/\/www.commoncause.org\/fr\/wp-json\/wp\/v2\/pages\/706\/revisions"}],"predecessor-version":[{"id":45751,"href":"https:\/\/www.commoncause.org\/fr\/wp-json\/wp\/v2\/pages\/706\/revisions\/45751"}],"up":[{"embeddable":true,"href":"https:\/\/www.commoncause.org\/fr\/wp-json\/wp\/v2\/pages\/696"}],"wp:attachment":[{"href":"https:\/\/www.commoncause.org\/fr\/wp-json\/wp\/v2\/media?parent=706"}],"curies":[{"name":"wp","href":"https:\/\/api.w.org\/{rel}","templated":true}]}}