{"id":23750,"date":"2024-10-18T16:30:23","date_gmt":"2024-10-18T20:30:23","guid":{"rendered":"https:\/\/www.commoncause.org\/?page_id=23750"},"modified":"2024-10-30T16:50:51","modified_gmt":"2024-10-30T20:50:51","slug":"fonds-deducation-pour-une-cause-commune","status":"publish","type":"page","link":"https:\/\/www.commoncause.org\/fr\/about-us\/common-cause-education-fund\/","title":{"rendered":"Fonds d&#039;\u00e9ducation pour une cause commune"},"content":{"rendered":"","protected":false},"excerpt":{"rendered":"","protected":false},"author":35,"featured_media":0,"parent":696,"menu_order":0,"comment_status":"closed","ping_status":"closed","template":"","meta":{"_acf_changed":false,"_relevanssi_hide_post":"","_relevanssi_hide_content":"","_relevanssi_pin_for_all":"","_relevanssi_pin_keywords":"","_relevanssi_unpin_keywords":"","_relevanssi_related_keywords":"","_relevanssi_related_include_ids":"","_relevanssi_related_exclude_ids":"","_relevanssi_related_no_append":"","_relevanssi_related_not_related":"","_relevanssi_related_posts":"","_relevanssi_noindex_reason":""},"class_list":["post-23750","page","type-page","status-publish","hentry"],"acf":{"header":{"component_page_header":{"header_type":"default","title":"","lead":"","image":23977,"subnavigation":false}},"sidebar":{"helper_enable_sidebar":false,"helper_media_contact":{"heading":"Media Contact","manually_enter_person":false,"person":"","name":"","role":"","phone":"","email":""},"helper_links_downloads":{"heading":"Links & Downloads","links":null}},"page_layout":[{"acf_fc_layout":"layout_wysiwyg","_acfe_flexible_toggle":"","component_wysiwyg":{"content":"<p style=\"font-weight: 400;\">Common Cause Education Fund exploite le pouvoir de la philanthropie pour cr\u00e9er une d\u00e9mocratie v\u00e9ritablement repr\u00e9sentative qui r\u00e9pond au peuple, et non aux puissants. En utilisant la recherche, l&#039;\u00e9ducation publique, l&#039;engagement citoyen, l&#039;\u00e9laboration de politiques et les litiges, nous faisons progresser les efforts nationaux, \u00e9tatiques et locaux pour renforcer notre d\u00e9mocratie.<\/p>\r\n<p style=\"font-weight: 400;\">Common Cause Education Fund est fier d&#039;avoir obtenu la note parfaite de quatre \u00e9toiles de Charity Navigator et le sceau d&#039;or de transparence de Guidestar. Notre num\u00e9ro d&#039;identification fiscale est <strong>31-1705370.\u00a0<\/strong><\/p>\r\n<a href=\"https:\/\/www.commoncause.org\/fr\/faire-un-don\/fonds-pour-leducation\/\">Cliquez ici pour faire une contribution au Fonds d&#039;\u00e9ducation Common Cause<\/a>\r\n\r\n<img class=\"aligncenter wp-image-23938 size-full\" src=\"https:\/\/www.commoncause.org\/wp-content\/uploads\/2024\/10\/Untitled-design-11.png\" alt=\"\" width=\"500\" height=\"300\" \/>\r\n<p style=\"font-weight: 400;\"><strong>EN QUOI LE FONDS D&#039;\u00c9DUCATION COMMON CAUSE EST-IL DIFF\u00c9RENT DE COMMON CAUSE ?<\/strong><\/p>\r\n<p style=\"font-weight: 400;\">Common Cause a \u00e9t\u00e9 fond\u00e9e en 1970 pour \u00eatre un groupe de pression populaire non partisan en faveur de la d\u00e9mocratie. Un \u00e9l\u00e9ment essentiel de cette mission est de d\u00e9fendre les lois et les politiques visant \u00e0 construire une d\u00e9mocratie plus forte pour tous. \u00c9tant donn\u00e9 que Common Cause fait du lobbying au nom de l&#039;int\u00e9r\u00eat public dans les assembl\u00e9es l\u00e9gislatives des \u00c9tats, au Congr\u00e8s et sur les initiatives de vote, elle est enregistr\u00e9e comme organisation \u00e0 but non lucratif 501(c)4 aupr\u00e8s de l&#039;IRS et les contributions \u00e0 l&#039;organisation ne sont pas d\u00e9ductibles des imp\u00f4ts.<\/p>\r\n<p style=\"font-weight: 400;\">Common Cause Education Fund a \u00e9t\u00e9 fond\u00e9e en 2000 en tant qu&#039;organisation caritative affili\u00e9e 501(c)3 et partage son personnel et ses bureaux avec Common Cause. Common Cause Education Fund ne peut mener qu&#039;une activit\u00e9 de lobbying limit\u00e9e, mais utilise de nombreux autres outils pour faire progresser la r\u00e9forme d\u00e9mocratique, notamment la recherche, l&#039;\u00e9ducation publique, les litiges et la protection des \u00e9lecteurs. Les contributions au Common Cause Education Fund sont enti\u00e8rement d\u00e9ductibles des imp\u00f4ts. Notre num\u00e9ro d&#039;identification fiscale est le 31-1705370.<\/p>\r\n<p style=\"font-weight: 400;\"><strong>DEUX ORGANISATIONS. UNE MISSION PARTAG\u00c9E.<\/strong><\/p>\r\n<p style=\"font-weight: 400;\">Tout comme Common Cause, Common Cause Education Fund est un moteur de changement port\u00e9 par le peuple, avec 1,5 million de membres et de sympathisants originaires des cinquante \u00c9tats. Nos 25 bureaux d\u2019\u00c9tat sont dirig\u00e9s par des organisateurs, des avocats et des experts sur le terrain, qui fusionnent le travail d\u00e9mocratique local, \u00e9tatique et f\u00e9d\u00e9ral et obtiennent des r\u00e9sultats positifs. Nous sommes une organisation non partisane et populaire qui se consacre \u00e0 la d\u00e9fense des valeurs fondamentales de la d\u00e9mocratie am\u00e9ricaine. Nous travaillons \u00e0 cr\u00e9er un gouvernement ouvert, honn\u00eate et responsable qui sert l\u2019int\u00e9r\u00eat public ; \u00e0 promouvoir l\u2019\u00e9galit\u00e9 des droits, des opportunit\u00e9s et de la repr\u00e9sentation pour tous ; et \u00e0 permettre \u00e0 tous de faire entendre leur voix dans le processus politique.<\/p>\r\n<p style=\"font-weight: 400;\">As a supporter, you make\u00a0our\u00a0work possible.\u00a0Because of you,\u00a0we're\u00a0able\u00a0to:<\/p>\r\n<p style=\"font-weight: 400;\"><strong>PROT\u00c9GER LE VOTE<\/strong><\/p>\r\n\r\n<ul style=\"font-weight: 400;\">\r\n \t<li>Nous recrutons, formons et d\u00e9ployons des b\u00e9n\u00e9voles pour la protection des \u00e9lections. Nous avons recrut\u00e9 plus de 50 000 organismes de surveillance dans 40 \u00c9tats entre 2020 et 2022. Pour 2024, nous sommes en passe de d\u00e9passer ce chiffre.<\/li>\r\n<\/ul>\r\n<p style=\"font-weight: 400;\"><strong>LUTTE CONTRE LA SUPPRESSION DES \u00c9LECTEURS<\/strong><\/p>\r\n\r\n<ul style=\"font-weight: 400;\">\r\n \t<li>En G\u00e9orgie, nous recrutons et formons des b\u00e9n\u00e9voles de la communaut\u00e9 pour surveiller le Conseil \u00e9lectoral de l&#039;\u00c9tat et les conseils \u00e9lectoraux locaux cibl\u00e9s dans 12 comt\u00e9s. Ces b\u00e9n\u00e9voles seront le canari dans la mine de charbon pour alerter les d\u00e9fenseurs et les avocats de la protection \u00e9lectorale \u2013 et les m\u00e9dias \u2013 en cas de tentative de sabotage des r\u00e9sultats des \u00e9lections.<\/li>\r\n<\/ul>\r\n<p style=\"font-weight: 400;\"><strong>LUTTER CONTRE DEVANT LES TRIBUNAUX<\/strong><\/p>\r\n\r\n<ul style=\"font-weight: 400;\">\r\n \t<li>La Cour supr\u00eame des \u00c9tats-Unis a statu\u00e9 en notre faveur en rejetant une tentative dangereuse de d\u00e9truire notre d\u00e9mocratie dans notre pays. <em>Moore c. Harper<\/em> Neal Katyal (Solliciteur g\u00e9n\u00e9ral par int\u00e9rim des \u00c9tats-Unis sous l\u2019administration Obama) a d\u00e9clar\u00e9 : \u00ab Mon r\u00f4le de repr\u00e9sentant de Common Cause a \u00e9t\u00e9 un privil\u00e8ge particulier pour moi, car Common Cause m\u2019inspire depuis des d\u00e9cennies, avec sa mission non partisane de d\u00e9fense du droit de vote. \u00bb<\/li>\r\n<\/ul>\r\n<p style=\"font-weight: 400;\"><strong>COMBATTRE LA D\u00c9MOCRATIE CONTRE LA D\u00c9SINFORMATION<\/strong><\/p>\r\n\r\n<ul style=\"font-weight: 400;\">\r\n \t<li>En Californie, nous avons adopt\u00e9 deux nouvelles lois pour lutter contre la menace que repr\u00e9sente l&#039;IA non r\u00e9glement\u00e9e pour la d\u00e9mocratie. La premi\u00e8re interdit les deepfakes trompeurs dans les publicit\u00e9s de campagne et les communications \u00e9lectorales \u00e0 l&#039;approche du jour du scrutin, prot\u00e9geant ainsi les candidats et les responsables \u00e9lectoraux tout en respectant le premier amendement. La deuxi\u00e8me impose aux grandes plateformes en ligne l&#039;obligation de supprimer ou d&#039;\u00e9tiqueter les contenus num\u00e9riques trompeurs li\u00e9s aux \u00e9lections.<\/li>\r\n<\/ul>\r\n<p style=\"font-weight: 400;\"><strong>PROT\u00c9GER LES BULLETINS DE VOTE PAR CORRESPONDANCE<\/strong><\/p>\r\n\r\n<ul style=\"font-weight: 400;\">\r\n \t<li>In Pennsylvania, we've secured important victories to protect voters from having their voices silenced, a problem that disproportionately affects Pennsylvania\u2019s Black and Latino voters. Following our advocacy, Dauphin and Allegheny counties adopted strong notice and cure policies, allowing voters to fix clerical errors so their votes can be counted. And Allegheny County created satellite elections offices that allow voters to vote early in person using an over-the-counter mail ballot request.<\/li>\r\n<\/ul>\r\n<p style=\"font-weight: 400;\"><strong>ACTIVER LE VOTE DES JEUNES<\/strong><\/p>\r\n\r\n<ul style=\"font-weight: 400;\">\r\n \t<li>En Caroline du Nord, nous avons r\u00e9uni pr\u00e8s de 5 000 jeunes pour faire valoir leurs muscles civiques lors de notre festival d\u2019art et de musique \u00e0 Raleigh. Janelle Mon\u00e1e, chanteuse et actrice dix fois nomm\u00e9e aux Grammy Awards, \u00e9tait la t\u00eate d\u2019affiche d\u2019un groupe d\u2019artistes de premier plan. Des jeunes et des militants de terrain sont mont\u00e9s sur sc\u00e8ne pour exprimer pourquoi cette nouvelle g\u00e9n\u00e9ration d\u2019\u00e9lecteurs doit utiliser le pouvoir de leur bulletin de vote.<\/li>\r\n<\/ul>\r\n<p style=\"font-weight: 400;\"><strong>LIVRAISON DE CARTES \u00c9QUITABLES<\/strong><\/p>\r\n\r\n<ul style=\"font-weight: 400;\">\r\n \t<li>Apr\u00e8s une d\u00e9cennie de campagne d&#039;\u00e9ducation publique et de mobilisation populaire, nous avons fourni des cartes l\u00e9gislatives d&#039;\u00c9tat \u00e9quitables qui refl\u00e8tent les pr\u00e9f\u00e9rences partisanes r\u00e9elles et presque uniformes des \u00e9lecteurs du Wisconsin et qui offriront stabilit\u00e9 et certitude aux \u00e9lecteurs quant \u00e0 leurs nouveaux districts de vote l\u00e9gislatifs d&#039;\u00c9tat jusqu&#039;en 2024 et au-del\u00e0.<\/li>\r\n<\/ul>\r\n<p style=\"font-weight: 400;\"><\/p>"}}]},"yoast_head":"<!-- This site is optimized with the Yoast SEO Premium plugin v26.6 (Yoast SEO v27.1.1) - https:\/\/yoast.com\/product\/yoast-seo-premium-wordpress\/ -->\n<title>Common Cause Education Fund - Common Cause<\/title>\n<meta name=\"robots\" content=\"index, follow, max-snippet:-1, max-image-preview:large, max-video-preview:-1\" \/>\n<link rel=\"canonical\" href=\"https:\/\/www.commoncause.org\/fr\/a-propos-de-nous\/fonds-deducation-pour-une-cause-commune\/\" \/>\n<meta property=\"og:locale\" content=\"fr_FR\" \/>\n<meta property=\"og:type\" content=\"article\" \/>\n<meta property=\"og:title\" content=\"Common Cause Education Fund\" \/>\n<meta property=\"og:url\" content=\"https:\/\/www.commoncause.org\/fr\/a-propos-de-nous\/fonds-deducation-pour-une-cause-commune\/\" \/>\n<meta property=\"og:site_name\" content=\"Common Cause\" \/>\n<meta property=\"article:publisher\" content=\"https:\/\/www.facebook.com\/CommonCause\" \/>\n<meta property=\"article:modified_time\" content=\"2024-10-30T20:50:51+00:00\" \/>\n<meta property=\"og:image\" content=\"https:\/\/www.commoncause.org\/wp-content\/uploads\/2024\/10\/CC-Share-Graphic-Main9.jpg\" \/>\n\t<meta property=\"og:image:width\" content=\"1200\" \/>\n\t<meta property=\"og:image:height\" content=\"630\" \/>\n\t<meta property=\"og:image:type\" content=\"image\/jpeg\" \/>\n<meta name=\"twitter:card\" content=\"summary_large_image\" \/>\n<meta name=\"twitter:site\" content=\"@CommonCause\" \/>\n<script type=\"application\/ld+json\" class=\"yoast-schema-graph\">{\"@context\":\"https:\/\/schema.org\",\"@graph\":[{\"@type\":\"WebPage\",\"@id\":\"https:\/\/www.commoncause.org\/about-us\/common-cause-education-fund\/\",\"url\":\"https:\/\/www.commoncause.org\/about-us\/common-cause-education-fund\/\",\"name\":\"Common Cause Education Fund - Common Cause\",\"isPartOf\":{\"@id\":\"https:\/\/www.commoncause.org\/#website\"},\"datePublished\":\"2024-10-18T20:30:23+00:00\",\"dateModified\":\"2024-10-30T20:50:51+00:00\",\"breadcrumb\":{\"@id\":\"https:\/\/www.commoncause.org\/about-us\/common-cause-education-fund\/#breadcrumb\"},\"inLanguage\":\"fr-FR\",\"potentialAction\":[{\"@type\":\"ReadAction\",\"target\":[\"https:\/\/www.commoncause.org\/about-us\/common-cause-education-fund\/\"]}]},{\"@type\":\"BreadcrumbList\",\"@id\":\"https:\/\/www.commoncause.org\/about-us\/common-cause-education-fund\/#breadcrumb\",\"itemListElement\":[{\"@type\":\"ListItem\",\"position\":1,\"name\":\"Home\",\"item\":\"https:\/\/www.commoncause.org\/\"},{\"@type\":\"ListItem\",\"position\":2,\"name\":\"About Us\",\"item\":\"https:\/\/www.commoncause.org\/about-us\/\"},{\"@type\":\"ListItem\",\"position\":3,\"name\":\"Common Cause Education Fund\"}]},{\"@type\":\"WebSite\",\"@id\":\"https:\/\/www.commoncause.org\/#website\",\"url\":\"https:\/\/www.commoncause.org\/\",\"name\":\"Common Cause\",\"description\":\"\",\"publisher\":{\"@id\":\"https:\/\/www.commoncause.org\/#organization\"},\"potentialAction\":[{\"@type\":\"SearchAction\",\"target\":{\"@type\":\"EntryPoint\",\"urlTemplate\":\"https:\/\/www.commoncause.org\/?s={search_term_string}\"},\"query-input\":{\"@type\":\"PropertyValueSpecification\",\"valueRequired\":true,\"valueName\":\"search_term_string\"}}],\"inLanguage\":\"fr-FR\"},{\"@type\":\"Organization\",\"@id\":\"https:\/\/www.commoncause.org\/#organization\",\"name\":\"Common Cause\",\"url\":\"https:\/\/www.commoncause.org\/\",\"logo\":{\"@type\":\"ImageObject\",\"inLanguage\":\"fr-FR\",\"@id\":\"https:\/\/www.commoncause.org\/#\/schema\/logo\/image\/\",\"url\":\"https:\/\/www.commoncause.org\/wp-content\/uploads\/2024\/05\/Common-Cause-Logo.png\",\"contentUrl\":\"https:\/\/www.commoncause.org\/wp-content\/uploads\/2024\/05\/Common-Cause-Logo.png\",\"width\":2066,\"height\":331,\"caption\":\"Common Cause\"},\"image\":{\"@id\":\"https:\/\/www.commoncause.org\/#\/schema\/logo\/image\/\"},\"sameAs\":[\"https:\/\/www.facebook.com\/CommonCause\",\"https:\/\/x.com\/CommonCause\",\"https:\/\/www.instagram.com\/ourcommoncause\/\"]}]}<\/script>\n<!-- \/ Yoast SEO Premium plugin. -->","yoast_head_json":{"title":"Fonds d&#039;\u00e9ducation pour la cause commune - Common Cause","robots":{"index":"index","follow":"follow","max-snippet":"max-snippet:-1","max-image-preview":"max-image-preview:large","max-video-preview":"max-video-preview:-1"},"canonical":"https:\/\/www.commoncause.org\/fr\/a-propos-de-nous\/fonds-deducation-pour-une-cause-commune\/","og_locale":"fr_FR","og_type":"article","og_title":"Common Cause Education Fund","og_url":"https:\/\/www.commoncause.org\/fr\/a-propos-de-nous\/fonds-deducation-pour-une-cause-commune\/","og_site_name":"Common Cause","article_publisher":"https:\/\/www.facebook.com\/CommonCause","article_modified_time":"2024-10-30T20:50:51+00:00","og_image":[{"width":1200,"height":630,"url":"https:\/\/www.commoncause.org\/wp-content\/uploads\/2024\/10\/CC-Share-Graphic-Main9.jpg","type":"image\/jpeg"}],"twitter_card":"summary_large_image","twitter_site":"@CommonCause","schema":{"@context":"https:\/\/schema.org","@graph":[{"@type":"WebPage","@id":"https:\/\/www.commoncause.org\/about-us\/common-cause-education-fund\/","url":"https:\/\/www.commoncause.org\/about-us\/common-cause-education-fund\/","name":"Fonds d&#039;\u00e9ducation pour la cause commune - Common Cause","isPartOf":{"@id":"https:\/\/www.commoncause.org\/#website"},"datePublished":"2024-10-18T20:30:23+00:00","dateModified":"2024-10-30T20:50:51+00:00","breadcrumb":{"@id":"https:\/\/www.commoncause.org\/about-us\/common-cause-education-fund\/#breadcrumb"},"inLanguage":"fr-FR","potentialAction":[{"@type":"ReadAction","target":["https:\/\/www.commoncause.org\/about-us\/common-cause-education-fund\/"]}]},{"@type":"BreadcrumbList","@id":"https:\/\/www.commoncause.org\/about-us\/common-cause-education-fund\/#breadcrumb","itemListElement":[{"@type":"ListItem","position":1,"name":"Home","item":"https:\/\/www.commoncause.org\/"},{"@type":"ListItem","position":2,"name":"About Us","item":"https:\/\/www.commoncause.org\/about-us\/"},{"@type":"ListItem","position":3,"name":"Common Cause Education Fund"}]},{"@type":"WebSite","@id":"https:\/\/www.commoncause.org\/#website","url":"https:\/\/www.commoncause.org\/","name":"Cause commune","description":"","publisher":{"@id":"https:\/\/www.commoncause.org\/#organization"},"potentialAction":[{"@type":"SearchAction","target":{"@type":"EntryPoint","urlTemplate":"https:\/\/www.commoncause.org\/?s={search_term_string}"},"query-input":{"@type":"PropertyValueSpecification","valueRequired":true,"valueName":"search_term_string"}}],"inLanguage":"fr-FR"},{"@type":"Organization","@id":"https:\/\/www.commoncause.org\/#organization","name":"Cause commune","url":"https:\/\/www.commoncause.org\/","logo":{"@type":"ImageObject","inLanguage":"fr-FR","@id":"https:\/\/www.commoncause.org\/#\/schema\/logo\/image\/","url":"https:\/\/www.commoncause.org\/wp-content\/uploads\/2024\/05\/Common-Cause-Logo.png","contentUrl":"https:\/\/www.commoncause.org\/wp-content\/uploads\/2024\/05\/Common-Cause-Logo.png","width":2066,"height":331,"caption":"Common Cause"},"image":{"@id":"https:\/\/www.commoncause.org\/#\/schema\/logo\/image\/"},"sameAs":["https:\/\/www.facebook.com\/CommonCause","https:\/\/x.com\/CommonCause","https:\/\/www.instagram.com\/ourcommoncause\/"]}]}},"distributor_meta":false,"distributor_terms":false,"distributor_media":false,"distributor_original_site_name":"Common Cause","distributor_original_site_url":"https:\/\/www.commoncause.org\/fr","push-errors":false,"_links":{"self":[{"href":"https:\/\/www.commoncause.org\/fr\/wp-json\/wp\/v2\/pages\/23750","targetHints":{"allow":["GET"]}}],"collection":[{"href":"https:\/\/www.commoncause.org\/fr\/wp-json\/wp\/v2\/pages"}],"about":[{"href":"https:\/\/www.commoncause.org\/fr\/wp-json\/wp\/v2\/types\/page"}],"author":[{"embeddable":true,"href":"https:\/\/www.commoncause.org\/fr\/wp-json\/wp\/v2\/users\/35"}],"replies":[{"embeddable":true,"href":"https:\/\/www.commoncause.org\/fr\/wp-json\/wp\/v2\/comments?post=23750"}],"version-history":[{"count":12,"href":"https:\/\/www.commoncause.org\/fr\/wp-json\/wp\/v2\/pages\/23750\/revisions"}],"predecessor-version":[{"id":23983,"href":"https:\/\/www.commoncause.org\/fr\/wp-json\/wp\/v2\/pages\/23750\/revisions\/23983"}],"up":[{"embeddable":true,"href":"https:\/\/www.commoncause.org\/fr\/wp-json\/wp\/v2\/pages\/696"}],"wp:attachment":[{"href":"https:\/\/www.commoncause.org\/fr\/wp-json\/wp\/v2\/media?parent=23750"}],"curies":[{"name":"wp","href":"https:\/\/api.w.org\/{rel}","templated":true}]}}