{"id":17212,"date":"2024-06-04T12:01:29","date_gmt":"2024-06-04T16:01:29","guid":{"rendered":"https:\/\/www.commoncause.org\/?page_id=17212"},"modified":"2024-11-19T10:42:22","modified_gmt":"2024-11-19T15:42:22","slug":"dons-en-milieu-de-travail","status":"publish","type":"page","link":"https:\/\/www.commoncause.org\/fr\/workplace-giving\/","title":{"rendered":"Dons en milieu de travail"},"content":{"rendered":"","protected":false},"excerpt":{"rendered":"","protected":false},"author":35,"featured_media":0,"parent":0,"menu_order":0,"comment_status":"closed","ping_status":"closed","template":"","meta":{"_acf_changed":false,"_relevanssi_hide_post":"","_relevanssi_hide_content":"","_relevanssi_pin_for_all":"","_relevanssi_pin_keywords":"","_relevanssi_unpin_keywords":"","_relevanssi_related_keywords":"","_relevanssi_related_include_ids":"","_relevanssi_related_exclude_ids":"","_relevanssi_related_no_append":"","_relevanssi_related_not_related":"","_relevanssi_related_posts":"","_relevanssi_noindex_reason":""},"class_list":["post-17212","page","type-page","status-publish","hentry"],"acf":{"header":{"component_page_header":{"header_type":"default","title":"","lead":"","image":"","subnavigation":false}},"sidebar":{"helper_enable_sidebar":false,"helper_media_contact":{"heading":"Media Contact","manually_enter_person":false,"person":"","name":"","role":"","phone":"","email":""},"helper_links_downloads":{"heading":"Links & Downloads","links":null}},"page_layout":[{"acf_fc_layout":"layout_wysiwyg","_acfe_flexible_toggle":"","component_wysiwyg":{"content":"<h4><strong>Trois raisons de soutenir une cause commune en faisant des dons sur le lieu de travail<\/strong><\/h4>\r\n<ol>\r\n \t<li><span data-contrast=\"none\"> <strong>Un impact amplifi\u00e9 gr\u00e2ce aux dons de contrepartie<\/strong><\/span><span data-contrast=\"none\">: <\/span><span data-contrast=\"none\">De nombreux employeurs versent des dons \u00e9quivalents \u00e0 ceux de leurs employ\u00e9s, doublant ou triplant ainsi potentiellement votre contribution \u00e0 Common Cause. Cela signifie que votre soutien peut avoir un impact beaucoup plus important sur leurs efforts de promotion de la d\u00e9mocratie et de la bonne gouvernance.<\/span><\/li>\r\n \t<li><span data-contrast=\"none\"><strong>Un support pratique et coh\u00e9rent<\/strong><\/span><span data-contrast=\"none\">: <\/span><span data-contrast=\"none\">Les programmes de dons en milieu de travail, comme les retenues sur salaire, vous permettent de contribuer de mani\u00e8re simple et automatis\u00e9e. Common Cause dispose ainsi d&#039;un flux de financement fiable pour soutenir ses initiatives et planifier des projets \u00e0 long terme.<\/span><\/li>\r\n \t<li><span data-contrast=\"none\"><strong>Avantages fiscaux<\/strong><\/span><span data-contrast=\"none\">: <\/span><span data-contrast=\"none\">Les dons effectu\u00e9s dans le cadre d&#039;un travail sont souvent d\u00e9ductibles des imp\u00f4ts. De plus, les retenues sur salaire permettent d&#039;\u00e9taler l&#039;impact financier de vos dons sur toute l&#039;ann\u00e9e, ce qui facilite la gestion de vos finances.<\/span><\/li>\r\n<\/ol>\r\n<h4><span data-contrast=\"none\"><strong>Comment commencer<\/strong><\/span><\/h4>\r\n<ol>\r\n \t<li><span data-contrast=\"none\"> <strong>V\u00e9rifiez le programme de votre employeur<\/strong><\/span><span data-contrast=\"none\">:<\/span><span data-contrast=\"none\"> Renseignez-vous pour savoir si votre employeur propose un programme de dons en milieu de travail et s&#039;il verse une contrepartie aux dons. De nombreuses entreprises disposent de plateformes ou de partenariats sp\u00e9cifiques pour faciliter ces contributions.<\/span><\/li>\r\n \t<li><span data-contrast=\"none\"> <strong>S\u00e9lectionnez Common Cause comme organisme de bienfaisance<\/strong><\/span><span data-contrast=\"none\">:<\/span><span data-contrast=\"none\"> D\u00e9signez le Fonds d&#039;\u00e9ducation Common Cause comme b\u00e9n\u00e9ficiaire de vos dons en milieu de travail. Assurez-vous de suivre les proc\u00e9dures \u00e9tablies par le programme de votre employeur.<\/span><\/li>\r\n \t<li><span data-contrast=\"none\"> <strong>Configurez votre contribution<\/strong><\/span><span data-contrast=\"none\">:<\/span><span data-contrast=\"none\"> Choisissez le montant que vous souhaitez donner et configurez les retenues sur salaire si possible. Cela peut souvent \u00eatre fait via un portail en ligne fourni par votre employeur.<\/span><\/li>\r\n \t<li><span data-contrast=\"none\"> <strong>Tirer parti des dons de contrepartie<\/strong><\/span><span data-contrast=\"none\">:<\/span><span data-contrast=\"none\"> Soumettez tous les formulaires n\u00e9cessaires pour profiter du programme de dons jumel\u00e9s de votre entreprise. Cela peut maximiser l&#039;impact de votre don.<\/span><\/li>\r\n \t<li><span data-contrast=\"none\"> <strong>Restez inform\u00e9 et engag\u00e9<\/strong><\/span><span data-contrast=\"none\">:<\/span><span data-contrast=\"none\"> Suivez le travail de Common Cause et trouvez des opportunit\u00e9s de vous impliquer au-del\u00e0 des contributions financi\u00e8res, comme le b\u00e9n\u00e9volat ou la participation \u00e0 des campagnes de plaidoyer.<\/span><\/li>\r\n<\/ol>\r\nEn faisant un don \u00e0 Common Cause par le biais d\u2019un don sur votre lieu de travail, vous soutenez non seulement une organisation vitale, mais vous apportez \u00e9galement une contribution significative \u00e0 la sant\u00e9 et \u00e0 l\u2019int\u00e9grit\u00e9 de la d\u00e9mocratie aux \u00c9tats-Unis."}}]},"yoast_head":"<!-- This site is optimized with the Yoast SEO Premium plugin v26.6 (Yoast SEO v27.1.1) - https:\/\/yoast.com\/product\/yoast-seo-premium-wordpress\/ -->\n<title>Workplace Giving - Common Cause<\/title>\n<meta name=\"robots\" content=\"index, follow, max-snippet:-1, max-image-preview:large, max-video-preview:-1\" \/>\n<link rel=\"canonical\" href=\"https:\/\/www.commoncause.org\/fr\/dons-en-milieu-de-travail\/\" \/>\n<meta property=\"og:locale\" content=\"fr_FR\" \/>\n<meta property=\"og:type\" content=\"article\" \/>\n<meta property=\"og:title\" content=\"Workplace Giving\" \/>\n<meta property=\"og:url\" content=\"https:\/\/www.commoncause.org\/fr\/dons-en-milieu-de-travail\/\" \/>\n<meta property=\"og:site_name\" content=\"Common Cause\" \/>\n<meta property=\"article:publisher\" content=\"https:\/\/www.facebook.com\/CommonCause\" \/>\n<meta property=\"article:modified_time\" content=\"2024-11-19T15:42:22+00:00\" \/>\n<meta property=\"og:image\" content=\"https:\/\/www.commoncause.org\/wp-content\/uploads\/2024\/10\/CC-Share-Graphic-Main9.jpg\" \/>\n\t<meta property=\"og:image:width\" content=\"1200\" \/>\n\t<meta property=\"og:image:height\" content=\"630\" \/>\n\t<meta property=\"og:image:type\" content=\"image\/jpeg\" \/>\n<meta name=\"twitter:card\" content=\"summary_large_image\" \/>\n<meta name=\"twitter:site\" content=\"@CommonCause\" \/>\n<script type=\"application\/ld+json\" class=\"yoast-schema-graph\">{\"@context\":\"https:\/\/schema.org\",\"@graph\":[{\"@type\":\"WebPage\",\"@id\":\"https:\/\/www.commoncause.org\/workplace-giving\/\",\"url\":\"https:\/\/www.commoncause.org\/workplace-giving\/\",\"name\":\"Workplace Giving - Common Cause\",\"isPartOf\":{\"@id\":\"https:\/\/www.commoncause.org\/#website\"},\"datePublished\":\"2024-06-04T16:01:29+00:00\",\"dateModified\":\"2024-11-19T15:42:22+00:00\",\"breadcrumb\":{\"@id\":\"https:\/\/www.commoncause.org\/workplace-giving\/#breadcrumb\"},\"inLanguage\":\"fr-FR\",\"potentialAction\":[{\"@type\":\"ReadAction\",\"target\":[\"https:\/\/www.commoncause.org\/workplace-giving\/\"]}]},{\"@type\":\"BreadcrumbList\",\"@id\":\"https:\/\/www.commoncause.org\/workplace-giving\/#breadcrumb\",\"itemListElement\":[{\"@type\":\"ListItem\",\"position\":1,\"name\":\"Home\",\"item\":\"https:\/\/www.commoncause.org\/\"},{\"@type\":\"ListItem\",\"position\":2,\"name\":\"Workplace Giving\"}]},{\"@type\":\"WebSite\",\"@id\":\"https:\/\/www.commoncause.org\/#website\",\"url\":\"https:\/\/www.commoncause.org\/\",\"name\":\"Common Cause\",\"description\":\"\",\"publisher\":{\"@id\":\"https:\/\/www.commoncause.org\/#organization\"},\"potentialAction\":[{\"@type\":\"SearchAction\",\"target\":{\"@type\":\"EntryPoint\",\"urlTemplate\":\"https:\/\/www.commoncause.org\/?s={search_term_string}\"},\"query-input\":{\"@type\":\"PropertyValueSpecification\",\"valueRequired\":true,\"valueName\":\"search_term_string\"}}],\"inLanguage\":\"fr-FR\"},{\"@type\":\"Organization\",\"@id\":\"https:\/\/www.commoncause.org\/#organization\",\"name\":\"Common Cause\",\"url\":\"https:\/\/www.commoncause.org\/\",\"logo\":{\"@type\":\"ImageObject\",\"inLanguage\":\"fr-FR\",\"@id\":\"https:\/\/www.commoncause.org\/#\/schema\/logo\/image\/\",\"url\":\"https:\/\/www.commoncause.org\/wp-content\/uploads\/2024\/05\/Common-Cause-Logo.png\",\"contentUrl\":\"https:\/\/www.commoncause.org\/wp-content\/uploads\/2024\/05\/Common-Cause-Logo.png\",\"width\":2066,\"height\":331,\"caption\":\"Common Cause\"},\"image\":{\"@id\":\"https:\/\/www.commoncause.org\/#\/schema\/logo\/image\/\"},\"sameAs\":[\"https:\/\/www.facebook.com\/CommonCause\",\"https:\/\/x.com\/CommonCause\",\"https:\/\/www.instagram.com\/ourcommoncause\/\"]}]}<\/script>\n<!-- \/ Yoast SEO Premium plugin. -->","yoast_head_json":{"title":"Dons en milieu de travail \u2013 Cause commune","robots":{"index":"index","follow":"follow","max-snippet":"max-snippet:-1","max-image-preview":"max-image-preview:large","max-video-preview":"max-video-preview:-1"},"canonical":"https:\/\/www.commoncause.org\/fr\/dons-en-milieu-de-travail\/","og_locale":"fr_FR","og_type":"article","og_title":"Workplace Giving","og_url":"https:\/\/www.commoncause.org\/fr\/dons-en-milieu-de-travail\/","og_site_name":"Common Cause","article_publisher":"https:\/\/www.facebook.com\/CommonCause","article_modified_time":"2024-11-19T15:42:22+00:00","og_image":[{"width":1200,"height":630,"url":"https:\/\/www.commoncause.org\/wp-content\/uploads\/2024\/10\/CC-Share-Graphic-Main9.jpg","type":"image\/jpeg"}],"twitter_card":"summary_large_image","twitter_site":"@CommonCause","schema":{"@context":"https:\/\/schema.org","@graph":[{"@type":"WebPage","@id":"https:\/\/www.commoncause.org\/workplace-giving\/","url":"https:\/\/www.commoncause.org\/workplace-giving\/","name":"Dons en milieu de travail \u2013 Cause commune","isPartOf":{"@id":"https:\/\/www.commoncause.org\/#website"},"datePublished":"2024-06-04T16:01:29+00:00","dateModified":"2024-11-19T15:42:22+00:00","breadcrumb":{"@id":"https:\/\/www.commoncause.org\/workplace-giving\/#breadcrumb"},"inLanguage":"fr-FR","potentialAction":[{"@type":"ReadAction","target":["https:\/\/www.commoncause.org\/workplace-giving\/"]}]},{"@type":"BreadcrumbList","@id":"https:\/\/www.commoncause.org\/workplace-giving\/#breadcrumb","itemListElement":[{"@type":"ListItem","position":1,"name":"Home","item":"https:\/\/www.commoncause.org\/"},{"@type":"ListItem","position":2,"name":"Workplace Giving"}]},{"@type":"WebSite","@id":"https:\/\/www.commoncause.org\/#website","url":"https:\/\/www.commoncause.org\/","name":"Cause commune","description":"","publisher":{"@id":"https:\/\/www.commoncause.org\/#organization"},"potentialAction":[{"@type":"SearchAction","target":{"@type":"EntryPoint","urlTemplate":"https:\/\/www.commoncause.org\/?s={search_term_string}"},"query-input":{"@type":"PropertyValueSpecification","valueRequired":true,"valueName":"search_term_string"}}],"inLanguage":"fr-FR"},{"@type":"Organization","@id":"https:\/\/www.commoncause.org\/#organization","name":"Cause commune","url":"https:\/\/www.commoncause.org\/","logo":{"@type":"ImageObject","inLanguage":"fr-FR","@id":"https:\/\/www.commoncause.org\/#\/schema\/logo\/image\/","url":"https:\/\/www.commoncause.org\/wp-content\/uploads\/2024\/05\/Common-Cause-Logo.png","contentUrl":"https:\/\/www.commoncause.org\/wp-content\/uploads\/2024\/05\/Common-Cause-Logo.png","width":2066,"height":331,"caption":"Common Cause"},"image":{"@id":"https:\/\/www.commoncause.org\/#\/schema\/logo\/image\/"},"sameAs":["https:\/\/www.facebook.com\/CommonCause","https:\/\/x.com\/CommonCause","https:\/\/www.instagram.com\/ourcommoncause\/"]}]}},"distributor_meta":false,"distributor_terms":false,"distributor_media":false,"distributor_original_site_name":"Common Cause","distributor_original_site_url":"https:\/\/www.commoncause.org\/fr","push-errors":false,"_links":{"self":[{"href":"https:\/\/www.commoncause.org\/fr\/wp-json\/wp\/v2\/pages\/17212","targetHints":{"allow":["GET"]}}],"collection":[{"href":"https:\/\/www.commoncause.org\/fr\/wp-json\/wp\/v2\/pages"}],"about":[{"href":"https:\/\/www.commoncause.org\/fr\/wp-json\/wp\/v2\/types\/page"}],"author":[{"embeddable":true,"href":"https:\/\/www.commoncause.org\/fr\/wp-json\/wp\/v2\/users\/35"}],"replies":[{"embeddable":true,"href":"https:\/\/www.commoncause.org\/fr\/wp-json\/wp\/v2\/comments?post=17212"}],"version-history":[{"count":2,"href":"https:\/\/www.commoncause.org\/fr\/wp-json\/wp\/v2\/pages\/17212\/revisions"}],"predecessor-version":[{"id":18958,"href":"https:\/\/www.commoncause.org\/fr\/wp-json\/wp\/v2\/pages\/17212\/revisions\/18958"}],"wp:attachment":[{"href":"https:\/\/www.commoncause.org\/fr\/wp-json\/wp\/v2\/media?parent=17212"}],"curies":[{"name":"wp","href":"https:\/\/api.w.org\/{rel}","templated":true}]}}