{"id":14016,"date":"2021-03-18T14:47:22","date_gmt":"2021-03-18T18:47:22","guid":{"rendered":"https:\/\/www.commoncause.org\/sms-terms-of-service\/"},"modified":"2021-03-18T14:47:22","modified_gmt":"2021-03-18T18:47:22","slug":"conditions-dutilisation-des-sms","status":"publish","type":"page","link":"https:\/\/www.commoncause.org\/fr\/sms-terms-of-service\/","title":{"rendered":"Conditions d&#039;utilisation des SMS"},"content":{"rendered":"","protected":false},"excerpt":{"rendered":"","protected":false},"author":0,"featured_media":0,"parent":0,"menu_order":0,"comment_status":"closed","ping_status":"closed","template":"","meta":{"_acf_changed":false,"_relevanssi_hide_post":"","_relevanssi_hide_content":"","_relevanssi_pin_for_all":"","_relevanssi_pin_keywords":"","_relevanssi_unpin_keywords":"","_relevanssi_related_keywords":"","_relevanssi_related_include_ids":"","_relevanssi_related_exclude_ids":"","_relevanssi_related_no_append":"","_relevanssi_related_not_related":"","_relevanssi_related_posts":"","_relevanssi_noindex_reason":""},"class_list":["post-14016","page","type-page","status-publish","hentry"],"acf":{"header":{"component_page_header":{"header_type":"default","title":"","lead":"Read the Terms of Service for Common Cause's SMS program below.","image":null,"subnavigation":false}},"sidebar":{"helper_enable_sidebar":false,"helper_media_contact":{"heading":"Media Contact","manually_enter_person":false,"person":null,"name":"","role":"","phone":"","email":""},"helper_links_downloads":{"heading":"Links & Downloads","links":null}},"page_layout":[{"acf_fc_layout":"layout_wysiwyg","_acfe_flexible_toggle":null,"component_wysiwyg":{"content":"<h2><span style=\"font-weight: 400;\">Cause commune<\/span><\/h2>\r\n<ol>\r\n \t<li><span style=\"font-weight: 400;\"><span style=\"font-weight: 400;\"><span style=\"font-weight: 400;\"> Les abonn\u00e9s peuvent s\u2019attendre \u00e0 recevoir p\u00e9riodiquement des messages de plaidoyer contenant des mises \u00e0 jour et des nouvelles sur notre travail.<\/span><\/span><\/span><\/li>\r\n \t<li><span style=\"font-weight: 400;\">You can cancel the SMS service at any time. Just text \"STOP\" to the short code. After you send the SMS message \"STOP\" to us, we will send you an SMS message to confirm that you have been unsubscribed. After this, you will no longer receive SMS messages from us. If you want to join again, just sign up as you did the first time and we will start sending SMS messages to you again.<\/span><\/li>\r\n \t<li>Si vous rencontrez des probl\u00e8mes avec le programme de messagerie, vous pouvez r\u00e9pondre avec le mot-cl\u00e9 AIDE pour obtenir de l&#039;aide, ou vous pouvez obtenir de l&#039;aide directement \u00e0 <a href=\"mailto:causenet@commoncause.org\">causenet@commoncause.org<\/a>.<\/li>\r\n \t<li>Les op\u00e9rateurs ne sont pas responsables des messages retard\u00e9s ou non livr\u00e9s.<\/li>\r\n \t<li>Comme toujours, des frais de messagerie et de donn\u00e9es peuvent s&#039;appliquer \u00e0 tous les messages que nous vous envoyons et \u00e0 ceux que vous nous envoyez. La fr\u00e9quence des messages varie. Si vous avez des questions sur votre forfait SMS ou votre forfait de donn\u00e9es, il est pr\u00e9f\u00e9rable de contacter votre fournisseur de services sans fil.<\/li>\r\n \t<li>Si vous avez des questions concernant la confidentialit\u00e9, veuillez lire notre politique de confidentialit\u00e9 : <a href=\"https:\/\/www.commoncause.org\/fr\/politiques-du-site-web\/\">https:\/\/www.commoncause.org\/website-policies\/<\/a><\/li>\r\n<\/ol>"}}]},"yoast_head":"<!-- This site is optimized with the Yoast SEO Premium plugin v26.6 (Yoast SEO v27.1.1) - https:\/\/yoast.com\/product\/yoast-seo-premium-wordpress\/ -->\n<title>SMS Terms of Service - Common Cause<\/title>\n<meta name=\"robots\" content=\"index, follow, max-snippet:-1, max-image-preview:large, max-video-preview:-1\" \/>\n<link rel=\"canonical\" href=\"https:\/\/www.commoncause.org\/fr\/conditions-dutilisation-des-sms\/\" \/>\n<meta property=\"og:locale\" content=\"fr_FR\" \/>\n<meta property=\"og:type\" content=\"article\" \/>\n<meta property=\"og:title\" content=\"SMS Terms of Service\" \/>\n<meta property=\"og:url\" content=\"https:\/\/www.commoncause.org\/fr\/conditions-dutilisation-des-sms\/\" \/>\n<meta property=\"og:site_name\" content=\"Common Cause\" \/>\n<meta property=\"article:publisher\" content=\"https:\/\/www.facebook.com\/CommonCause\" \/>\n<meta property=\"og:image\" content=\"https:\/\/www.commoncause.org\/wp-content\/uploads\/2024\/10\/CC-Share-Graphic-Main9.jpg\" \/>\n\t<meta property=\"og:image:width\" content=\"1200\" \/>\n\t<meta property=\"og:image:height\" content=\"630\" \/>\n\t<meta property=\"og:image:type\" content=\"image\/jpeg\" \/>\n<meta name=\"twitter:card\" content=\"summary_large_image\" \/>\n<meta name=\"twitter:site\" content=\"@CommonCause\" \/>\n<script type=\"application\/ld+json\" class=\"yoast-schema-graph\">{\"@context\":\"https:\/\/schema.org\",\"@graph\":[{\"@type\":\"WebPage\",\"@id\":\"https:\/\/www.commoncause.org\/sms-terms-of-service\/\",\"url\":\"https:\/\/www.commoncause.org\/sms-terms-of-service\/\",\"name\":\"SMS Terms of Service - Common Cause\",\"isPartOf\":{\"@id\":\"https:\/\/www.commoncause.org\/#website\"},\"datePublished\":\"2021-03-18T18:47:22+00:00\",\"breadcrumb\":{\"@id\":\"https:\/\/www.commoncause.org\/sms-terms-of-service\/#breadcrumb\"},\"inLanguage\":\"fr-FR\",\"potentialAction\":[{\"@type\":\"ReadAction\",\"target\":[\"https:\/\/www.commoncause.org\/sms-terms-of-service\/\"]}]},{\"@type\":\"BreadcrumbList\",\"@id\":\"https:\/\/www.commoncause.org\/sms-terms-of-service\/#breadcrumb\",\"itemListElement\":[{\"@type\":\"ListItem\",\"position\":1,\"name\":\"Home\",\"item\":\"https:\/\/www.commoncause.org\/\"},{\"@type\":\"ListItem\",\"position\":2,\"name\":\"SMS Terms of Service\"}]},{\"@type\":\"WebSite\",\"@id\":\"https:\/\/www.commoncause.org\/#website\",\"url\":\"https:\/\/www.commoncause.org\/\",\"name\":\"Common Cause\",\"description\":\"\",\"publisher\":{\"@id\":\"https:\/\/www.commoncause.org\/#organization\"},\"potentialAction\":[{\"@type\":\"SearchAction\",\"target\":{\"@type\":\"EntryPoint\",\"urlTemplate\":\"https:\/\/www.commoncause.org\/?s={search_term_string}\"},\"query-input\":{\"@type\":\"PropertyValueSpecification\",\"valueRequired\":true,\"valueName\":\"search_term_string\"}}],\"inLanguage\":\"fr-FR\"},{\"@type\":\"Organization\",\"@id\":\"https:\/\/www.commoncause.org\/#organization\",\"name\":\"Common Cause\",\"url\":\"https:\/\/www.commoncause.org\/\",\"logo\":{\"@type\":\"ImageObject\",\"inLanguage\":\"fr-FR\",\"@id\":\"https:\/\/www.commoncause.org\/#\/schema\/logo\/image\/\",\"url\":\"https:\/\/www.commoncause.org\/wp-content\/uploads\/2024\/05\/Common-Cause-Logo.png\",\"contentUrl\":\"https:\/\/www.commoncause.org\/wp-content\/uploads\/2024\/05\/Common-Cause-Logo.png\",\"width\":2066,\"height\":331,\"caption\":\"Common Cause\"},\"image\":{\"@id\":\"https:\/\/www.commoncause.org\/#\/schema\/logo\/image\/\"},\"sameAs\":[\"https:\/\/www.facebook.com\/CommonCause\",\"https:\/\/x.com\/CommonCause\",\"https:\/\/www.instagram.com\/ourcommoncause\/\"]}]}<\/script>\n<!-- \/ Yoast SEO Premium plugin. -->","yoast_head_json":{"title":"Conditions d&#039;utilisation des SMS - Common Cause","robots":{"index":"index","follow":"follow","max-snippet":"max-snippet:-1","max-image-preview":"max-image-preview:large","max-video-preview":"max-video-preview:-1"},"canonical":"https:\/\/www.commoncause.org\/fr\/conditions-dutilisation-des-sms\/","og_locale":"fr_FR","og_type":"article","og_title":"SMS Terms of Service","og_url":"https:\/\/www.commoncause.org\/fr\/conditions-dutilisation-des-sms\/","og_site_name":"Common Cause","article_publisher":"https:\/\/www.facebook.com\/CommonCause","og_image":[{"width":1200,"height":630,"url":"https:\/\/www.commoncause.org\/wp-content\/uploads\/2024\/10\/CC-Share-Graphic-Main9.jpg","type":"image\/jpeg"}],"twitter_card":"summary_large_image","twitter_site":"@CommonCause","schema":{"@context":"https:\/\/schema.org","@graph":[{"@type":"WebPage","@id":"https:\/\/www.commoncause.org\/sms-terms-of-service\/","url":"https:\/\/www.commoncause.org\/sms-terms-of-service\/","name":"Conditions d&#039;utilisation des SMS - Common Cause","isPartOf":{"@id":"https:\/\/www.commoncause.org\/#website"},"datePublished":"2021-03-18T18:47:22+00:00","breadcrumb":{"@id":"https:\/\/www.commoncause.org\/sms-terms-of-service\/#breadcrumb"},"inLanguage":"fr-FR","potentialAction":[{"@type":"ReadAction","target":["https:\/\/www.commoncause.org\/sms-terms-of-service\/"]}]},{"@type":"BreadcrumbList","@id":"https:\/\/www.commoncause.org\/sms-terms-of-service\/#breadcrumb","itemListElement":[{"@type":"ListItem","position":1,"name":"Home","item":"https:\/\/www.commoncause.org\/"},{"@type":"ListItem","position":2,"name":"SMS Terms of Service"}]},{"@type":"WebSite","@id":"https:\/\/www.commoncause.org\/#website","url":"https:\/\/www.commoncause.org\/","name":"Cause commune","description":"","publisher":{"@id":"https:\/\/www.commoncause.org\/#organization"},"potentialAction":[{"@type":"SearchAction","target":{"@type":"EntryPoint","urlTemplate":"https:\/\/www.commoncause.org\/?s={search_term_string}"},"query-input":{"@type":"PropertyValueSpecification","valueRequired":true,"valueName":"search_term_string"}}],"inLanguage":"fr-FR"},{"@type":"Organization","@id":"https:\/\/www.commoncause.org\/#organization","name":"Cause commune","url":"https:\/\/www.commoncause.org\/","logo":{"@type":"ImageObject","inLanguage":"fr-FR","@id":"https:\/\/www.commoncause.org\/#\/schema\/logo\/image\/","url":"https:\/\/www.commoncause.org\/wp-content\/uploads\/2024\/05\/Common-Cause-Logo.png","contentUrl":"https:\/\/www.commoncause.org\/wp-content\/uploads\/2024\/05\/Common-Cause-Logo.png","width":2066,"height":331,"caption":"Common Cause"},"image":{"@id":"https:\/\/www.commoncause.org\/#\/schema\/logo\/image\/"},"sameAs":["https:\/\/www.facebook.com\/CommonCause","https:\/\/x.com\/CommonCause","https:\/\/www.instagram.com\/ourcommoncause\/"]}]}},"distributor_meta":false,"distributor_terms":false,"distributor_media":false,"distributor_original_site_name":"Common Cause","distributor_original_site_url":"https:\/\/www.commoncause.org\/fr","push-errors":false,"_links":{"self":[{"href":"https:\/\/www.commoncause.org\/fr\/wp-json\/wp\/v2\/pages\/14016","targetHints":{"allow":["GET"]}}],"collection":[{"href":"https:\/\/www.commoncause.org\/fr\/wp-json\/wp\/v2\/pages"}],"about":[{"href":"https:\/\/www.commoncause.org\/fr\/wp-json\/wp\/v2\/types\/page"}],"replies":[{"embeddable":true,"href":"https:\/\/www.commoncause.org\/fr\/wp-json\/wp\/v2\/comments?post=14016"}],"version-history":[{"count":0,"href":"https:\/\/www.commoncause.org\/fr\/wp-json\/wp\/v2\/pages\/14016\/revisions"}],"wp:attachment":[{"href":"https:\/\/www.commoncause.org\/fr\/wp-json\/wp\/v2\/media?parent=14016"}],"curies":[{"name":"wp","href":"https:\/\/api.w.org\/{rel}","templated":true}]}}