{"id":14015,"date":"2020-05-12T14:47:36","date_gmt":"2020-05-12T18:47:36","guid":{"rendered":"https:\/\/www.commoncause.org\/renew-your-annual-membership-direct-mail\/"},"modified":"2024-08-26T09:42:39","modified_gmt":"2024-08-26T13:42:39","slug":"renew-your-annual-membership-direct-mail","status":"publish","type":"page","link":"https:\/\/www.commoncause.org\/fr\/renew-your-annual-membership-direct-mail\/","title":{"rendered":"Renouvelez votre adh\u00e9sion annuelle \u2013 Courrier direct"},"content":{"rendered":"","protected":false},"excerpt":{"rendered":"","protected":false},"author":33,"featured_media":0,"parent":0,"menu_order":0,"comment_status":"closed","ping_status":"closed","template":"","meta":{"_acf_changed":false,"_relevanssi_hide_post":"","_relevanssi_hide_content":"","_relevanssi_pin_for_all":"","_relevanssi_pin_keywords":"","_relevanssi_unpin_keywords":"","_relevanssi_related_keywords":"","_relevanssi_related_include_ids":"","_relevanssi_related_exclude_ids":"","_relevanssi_related_no_append":"","_relevanssi_related_not_related":"","_relevanssi_related_posts":"","_relevanssi_noindex_reason":""},"class_list":["post-14015","page","type-page","status-publish","hentry"],"acf":{"header":{"component_page_header":{"header_type":"default","title":"Renew your Common Cause Membership","lead":"Love being a part of Common Cause? We need your help more than ever. Renew your membership today!","image":4595,"subnavigation":false}},"sidebar":{"helper_enable_sidebar":false,"helper_media_contact":{"heading":"Media Contact","manually_enter_person":false,"person":"","name":"","role":"","phone":"","email":""},"helper_links_downloads":{"heading":"Links & Downloads","links":null}},"page_layout":[{"acf_fc_layout":"layout_basic_html","_acfe_flexible_toggle":"","component_basic_html":{"heading":"Renew Your Membership","code":"<script src='https:\/\/actionnetwork.org\/widgets\/v5\/fundraising\/renew-your-annual-membership-3?format=js&source=website&css=whitelabel&'><\/script><div id='can-fundraising-area-renew-your-annual-membership-3' style='width: 100%'><\/div>","width":"medium"}},{"acf_fc_layout":"layout_wysiwyg","_acfe_flexible_toggle":"","component_wysiwyg":{"content":"<h2>Autres fa\u00e7ons de donner<\/h2>\r\nThere are many ways to support Common Cause's mission to hold power accountable. If you have questions or do not see your preferred method of giving listed please contact Membership Services at <span class=\"w8qArf\"><span class=\"eTVOZd\">:<\/span> <\/span><span class=\"LrzXr zdqRlf kno-fv\"><span aria-label=\"Appelez le num\u00e9ro de t\u00e9l\u00e9phone (202) 833-1200\">(202) 833-1200<\/span><\/span> ou\u00a0<a href=\"mailto:giving@commoncause.org\">giving@commoncause.org<\/a>\u00a0and we'll be happy to discuss your options for making a contribution.\r\n<h4>Monthly Giving<\/h4>\r\nJoin the\u00a0<a href=\"https:\/\/actionnetwork.org\/fundraising\/become-a-guardian-for-democracy\/\">Guardians for Democracy<\/a>\u00a0by making a recurring monthly contribution and help provide a steady and reliable income stream to support Common Cause's work in Washington and across the nation.\r\n<h4>Dons d\u00e9ductibles d&#039;imp\u00f4t<\/h4>\r\nGifts that qualifies for a charitable tax-deduction can be made to our affiliate\u00a0<a href=\"https:\/\/actionnetwork.org\/fundraising\/common-cause-education-fund\/\">Fonds d&#039;\u00e9ducation pour une cause commune<\/a>, which supports our efforts to hold power accountable through civic engagement and public education.\r\n<h4>Planned Giving<\/h4>\r\nAidez \u00e0 garantir la promesse de la d\u00e9mocratie pour la prochaine g\u00e9n\u00e9ration en laissant un\u00a0<a href=\"http:\/\/www.commoncause.org\/fr\/plannedgiving\/\">estate gift, such as a bequest, IRA distribution, or other planned gift.<\/a>\r\n<h4>Dons d&#039;actions<\/h4>\r\nDes dons d&#039;actions et de titres peuvent \u00eatre faits \u00e0 Common Cause et \u00e0 notre filiale Common Cause Education Fund via Wells Fargo.\u00a0<a href=\"http:\/\/www.commoncause.org\/fr\/stockgift\/\">For details click here.<\/a>\r\n<h4>Memorial\/Tribute Gifts<\/h4>\r\nTo honor someone through a\u00a0<a href=\"https:\/\/actionnetwork.org\/forms\/make-an-honor-or-memorial-gift\">memorial or tribute gift<\/a>\u00a0please contact in Membership Services at <span class=\"w8qArf\"><span class=\"eTVOZd\">:<\/span> <\/span><span class=\"LrzXr zdqRlf kno-fv\"><span aria-label=\"Appelez le num\u00e9ro de t\u00e9l\u00e9phone (202) 833-1200\">(202) 833-1200<\/span><\/span>.\r\n<h4>Leadership Circle<\/h4>\r\nThe Leadership Circle is an extraordinary group of our most steadfast supporters, who leave their own personal stamp on the nation's future by providing Common Cause with the resources needed in order to make sure our political system works for all Americans --\u00a0<a href=\"https:\/\/actionnetwork.org\/fundraising\/common-cause-leadership-circle\">join us today!<\/a>\r\n\r\n<em>Common Cause is committed to a policy of open and full transparency and therefore makes information about our funding sources, including individual donors, publicly available; however, anonymous donations may be accepted under certain circumstances upon request of the donor. For more information,\u00a0<a href=\"https:\/\/www.commoncause.org\/fr\/a-propos-de-nous\/politique-de-transparence-des-donateurs\/\" target=\"blank\">please review the Donor Transparency Policy on our website.<\/a><\/em>"}}]},"yoast_head":"<!-- This site is optimized with the Yoast SEO Premium plugin v26.6 (Yoast SEO v27.1.1) - https:\/\/yoast.com\/product\/yoast-seo-premium-wordpress\/ -->\n<title>Renew Your Annual Membership \u2013 Direct Mail - Common Cause<\/title>\n<meta name=\"robots\" content=\"index, follow, max-snippet:-1, max-image-preview:large, max-video-preview:-1\" \/>\n<link rel=\"canonical\" href=\"https:\/\/www.commoncause.org\/fr\/renew-your-annual-membership-direct-mail\/\" \/>\n<meta property=\"og:locale\" content=\"fr_FR\" \/>\n<meta property=\"og:type\" content=\"article\" \/>\n<meta property=\"og:title\" content=\"Renew Your Annual Membership \u2013 Direct Mail\" \/>\n<meta property=\"og:url\" content=\"https:\/\/www.commoncause.org\/fr\/renew-your-annual-membership-direct-mail\/\" \/>\n<meta property=\"og:site_name\" content=\"Common Cause\" \/>\n<meta property=\"article:publisher\" content=\"https:\/\/www.facebook.com\/CommonCause\" \/>\n<meta property=\"article:modified_time\" content=\"2024-08-26T13:42:39+00:00\" \/>\n<meta property=\"og:image\" content=\"https:\/\/www.commoncause.org\/wp-content\/uploads\/2024\/10\/CC-Share-Graphic-Main9.jpg\" \/>\n\t<meta property=\"og:image:width\" content=\"1200\" \/>\n\t<meta property=\"og:image:height\" content=\"630\" \/>\n\t<meta property=\"og:image:type\" content=\"image\/jpeg\" \/>\n<meta name=\"twitter:card\" content=\"summary_large_image\" \/>\n<meta name=\"twitter:site\" content=\"@CommonCause\" \/>\n<script type=\"application\/ld+json\" class=\"yoast-schema-graph\">{\"@context\":\"https:\/\/schema.org\",\"@graph\":[{\"@type\":\"WebPage\",\"@id\":\"https:\/\/www.commoncause.org\/renew-your-annual-membership-direct-mail\/\",\"url\":\"https:\/\/www.commoncause.org\/renew-your-annual-membership-direct-mail\/\",\"name\":\"Renew Your Annual Membership \u2013 Direct Mail - Common Cause\",\"isPartOf\":{\"@id\":\"https:\/\/www.commoncause.org\/#website\"},\"datePublished\":\"2020-05-12T18:47:36+00:00\",\"dateModified\":\"2024-08-26T13:42:39+00:00\",\"breadcrumb\":{\"@id\":\"https:\/\/www.commoncause.org\/renew-your-annual-membership-direct-mail\/#breadcrumb\"},\"inLanguage\":\"fr-FR\",\"potentialAction\":[{\"@type\":\"ReadAction\",\"target\":[\"https:\/\/www.commoncause.org\/renew-your-annual-membership-direct-mail\/\"]}]},{\"@type\":\"BreadcrumbList\",\"@id\":\"https:\/\/www.commoncause.org\/renew-your-annual-membership-direct-mail\/#breadcrumb\",\"itemListElement\":[{\"@type\":\"ListItem\",\"position\":1,\"name\":\"Home\",\"item\":\"https:\/\/www.commoncause.org\/\"},{\"@type\":\"ListItem\",\"position\":2,\"name\":\"Renew Your Annual Membership \u2013 Direct Mail\"}]},{\"@type\":\"WebSite\",\"@id\":\"https:\/\/www.commoncause.org\/#website\",\"url\":\"https:\/\/www.commoncause.org\/\",\"name\":\"Common Cause\",\"description\":\"\",\"publisher\":{\"@id\":\"https:\/\/www.commoncause.org\/#organization\"},\"potentialAction\":[{\"@type\":\"SearchAction\",\"target\":{\"@type\":\"EntryPoint\",\"urlTemplate\":\"https:\/\/www.commoncause.org\/?s={search_term_string}\"},\"query-input\":{\"@type\":\"PropertyValueSpecification\",\"valueRequired\":true,\"valueName\":\"search_term_string\"}}],\"inLanguage\":\"fr-FR\"},{\"@type\":\"Organization\",\"@id\":\"https:\/\/www.commoncause.org\/#organization\",\"name\":\"Common Cause\",\"url\":\"https:\/\/www.commoncause.org\/\",\"logo\":{\"@type\":\"ImageObject\",\"inLanguage\":\"fr-FR\",\"@id\":\"https:\/\/www.commoncause.org\/#\/schema\/logo\/image\/\",\"url\":\"https:\/\/www.commoncause.org\/wp-content\/uploads\/2024\/05\/Common-Cause-Logo.png\",\"contentUrl\":\"https:\/\/www.commoncause.org\/wp-content\/uploads\/2024\/05\/Common-Cause-Logo.png\",\"width\":2066,\"height\":331,\"caption\":\"Common Cause\"},\"image\":{\"@id\":\"https:\/\/www.commoncause.org\/#\/schema\/logo\/image\/\"},\"sameAs\":[\"https:\/\/www.facebook.com\/CommonCause\",\"https:\/\/x.com\/CommonCause\",\"https:\/\/www.instagram.com\/ourcommoncause\/\"]}]}<\/script>\n<!-- \/ Yoast SEO Premium plugin. -->","yoast_head_json":{"title":"Renew Your Annual Membership \u2013 Direct Mail - Common Cause","robots":{"index":"index","follow":"follow","max-snippet":"max-snippet:-1","max-image-preview":"max-image-preview:large","max-video-preview":"max-video-preview:-1"},"canonical":"https:\/\/www.commoncause.org\/fr\/renew-your-annual-membership-direct-mail\/","og_locale":"fr_FR","og_type":"article","og_title":"Renew Your Annual Membership \u2013 Direct Mail","og_url":"https:\/\/www.commoncause.org\/fr\/renew-your-annual-membership-direct-mail\/","og_site_name":"Common Cause","article_publisher":"https:\/\/www.facebook.com\/CommonCause","article_modified_time":"2024-08-26T13:42:39+00:00","og_image":[{"width":1200,"height":630,"url":"https:\/\/www.commoncause.org\/wp-content\/uploads\/2024\/10\/CC-Share-Graphic-Main9.jpg","type":"image\/jpeg"}],"twitter_card":"summary_large_image","twitter_site":"@CommonCause","schema":{"@context":"https:\/\/schema.org","@graph":[{"@type":"WebPage","@id":"https:\/\/www.commoncause.org\/renew-your-annual-membership-direct-mail\/","url":"https:\/\/www.commoncause.org\/renew-your-annual-membership-direct-mail\/","name":"Renew Your Annual Membership \u2013 Direct Mail - Common Cause","isPartOf":{"@id":"https:\/\/www.commoncause.org\/#website"},"datePublished":"2020-05-12T18:47:36+00:00","dateModified":"2024-08-26T13:42:39+00:00","breadcrumb":{"@id":"https:\/\/www.commoncause.org\/renew-your-annual-membership-direct-mail\/#breadcrumb"},"inLanguage":"fr-FR","potentialAction":[{"@type":"ReadAction","target":["https:\/\/www.commoncause.org\/renew-your-annual-membership-direct-mail\/"]}]},{"@type":"BreadcrumbList","@id":"https:\/\/www.commoncause.org\/renew-your-annual-membership-direct-mail\/#breadcrumb","itemListElement":[{"@type":"ListItem","position":1,"name":"Home","item":"https:\/\/www.commoncause.org\/"},{"@type":"ListItem","position":2,"name":"Renew Your Annual Membership \u2013 Direct Mail"}]},{"@type":"WebSite","@id":"https:\/\/www.commoncause.org\/#website","url":"https:\/\/www.commoncause.org\/","name":"Cause commune","description":"","publisher":{"@id":"https:\/\/www.commoncause.org\/#organization"},"potentialAction":[{"@type":"SearchAction","target":{"@type":"EntryPoint","urlTemplate":"https:\/\/www.commoncause.org\/?s={search_term_string}"},"query-input":{"@type":"PropertyValueSpecification","valueRequired":true,"valueName":"search_term_string"}}],"inLanguage":"fr-FR"},{"@type":"Organization","@id":"https:\/\/www.commoncause.org\/#organization","name":"Cause commune","url":"https:\/\/www.commoncause.org\/","logo":{"@type":"ImageObject","inLanguage":"fr-FR","@id":"https:\/\/www.commoncause.org\/#\/schema\/logo\/image\/","url":"https:\/\/www.commoncause.org\/wp-content\/uploads\/2024\/05\/Common-Cause-Logo.png","contentUrl":"https:\/\/www.commoncause.org\/wp-content\/uploads\/2024\/05\/Common-Cause-Logo.png","width":2066,"height":331,"caption":"Common Cause"},"image":{"@id":"https:\/\/www.commoncause.org\/#\/schema\/logo\/image\/"},"sameAs":["https:\/\/www.facebook.com\/CommonCause","https:\/\/x.com\/CommonCause","https:\/\/www.instagram.com\/ourcommoncause\/"]}]}},"distributor_meta":false,"distributor_terms":false,"distributor_media":false,"distributor_original_site_name":"Common Cause","distributor_original_site_url":"https:\/\/www.commoncause.org\/fr","push-errors":false,"_links":{"self":[{"href":"https:\/\/www.commoncause.org\/fr\/wp-json\/wp\/v2\/pages\/14015","targetHints":{"allow":["GET"]}}],"collection":[{"href":"https:\/\/www.commoncause.org\/fr\/wp-json\/wp\/v2\/pages"}],"about":[{"href":"https:\/\/www.commoncause.org\/fr\/wp-json\/wp\/v2\/types\/page"}],"author":[{"embeddable":true,"href":"https:\/\/www.commoncause.org\/fr\/wp-json\/wp\/v2\/users\/33"}],"replies":[{"embeddable":true,"href":"https:\/\/www.commoncause.org\/fr\/wp-json\/wp\/v2\/comments?post=14015"}],"version-history":[{"count":2,"href":"https:\/\/www.commoncause.org\/fr\/wp-json\/wp\/v2\/pages\/14015\/revisions"}],"predecessor-version":[{"id":22331,"href":"https:\/\/www.commoncause.org\/fr\/wp-json\/wp\/v2\/pages\/14015\/revisions\/22331"}],"wp:attachment":[{"href":"https:\/\/www.commoncause.org\/fr\/wp-json\/wp\/v2\/media?parent=14015"}],"curies":[{"name":"wp","href":"https:\/\/api.w.org\/{rel}","templated":true}]}}