{"id":13997,"date":"2021-12-06T16:01:07","date_gmt":"2021-12-06T21:01:07","guid":{"rendered":"https:\/\/www.commoncause.org\/gifts-of-stock\/"},"modified":"2025-12-17T15:40:07","modified_gmt":"2025-12-17T20:40:07","slug":"dons-dactions","status":"publish","type":"page","link":"https:\/\/www.commoncause.org\/fr\/donate\/gifts-of-stock\/","title":{"rendered":"Dons d&#039;actions"},"content":{"rendered":"","protected":false},"excerpt":{"rendered":"","protected":false},"author":35,"featured_media":0,"parent":1284,"menu_order":0,"comment_status":"closed","ping_status":"closed","template":"","meta":{"_acf_changed":false,"_relevanssi_hide_post":"","_relevanssi_hide_content":"","_relevanssi_pin_for_all":"","_relevanssi_pin_keywords":"","_relevanssi_unpin_keywords":"","_relevanssi_related_keywords":"","_relevanssi_related_include_ids":"","_relevanssi_related_exclude_ids":"","_relevanssi_related_no_append":"","_relevanssi_related_not_related":"","_relevanssi_related_posts":"","_relevanssi_noindex_reason":""},"class_list":["post-13997","page","type-page","status-publish","hentry"],"acf":{"header":{"component_page_header":{"header_type":"default","title":"","lead":"","image":"","subnavigation":false}},"sidebar":{"helper_enable_sidebar":false,"helper_media_contact":{"heading":"Media Contact","manually_enter_person":false,"person":"","name":"","role":"","phone":"","email":""},"helper_links_downloads":{"heading":"Links & Downloads","links":null}},"page_layout":[{"acf_fc_layout":"layout_wysiwyg","_acfe_flexible_toggle":null,"component_wysiwyg":{"content":"<h2>Faire un don d&#039;actions<\/h2>\r\n<div class=\"description\">\r\n<p style=\"font-weight: 400;\">Faire un don d\u2019actions au Common Cause Education Fund ou \u00e0 Common Cause est un moyen simple de poursuivre nos efforts pour renforcer la d\u00e9mocratie.<\/p>\r\n<p style=\"font-weight: 400;\"><strong>Fonds d&#039;\u00e9ducation pour une cause commune<\/strong> est une organisation 501(c)(3) et les contributions qui lui sont vers\u00e9es sont \u00e9ligibles \u00e0 une d\u00e9duction fiscale. Bien que tous les dons au Common Cause Education Fund effectu\u00e9s avant le 31 d\u00e9cembre soient admissibles \u00e0 une d\u00e9duction fiscale pour l&#039;ann\u00e9e civile, un don de biens appr\u00e9ci\u00e9s tels que des actions, des obligations et des fonds communs de placement peut entra\u00eener des \u00e9conomies d&#039;imp\u00f4t suppl\u00e9mentaires. Vous trouverez ci-dessous les coordonn\u00e9es et les informations d&#039;acheminement que vous pouvez utiliser pour faire un don d&#039;actions au Common Cause Education Fund.<\/p>\r\n<p style=\"font-weight: 400;\"><strong>Courtier en valeurs mobili\u00e8res du Fonds d&#039;\u00e9ducation Common Cause : <\/strong>Bryan A. Lenet, conseiller financier<\/p>\r\n<p style=\"font-weight: 400;\"><strong>Adresse:<\/strong> Wells Fargo Clearing Services, 7600 Wisconsin Ave., Suite 900, Bethesda, MD\u00a0 20814<\/p>\r\n<p style=\"font-weight: 400;\"><strong>Num\u00e9ro de t\u00e9l\u00e9phone:<\/strong> 301-961-0129<\/p>\r\n<p style=\"font-weight: 400;\"><strong>Code d&#039;anomalie # :<\/strong> 0141<\/p>\r\n<p style=\"font-weight: 400;\"><strong>Compte # :<\/strong> 2073-8017<\/p>\r\n<p style=\"font-weight: 400;\"><strong>Num\u00e9ro d&#039;identification fiscale f\u00e9d\u00e9ral du Fonds d&#039;\u00e9ducation Common Cause #\u00a0:<\/strong> 31-1705370<\/p>\r\n\r\n\r\n<hr \/>\r\n<p style=\"font-weight: 400;\">Contributions \u00e0 <strong>Cause commune<\/strong> Les dons de bienfaisance ne sont pas d\u00e9ductibles des imp\u00f4ts car nous sommes une organisation de lobbying 501(c)(4). Vous trouverez ci-dessous les coordonn\u00e9es et les informations d&#039;acheminement que vous pouvez utiliser pour faire un don d&#039;actions.<\/p>\r\n<p style=\"font-weight: 400;\"><strong>Courtier en valeurs mobili\u00e8res Common Cause<\/strong>:Bryan A. Lenet, conseiller financier<\/p>\r\n<p style=\"font-weight: 400;\"><strong>Adresse: <\/strong>Wells Fargo Clearing Services, 7600 Wisconsin Ave., Suite 900<\/p>\r\n<p style=\"font-weight: 400;\">Bethesda, MD 20814<\/p>\r\n<p style=\"font-weight: 400;\"><strong>Num\u00e9ro de t\u00e9l\u00e9phone:<\/strong> 301-961-0129<\/p>\r\n<p style=\"font-weight: 400;\"><strong>Code d&#039;anomalie # :<\/strong> 0141<\/p>\r\n<p style=\"font-weight: 400;\"><strong>Compte # :<\/strong> 2073-8008<\/p>\r\n<p style=\"font-weight: 400;\"><strong>Num\u00e9ro d&#039;identification fiscale f\u00e9d\u00e9ral de cause commune #\u00a0:<\/strong> 52-6078441<\/p>\r\n<p style=\"font-weight: 400;\">If making an electronic transfer of stock, please call Bryan A. Lenet, Financial Advisor, at the above phone number (or if you have additional questions, email us at giving@commoncause.org). We will need to know the identity and address of the donor, as well as any restrictions to the gift (for example, a gift intended for use within a particular state). If requested, we will honor a donor's request for anonymity and will use contact information for internal record-keeping only.<\/p>\r\n\r\n<\/div>"}}]},"yoast_head":"<!-- This site is optimized with the Yoast SEO Premium plugin v26.6 (Yoast SEO v27.1.1) - https:\/\/yoast.com\/product\/yoast-seo-premium-wordpress\/ -->\n<title>Gifts of Stock - Common Cause<\/title>\n<meta name=\"robots\" content=\"index, follow, max-snippet:-1, max-image-preview:large, max-video-preview:-1\" \/>\n<link rel=\"canonical\" href=\"https:\/\/www.commoncause.org\/fr\/faire-un-don\/dons-dactions\/\" \/>\n<meta property=\"og:locale\" content=\"fr_FR\" \/>\n<meta property=\"og:type\" content=\"article\" \/>\n<meta property=\"og:title\" content=\"Gifts of Stock\" \/>\n<meta property=\"og:url\" content=\"https:\/\/www.commoncause.org\/fr\/faire-un-don\/dons-dactions\/\" \/>\n<meta property=\"og:site_name\" content=\"Common Cause\" \/>\n<meta property=\"article:publisher\" content=\"https:\/\/www.facebook.com\/CommonCause\" \/>\n<meta property=\"article:modified_time\" content=\"2025-12-17T20:40:07+00:00\" \/>\n<meta property=\"og:image\" content=\"https:\/\/www.commoncause.org\/wp-content\/uploads\/2024\/10\/CC-Share-Graphic-Main9.jpg\" \/>\n\t<meta property=\"og:image:width\" content=\"1200\" \/>\n\t<meta property=\"og:image:height\" content=\"630\" \/>\n\t<meta property=\"og:image:type\" content=\"image\/jpeg\" \/>\n<meta name=\"twitter:card\" content=\"summary_large_image\" \/>\n<meta name=\"twitter:site\" content=\"@CommonCause\" \/>\n<script type=\"application\/ld+json\" class=\"yoast-schema-graph\">{\"@context\":\"https:\/\/schema.org\",\"@graph\":[{\"@type\":\"WebPage\",\"@id\":\"https:\/\/www.commoncause.org\/donate\/gifts-of-stock\/\",\"url\":\"https:\/\/www.commoncause.org\/donate\/gifts-of-stock\/\",\"name\":\"Gifts of Stock - Common Cause\",\"isPartOf\":{\"@id\":\"https:\/\/www.commoncause.org\/#website\"},\"datePublished\":\"2021-12-06T21:01:07+00:00\",\"dateModified\":\"2025-12-17T20:40:07+00:00\",\"breadcrumb\":{\"@id\":\"https:\/\/www.commoncause.org\/donate\/gifts-of-stock\/#breadcrumb\"},\"inLanguage\":\"fr-FR\",\"potentialAction\":[{\"@type\":\"ReadAction\",\"target\":[\"https:\/\/www.commoncause.org\/donate\/gifts-of-stock\/\"]}]},{\"@type\":\"BreadcrumbList\",\"@id\":\"https:\/\/www.commoncause.org\/donate\/gifts-of-stock\/#breadcrumb\",\"itemListElement\":[{\"@type\":\"ListItem\",\"position\":1,\"name\":\"Home\",\"item\":\"https:\/\/www.commoncause.org\/\"},{\"@type\":\"ListItem\",\"position\":2,\"name\":\"Donate\",\"item\":\"https:\/\/www.commoncause.org\/donate\/\"},{\"@type\":\"ListItem\",\"position\":3,\"name\":\"Gifts of Stock\"}]},{\"@type\":\"WebSite\",\"@id\":\"https:\/\/www.commoncause.org\/#website\",\"url\":\"https:\/\/www.commoncause.org\/\",\"name\":\"Common Cause\",\"description\":\"\",\"publisher\":{\"@id\":\"https:\/\/www.commoncause.org\/#organization\"},\"potentialAction\":[{\"@type\":\"SearchAction\",\"target\":{\"@type\":\"EntryPoint\",\"urlTemplate\":\"https:\/\/www.commoncause.org\/?s={search_term_string}\"},\"query-input\":{\"@type\":\"PropertyValueSpecification\",\"valueRequired\":true,\"valueName\":\"search_term_string\"}}],\"inLanguage\":\"fr-FR\"},{\"@type\":\"Organization\",\"@id\":\"https:\/\/www.commoncause.org\/#organization\",\"name\":\"Common Cause\",\"url\":\"https:\/\/www.commoncause.org\/\",\"logo\":{\"@type\":\"ImageObject\",\"inLanguage\":\"fr-FR\",\"@id\":\"https:\/\/www.commoncause.org\/#\/schema\/logo\/image\/\",\"url\":\"https:\/\/www.commoncause.org\/wp-content\/uploads\/2024\/05\/Common-Cause-Logo.png\",\"contentUrl\":\"https:\/\/www.commoncause.org\/wp-content\/uploads\/2024\/05\/Common-Cause-Logo.png\",\"width\":2066,\"height\":331,\"caption\":\"Common Cause\"},\"image\":{\"@id\":\"https:\/\/www.commoncause.org\/#\/schema\/logo\/image\/\"},\"sameAs\":[\"https:\/\/www.facebook.com\/CommonCause\",\"https:\/\/x.com\/CommonCause\",\"https:\/\/www.instagram.com\/ourcommoncause\/\"]}]}<\/script>\n<!-- \/ Yoast SEO Premium plugin. -->","yoast_head_json":{"title":"Dons d&#039;actions - Cause commune","robots":{"index":"index","follow":"follow","max-snippet":"max-snippet:-1","max-image-preview":"max-image-preview:large","max-video-preview":"max-video-preview:-1"},"canonical":"https:\/\/www.commoncause.org\/fr\/faire-un-don\/dons-dactions\/","og_locale":"fr_FR","og_type":"article","og_title":"Gifts of Stock","og_url":"https:\/\/www.commoncause.org\/fr\/faire-un-don\/dons-dactions\/","og_site_name":"Common Cause","article_publisher":"https:\/\/www.facebook.com\/CommonCause","article_modified_time":"2025-12-17T20:40:07+00:00","og_image":[{"width":1200,"height":630,"url":"https:\/\/www.commoncause.org\/wp-content\/uploads\/2024\/10\/CC-Share-Graphic-Main9.jpg","type":"image\/jpeg"}],"twitter_card":"summary_large_image","twitter_site":"@CommonCause","schema":{"@context":"https:\/\/schema.org","@graph":[{"@type":"WebPage","@id":"https:\/\/www.commoncause.org\/donate\/gifts-of-stock\/","url":"https:\/\/www.commoncause.org\/donate\/gifts-of-stock\/","name":"Dons d&#039;actions - Cause commune","isPartOf":{"@id":"https:\/\/www.commoncause.org\/#website"},"datePublished":"2021-12-06T21:01:07+00:00","dateModified":"2025-12-17T20:40:07+00:00","breadcrumb":{"@id":"https:\/\/www.commoncause.org\/donate\/gifts-of-stock\/#breadcrumb"},"inLanguage":"fr-FR","potentialAction":[{"@type":"ReadAction","target":["https:\/\/www.commoncause.org\/donate\/gifts-of-stock\/"]}]},{"@type":"BreadcrumbList","@id":"https:\/\/www.commoncause.org\/donate\/gifts-of-stock\/#breadcrumb","itemListElement":[{"@type":"ListItem","position":1,"name":"Home","item":"https:\/\/www.commoncause.org\/"},{"@type":"ListItem","position":2,"name":"Donate","item":"https:\/\/www.commoncause.org\/donate\/"},{"@type":"ListItem","position":3,"name":"Gifts of Stock"}]},{"@type":"WebSite","@id":"https:\/\/www.commoncause.org\/#website","url":"https:\/\/www.commoncause.org\/","name":"Cause commune","description":"","publisher":{"@id":"https:\/\/www.commoncause.org\/#organization"},"potentialAction":[{"@type":"SearchAction","target":{"@type":"EntryPoint","urlTemplate":"https:\/\/www.commoncause.org\/?s={search_term_string}"},"query-input":{"@type":"PropertyValueSpecification","valueRequired":true,"valueName":"search_term_string"}}],"inLanguage":"fr-FR"},{"@type":"Organization","@id":"https:\/\/www.commoncause.org\/#organization","name":"Cause commune","url":"https:\/\/www.commoncause.org\/","logo":{"@type":"ImageObject","inLanguage":"fr-FR","@id":"https:\/\/www.commoncause.org\/#\/schema\/logo\/image\/","url":"https:\/\/www.commoncause.org\/wp-content\/uploads\/2024\/05\/Common-Cause-Logo.png","contentUrl":"https:\/\/www.commoncause.org\/wp-content\/uploads\/2024\/05\/Common-Cause-Logo.png","width":2066,"height":331,"caption":"Common Cause"},"image":{"@id":"https:\/\/www.commoncause.org\/#\/schema\/logo\/image\/"},"sameAs":["https:\/\/www.facebook.com\/CommonCause","https:\/\/x.com\/CommonCause","https:\/\/www.instagram.com\/ourcommoncause\/"]}]}},"distributor_meta":false,"distributor_terms":false,"distributor_media":false,"distributor_original_site_name":"Common Cause","distributor_original_site_url":"https:\/\/www.commoncause.org\/fr","push-errors":false,"_links":{"self":[{"href":"https:\/\/www.commoncause.org\/fr\/wp-json\/wp\/v2\/pages\/13997","targetHints":{"allow":["GET"]}}],"collection":[{"href":"https:\/\/www.commoncause.org\/fr\/wp-json\/wp\/v2\/pages"}],"about":[{"href":"https:\/\/www.commoncause.org\/fr\/wp-json\/wp\/v2\/types\/page"}],"author":[{"embeddable":true,"href":"https:\/\/www.commoncause.org\/fr\/wp-json\/wp\/v2\/users\/35"}],"replies":[{"embeddable":true,"href":"https:\/\/www.commoncause.org\/fr\/wp-json\/wp\/v2\/comments?post=13997"}],"version-history":[{"count":10,"href":"https:\/\/www.commoncause.org\/fr\/wp-json\/wp\/v2\/pages\/13997\/revisions"}],"predecessor-version":[{"id":53133,"href":"https:\/\/www.commoncause.org\/fr\/wp-json\/wp\/v2\/pages\/13997\/revisions\/53133"}],"up":[{"embeddable":true,"href":"https:\/\/www.commoncause.org\/fr\/wp-json\/wp\/v2\/pages\/1284"}],"wp:attachment":[{"href":"https:\/\/www.commoncause.org\/fr\/wp-json\/wp\/v2\/media?parent=13997"}],"curies":[{"name":"wp","href":"https:\/\/api.w.org\/{rel}","templated":true}]}}