{"id":13995,"date":"2019-11-14T17:38:42","date_gmt":"2019-11-14T22:38:42","guid":{"rendered":"https:\/\/www.commoncause.org\/retirement-funds-or-iras\/"},"modified":"2024-12-10T15:20:56","modified_gmt":"2024-12-10T20:20:56","slug":"fonds-de-retraite-ou-iras","status":"publish","type":"page","link":"https:\/\/www.commoncause.org\/fr\/donate\/retirement-funds-or-iras\/","title":{"rendered":"Dons par IRA ou compte de retraite"},"content":{"rendered":"","protected":false},"excerpt":{"rendered":"","protected":false},"author":33,"featured_media":0,"parent":1284,"menu_order":0,"comment_status":"closed","ping_status":"closed","template":"","meta":{"_acf_changed":false,"_relevanssi_hide_post":"","_relevanssi_hide_content":"","_relevanssi_pin_for_all":"","_relevanssi_pin_keywords":"","_relevanssi_unpin_keywords":"","_relevanssi_related_keywords":"","_relevanssi_related_include_ids":"","_relevanssi_related_exclude_ids":"","_relevanssi_related_no_append":"","_relevanssi_related_not_related":"","_relevanssi_related_posts":"","_relevanssi_noindex_reason":""},"class_list":["post-13995","page","type-page","status-publish","hentry"],"acf":{"header":{"component_page_header":{"header_type":"default","title":"","lead":"","image":"","subnavigation":false}},"sidebar":{"helper_enable_sidebar":false,"helper_media_contact":{"heading":"Media Contact","manually_enter_person":false,"person":"","name":"","role":"","phone":"","email":""},"helper_links_downloads":{"heading":"Links & Downloads","links":null}},"page_layout":[{"acf_fc_layout":"layout_wysiwyg","_acfe_flexible_toggle":"","component_wysiwyg":{"content":"Donating to Common Cause through your IRA or other retirement accounts can be a tax-efficient way to support our mission. Here's how it works and the benefits it provides:<span data-ccp-props=\"{&quot;134233117&quot;:false,&quot;134233118&quot;:false,&quot;201341983&quot;:0,&quot;335559738&quot;:0,&quot;335559739&quot;:0,&quot;335559740&quot;:279}\">\u00a0<\/span>\r\n\r\n<span data-contrast=\"auto\">Pour inclure Common Cause comme b\u00e9n\u00e9ficiaire de votre plan de retraite ou d\u2019un autre plan de planification financi\u00e8re, remplissez simplement un formulaire de \u00ab Changement de b\u00e9n\u00e9ficiaire \u00bb aupr\u00e8s de votre fournisseur de plan.\u00a0<\/span><span data-ccp-props=\"{&quot;134233117&quot;:false,&quot;134233118&quot;:false,&quot;201341983&quot;:0,&quot;335559738&quot;:0,&quot;335559739&quot;:0,&quot;335559740&quot;:279}\">\u00a0<\/span>\r\n\r\n<span data-contrast=\"auto\">Vous aurez besoin des informations suivantes pour remplir le formulaire :<\/span><span data-ccp-props=\"{&quot;134233117&quot;:false,&quot;134233118&quot;:false,&quot;201341983&quot;:0,&quot;335559738&quot;:0,&quot;335559739&quot;:0,&quot;335559740&quot;:279}\">\u00a0<\/span>\r\n\r\n<span data-contrast=\"auto\">Fonds d&#039;\u00e9ducation pour une cause commune<\/span>\r\n<span data-contrast=\"auto\">Attention : <\/span><span data-contrast=\"auto\">Sam Anderson-Chinnes<\/span>\r\n<span data-contrast=\"auto\">805, 15e rue Nord-Ouest, bureau 800<\/span>\r\n<span data-contrast=\"auto\">Washington, DC 20005<\/span>\r\n<span data-contrast=\"auto\">Num\u00e9ro d&#039;identification fiscale 31-1705370<\/span><span data-ccp-props=\"{&quot;134233117&quot;:false,&quot;134233118&quot;:false,&quot;201341983&quot;:0,&quot;335559738&quot;:0,&quot;335559739&quot;:0,&quot;335559740&quot;:279}\">\u00a0<\/span>\r\n\r\n<span data-contrast=\"auto\">Si vous avez des questions sur la mani\u00e8re de faire un don d&#039;un IRA ou d&#039;un plan de retraite, ou si vous avez besoin de plus de d\u00e9tails, n&#039;h\u00e9sitez pas \u00e0 contacter l&#039;\u00e9quipe des membres au <\/span><a href=\"mailto:giving@commoncause.org\"><span data-ccp-charstyle=\"Hyperlink\">giving@commoncause.org<\/span><\/a><span data-contrast=\"auto\">.<\/span><span data-ccp-props=\"{&quot;134233117&quot;:false,&quot;134233118&quot;:false,&quot;201341983&quot;:0,&quot;335559738&quot;:0,&quot;335559739&quot;:0,&quot;335559740&quot;:279}\">\u00a0<\/span>\r\n\r\n<span data-contrast=\"auto\"><strong>Distributions caritatives qualifi\u00e9es (QCD)<\/strong><\/span><span data-ccp-props=\"{&quot;134233117&quot;:false,&quot;134233118&quot;:false,&quot;201341983&quot;:0,&quot;335559738&quot;:0,&quot;335559739&quot;:0,&quot;335559740&quot;:279}\">\u00a0<\/span>\r\n<ol>\r\n \t<li><span data-contrast=\"auto\"> <strong>Admissibilit\u00e9<\/strong><\/span><span data-contrast=\"auto\">:<\/span><\/li>\r\n<\/ol>\r\n<ul>\r\n \t<li><span data-contrast=\"auto\"> <strong>\u00c2ge requis<\/strong><\/span><span data-contrast=\"auto\">:Vous devez avoir au moins 70 ans et demi pour effectuer une distribution caritative qualifi\u00e9e (QCD) \u00e0 partir de votre IRA.<\/span><\/li>\r\n \t<li><span data-contrast=\"auto\"> <strong>Type de compte<\/strong><\/span><span data-contrast=\"auto\">:Le QCD doit provenir d&#039;un IRA traditionnel, bien que certains r\u00e9gimes de retraite parrain\u00e9s par l&#039;employeur puissent \u00eatre \u00e9ligibles s&#039;ils sont d&#039;abord transf\u00e9r\u00e9s dans un IRA.<\/span><\/li>\r\n<\/ul>\r\n<ol start=\"2\">\r\n \t<li><span data-contrast=\"auto\"> <strong>Avantages fiscaux<\/strong><\/span><span data-contrast=\"auto\">:<\/span><\/li>\r\n<\/ol>\r\n<ul>\r\n \t<li><span data-contrast=\"auto\"> <strong>\u00c9viter l&#039;imp\u00f4t sur le revenu<\/strong><\/span><span data-contrast=\"auto\">:Les QCD sont exclus de votre revenu imposable. Cela peut \u00eatre avantageux car cela peut vous aider \u00e0 \u00e9viter des tranches d&#039;imposition sur le revenu plus \u00e9lev\u00e9es et une \u00e9ventuelle imposition sur les prestations de s\u00e9curit\u00e9 sociale.<\/span><\/li>\r\n \t<li><span data-contrast=\"auto\"> <strong>Distributions minimales requises (RMD)<\/strong><\/span><span data-contrast=\"auto\">:Les QCD comptent pour vos distributions minimales requises (RMD), que vous devez commencer \u00e0 percevoir \u00e0 l&#039;\u00e2ge de 73 ans. En dirigeant ces distributions vers des \u0153uvres caritatives, vous pouvez r\u00e9duire votre revenu imposable.<\/span><\/li>\r\n<\/ul>\r\n<ol start=\"3\">\r\n \t<li><span data-contrast=\"auto\"> <strong>Limites de contribution<\/strong><\/span><span data-contrast=\"auto\">:<\/span><\/li>\r\n<\/ol>\r\n<ul>\r\n \t<li><span data-contrast=\"auto\"> <strong>Limite annuelle<\/strong><\/span><span data-contrast=\"auto\">:Vous pouvez faire un don jusqu&#039;\u00e0 $100 000 par an directement depuis votre IRA \u00e0 un organisme de bienfaisance qualifi\u00e9 comme Common Cause.<\/span><\/li>\r\n \t<li><span data-contrast=\"auto\"> <strong>Couples mari\u00e9s<\/strong><\/span><span data-contrast=\"auto\">:Si les deux conjoints ont un IRA et ont au moins 70 ans et demi, chacun peut donner jusqu&#039;\u00e0 $100 000, soit un total de $200 000 par an.<\/span><\/li>\r\n<\/ul>\r\n<span data-contrast=\"auto\"><strong>Comment cr\u00e9er un QCD pour une cause commune<\/strong><\/span><span data-ccp-props=\"{&quot;134233117&quot;:false,&quot;134233118&quot;:false,&quot;201341983&quot;:0,&quot;335559738&quot;:0,&quot;335559739&quot;:0,&quot;335559740&quot;:279}\">\u00a0<\/span>\r\n<ol start=\"4\">\r\n \t<li><span data-contrast=\"auto\"> <strong>Contactez votre d\u00e9positaire IRA<\/strong><\/span><span data-contrast=\"auto\">:<\/span><\/li>\r\n<\/ol>\r\n<ul>\r\n \t<li><span data-contrast=\"auto\"> Informez le d\u00e9positaire de votre IRA que vous souhaitez effectuer une distribution caritative admissible \u00e0 Common Cause. Il vous fournira les formulaires et instructions n\u00e9cessaires.<\/span><\/li>\r\n<\/ul>\r\n<ol start=\"5\">\r\n \t<li><span data-contrast=\"auto\"> <strong>Fournir des informations sur les \u0153uvres caritatives<\/strong><\/span><span data-contrast=\"auto\">:<\/span><\/li>\r\n<\/ol>\r\n<ul>\r\n \t<li><span data-contrast=\"auto\"> Fournissez \u00e0 votre gardien les d\u00e9tails suivants concernant Common Cause\u00a0:<\/span><\/li>\r\n \t<li><span data-contrast=\"auto\"> <strong>Nom l\u00e9gal<\/strong><\/span><span data-contrast=\"auto\">:Fonds d&#039;\u00e9ducation pour une cause commune<\/span><\/li>\r\n \t<li><span data-contrast=\"auto\"> <strong>Adresse<\/strong><\/span><span data-contrast=\"auto\">: 805 15th Street NW, Suite 800, Washington, DC 20005<\/span><\/li>\r\n \t<li><span data-contrast=\"auto\"> <strong>Num\u00e9ro d&#039;identification fiscale<\/strong><\/span><span data-contrast=\"auto\">: 31-1705370\u00a0<\/span><\/li>\r\n<\/ul>\r\n<ol start=\"6\">\r\n \t<li><span data-contrast=\"auto\"> <strong>Pr\u00e9cisez le montant<\/strong><\/span><span data-contrast=\"auto\">:<\/span><\/li>\r\n<\/ol>\r\n<ul>\r\n \t<li><span data-contrast=\"auto\"> Indiquez le montant que vous souhaitez donner. N&#039;oubliez pas que la distribution doit \u00eatre effectu\u00e9e directement de votre IRA \u00e0 Common Cause pour \u00eatre consid\u00e9r\u00e9e comme un QCD.<\/span><\/li>\r\n<\/ul>\r\n<ol start=\"7\">\r\n \t<li><span data-contrast=\"auto\"> <strong>Tenir des registres<\/strong><\/span><span data-contrast=\"auto\">:<\/span><\/li>\r\n<\/ol>\r\n<ul>\r\n \t<li><span data-contrast=\"auto\"> Conservez une copie de la lettre d&#039;instructions adress\u00e9e au d\u00e9positaire de votre IRA et toute correspondance de Common Cause accusant r\u00e9ception de votre don. Cette documentation est essentielle pour vos dossiers fiscaux.<\/span><\/li>\r\n<\/ul>\r\n<span data-contrast=\"auto\">\u00a0<\/span><span data-ccp-props=\"{&quot;134233117&quot;:false,&quot;134233118&quot;:false,&quot;201341983&quot;:0,&quot;335559738&quot;:0,&quot;335559739&quot;:0,&quot;335559740&quot;:279}\">\u00a0<\/span>\r\n\r\n<span data-contrast=\"auto\"><strong>Consid\u00e9rations suppl\u00e9mentaires<\/strong><\/span><span data-ccp-props=\"{&quot;134233117&quot;:false,&quot;134233118&quot;:false,&quot;201341983&quot;:0,&quot;335559738&quot;:0,&quot;335559739&quot;:0,&quot;335559740&quot;:279}\">\u00a0<\/span>\r\n<ol start=\"8\">\r\n \t<li><span data-contrast=\"auto\"> <strong>Comptes de retraite non IRA<\/strong><\/span><span data-contrast=\"auto\">:<\/span><\/li>\r\n<\/ol>\r\n<ul>\r\n \t<li><span data-contrast=\"auto\"> Si vous avez d&#039;autres comptes de retraite, tels qu&#039;un 401(k) ou un 403(b), vous devrez peut-\u00eatre transf\u00e9rer ces fonds dans un IRA traditionnel avant d&#039;effectuer un QCD.<\/span><\/li>\r\n<\/ul>\r\n<ol start=\"9\">\r\n \t<li><span data-contrast=\"auto\"> <strong>Planification fiscale<\/strong><\/span><span data-contrast=\"auto\">:<\/span><\/li>\r\n<\/ol>\r\n<ul>\r\n \t<li><span data-contrast=\"auto\"> Consultez un conseiller fiscal pour comprendre l\u2019impact des QCD sur votre situation fiscale globale. Cela peut vous aider \u00e0 maximiser les avantages de votre strat\u00e9gie de dons de bienfaisance.<\/span><\/li>\r\n<\/ul>\r\n<ol start=\"10\">\r\n \t<li><span data-contrast=\"auto\"> <strong>Timing<\/strong><\/span><span data-contrast=\"auto\">:<\/span><\/li>\r\n<\/ol>\r\n<ul>\r\n \t<li><span data-contrast=\"auto\"> Assurez-vous que la distribution soit termin\u00e9e avant le 31 d\u00e9cembre si vous souhaitez qu&#039;elle soit comptabilis\u00e9e dans votre RMD pour l&#039;ann\u00e9e en cours. Lancez le processus t\u00f4t pour \u00e9viter tout retard.<\/span><\/li>\r\n<\/ul>"}}]},"yoast_head":"<!-- This site is optimized with the Yoast SEO Premium plugin v26.6 (Yoast SEO v27.1.1) - https:\/\/yoast.com\/product\/yoast-seo-premium-wordpress\/ -->\n<title>IRA or Retirement Account Giving - Common Cause<\/title>\n<meta name=\"robots\" content=\"index, follow, max-snippet:-1, max-image-preview:large, max-video-preview:-1\" \/>\n<link rel=\"canonical\" href=\"https:\/\/www.commoncause.org\/fr\/faire-un-don\/fonds-de-retraite-ou-iras\/\" \/>\n<meta property=\"og:locale\" content=\"fr_FR\" \/>\n<meta property=\"og:type\" content=\"article\" \/>\n<meta property=\"og:title\" content=\"IRA or Retirement Account Giving\" \/>\n<meta property=\"og:url\" content=\"https:\/\/www.commoncause.org\/fr\/faire-un-don\/fonds-de-retraite-ou-iras\/\" \/>\n<meta property=\"og:site_name\" content=\"Common Cause\" \/>\n<meta property=\"article:publisher\" content=\"https:\/\/www.facebook.com\/CommonCause\" \/>\n<meta property=\"article:modified_time\" content=\"2024-12-10T20:20:56+00:00\" \/>\n<meta property=\"og:image\" content=\"https:\/\/www.commoncause.org\/wp-content\/uploads\/2024\/10\/CC-Share-Graphic-Main9.jpg\" \/>\n\t<meta property=\"og:image:width\" content=\"1200\" \/>\n\t<meta property=\"og:image:height\" content=\"630\" \/>\n\t<meta property=\"og:image:type\" content=\"image\/jpeg\" \/>\n<meta name=\"twitter:card\" content=\"summary_large_image\" \/>\n<meta name=\"twitter:site\" content=\"@CommonCause\" \/>\n<script type=\"application\/ld+json\" class=\"yoast-schema-graph\">{\"@context\":\"https:\/\/schema.org\",\"@graph\":[{\"@type\":\"WebPage\",\"@id\":\"https:\/\/www.commoncause.org\/donate\/retirement-funds-or-iras\/\",\"url\":\"https:\/\/www.commoncause.org\/donate\/retirement-funds-or-iras\/\",\"name\":\"IRA or Retirement Account Giving - Common Cause\",\"isPartOf\":{\"@id\":\"https:\/\/www.commoncause.org\/#website\"},\"datePublished\":\"2019-11-14T22:38:42+00:00\",\"dateModified\":\"2024-12-10T20:20:56+00:00\",\"breadcrumb\":{\"@id\":\"https:\/\/www.commoncause.org\/donate\/retirement-funds-or-iras\/#breadcrumb\"},\"inLanguage\":\"fr-FR\",\"potentialAction\":[{\"@type\":\"ReadAction\",\"target\":[\"https:\/\/www.commoncause.org\/donate\/retirement-funds-or-iras\/\"]}]},{\"@type\":\"BreadcrumbList\",\"@id\":\"https:\/\/www.commoncause.org\/donate\/retirement-funds-or-iras\/#breadcrumb\",\"itemListElement\":[{\"@type\":\"ListItem\",\"position\":1,\"name\":\"Home\",\"item\":\"https:\/\/www.commoncause.org\/\"},{\"@type\":\"ListItem\",\"position\":2,\"name\":\"Donate\",\"item\":\"https:\/\/www.commoncause.org\/donate\/\"},{\"@type\":\"ListItem\",\"position\":3,\"name\":\"IRA or Retirement Account Giving\"}]},{\"@type\":\"WebSite\",\"@id\":\"https:\/\/www.commoncause.org\/#website\",\"url\":\"https:\/\/www.commoncause.org\/\",\"name\":\"Common Cause\",\"description\":\"\",\"publisher\":{\"@id\":\"https:\/\/www.commoncause.org\/#organization\"},\"potentialAction\":[{\"@type\":\"SearchAction\",\"target\":{\"@type\":\"EntryPoint\",\"urlTemplate\":\"https:\/\/www.commoncause.org\/?s={search_term_string}\"},\"query-input\":{\"@type\":\"PropertyValueSpecification\",\"valueRequired\":true,\"valueName\":\"search_term_string\"}}],\"inLanguage\":\"fr-FR\"},{\"@type\":\"Organization\",\"@id\":\"https:\/\/www.commoncause.org\/#organization\",\"name\":\"Common Cause\",\"url\":\"https:\/\/www.commoncause.org\/\",\"logo\":{\"@type\":\"ImageObject\",\"inLanguage\":\"fr-FR\",\"@id\":\"https:\/\/www.commoncause.org\/#\/schema\/logo\/image\/\",\"url\":\"https:\/\/www.commoncause.org\/wp-content\/uploads\/2024\/05\/Common-Cause-Logo.png\",\"contentUrl\":\"https:\/\/www.commoncause.org\/wp-content\/uploads\/2024\/05\/Common-Cause-Logo.png\",\"width\":2066,\"height\":331,\"caption\":\"Common Cause\"},\"image\":{\"@id\":\"https:\/\/www.commoncause.org\/#\/schema\/logo\/image\/\"},\"sameAs\":[\"https:\/\/www.facebook.com\/CommonCause\",\"https:\/\/x.com\/CommonCause\",\"https:\/\/www.instagram.com\/ourcommoncause\/\"]}]}<\/script>\n<!-- \/ Yoast SEO Premium plugin. -->","yoast_head_json":{"title":"Dons par IRA ou compte de retraite \u2013 une cause commune","robots":{"index":"index","follow":"follow","max-snippet":"max-snippet:-1","max-image-preview":"max-image-preview:large","max-video-preview":"max-video-preview:-1"},"canonical":"https:\/\/www.commoncause.org\/fr\/faire-un-don\/fonds-de-retraite-ou-iras\/","og_locale":"fr_FR","og_type":"article","og_title":"IRA or Retirement Account Giving","og_url":"https:\/\/www.commoncause.org\/fr\/faire-un-don\/fonds-de-retraite-ou-iras\/","og_site_name":"Common Cause","article_publisher":"https:\/\/www.facebook.com\/CommonCause","article_modified_time":"2024-12-10T20:20:56+00:00","og_image":[{"width":1200,"height":630,"url":"https:\/\/www.commoncause.org\/wp-content\/uploads\/2024\/10\/CC-Share-Graphic-Main9.jpg","type":"image\/jpeg"}],"twitter_card":"summary_large_image","twitter_site":"@CommonCause","schema":{"@context":"https:\/\/schema.org","@graph":[{"@type":"WebPage","@id":"https:\/\/www.commoncause.org\/donate\/retirement-funds-or-iras\/","url":"https:\/\/www.commoncause.org\/donate\/retirement-funds-or-iras\/","name":"Dons par IRA ou compte de retraite \u2013 une cause commune","isPartOf":{"@id":"https:\/\/www.commoncause.org\/#website"},"datePublished":"2019-11-14T22:38:42+00:00","dateModified":"2024-12-10T20:20:56+00:00","breadcrumb":{"@id":"https:\/\/www.commoncause.org\/donate\/retirement-funds-or-iras\/#breadcrumb"},"inLanguage":"fr-FR","potentialAction":[{"@type":"ReadAction","target":["https:\/\/www.commoncause.org\/donate\/retirement-funds-or-iras\/"]}]},{"@type":"BreadcrumbList","@id":"https:\/\/www.commoncause.org\/donate\/retirement-funds-or-iras\/#breadcrumb","itemListElement":[{"@type":"ListItem","position":1,"name":"Home","item":"https:\/\/www.commoncause.org\/"},{"@type":"ListItem","position":2,"name":"Donate","item":"https:\/\/www.commoncause.org\/donate\/"},{"@type":"ListItem","position":3,"name":"IRA or Retirement Account Giving"}]},{"@type":"WebSite","@id":"https:\/\/www.commoncause.org\/#website","url":"https:\/\/www.commoncause.org\/","name":"Cause commune","description":"","publisher":{"@id":"https:\/\/www.commoncause.org\/#organization"},"potentialAction":[{"@type":"SearchAction","target":{"@type":"EntryPoint","urlTemplate":"https:\/\/www.commoncause.org\/?s={search_term_string}"},"query-input":{"@type":"PropertyValueSpecification","valueRequired":true,"valueName":"search_term_string"}}],"inLanguage":"fr-FR"},{"@type":"Organization","@id":"https:\/\/www.commoncause.org\/#organization","name":"Cause commune","url":"https:\/\/www.commoncause.org\/","logo":{"@type":"ImageObject","inLanguage":"fr-FR","@id":"https:\/\/www.commoncause.org\/#\/schema\/logo\/image\/","url":"https:\/\/www.commoncause.org\/wp-content\/uploads\/2024\/05\/Common-Cause-Logo.png","contentUrl":"https:\/\/www.commoncause.org\/wp-content\/uploads\/2024\/05\/Common-Cause-Logo.png","width":2066,"height":331,"caption":"Common Cause"},"image":{"@id":"https:\/\/www.commoncause.org\/#\/schema\/logo\/image\/"},"sameAs":["https:\/\/www.facebook.com\/CommonCause","https:\/\/x.com\/CommonCause","https:\/\/www.instagram.com\/ourcommoncause\/"]}]}},"distributor_meta":false,"distributor_terms":false,"distributor_media":false,"distributor_original_site_name":"Common Cause","distributor_original_site_url":"https:\/\/www.commoncause.org\/fr","push-errors":false,"_links":{"self":[{"href":"https:\/\/www.commoncause.org\/fr\/wp-json\/wp\/v2\/pages\/13995","targetHints":{"allow":["GET"]}}],"collection":[{"href":"https:\/\/www.commoncause.org\/fr\/wp-json\/wp\/v2\/pages"}],"about":[{"href":"https:\/\/www.commoncause.org\/fr\/wp-json\/wp\/v2\/types\/page"}],"author":[{"embeddable":true,"href":"https:\/\/www.commoncause.org\/fr\/wp-json\/wp\/v2\/users\/33"}],"replies":[{"embeddable":true,"href":"https:\/\/www.commoncause.org\/fr\/wp-json\/wp\/v2\/comments?post=13995"}],"version-history":[{"count":4,"href":"https:\/\/www.commoncause.org\/fr\/wp-json\/wp\/v2\/pages\/13995\/revisions"}],"predecessor-version":[{"id":24703,"href":"https:\/\/www.commoncause.org\/fr\/wp-json\/wp\/v2\/pages\/13995\/revisions\/24703"}],"up":[{"embeddable":true,"href":"https:\/\/www.commoncause.org\/fr\/wp-json\/wp\/v2\/pages\/1284"}],"wp:attachment":[{"href":"https:\/\/www.commoncause.org\/fr\/wp-json\/wp\/v2\/media?parent=13995"}],"curies":[{"name":"wp","href":"https:\/\/api.w.org\/{rel}","templated":true}]}}