{"id":13991,"date":"2023-04-13T12:26:45","date_gmt":"2023-04-13T16:26:45","guid":{"rendered":"https:\/\/www.commoncause.org\/download-puzzles-for-democracy\/"},"modified":"2024-08-30T14:25:02","modified_gmt":"2024-08-30T18:25:02","slug":"telecharger-des-puzzles-pour-la-democratie","status":"publish","type":"page","link":"https:\/\/www.commoncause.org\/fr\/download-puzzles-for-democracy\/","title":{"rendered":"T\u00e9l\u00e9chargez Puzzles pour la d\u00e9mocratie"},"content":{"rendered":"","protected":false},"excerpt":{"rendered":"","protected":false},"author":33,"featured_media":0,"parent":0,"menu_order":0,"comment_status":"closed","ping_status":"closed","template":"","meta":{"_acf_changed":false,"_relevanssi_hide_post":"","_relevanssi_hide_content":"","_relevanssi_pin_for_all":"","_relevanssi_pin_keywords":"","_relevanssi_unpin_keywords":"","_relevanssi_related_keywords":"","_relevanssi_related_include_ids":"","_relevanssi_related_exclude_ids":"","_relevanssi_related_no_append":"","_relevanssi_related_not_related":"","_relevanssi_related_posts":"","_relevanssi_noindex_reason":""},"class_list":["post-13991","page","type-page","status-publish","hentry"],"acf":{"header":{"component_page_header":{"header_type":"default","title":"","lead":"Thank you for your contribution! As our way of saying thanks, please enjoy this set of puzzles for Common Cause supporters like you.","image":"","subnavigation":false}},"sidebar":{"helper_enable_sidebar":false,"helper_media_contact":{"heading":"Media Contact","manually_enter_person":false,"person":"","name":"","role":"","phone":"","email":""},"helper_links_downloads":{"heading":"Links & Downloads","links":null}},"page_layout":[{"acf_fc_layout":"layout_wysiwyg","_acfe_flexible_toggle":"","component_wysiwyg":{"content":"We appreciate all you do to make Common Cause's work possible. Please bookmark this page to access your reward: \"Puzzles For Democracy\" -- a special set of 51 puzzles for every state in the country plus D.C. -- including crosswords, word games, logic puzzles and more."}},{"acf_fc_layout":"layout_wysiwyg","_acfe_flexible_toggle":"","component_wysiwyg":{"content":"<a class=\"button1\" href=\"https:\/\/www.commoncause.org\/wp-content\/uploads\/2024\/08\/Puzzles-for-Democracy-1.pdf\" role=\"button\">T\u00e9l\u00e9charger des puzzles<\/a>"}},{"acf_fc_layout":"layout_wysiwyg","_acfe_flexible_toggle":"","component_wysiwyg":{"content":"<h3>Remerciements sp\u00e9ciaux \u00e0 :<\/h3>\r\n<span class=\"ContentPasted0\">Roger Barkan<\/span><br class=\"ContentPasted0\" \/><span class=\"ContentPasted0\">\u00c9ric Berlin<\/span><br class=\"ContentPasted0\" \/><span class=\"ContentPasted0\">Patrick Berry<\/span><br class=\"ContentPasted0\" \/><span class=\"ContentPasted0\">Enfant au-del\u00e0<\/span><br class=\"ContentPasted0\" \/><span class=\"ContentPasted0\">Patrick Blindauer<\/span><br class=\"ContentPasted0\" \/><span class=\"ContentPasted0\">Nathan Curtis<\/span><br class=\"ContentPasted0\" \/><span class=\"ContentPasted0\">Evan Davis<\/span><br class=\"ContentPasted0\" \/><span class=\"ContentPasted0\">Andrew Esten<\/span><br class=\"ContentPasted0\" \/><span class=\"ContentPasted0\">Todd Etter<\/span><br class=\"ContentPasted0\" \/><span class=\"ContentPasted0\">Sara Goodchild<\/span><br class=\"ContentPasted0\" \/><span class=\"ContentPasted0\">Pierre Gordon<\/span><br class=\"ContentPasted0\" \/><span class=\"ContentPasted0\">Jenny Gutbezahl<\/span><br class=\"ContentPasted0\" \/><span class=\"ContentPasted0\">Mark Halpin<\/span><br class=\"ContentPasted0\" \/><span class=\"ContentPasted0\">Katie Hamill<\/span><br class=\"ContentPasted0\" \/><span class=\"ContentPasted0\">Jeffrey Harris<\/span><br class=\"ContentPasted0\" \/><span class=\"ContentPasted0\">Brent Holman<\/span><br class=\"ContentPasted0\" \/><span class=\"ContentPasted0\">Dan Katz<\/span><br class=\"ContentPasted0\" \/><span class=\"ContentPasted0\">Todd McClary<\/span><br class=\"ContentPasted0\" \/><span class=\"ContentPasted0\">Shai Nir Hana<\/span><br class=\"ContentPasted0\" \/><span class=\"ContentPasted0\">Voyage Payne<\/span><br class=\"ContentPasted0\" \/><span class=\"ContentPasted0\">Greg Pliska<\/span><br class=\"ContentPasted0\" \/><span class=\"ContentPasted0\">Scott Purdy<\/span><br class=\"ContentPasted0\" \/><span class=\"ContentPasted0\">Amanda Rafkin<\/span><br class=\"ContentPasted0\" \/><span class=\"ContentPasted0\">Darren Rigby<\/span><br class=\"ContentPasted0\" \/><span class=\"ContentPasted0\">Dave Shukan<\/span><br class=\"ContentPasted0\" \/><span class=\"ContentPasted0\">Matthieu Stein<\/span><br class=\"ContentPasted0\" \/><span class=\"ContentPasted0\">Mike Sylvia<\/span><br class=\"ContentPasted0\" \/><span class=\"ContentPasted0\">Kevin Wald<\/span><br class=\"ContentPasted0\" \/><span class=\"ContentPasted0\">Anderson Wang<\/span><br class=\"ContentPasted0\" \/><span class=\"ContentPasted0\">Sandy Weisz<\/span><br class=\"ContentPasted0\" \/><span class=\"ContentPasted0\">Bob Weisz<\/span><br class=\"ContentPasted0\" \/><span class=\"ContentPasted0\">Wil Zambole<\/span>"}}]},"yoast_head":"<!-- This site is optimized with the Yoast SEO Premium plugin v26.6 (Yoast SEO v27.1.1) - https:\/\/yoast.com\/product\/yoast-seo-premium-wordpress\/ -->\n<title>Download Puzzles For Democracy - Common Cause<\/title>\n<meta name=\"robots\" content=\"index, follow, max-snippet:-1, max-image-preview:large, max-video-preview:-1\" \/>\n<link rel=\"canonical\" href=\"https:\/\/www.commoncause.org\/fr\/telecharger-des-puzzles-pour-la-democratie\/\" \/>\n<meta property=\"og:locale\" content=\"fr_FR\" \/>\n<meta property=\"og:type\" content=\"article\" \/>\n<meta property=\"og:title\" content=\"Download Puzzles For Democracy\" \/>\n<meta property=\"og:url\" content=\"https:\/\/www.commoncause.org\/fr\/telecharger-des-puzzles-pour-la-democratie\/\" \/>\n<meta property=\"og:site_name\" content=\"Common Cause\" \/>\n<meta property=\"article:publisher\" content=\"https:\/\/www.facebook.com\/CommonCause\" \/>\n<meta property=\"article:modified_time\" content=\"2024-08-30T18:25:02+00:00\" \/>\n<meta property=\"og:image\" content=\"https:\/\/www.commoncause.org\/wp-content\/uploads\/2024\/10\/CC-Share-Graphic-Main9.jpg\" \/>\n\t<meta property=\"og:image:width\" content=\"1200\" \/>\n\t<meta property=\"og:image:height\" content=\"630\" \/>\n\t<meta property=\"og:image:type\" content=\"image\/jpeg\" \/>\n<meta name=\"twitter:card\" content=\"summary_large_image\" \/>\n<meta name=\"twitter:site\" content=\"@CommonCause\" \/>\n<script type=\"application\/ld+json\" class=\"yoast-schema-graph\">{\"@context\":\"https:\/\/schema.org\",\"@graph\":[{\"@type\":\"WebPage\",\"@id\":\"https:\/\/www.commoncause.org\/download-puzzles-for-democracy\/\",\"url\":\"https:\/\/www.commoncause.org\/download-puzzles-for-democracy\/\",\"name\":\"Download Puzzles For Democracy - Common Cause\",\"isPartOf\":{\"@id\":\"https:\/\/www.commoncause.org\/#website\"},\"datePublished\":\"2023-04-13T16:26:45+00:00\",\"dateModified\":\"2024-08-30T18:25:02+00:00\",\"breadcrumb\":{\"@id\":\"https:\/\/www.commoncause.org\/download-puzzles-for-democracy\/#breadcrumb\"},\"inLanguage\":\"fr-FR\",\"potentialAction\":[{\"@type\":\"ReadAction\",\"target\":[\"https:\/\/www.commoncause.org\/download-puzzles-for-democracy\/\"]}]},{\"@type\":\"BreadcrumbList\",\"@id\":\"https:\/\/www.commoncause.org\/download-puzzles-for-democracy\/#breadcrumb\",\"itemListElement\":[{\"@type\":\"ListItem\",\"position\":1,\"name\":\"Home\",\"item\":\"https:\/\/www.commoncause.org\/\"},{\"@type\":\"ListItem\",\"position\":2,\"name\":\"Download Puzzles For Democracy\"}]},{\"@type\":\"WebSite\",\"@id\":\"https:\/\/www.commoncause.org\/#website\",\"url\":\"https:\/\/www.commoncause.org\/\",\"name\":\"Common Cause\",\"description\":\"\",\"publisher\":{\"@id\":\"https:\/\/www.commoncause.org\/#organization\"},\"potentialAction\":[{\"@type\":\"SearchAction\",\"target\":{\"@type\":\"EntryPoint\",\"urlTemplate\":\"https:\/\/www.commoncause.org\/?s={search_term_string}\"},\"query-input\":{\"@type\":\"PropertyValueSpecification\",\"valueRequired\":true,\"valueName\":\"search_term_string\"}}],\"inLanguage\":\"fr-FR\"},{\"@type\":\"Organization\",\"@id\":\"https:\/\/www.commoncause.org\/#organization\",\"name\":\"Common Cause\",\"url\":\"https:\/\/www.commoncause.org\/\",\"logo\":{\"@type\":\"ImageObject\",\"inLanguage\":\"fr-FR\",\"@id\":\"https:\/\/www.commoncause.org\/#\/schema\/logo\/image\/\",\"url\":\"https:\/\/www.commoncause.org\/wp-content\/uploads\/2024\/05\/Common-Cause-Logo.png\",\"contentUrl\":\"https:\/\/www.commoncause.org\/wp-content\/uploads\/2024\/05\/Common-Cause-Logo.png\",\"width\":2066,\"height\":331,\"caption\":\"Common Cause\"},\"image\":{\"@id\":\"https:\/\/www.commoncause.org\/#\/schema\/logo\/image\/\"},\"sameAs\":[\"https:\/\/www.facebook.com\/CommonCause\",\"https:\/\/x.com\/CommonCause\",\"https:\/\/www.instagram.com\/ourcommoncause\/\"]}]}<\/script>\n<!-- \/ Yoast SEO Premium plugin. -->","yoast_head_json":{"title":"T\u00e9l\u00e9charger Puzzles pour la d\u00e9mocratie - Cause commune","robots":{"index":"index","follow":"follow","max-snippet":"max-snippet:-1","max-image-preview":"max-image-preview:large","max-video-preview":"max-video-preview:-1"},"canonical":"https:\/\/www.commoncause.org\/fr\/telecharger-des-puzzles-pour-la-democratie\/","og_locale":"fr_FR","og_type":"article","og_title":"Download Puzzles For Democracy","og_url":"https:\/\/www.commoncause.org\/fr\/telecharger-des-puzzles-pour-la-democratie\/","og_site_name":"Common Cause","article_publisher":"https:\/\/www.facebook.com\/CommonCause","article_modified_time":"2024-08-30T18:25:02+00:00","og_image":[{"width":1200,"height":630,"url":"https:\/\/www.commoncause.org\/wp-content\/uploads\/2024\/10\/CC-Share-Graphic-Main9.jpg","type":"image\/jpeg"}],"twitter_card":"summary_large_image","twitter_site":"@CommonCause","schema":{"@context":"https:\/\/schema.org","@graph":[{"@type":"WebPage","@id":"https:\/\/www.commoncause.org\/download-puzzles-for-democracy\/","url":"https:\/\/www.commoncause.org\/download-puzzles-for-democracy\/","name":"T\u00e9l\u00e9charger Puzzles pour la d\u00e9mocratie - Cause commune","isPartOf":{"@id":"https:\/\/www.commoncause.org\/#website"},"datePublished":"2023-04-13T16:26:45+00:00","dateModified":"2024-08-30T18:25:02+00:00","breadcrumb":{"@id":"https:\/\/www.commoncause.org\/download-puzzles-for-democracy\/#breadcrumb"},"inLanguage":"fr-FR","potentialAction":[{"@type":"ReadAction","target":["https:\/\/www.commoncause.org\/download-puzzles-for-democracy\/"]}]},{"@type":"BreadcrumbList","@id":"https:\/\/www.commoncause.org\/download-puzzles-for-democracy\/#breadcrumb","itemListElement":[{"@type":"ListItem","position":1,"name":"Home","item":"https:\/\/www.commoncause.org\/"},{"@type":"ListItem","position":2,"name":"Download Puzzles For Democracy"}]},{"@type":"WebSite","@id":"https:\/\/www.commoncause.org\/#website","url":"https:\/\/www.commoncause.org\/","name":"Cause commune","description":"","publisher":{"@id":"https:\/\/www.commoncause.org\/#organization"},"potentialAction":[{"@type":"SearchAction","target":{"@type":"EntryPoint","urlTemplate":"https:\/\/www.commoncause.org\/?s={search_term_string}"},"query-input":{"@type":"PropertyValueSpecification","valueRequired":true,"valueName":"search_term_string"}}],"inLanguage":"fr-FR"},{"@type":"Organization","@id":"https:\/\/www.commoncause.org\/#organization","name":"Cause commune","url":"https:\/\/www.commoncause.org\/","logo":{"@type":"ImageObject","inLanguage":"fr-FR","@id":"https:\/\/www.commoncause.org\/#\/schema\/logo\/image\/","url":"https:\/\/www.commoncause.org\/wp-content\/uploads\/2024\/05\/Common-Cause-Logo.png","contentUrl":"https:\/\/www.commoncause.org\/wp-content\/uploads\/2024\/05\/Common-Cause-Logo.png","width":2066,"height":331,"caption":"Common Cause"},"image":{"@id":"https:\/\/www.commoncause.org\/#\/schema\/logo\/image\/"},"sameAs":["https:\/\/www.facebook.com\/CommonCause","https:\/\/x.com\/CommonCause","https:\/\/www.instagram.com\/ourcommoncause\/"]}]}},"distributor_meta":false,"distributor_terms":false,"distributor_media":false,"distributor_original_site_name":"Common Cause","distributor_original_site_url":"https:\/\/www.commoncause.org\/fr","push-errors":false,"_links":{"self":[{"href":"https:\/\/www.commoncause.org\/fr\/wp-json\/wp\/v2\/pages\/13991","targetHints":{"allow":["GET"]}}],"collection":[{"href":"https:\/\/www.commoncause.org\/fr\/wp-json\/wp\/v2\/pages"}],"about":[{"href":"https:\/\/www.commoncause.org\/fr\/wp-json\/wp\/v2\/types\/page"}],"author":[{"embeddable":true,"href":"https:\/\/www.commoncause.org\/fr\/wp-json\/wp\/v2\/users\/33"}],"replies":[{"embeddable":true,"href":"https:\/\/www.commoncause.org\/fr\/wp-json\/wp\/v2\/comments?post=13991"}],"version-history":[{"count":1,"href":"https:\/\/www.commoncause.org\/fr\/wp-json\/wp\/v2\/pages\/13991\/revisions"}],"predecessor-version":[{"id":22509,"href":"https:\/\/www.commoncause.org\/fr\/wp-json\/wp\/v2\/pages\/13991\/revisions\/22509"}],"wp:attachment":[{"href":"https:\/\/www.commoncause.org\/fr\/wp-json\/wp\/v2\/media?parent=13991"}],"curies":[{"name":"wp","href":"https:\/\/api.w.org\/{rel}","templated":true}]}}