{"id":13983,"date":"2018-03-23T19:38:21","date_gmt":"2018-03-23T19:38:21","guid":{"rendered":"https:\/\/www.commoncause.org\/donor-transparency-policy\/"},"modified":"2024-08-07T22:26:18","modified_gmt":"2024-08-08T02:26:18","slug":"politique-de-transparence-des-donateurs","status":"publish","type":"page","link":"https:\/\/www.commoncause.org\/fr\/donate\/donor-transparency-policy\/","title":{"rendered":"Politique de transparence des donateurs"},"content":{"rendered":"","protected":false},"excerpt":{"rendered":"","protected":false},"author":35,"featured_media":0,"parent":1284,"menu_order":0,"comment_status":"closed","ping_status":"closed","template":"","meta":{"_acf_changed":false,"_relevanssi_hide_post":"","_relevanssi_hide_content":"","_relevanssi_pin_for_all":"","_relevanssi_pin_keywords":"","_relevanssi_unpin_keywords":"","_relevanssi_related_keywords":"","_relevanssi_related_include_ids":"","_relevanssi_related_exclude_ids":"","_relevanssi_related_no_append":"","_relevanssi_related_not_related":"","_relevanssi_related_posts":"","_relevanssi_noindex_reason":""},"class_list":["post-13983","page","type-page","status-publish","hentry"],"acf":{"header":{"component_page_header":{"header_type":"default","title":"Politique de transparence des donateurs","lead":"","image":"","subnavigation":false}},"sidebar":{"helper_enable_sidebar":false,"helper_media_contact":{"heading":"Media Contact","manually_enter_person":false,"person":"","name":"","role":"","phone":"","email":""},"helper_links_downloads":{"heading":"Links & Downloads","links":null}},"page_layout":[{"acf_fc_layout":"layout_wysiwyg","_acfe_flexible_toggle":"","component_wysiwyg":{"content":"<h2>Politique de transparence des donateurs<\/h2>"}},{"acf_fc_layout":"layout_wysiwyg","_acfe_flexible_toggle":"","component_wysiwyg":{"content":"For Common Cause and the Common Cause Education Fund\r\n\r\nEffective July 1, 2009\r\n\r\nGeneral Disclosure Policy\r\n<ul class=\"circles\">\r\n \t<li>Information about donors who give $250 or more will be kept on file in Common Cause's Washington Office and made available upon request. Donors will be listed by contribution range, name, and state of residence. We plan to make the disclaimer clear and prominent enough so that people understand our new policy. We will not show the amount that a person contributes, just the range of contribution. No mailing addresses or email addresses will be provided. While we occasionally share our supporter list with like-minded nonprofit organizations, we never include financial and\/or donation information.\u00a0 Nor do we ever share email addresses.<\/li>\r\n<\/ul>\r\n<ul class=\"circles\">\r\n \t<li>Donations in the aggregate of $2,500 or more will be listed in Common Cause's Annual Report, which will also appear on Common Cause's website, listed by contribution range, name, and state of residence. (Donations of under $2,500 may also appear in the Annual Report at the discretion of the President and\/or CFO.) In addition, this information will be made available upon request.<\/li>\r\n<\/ul>\r\n<ul class=\"circles\">\r\n \t<li>Les dons de $2 500 ou plus provenant de fonds conseill\u00e9s par les donateurs seront r\u00e9pertori\u00e9s dans le rapport annuel de Common Cause sous le nom du fonds conseill\u00e9 par le donateur.<\/li>\r\n<\/ul>\r\n<ul class=\"circles\">\r\n \t<li>Toutes les demandes d&#039;informations sur les donateurs seront trait\u00e9es conform\u00e9ment au cadre d\u00e9crit dans la pr\u00e9sente politique de transparence. La divulgation peut \u00eatre temporairement suspendue lorsque des circonstances extraordinaires sugg\u00e8rent une bonne raison de le faire. La d\u00e9cision de suspendre temporairement la divulgation sera imm\u00e9diatement signal\u00e9e au Pr\u00e9sident et au Comit\u00e9 ex\u00e9cutif.<\/li>\r\n<\/ul>\r\n<p class=\"circles\">Contributions anonymes<\/p>\r\n\r\n<ul class=\"circles\">\r\n \t<li>Nous encouragerons TOUS les donateurs \u00e0 contribuer \u00e0 Common Cause en sachant que nous pr\u00e9f\u00e9rons une transparence totale, mais des exceptions peuvent \u00eatre faites pour permettre des dons anonymes comme suit.<\/li>\r\n<\/ul>\r\n<ul class=\"circles\">\r\n \t<li>Common Cause acceptera les dons anonymes de $25 000 ou plus uniquement apr\u00e8s l&#039;approbation du Comit\u00e9 ex\u00e9cutif de Common Cause.<\/li>\r\n<\/ul>\r\n<ul class=\"circles\">\r\n \t<li>De plus, Common Cause acceptera les dons anonymes de moins de $25 000 seulement apr\u00e8s l&#039;approbation du pr\u00e9sident (PDG) et\/ou du vice-pr\u00e9sident des finances et de l&#039;administration (CFO).<\/li>\r\n<\/ul>\r\n<ul class=\"circles\">\r\n \t<li>Pour aider le Comit\u00e9 ex\u00e9cutif et les cadres sup\u00e9rieurs \u00e0 prendre la d\u00e9cision d&#039;accepter ou de rejeter un don anonyme, des crit\u00e8res seront \u00e9labor\u00e9s par le Comit\u00e9 ex\u00e9cutif, en consultation avec le Comit\u00e9 des finances et de l&#039;administration, sur la base des demandes r\u00e9elles de donateurs anonymes adress\u00e9es \u00e0 Common Cause. En raison de la diversit\u00e9 et de la complexit\u00e9 des demandes de donateurs individuels, il est difficile \u00e0 l&#039;heure actuelle de d\u00e9terminer un ensemble clair de crit\u00e8res.<\/li>\r\n<\/ul>\r\n<ul class=\"circles\">\r\n \t<li>La clause de non-responsabilit\u00e9 suivante appara\u00eetra sur tous les futurs publipostages et\/ou sollicitations en ligne\u00a0:<\/li>\r\n<\/ul>\r\n\"Common Cause is committed to a policy of open and full transparency and therefore makes information about our funding sources, including individual donors, publicly available; however, anonymous donations may be accepted under certain circumstances upon request of the donor. For more information, please review the Donor Transparency Policy on our website: <a href=\"http:\/\/www.commoncause.org\/fr\/faire-un-don\/donor-transparency-policy.html\/\">http:\/\/www.commoncause.org\/donate\/donor-transparency-policy.html<\/a>.\""}}]},"yoast_head":"<!-- This site is optimized with the Yoast SEO Premium plugin v26.6 (Yoast SEO v27.1.1) - https:\/\/yoast.com\/product\/yoast-seo-premium-wordpress\/ -->\n<title>Donor Transparency Policy - Common Cause<\/title>\n<meta name=\"robots\" content=\"index, follow, max-snippet:-1, max-image-preview:large, max-video-preview:-1\" \/>\n<link rel=\"canonical\" href=\"https:\/\/www.commoncause.org\/fr\/faire-un-don\/politique-de-transparence-des-donateurs\/\" \/>\n<meta property=\"og:locale\" content=\"fr_FR\" \/>\n<meta property=\"og:type\" content=\"article\" \/>\n<meta property=\"og:title\" content=\"Donor Transparency Policy\" \/>\n<meta property=\"og:url\" content=\"https:\/\/www.commoncause.org\/fr\/faire-un-don\/politique-de-transparence-des-donateurs\/\" \/>\n<meta property=\"og:site_name\" content=\"Common Cause\" \/>\n<meta property=\"article:publisher\" content=\"https:\/\/www.facebook.com\/CommonCause\" \/>\n<meta property=\"article:modified_time\" content=\"2024-08-08T02:26:18+00:00\" \/>\n<meta property=\"og:image\" content=\"https:\/\/www.commoncause.org\/wp-content\/uploads\/2024\/10\/CC-Share-Graphic-Main9.jpg\" \/>\n\t<meta property=\"og:image:width\" content=\"1200\" \/>\n\t<meta property=\"og:image:height\" content=\"630\" \/>\n\t<meta property=\"og:image:type\" content=\"image\/jpeg\" \/>\n<meta name=\"twitter:card\" content=\"summary_large_image\" \/>\n<meta name=\"twitter:site\" content=\"@CommonCause\" \/>\n<script type=\"application\/ld+json\" class=\"yoast-schema-graph\">{\"@context\":\"https:\/\/schema.org\",\"@graph\":[{\"@type\":\"WebPage\",\"@id\":\"https:\/\/www.commoncause.org\/donate\/donor-transparency-policy\/\",\"url\":\"https:\/\/www.commoncause.org\/donate\/donor-transparency-policy\/\",\"name\":\"Donor Transparency Policy - Common Cause\",\"isPartOf\":{\"@id\":\"https:\/\/www.commoncause.org\/#website\"},\"datePublished\":\"2018-03-23T19:38:21+00:00\",\"dateModified\":\"2024-08-08T02:26:18+00:00\",\"breadcrumb\":{\"@id\":\"https:\/\/www.commoncause.org\/donate\/donor-transparency-policy\/#breadcrumb\"},\"inLanguage\":\"fr-FR\",\"potentialAction\":[{\"@type\":\"ReadAction\",\"target\":[\"https:\/\/www.commoncause.org\/donate\/donor-transparency-policy\/\"]}]},{\"@type\":\"BreadcrumbList\",\"@id\":\"https:\/\/www.commoncause.org\/donate\/donor-transparency-policy\/#breadcrumb\",\"itemListElement\":[{\"@type\":\"ListItem\",\"position\":1,\"name\":\"Home\",\"item\":\"https:\/\/www.commoncause.org\/\"},{\"@type\":\"ListItem\",\"position\":2,\"name\":\"Donate\",\"item\":\"https:\/\/www.commoncause.org\/donate\/\"},{\"@type\":\"ListItem\",\"position\":3,\"name\":\"Donor Transparency Policy\"}]},{\"@type\":\"WebSite\",\"@id\":\"https:\/\/www.commoncause.org\/#website\",\"url\":\"https:\/\/www.commoncause.org\/\",\"name\":\"Common Cause\",\"description\":\"\",\"publisher\":{\"@id\":\"https:\/\/www.commoncause.org\/#organization\"},\"potentialAction\":[{\"@type\":\"SearchAction\",\"target\":{\"@type\":\"EntryPoint\",\"urlTemplate\":\"https:\/\/www.commoncause.org\/?s={search_term_string}\"},\"query-input\":{\"@type\":\"PropertyValueSpecification\",\"valueRequired\":true,\"valueName\":\"search_term_string\"}}],\"inLanguage\":\"fr-FR\"},{\"@type\":\"Organization\",\"@id\":\"https:\/\/www.commoncause.org\/#organization\",\"name\":\"Common Cause\",\"url\":\"https:\/\/www.commoncause.org\/\",\"logo\":{\"@type\":\"ImageObject\",\"inLanguage\":\"fr-FR\",\"@id\":\"https:\/\/www.commoncause.org\/#\/schema\/logo\/image\/\",\"url\":\"https:\/\/www.commoncause.org\/wp-content\/uploads\/2024\/05\/Common-Cause-Logo.png\",\"contentUrl\":\"https:\/\/www.commoncause.org\/wp-content\/uploads\/2024\/05\/Common-Cause-Logo.png\",\"width\":2066,\"height\":331,\"caption\":\"Common Cause\"},\"image\":{\"@id\":\"https:\/\/www.commoncause.org\/#\/schema\/logo\/image\/\"},\"sameAs\":[\"https:\/\/www.facebook.com\/CommonCause\",\"https:\/\/x.com\/CommonCause\",\"https:\/\/www.instagram.com\/ourcommoncause\/\"]}]}<\/script>\n<!-- \/ Yoast SEO Premium plugin. -->","yoast_head_json":{"title":"Politique de transparence des donateurs \u2013 Common Cause","robots":{"index":"index","follow":"follow","max-snippet":"max-snippet:-1","max-image-preview":"max-image-preview:large","max-video-preview":"max-video-preview:-1"},"canonical":"https:\/\/www.commoncause.org\/fr\/faire-un-don\/politique-de-transparence-des-donateurs\/","og_locale":"fr_FR","og_type":"article","og_title":"Donor Transparency Policy","og_url":"https:\/\/www.commoncause.org\/fr\/faire-un-don\/politique-de-transparence-des-donateurs\/","og_site_name":"Common Cause","article_publisher":"https:\/\/www.facebook.com\/CommonCause","article_modified_time":"2024-08-08T02:26:18+00:00","og_image":[{"width":1200,"height":630,"url":"https:\/\/www.commoncause.org\/wp-content\/uploads\/2024\/10\/CC-Share-Graphic-Main9.jpg","type":"image\/jpeg"}],"twitter_card":"summary_large_image","twitter_site":"@CommonCause","schema":{"@context":"https:\/\/schema.org","@graph":[{"@type":"WebPage","@id":"https:\/\/www.commoncause.org\/donate\/donor-transparency-policy\/","url":"https:\/\/www.commoncause.org\/donate\/donor-transparency-policy\/","name":"Politique de transparence des donateurs \u2013 Common Cause","isPartOf":{"@id":"https:\/\/www.commoncause.org\/#website"},"datePublished":"2018-03-23T19:38:21+00:00","dateModified":"2024-08-08T02:26:18+00:00","breadcrumb":{"@id":"https:\/\/www.commoncause.org\/donate\/donor-transparency-policy\/#breadcrumb"},"inLanguage":"fr-FR","potentialAction":[{"@type":"ReadAction","target":["https:\/\/www.commoncause.org\/donate\/donor-transparency-policy\/"]}]},{"@type":"BreadcrumbList","@id":"https:\/\/www.commoncause.org\/donate\/donor-transparency-policy\/#breadcrumb","itemListElement":[{"@type":"ListItem","position":1,"name":"Home","item":"https:\/\/www.commoncause.org\/"},{"@type":"ListItem","position":2,"name":"Donate","item":"https:\/\/www.commoncause.org\/donate\/"},{"@type":"ListItem","position":3,"name":"Donor Transparency Policy"}]},{"@type":"WebSite","@id":"https:\/\/www.commoncause.org\/#website","url":"https:\/\/www.commoncause.org\/","name":"Cause commune","description":"","publisher":{"@id":"https:\/\/www.commoncause.org\/#organization"},"potentialAction":[{"@type":"SearchAction","target":{"@type":"EntryPoint","urlTemplate":"https:\/\/www.commoncause.org\/?s={search_term_string}"},"query-input":{"@type":"PropertyValueSpecification","valueRequired":true,"valueName":"search_term_string"}}],"inLanguage":"fr-FR"},{"@type":"Organization","@id":"https:\/\/www.commoncause.org\/#organization","name":"Cause commune","url":"https:\/\/www.commoncause.org\/","logo":{"@type":"ImageObject","inLanguage":"fr-FR","@id":"https:\/\/www.commoncause.org\/#\/schema\/logo\/image\/","url":"https:\/\/www.commoncause.org\/wp-content\/uploads\/2024\/05\/Common-Cause-Logo.png","contentUrl":"https:\/\/www.commoncause.org\/wp-content\/uploads\/2024\/05\/Common-Cause-Logo.png","width":2066,"height":331,"caption":"Common Cause"},"image":{"@id":"https:\/\/www.commoncause.org\/#\/schema\/logo\/image\/"},"sameAs":["https:\/\/www.facebook.com\/CommonCause","https:\/\/x.com\/CommonCause","https:\/\/www.instagram.com\/ourcommoncause\/"]}]}},"distributor_meta":false,"distributor_terms":false,"distributor_media":false,"distributor_original_site_name":"Common Cause","distributor_original_site_url":"https:\/\/www.commoncause.org\/fr","push-errors":false,"_links":{"self":[{"href":"https:\/\/www.commoncause.org\/fr\/wp-json\/wp\/v2\/pages\/13983","targetHints":{"allow":["GET"]}}],"collection":[{"href":"https:\/\/www.commoncause.org\/fr\/wp-json\/wp\/v2\/pages"}],"about":[{"href":"https:\/\/www.commoncause.org\/fr\/wp-json\/wp\/v2\/types\/page"}],"author":[{"embeddable":true,"href":"https:\/\/www.commoncause.org\/fr\/wp-json\/wp\/v2\/users\/35"}],"replies":[{"embeddable":true,"href":"https:\/\/www.commoncause.org\/fr\/wp-json\/wp\/v2\/comments?post=13983"}],"version-history":[{"count":2,"href":"https:\/\/www.commoncause.org\/fr\/wp-json\/wp\/v2\/pages\/13983\/revisions"}],"predecessor-version":[{"id":21731,"href":"https:\/\/www.commoncause.org\/fr\/wp-json\/wp\/v2\/pages\/13983\/revisions\/21731"}],"up":[{"embeddable":true,"href":"https:\/\/www.commoncause.org\/fr\/wp-json\/wp\/v2\/pages\/1284"}],"wp:attachment":[{"href":"https:\/\/www.commoncause.org\/fr\/wp-json\/wp\/v2\/media?parent=13983"}],"curies":[{"name":"wp","href":"https:\/\/api.w.org\/{rel}","templated":true}]}}