{"id":1284,"date":"2024-04-15T18:26:13","date_gmt":"2024-04-15T22:26:13","guid":{"rendered":"http:\/\/www.commoncause.org\/?page_id=1284"},"modified":"2026-02-17T14:52:42","modified_gmt":"2026-02-17T19:52:42","slug":"faire-un-don","status":"publish","type":"page","link":"https:\/\/www.commoncause.org\/fr\/donate\/","title":{"rendered":"Faire un don"},"content":{"rendered":"","protected":false},"excerpt":{"rendered":"","protected":false},"author":1,"featured_media":0,"parent":0,"menu_order":0,"comment_status":"closed","ping_status":"closed","template":"","meta":{"_acf_changed":false,"_relevanssi_hide_post":"","_relevanssi_hide_content":"","_relevanssi_pin_for_all":"","_relevanssi_pin_keywords":"","_relevanssi_unpin_keywords":"","_relevanssi_related_keywords":"","_relevanssi_related_include_ids":"","_relevanssi_related_exclude_ids":"","_relevanssi_related_no_append":"","_relevanssi_related_not_related":"","_relevanssi_related_posts":"","_relevanssi_noindex_reason":""},"class_list":["post-1284","page","type-page","status-publish","hentry"],"acf":{"header":{"component_page_header":{"header_type":"default","title":"Faire un don \u00e0 Common Cause","lead":"","image":"","subnavigation":false}},"sidebar":{"helper_enable_sidebar":false,"helper_media_contact":{"heading":"","manually_enter_person":false,"person":"","name":"","role":"","phone":"","email":""},"helper_links_downloads":{"heading":"","links":null}},"page_layout":[{"acf_fc_layout":"layout_wysiwyg","_acfe_flexible_toggle":null,"component_wysiwyg":{"content":"Common Cause est un leader dans les combats qui comptent au niveau local, \u00e9tatique et national. Votre soutien permet de mener des actions locales, juridiques et l\u00e9gislatives pour lutter contre les int\u00e9r\u00eats particuliers, demander des comptes aux \u00e9lus et construire la d\u00e9mocratie que tous les Am\u00e9ricains m\u00e9ritent."}},{"acf_fc_layout":"layout_basic_html","_acfe_flexible_toggle":null,"component_basic_html":{"heading":"Be a champion for Democracy","code":"<!-- The script tags need to be included once per page where embeds appear. Putting it in the <head> tag will be fastest. -->\r\n<script>function abConfigure(c) {window.actblueConfig = c}<\/script>\r\n<script src=\"https:\/\/secure.actblue.com\/cf\/assets\/actblue.js\" async data-ab-source=\"snippet-20240607\"><\/script>\r\n<script>\r\n  actblue.addEventListener('contribute', function (contribution) {\r\n    window.dataLayer = window.dataLayer || [];\r\n    dataLayer.push({\r\n      event: 'transaction',\r\n      transaction_id: contribution.order_number,\r\n      currency: 'USD',\r\n      value: contribution.amount \/ 100, \/\/ convert from cents\r\n      ecommerce: {\r\n        transaction_id: contribution.order_number,\r\n        currency: 'USD',\r\n        value: contribution.amount \/ 100,\r\n        items: [{\r\n          item_name: contribution.name,\r\n            item_id: contribution.token,\r\n          item_category: contribution.recurring ? 'recurring' : 'one-time',\r\n          quantity: 1,\r\n          price: contribution.amount \/ 100\r\n        }]\r\n      }\r\n    });\r\n  });\r\n<\/script>\r\n<!-- Google Tag Manager -->\r\n<script>(function(w,d,s,l,i){w[l]=w[l]||[];w[l].push({'gtm.start':\r\nnew Date().getTime(),event:'gtm.js'});var f=d.getElementsByTagName(s)[0],\r\nj=d.createElement(s),dl=l!='dataLayer'?'&l='+l:'';j.async=true;j.src=\r\n'https:\/\/www.googletagmanager.com\/gtm.js?id='+i+dl;f.parentNode.insertBefore(j,f);\r\n})(window,document,'script','dataLayer','GTM-PH9XXW5X');<\/script>\r\n<!-- End Google Tag Manager -->\r\n<!-- This div should be included in the page where you want the form to appear. -->\r\n<div data-ab-form\r\n data-ab-token=\"4PqTukD9cSQetETkeZHKj1KB\"\r\n data-ab-height=\"auto\"\r\n data-ab-refcode=\"2026.02_web-embed_cntrl\"\r\n>\r\n  <!-- Fall-back content (in case the embeddable doesn't load) -->\r\n  <a href=\"https:\/\/secure.actblue.com\/donate\/common-cause-web?source=011226_1wkcntrl\">Donate<\/a>\r\n<\/div>","width":"medium"}},{"acf_fc_layout":"layout_wysiwyg","_acfe_flexible_toggle":null,"component_wysiwyg":{"content":"<h3>Autres fa\u00e7ons de donner\u2026<\/h3>\r\nIl existe de nombreuses fa\u00e7ons de soutenir la mission de Common Cause, qui consiste \u00e0 responsabiliser les pouvoirs publics. Si vous avez des questions ou si vous ne voyez pas votre m\u00e9thode de don pr\u00e9f\u00e9r\u00e9e dans la liste, veuillez contacter le service des membres au : (202) 833-1200 ou\u00a0<a href=\"mailto:giving@commoncause.org\">giving@commoncause.org<\/a>\u00a0et nous serons heureux de discuter de vos options pour apporter une contribution.\r\n\r\n<strong>V\u00e9rification du courrier\u00a0<\/strong>\r\n\r\nWe understand that some members prefer to make their gift by mail. If that's your choice, please use the information on this form: <a href=\"https:\/\/www.commoncause.org\/wp-content\/uploads\/2018\/12\/DonationForm_2_UPDATED_C4-version_REVISED_2.pdf\" target=\"_new\" rel=\"noopener\">Formulaire de don<\/a>.\r\n\r\nMail your completed form to:\r\n\r\nCommon Cause\r\n805 15th St NW, Suite 800\r\nWashington, DC 20005\r\n\r\n<strong>Dons comm\u00e9moratifs et honorifiques<\/strong>\r\n\r\nA gift uplifting democracy in the name of your loved one is a wonderful way to show support for Common Cause's work. <a href=\"https:\/\/www.commoncause.org\/fr\/dons-honorifiques-commemoratifs\/\">Si vous souhaitez faire un don comm\u00e9moratif ou honorifique, veuillez cliquer ici<\/a> ou contactez Sam Anderson-Chinnes au <a href=\"mailto:sanderson@commoncause.org\">sanderson@commoncause.org<\/a>.\r\n\r\n<strong>Faites un don \u00e0 partir de votre fonds conseill\u00e9 par le donateur\u00a0<\/strong>\r\n\r\nVeuillez envisager de faire un don au Common Cause Education Fund par l\u2019interm\u00e9diaire de votre fonds conseill\u00e9 par le donateur. <b>Des questions ?<\/b> Veuillez envoyer un courriel ou appeler Rachel Queirolo, directrice nationale des dons majeurs au <a href=\"mailto:rqueirolo@commoncause.org\">rqueirolo@commoncause.org<\/a> ou (202) 736-5773.\r\n\r\n<strong>Dons d\u00e9ductibles d&#039;imp\u00f4t<\/strong>\r\n\r\nLes contributions \u00e0 Common Cause ne sont pas d\u00e9ductibles des imp\u00f4ts, car notre travail comprend le lobbying en faveur de r\u00e9formes. Mais vous pouvez faire une contribution d\u00e9ductible des imp\u00f4ts \u00e0 notre filiale, Common Cause Education Fund, une organisation caritative 501(c)3 qui soutient nos efforts pour responsabiliser les pouvoirs publics par le biais de l&#039;engagement civique et de l&#039;\u00e9ducation publique. <a href=\"https:\/\/www.commoncause.org\/fr\/faire-un-don\/fonds-pour-leducation\/\">Cliquez ici pour faire votre don d\u00e9ductible des imp\u00f4ts &gt;&gt;<\/a>\r\n\r\n<strong>Dons sur compte de retraite et IRA<\/strong>\r\n\r\nInclure le Common Cause Education Fund comme b\u00e9n\u00e9ficiaire de votre compte de retraite ou de votre IRA est un autre moyen simple et fiscalement efficace de renforcer la d\u00e9mocratie et de promouvoir la bonne gouvernance. <a href=\"https:\/\/www.commoncause.org\/fr\/fonds-de-retraite-ou-iras\/\">Cliquez ici pour en savoir plus sur les comptes de retraite et les dons IRA.<\/a>\r\n\r\n<strong>Soutenez Common Cause dans votre testament<\/strong>\r\n\r\nAidez \u00e0 garantir la promesse de la d\u00e9mocratie pour la prochaine g\u00e9n\u00e9ration en laissant un <a href=\"https:\/\/www.commoncause.org\/fr\/soutenez-une-cause-commune-dans-votre-testament\/\">don successoral, tel qu&#039;un legs ou un autre don planifi\u00e9<\/a>. Utilisez ceci <a href=\"https:\/\/www.freewill.com\/commoncause?utm_source=partner&amp;utm_medium=donatepage&amp;utm_campaign=commoncause_website\">Outil de r\u00e9daction de testament GRATUIT<\/a> pour d\u00e9marrer rapidement et facilement.\r\n\r\n<strong>Dons en milieu de travail<\/strong>\r\n\r\nFaire un don \u00e0 Common Cause par le biais d&#039;un don en milieu de travail est pratique et efficace. Cela permet aux employ\u00e9s de soutenir les efforts de responsabilisation du gouvernement et de r\u00e9formes d\u00e9mocratiques sans effort par le biais de retenues sur salaire. Les programmes de dons de contrepartie peuvent amplifier les contributions, maximisant ainsi l&#039;impact. <a href=\"https:\/\/www.commoncause.org\/fr\/dons-en-milieu-de-travail\/\">Apprenez-en davantage sur les dons en milieu de travail ici &gt;&gt;<\/a>\r\n\r\n<strong>Dons d&#039;actions<\/strong>\r\n\r\nDes dons d&#039;actions et de titres peuvent \u00eatre faits \u00e0 Common Cause et \u00e0 notre filiale Common Cause Education Fund via Wells Fargo. <a href=\"https:\/\/www.commoncause.org\/fr\/dons-dactions\/\">Pour plus de d\u00e9tails sur les dons d&#039;actions, cliquez ici &gt;&gt;<\/a>\r\n\r\n<strong>Soutenir une cause commune gr\u00e2ce \u00e0 une fondation<\/strong>\r\n\r\nSi vous \u00eates affili\u00e9 \u00e0 une fondation et que vous souhaitez en savoir plus sur notre impact ou faire une subvention au Common Cause Education Fund, veuillez contacter notre directeur des relations avec la fondation, Sam Voorhees, \u00e0 <a href=\"mailto:svoorhees@commoncause.org\">svoorhees@commoncause.org<\/a> ou 202-736-5723.\r\n\r\n<b data-stringify-type=\"bold\">Contributions anonymes<\/b>\r\nVous pouvez faire une contribution enti\u00e8rement anonyme et d\u00e9ductible des imp\u00f4ts (conform\u00e9ment \u00e0 notre\u00a0<a class=\"c-link\" href=\"https:\/\/www.commoncause.org\/fr\/faire-un-don\/politique-de-transparence-des-donateurs\/\" target=\"_blank\" rel=\"noopener noreferrer\" data-stringify-link=\"https:\/\/www.commoncause.org\/donate\/donor-transparency-policy\/\" data-sk=\"tooltip_parent\">politique de transparence des donateurs<\/a>) pour soutenir notre travail afin que vous puissiez pr\u00e9server l&#039;impact de votre don et \u00e9galement pr\u00e9server votre confidentialit\u00e9.\u00a0<a class=\"c-link\" href=\"https:\/\/www.silentdonor.com\/donate-now-common-cause-education-fund\/\" target=\"_blank\" rel=\"noopener noreferrer\" data-stringify-link=\"https:\/\/www.silentdonor.com\/donate-now-common-cause-education-fund\/\" data-sk=\"tooltip_parent\">Cliquez ici pour faire un don via Silent Donor, une plateforme de dons priv\u00e9s<\/a>\r\n\r\n<strong>Dons de leadership<\/strong>\r\n\r\nEn faisant un don de $10 000 ou plus, vous rejoindrez un groupe de d\u00e9fenseurs d\u00e9vou\u00e9s de la d\u00e9mocratie dans tout le pays. Votre don finance notre protection \u00e9lectorale, nos litiges, notre red\u00e9coupage \u00e9lectoral, notre lutte contre la d\u00e9sinformation \u00e9lectorale, notre travail visant \u00e0 responsabiliser Trump et bien plus encore. <b>Des questions ?<\/b> Veuillez envoyer un courriel ou appeler Rachel Queirolo, directrice nationale des dons majeurs au <a href=\"mailto:rqueirolo@commoncause.org\">rqueirolo@commoncause.org<\/a> ou 202-736-5773."}},{"acf_fc_layout":"layout_basic_html","_acfe_flexible_toggle":null,"component_basic_html":{"heading":"","code":"<script>\r\n\/\/ Helper: set cookie with 3-hour expiry, added August 5th\r\nfunction setCookie(name, value) {\r\n  const expires = new Date(Date.now() + 3 * 60 * 60 * 1000).toUTCString();\r\n  document.cookie = name + '=' + encodeURIComponent(value) + '; path=\/; expires=' + expires;\r\n}\r\n\r\ndocument.addEventListener('DOMContentLoaded', function () {\r\n  \/\/ Selects the new donation button by robust selectors (advance__button class + Donate text)\r\n  const donateBtn = document.querySelector('button.advance__button');\r\n  if (donateBtn) {\r\n    donateBtn.addEventListener('click', function () {\r\n      \/\/ Find the inner text where amount is present\r\n      const btnText = donateBtn.textContent.trim();\r\n      const match = btnText.match(\/\\$([\\d.]+)\/);\r\n      const amount = match ? parseFloat(match[1]) : 1.75;\r\n\r\n      \/\/ Extract item name from URL (last path segment after \/donate\/)\r\n      let itemName = window.location.pathname.split('\/').pop() || 'donation';\r\n\r\n      \/\/ Set cookies\r\n      setCookie('donation_amount', amount);\r\n      setCookie('item_name', itemName);\r\n    });\r\n  }\r\n});\r\n<\/script>\r\n","width":"narrow"}}]},"yoast_head":"<!-- This site is optimized with the Yoast SEO Premium plugin v26.6 (Yoast SEO v27.1.1) - https:\/\/yoast.com\/product\/yoast-seo-premium-wordpress\/ -->\n<title>Donate - Common Cause<\/title>\n<meta name=\"description\" content=\"Support Common Cause&#039;s mission to hold power accountable. Discover different ways to donate and make a contribution today.\" \/>\n<meta name=\"robots\" content=\"index, follow, max-snippet:-1, max-image-preview:large, max-video-preview:-1\" \/>\n<link rel=\"canonical\" href=\"https:\/\/www.commoncause.org\/fr\/faire-un-don\/\" \/>\n<meta property=\"og:locale\" content=\"fr_FR\" \/>\n<meta property=\"og:type\" content=\"article\" \/>\n<meta property=\"og:title\" content=\"Donate\" \/>\n<meta property=\"og:description\" content=\"Support Common Cause&#039;s mission to hold power accountable. Discover different ways to donate and make a contribution today.\" \/>\n<meta property=\"og:url\" content=\"https:\/\/www.commoncause.org\/fr\/faire-un-don\/\" \/>\n<meta property=\"og:site_name\" content=\"Common Cause\" \/>\n<meta property=\"article:publisher\" content=\"https:\/\/www.facebook.com\/CommonCause\" \/>\n<meta property=\"article:modified_time\" content=\"2026-02-17T19:52:42+00:00\" \/>\n<meta property=\"og:image\" content=\"https:\/\/www.commoncause.org\/wp-content\/uploads\/2024\/08\/JusticeDemocracy_Main.jpg\" \/>\n\t<meta property=\"og:image:width\" content=\"1680\" \/>\n\t<meta property=\"og:image:height\" content=\"1120\" \/>\n\t<meta property=\"og:image:type\" content=\"image\/jpeg\" \/>\n<meta name=\"twitter:card\" content=\"summary_large_image\" \/>\n<meta name=\"twitter:site\" content=\"@CommonCause\" \/>\n<script type=\"application\/ld+json\" class=\"yoast-schema-graph\">{\"@context\":\"https:\/\/schema.org\",\"@graph\":[{\"@type\":\"WebPage\",\"@id\":\"https:\/\/www.commoncause.org\/donate\/\",\"url\":\"https:\/\/www.commoncause.org\/donate\/\",\"name\":\"Donate - Common Cause\",\"isPartOf\":{\"@id\":\"https:\/\/www.commoncause.org\/#website\"},\"datePublished\":\"2024-04-15T22:26:13+00:00\",\"dateModified\":\"2026-02-17T19:52:42+00:00\",\"description\":\"Support Common Cause's mission to hold power accountable. Discover different ways to donate and make a contribution today.\",\"breadcrumb\":{\"@id\":\"https:\/\/www.commoncause.org\/donate\/#breadcrumb\"},\"inLanguage\":\"fr-FR\",\"potentialAction\":[{\"@type\":\"ReadAction\",\"target\":[\"https:\/\/www.commoncause.org\/donate\/\"]}]},{\"@type\":\"BreadcrumbList\",\"@id\":\"https:\/\/www.commoncause.org\/donate\/#breadcrumb\",\"itemListElement\":[{\"@type\":\"ListItem\",\"position\":1,\"name\":\"Home\",\"item\":\"https:\/\/www.commoncause.org\/\"},{\"@type\":\"ListItem\",\"position\":2,\"name\":\"Donate\"}]},{\"@type\":\"WebSite\",\"@id\":\"https:\/\/www.commoncause.org\/#website\",\"url\":\"https:\/\/www.commoncause.org\/\",\"name\":\"Common Cause\",\"description\":\"\",\"publisher\":{\"@id\":\"https:\/\/www.commoncause.org\/#organization\"},\"potentialAction\":[{\"@type\":\"SearchAction\",\"target\":{\"@type\":\"EntryPoint\",\"urlTemplate\":\"https:\/\/www.commoncause.org\/?s={search_term_string}\"},\"query-input\":{\"@type\":\"PropertyValueSpecification\",\"valueRequired\":true,\"valueName\":\"search_term_string\"}}],\"inLanguage\":\"fr-FR\"},{\"@type\":\"Organization\",\"@id\":\"https:\/\/www.commoncause.org\/#organization\",\"name\":\"Common Cause\",\"url\":\"https:\/\/www.commoncause.org\/\",\"logo\":{\"@type\":\"ImageObject\",\"inLanguage\":\"fr-FR\",\"@id\":\"https:\/\/www.commoncause.org\/#\/schema\/logo\/image\/\",\"url\":\"https:\/\/www.commoncause.org\/wp-content\/uploads\/2024\/05\/Common-Cause-Logo.png\",\"contentUrl\":\"https:\/\/www.commoncause.org\/wp-content\/uploads\/2024\/05\/Common-Cause-Logo.png\",\"width\":2066,\"height\":331,\"caption\":\"Common Cause\"},\"image\":{\"@id\":\"https:\/\/www.commoncause.org\/#\/schema\/logo\/image\/\"},\"sameAs\":[\"https:\/\/www.facebook.com\/CommonCause\",\"https:\/\/x.com\/CommonCause\",\"https:\/\/www.instagram.com\/ourcommoncause\/\"]}]}<\/script>\n<!-- \/ Yoast SEO Premium plugin. -->","yoast_head_json":{"title":"Faire un don \u2013 Cause commune","description":"Soutenez la mission de Common Cause qui consiste \u00e0 responsabiliser les pouvoirs publics. D\u00e9couvrez diff\u00e9rentes fa\u00e7ons de faire un don et de contribuer d\u00e8s aujourd&#039;hui.","robots":{"index":"index","follow":"follow","max-snippet":"max-snippet:-1","max-image-preview":"max-image-preview:large","max-video-preview":"max-video-preview:-1"},"canonical":"https:\/\/www.commoncause.org\/fr\/faire-un-don\/","og_locale":"fr_FR","og_type":"article","og_title":"Donate","og_description":"Support Common Cause's mission to hold power accountable. Discover different ways to donate and make a contribution today.","og_url":"https:\/\/www.commoncause.org\/fr\/faire-un-don\/","og_site_name":"Common Cause","article_publisher":"https:\/\/www.facebook.com\/CommonCause","article_modified_time":"2026-02-17T19:52:42+00:00","og_image":[{"width":1680,"height":1120,"url":"https:\/\/www.commoncause.org\/wp-content\/uploads\/2024\/08\/JusticeDemocracy_Main.jpg","type":"image\/jpeg"}],"twitter_card":"summary_large_image","twitter_site":"@CommonCause","schema":{"@context":"https:\/\/schema.org","@graph":[{"@type":"WebPage","@id":"https:\/\/www.commoncause.org\/donate\/","url":"https:\/\/www.commoncause.org\/donate\/","name":"Faire un don \u2013 Cause commune","isPartOf":{"@id":"https:\/\/www.commoncause.org\/#website"},"datePublished":"2024-04-15T22:26:13+00:00","dateModified":"2026-02-17T19:52:42+00:00","description":"Soutenez la mission de Common Cause qui consiste \u00e0 responsabiliser les pouvoirs publics. D\u00e9couvrez diff\u00e9rentes fa\u00e7ons de faire un don et de contribuer d\u00e8s aujourd&#039;hui.","breadcrumb":{"@id":"https:\/\/www.commoncause.org\/donate\/#breadcrumb"},"inLanguage":"fr-FR","potentialAction":[{"@type":"ReadAction","target":["https:\/\/www.commoncause.org\/donate\/"]}]},{"@type":"BreadcrumbList","@id":"https:\/\/www.commoncause.org\/donate\/#breadcrumb","itemListElement":[{"@type":"ListItem","position":1,"name":"Home","item":"https:\/\/www.commoncause.org\/"},{"@type":"ListItem","position":2,"name":"Donate"}]},{"@type":"WebSite","@id":"https:\/\/www.commoncause.org\/#website","url":"https:\/\/www.commoncause.org\/","name":"Cause commune","description":"","publisher":{"@id":"https:\/\/www.commoncause.org\/#organization"},"potentialAction":[{"@type":"SearchAction","target":{"@type":"EntryPoint","urlTemplate":"https:\/\/www.commoncause.org\/?s={search_term_string}"},"query-input":{"@type":"PropertyValueSpecification","valueRequired":true,"valueName":"search_term_string"}}],"inLanguage":"fr-FR"},{"@type":"Organization","@id":"https:\/\/www.commoncause.org\/#organization","name":"Cause commune","url":"https:\/\/www.commoncause.org\/","logo":{"@type":"ImageObject","inLanguage":"fr-FR","@id":"https:\/\/www.commoncause.org\/#\/schema\/logo\/image\/","url":"https:\/\/www.commoncause.org\/wp-content\/uploads\/2024\/05\/Common-Cause-Logo.png","contentUrl":"https:\/\/www.commoncause.org\/wp-content\/uploads\/2024\/05\/Common-Cause-Logo.png","width":2066,"height":331,"caption":"Common Cause"},"image":{"@id":"https:\/\/www.commoncause.org\/#\/schema\/logo\/image\/"},"sameAs":["https:\/\/www.facebook.com\/CommonCause","https:\/\/x.com\/CommonCause","https:\/\/www.instagram.com\/ourcommoncause\/"]}]}},"distributor_meta":false,"distributor_terms":false,"distributor_media":false,"distributor_original_site_name":"Common Cause","distributor_original_site_url":"https:\/\/www.commoncause.org\/fr","push-errors":false,"_links":{"self":[{"href":"https:\/\/www.commoncause.org\/fr\/wp-json\/wp\/v2\/pages\/1284","targetHints":{"allow":["GET"]}}],"collection":[{"href":"https:\/\/www.commoncause.org\/fr\/wp-json\/wp\/v2\/pages"}],"about":[{"href":"https:\/\/www.commoncause.org\/fr\/wp-json\/wp\/v2\/types\/page"}],"author":[{"embeddable":true,"href":"https:\/\/www.commoncause.org\/fr\/wp-json\/wp\/v2\/users\/1"}],"replies":[{"embeddable":true,"href":"https:\/\/www.commoncause.org\/fr\/wp-json\/wp\/v2\/comments?post=1284"}],"version-history":[{"count":37,"href":"https:\/\/www.commoncause.org\/fr\/wp-json\/wp\/v2\/pages\/1284\/revisions"}],"predecessor-version":[{"id":56408,"href":"https:\/\/www.commoncause.org\/fr\/wp-json\/wp\/v2\/pages\/1284\/revisions\/56408"}],"wp:attachment":[{"href":"https:\/\/www.commoncause.org\/fr\/wp-json\/wp\/v2\/media?parent=1284"}],"curies":[{"name":"wp","href":"https:\/\/api.w.org\/{rel}","templated":true}]}}