{"id":49,"date":"2024-05-07T15:22:53","date_gmt":"2024-05-07T15:22:53","guid":{"rendered":"https:\/\/www.commoncause.org\/florida\/home\/"},"modified":"2026-02-12T10:06:42","modified_gmt":"2026-02-12T15:06:42","slug":"home","status":"publish","type":"page","link":"https:\/\/www.commoncause.org\/florida\/vi\/","title":{"rendered":"Trang ch\u1ee7"},"content":{"rendered":"","protected":false},"excerpt":{"rendered":"","protected":false},"author":2,"featured_media":0,"parent":0,"menu_order":0,"comment_status":"closed","ping_status":"closed","template":"","meta":{"_acf_changed":false,"_relevanssi_hide_post":"","_relevanssi_hide_content":"","_relevanssi_pin_for_all":"","_relevanssi_pin_keywords":"","_relevanssi_unpin_keywords":"","_relevanssi_related_keywords":"","_relevanssi_related_include_ids":"","_relevanssi_related_exclude_ids":"","_relevanssi_related_no_append":"","_relevanssi_related_not_related":"","_relevanssi_related_posts":"","_relevanssi_noindex_reason":""},"class_list":["post-49","page","type-page","status-publish","hentry"],"acf":{"page_layout":[{"acf_fc_layout":"layout_latest_victory","_acfe_flexible_toggle":null,"component_latest_victory":{"manually_curate":true,"latest_content":"article","button_text":"Read About Our Victory","title":"Ng\u01b0\u1eddi d\u00e2n Florida kh\u00f4ng \u1ee7ng h\u1ed9 vi\u1ec7c ph\u00e2n chia l\u1ea1i khu v\u1ef1c b\u1ea7u c\u1eed v\u00e0o gi\u1eefa th\u1eadp k\u1ef7","summary":"A new poll from Common Cause shows that Florida Republicans, Democrats, and independents reject both partisan gerrymandering and redrawing voting maps in the middle of the decade.","button":{"title":"Learn More","url":"https:\/\/www.commoncause.org\/florida\/press\/poll-florida-republicans-dont-support-mid-decade-redistricting\/","target":""},"image":30196,"darker":false}},{"acf_fc_layout":"layout_featured_work","_acfe_flexible_toggle":null,"component_featured_work":{"content_type":"work","button_text":"View This Campaign","secondary_link":null,"manually_curate":true,"small_title":"See what we're doing","large_title":"Protecting Our Rights","summary":"We are on the ground in Tallahassee advocating to protect Floridians' right to vote and ability to hold our government accountable.","button":{"title":"View This Work","url":"https:\/\/www.commoncause.org\/florida\/work\/legislative-advocacy\/","target":""},"small_link":{"title":"See all priorities","url":"https:\/\/www.commoncause.org\/florida\/priorities\/","target":""},"image":6511}},{"acf_fc_layout":"layout_about_us","_acfe_flexible_toggle":null,"component_about_us":{"intro_title":"About Us","main_title":"Building a Government that Works for [highlight]All of Us[\/highlight]","summary":"With the support of our members, Common Cause Florida wins concrete, pro-democracy reforms that break down barriers to participation, promote accountability, and ensure that our elections represent the will of the people.\r\n\r\n","button":{"title":"Discover Our Impact","url":"https:\/\/www.commoncause.org\/florida\/our-impact\/","target":""},"image":1663}},{"acf_fc_layout":"layout_featured_action","_acfe_flexible_toggle":null,"component_featured_action":{"action_to_show":"choose","image_side":"right","action":["{\"site_id\":\"45\",\"post_type\":\"act\",\"post_id\":2508}","{\"site_id\":\"45\",\"post_type\":\"act\",\"post_id\":1811}"],"title":"B\u1ecf phi\u1ebfu KH\u00d4NG cho Tu ch\u00ednh \u00e1n s\u1ed1 6","summary":"If this amendment passes, it will decrease the voices of everyday Floridians and further increase the influence of wealthy special interests on our politics. Take the pledge to Vote NO on Amendment 6 in November 2024!\r\n\r\n","post_link":{"title":"I Pledge to Vote No on Amendment 6","url":"https:\/\/act.commoncause.org\/forms\/vote-no-on-amendment-6-2?source=direct_link&","target":""},"secondary_link":""}},{"acf_fc_layout":"layout_email_signup","_acfe_flexible_toggle":null,"component_email_signup":{"":null,"small_title":"JOIN OUR MOVEMENT","large_title":"Sign up for breaking news and action alerts about democracy in Florida and nationwide.","action_network_embed":"","disclaimer":"*Opt in to mobile messages from Common Cause. Message and data rates apply. Reply STOP to unsubscribe. Reply HELP for help. Periodic messages with updates and news about our work. Privacy policy & ToS."}},{"acf_fc_layout":"layout_statistics","_acfe_flexible_toggle":null,"component_statistics":{"title":"K\u1ec3 t\u1eeb nh\u1eefng n\u0103m 1970, t\u1ed5 ch\u1ee9c Common Cause Florida \u0111\u00e3 ho\u1ea1t \u0111\u1ed9ng tr\u00ean kh\u1eafp ti\u1ec3u bang \u0111\u1ec3 x\u00e2y d\u1ef1ng n\u1ec1n d\u00e2n ch\u1ee7 v\u1eefng m\u1ea1nh h\u01a1n.","statistics":[{"component_statistic":{"number":"94.5k","text":"Members and supporters","source":"People like you power everything that we do for our democracy."}},{"component_statistic":{"number":"67","text":"Counties with Common Cause members","source":"Our supporters live and take action in every corner of our state."}},{"component_statistic":{"number":"25","text":"State organizations in our network","source":"Common Cause is working nationwide on the issues that count."}}]}},{"acf_fc_layout":"layout_map","_acfe_flexible_toggle":null,"component_map":{"":null}}]},"yoast_head":"<!-- This site is optimized with the Yoast SEO Premium plugin v26.6 (Yoast SEO v27.1.1) - https:\/\/yoast.com\/product\/yoast-seo-premium-wordpress\/ -->\n<title>Home - Common Cause Florida<\/title>\n<meta name=\"robots\" content=\"index, follow, max-snippet:-1, max-image-preview:large, max-video-preview:-1\" \/>\n<link rel=\"canonical\" href=\"https:\/\/www.commoncause.org\/florida\/vi\/\" \/>\n<meta property=\"og:locale\" content=\"vi_VN\" \/>\n<meta property=\"og:type\" content=\"article\" \/>\n<meta property=\"og:title\" content=\"Home\" \/>\n<meta property=\"og:url\" content=\"https:\/\/www.commoncause.org\/florida\/vi\/\" \/>\n<meta property=\"og:site_name\" content=\"Common Cause Florida\" \/>\n<meta property=\"article:modified_time\" content=\"2026-02-12T15:06:42+00:00\" \/>\n<meta property=\"og:image\" content=\"https:\/\/www.commoncause.org\/florida\/wp-content\/uploads\/2024\/08\/common-cause-share-image.png\" \/>\n\t<meta property=\"og:image:width\" content=\"1200\" \/>\n\t<meta property=\"og:image:height\" content=\"630\" \/>\n\t<meta property=\"og:image:type\" content=\"image\/png\" \/>\n<meta name=\"twitter:card\" content=\"summary_large_image\" \/>\n<script type=\"application\/ld+json\" class=\"yoast-schema-graph\">{\"@context\":\"https:\/\/schema.org\",\"@graph\":[{\"@type\":\"WebPage\",\"@id\":\"https:\/\/www.commoncause.org\/florida\/\",\"url\":\"https:\/\/www.commoncause.org\/florida\/\",\"name\":\"Home - Common Cause Florida\",\"isPartOf\":{\"@id\":\"https:\/\/www.commoncause.org\/florida\/#website\"},\"datePublished\":\"2024-05-07T15:22:53+00:00\",\"dateModified\":\"2026-02-12T15:06:42+00:00\",\"breadcrumb\":{\"@id\":\"https:\/\/www.commoncause.org\/florida\/#breadcrumb\"},\"inLanguage\":\"vi\",\"potentialAction\":[{\"@type\":\"ReadAction\",\"target\":[\"https:\/\/www.commoncause.org\/florida\/\"]}]},{\"@type\":\"BreadcrumbList\",\"@id\":\"https:\/\/www.commoncause.org\/florida\/#breadcrumb\",\"itemListElement\":[{\"@type\":\"ListItem\",\"position\":1,\"name\":\"Home\",\"item\":\"https:\/\/www.commoncause.org\/florida\/\"},{\"@type\":\"ListItem\",\"position\":2,\"name\":\"Home\"}]},{\"@type\":\"WebSite\",\"@id\":\"https:\/\/www.commoncause.org\/florida\/#website\",\"url\":\"https:\/\/www.commoncause.org\/florida\/\",\"name\":\"Common Cause Florida\",\"description\":\"\",\"potentialAction\":[{\"@type\":\"SearchAction\",\"target\":{\"@type\":\"EntryPoint\",\"urlTemplate\":\"https:\/\/www.commoncause.org\/florida\/?s={search_term_string}\"},\"query-input\":{\"@type\":\"PropertyValueSpecification\",\"valueRequired\":true,\"valueName\":\"search_term_string\"}}],\"inLanguage\":\"vi\"}]}<\/script>\n<!-- \/ Yoast SEO Premium plugin. -->","yoast_head_json":{"title":"Trang ch\u1ee7 - Common Cause Florida","robots":{"index":"index","follow":"follow","max-snippet":"max-snippet:-1","max-image-preview":"max-image-preview:large","max-video-preview":"max-video-preview:-1"},"canonical":"https:\/\/www.commoncause.org\/florida\/vi\/","og_locale":"vi_VN","og_type":"article","og_title":"Home","og_url":"https:\/\/www.commoncause.org\/florida\/vi\/","og_site_name":"Common Cause Florida","article_modified_time":"2026-02-12T15:06:42+00:00","og_image":[{"width":1200,"height":630,"url":"https:\/\/www.commoncause.org\/florida\/wp-content\/uploads\/2024\/08\/common-cause-share-image.png","type":"image\/png"}],"twitter_card":"summary_large_image","schema":{"@context":"https:\/\/schema.org","@graph":[{"@type":"WebPage","@id":"https:\/\/www.commoncause.org\/florida\/","url":"https:\/\/www.commoncause.org\/florida\/","name":"Trang ch\u1ee7 - Common Cause Florida","isPartOf":{"@id":"https:\/\/www.commoncause.org\/florida\/#website"},"datePublished":"2024-05-07T15:22:53+00:00","dateModified":"2026-02-12T15:06:42+00:00","breadcrumb":{"@id":"https:\/\/www.commoncause.org\/florida\/#breadcrumb"},"inLanguage":"vi","potentialAction":[{"@type":"ReadAction","target":["https:\/\/www.commoncause.org\/florida\/"]}]},{"@type":"BreadcrumbList","@id":"https:\/\/www.commoncause.org\/florida\/#breadcrumb","itemListElement":[{"@type":"ListItem","position":1,"name":"Home","item":"https:\/\/www.commoncause.org\/florida\/"},{"@type":"ListItem","position":2,"name":"Home"}]},{"@type":"WebSite","@id":"https:\/\/www.commoncause.org\/florida\/#website","url":"https:\/\/www.commoncause.org\/florida\/","name":"Nguy\u00ean nh\u00e2n chung Florida","description":"","potentialAction":[{"@type":"SearchAction","target":{"@type":"EntryPoint","urlTemplate":"https:\/\/www.commoncause.org\/florida\/?s={search_term_string}"},"query-input":{"@type":"PropertyValueSpecification","valueRequired":true,"valueName":"search_term_string"}}],"inLanguage":"vi"}]}},"distributor_meta":false,"distributor_terms":false,"distributor_media":false,"distributor_original_site_name":"Common Cause Florida","distributor_original_site_url":"https:\/\/www.commoncause.org\/florida\/vi","push-errors":false,"_links":{"self":[{"href":"https:\/\/www.commoncause.org\/florida\/vi\/wp-json\/wp\/v2\/pages\/49","targetHints":{"allow":["GET"]}}],"collection":[{"href":"https:\/\/www.commoncause.org\/florida\/vi\/wp-json\/wp\/v2\/pages"}],"about":[{"href":"https:\/\/www.commoncause.org\/florida\/vi\/wp-json\/wp\/v2\/types\/page"}],"author":[{"embeddable":true,"href":"https:\/\/www.commoncause.org\/florida\/vi\/wp-json\/wp\/v2\/users\/2"}],"replies":[{"embeddable":true,"href":"https:\/\/www.commoncause.org\/florida\/vi\/wp-json\/wp\/v2\/comments?post=49"}],"version-history":[{"count":26,"href":"https:\/\/www.commoncause.org\/florida\/vi\/wp-json\/wp\/v2\/pages\/49\/revisions"}],"predecessor-version":[{"id":2704,"href":"https:\/\/www.commoncause.org\/florida\/vi\/wp-json\/wp\/v2\/pages\/49\/revisions\/2704"}],"wp:attachment":[{"href":"https:\/\/www.commoncause.org\/florida\/vi\/wp-json\/wp\/v2\/media?parent=49"}],"curies":[{"name":"wp","href":"https:\/\/api.w.org\/{rel}","templated":true}]}}