{"id":25,"date":"2024-05-07T13:48:29","date_gmt":"2024-05-07T13:48:29","guid":{"rendered":"https:\/\/www.commoncause.org\/florida\/take-action\/"},"modified":"2024-12-09T18:12:34","modified_gmt":"2024-12-09T23:12:34","slug":"take-action","status":"publish","type":"page","link":"https:\/\/www.commoncause.org\/florida\/vi\/hanh-dong\/","title":{"rendered":"H\u00e3y h\u00e0nh \u0111\u1ed9ng"},"content":{"rendered":"","protected":false},"excerpt":{"rendered":"","protected":false},"author":1,"featured_media":0,"parent":0,"menu_order":0,"comment_status":"closed","ping_status":"closed","template":"","meta":{"_acf_changed":false,"_relevanssi_hide_post":"","_relevanssi_hide_content":"","_relevanssi_pin_for_all":"","_relevanssi_pin_keywords":"","_relevanssi_unpin_keywords":"","_relevanssi_related_keywords":"","_relevanssi_related_include_ids":"","_relevanssi_related_exclude_ids":"","_relevanssi_related_no_append":"","_relevanssi_related_not_related":"","_relevanssi_related_posts":"","_relevanssi_noindex_reason":""},"class_list":["post-25","page","type-page","status-publish","hentry"],"acf":{"page_layout":[{"acf_fc_layout":"layout_listing_hero","_acfe_flexible_toggle":"","component_listing_hero":{"content_type":"act","manually_curate":true,"featured_post":"","sticker":"action"}},{"acf_fc_layout":"layout_featured_action","_acfe_flexible_toggle":"","component_featured_action":{"action_to_show":"latest","image_side":"right","action":null,"title":"T\u00ecnh nguy\u1ec7n v\u1edbi B\u1ea3o v\u1ec7 B\u1ea7u c\u1eed","summary":"Join the thousands across the country who instantly rally when there is a threat to democracy.","post_link":{"title":"Learn more ","url":"https:\/\/www.commoncause.org\/florida\/work\/election-protection\/","target":""},"secondary_link":""}},{"acf_fc_layout":"layout_voting_tools_promo","_acfe_flexible_toggle":"","component_voting_tools_promo":{"title":"Kh\u00e1m ph\u00e1 c\u00e1c c\u00f4ng c\u1ee5 b\u1ecf phi\u1ebfu c\u1ee7a ch\u00fang t\u00f4i d\u00e0nh cho c\u1eed tri Florida","subtitle":"Our democracy works best when every eligible voter can participate. That\u2019s why we\u2019re working to help voters who have questions or problems. Explore our voting tools:","voting_tools":["{\"site_id\":\"45\",\"post_type\":\"resource\",\"post_id\":268}","{\"site_id\":\"45\",\"post_type\":\"resource\",\"post_id\":269}","{\"site_id\":\"45\",\"post_type\":\"resource\",\"post_id\":266}","{\"site_id\":\"45\",\"post_type\":\"resource\",\"post_id\":267}","{\"site_id\":\"45\",\"post_type\":\"resource\",\"post_id\":668}"],"image":1342}},{"acf_fc_layout":"layout_featured_resource","_acfe_flexible_toggle":"","component_featured_resource":{"manually_curate":false,"resource":["{\"site_id\":\"45\",\"post_type\":\"resource\",\"post_id\":269}"],"brow_text":"Tell Gov. DeSantis: Don\u2019t strip away ethics enforcement in Florida","title":"Ph\u1ee7 quy\u1ebft SB 7014","summary":"If signed into law, SB 7014 will require direct personal knowledge of wrongdoing in order to make ethics complaints against officials.\r\n\r\nThis effort to undermine democracy is unacceptable. If you agree, send this letter to tell Governor DeSantis to VETO SB 7014.","button_text":"Learn More","link":{"title":"Send a Letter Today","url":"https:\/\/act.commoncause.org\/letters\/tell-gov-desantis-veto-sb-7014?source=direct_link&","target":""},"image":1355}},{"acf_fc_layout":"layout_actions_listing","_acfe_flexible_toggle":"","component_actions_listing":{"":null}}]},"yoast_head":"<!-- This site is optimized with the Yoast SEO Premium plugin v26.6 (Yoast SEO v27.1.1) - https:\/\/yoast.com\/product\/yoast-seo-premium-wordpress\/ -->\n<title>Take Action - Common Cause Florida<\/title>\n<meta name=\"robots\" content=\"index, follow, max-snippet:-1, max-image-preview:large, max-video-preview:-1\" \/>\n<link rel=\"canonical\" href=\"https:\/\/www.commoncause.org\/florida\/vi\/hanh-dong\/\" \/>\n<meta property=\"og:locale\" content=\"vi_VN\" \/>\n<meta property=\"og:type\" content=\"article\" \/>\n<meta property=\"og:title\" content=\"Take Action\" \/>\n<meta property=\"og:url\" content=\"https:\/\/www.commoncause.org\/florida\/vi\/hanh-dong\/\" \/>\n<meta property=\"og:site_name\" content=\"Common Cause Florida\" \/>\n<meta property=\"article:modified_time\" content=\"2024-12-09T23:12:34+00:00\" \/>\n<meta property=\"og:image\" content=\"https:\/\/www.commoncause.org\/florida\/wp-content\/uploads\/2024\/08\/common-cause-share-image.png\" \/>\n\t<meta property=\"og:image:width\" content=\"1200\" \/>\n\t<meta property=\"og:image:height\" content=\"630\" \/>\n\t<meta property=\"og:image:type\" content=\"image\/png\" \/>\n<meta name=\"twitter:card\" content=\"summary_large_image\" \/>\n<script type=\"application\/ld+json\" class=\"yoast-schema-graph\">{\"@context\":\"https:\/\/schema.org\",\"@graph\":[{\"@type\":\"WebPage\",\"@id\":\"https:\/\/www.commoncause.org\/florida\/take-action\/\",\"url\":\"https:\/\/www.commoncause.org\/florida\/take-action\/\",\"name\":\"Take Action - Common Cause Florida\",\"isPartOf\":{\"@id\":\"https:\/\/www.commoncause.org\/florida\/#website\"},\"datePublished\":\"2024-05-07T13:48:29+00:00\",\"dateModified\":\"2024-12-09T23:12:34+00:00\",\"breadcrumb\":{\"@id\":\"https:\/\/www.commoncause.org\/florida\/take-action\/#breadcrumb\"},\"inLanguage\":\"vi\",\"potentialAction\":[{\"@type\":\"ReadAction\",\"target\":[\"https:\/\/www.commoncause.org\/florida\/take-action\/\"]}]},{\"@type\":\"BreadcrumbList\",\"@id\":\"https:\/\/www.commoncause.org\/florida\/take-action\/#breadcrumb\",\"itemListElement\":[{\"@type\":\"ListItem\",\"position\":1,\"name\":\"Home\",\"item\":\"https:\/\/www.commoncause.org\/florida\/\"},{\"@type\":\"ListItem\",\"position\":2,\"name\":\"Take Action\"}]},{\"@type\":\"WebSite\",\"@id\":\"https:\/\/www.commoncause.org\/florida\/#website\",\"url\":\"https:\/\/www.commoncause.org\/florida\/\",\"name\":\"Common Cause Florida\",\"description\":\"\",\"potentialAction\":[{\"@type\":\"SearchAction\",\"target\":{\"@type\":\"EntryPoint\",\"urlTemplate\":\"https:\/\/www.commoncause.org\/florida\/?s={search_term_string}\"},\"query-input\":{\"@type\":\"PropertyValueSpecification\",\"valueRequired\":true,\"valueName\":\"search_term_string\"}}],\"inLanguage\":\"vi\"}]}<\/script>\n<!-- \/ Yoast SEO Premium plugin. -->","yoast_head_json":{"title":"H\u00e3y h\u00e0nh \u0111\u1ed9ng - Nguy\u00ean nh\u00e2n chung Florida","robots":{"index":"index","follow":"follow","max-snippet":"max-snippet:-1","max-image-preview":"max-image-preview:large","max-video-preview":"max-video-preview:-1"},"canonical":"https:\/\/www.commoncause.org\/florida\/vi\/hanh-dong\/","og_locale":"vi_VN","og_type":"article","og_title":"Take Action","og_url":"https:\/\/www.commoncause.org\/florida\/vi\/hanh-dong\/","og_site_name":"Common Cause Florida","article_modified_time":"2024-12-09T23:12:34+00:00","og_image":[{"width":1200,"height":630,"url":"https:\/\/www.commoncause.org\/florida\/wp-content\/uploads\/2024\/08\/common-cause-share-image.png","type":"image\/png"}],"twitter_card":"summary_large_image","schema":{"@context":"https:\/\/schema.org","@graph":[{"@type":"WebPage","@id":"https:\/\/www.commoncause.org\/florida\/take-action\/","url":"https:\/\/www.commoncause.org\/florida\/take-action\/","name":"H\u00e3y h\u00e0nh \u0111\u1ed9ng - Nguy\u00ean nh\u00e2n chung Florida","isPartOf":{"@id":"https:\/\/www.commoncause.org\/florida\/#website"},"datePublished":"2024-05-07T13:48:29+00:00","dateModified":"2024-12-09T23:12:34+00:00","breadcrumb":{"@id":"https:\/\/www.commoncause.org\/florida\/take-action\/#breadcrumb"},"inLanguage":"vi","potentialAction":[{"@type":"ReadAction","target":["https:\/\/www.commoncause.org\/florida\/take-action\/"]}]},{"@type":"BreadcrumbList","@id":"https:\/\/www.commoncause.org\/florida\/take-action\/#breadcrumb","itemListElement":[{"@type":"ListItem","position":1,"name":"Home","item":"https:\/\/www.commoncause.org\/florida\/"},{"@type":"ListItem","position":2,"name":"Take Action"}]},{"@type":"WebSite","@id":"https:\/\/www.commoncause.org\/florida\/#website","url":"https:\/\/www.commoncause.org\/florida\/","name":"Nguy\u00ean nh\u00e2n chung Florida","description":"","potentialAction":[{"@type":"SearchAction","target":{"@type":"EntryPoint","urlTemplate":"https:\/\/www.commoncause.org\/florida\/?s={search_term_string}"},"query-input":{"@type":"PropertyValueSpecification","valueRequired":true,"valueName":"search_term_string"}}],"inLanguage":"vi"}]}},"distributor_meta":false,"distributor_terms":false,"distributor_media":false,"distributor_original_site_name":"Common Cause Florida","distributor_original_site_url":"https:\/\/www.commoncause.org\/florida\/vi","push-errors":false,"_links":{"self":[{"href":"https:\/\/www.commoncause.org\/florida\/vi\/wp-json\/wp\/v2\/pages\/25","targetHints":{"allow":["GET"]}}],"collection":[{"href":"https:\/\/www.commoncause.org\/florida\/vi\/wp-json\/wp\/v2\/pages"}],"about":[{"href":"https:\/\/www.commoncause.org\/florida\/vi\/wp-json\/wp\/v2\/types\/page"}],"author":[{"embeddable":true,"href":"https:\/\/www.commoncause.org\/florida\/vi\/wp-json\/wp\/v2\/users\/1"}],"replies":[{"embeddable":true,"href":"https:\/\/www.commoncause.org\/florida\/vi\/wp-json\/wp\/v2\/comments?post=25"}],"version-history":[{"count":8,"href":"https:\/\/www.commoncause.org\/florida\/vi\/wp-json\/wp\/v2\/pages\/25\/revisions"}],"predecessor-version":[{"id":1815,"href":"https:\/\/www.commoncause.org\/florida\/vi\/wp-json\/wp\/v2\/pages\/25\/revisions\/1815"}],"wp:attachment":[{"href":"https:\/\/www.commoncause.org\/florida\/vi\/wp-json\/wp\/v2\/media?parent=25"}],"curies":[{"name":"wp","href":"https:\/\/api.w.org\/{rel}","templated":true}]}}