{"id":24,"date":"2024-05-07T13:47:22","date_gmt":"2024-05-07T13:47:22","guid":{"rendered":"https:\/\/www.commoncause.org\/florida\/our-impact\/"},"modified":"2024-12-15T20:30:27","modified_gmt":"2024-12-16T01:30:27","slug":"our-impact","status":"publish","type":"page","link":"https:\/\/www.commoncause.org\/florida\/vi\/tac-dong-cua-chung-toi\/","title":{"rendered":"T\u00e1c \u0111\u1ed9ng c\u1ee7a ch\u00fang t\u00f4i"},"content":{"rendered":"","protected":false},"excerpt":{"rendered":"","protected":false},"author":1,"featured_media":0,"parent":0,"menu_order":0,"comment_status":"closed","ping_status":"closed","template":"","meta":{"_acf_changed":false,"_relevanssi_hide_post":"","_relevanssi_hide_content":"","_relevanssi_pin_for_all":"","_relevanssi_pin_keywords":"","_relevanssi_unpin_keywords":"","_relevanssi_related_keywords":"","_relevanssi_related_include_ids":"","_relevanssi_related_exclude_ids":"","_relevanssi_related_no_append":"","_relevanssi_related_not_related":"","_relevanssi_related_posts":"","_relevanssi_noindex_reason":""},"class_list":["post-24","page","type-page","status-publish","hentry"],"acf":{"header":{"component_page_header":{"header_type":"default","title":"T\u00e1c \u0111\u1ed9ng c\u1ee7a ch\u00fang t\u00f4i","lead":"","image":20056,"subnavigation":false}},"sidebar":{"helper_enable_sidebar":false,"helper_media_contact":{"heading":"","manually_enter_person":false,"person":"","name":"","role":"","phone":"","email":""},"helper_links_downloads":{"heading":"","links":null}},"page_layout":[{"acf_fc_layout":"layout_wysiwyg","_acfe_flexible_toggle":"","component_wysiwyg":{"content":"<h4><span style=\"font-family: inherit; font-size: inherit;\">V\u1edbi s\u1ef1 h\u1ed7 tr\u1ee3 c\u1ee7a c\u00e1c th\u00e0nh vi\u00ean t\u1eadn t\u1ee5y, Common Cause Florida \u0111\u00e3 nhi\u1ec1u l\u1ea7n xu\u1ea5t hi\u1ec7n \u0111\u1ec3 b\u1ea3o v\u1ec7 quy\u1ec1n l\u1ee3i c\u1ee7a ng\u01b0\u1eddi d\u00e2n Florida. <\/span><\/h4>\r\n<h4><span style=\"font-family: inherit; font-size: inherit;\">Ch\u00fang t\u00f4i \u0111\u00e3 y\u00eau c\u1ea7u ch\u00ednh quy\u1ec1n Florida ch\u1ecbu tr\u00e1ch nhi\u1ec7m k\u1ec3 t\u1eeb nh\u1eefng n\u0103m 1970 v\u00e0 ch\u00fang t\u00f4i s\u1ebd ti\u1ebfp t\u1ee5c \u0111\u1ea5u tranh cho m\u1ed9t ch\u00ednh quy\u1ec1n minh b\u1ea1ch, \u0111\u1ea1i di\u1ec7n c\u00f4ng b\u1eb1ng v\u00e0 c\u00e1c cu\u1ed9c b\u1ea7u c\u1eed t\u1ef1 do v\u00e0 c\u00f4ng b\u1eb1ng t\u1ea1i Sunshine State. <\/span><\/h4>"}},{"acf_fc_layout":"layout_two_column_text_and_image","_acfe_flexible_toggle":"","component_two_column_text_and_image":{"heading":"When Common Cause Florida takes action, we make a real difference for democracy.","columns":[{"image":"","title":"Standing up to Racial Discrimination","content":"Common Cause Florida, Fair Districts Now, the Florida State Conference of the NAACP, and individual voters from across Florida filed a lawsuit in federal court arguing that the Florida Legislature and Governor DeSantis engaged in intentional racial discrimination in violation of the 14th and 15th Amendments of the U.S. Constitution when they crafted Florida's current congressional map. We argued our case strongly in court, and one of the judges on the three-judge panel found that the Governor had intentionally discriminated on the basis of race. While the court's ultimate ruling unfortunately upheld the map, it also clearly recounted the long history of racial discrimination in voting in Florida.","link":{"title":"Common Cause Florida v. Byrd","url":"https:\/\/www.commoncause.org\/florida\/work\/common-cause-florida-v-byrd\/","target":""}},{"image":"","title":"Fighting the Influence of Big Donors","content":"Common Cause Florida spearheaded the fight to successfully defeat Amendment 6 on the 2024 Florida ballot. If passed, this amendment would have repealed Article VI, Section 7 of the Florida Constitution, which requires the state to have a public financing program for candidates for Governor and Cabinet who agree to spending limits. It also would have repealed the entire Florida Election Campaign Financing Act and wiped out Florida\u2019s long tradition of public financing. A critical tool in the fight against money in politics, public financing opens doors to candidates who otherwise couldn\u2019t take the financial leap to run for office and incentivizes elected leaders to be more responsive to the communities they serve.","link":{"title":"Citizen-funded Elections","url":"https:\/\/www.commoncause.org\/florida\/work\/citizen-funded-elections-2\/","target":""}}]}},{"acf_fc_layout":"layout_image_and_text","_acfe_flexible_toggle":"","component_image_and_text":{"manually_curate":true,"image_side":"left","row_color":"blue","work":null,"kicker_text":"","title":"","summary":"Common Cause has been fighting for and winning key democracy reforms since our founding in 1970.","image":"","post_link":{"title":"Our History","url":"https:\/\/www.commoncause.org\/florida\/resources\/our-history\/","target":""},"button_text":"Read about the early history of Common Cause Florida","secondary_link":""}}]},"yoast_head":"<!-- This site is optimized with the Yoast SEO Premium plugin v26.6 (Yoast SEO v27.1.1) - https:\/\/yoast.com\/product\/yoast-seo-premium-wordpress\/ -->\n<title>Our Impact - Common Cause Florida<\/title>\n<meta name=\"robots\" content=\"index, follow, max-snippet:-1, max-image-preview:large, max-video-preview:-1\" \/>\n<link rel=\"canonical\" href=\"https:\/\/www.commoncause.org\/florida\/vi\/tac-dong-cua-chung-toi\/\" \/>\n<meta property=\"og:locale\" content=\"vi_VN\" \/>\n<meta property=\"og:type\" content=\"article\" \/>\n<meta property=\"og:title\" content=\"Our Impact\" \/>\n<meta property=\"og:url\" content=\"https:\/\/www.commoncause.org\/florida\/vi\/tac-dong-cua-chung-toi\/\" \/>\n<meta property=\"og:site_name\" content=\"Common Cause Florida\" \/>\n<meta property=\"article:modified_time\" content=\"2024-12-16T01:30:27+00:00\" \/>\n<meta property=\"og:image\" content=\"https:\/\/www.commoncause.org\/florida\/wp-content\/uploads\/2024\/08\/common-cause-share-image.png\" \/>\n\t<meta property=\"og:image:width\" content=\"1200\" \/>\n\t<meta property=\"og:image:height\" content=\"630\" \/>\n\t<meta property=\"og:image:type\" content=\"image\/png\" \/>\n<meta name=\"twitter:card\" content=\"summary_large_image\" \/>\n<script type=\"application\/ld+json\" class=\"yoast-schema-graph\">{\"@context\":\"https:\/\/schema.org\",\"@graph\":[{\"@type\":\"WebPage\",\"@id\":\"https:\/\/www.commoncause.org\/florida\/our-impact\/\",\"url\":\"https:\/\/www.commoncause.org\/florida\/our-impact\/\",\"name\":\"Our Impact - Common Cause Florida\",\"isPartOf\":{\"@id\":\"https:\/\/www.commoncause.org\/florida\/#website\"},\"datePublished\":\"2024-05-07T13:47:22+00:00\",\"dateModified\":\"2024-12-16T01:30:27+00:00\",\"breadcrumb\":{\"@id\":\"https:\/\/www.commoncause.org\/florida\/our-impact\/#breadcrumb\"},\"inLanguage\":\"vi\",\"potentialAction\":[{\"@type\":\"ReadAction\",\"target\":[\"https:\/\/www.commoncause.org\/florida\/our-impact\/\"]}]},{\"@type\":\"BreadcrumbList\",\"@id\":\"https:\/\/www.commoncause.org\/florida\/our-impact\/#breadcrumb\",\"itemListElement\":[{\"@type\":\"ListItem\",\"position\":1,\"name\":\"Home\",\"item\":\"https:\/\/www.commoncause.org\/florida\/\"},{\"@type\":\"ListItem\",\"position\":2,\"name\":\"Our Impact\"}]},{\"@type\":\"WebSite\",\"@id\":\"https:\/\/www.commoncause.org\/florida\/#website\",\"url\":\"https:\/\/www.commoncause.org\/florida\/\",\"name\":\"Common Cause Florida\",\"description\":\"\",\"potentialAction\":[{\"@type\":\"SearchAction\",\"target\":{\"@type\":\"EntryPoint\",\"urlTemplate\":\"https:\/\/www.commoncause.org\/florida\/?s={search_term_string}\"},\"query-input\":{\"@type\":\"PropertyValueSpecification\",\"valueRequired\":true,\"valueName\":\"search_term_string\"}}],\"inLanguage\":\"vi\"}]}<\/script>\n<!-- \/ Yoast SEO Premium plugin. -->","yoast_head_json":{"title":"T\u00e1c \u0111\u1ed9ng c\u1ee7a ch\u00fang t\u00f4i - Common Cause Florida","robots":{"index":"index","follow":"follow","max-snippet":"max-snippet:-1","max-image-preview":"max-image-preview:large","max-video-preview":"max-video-preview:-1"},"canonical":"https:\/\/www.commoncause.org\/florida\/vi\/tac-dong-cua-chung-toi\/","og_locale":"vi_VN","og_type":"article","og_title":"Our Impact","og_url":"https:\/\/www.commoncause.org\/florida\/vi\/tac-dong-cua-chung-toi\/","og_site_name":"Common Cause Florida","article_modified_time":"2024-12-16T01:30:27+00:00","og_image":[{"width":1200,"height":630,"url":"https:\/\/www.commoncause.org\/florida\/wp-content\/uploads\/2024\/08\/common-cause-share-image.png","type":"image\/png"}],"twitter_card":"summary_large_image","schema":{"@context":"https:\/\/schema.org","@graph":[{"@type":"WebPage","@id":"https:\/\/www.commoncause.org\/florida\/our-impact\/","url":"https:\/\/www.commoncause.org\/florida\/our-impact\/","name":"T\u00e1c \u0111\u1ed9ng c\u1ee7a ch\u00fang t\u00f4i - Common Cause Florida","isPartOf":{"@id":"https:\/\/www.commoncause.org\/florida\/#website"},"datePublished":"2024-05-07T13:47:22+00:00","dateModified":"2024-12-16T01:30:27+00:00","breadcrumb":{"@id":"https:\/\/www.commoncause.org\/florida\/our-impact\/#breadcrumb"},"inLanguage":"vi","potentialAction":[{"@type":"ReadAction","target":["https:\/\/www.commoncause.org\/florida\/our-impact\/"]}]},{"@type":"BreadcrumbList","@id":"https:\/\/www.commoncause.org\/florida\/our-impact\/#breadcrumb","itemListElement":[{"@type":"ListItem","position":1,"name":"Home","item":"https:\/\/www.commoncause.org\/florida\/"},{"@type":"ListItem","position":2,"name":"Our Impact"}]},{"@type":"WebSite","@id":"https:\/\/www.commoncause.org\/florida\/#website","url":"https:\/\/www.commoncause.org\/florida\/","name":"Nguy\u00ean nh\u00e2n chung Florida","description":"","potentialAction":[{"@type":"SearchAction","target":{"@type":"EntryPoint","urlTemplate":"https:\/\/www.commoncause.org\/florida\/?s={search_term_string}"},"query-input":{"@type":"PropertyValueSpecification","valueRequired":true,"valueName":"search_term_string"}}],"inLanguage":"vi"}]}},"distributor_meta":false,"distributor_terms":false,"distributor_media":false,"distributor_original_site_name":"Common Cause Florida","distributor_original_site_url":"https:\/\/www.commoncause.org\/florida\/vi","push-errors":false,"_links":{"self":[{"href":"https:\/\/www.commoncause.org\/florida\/vi\/wp-json\/wp\/v2\/pages\/24","targetHints":{"allow":["GET"]}}],"collection":[{"href":"https:\/\/www.commoncause.org\/florida\/vi\/wp-json\/wp\/v2\/pages"}],"about":[{"href":"https:\/\/www.commoncause.org\/florida\/vi\/wp-json\/wp\/v2\/types\/page"}],"author":[{"embeddable":true,"href":"https:\/\/www.commoncause.org\/florida\/vi\/wp-json\/wp\/v2\/users\/1"}],"replies":[{"embeddable":true,"href":"https:\/\/www.commoncause.org\/florida\/vi\/wp-json\/wp\/v2\/comments?post=24"}],"version-history":[{"count":24,"href":"https:\/\/www.commoncause.org\/florida\/vi\/wp-json\/wp\/v2\/pages\/24\/revisions"}],"predecessor-version":[{"id":1847,"href":"https:\/\/www.commoncause.org\/florida\/vi\/wp-json\/wp\/v2\/pages\/24\/revisions\/1847"}],"wp:attachment":[{"href":"https:\/\/www.commoncause.org\/florida\/vi\/wp-json\/wp\/v2\/media?parent=24"}],"curies":[{"name":"wp","href":"https:\/\/api.w.org\/{rel}","templated":true}]}}