{"id":29,"date":"2024-05-07T13:51:56","date_gmt":"2024-05-07T13:51:56","guid":{"rendered":"https:\/\/www.commoncause.org\/florida\/contact\/"},"modified":"2024-06-13T14:41:47","modified_gmt":"2024-06-13T18:41:47","slug":"contact","status":"publish","type":"page","link":"https:\/\/www.commoncause.org\/florida\/de\/kontakt\/","title":{"rendered":"Kontakt"},"content":{"rendered":"","protected":false},"excerpt":{"rendered":"","protected":false},"author":2,"featured_media":0,"parent":0,"menu_order":0,"comment_status":"closed","ping_status":"closed","template":"","meta":{"_acf_changed":false,"_relevanssi_hide_post":"","_relevanssi_hide_content":"","_relevanssi_pin_for_all":"","_relevanssi_pin_keywords":"","_relevanssi_unpin_keywords":"","_relevanssi_related_keywords":"","_relevanssi_related_include_ids":"","_relevanssi_related_exclude_ids":"","_relevanssi_related_no_append":"","_relevanssi_related_not_related":"","_relevanssi_related_posts":"","_relevanssi_noindex_reason":""},"class_list":["post-29","page","type-page","status-publish","hentry"],"acf":{"header":{"component_page_header":{"header_type":"default","title":"","lead":"","image":19626,"subnavigation":false}},"sidebar":{"helper_enable_sidebar":false,"helper_media_contact":{"heading":"Media Contact","manually_enter_person":false,"person":["{\"site_id\":\"45\",\"post_type\":\"person\",\"post_id\":168}"],"name":"","role":"","phone":"","email":""},"helper_links_downloads":{"heading":"Links & Downloads","links":null}},"page_layout":[{"acf_fc_layout":"layout_wysiwyg","_acfe_flexible_toggle":"","component_wysiwyg":{"content":"<div class=\"col-xs-12 col-md-8\">\r\n<h2>Kontaktieren Sie uns<\/h2>\r\nCommon Cause setzt sich f\u00fcr eine ehrliche, transparente und verantwortungsvolle Regierung sowie f\u00fcr die F\u00f6rderung der B\u00fcrgerbeteiligung an der Demokratie ein. Die Meinung unserer Mitglieder und Unterst\u00fctzer ist uns wichtig. Bei Fragen zu unseren Aktionen an der Basis kontaktieren Sie uns bitte per E-Mail unter <a href=\"mailto:Florida@commoncause.org\">Florida@commoncause.org<\/a>\u00a0Oder nutzen Sie das untenstehende Formular. Bei Fragen zu Spenden (online oder offline) oder zur Common Cause-Mitgliedschaft senden Sie uns bitte eine E-Mail an <a href=\"mailto:giving@commoncause.org\">giving@commoncause.org<\/a>Wenn Sie Medienvertreter sind, senden Sie uns bitte eine E-Mail an <a href=\"http:\/\/JGarcia@commoncause.org\">JGarcia@ommoncause.org<\/a>Unsere Postanschrift lautet 333 3rd Ave N, Unit 427, St. Petersburg, FL 33701. Unsere Telefonnummer ist 727.342.0730.\r\n\r\n<\/div>"}},{"acf_fc_layout":"layout_wysiwyg","_acfe_flexible_toggle":"","component_wysiwyg":{"content":"[gravityform id=\"1\" title=\"true\"]"}}]},"yoast_head":"<!-- This site is optimized with the Yoast SEO Premium plugin v26.6 (Yoast SEO v27.1.1) - https:\/\/yoast.com\/product\/yoast-seo-premium-wordpress\/ -->\n<title>Contact - Common Cause Florida<\/title>\n<meta name=\"robots\" content=\"index, follow, max-snippet:-1, max-image-preview:large, max-video-preview:-1\" \/>\n<link rel=\"canonical\" href=\"https:\/\/www.commoncause.org\/florida\/de\/kontakt\/\" \/>\n<meta property=\"og:locale\" content=\"de_DE\" \/>\n<meta property=\"og:type\" content=\"article\" \/>\n<meta property=\"og:title\" content=\"Contact\" \/>\n<meta property=\"og:url\" content=\"https:\/\/www.commoncause.org\/florida\/de\/kontakt\/\" \/>\n<meta property=\"og:site_name\" content=\"Common Cause Florida\" \/>\n<meta property=\"article:modified_time\" content=\"2024-06-13T18:41:47+00:00\" \/>\n<meta property=\"og:image\" content=\"https:\/\/www.commoncause.org\/florida\/wp-content\/uploads\/2024\/08\/common-cause-share-image.png\" \/>\n\t<meta property=\"og:image:width\" content=\"1200\" \/>\n\t<meta property=\"og:image:height\" content=\"630\" \/>\n\t<meta property=\"og:image:type\" content=\"image\/png\" \/>\n<meta name=\"twitter:card\" content=\"summary_large_image\" \/>\n<script type=\"application\/ld+json\" class=\"yoast-schema-graph\">{\"@context\":\"https:\/\/schema.org\",\"@graph\":[{\"@type\":\"WebPage\",\"@id\":\"https:\/\/www.commoncause.org\/florida\/contact\/\",\"url\":\"https:\/\/www.commoncause.org\/florida\/contact\/\",\"name\":\"Contact - Common Cause Florida\",\"isPartOf\":{\"@id\":\"https:\/\/www.commoncause.org\/florida\/#website\"},\"datePublished\":\"2024-05-07T13:51:56+00:00\",\"dateModified\":\"2024-06-13T18:41:47+00:00\",\"breadcrumb\":{\"@id\":\"https:\/\/www.commoncause.org\/florida\/contact\/#breadcrumb\"},\"inLanguage\":\"de\",\"potentialAction\":[{\"@type\":\"ReadAction\",\"target\":[\"https:\/\/www.commoncause.org\/florida\/contact\/\"]}]},{\"@type\":\"BreadcrumbList\",\"@id\":\"https:\/\/www.commoncause.org\/florida\/contact\/#breadcrumb\",\"itemListElement\":[{\"@type\":\"ListItem\",\"position\":1,\"name\":\"Home\",\"item\":\"https:\/\/www.commoncause.org\/florida\/\"},{\"@type\":\"ListItem\",\"position\":2,\"name\":\"Contact\"}]},{\"@type\":\"WebSite\",\"@id\":\"https:\/\/www.commoncause.org\/florida\/#website\",\"url\":\"https:\/\/www.commoncause.org\/florida\/\",\"name\":\"Common Cause Florida\",\"description\":\"\",\"potentialAction\":[{\"@type\":\"SearchAction\",\"target\":{\"@type\":\"EntryPoint\",\"urlTemplate\":\"https:\/\/www.commoncause.org\/florida\/?s={search_term_string}\"},\"query-input\":{\"@type\":\"PropertyValueSpecification\",\"valueRequired\":true,\"valueName\":\"search_term_string\"}}],\"inLanguage\":\"de\"}]}<\/script>\n<!-- \/ Yoast SEO Premium plugin. -->","yoast_head_json":{"title":"Kontakt - Common Cause Florida","robots":{"index":"index","follow":"follow","max-snippet":"max-snippet:-1","max-image-preview":"max-image-preview:large","max-video-preview":"max-video-preview:-1"},"canonical":"https:\/\/www.commoncause.org\/florida\/de\/kontakt\/","og_locale":"de_DE","og_type":"article","og_title":"Contact","og_url":"https:\/\/www.commoncause.org\/florida\/de\/kontakt\/","og_site_name":"Common Cause Florida","article_modified_time":"2024-06-13T18:41:47+00:00","og_image":[{"width":1200,"height":630,"url":"https:\/\/www.commoncause.org\/florida\/wp-content\/uploads\/2024\/08\/common-cause-share-image.png","type":"image\/png"}],"twitter_card":"summary_large_image","schema":{"@context":"https:\/\/schema.org","@graph":[{"@type":"WebPage","@id":"https:\/\/www.commoncause.org\/florida\/contact\/","url":"https:\/\/www.commoncause.org\/florida\/contact\/","name":"Kontakt - Common Cause Florida","isPartOf":{"@id":"https:\/\/www.commoncause.org\/florida\/#website"},"datePublished":"2024-05-07T13:51:56+00:00","dateModified":"2024-06-13T18:41:47+00:00","breadcrumb":{"@id":"https:\/\/www.commoncause.org\/florida\/contact\/#breadcrumb"},"inLanguage":"de","potentialAction":[{"@type":"ReadAction","target":["https:\/\/www.commoncause.org\/florida\/contact\/"]}]},{"@type":"BreadcrumbList","@id":"https:\/\/www.commoncause.org\/florida\/contact\/#breadcrumb","itemListElement":[{"@type":"ListItem","position":1,"name":"Home","item":"https:\/\/www.commoncause.org\/florida\/"},{"@type":"ListItem","position":2,"name":"Contact"}]},{"@type":"WebSite","@id":"https:\/\/www.commoncause.org\/florida\/#website","url":"https:\/\/www.commoncause.org\/florida\/","name":"Gemeinsame Sache, Florida","description":"","potentialAction":[{"@type":"SearchAction","target":{"@type":"EntryPoint","urlTemplate":"https:\/\/www.commoncause.org\/florida\/?s={search_term_string}"},"query-input":{"@type":"PropertyValueSpecification","valueRequired":true,"valueName":"search_term_string"}}],"inLanguage":"de"}]}},"distributor_meta":false,"distributor_terms":false,"distributor_media":false,"distributor_original_site_name":"Common Cause Florida","distributor_original_site_url":"https:\/\/www.commoncause.org\/florida\/de","push-errors":false,"_links":{"self":[{"href":"https:\/\/www.commoncause.org\/florida\/de\/wp-json\/wp\/v2\/pages\/29","targetHints":{"allow":["GET"]}}],"collection":[{"href":"https:\/\/www.commoncause.org\/florida\/de\/wp-json\/wp\/v2\/pages"}],"about":[{"href":"https:\/\/www.commoncause.org\/florida\/de\/wp-json\/wp\/v2\/types\/page"}],"author":[{"embeddable":true,"href":"https:\/\/www.commoncause.org\/florida\/de\/wp-json\/wp\/v2\/users\/2"}],"replies":[{"embeddable":true,"href":"https:\/\/www.commoncause.org\/florida\/de\/wp-json\/wp\/v2\/comments?post=29"}],"version-history":[{"count":12,"href":"https:\/\/www.commoncause.org\/florida\/de\/wp-json\/wp\/v2\/pages\/29\/revisions"}],"predecessor-version":[{"id":1062,"href":"https:\/\/www.commoncause.org\/florida\/de\/wp-json\/wp\/v2\/pages\/29\/revisions\/1062"}],"wp:attachment":[{"href":"https:\/\/www.commoncause.org\/florida\/de\/wp-json\/wp\/v2\/media?parent=29"}],"curies":[{"name":"wp","href":"https:\/\/api.w.org\/{rel}","templated":true}]}}