{"id":26,"date":"2024-05-07T13:49:30","date_gmt":"2024-05-07T13:49:30","guid":{"rendered":"https:\/\/www.commoncause.org\/florida\/donate\/"},"modified":"2024-08-09T16:23:55","modified_gmt":"2024-08-09T20:23:55","slug":"donate","status":"publish","type":"page","link":"https:\/\/www.commoncause.org\/florida\/de\/spenden\/","title":{"rendered":"Spenden"},"content":{"rendered":"","protected":false},"excerpt":{"rendered":"","protected":false},"author":1,"featured_media":0,"parent":0,"menu_order":0,"comment_status":"closed","ping_status":"closed","template":"","meta":{"_acf_changed":false,"_relevanssi_hide_post":"","_relevanssi_hide_content":"","_relevanssi_pin_for_all":"","_relevanssi_pin_keywords":"","_relevanssi_unpin_keywords":"","_relevanssi_related_keywords":"","_relevanssi_related_include_ids":"","_relevanssi_related_exclude_ids":"","_relevanssi_related_no_append":"","_relevanssi_related_not_related":"","_relevanssi_related_posts":"","_relevanssi_noindex_reason":""},"class_list":["post-26","page","type-page","status-publish","hentry"],"acf":{"header":{"component_page_header":{"header_type":"default","title":"Spenden Sie f\u00fcr Common Cause Florida","lead":"","image":"","subnavigation":false}},"sidebar":{"helper_enable_sidebar":false,"helper_media_contact":{"heading":"","manually_enter_person":false,"person":"","name":"","role":"","phone":"","email":""},"helper_links_downloads":{"heading":"","links":null}},"page_layout":[{"acf_fc_layout":"layout_wysiwyg","_acfe_flexible_toggle":"","component_wysiwyg":{"content":"Common Cause Florida ist f\u00fchrend in wichtigen K\u00e4mpfen auf lokaler, staatlicher und nationaler Ebene. Ihre Unterst\u00fctzung erm\u00f6glicht Basis-, Rechts- und Gesetzgebungsma\u00dfnahmen, um Sonderinteressen entgegenzutreten, gew\u00e4hlte Amtstr\u00e4ger zur Verantwortung zu ziehen und die Demokratie aufzubauen, die alle Amerikaner verdienen."}},{"acf_fc_layout":"layout_basic_html","_acfe_flexible_toggle":"","component_basic_html":{"heading":"Be a champion for Democracy","code":"<script src='https:\/\/actionnetwork.org\/widgets\/v5\/fundraising\/common-cause-florida?format=js&source=website&css=whitelabel&'><\/script><div id='can-fundraising-area-common-cause-florida' style='width: 100%'><\/div>","width":"medium"}},{"acf_fc_layout":"layout_wysiwyg","_acfe_flexible_toggle":"","component_wysiwyg":{"content":"<h3>Andere M\u00f6glichkeiten zu spenden \u2026<\/h3>\r\nEs gibt viele M\u00f6glichkeiten, die Mission von Common Cause zu unterst\u00fctzen, die Macht zur Verantwortung zu ziehen. Wenn Sie Fragen haben oder Ihre bevorzugte Spendenmethode nicht aufgef\u00fchrt ist, wenden Sie sich bitte an den Mitgliederservice unter: (202) 833-1200 oder\u00a0<a href=\"mailto:giving@commoncause.org\">giving@commoncause.org<\/a>\u00a0und wir besprechen gerne Ihre M\u00f6glichkeiten, einen Beitrag zu leisten.\r\n\r\n<strong>Spenden Sie aus Ihrem Spenderfonds\u00a0<\/strong>\r\n\r\nBitte ziehen Sie in Erw\u00e4gung, dem Common Cause Education Fund \u00fcber Ihren empfohlenen Spendenfonds eine Spende zukommen zu lassen. <b>Fragen?<\/b> Bitte senden Sie eine E-Mail oder rufen Sie Rachel Queirolo, National Director of Major Gifts, an unter <a href=\"mailto:rqueirolo@commoncause.org\">rqueirolo@commoncause.org<\/a> oder (202)-736-5773.\r\n\r\n<strong>Steuerlich absetzbare Spenden<\/strong>\r\n\r\nSpenden an Common Cause sind nicht steuerlich absetzbar, da unsere Arbeit auch Lobbyarbeit f\u00fcr Reformen umfasst. Sie k\u00f6nnen jedoch eine steuerlich absetzbare Spende an unseren Partner Common Cause Education Fund leisten, eine gemeinn\u00fctzige 501(c)3-Organisation, die unsere Bem\u00fchungen unterst\u00fctzt, Machthaber durch b\u00fcrgerschaftliches Engagement und \u00f6ffentliche Bildung zur Rechenschaft zu ziehen. <a href=\"https:\/\/www.commoncause.org\/florida\/de\/donate\/education-fund\/\">Klicken Sie hier, um Ihre Spende steuerlich absetzbar zu machen &gt;&gt;<\/a>\r\n\r\n<strong>Rentenkonto und IRA-Spenden<\/strong>\r\n\r\nDie Aufnahme des Common Cause Education Fund als Beg\u00fcnstigter Ihres Rentenkontos oder IRA ist eine weitere einfache und steuereffiziente M\u00f6glichkeit, die Demokratie zu st\u00e4rken und eine gute Regierungsf\u00fchrung zu f\u00f6rdern. <a href=\"https:\/\/www.commoncause.org\/florida\/de\/retirement-funds-or-iras\/\">Klicken Sie hier, um mehr \u00fcber Altersvorsorgekonten und IRA-Spenden zu erfahren.<\/a>\r\n\r\n<strong>Unterst\u00fctzen Sie Common Cause in Ihrem Testament<\/strong>\r\n\r\nHelfen Sie mit, das Versprechen der Demokratie f\u00fcr die n\u00e4chste Generation zu garantieren, indem Sie <a href=\"https:\/\/www.commoncause.org\/florida\/de\/support-common-cause-in-your-will\/\">Nachlassgeschenk, wie z. B. ein Verm\u00e4chtnis oder eine andere geplante Schenkung<\/a>. Verwenden Sie diese <a href=\"https:\/\/www.freewill.com\/commoncause?utm_source=partner&amp;utm_medium=donatepage&amp;utm_campaign=commoncause_website\">KOSTENLOSES Tool zum Verfassen von Testamenten<\/a> f\u00fcr einen schnellen und einfachen Einstieg.\r\n\r\n<strong>Spenden am Arbeitsplatz<\/strong>\r\n\r\nEine Spende an Common Cause \u00fcber den Arbeitsplatz ist praktisch und wirkungsvoll. Mitarbeiter k\u00f6nnen damit m\u00fchelos \u00fcber Gehaltsabz\u00fcge Bem\u00fchungen um staatliche Rechenschaftspflicht und Demokratiereformen unterst\u00fctzen. Spendenverdopplungsprogramme k\u00f6nnen die Beitr\u00e4ge verst\u00e4rken und so die Wirkung maximieren. <a href=\"https:\/\/www.commoncause.org\/florida\/de\/workplace-giving\/\">Erfahren Sie hier mehr \u00fcber Spenden am Arbeitsplatz &gt;&gt;<\/a>\r\n\r\n<strong>Aktiengeschenke<\/strong>\r\n\r\nSchenkungen in Form von Aktien und Wertpapieren k\u00f6nnen an Common Cause und unseren Partner Common Cause Education Fund \u00fcber Wells Fargo erfolgen. <a href=\"https:\/\/www.commoncause.org\/florida\/de\/gifts-of-stock\/\">F\u00fcr Einzelheiten zu Aktiengeschenken klicken Sie hier &gt;&gt;<\/a>\r\n\r\n<strong>Unterst\u00fctzung von Common Cause durch eine Stiftung<\/strong>\r\n\r\nWenn Sie einer Stiftung angeh\u00f6ren und mehr \u00fcber unsere Wirkung erfahren oder eine Spende an den Common Cause Education Fund senden m\u00f6chten, wenden Sie sich bitte an unseren Direktor f\u00fcr Stiftungsbeziehungen, Sam Voorhees, unter <a href=\"mailto:svoorhees@commoncause.org\">svoorhees@commoncause.org<\/a> oder (202)-736-5723.\r\n\r\n<strong>F\u00fchrung geben<\/strong>\r\n\r\nMit einer Spende von $10.000 oder mehr schlie\u00dfen Sie sich einer Gruppe engagierter Demokratieverteidiger im ganzen Land an. Ihre Spende unterst\u00fctzt unseren Wahlschutz, unsere Rechtsstreitigkeiten, die Neugliederung der Wahlbezirke, den Kampf gegen Wahlf\u00e4lschungen, die Arbeit, Trump zur Rechenschaft zu ziehen und vieles mehr. <b>Fragen?<\/b> Bitte senden Sie eine E-Mail oder rufen Sie Rachel Queirolo, National Director of Major Gifts, an unter <a href=\"mailto:rqueirolo@commoncause.org\">rqueirolo@commoncause.org<\/a> oder (202)-736-5773.\r\n\r\n<strong>Gedenk- und Ehrengeschenke<\/strong>\r\n\r\nEin Geschenk, das die Demokratie st\u00e4rkt und im Namen eines geliebten Menschen geschieht, ist eine wunderbare M\u00f6glichkeit, die Arbeit von Common Cause zu unterst\u00fctzen. <a href=\"https:\/\/www.commoncause.org\/florida\/de\/memorial-honorary-gifts\/\">Wenn Sie eine Gedenk- oder Ehrenspende machen m\u00f6chten, klicken Sie bitte hier<\/a> oder kontaktieren Sie Sam Anderson-Chinnes unter <a href=\"mailto:sanderson@commoncause.org\">sanderson@commoncause.org<\/a>."}}]},"yoast_head":"<!-- This site is optimized with the Yoast SEO Premium plugin v26.6 (Yoast SEO v27.1.1) - https:\/\/yoast.com\/product\/yoast-seo-premium-wordpress\/ -->\n<title>Donate - Common Cause Florida<\/title>\n<meta name=\"robots\" content=\"index, follow, max-snippet:-1, max-image-preview:large, max-video-preview:-1\" \/>\n<link rel=\"canonical\" href=\"https:\/\/www.commoncause.org\/florida\/de\/spenden\/\" \/>\n<meta property=\"og:locale\" content=\"de_DE\" \/>\n<meta property=\"og:type\" content=\"article\" \/>\n<meta property=\"og:title\" content=\"Donate\" \/>\n<meta property=\"og:url\" content=\"https:\/\/www.commoncause.org\/florida\/de\/spenden\/\" \/>\n<meta property=\"og:site_name\" content=\"Common Cause Florida\" \/>\n<meta property=\"article:modified_time\" content=\"2024-08-09T20:23:55+00:00\" \/>\n<meta property=\"og:image\" content=\"https:\/\/www.commoncause.org\/florida\/wp-content\/uploads\/2024\/08\/common-cause-share-image.png\" \/>\n\t<meta property=\"og:image:width\" content=\"1200\" \/>\n\t<meta property=\"og:image:height\" content=\"630\" \/>\n\t<meta property=\"og:image:type\" content=\"image\/png\" \/>\n<meta name=\"twitter:card\" content=\"summary_large_image\" \/>\n<script type=\"application\/ld+json\" class=\"yoast-schema-graph\">{\"@context\":\"https:\/\/schema.org\",\"@graph\":[{\"@type\":\"WebPage\",\"@id\":\"https:\/\/www.commoncause.org\/florida\/donate\/\",\"url\":\"https:\/\/www.commoncause.org\/florida\/donate\/\",\"name\":\"Donate - Common Cause Florida\",\"isPartOf\":{\"@id\":\"https:\/\/www.commoncause.org\/florida\/#website\"},\"datePublished\":\"2024-05-07T13:49:30+00:00\",\"dateModified\":\"2024-08-09T20:23:55+00:00\",\"breadcrumb\":{\"@id\":\"https:\/\/www.commoncause.org\/florida\/donate\/#breadcrumb\"},\"inLanguage\":\"de\",\"potentialAction\":[{\"@type\":\"ReadAction\",\"target\":[\"https:\/\/www.commoncause.org\/florida\/donate\/\"]}]},{\"@type\":\"BreadcrumbList\",\"@id\":\"https:\/\/www.commoncause.org\/florida\/donate\/#breadcrumb\",\"itemListElement\":[{\"@type\":\"ListItem\",\"position\":1,\"name\":\"Home\",\"item\":\"https:\/\/www.commoncause.org\/florida\/\"},{\"@type\":\"ListItem\",\"position\":2,\"name\":\"Donate\"}]},{\"@type\":\"WebSite\",\"@id\":\"https:\/\/www.commoncause.org\/florida\/#website\",\"url\":\"https:\/\/www.commoncause.org\/florida\/\",\"name\":\"Common Cause Florida\",\"description\":\"\",\"potentialAction\":[{\"@type\":\"SearchAction\",\"target\":{\"@type\":\"EntryPoint\",\"urlTemplate\":\"https:\/\/www.commoncause.org\/florida\/?s={search_term_string}\"},\"query-input\":{\"@type\":\"PropertyValueSpecification\",\"valueRequired\":true,\"valueName\":\"search_term_string\"}}],\"inLanguage\":\"de\"}]}<\/script>\n<!-- \/ Yoast SEO Premium plugin. -->","yoast_head_json":{"title":"Spenden - Common Cause Florida","robots":{"index":"index","follow":"follow","max-snippet":"max-snippet:-1","max-image-preview":"max-image-preview:large","max-video-preview":"max-video-preview:-1"},"canonical":"https:\/\/www.commoncause.org\/florida\/de\/spenden\/","og_locale":"de_DE","og_type":"article","og_title":"Donate","og_url":"https:\/\/www.commoncause.org\/florida\/de\/spenden\/","og_site_name":"Common Cause Florida","article_modified_time":"2024-08-09T20:23:55+00:00","og_image":[{"width":1200,"height":630,"url":"https:\/\/www.commoncause.org\/florida\/wp-content\/uploads\/2024\/08\/common-cause-share-image.png","type":"image\/png"}],"twitter_card":"summary_large_image","schema":{"@context":"https:\/\/schema.org","@graph":[{"@type":"WebPage","@id":"https:\/\/www.commoncause.org\/florida\/donate\/","url":"https:\/\/www.commoncause.org\/florida\/donate\/","name":"Spenden - Common Cause Florida","isPartOf":{"@id":"https:\/\/www.commoncause.org\/florida\/#website"},"datePublished":"2024-05-07T13:49:30+00:00","dateModified":"2024-08-09T20:23:55+00:00","breadcrumb":{"@id":"https:\/\/www.commoncause.org\/florida\/donate\/#breadcrumb"},"inLanguage":"de","potentialAction":[{"@type":"ReadAction","target":["https:\/\/www.commoncause.org\/florida\/donate\/"]}]},{"@type":"BreadcrumbList","@id":"https:\/\/www.commoncause.org\/florida\/donate\/#breadcrumb","itemListElement":[{"@type":"ListItem","position":1,"name":"Home","item":"https:\/\/www.commoncause.org\/florida\/"},{"@type":"ListItem","position":2,"name":"Donate"}]},{"@type":"WebSite","@id":"https:\/\/www.commoncause.org\/florida\/#website","url":"https:\/\/www.commoncause.org\/florida\/","name":"Gemeinsame Sache, Florida","description":"","potentialAction":[{"@type":"SearchAction","target":{"@type":"EntryPoint","urlTemplate":"https:\/\/www.commoncause.org\/florida\/?s={search_term_string}"},"query-input":{"@type":"PropertyValueSpecification","valueRequired":true,"valueName":"search_term_string"}}],"inLanguage":"de"}]}},"distributor_meta":false,"distributor_terms":false,"distributor_media":false,"distributor_original_site_name":"Common Cause Florida","distributor_original_site_url":"https:\/\/www.commoncause.org\/florida\/de","push-errors":false,"_links":{"self":[{"href":"https:\/\/www.commoncause.org\/florida\/de\/wp-json\/wp\/v2\/pages\/26","targetHints":{"allow":["GET"]}}],"collection":[{"href":"https:\/\/www.commoncause.org\/florida\/de\/wp-json\/wp\/v2\/pages"}],"about":[{"href":"https:\/\/www.commoncause.org\/florida\/de\/wp-json\/wp\/v2\/types\/page"}],"author":[{"embeddable":true,"href":"https:\/\/www.commoncause.org\/florida\/de\/wp-json\/wp\/v2\/users\/1"}],"replies":[{"embeddable":true,"href":"https:\/\/www.commoncause.org\/florida\/de\/wp-json\/wp\/v2\/comments?post=26"}],"version-history":[{"count":18,"href":"https:\/\/www.commoncause.org\/florida\/de\/wp-json\/wp\/v2\/pages\/26\/revisions"}],"predecessor-version":[{"id":1530,"href":"https:\/\/www.commoncause.org\/florida\/de\/wp-json\/wp\/v2\/pages\/26\/revisions\/1530"}],"wp:attachment":[{"href":"https:\/\/www.commoncause.org\/florida\/de\/wp-json\/wp\/v2\/media?parent=26"}],"curies":[{"name":"wp","href":"https:\/\/api.w.org\/{rel}","templated":true}]}}