{"id":23750,"date":"2024-10-18T16:30:23","date_gmt":"2024-10-18T20:30:23","guid":{"rendered":"https:\/\/www.commoncause.org\/?page_id=23750"},"modified":"2024-10-30T16:50:51","modified_gmt":"2024-10-30T20:50:51","slug":"fondo-de-educacion-para-una-causa-comun","status":"publish","type":"page","link":"https:\/\/www.commoncause.org\/es\/about-us\/common-cause-education-fund\/","title":{"rendered":"Fondo de Educaci\u00f3n para Causas Comunes"},"content":{"rendered":"","protected":false},"excerpt":{"rendered":"","protected":false},"author":35,"featured_media":0,"parent":696,"menu_order":0,"comment_status":"closed","ping_status":"closed","template":"","meta":{"_acf_changed":false,"_relevanssi_hide_post":"","_relevanssi_hide_content":"","_relevanssi_pin_for_all":"","_relevanssi_pin_keywords":"","_relevanssi_unpin_keywords":"","_relevanssi_related_keywords":"","_relevanssi_related_include_ids":"","_relevanssi_related_exclude_ids":"","_relevanssi_related_no_append":"","_relevanssi_related_not_related":"","_relevanssi_related_posts":"","_relevanssi_noindex_reason":""},"class_list":["post-23750","page","type-page","status-publish","hentry"],"acf":{"header":{"component_page_header":{"header_type":"default","title":"","lead":"","image":23977,"subnavigation":false}},"sidebar":{"helper_enable_sidebar":false,"helper_media_contact":{"heading":"Media Contact","manually_enter_person":false,"person":"","name":"","role":"","phone":"","email":""},"helper_links_downloads":{"heading":"Links & Downloads","links":null}},"page_layout":[{"acf_fc_layout":"layout_wysiwyg","_acfe_flexible_toggle":"","component_wysiwyg":{"content":"<p style=\"font-weight: 400;\">Common Cause Education Fund aprovecha el poder de la filantrop\u00eda para crear una democracia verdaderamente representativa que responda ante el pueblo, no ante los poderosos. Mediante la investigaci\u00f3n, la educaci\u00f3n p\u00fablica, la participaci\u00f3n ciudadana, el desarrollo de pol\u00edticas y los litigios, promovemos iniciativas nacionales, estatales y locales para fortalecer nuestra democracia.<\/p>\r\n<p style=\"font-weight: 400;\">Common Cause Education Fund se enorgullece de tener una calificaci\u00f3n perfecta de cuatro estrellas de Charity Navigator y el sello dorado de transparencia de Guidestar. Nuestro n\u00famero de identificaci\u00f3n fiscal es <strong>31-1705370.\u00a0<\/strong><\/p>\r\n<a href=\"https:\/\/www.commoncause.org\/es\/donar\/fondo-de-educacion-3\/\">Haga clic aqu\u00ed para realizar una contribuci\u00f3n al Fondo Educativo de Common Cause<\/a>\r\n\r\n<img class=\"aligncenter wp-image-23938 size-full\" src=\"https:\/\/www.commoncause.org\/wp-content\/uploads\/2024\/10\/Untitled-design-11.png\" alt=\"\" width=\"500\" height=\"300\" \/>\r\n<p style=\"font-weight: 400;\"><strong>\u00bfEN QU\u00c9 SE DIFERENCIA EL FONDO DE EDUCACI\u00d3N DE COMMON CAUSE DE COMMON CAUSE?<\/strong><\/p>\r\n<p style=\"font-weight: 400;\">Common Cause se fund\u00f3 en 1970 con el objetivo de ser un grupo de presi\u00f3n popular no partidista en favor de la democracia. Un elemento central de esa misi\u00f3n es defender leyes y pol\u00edticas para construir una democracia m\u00e1s fuerte para todos. Dado que Common Cause hace lobby en nombre del inter\u00e9s p\u00fablico en las legislaturas estatales, en el Congreso y en iniciativas electorales, est\u00e1 registrada como una organizaci\u00f3n sin fines de lucro 501(c)4 ante el IRS y las contribuciones a la organizaci\u00f3n no son deducibles de impuestos.<\/p>\r\n<p style=\"font-weight: 400;\">Common Cause Education Fund se fund\u00f3 en 2000 como una organizaci\u00f3n ben\u00e9fica afiliada 501(c)3 y comparte personal y oficinas con Common Cause. Common Cause Education Fund solo puede realizar actividades de lobby limitadas, pero utiliza muchas otras herramientas para promover la reforma democr\u00e1tica, incluidas la investigaci\u00f3n, la educaci\u00f3n p\u00fablica, los litigios y la protecci\u00f3n de los votantes. Las contribuciones a Common Cause Education Fund son totalmente deducibles de impuestos. Nuestro n\u00famero de identificaci\u00f3n fiscal es 31-1705370.<\/p>\r\n<p style=\"font-weight: 400;\"><strong>DOS ORGANIZACIONES. UNA MISI\u00d3N COMPARTIDA.<\/strong><\/p>\r\n<p style=\"font-weight: 400;\">Al igual que Common Cause, Common Cause Education Fund es un motor de cambio impulsado por la gente, con 1,5 millones de miembros y simpatizantes provenientes de los cincuenta estados. Nuestras 25 oficinas estatales est\u00e1n dirigidas por organizadores, abogados y expertos locales, que fusionan el trabajo democr\u00e1tico local, estatal y federal y logran resultados. Somos una organizaci\u00f3n de base no partidista dedicada a defender los valores fundamentales de la democracia estadounidense. Trabajamos para crear un gobierno abierto, honesto y responsable que sirva al inter\u00e9s p\u00fablico; promover la igualdad de derechos, oportunidades y representaci\u00f3n para todos; y empoderar a todas las personas para que hagan o\u00edr su voz en el proceso pol\u00edtico.<\/p>\r\n<p style=\"font-weight: 400;\">As a supporter, you make\u00a0our\u00a0work possible.\u00a0Because of you,\u00a0we're\u00a0able\u00a0to:<\/p>\r\n<p style=\"font-weight: 400;\"><strong>PROTEGER EL VOTO<\/strong><\/p>\r\n\r\n<ul style=\"font-weight: 400;\">\r\n \t<li>Reclutamos, capacitamos y desplegamos voluntarios de protecci\u00f3n electoral: reclutamos m\u00e1s de 50 000 vigilantes en 40 estados entre 2020 y 2022. Para 2024, estamos en camino de superar esa cifra.<\/li>\r\n<\/ul>\r\n<p style=\"font-weight: 400;\"><strong>LUCHA CONTRA LA SUPRESI\u00d3N DEL VOTANTE<\/strong><\/p>\r\n\r\n<ul style=\"font-weight: 400;\">\r\n \t<li>En Georgia, estamos reclutando y capacitando a voluntarios de la comunidad para que supervisen la Junta Electoral Estatal y las juntas electorales locales espec\u00edficas en 12 condados. Estos voluntarios ser\u00e1n el canario en la mina de carb\u00f3n para alertar a los defensores y abogados de protecci\u00f3n electoral, y a los medios de comunicaci\u00f3n, cuando surja cualquier intento de sabotear los resultados electorales.<\/li>\r\n<\/ul>\r\n<p style=\"font-weight: 400;\"><strong>CONTRAATAQUE EN LOS TRIBUNALES<\/strong><\/p>\r\n\r\n<ul style=\"font-weight: 400;\">\r\n \t<li>La Corte Suprema de Estados Unidos fall\u00f3 a nuestro favor al rechazar un intento peligroso de destruir nuestra democracia en nuestro <em>Moore contra Harper<\/em> Neal Katyal (Procurador General interino de los Estados Unidos durante la administraci\u00f3n Obama) dijo: \u201cMi papel como representante de Common Cause fue un privilegio particular para m\u00ed porque Common Cause me ha inspirado durante d\u00e9cadas, literalmente, con su misi\u00f3n no partidista de defender el derecho al voto\u201d.<\/li>\r\n<\/ul>\r\n<p style=\"font-weight: 400;\"><strong>COMBATIR LA DESINFORMACI\u00d3N SOBRE LA DEMOCRACIA<\/strong><\/p>\r\n\r\n<ul style=\"font-weight: 400;\">\r\n \t<li>En California, aprobamos dos nuevas leyes para abordar la amenaza que supone la inteligencia artificial no regulada para la democracia. La primera proh\u00edbe la publicaci\u00f3n de deepfakes enga\u00f1osos en los anuncios de campa\u00f1a y las comunicaciones electorales en fechas cercanas al d\u00eda de las elecciones, lo que protege a los candidatos y a los funcionarios electorales y, al mismo tiempo, respeta la Primera Enmienda. La segunda exige que las grandes plataformas en l\u00ednea eliminen o etiqueten el contenido digital enga\u00f1oso relacionado con las elecciones.<\/li>\r\n<\/ul>\r\n<p style=\"font-weight: 400;\"><strong>PROTEGER LAS BOLETAS DE VOTACI\u00d3N POR CORREO<\/strong><\/p>\r\n\r\n<ul style=\"font-weight: 400;\">\r\n \t<li>In Pennsylvania, we've secured important victories to protect voters from having their voices silenced, a problem that disproportionately affects Pennsylvania\u2019s Black and Latino voters. Following our advocacy, Dauphin and Allegheny counties adopted strong notice and cure policies, allowing voters to fix clerical errors so their votes can be counted. And Allegheny County created satellite elections offices that allow voters to vote early in person using an over-the-counter mail ballot request.<\/li>\r\n<\/ul>\r\n<p style=\"font-weight: 400;\"><strong>ACTIVAR EL VOTO JOVEN<\/strong><\/p>\r\n\r\n<ul style=\"font-weight: 400;\">\r\n \t<li>En Carolina del Norte, reunimos a cerca de 5.000 j\u00f3venes para que ejercitaran su esp\u00edritu c\u00edvico durante nuestro festival de arte y m\u00fasica en Raleigh. La cantante y actriz Janelle Mon\u00e1e, diez veces nominada al Grammy, encabez\u00f3 un elenco estelar de artistas. J\u00f3venes y activistas de base subieron al escenario para expresar por qu\u00e9 esta nueva generaci\u00f3n de votantes debe utilizar el poder de su voto.<\/li>\r\n<\/ul>\r\n<p style=\"font-weight: 400;\"><strong>ENTREGAR MAPAS JUSTOS<\/strong><\/p>\r\n\r\n<ul style=\"font-weight: 400;\">\r\n \t<li>Despu\u00e9s de una d\u00e9cada de campa\u00f1a de educaci\u00f3n p\u00fablica y movilizaciones de base, entregamos mapas legislativos estatales justos que reflejan las preferencias partidistas reales y casi uniformes de los votantes de Wisconsin y brindar\u00e1n estabilidad y certeza a los votantes sobre sus nuevos distritos electorales legislativos estatales hasta 2024 y m\u00e1s all\u00e1.<\/li>\r\n<\/ul>\r\n<p style=\"font-weight: 400;\"><\/p>"}}]},"yoast_head":"<!-- This site is optimized with the Yoast SEO Premium plugin v26.6 (Yoast SEO v27.1.1) - https:\/\/yoast.com\/product\/yoast-seo-premium-wordpress\/ -->\n<title>Common Cause Education Fund - Common Cause<\/title>\n<meta name=\"robots\" content=\"index, follow, max-snippet:-1, max-image-preview:large, max-video-preview:-1\" \/>\n<link rel=\"canonical\" href=\"https:\/\/www.commoncause.org\/es\/sobre-nosotros\/fondo-de-educacion-para-una-causa-comun\/\" \/>\n<meta property=\"og:locale\" content=\"es_MX\" \/>\n<meta property=\"og:type\" content=\"article\" \/>\n<meta property=\"og:title\" content=\"Common Cause Education Fund\" \/>\n<meta property=\"og:url\" content=\"https:\/\/www.commoncause.org\/es\/sobre-nosotros\/fondo-de-educacion-para-una-causa-comun\/\" \/>\n<meta property=\"og:site_name\" content=\"Common Cause\" \/>\n<meta property=\"article:publisher\" content=\"https:\/\/www.facebook.com\/CommonCause\" \/>\n<meta property=\"article:modified_time\" content=\"2024-10-30T20:50:51+00:00\" \/>\n<meta property=\"og:image\" content=\"https:\/\/www.commoncause.org\/wp-content\/uploads\/2024\/10\/CC-Share-Graphic-Main9.jpg\" \/>\n\t<meta property=\"og:image:width\" content=\"1200\" \/>\n\t<meta property=\"og:image:height\" content=\"630\" \/>\n\t<meta property=\"og:image:type\" content=\"image\/jpeg\" \/>\n<meta name=\"twitter:card\" content=\"summary_large_image\" \/>\n<meta name=\"twitter:site\" content=\"@CommonCause\" \/>\n<script type=\"application\/ld+json\" class=\"yoast-schema-graph\">{\"@context\":\"https:\/\/schema.org\",\"@graph\":[{\"@type\":\"WebPage\",\"@id\":\"https:\/\/www.commoncause.org\/about-us\/common-cause-education-fund\/\",\"url\":\"https:\/\/www.commoncause.org\/about-us\/common-cause-education-fund\/\",\"name\":\"Common Cause Education Fund - Common Cause\",\"isPartOf\":{\"@id\":\"https:\/\/www.commoncause.org\/#website\"},\"datePublished\":\"2024-10-18T20:30:23+00:00\",\"dateModified\":\"2024-10-30T20:50:51+00:00\",\"breadcrumb\":{\"@id\":\"https:\/\/www.commoncause.org\/about-us\/common-cause-education-fund\/#breadcrumb\"},\"inLanguage\":\"es\",\"potentialAction\":[{\"@type\":\"ReadAction\",\"target\":[\"https:\/\/www.commoncause.org\/about-us\/common-cause-education-fund\/\"]}]},{\"@type\":\"BreadcrumbList\",\"@id\":\"https:\/\/www.commoncause.org\/about-us\/common-cause-education-fund\/#breadcrumb\",\"itemListElement\":[{\"@type\":\"ListItem\",\"position\":1,\"name\":\"Home\",\"item\":\"https:\/\/www.commoncause.org\/\"},{\"@type\":\"ListItem\",\"position\":2,\"name\":\"About Us\",\"item\":\"https:\/\/www.commoncause.org\/about-us\/\"},{\"@type\":\"ListItem\",\"position\":3,\"name\":\"Common Cause Education Fund\"}]},{\"@type\":\"WebSite\",\"@id\":\"https:\/\/www.commoncause.org\/#website\",\"url\":\"https:\/\/www.commoncause.org\/\",\"name\":\"Common Cause\",\"description\":\"\",\"publisher\":{\"@id\":\"https:\/\/www.commoncause.org\/#organization\"},\"potentialAction\":[{\"@type\":\"SearchAction\",\"target\":{\"@type\":\"EntryPoint\",\"urlTemplate\":\"https:\/\/www.commoncause.org\/?s={search_term_string}\"},\"query-input\":{\"@type\":\"PropertyValueSpecification\",\"valueRequired\":true,\"valueName\":\"search_term_string\"}}],\"inLanguage\":\"es\"},{\"@type\":\"Organization\",\"@id\":\"https:\/\/www.commoncause.org\/#organization\",\"name\":\"Common Cause\",\"url\":\"https:\/\/www.commoncause.org\/\",\"logo\":{\"@type\":\"ImageObject\",\"inLanguage\":\"es\",\"@id\":\"https:\/\/www.commoncause.org\/#\/schema\/logo\/image\/\",\"url\":\"https:\/\/www.commoncause.org\/wp-content\/uploads\/2024\/05\/Common-Cause-Logo.png\",\"contentUrl\":\"https:\/\/www.commoncause.org\/wp-content\/uploads\/2024\/05\/Common-Cause-Logo.png\",\"width\":2066,\"height\":331,\"caption\":\"Common Cause\"},\"image\":{\"@id\":\"https:\/\/www.commoncause.org\/#\/schema\/logo\/image\/\"},\"sameAs\":[\"https:\/\/www.facebook.com\/CommonCause\",\"https:\/\/x.com\/CommonCause\",\"https:\/\/www.instagram.com\/ourcommoncause\/\"]}]}<\/script>\n<!-- \/ Yoast SEO Premium plugin. -->","yoast_head_json":{"title":"Fondo de Educaci\u00f3n de Causa Com\u00fan - Causa Com\u00fan","robots":{"index":"index","follow":"follow","max-snippet":"max-snippet:-1","max-image-preview":"max-image-preview:large","max-video-preview":"max-video-preview:-1"},"canonical":"https:\/\/www.commoncause.org\/es\/sobre-nosotros\/fondo-de-educacion-para-una-causa-comun\/","og_locale":"es_MX","og_type":"article","og_title":"Common Cause Education Fund","og_url":"https:\/\/www.commoncause.org\/es\/sobre-nosotros\/fondo-de-educacion-para-una-causa-comun\/","og_site_name":"Common Cause","article_publisher":"https:\/\/www.facebook.com\/CommonCause","article_modified_time":"2024-10-30T20:50:51+00:00","og_image":[{"width":1200,"height":630,"url":"https:\/\/www.commoncause.org\/wp-content\/uploads\/2024\/10\/CC-Share-Graphic-Main9.jpg","type":"image\/jpeg"}],"twitter_card":"summary_large_image","twitter_site":"@CommonCause","schema":{"@context":"https:\/\/schema.org","@graph":[{"@type":"WebPage","@id":"https:\/\/www.commoncause.org\/about-us\/common-cause-education-fund\/","url":"https:\/\/www.commoncause.org\/about-us\/common-cause-education-fund\/","name":"Fondo de Educaci\u00f3n de Causa Com\u00fan - Causa Com\u00fan","isPartOf":{"@id":"https:\/\/www.commoncause.org\/#website"},"datePublished":"2024-10-18T20:30:23+00:00","dateModified":"2024-10-30T20:50:51+00:00","breadcrumb":{"@id":"https:\/\/www.commoncause.org\/about-us\/common-cause-education-fund\/#breadcrumb"},"inLanguage":"es","potentialAction":[{"@type":"ReadAction","target":["https:\/\/www.commoncause.org\/about-us\/common-cause-education-fund\/"]}]},{"@type":"BreadcrumbList","@id":"https:\/\/www.commoncause.org\/about-us\/common-cause-education-fund\/#breadcrumb","itemListElement":[{"@type":"ListItem","position":1,"name":"Home","item":"https:\/\/www.commoncause.org\/"},{"@type":"ListItem","position":2,"name":"About Us","item":"https:\/\/www.commoncause.org\/about-us\/"},{"@type":"ListItem","position":3,"name":"Common Cause Education Fund"}]},{"@type":"WebSite","@id":"https:\/\/www.commoncause.org\/#website","url":"https:\/\/www.commoncause.org\/","name":"Causa com\u00fan","description":"","publisher":{"@id":"https:\/\/www.commoncause.org\/#organization"},"potentialAction":[{"@type":"SearchAction","target":{"@type":"EntryPoint","urlTemplate":"https:\/\/www.commoncause.org\/?s={search_term_string}"},"query-input":{"@type":"PropertyValueSpecification","valueRequired":true,"valueName":"search_term_string"}}],"inLanguage":"es"},{"@type":"Organization","@id":"https:\/\/www.commoncause.org\/#organization","name":"Causa com\u00fan","url":"https:\/\/www.commoncause.org\/","logo":{"@type":"ImageObject","inLanguage":"es","@id":"https:\/\/www.commoncause.org\/#\/schema\/logo\/image\/","url":"https:\/\/www.commoncause.org\/wp-content\/uploads\/2024\/05\/Common-Cause-Logo.png","contentUrl":"https:\/\/www.commoncause.org\/wp-content\/uploads\/2024\/05\/Common-Cause-Logo.png","width":2066,"height":331,"caption":"Common Cause"},"image":{"@id":"https:\/\/www.commoncause.org\/#\/schema\/logo\/image\/"},"sameAs":["https:\/\/www.facebook.com\/CommonCause","https:\/\/x.com\/CommonCause","https:\/\/www.instagram.com\/ourcommoncause\/"]}]}},"distributor_meta":false,"distributor_terms":false,"distributor_media":false,"distributor_original_site_name":"Common Cause","distributor_original_site_url":"https:\/\/www.commoncause.org\/es","push-errors":false,"_links":{"self":[{"href":"https:\/\/www.commoncause.org\/es\/wp-json\/wp\/v2\/pages\/23750","targetHints":{"allow":["GET"]}}],"collection":[{"href":"https:\/\/www.commoncause.org\/es\/wp-json\/wp\/v2\/pages"}],"about":[{"href":"https:\/\/www.commoncause.org\/es\/wp-json\/wp\/v2\/types\/page"}],"author":[{"embeddable":true,"href":"https:\/\/www.commoncause.org\/es\/wp-json\/wp\/v2\/users\/35"}],"replies":[{"embeddable":true,"href":"https:\/\/www.commoncause.org\/es\/wp-json\/wp\/v2\/comments?post=23750"}],"version-history":[{"count":12,"href":"https:\/\/www.commoncause.org\/es\/wp-json\/wp\/v2\/pages\/23750\/revisions"}],"predecessor-version":[{"id":23983,"href":"https:\/\/www.commoncause.org\/es\/wp-json\/wp\/v2\/pages\/23750\/revisions\/23983"}],"up":[{"embeddable":true,"href":"https:\/\/www.commoncause.org\/es\/wp-json\/wp\/v2\/pages\/696"}],"wp:attachment":[{"href":"https:\/\/www.commoncause.org\/es\/wp-json\/wp\/v2\/media?parent=23750"}],"curies":[{"name":"Gracias","href":"https:\/\/api.w.org\/{rel}","templated":true}]}}