{"id":17204,"date":"2024-06-04T11:48:36","date_gmt":"2024-06-04T15:48:36","guid":{"rendered":"https:\/\/www.commoncause.org\/?page_id=17204"},"modified":"2024-11-19T10:39:52","modified_gmt":"2024-11-19T15:39:52","slug":"apoya-la-causa-comun-en-tu-testamento","status":"publish","type":"page","link":"https:\/\/www.commoncause.org\/es\/support-common-cause-in-your-will\/","title":{"rendered":"Apoye a Common Cause en su testamento"},"content":{"rendered":"","protected":false},"excerpt":{"rendered":"","protected":false},"author":35,"featured_media":0,"parent":0,"menu_order":0,"comment_status":"closed","ping_status":"closed","template":"","meta":{"_acf_changed":false,"_relevanssi_hide_post":"","_relevanssi_hide_content":"","_relevanssi_pin_for_all":"","_relevanssi_pin_keywords":"","_relevanssi_unpin_keywords":"","_relevanssi_related_keywords":"","_relevanssi_related_include_ids":"","_relevanssi_related_exclude_ids":"","_relevanssi_related_no_append":"","_relevanssi_related_not_related":"","_relevanssi_related_posts":"","_relevanssi_noindex_reason":""},"class_list":["post-17204","page","type-page","status-publish","hentry"],"acf":{"header":{"component_page_header":{"header_type":"default","title":"","lead":"Common Cause Education Fund is honored to be considered for remembrance in your estate plans. There are several ways to provide a gift to Common Cause Education Fund that will endure beyond your lifetime.","image":"","subnavigation":false}},"sidebar":{"helper_enable_sidebar":false,"helper_media_contact":{"heading":"Media Contact","manually_enter_person":false,"person":"","name":"","role":"","phone":"","email":""},"helper_links_downloads":{"heading":"Links & Downloads","links":null}},"page_layout":[{"acf_fc_layout":"layout_wysiwyg","_acfe_flexible_toggle":"","component_wysiwyg":{"content":"<div class=\"description\">\r\n\r\nWe would be happy to help you structure your estate to best meet both your personal and philanthropic goals. Many of the plans listed below can provide significant tax and financial advantages.\r\n\r\nEach of the gifts above will help secure democracy for the next generation and beyond. For more information on planned giving, please contact the membership team at <a class=\"ms-outlook-linkify\" href=\"mailto:giving@commoncause.org\">giving@commoncause.org<\/a>.\r\n\r\nWe\u2019ve partnered with FreeWill to make planned giving easier than ever. <a href=\"https:\/\/www.freewill.com\/commoncause?utm_source=partner&amp;utm_medium=donatepage&amp;utm_campaign=commoncause_website\"><strong>haga clic aqu\u00ed<\/strong><\/a> Redacte un testamento legal de forma gratuita y cree su legado con Common Cause.\r\n\r\n<\/div>"}},{"acf_fc_layout":"layout_wysiwyg","_acfe_flexible_toggle":"","component_wysiwyg":{"content":"<h2>Haga un legado al Fondo Educativo de Common Cause<\/h2>\r\n<div class=\"description\">\r\n\r\nUna forma sencilla y eficaz de apoyar a Common Cause Education Fund es realizar un legado. Al incluir a Common Cause Education Fund en su testamento, se asegurar\u00e1 de que tengamos los recursos necesarios para trabajar para que cada voto cuente, cada legislador rinda cuentas y cada ley sea \u00e9tica y responsable. Despu\u00e9s de su vida, los activos que especifique ser\u00e1n elegibles para una deducci\u00f3n caritativa por el monto de su legado.\r\n\r\n<strong>\u00bfListo para comenzar? <\/strong>Nos hemos asociado con FreeWill para ayudarlo a redactar su testamento y crear su legado con el Common Cause Education Fund. Su herramienta en l\u00ednea permite redactar un testamento o fideicomiso legal de manera r\u00e1pida, sencilla y gratuita. Tambi\u00e9n facilita la creaci\u00f3n de un legado que respalde al Common Cause Education Fund para las generaciones futuras. <a href=\"https:\/\/www.freewill.com\/commoncause?utm_source=partner&amp;utm_medium=donatepage&amp;utm_campaign=commoncause_website\"><strong>Haga clic aqu\u00ed para escribir su libre testamento.<\/strong><\/a>\r\n\r\nSi ya tiene un testamento, puede simplemente agregar un texto que especifique una donaci\u00f3n de una de las siguientes maneras:\r\n<ul>\r\n \t<li><strong data-redactor-tag=\"strong\">Monto fijo:<\/strong> Especifique una cantidad en d\u00f3lares o un activo en su testamento que se destinar\u00e1 a Common Cause.<\/li>\r\n \t<li><strong data-redactor-tag=\"strong\">Porcentaje:<\/strong> Especifique un porcentaje de su patrimonio que se destinar\u00e1 a Common Cause. Esto permite que el tama\u00f1o de su donaci\u00f3n fluct\u00fae en funci\u00f3n de los cambios en su patrimonio.<\/li>\r\n \t<li><strong data-redactor-tag=\"strong\">Residual:<\/strong> Su donaci\u00f3n a Common Cause se realiza despu\u00e9s de realizar las distribuciones a familiares y amigos y de liquidar todas las deudas e impuestos pertinentes.<\/li>\r\n \t<li><strong data-redactor-tag=\"strong\">Contingente:<\/strong> Common Cause es recordado como un beneficiario contingente, en caso de que sus beneficiarios principales fallezcan antes que usted.<\/li>\r\n<\/ul>\r\n<strong data-redactor-tag=\"strong\">A continuaci\u00f3n se muestra un ejemplo de texto que debe proporcionar a su abogado para recordar Common Cause en su testamento:<\/strong>\r\n\r\n\u201cI hereby bequeath ______ to Common Cause, a non-profit organization incorporated by the laws of the District of Columbia and having its principal office at 805 15th Street NW, Suite 800, Washington, DC 20005.\u201d\r\n\r\nBy notifying us of your intent to leave an estate gift, you automatically become members of the <strong data-redactor-tag=\"strong\">C\u00edrculo del legado de John Gardner<\/strong>, our way of expressing our heartfelt appreciation to those who make a significant commitment to a government by and for all for our future generations.\r\n\r\nIn the meantime, if you have any questions about making an estate gift or need further details, please don\u2019t hesitate to contact our membership team at <a class=\"ms-outlook-linkify\" href=\"mailto:giving@commoncause.org\">giving@commoncause.org<\/a>.\r\n\r\n<\/div>"}}]},"yoast_head":"<!-- This site is optimized with the Yoast SEO Premium plugin v26.6 (Yoast SEO v27.1.1) - https:\/\/yoast.com\/product\/yoast-seo-premium-wordpress\/ -->\n<title>Support Common Cause in your Will - Common Cause<\/title>\n<meta name=\"robots\" content=\"index, follow, max-snippet:-1, max-image-preview:large, max-video-preview:-1\" \/>\n<link rel=\"canonical\" href=\"https:\/\/www.commoncause.org\/es\/apoya-la-causa-comun-en-tu-testamento\/\" \/>\n<meta property=\"og:locale\" content=\"es_MX\" \/>\n<meta property=\"og:type\" content=\"article\" \/>\n<meta property=\"og:title\" content=\"Support Common Cause in your Will\" \/>\n<meta property=\"og:url\" content=\"https:\/\/www.commoncause.org\/es\/apoya-la-causa-comun-en-tu-testamento\/\" \/>\n<meta property=\"og:site_name\" content=\"Common Cause\" \/>\n<meta property=\"article:publisher\" content=\"https:\/\/www.facebook.com\/CommonCause\" \/>\n<meta property=\"article:modified_time\" content=\"2024-11-19T15:39:52+00:00\" \/>\n<meta property=\"og:image\" content=\"https:\/\/www.commoncause.org\/wp-content\/uploads\/2024\/10\/CC-Share-Graphic-Main9.jpg\" \/>\n\t<meta property=\"og:image:width\" content=\"1200\" \/>\n\t<meta property=\"og:image:height\" content=\"630\" \/>\n\t<meta property=\"og:image:type\" content=\"image\/jpeg\" \/>\n<meta name=\"twitter:card\" content=\"summary_large_image\" \/>\n<meta name=\"twitter:site\" content=\"@CommonCause\" \/>\n<script type=\"application\/ld+json\" class=\"yoast-schema-graph\">{\"@context\":\"https:\/\/schema.org\",\"@graph\":[{\"@type\":\"WebPage\",\"@id\":\"https:\/\/www.commoncause.org\/support-common-cause-in-your-will\/\",\"url\":\"https:\/\/www.commoncause.org\/support-common-cause-in-your-will\/\",\"name\":\"Support Common Cause in your Will - Common Cause\",\"isPartOf\":{\"@id\":\"https:\/\/www.commoncause.org\/#website\"},\"datePublished\":\"2024-06-04T15:48:36+00:00\",\"dateModified\":\"2024-11-19T15:39:52+00:00\",\"breadcrumb\":{\"@id\":\"https:\/\/www.commoncause.org\/support-common-cause-in-your-will\/#breadcrumb\"},\"inLanguage\":\"es\",\"potentialAction\":[{\"@type\":\"ReadAction\",\"target\":[\"https:\/\/www.commoncause.org\/support-common-cause-in-your-will\/\"]}]},{\"@type\":\"BreadcrumbList\",\"@id\":\"https:\/\/www.commoncause.org\/support-common-cause-in-your-will\/#breadcrumb\",\"itemListElement\":[{\"@type\":\"ListItem\",\"position\":1,\"name\":\"Home\",\"item\":\"https:\/\/www.commoncause.org\/\"},{\"@type\":\"ListItem\",\"position\":2,\"name\":\"Support Common Cause in your Will\"}]},{\"@type\":\"WebSite\",\"@id\":\"https:\/\/www.commoncause.org\/#website\",\"url\":\"https:\/\/www.commoncause.org\/\",\"name\":\"Common Cause\",\"description\":\"\",\"publisher\":{\"@id\":\"https:\/\/www.commoncause.org\/#organization\"},\"potentialAction\":[{\"@type\":\"SearchAction\",\"target\":{\"@type\":\"EntryPoint\",\"urlTemplate\":\"https:\/\/www.commoncause.org\/?s={search_term_string}\"},\"query-input\":{\"@type\":\"PropertyValueSpecification\",\"valueRequired\":true,\"valueName\":\"search_term_string\"}}],\"inLanguage\":\"es\"},{\"@type\":\"Organization\",\"@id\":\"https:\/\/www.commoncause.org\/#organization\",\"name\":\"Common Cause\",\"url\":\"https:\/\/www.commoncause.org\/\",\"logo\":{\"@type\":\"ImageObject\",\"inLanguage\":\"es\",\"@id\":\"https:\/\/www.commoncause.org\/#\/schema\/logo\/image\/\",\"url\":\"https:\/\/www.commoncause.org\/wp-content\/uploads\/2024\/05\/Common-Cause-Logo.png\",\"contentUrl\":\"https:\/\/www.commoncause.org\/wp-content\/uploads\/2024\/05\/Common-Cause-Logo.png\",\"width\":2066,\"height\":331,\"caption\":\"Common Cause\"},\"image\":{\"@id\":\"https:\/\/www.commoncause.org\/#\/schema\/logo\/image\/\"},\"sameAs\":[\"https:\/\/www.facebook.com\/CommonCause\",\"https:\/\/x.com\/CommonCause\",\"https:\/\/www.instagram.com\/ourcommoncause\/\"]}]}<\/script>\n<!-- \/ Yoast SEO Premium plugin. -->","yoast_head_json":{"title":"Apoye a Common Cause en su testamento - Common Cause","robots":{"index":"index","follow":"follow","max-snippet":"max-snippet:-1","max-image-preview":"max-image-preview:large","max-video-preview":"max-video-preview:-1"},"canonical":"https:\/\/www.commoncause.org\/es\/apoya-la-causa-comun-en-tu-testamento\/","og_locale":"es_MX","og_type":"article","og_title":"Support Common Cause in your Will","og_url":"https:\/\/www.commoncause.org\/es\/apoya-la-causa-comun-en-tu-testamento\/","og_site_name":"Common Cause","article_publisher":"https:\/\/www.facebook.com\/CommonCause","article_modified_time":"2024-11-19T15:39:52+00:00","og_image":[{"width":1200,"height":630,"url":"https:\/\/www.commoncause.org\/wp-content\/uploads\/2024\/10\/CC-Share-Graphic-Main9.jpg","type":"image\/jpeg"}],"twitter_card":"summary_large_image","twitter_site":"@CommonCause","schema":{"@context":"https:\/\/schema.org","@graph":[{"@type":"WebPage","@id":"https:\/\/www.commoncause.org\/support-common-cause-in-your-will\/","url":"https:\/\/www.commoncause.org\/support-common-cause-in-your-will\/","name":"Apoye a Common Cause en su testamento - Common Cause","isPartOf":{"@id":"https:\/\/www.commoncause.org\/#website"},"datePublished":"2024-06-04T15:48:36+00:00","dateModified":"2024-11-19T15:39:52+00:00","breadcrumb":{"@id":"https:\/\/www.commoncause.org\/support-common-cause-in-your-will\/#breadcrumb"},"inLanguage":"es","potentialAction":[{"@type":"ReadAction","target":["https:\/\/www.commoncause.org\/support-common-cause-in-your-will\/"]}]},{"@type":"BreadcrumbList","@id":"https:\/\/www.commoncause.org\/support-common-cause-in-your-will\/#breadcrumb","itemListElement":[{"@type":"ListItem","position":1,"name":"Home","item":"https:\/\/www.commoncause.org\/"},{"@type":"ListItem","position":2,"name":"Support Common Cause in your Will"}]},{"@type":"WebSite","@id":"https:\/\/www.commoncause.org\/#website","url":"https:\/\/www.commoncause.org\/","name":"Causa com\u00fan","description":"","publisher":{"@id":"https:\/\/www.commoncause.org\/#organization"},"potentialAction":[{"@type":"SearchAction","target":{"@type":"EntryPoint","urlTemplate":"https:\/\/www.commoncause.org\/?s={search_term_string}"},"query-input":{"@type":"PropertyValueSpecification","valueRequired":true,"valueName":"search_term_string"}}],"inLanguage":"es"},{"@type":"Organization","@id":"https:\/\/www.commoncause.org\/#organization","name":"Causa com\u00fan","url":"https:\/\/www.commoncause.org\/","logo":{"@type":"ImageObject","inLanguage":"es","@id":"https:\/\/www.commoncause.org\/#\/schema\/logo\/image\/","url":"https:\/\/www.commoncause.org\/wp-content\/uploads\/2024\/05\/Common-Cause-Logo.png","contentUrl":"https:\/\/www.commoncause.org\/wp-content\/uploads\/2024\/05\/Common-Cause-Logo.png","width":2066,"height":331,"caption":"Common Cause"},"image":{"@id":"https:\/\/www.commoncause.org\/#\/schema\/logo\/image\/"},"sameAs":["https:\/\/www.facebook.com\/CommonCause","https:\/\/x.com\/CommonCause","https:\/\/www.instagram.com\/ourcommoncause\/"]}]}},"distributor_meta":false,"distributor_terms":false,"distributor_media":false,"distributor_original_site_name":"Common Cause","distributor_original_site_url":"https:\/\/www.commoncause.org\/es","push-errors":false,"_links":{"self":[{"href":"https:\/\/www.commoncause.org\/es\/wp-json\/wp\/v2\/pages\/17204","targetHints":{"allow":["GET"]}}],"collection":[{"href":"https:\/\/www.commoncause.org\/es\/wp-json\/wp\/v2\/pages"}],"about":[{"href":"https:\/\/www.commoncause.org\/es\/wp-json\/wp\/v2\/types\/page"}],"author":[{"embeddable":true,"href":"https:\/\/www.commoncause.org\/es\/wp-json\/wp\/v2\/users\/35"}],"replies":[{"embeddable":true,"href":"https:\/\/www.commoncause.org\/es\/wp-json\/wp\/v2\/comments?post=17204"}],"version-history":[{"count":2,"href":"https:\/\/www.commoncause.org\/es\/wp-json\/wp\/v2\/pages\/17204\/revisions"}],"predecessor-version":[{"id":18957,"href":"https:\/\/www.commoncause.org\/es\/wp-json\/wp\/v2\/pages\/17204\/revisions\/18957"}],"wp:attachment":[{"href":"https:\/\/www.commoncause.org\/es\/wp-json\/wp\/v2\/media?parent=17204"}],"curies":[{"name":"Gracias","href":"https:\/\/api.w.org\/{rel}","templated":true}]}}