{"id":14029,"date":"2018-11-29T18:59:07","date_gmt":"2018-11-29T23:59:07","guid":{"rendered":"https:\/\/www.commoncause.org\/more-ways-to-give\/"},"modified":"2024-10-29T14:21:32","modified_gmt":"2024-10-29T18:21:32","slug":"mas-formas-de-donar","status":"publish","type":"page","link":"https:\/\/www.commoncause.org\/es\/more-ways-to-give\/","title":{"rendered":"Otras formas de donar"},"content":{"rendered":"","protected":false},"excerpt":{"rendered":"","protected":false},"author":35,"featured_media":0,"parent":0,"menu_order":0,"comment_status":"closed","ping_status":"closed","template":"","meta":{"_acf_changed":false,"_relevanssi_hide_post":"","_relevanssi_hide_content":"","_relevanssi_pin_for_all":"","_relevanssi_pin_keywords":"","_relevanssi_unpin_keywords":"","_relevanssi_related_keywords":"","_relevanssi_related_include_ids":"","_relevanssi_related_exclude_ids":"","_relevanssi_related_no_append":"","_relevanssi_related_not_related":"","_relevanssi_related_posts":"","_relevanssi_noindex_reason":""},"class_list":["post-14029","page","type-page","status-publish","hentry"],"acf":{"header":{"component_page_header":{"header_type":"default","title":"","lead":"","image":5207,"subnavigation":false}},"sidebar":{"helper_enable_sidebar":false,"helper_media_contact":{"heading":"Media Contact","manually_enter_person":false,"person":"","name":"","role":"","phone":"","email":""},"helper_links_downloads":{"heading":"Links & Downloads","links":null}},"page_layout":[{"acf_fc_layout":"layout_wysiwyg","_acfe_flexible_toggle":"","component_wysiwyg":{"content":"There are many ways to support Common Cause's mission to hold power accountable. If you have questions or do not see your preferred method of giving listed please contact Membership Services at<span class=\"w8qArf\"><span class=\"eTVOZd\">:<\/span> (<\/span><span class=\"LrzXr zdqRlf kno-fv\"><span aria-label=\"Llama al n\u00famero de tel\u00e9fono (202) 833-1200\">202)833-1200<\/span><\/span> o\u00a0<a href=\"mailto:giving@commoncause.org\">giving@commoncause.org<\/a>\u00a0and we'll be happy to discuss your options for making a contribution.\r\n\r\nTax ID #52-6078441"}},{"acf_fc_layout":"layout_wysiwyg","_acfe_flexible_toggle":"","component_wysiwyg":{"content":"<a class=\"button1\" role=\"button\" href=\"https:\/\/www.commoncause.org\/wp-content\/uploads\/2018\/12\/DonationForm_2_UPDATED_C4-version_REVISED_2.pdf\">Formulario de donaci\u00f3n a Common Cause<\/a>\r\n\r\n<a class=\"button1\" role=\"button\" href=\"https:\/\/www.commoncause.org\/wp-content\/uploads\/2018\/12\/DonationForm_2_UPDATED_C3-version_REVISED_2.pdf\">Formulario de donaci\u00f3n al Fondo Educativo de Common Cause<\/a>"}},{"acf_fc_layout":"layout_wysiwyg","_acfe_flexible_toggle":"","component_wysiwyg":{"content":"<h3>Otras formas de donar\u2026<\/h3>\r\nHay muchas maneras de apoyar la misi\u00f3n de Common Cause de exigir responsabilidades a las autoridades. Si tiene preguntas o no ve su m\u00e9todo preferido de donaci\u00f3n en la lista, comun\u00edquese con Servicios para miembros al: (202) 833-1200 o\u00a0<a href=\"mailto:giving@commoncause.org\">giving@commoncause.org<\/a>\u00a0y estaremos encantados de discutir sus opciones para realizar una contribuci\u00f3n.\r\n\r\n<strong>Comprobaci\u00f3n de correo\u00a0<\/strong>\r\n\r\nEntendemos que algunos miembros prefieren hacer su donaci\u00f3n por correo. Si esa es su preferencia, utilice la informaci\u00f3n de este formulario: <a href=\"https:\/\/www.commoncause.org\/wp-content\/uploads\/2018\/12\/DonationForm_2_UPDATED_C4-version_REVISED_2.pdf\" target=\"_new\" rel=\"noopener\">Formulario de donaci\u00f3n<\/a>.\r\n\r\nMail your completed form to:\r\n\r\nCommon Cause\r\n805 15th St NW, Suite 800\r\nWashington, DC 20005\r\n\r\n<strong>Donaciones conmemorativas y honorarias<\/strong>\r\n\r\nA gift uplifting democracy in the name of your loved one is a wonderful way to show support for Common Cause's work. <a href=\"https:\/\/www.commoncause.org\/es\/memorial-honorary-gifts\/\">Si desea hacer un regalo conmemorativo o honorario, haga clic aqu\u00ed<\/a> o comun\u00edquese con Sam Anderson-Chinnes al <a href=\"mailto:sanderson@commoncause.org\">sanderson@commoncause.org<\/a>.\r\n\r\n<strong>Dona desde tu fondo asesorado por donantes\u00a0<\/strong>\r\n\r\nConsidere hacer una donaci\u00f3n al Fondo Educativo de Causa Com\u00fan a trav\u00e9s de su fondo asesorado por donantes. <b>\u00bfPreguntas?<\/b> Env\u00ede un correo electr\u00f3nico o llame a Rachel Queirolo, Directora Nacional de Donaciones Importantes al <a href=\"mailto:rqueirolo@commoncause.org\">rqueirolo@commoncause.org<\/a> o (202) 736-5773.\r\n\r\n<strong>Donaciones deducibles de impuestos<\/strong>\r\n\r\nLas contribuciones a Common Cause no son deducibles de impuestos, ya que nuestro trabajo incluye el cabildeo por reformas. Pero puede hacer una contribuci\u00f3n deducible de impuestos a nuestra filial, Common Cause Education Fund, una organizaci\u00f3n ben\u00e9fica 501(c)3 que apoya nuestros esfuerzos para exigir responsabilidades a las autoridades a trav\u00e9s del compromiso c\u00edvico y la educaci\u00f3n p\u00fablica. <a href=\"https:\/\/www.commoncause.org\/es\/donar\/fondo-de-educacion-3\/\">Haga clic aqu\u00ed para hacer su donaci\u00f3n deducible de impuestos &gt;&gt;<\/a>\r\n\r\n<strong>Donaciones a cuentas de jubilaci\u00f3n y IRA<\/strong>\r\n\r\nIncluir a Common Cause Education Fund como beneficiario de su cuenta de jubilaci\u00f3n o IRA es otra forma sencilla y fiscalmente eficaz de fortalecer la democracia y promover el buen gobierno. <a href=\"https:\/\/www.commoncause.org\/es\/retirement-funds-or-iras\/\">Haga clic aqu\u00ed para obtener m\u00e1s informaci\u00f3n sobre las cuentas de jubilaci\u00f3n y las donaciones IRA.<\/a>\r\n\r\n<strong>Apoye a Common Cause en su testamento<\/strong>\r\n\r\nAyude a garantizar la promesa de democracia para la pr\u00f3xima generaci\u00f3n dejando un <a href=\"https:\/\/www.commoncause.org\/es\/apoya-la-causa-comun-en-tu-testamento\/\">regalo de herencia, como un legado u otro regalo planificado<\/a>Utilice esto <a href=\"https:\/\/www.freewill.com\/commoncause?utm_source=partner&amp;utm_medium=donatepage&amp;utm_campaign=commoncause_website\">Herramienta gratuita para redactar testamentos<\/a> para empezar de forma r\u00e1pida y sencilla.\r\n\r\n<strong>Donaciones en el lugar de trabajo<\/strong>\r\n\r\nRealizar donaciones a Common Cause a trav\u00e9s de donaciones en el lugar de trabajo es conveniente y tiene un gran impacto. Permite a los empleados apoyar las iniciativas de rendici\u00f3n de cuentas del gobierno y las reformas democr\u00e1ticas sin esfuerzo a trav\u00e9s de deducciones de n\u00f3mina. Los programas de donaciones equivalentes pueden amplificar las contribuciones y maximizar el impacto. <a href=\"https:\/\/www.commoncause.org\/es\/donaciones-en-el-lugar-de-trabajo\/\">Obtenga m\u00e1s informaci\u00f3n sobre las donaciones en el lugar de trabajo aqu\u00ed &gt;&gt;<\/a>\r\n\r\n<strong>Regalos de stock<\/strong>\r\n\r\nSe pueden realizar donaciones de acciones y valores a Common Cause y a nuestra filial Common Cause Education Fund a trav\u00e9s de Wells Fargo. <a href=\"https:\/\/www.commoncause.org\/es\/regalos-de-stock\/\">Para obtener m\u00e1s informaci\u00f3n sobre las donaciones de acciones, haga clic aqu\u00ed &gt;&gt;<\/a>\r\n\r\n<strong>Apoyando una causa com\u00fan a trav\u00e9s de una fundaci\u00f3n<\/strong>\r\n\r\nSi est\u00e1 afiliado a una fundaci\u00f3n y est\u00e1 interesado en obtener m\u00e1s informaci\u00f3n sobre nuestro impacto o hacer una subvenci\u00f3n al Fondo Educativo para Causa Com\u00fan, comun\u00edquese con nuestro Director de Relaciones con Fundaciones, Sam Voorhees, al <a href=\"mailto:svoorhees@commoncause.org\">svoorhees@commoncause.org<\/a> o (202)-736-5723.\r\n\r\n<strong>Liderazgo que da<\/strong>\r\n\r\nAl hacer una donaci\u00f3n de $10,000 o m\u00e1s, se unir\u00e1 a un grupo de defensores de la democracia dedicados en todo el pa\u00eds. Su donaci\u00f3n impulsa nuestro trabajo de protecci\u00f3n electoral, litigios, redistribuci\u00f3n de distritos, lucha contra la desinformaci\u00f3n electoral, exigencia de responsabilidades a Trump y mucho m\u00e1s. <b>\u00bfPreguntas?<\/b> Env\u00ede un correo electr\u00f3nico o llame a Rachel Queirolo, Directora Nacional de Donaciones Importantes al <a href=\"mailto:rqueirolo@commoncause.org\">rqueirolo@commoncause.org<\/a> o 202-736-5773."}}]},"yoast_head":"<!-- This site is optimized with the Yoast SEO Premium plugin v26.6 (Yoast SEO v27.1.1) - https:\/\/yoast.com\/product\/yoast-seo-premium-wordpress\/ -->\n<title>Other Ways to Give - Common Cause<\/title>\n<meta name=\"robots\" content=\"index, follow, max-snippet:-1, max-image-preview:large, max-video-preview:-1\" \/>\n<link rel=\"canonical\" href=\"https:\/\/www.commoncause.org\/es\/mas-formas-de-donar\/\" \/>\n<meta property=\"og:locale\" content=\"es_MX\" \/>\n<meta property=\"og:type\" content=\"article\" \/>\n<meta property=\"og:title\" content=\"Other Ways to Give\" \/>\n<meta property=\"og:url\" content=\"https:\/\/www.commoncause.org\/es\/mas-formas-de-donar\/\" \/>\n<meta property=\"og:site_name\" content=\"Common Cause\" \/>\n<meta property=\"article:publisher\" content=\"https:\/\/www.facebook.com\/CommonCause\" \/>\n<meta property=\"article:modified_time\" content=\"2024-10-29T18:21:32+00:00\" \/>\n<meta property=\"og:image\" content=\"https:\/\/www.commoncause.org\/wp-content\/uploads\/2024\/10\/CC-Share-Graphic-Main9.jpg\" \/>\n\t<meta property=\"og:image:width\" content=\"1200\" \/>\n\t<meta property=\"og:image:height\" content=\"630\" \/>\n\t<meta property=\"og:image:type\" content=\"image\/jpeg\" \/>\n<meta name=\"twitter:card\" content=\"summary_large_image\" \/>\n<meta name=\"twitter:site\" content=\"@CommonCause\" \/>\n<script type=\"application\/ld+json\" class=\"yoast-schema-graph\">{\"@context\":\"https:\/\/schema.org\",\"@graph\":[{\"@type\":\"WebPage\",\"@id\":\"https:\/\/www.commoncause.org\/more-ways-to-give\/\",\"url\":\"https:\/\/www.commoncause.org\/more-ways-to-give\/\",\"name\":\"Other Ways to Give - Common Cause\",\"isPartOf\":{\"@id\":\"https:\/\/www.commoncause.org\/#website\"},\"datePublished\":\"2018-11-29T23:59:07+00:00\",\"dateModified\":\"2024-10-29T18:21:32+00:00\",\"breadcrumb\":{\"@id\":\"https:\/\/www.commoncause.org\/more-ways-to-give\/#breadcrumb\"},\"inLanguage\":\"es\",\"potentialAction\":[{\"@type\":\"ReadAction\",\"target\":[\"https:\/\/www.commoncause.org\/more-ways-to-give\/\"]}]},{\"@type\":\"BreadcrumbList\",\"@id\":\"https:\/\/www.commoncause.org\/more-ways-to-give\/#breadcrumb\",\"itemListElement\":[{\"@type\":\"ListItem\",\"position\":1,\"name\":\"Home\",\"item\":\"https:\/\/www.commoncause.org\/\"},{\"@type\":\"ListItem\",\"position\":2,\"name\":\"Other Ways to Give\"}]},{\"@type\":\"WebSite\",\"@id\":\"https:\/\/www.commoncause.org\/#website\",\"url\":\"https:\/\/www.commoncause.org\/\",\"name\":\"Common Cause\",\"description\":\"\",\"publisher\":{\"@id\":\"https:\/\/www.commoncause.org\/#organization\"},\"potentialAction\":[{\"@type\":\"SearchAction\",\"target\":{\"@type\":\"EntryPoint\",\"urlTemplate\":\"https:\/\/www.commoncause.org\/?s={search_term_string}\"},\"query-input\":{\"@type\":\"PropertyValueSpecification\",\"valueRequired\":true,\"valueName\":\"search_term_string\"}}],\"inLanguage\":\"es\"},{\"@type\":\"Organization\",\"@id\":\"https:\/\/www.commoncause.org\/#organization\",\"name\":\"Common Cause\",\"url\":\"https:\/\/www.commoncause.org\/\",\"logo\":{\"@type\":\"ImageObject\",\"inLanguage\":\"es\",\"@id\":\"https:\/\/www.commoncause.org\/#\/schema\/logo\/image\/\",\"url\":\"https:\/\/www.commoncause.org\/wp-content\/uploads\/2024\/05\/Common-Cause-Logo.png\",\"contentUrl\":\"https:\/\/www.commoncause.org\/wp-content\/uploads\/2024\/05\/Common-Cause-Logo.png\",\"width\":2066,\"height\":331,\"caption\":\"Common Cause\"},\"image\":{\"@id\":\"https:\/\/www.commoncause.org\/#\/schema\/logo\/image\/\"},\"sameAs\":[\"https:\/\/www.facebook.com\/CommonCause\",\"https:\/\/x.com\/CommonCause\",\"https:\/\/www.instagram.com\/ourcommoncause\/\"]}]}<\/script>\n<!-- \/ Yoast SEO Premium plugin. -->","yoast_head_json":{"title":"Otras formas de donar - Causa com\u00fan","robots":{"index":"index","follow":"follow","max-snippet":"max-snippet:-1","max-image-preview":"max-image-preview:large","max-video-preview":"max-video-preview:-1"},"canonical":"https:\/\/www.commoncause.org\/es\/mas-formas-de-donar\/","og_locale":"es_MX","og_type":"article","og_title":"Other Ways to Give","og_url":"https:\/\/www.commoncause.org\/es\/mas-formas-de-donar\/","og_site_name":"Common Cause","article_publisher":"https:\/\/www.facebook.com\/CommonCause","article_modified_time":"2024-10-29T18:21:32+00:00","og_image":[{"width":1200,"height":630,"url":"https:\/\/www.commoncause.org\/wp-content\/uploads\/2024\/10\/CC-Share-Graphic-Main9.jpg","type":"image\/jpeg"}],"twitter_card":"summary_large_image","twitter_site":"@CommonCause","schema":{"@context":"https:\/\/schema.org","@graph":[{"@type":"WebPage","@id":"https:\/\/www.commoncause.org\/more-ways-to-give\/","url":"https:\/\/www.commoncause.org\/more-ways-to-give\/","name":"Otras formas de donar - Causa com\u00fan","isPartOf":{"@id":"https:\/\/www.commoncause.org\/#website"},"datePublished":"2018-11-29T23:59:07+00:00","dateModified":"2024-10-29T18:21:32+00:00","breadcrumb":{"@id":"https:\/\/www.commoncause.org\/more-ways-to-give\/#breadcrumb"},"inLanguage":"es","potentialAction":[{"@type":"ReadAction","target":["https:\/\/www.commoncause.org\/more-ways-to-give\/"]}]},{"@type":"BreadcrumbList","@id":"https:\/\/www.commoncause.org\/more-ways-to-give\/#breadcrumb","itemListElement":[{"@type":"ListItem","position":1,"name":"Home","item":"https:\/\/www.commoncause.org\/"},{"@type":"ListItem","position":2,"name":"Other Ways to Give"}]},{"@type":"WebSite","@id":"https:\/\/www.commoncause.org\/#website","url":"https:\/\/www.commoncause.org\/","name":"Causa com\u00fan","description":"","publisher":{"@id":"https:\/\/www.commoncause.org\/#organization"},"potentialAction":[{"@type":"SearchAction","target":{"@type":"EntryPoint","urlTemplate":"https:\/\/www.commoncause.org\/?s={search_term_string}"},"query-input":{"@type":"PropertyValueSpecification","valueRequired":true,"valueName":"search_term_string"}}],"inLanguage":"es"},{"@type":"Organization","@id":"https:\/\/www.commoncause.org\/#organization","name":"Causa com\u00fan","url":"https:\/\/www.commoncause.org\/","logo":{"@type":"ImageObject","inLanguage":"es","@id":"https:\/\/www.commoncause.org\/#\/schema\/logo\/image\/","url":"https:\/\/www.commoncause.org\/wp-content\/uploads\/2024\/05\/Common-Cause-Logo.png","contentUrl":"https:\/\/www.commoncause.org\/wp-content\/uploads\/2024\/05\/Common-Cause-Logo.png","width":2066,"height":331,"caption":"Common Cause"},"image":{"@id":"https:\/\/www.commoncause.org\/#\/schema\/logo\/image\/"},"sameAs":["https:\/\/www.facebook.com\/CommonCause","https:\/\/x.com\/CommonCause","https:\/\/www.instagram.com\/ourcommoncause\/"]}]}},"distributor_meta":false,"distributor_terms":false,"distributor_media":false,"distributor_original_site_name":"Common Cause","distributor_original_site_url":"https:\/\/www.commoncause.org\/es","push-errors":false,"_links":{"self":[{"href":"https:\/\/www.commoncause.org\/es\/wp-json\/wp\/v2\/pages\/14029","targetHints":{"allow":["GET"]}}],"collection":[{"href":"https:\/\/www.commoncause.org\/es\/wp-json\/wp\/v2\/pages"}],"about":[{"href":"https:\/\/www.commoncause.org\/es\/wp-json\/wp\/v2\/types\/page"}],"author":[{"embeddable":true,"href":"https:\/\/www.commoncause.org\/es\/wp-json\/wp\/v2\/users\/35"}],"replies":[{"embeddable":true,"href":"https:\/\/www.commoncause.org\/es\/wp-json\/wp\/v2\/comments?post=14029"}],"version-history":[{"count":7,"href":"https:\/\/www.commoncause.org\/es\/wp-json\/wp\/v2\/pages\/14029\/revisions"}],"predecessor-version":[{"id":23948,"href":"https:\/\/www.commoncause.org\/es\/wp-json\/wp\/v2\/pages\/14029\/revisions\/23948"}],"wp:attachment":[{"href":"https:\/\/www.commoncause.org\/es\/wp-json\/wp\/v2\/media?parent=14029"}],"curies":[{"name":"Gracias","href":"https:\/\/api.w.org\/{rel}","templated":true}]}}