{"id":14022,"date":"2018-05-15T13:32:40","date_gmt":"2018-05-15T13:32:40","guid":{"rendered":"https:\/\/www.commoncause.org\/voting-tools\/"},"modified":"2025-11-04T11:16:34","modified_gmt":"2025-11-04T16:16:34","slug":"herramientas-de-votacion","status":"publish","type":"page","link":"https:\/\/www.commoncause.org\/es\/research-and-resources\/voting-tools\/","title":{"rendered":"Herramientas de votaci\u00f3n"},"content":{"rendered":"","protected":false},"excerpt":{"rendered":"","protected":false},"author":35,"featured_media":0,"parent":861,"menu_order":0,"comment_status":"closed","ping_status":"closed","template":"","meta":{"_acf_changed":false,"_relevanssi_hide_post":"","_relevanssi_hide_content":"","_relevanssi_pin_for_all":"","_relevanssi_pin_keywords":"","_relevanssi_unpin_keywords":"","_relevanssi_related_keywords":"","_relevanssi_related_include_ids":"","_relevanssi_related_exclude_ids":"","_relevanssi_related_no_append":"","_relevanssi_related_not_related":"","_relevanssi_related_posts":"","_relevanssi_noindex_reason":""},"class_list":["post-14022","page","type-page","status-publish","hentry"],"acf":{"header":{"component_page_header":{"header_type":"default","title":"Herramientas de votaci\u00f3n","lead":"The freedom to have your voice heard is about determining the future for our families, communities, and country. Use these secure, free voting tools to register to vote, check your registration status, request and absentee ballot, and more.","image":5447,"subnavigation":false}},"sidebar":{"helper_enable_sidebar":false,"helper_media_contact":{"heading":"Media Contact","manually_enter_person":false,"person":"","name":"","role":"","phone":"","email":""},"helper_links_downloads":{"heading":"Links & Downloads","links":null}},"page_layout":[{"acf_fc_layout":"layout_wysiwyg","_acfe_flexible_toggle":"","component_wysiwyg":{"content":"Como estadounidenses, nuestro derecho a votar es un derecho y una responsabilidad. Nuestra democracia es m\u00e1s fuerte cuando todos los estadounidenses que cumplen los requisitos participan, confiados en que cuando emiten un voto, este se contabilizar\u00e1 como emitido, que el proceso es seguro y que cualquiera que interfiera o altere nuestras elecciones ser\u00e1 responsable. Utilice nuestra colecci\u00f3n de herramientas para registrarse para votar, verificar su estado de registro y m\u00e1s. Tambi\u00e9n puede<a href=\"https:\/\/www.commoncause.org\/es\/encuentra-a-tu-representante\/\"> Encuentra a tus representantes aqu\u00ed<\/a>."}},{"acf_fc_layout":"layout_related_resources","_acfe_flexible_toggle":"","component_related_resources":{"heading":"Voting Tools","resources":["{\"site_id\":\"1\",\"post_type\":\"resource\",\"post_id\":17000}","{\"site_id\":\"1\",\"post_type\":\"resource\",\"post_id\":17002}","{\"site_id\":\"1\",\"post_type\":\"resource\",\"post_id\":16031}","{\"site_id\":\"1\",\"post_type\":\"resource\",\"post_id\":17009}","{\"site_id\":\"1\",\"post_type\":\"resource\",\"post_id\":16055}","{\"site_id\":\"1\",\"post_type\":\"resource\",\"post_id\":17005}"]}}]},"yoast_head":"<!-- This site is optimized with the Yoast SEO Premium plugin v26.6 (Yoast SEO v27.1.1) - https:\/\/yoast.com\/product\/yoast-seo-premium-wordpress\/ -->\n<title>Voting Tools - Common Cause<\/title>\n<meta name=\"description\" content=\"Empower yourself with our voting tools. Register to vote, check your status, request an absentee ballot, and more.\" \/>\n<meta name=\"robots\" content=\"index, follow, max-snippet:-1, max-image-preview:large, max-video-preview:-1\" \/>\n<link rel=\"canonical\" href=\"https:\/\/www.commoncause.org\/es\/investigacion-y-recursos\/herramientas-de-votacion\/\" \/>\n<meta property=\"og:locale\" content=\"es_MX\" \/>\n<meta property=\"og:type\" content=\"article\" \/>\n<meta property=\"og:title\" content=\"Voting Tools\" \/>\n<meta property=\"og:description\" content=\"Empower yourself with our voting tools. Register to vote, check your status, request an absentee ballot, and more.\" \/>\n<meta property=\"og:url\" content=\"https:\/\/www.commoncause.org\/es\/investigacion-y-recursos\/herramientas-de-votacion\/\" \/>\n<meta property=\"og:site_name\" content=\"Common Cause\" \/>\n<meta property=\"article:publisher\" content=\"https:\/\/www.facebook.com\/CommonCause\" \/>\n<meta property=\"article:modified_time\" content=\"2025-11-04T16:16:34+00:00\" \/>\n<meta property=\"og:image\" content=\"https:\/\/www.commoncause.org\/wp-content\/uploads\/2025\/03\/GettyImages-138711477-scaled.jpg\" \/>\n\t<meta property=\"og:image:width\" content=\"2560\" \/>\n\t<meta property=\"og:image:height\" content=\"2346\" \/>\n\t<meta property=\"og:image:type\" content=\"image\/jpeg\" \/>\n<meta name=\"twitter:card\" content=\"summary_large_image\" \/>\n<meta name=\"twitter:site\" content=\"@CommonCause\" \/>\n<script type=\"application\/ld+json\" class=\"yoast-schema-graph\">{\"@context\":\"https:\/\/schema.org\",\"@graph\":[{\"@type\":\"WebPage\",\"@id\":\"https:\/\/www.commoncause.org\/research-and-resources\/voting-tools\/\",\"url\":\"https:\/\/www.commoncause.org\/research-and-resources\/voting-tools\/\",\"name\":\"Voting Tools - Common Cause\",\"isPartOf\":{\"@id\":\"https:\/\/www.commoncause.org\/#website\"},\"datePublished\":\"2018-05-15T13:32:40+00:00\",\"dateModified\":\"2025-11-04T16:16:34+00:00\",\"description\":\"Empower yourself with our voting tools. Register to vote, check your status, request an absentee ballot, and more.\",\"breadcrumb\":{\"@id\":\"https:\/\/www.commoncause.org\/research-and-resources\/voting-tools\/#breadcrumb\"},\"inLanguage\":\"es\",\"potentialAction\":[{\"@type\":\"ReadAction\",\"target\":[\"https:\/\/www.commoncause.org\/research-and-resources\/voting-tools\/\"]}]},{\"@type\":\"BreadcrumbList\",\"@id\":\"https:\/\/www.commoncause.org\/research-and-resources\/voting-tools\/#breadcrumb\",\"itemListElement\":[{\"@type\":\"ListItem\",\"position\":1,\"name\":\"Home\",\"item\":\"https:\/\/www.commoncause.org\/\"},{\"@type\":\"ListItem\",\"position\":2,\"name\":\"Resource Library\",\"item\":\"https:\/\/www.commoncause.org\/research-and-resources\/\"},{\"@type\":\"ListItem\",\"position\":3,\"name\":\"Voting Tools\"}]},{\"@type\":\"WebSite\",\"@id\":\"https:\/\/www.commoncause.org\/#website\",\"url\":\"https:\/\/www.commoncause.org\/\",\"name\":\"Common Cause\",\"description\":\"\",\"publisher\":{\"@id\":\"https:\/\/www.commoncause.org\/#organization\"},\"potentialAction\":[{\"@type\":\"SearchAction\",\"target\":{\"@type\":\"EntryPoint\",\"urlTemplate\":\"https:\/\/www.commoncause.org\/?s={search_term_string}\"},\"query-input\":{\"@type\":\"PropertyValueSpecification\",\"valueRequired\":true,\"valueName\":\"search_term_string\"}}],\"inLanguage\":\"es\"},{\"@type\":\"Organization\",\"@id\":\"https:\/\/www.commoncause.org\/#organization\",\"name\":\"Common Cause\",\"url\":\"https:\/\/www.commoncause.org\/\",\"logo\":{\"@type\":\"ImageObject\",\"inLanguage\":\"es\",\"@id\":\"https:\/\/www.commoncause.org\/#\/schema\/logo\/image\/\",\"url\":\"https:\/\/www.commoncause.org\/wp-content\/uploads\/2024\/05\/Common-Cause-Logo.png\",\"contentUrl\":\"https:\/\/www.commoncause.org\/wp-content\/uploads\/2024\/05\/Common-Cause-Logo.png\",\"width\":2066,\"height\":331,\"caption\":\"Common Cause\"},\"image\":{\"@id\":\"https:\/\/www.commoncause.org\/#\/schema\/logo\/image\/\"},\"sameAs\":[\"https:\/\/www.facebook.com\/CommonCause\",\"https:\/\/x.com\/CommonCause\",\"https:\/\/www.instagram.com\/ourcommoncause\/\"]}]}<\/script>\n<!-- \/ Yoast SEO Premium plugin. -->","yoast_head_json":{"title":"Herramientas de votaci\u00f3n - Causa com\u00fan","description":"Empod\u00e9rate con nuestras herramientas de votaci\u00f3n. Reg\u00edstrate para votar, verifica tu estado, solicita una boleta de voto en ausencia y m\u00e1s.","robots":{"index":"index","follow":"follow","max-snippet":"max-snippet:-1","max-image-preview":"max-image-preview:large","max-video-preview":"max-video-preview:-1"},"canonical":"https:\/\/www.commoncause.org\/es\/investigacion-y-recursos\/herramientas-de-votacion\/","og_locale":"es_MX","og_type":"article","og_title":"Voting Tools","og_description":"Empower yourself with our voting tools. Register to vote, check your status, request an absentee ballot, and more.","og_url":"https:\/\/www.commoncause.org\/es\/investigacion-y-recursos\/herramientas-de-votacion\/","og_site_name":"Common Cause","article_publisher":"https:\/\/www.facebook.com\/CommonCause","article_modified_time":"2025-11-04T16:16:34+00:00","og_image":[{"width":2560,"height":2346,"url":"https:\/\/www.commoncause.org\/wp-content\/uploads\/2025\/03\/GettyImages-138711477-scaled.jpg","type":"image\/jpeg"}],"twitter_card":"summary_large_image","twitter_site":"@CommonCause","schema":{"@context":"https:\/\/schema.org","@graph":[{"@type":"WebPage","@id":"https:\/\/www.commoncause.org\/research-and-resources\/voting-tools\/","url":"https:\/\/www.commoncause.org\/research-and-resources\/voting-tools\/","name":"Herramientas de votaci\u00f3n - Causa com\u00fan","isPartOf":{"@id":"https:\/\/www.commoncause.org\/#website"},"datePublished":"2018-05-15T13:32:40+00:00","dateModified":"2025-11-04T16:16:34+00:00","description":"Empod\u00e9rate con nuestras herramientas de votaci\u00f3n. Reg\u00edstrate para votar, verifica tu estado, solicita una boleta de voto en ausencia y m\u00e1s.","breadcrumb":{"@id":"https:\/\/www.commoncause.org\/research-and-resources\/voting-tools\/#breadcrumb"},"inLanguage":"es","potentialAction":[{"@type":"ReadAction","target":["https:\/\/www.commoncause.org\/research-and-resources\/voting-tools\/"]}]},{"@type":"BreadcrumbList","@id":"https:\/\/www.commoncause.org\/research-and-resources\/voting-tools\/#breadcrumb","itemListElement":[{"@type":"ListItem","position":1,"name":"Home","item":"https:\/\/www.commoncause.org\/"},{"@type":"ListItem","position":2,"name":"Resource Library","item":"https:\/\/www.commoncause.org\/research-and-resources\/"},{"@type":"ListItem","position":3,"name":"Voting Tools"}]},{"@type":"WebSite","@id":"https:\/\/www.commoncause.org\/#website","url":"https:\/\/www.commoncause.org\/","name":"Causa com\u00fan","description":"","publisher":{"@id":"https:\/\/www.commoncause.org\/#organization"},"potentialAction":[{"@type":"SearchAction","target":{"@type":"EntryPoint","urlTemplate":"https:\/\/www.commoncause.org\/?s={search_term_string}"},"query-input":{"@type":"PropertyValueSpecification","valueRequired":true,"valueName":"search_term_string"}}],"inLanguage":"es"},{"@type":"Organization","@id":"https:\/\/www.commoncause.org\/#organization","name":"Causa com\u00fan","url":"https:\/\/www.commoncause.org\/","logo":{"@type":"ImageObject","inLanguage":"es","@id":"https:\/\/www.commoncause.org\/#\/schema\/logo\/image\/","url":"https:\/\/www.commoncause.org\/wp-content\/uploads\/2024\/05\/Common-Cause-Logo.png","contentUrl":"https:\/\/www.commoncause.org\/wp-content\/uploads\/2024\/05\/Common-Cause-Logo.png","width":2066,"height":331,"caption":"Common Cause"},"image":{"@id":"https:\/\/www.commoncause.org\/#\/schema\/logo\/image\/"},"sameAs":["https:\/\/www.facebook.com\/CommonCause","https:\/\/x.com\/CommonCause","https:\/\/www.instagram.com\/ourcommoncause\/"]}]}},"distributor_meta":false,"distributor_terms":false,"distributor_media":false,"distributor_original_site_name":"Common Cause","distributor_original_site_url":"https:\/\/www.commoncause.org\/es","push-errors":false,"_links":{"self":[{"href":"https:\/\/www.commoncause.org\/es\/wp-json\/wp\/v2\/pages\/14022","targetHints":{"allow":["GET"]}}],"collection":[{"href":"https:\/\/www.commoncause.org\/es\/wp-json\/wp\/v2\/pages"}],"about":[{"href":"https:\/\/www.commoncause.org\/es\/wp-json\/wp\/v2\/types\/page"}],"author":[{"embeddable":true,"href":"https:\/\/www.commoncause.org\/es\/wp-json\/wp\/v2\/users\/35"}],"replies":[{"embeddable":true,"href":"https:\/\/www.commoncause.org\/es\/wp-json\/wp\/v2\/comments?post=14022"}],"version-history":[{"count":5,"href":"https:\/\/www.commoncause.org\/es\/wp-json\/wp\/v2\/pages\/14022\/revisions"}],"predecessor-version":[{"id":23069,"href":"https:\/\/www.commoncause.org\/es\/wp-json\/wp\/v2\/pages\/14022\/revisions\/23069"}],"up":[{"embeddable":true,"href":"https:\/\/www.commoncause.org\/es\/wp-json\/wp\/v2\/pages\/861"}],"wp:attachment":[{"href":"https:\/\/www.commoncause.org\/es\/wp-json\/wp\/v2\/media?parent=14022"}],"curies":[{"name":"Gracias","href":"https:\/\/api.w.org\/{rel}","templated":true}]}}