{"id":14015,"date":"2020-05-12T14:47:36","date_gmt":"2020-05-12T18:47:36","guid":{"rendered":"https:\/\/www.commoncause.org\/renew-your-annual-membership-direct-mail\/"},"modified":"2024-08-26T09:42:39","modified_gmt":"2024-08-26T13:42:39","slug":"renew-your-annual-membership-direct-mail","status":"publish","type":"page","link":"https:\/\/www.commoncause.org\/es\/renew-your-annual-membership-direct-mail\/","title":{"rendered":"Renueve su membres\u00eda anual \u2013 Correo directo"},"content":{"rendered":"","protected":false},"excerpt":{"rendered":"","protected":false},"author":33,"featured_media":0,"parent":0,"menu_order":0,"comment_status":"closed","ping_status":"closed","template":"","meta":{"_acf_changed":false,"_relevanssi_hide_post":"","_relevanssi_hide_content":"","_relevanssi_pin_for_all":"","_relevanssi_pin_keywords":"","_relevanssi_unpin_keywords":"","_relevanssi_related_keywords":"","_relevanssi_related_include_ids":"","_relevanssi_related_exclude_ids":"","_relevanssi_related_no_append":"","_relevanssi_related_not_related":"","_relevanssi_related_posts":"","_relevanssi_noindex_reason":""},"class_list":["post-14015","page","type-page","status-publish","hentry"],"acf":{"header":{"component_page_header":{"header_type":"default","title":"Renueva tu membres\u00eda de Common Cause","lead":"Love being a part of Common Cause? We need your help more than ever. Renew your membership today!","image":4595,"subnavigation":false}},"sidebar":{"helper_enable_sidebar":false,"helper_media_contact":{"heading":"Media Contact","manually_enter_person":false,"person":"","name":"","role":"","phone":"","email":""},"helper_links_downloads":{"heading":"Links & Downloads","links":null}},"page_layout":[{"acf_fc_layout":"layout_basic_html","_acfe_flexible_toggle":"","component_basic_html":{"heading":"Renew Your Membership","code":"<script src='https:\/\/actionnetwork.org\/widgets\/v5\/fundraising\/renew-your-annual-membership-3?format=js&source=website&css=whitelabel&'><\/script><div id='can-fundraising-area-renew-your-annual-membership-3' style='width: 100%'><\/div>","width":"medium"}},{"acf_fc_layout":"layout_wysiwyg","_acfe_flexible_toggle":"","component_wysiwyg":{"content":"<h2>Otras formas de donar<\/h2>\r\nThere are many ways to support Common Cause's mission to hold power accountable. If you have questions or do not see your preferred method of giving listed please contact Membership Services at <span class=\"w8qArf\"><span class=\"eTVOZd\">:<\/span> <\/span><span class=\"LrzXr zdqRlf kno-fv\"><span aria-label=\"Llama al n\u00famero de tel\u00e9fono (202) 833-1200\">(202) 833-1200<\/span><\/span> o\u00a0<a href=\"mailto:giving@commoncause.org\">giving@commoncause.org<\/a>\u00a0and we'll be happy to discuss your options for making a contribution.\r\n<h4>Donaciones mensuales<\/h4>\r\n\u00danete a la\u00a0<a href=\"https:\/\/actionnetwork.org\/fundraising\/become-a-guardian-for-democracy\/\">Guardianes de la democracia<\/a>\u00a0by making a recurring monthly contribution and help provide a steady and reliable income stream to support Common Cause's work in Washington and across the nation.\r\n<h4>Donaciones deducibles de impuestos<\/h4>\r\nLas donaciones que califican para una deducci\u00f3n de impuestos por caridad se pueden realizar a nuestra filial.\u00a0<a href=\"https:\/\/actionnetwork.org\/fundraising\/common-cause-education-fund\/\">Fondo de Educaci\u00f3n para Causas Comunes<\/a>, que apoya nuestros esfuerzos para exigir responsabilidades a los poderes p\u00fablicos a trav\u00e9s del compromiso c\u00edvico y la educaci\u00f3n p\u00fablica.\r\n<h4>Donaciones planificadas<\/h4>\r\nAyude a garantizar la promesa de democracia para la pr\u00f3xima generaci\u00f3n dejando un\u00a0<a href=\"http:\/\/www.commoncause.org\/es\/plannedgiving\/\">regalo patrimonial, como un legado, una distribuci\u00f3n de IRA u otro regalo planificado.<\/a>\r\n<h4>Regalos de stock<\/h4>\r\nSe pueden realizar donaciones de acciones y valores a Common Cause y a nuestra filial Common Cause Education Fund a trav\u00e9s de Wells Fargo.\u00a0<a href=\"http:\/\/www.commoncause.org\/es\/stockgift\/\">Para m\u00e1s detalles haga clic aqu\u00ed.<\/a>\r\n<h4>Regalos conmemorativos\/homenaje<\/h4>\r\nHonrar a alguien a trav\u00e9s de un\u00a0<a href=\"https:\/\/actionnetwork.org\/forms\/make-an-honor-or-memorial-gift\">regalo conmemorativo o homenaje<\/a>\u00a0please contact in Membership Services at <span class=\"w8qArf\"><span class=\"eTVOZd\">:<\/span> <\/span><span class=\"LrzXr zdqRlf kno-fv\"><span aria-label=\"Llama al n\u00famero de tel\u00e9fono (202) 833-1200\">(202) 833-1200<\/span><\/span>.\r\n<h4>C\u00edrculo de liderazgo<\/h4>\r\nThe Leadership Circle is an extraordinary group of our most steadfast supporters, who leave their own personal stamp on the nation's future by providing Common Cause with the resources needed in order to make sure our political system works for all Americans --\u00a0<a href=\"https:\/\/actionnetwork.org\/fundraising\/common-cause-leadership-circle\">\u00a1\u00danase a nosotros hoy!<\/a>\r\n\r\n<em>Common Cause est\u00e1 comprometida con una pol\u00edtica de transparencia abierta y total y, por lo tanto, pone a disposici\u00f3n del p\u00fablico informaci\u00f3n sobre nuestras fuentes de financiaci\u00f3n, incluidos los donantes individuales; sin embargo, se pueden aceptar donaciones an\u00f3nimas en determinadas circunstancias a pedido del donante. Para obtener m\u00e1s informaci\u00f3n,\u00a0<a href=\"https:\/\/www.commoncause.org\/es\/sobre-nosotros\/politica-de-transparencia-de-los-donantes\/\" target=\"blank\">Por favor revise la Pol\u00edtica de Transparencia de Donantes en nuestro sitio web.<\/a><\/em>"}}]},"yoast_head":"<!-- This site is optimized with the Yoast SEO Premium plugin v26.6 (Yoast SEO v27.1.1) - https:\/\/yoast.com\/product\/yoast-seo-premium-wordpress\/ -->\n<title>Renew Your Annual Membership \u2013 Direct Mail - Common Cause<\/title>\n<meta name=\"robots\" content=\"index, follow, max-snippet:-1, max-image-preview:large, max-video-preview:-1\" \/>\n<link rel=\"canonical\" href=\"https:\/\/www.commoncause.org\/es\/renew-your-annual-membership-direct-mail\/\" \/>\n<meta property=\"og:locale\" content=\"es_MX\" \/>\n<meta property=\"og:type\" content=\"article\" \/>\n<meta property=\"og:title\" content=\"Renew Your Annual Membership \u2013 Direct Mail\" \/>\n<meta property=\"og:url\" content=\"https:\/\/www.commoncause.org\/es\/renew-your-annual-membership-direct-mail\/\" \/>\n<meta property=\"og:site_name\" content=\"Common Cause\" \/>\n<meta property=\"article:publisher\" content=\"https:\/\/www.facebook.com\/CommonCause\" \/>\n<meta property=\"article:modified_time\" content=\"2024-08-26T13:42:39+00:00\" \/>\n<meta property=\"og:image\" content=\"https:\/\/www.commoncause.org\/wp-content\/uploads\/2024\/10\/CC-Share-Graphic-Main9.jpg\" \/>\n\t<meta property=\"og:image:width\" content=\"1200\" \/>\n\t<meta property=\"og:image:height\" content=\"630\" \/>\n\t<meta property=\"og:image:type\" content=\"image\/jpeg\" \/>\n<meta name=\"twitter:card\" content=\"summary_large_image\" \/>\n<meta name=\"twitter:site\" content=\"@CommonCause\" \/>\n<script type=\"application\/ld+json\" class=\"yoast-schema-graph\">{\"@context\":\"https:\/\/schema.org\",\"@graph\":[{\"@type\":\"WebPage\",\"@id\":\"https:\/\/www.commoncause.org\/renew-your-annual-membership-direct-mail\/\",\"url\":\"https:\/\/www.commoncause.org\/renew-your-annual-membership-direct-mail\/\",\"name\":\"Renew Your Annual Membership \u2013 Direct Mail - Common Cause\",\"isPartOf\":{\"@id\":\"https:\/\/www.commoncause.org\/#website\"},\"datePublished\":\"2020-05-12T18:47:36+00:00\",\"dateModified\":\"2024-08-26T13:42:39+00:00\",\"breadcrumb\":{\"@id\":\"https:\/\/www.commoncause.org\/renew-your-annual-membership-direct-mail\/#breadcrumb\"},\"inLanguage\":\"es\",\"potentialAction\":[{\"@type\":\"ReadAction\",\"target\":[\"https:\/\/www.commoncause.org\/renew-your-annual-membership-direct-mail\/\"]}]},{\"@type\":\"BreadcrumbList\",\"@id\":\"https:\/\/www.commoncause.org\/renew-your-annual-membership-direct-mail\/#breadcrumb\",\"itemListElement\":[{\"@type\":\"ListItem\",\"position\":1,\"name\":\"Home\",\"item\":\"https:\/\/www.commoncause.org\/\"},{\"@type\":\"ListItem\",\"position\":2,\"name\":\"Renew Your Annual Membership \u2013 Direct Mail\"}]},{\"@type\":\"WebSite\",\"@id\":\"https:\/\/www.commoncause.org\/#website\",\"url\":\"https:\/\/www.commoncause.org\/\",\"name\":\"Common Cause\",\"description\":\"\",\"publisher\":{\"@id\":\"https:\/\/www.commoncause.org\/#organization\"},\"potentialAction\":[{\"@type\":\"SearchAction\",\"target\":{\"@type\":\"EntryPoint\",\"urlTemplate\":\"https:\/\/www.commoncause.org\/?s={search_term_string}\"},\"query-input\":{\"@type\":\"PropertyValueSpecification\",\"valueRequired\":true,\"valueName\":\"search_term_string\"}}],\"inLanguage\":\"es\"},{\"@type\":\"Organization\",\"@id\":\"https:\/\/www.commoncause.org\/#organization\",\"name\":\"Common Cause\",\"url\":\"https:\/\/www.commoncause.org\/\",\"logo\":{\"@type\":\"ImageObject\",\"inLanguage\":\"es\",\"@id\":\"https:\/\/www.commoncause.org\/#\/schema\/logo\/image\/\",\"url\":\"https:\/\/www.commoncause.org\/wp-content\/uploads\/2024\/05\/Common-Cause-Logo.png\",\"contentUrl\":\"https:\/\/www.commoncause.org\/wp-content\/uploads\/2024\/05\/Common-Cause-Logo.png\",\"width\":2066,\"height\":331,\"caption\":\"Common Cause\"},\"image\":{\"@id\":\"https:\/\/www.commoncause.org\/#\/schema\/logo\/image\/\"},\"sameAs\":[\"https:\/\/www.facebook.com\/CommonCause\",\"https:\/\/x.com\/CommonCause\",\"https:\/\/www.instagram.com\/ourcommoncause\/\"]}]}<\/script>\n<!-- \/ Yoast SEO Premium plugin. -->","yoast_head_json":{"title":"Renew Your Annual Membership \u2013 Direct Mail - Common Cause","robots":{"index":"index","follow":"follow","max-snippet":"max-snippet:-1","max-image-preview":"max-image-preview:large","max-video-preview":"max-video-preview:-1"},"canonical":"https:\/\/www.commoncause.org\/es\/renew-your-annual-membership-direct-mail\/","og_locale":"es_MX","og_type":"article","og_title":"Renew Your Annual Membership \u2013 Direct Mail","og_url":"https:\/\/www.commoncause.org\/es\/renew-your-annual-membership-direct-mail\/","og_site_name":"Common Cause","article_publisher":"https:\/\/www.facebook.com\/CommonCause","article_modified_time":"2024-08-26T13:42:39+00:00","og_image":[{"width":1200,"height":630,"url":"https:\/\/www.commoncause.org\/wp-content\/uploads\/2024\/10\/CC-Share-Graphic-Main9.jpg","type":"image\/jpeg"}],"twitter_card":"summary_large_image","twitter_site":"@CommonCause","schema":{"@context":"https:\/\/schema.org","@graph":[{"@type":"WebPage","@id":"https:\/\/www.commoncause.org\/renew-your-annual-membership-direct-mail\/","url":"https:\/\/www.commoncause.org\/renew-your-annual-membership-direct-mail\/","name":"Renew Your Annual Membership \u2013 Direct Mail - Common Cause","isPartOf":{"@id":"https:\/\/www.commoncause.org\/#website"},"datePublished":"2020-05-12T18:47:36+00:00","dateModified":"2024-08-26T13:42:39+00:00","breadcrumb":{"@id":"https:\/\/www.commoncause.org\/renew-your-annual-membership-direct-mail\/#breadcrumb"},"inLanguage":"es","potentialAction":[{"@type":"ReadAction","target":["https:\/\/www.commoncause.org\/renew-your-annual-membership-direct-mail\/"]}]},{"@type":"BreadcrumbList","@id":"https:\/\/www.commoncause.org\/renew-your-annual-membership-direct-mail\/#breadcrumb","itemListElement":[{"@type":"ListItem","position":1,"name":"Home","item":"https:\/\/www.commoncause.org\/"},{"@type":"ListItem","position":2,"name":"Renew Your Annual Membership \u2013 Direct Mail"}]},{"@type":"WebSite","@id":"https:\/\/www.commoncause.org\/#website","url":"https:\/\/www.commoncause.org\/","name":"Causa com\u00fan","description":"","publisher":{"@id":"https:\/\/www.commoncause.org\/#organization"},"potentialAction":[{"@type":"SearchAction","target":{"@type":"EntryPoint","urlTemplate":"https:\/\/www.commoncause.org\/?s={search_term_string}"},"query-input":{"@type":"PropertyValueSpecification","valueRequired":true,"valueName":"search_term_string"}}],"inLanguage":"es"},{"@type":"Organization","@id":"https:\/\/www.commoncause.org\/#organization","name":"Causa com\u00fan","url":"https:\/\/www.commoncause.org\/","logo":{"@type":"ImageObject","inLanguage":"es","@id":"https:\/\/www.commoncause.org\/#\/schema\/logo\/image\/","url":"https:\/\/www.commoncause.org\/wp-content\/uploads\/2024\/05\/Common-Cause-Logo.png","contentUrl":"https:\/\/www.commoncause.org\/wp-content\/uploads\/2024\/05\/Common-Cause-Logo.png","width":2066,"height":331,"caption":"Common Cause"},"image":{"@id":"https:\/\/www.commoncause.org\/#\/schema\/logo\/image\/"},"sameAs":["https:\/\/www.facebook.com\/CommonCause","https:\/\/x.com\/CommonCause","https:\/\/www.instagram.com\/ourcommoncause\/"]}]}},"distributor_meta":false,"distributor_terms":false,"distributor_media":false,"distributor_original_site_name":"Common Cause","distributor_original_site_url":"https:\/\/www.commoncause.org\/es","push-errors":false,"_links":{"self":[{"href":"https:\/\/www.commoncause.org\/es\/wp-json\/wp\/v2\/pages\/14015","targetHints":{"allow":["GET"]}}],"collection":[{"href":"https:\/\/www.commoncause.org\/es\/wp-json\/wp\/v2\/pages"}],"about":[{"href":"https:\/\/www.commoncause.org\/es\/wp-json\/wp\/v2\/types\/page"}],"author":[{"embeddable":true,"href":"https:\/\/www.commoncause.org\/es\/wp-json\/wp\/v2\/users\/33"}],"replies":[{"embeddable":true,"href":"https:\/\/www.commoncause.org\/es\/wp-json\/wp\/v2\/comments?post=14015"}],"version-history":[{"count":2,"href":"https:\/\/www.commoncause.org\/es\/wp-json\/wp\/v2\/pages\/14015\/revisions"}],"predecessor-version":[{"id":22331,"href":"https:\/\/www.commoncause.org\/es\/wp-json\/wp\/v2\/pages\/14015\/revisions\/22331"}],"wp:attachment":[{"href":"https:\/\/www.commoncause.org\/es\/wp-json\/wp\/v2\/media?parent=14015"}],"curies":[{"name":"Gracias","href":"https:\/\/api.w.org\/{rel}","templated":true}]}}