{"id":13985,"date":"2018-05-15T11:06:49","date_gmt":"2018-05-15T11:06:49","guid":{"rendered":"https:\/\/www.commoncause.org\/financials\/"},"modified":"2024-07-31T15:44:28","modified_gmt":"2024-07-31T19:44:28","slug":"finanzas","status":"publish","type":"page","link":"https:\/\/www.commoncause.org\/es\/financials\/","title":{"rendered":"Finanzas"},"content":{"rendered":"","protected":false},"excerpt":{"rendered":"","protected":false},"author":41,"featured_media":0,"parent":0,"menu_order":0,"comment_status":"closed","ping_status":"closed","template":"","meta":{"_acf_changed":false,"_relevanssi_hide_post":"","_relevanssi_hide_content":"","_relevanssi_pin_for_all":"","_relevanssi_pin_keywords":"","_relevanssi_unpin_keywords":"","_relevanssi_related_keywords":"","_relevanssi_related_include_ids":"","_relevanssi_related_exclude_ids":"","_relevanssi_related_no_append":"","_relevanssi_related_not_related":"","_relevanssi_related_posts":"","_relevanssi_noindex_reason":""},"class_list":["post-13985","page","type-page","status-publish","hentry"],"acf":{"header":{"component_page_header":{"header_type":"default","title":"","lead":"","image":"","subnavigation":false}},"sidebar":{"helper_enable_sidebar":false,"helper_media_contact":{"heading":"Media Contact","manually_enter_person":false,"person":"","name":"","role":"","phone":"","email":""},"helper_links_downloads":{"heading":"Links & Downloads","links":null}},"page_layout":[{"acf_fc_layout":"layout_wysiwyg","_acfe_flexible_toggle":"","component_wysiwyg":{"content":"<h2>Financials and 990's for Common Cause<\/h2>Common Cause es una organizaci\u00f3n sin fines de lucro no partidista 501(c)(4) financiada por una combinaci\u00f3n de contribuciones de donantes individuales y subvenciones de fundaciones. Estamos comprometidos con la transparencia y la rendici\u00f3n de cuentas, y lo alentamos a explorar nuestros estados financieros y formularios 990 para Common Cause, a continuaci\u00f3n, y Common Cause Education Fund, nuestra organizaci\u00f3n hermana 501(c)(3) en <a href=\"http:\/\/www.commoncause.org\/es\/fondo-de-educacion-3\/\" target=\"_blank\" rel=\"noopener\">commoncause.org\/fondo-educativo\/.<\/a>\r\n\r\nVea nuestro <a href=\"https:\/\/www.commoncause.org\/es\/politica-de-transparencia-de-los-donantes\/\">Pol\u00edtica de transparencia de los donantes<\/a>.\r\n\r\nIn addition to the links below, you can view <a href=\"http:\/\/www.commoncause.org\/es\/fondo-de-educacion-3\/sobre-nosotros\/finanzas\/\" target=\"_blank\" rel=\"noopener\">financials and 990's for Common Cause Education Fund<\/a>, nuestra organizaci\u00f3n afiliada 501(c)(3)."}},{"acf_fc_layout":"layout_wysiwyg","_acfe_flexible_toggle":"","component_wysiwyg":{"content":"<ul>\r\n \t<li><a href=\"https:\/\/www.commoncause.org\/wp-content\/uploads\/2024\/06\/CCAUSE-2023-06-Tax-Form-990-Public-Discolure-Copy.pdf\">Formulario 990 del IRS de Common Cause 2023<\/a><\/li>\r\n \t<li><a href=\"https:\/\/www.commoncause.org\/wp-content\/uploads\/2024\/06\/253615-Common-Cause-AUD-623-Final-FS.pdf\">Estados Financieros Consolidados 2023 e Informaci\u00f3n Complementaria<\/a><\/li>\r\n \t<li><a href=\"https:\/\/www.commoncause.org\/wp-content\/uploads\/2024\/06\/CCEF-2023-06-Tax-Form-990-Public-Disclosure-Copy.pdf\">Formulario 990 del IRS para el Fondo Educativo de Causa Com\u00fan 2023<\/a><\/li>\r\n<\/ul>\r\n\r\n<hr \/>\r\n\r\n<ul>\r\n \t<li><a href=\"https:\/\/www.commoncause.org\/wp-content\/uploads\/2023\/04\/CCAUSE-2022-06-Tax-Return-Public-Disclosure-Copy.pdf\">Formulario 990 del IRS de Common Cause 2022<\/a><\/li>\r\n \t<li><a href=\"https:\/\/www.commoncause.org\/wp-content\/uploads\/2023\/04\/Common-Cause-2022-06-AUDIT-Final-FS.pdf\">Estados financieros consolidados de 2022 e informaci\u00f3n complementaria<\/a><\/li>\r\n \t<li><a href=\"https:\/\/www.commoncause.org\/wp-content\/uploads\/2023\/07\/CC_CCEF_FY22_AnnualReport.pdf\">Informe anual de Common Cause 2022<\/a><\/li>\r\n<\/ul>\r\n\r\n<hr \/>\r\n\r\n<ul>\r\n \t<li><a href=\"https:\/\/www.commoncause.org\/wp-content\/uploads\/2022\/04\/R.990.02-CCAUSE-2020-990-PUBLIC-INSPECTION-COPY-LWH-signed.pdf\">Formulario 990 del IRS de Common Cause 2021<\/a><\/li>\r\n \t<li><a href=\"https:\/\/www.commoncause.org\/wp-content\/uploads\/2022\/04\/Common-Cause-FY2021-Audited-Financial-Statements-Final.pdf\">Estados financieros consolidados auditados del ejercicio fiscal 2021<\/a><\/li>\r\n<\/ul>\r\n\r\n<hr \/>\r\n\r\n<ul>\r\n \t<li><a href=\"https:\/\/www.commoncause.org\/wp-content\/uploads\/2020\/03\/CCAUSE-2018-990-PUBLIC-INSPECTION-COPY.pdf\">Formulario 990 del IRS de Common Cause de 2019<\/a><\/li>\r\n<\/ul>\r\n<ul>\r\n \t<li><a href=\"https:\/\/www.commoncause.org\/wp-content\/uploads\/2020\/11\/CCAUSE-2019-990-PUBLIC-INSPECTION-COPY-LWH-signed.pdf\">Formulario 990 del IRS de Common Cause 2020<\/a><\/li>\r\n \t<li><a href=\"https:\/\/www.commoncause.org\/wp-content\/uploads\/2021\/03\/Common-Cause-and-Affiliate_20-FS_Final.pdf\">Estados financieros consolidados auditados del ejercicio fiscal 2020<\/a><\/li>\r\n<\/ul>\r\n\r\n<hr \/>\r\n\r\n<ul>\r\n \t<li><a href=\"https:\/\/www.commoncause.org\/wp-content\/uploads\/2020\/03\/CCAUSE-2018-990-PUBLIC-INSPECTION-COPY.pdf\">Formulario 990 del IRS de Common Cause de 2019<\/a><\/li>\r\n \t<li><a href=\"https:\/\/www.commoncause.org\/wp-content\/uploads\/2020\/03\/Common-Cause-2019-Audited-Financial-Statements.pdf\">Estados financieros auditados de Common Cause 2019<\/a><\/li>\r\n<\/ul>\r\n\r\n<hr \/>\r\n\r\n<ul>\r\n \t<li><a href=\"https:\/\/www.commoncause.org\/wp-content\/uploads\/2018\/10\/CC-2017-990-PUBLIC-INSPECTION-COPY-LWH-signed.pdf\">Formulario 990 del IRS de Common Cause de 2018<\/a><\/li>\r\n \t<li><a href=\"https:\/\/www.commoncause.org\/wp-content\/uploads\/2018\/10\/Common-Cause-2018-Audited-Financial-Statements.pdf\">Estados financieros consolidados auditados del ejercicio fiscal 2018<\/a><\/li>\r\n<\/ul>\r\n\r\n<hr \/>\r\n\r\n<ul>\r\n \t<li><a href=\"https:\/\/www.commoncause.org\/wp-content\/uploads\/2018\/05\/2017-common-cause-990.pdf\" target=\"_blank\" rel=\"noopener\">Formulario 990 del IRS de Common Cause de 2017<\/a><\/li>\r\n \t<li><a href=\"\/education-fund\/wp-content\/uploads\/sites\/30\/2018\/03\/fiscal-year-2017-financial.pdf\">Estados financieros consolidados auditados del ejercicio fiscal 2017<\/a><\/li>\r\n<\/ul>\r\n&nbsp;\r\n\r\n<hr \/>\r\n\r\n<ul>\r\n \t<li><a href=\"https:\/\/www.commoncause.org\/wp-content\/uploads\/2018\/05\/2016-990-statement-common-1.pdf\" target=\"_blank\" rel=\"noopener\">Formulario 990 del IRS de Common Cause de 2016<\/a><\/li>\r\n \t<li><a href=\"\/education-fund\/wp-content\/uploads\/sites\/30\/2018\/03\/common-cause-2016-final.pdf\">Estados financieros consolidados auditados del ejercicio fiscal 2016<\/a><\/li>\r\n<\/ul>\r\n&nbsp;\r\n\r\n<hr \/>\r\n\r\n<ul>\r\n \t<li><a href=\"https:\/\/www.commoncause.org\/wp-content\/uploads\/2018\/05\/common-cause-990-fy2015.pdf\" target=\"_blank\" rel=\"noopener\">Formulario 990 del IRS de Common Cause de 2015<\/a><\/li>\r\n \t<li><a href=\"\/education-fund\/wp-content\/uploads\/sites\/30\/2018\/03\/common-cause-fiscal-year-2015.pdf\">Estados financieros consolidados auditados del ejercicio fiscal 2015<\/a><\/li>\r\n<\/ul>\r\n&nbsp;"}}]},"yoast_head":"<!-- This site is optimized with the Yoast SEO Premium plugin v26.6 (Yoast SEO v27.1.1) - https:\/\/yoast.com\/product\/yoast-seo-premium-wordpress\/ -->\n<title>Financials - Common Cause<\/title>\n<meta name=\"robots\" content=\"index, follow, max-snippet:-1, max-image-preview:large, max-video-preview:-1\" \/>\n<link rel=\"canonical\" href=\"https:\/\/www.commoncause.org\/es\/finanzas\/\" \/>\n<meta property=\"og:locale\" content=\"es_MX\" \/>\n<meta property=\"og:type\" content=\"article\" \/>\n<meta property=\"og:title\" content=\"Financials\" \/>\n<meta property=\"og:url\" content=\"https:\/\/www.commoncause.org\/es\/finanzas\/\" \/>\n<meta property=\"og:site_name\" content=\"Common Cause\" \/>\n<meta property=\"article:publisher\" content=\"https:\/\/www.facebook.com\/CommonCause\" \/>\n<meta property=\"article:modified_time\" content=\"2024-07-31T19:44:28+00:00\" \/>\n<meta property=\"og:image\" content=\"https:\/\/www.commoncause.org\/wp-content\/uploads\/2024\/10\/CC-Share-Graphic-Main9.jpg\" \/>\n\t<meta property=\"og:image:width\" content=\"1200\" \/>\n\t<meta property=\"og:image:height\" content=\"630\" \/>\n\t<meta property=\"og:image:type\" content=\"image\/jpeg\" \/>\n<meta name=\"twitter:card\" content=\"summary_large_image\" \/>\n<meta name=\"twitter:site\" content=\"@CommonCause\" \/>\n<script type=\"application\/ld+json\" class=\"yoast-schema-graph\">{\"@context\":\"https:\/\/schema.org\",\"@graph\":[{\"@type\":\"WebPage\",\"@id\":\"https:\/\/www.commoncause.org\/financials\/\",\"url\":\"https:\/\/www.commoncause.org\/financials\/\",\"name\":\"Financials - Common Cause\",\"isPartOf\":{\"@id\":\"https:\/\/www.commoncause.org\/#website\"},\"datePublished\":\"2018-05-15T11:06:49+00:00\",\"dateModified\":\"2024-07-31T19:44:28+00:00\",\"breadcrumb\":{\"@id\":\"https:\/\/www.commoncause.org\/financials\/#breadcrumb\"},\"inLanguage\":\"es\",\"potentialAction\":[{\"@type\":\"ReadAction\",\"target\":[\"https:\/\/www.commoncause.org\/financials\/\"]}]},{\"@type\":\"BreadcrumbList\",\"@id\":\"https:\/\/www.commoncause.org\/financials\/#breadcrumb\",\"itemListElement\":[{\"@type\":\"ListItem\",\"position\":1,\"name\":\"Home\",\"item\":\"https:\/\/www.commoncause.org\/\"},{\"@type\":\"ListItem\",\"position\":2,\"name\":\"Financials\"}]},{\"@type\":\"WebSite\",\"@id\":\"https:\/\/www.commoncause.org\/#website\",\"url\":\"https:\/\/www.commoncause.org\/\",\"name\":\"Common Cause\",\"description\":\"\",\"publisher\":{\"@id\":\"https:\/\/www.commoncause.org\/#organization\"},\"potentialAction\":[{\"@type\":\"SearchAction\",\"target\":{\"@type\":\"EntryPoint\",\"urlTemplate\":\"https:\/\/www.commoncause.org\/?s={search_term_string}\"},\"query-input\":{\"@type\":\"PropertyValueSpecification\",\"valueRequired\":true,\"valueName\":\"search_term_string\"}}],\"inLanguage\":\"es\"},{\"@type\":\"Organization\",\"@id\":\"https:\/\/www.commoncause.org\/#organization\",\"name\":\"Common Cause\",\"url\":\"https:\/\/www.commoncause.org\/\",\"logo\":{\"@type\":\"ImageObject\",\"inLanguage\":\"es\",\"@id\":\"https:\/\/www.commoncause.org\/#\/schema\/logo\/image\/\",\"url\":\"https:\/\/www.commoncause.org\/wp-content\/uploads\/2024\/05\/Common-Cause-Logo.png\",\"contentUrl\":\"https:\/\/www.commoncause.org\/wp-content\/uploads\/2024\/05\/Common-Cause-Logo.png\",\"width\":2066,\"height\":331,\"caption\":\"Common Cause\"},\"image\":{\"@id\":\"https:\/\/www.commoncause.org\/#\/schema\/logo\/image\/\"},\"sameAs\":[\"https:\/\/www.facebook.com\/CommonCause\",\"https:\/\/x.com\/CommonCause\",\"https:\/\/www.instagram.com\/ourcommoncause\/\"]}]}<\/script>\n<!-- \/ Yoast SEO Premium plugin. -->","yoast_head_json":{"title":"Finanzas - Causa com\u00fan","robots":{"index":"index","follow":"follow","max-snippet":"max-snippet:-1","max-image-preview":"max-image-preview:large","max-video-preview":"max-video-preview:-1"},"canonical":"https:\/\/www.commoncause.org\/es\/finanzas\/","og_locale":"es_MX","og_type":"article","og_title":"Financials","og_url":"https:\/\/www.commoncause.org\/es\/finanzas\/","og_site_name":"Common Cause","article_publisher":"https:\/\/www.facebook.com\/CommonCause","article_modified_time":"2024-07-31T19:44:28+00:00","og_image":[{"width":1200,"height":630,"url":"https:\/\/www.commoncause.org\/wp-content\/uploads\/2024\/10\/CC-Share-Graphic-Main9.jpg","type":"image\/jpeg"}],"twitter_card":"summary_large_image","twitter_site":"@CommonCause","schema":{"@context":"https:\/\/schema.org","@graph":[{"@type":"WebPage","@id":"https:\/\/www.commoncause.org\/financials\/","url":"https:\/\/www.commoncause.org\/financials\/","name":"Finanzas - Causa com\u00fan","isPartOf":{"@id":"https:\/\/www.commoncause.org\/#website"},"datePublished":"2018-05-15T11:06:49+00:00","dateModified":"2024-07-31T19:44:28+00:00","breadcrumb":{"@id":"https:\/\/www.commoncause.org\/financials\/#breadcrumb"},"inLanguage":"es","potentialAction":[{"@type":"ReadAction","target":["https:\/\/www.commoncause.org\/financials\/"]}]},{"@type":"BreadcrumbList","@id":"https:\/\/www.commoncause.org\/financials\/#breadcrumb","itemListElement":[{"@type":"ListItem","position":1,"name":"Home","item":"https:\/\/www.commoncause.org\/"},{"@type":"ListItem","position":2,"name":"Financials"}]},{"@type":"WebSite","@id":"https:\/\/www.commoncause.org\/#website","url":"https:\/\/www.commoncause.org\/","name":"Causa com\u00fan","description":"","publisher":{"@id":"https:\/\/www.commoncause.org\/#organization"},"potentialAction":[{"@type":"SearchAction","target":{"@type":"EntryPoint","urlTemplate":"https:\/\/www.commoncause.org\/?s={search_term_string}"},"query-input":{"@type":"PropertyValueSpecification","valueRequired":true,"valueName":"search_term_string"}}],"inLanguage":"es"},{"@type":"Organization","@id":"https:\/\/www.commoncause.org\/#organization","name":"Causa com\u00fan","url":"https:\/\/www.commoncause.org\/","logo":{"@type":"ImageObject","inLanguage":"es","@id":"https:\/\/www.commoncause.org\/#\/schema\/logo\/image\/","url":"https:\/\/www.commoncause.org\/wp-content\/uploads\/2024\/05\/Common-Cause-Logo.png","contentUrl":"https:\/\/www.commoncause.org\/wp-content\/uploads\/2024\/05\/Common-Cause-Logo.png","width":2066,"height":331,"caption":"Common Cause"},"image":{"@id":"https:\/\/www.commoncause.org\/#\/schema\/logo\/image\/"},"sameAs":["https:\/\/www.facebook.com\/CommonCause","https:\/\/x.com\/CommonCause","https:\/\/www.instagram.com\/ourcommoncause\/"]}]}},"distributor_meta":false,"distributor_terms":false,"distributor_media":false,"distributor_original_site_name":"Common Cause","distributor_original_site_url":"https:\/\/www.commoncause.org\/es","push-errors":false,"_links":{"self":[{"href":"https:\/\/www.commoncause.org\/es\/wp-json\/wp\/v2\/pages\/13985","targetHints":{"allow":["GET"]}}],"collection":[{"href":"https:\/\/www.commoncause.org\/es\/wp-json\/wp\/v2\/pages"}],"about":[{"href":"https:\/\/www.commoncause.org\/es\/wp-json\/wp\/v2\/types\/page"}],"author":[{"embeddable":true,"href":"https:\/\/www.commoncause.org\/es\/wp-json\/wp\/v2\/users\/41"}],"replies":[{"embeddable":true,"href":"https:\/\/www.commoncause.org\/es\/wp-json\/wp\/v2\/comments?post=13985"}],"version-history":[{"count":4,"href":"https:\/\/www.commoncause.org\/es\/wp-json\/wp\/v2\/pages\/13985\/revisions"}],"predecessor-version":[{"id":20540,"href":"https:\/\/www.commoncause.org\/es\/wp-json\/wp\/v2\/pages\/13985\/revisions\/20540"}],"wp:attachment":[{"href":"https:\/\/www.commoncause.org\/es\/wp-json\/wp\/v2\/media?parent=13985"}],"curies":[{"name":"Gracias","href":"https:\/\/api.w.org\/{rel}","templated":true}]}}