{"id":202,"date":"2024-06-08T18:08:29","date_gmt":"2024-06-08T18:08:29","guid":{"rendered":"https:\/\/www.commoncause.org\/emerging-power\/?page_id=202"},"modified":"2025-04-09T10:59:12","modified_gmt":"2025-04-09T14:59:12","slug":"hogar","status":"publish","type":"page","link":"https:\/\/www.commoncause.org\/emerging-power\/es\/","title":{"rendered":"Hogar"},"content":{"rendered":"","protected":false},"excerpt":{"rendered":"","protected":false},"author":2,"featured_media":0,"parent":0,"menu_order":0,"comment_status":"closed","ping_status":"closed","template":"","meta":{"_acf_changed":false,"_relevanssi_hide_post":"","_relevanssi_hide_content":"","_relevanssi_pin_for_all":"","_relevanssi_pin_keywords":"","_relevanssi_unpin_keywords":"","_relevanssi_related_keywords":"","_relevanssi_related_include_ids":"","_relevanssi_related_exclude_ids":"","_relevanssi_related_no_append":"","_relevanssi_related_not_related":"","_relevanssi_related_posts":"","_relevanssi_noindex_reason":""},"class_list":["post-202","page","type-page","status-publish","hentry"],"acf":{"page_layout":[{"acf_fc_layout":"layout_latest_victory","_acfe_flexible_toggle":"","component_latest_victory":{"manually_curate":true,"latest_content":"article","button_text":"Read About Our Victory","title":"Common Cause hosted [highlight] #ISpeakUp Conference [\/highlight] ","summary":"Democracy Fellows met with progressive nonprofit leaders and went to the Hill to advocate for voting rights and Pell Grant expansion. ","button":{"title":"Learn more about our fellowship","url":"https:\/\/www.commoncause.org\/emerging-power\/work\/campus-democracy-fellowship\/","target":""},"image":30162,"darker":false}},{"acf_fc_layout":"layout_featured_work","_acfe_flexible_toggle":"","component_featured_work":{"content_type":"work","button_text":"View This Campaign","secondary_link":null,"manually_curate":true,"small_title":"See what we're doing","large_title":"Supporting Youth Voting Rights","summary":"Common Cause supports the Youth Voting Rights Act and its impact on the younger generation\u2019s right to participate in our democracy. Click below to ask your representative to support the Youth Voting Rights Act.","button":{"title":"View This Work","url":"https:\/\/www.commoncause.org\/emerging-power\/issues\/youth-voting\/","target":""},"small_link":"","image":19335}},{"acf_fc_layout":"layout_about_us","_acfe_flexible_toggle":"","component_about_us":{"intro_title":"About Us","main_title":"We work to [highlight]strengthen and empower[\/highlight] the youth vote","summary":"Together, we are building the next generation of democracy leaders, equipping student activists with the skills they need to hold power accountable on their campus, in their community, and beyond.","button":{"title":"Discover Our Impact","url":"https:\/\/www.commoncause.org\/emerging-power\/our-impact\/","target":""},"image":19155}},{"acf_fc_layout":"layout_featured_action","_acfe_flexible_toggle":"","component_featured_action":{"action_to_show":"manual","image_side":"right","action":["{\"site_id\":\"1\",\"post_type\":\"act\",\"post_id\":14033}"],"title":"\u00a1Firma para apoyar el voto de los j\u00f3venes de 16 a\u00f1os!","summary":"Join the movement for a more inclusive democracy by expanding voting rights to 16 and 17-year-olds to vote. Click the link below to tell your representatives to support the lowering of the voting age.","post_link":{"title":"Take a stand for young voters.","url":"https:\/\/act.commoncause.org\/petitions\/lower-the-voting-age-to-16-2","target":""},"secondary_link":""}},{"acf_fc_layout":"layout_email_signup","_acfe_flexible_toggle":"","component_email_signup":{"":null,"small_title":"Sign up for alerts about  issues important to the youth vote, election reminders, and to stay up to date with our work.","large_title":"JOIN THE ALLIANCE FOR EMERGING POWER","action_network_embed":"<script src='https:\/\/act.commoncause.org\/widgets\/v5\/form\/get-updates-from-emerging-power?format=js&source=widget'><\/script><div id='can-form-area-get-updates-from-emerging-power' style='width: 100%'><!-- this div is the target for our HTML insertion --><\/div>","disclaimer":"*Opt in to mobile messages from Common Cause. Message and data rates apply. Reply STOP to unsubscribe. Reply HELP for help. Periodic messages with updates and news about our work. Privacy policy & ToS."}},{"acf_fc_layout":"layout_statistics","_acfe_flexible_toggle":"","component_statistics":{"title":"La Alianza para el Poder Emergente alberga todas las iniciativas de participaci\u00f3n juvenil de Common Cause: la beca de organizaci\u00f3n del campus, la Alianza de Acci\u00f3n Estudiantil HBCU, el programa de pasant\u00edas de verano y la Beca de Protecci\u00f3n Electoral.","statistics":[{"component_statistic":{"number":"620","text":"Alumni Network Members","source":"More than 600 young people have completed an internship or fellowship at Common Cause."}},{"component_statistic":{"number":"1800","text":"Youth Members","source":"Our youth members are on the ground, fighting for open and accountable democracy."}},{"component_statistic":{"number":"2500","text":"Trained Youth Activists","source":"We have trained over 2,500 youth activists."}}]}},{"acf_fc_layout":"layout_map","_acfe_flexible_toggle":"","component_map":{"":null}}]},"yoast_head":"<!-- This site is optimized with the Yoast SEO Premium plugin v26.6 (Yoast SEO v27.1.1) - https:\/\/yoast.com\/product\/yoast-seo-premium-wordpress\/ -->\n<title>Home - Youth Engagement<\/title>\n<meta name=\"robots\" content=\"index, follow, max-snippet:-1, max-image-preview:large, max-video-preview:-1\" \/>\n<link rel=\"canonical\" href=\"https:\/\/www.commoncause.org\/emerging-power\/es\/\" \/>\n<meta property=\"og:locale\" content=\"es_ES\" \/>\n<meta property=\"og:type\" content=\"article\" \/>\n<meta property=\"og:title\" content=\"Home\" \/>\n<meta property=\"og:url\" content=\"https:\/\/www.commoncause.org\/emerging-power\/es\/\" \/>\n<meta property=\"og:site_name\" content=\"Youth Engagement\" \/>\n<meta property=\"article:modified_time\" content=\"2025-04-09T14:59:12+00:00\" \/>\n<meta property=\"og:image\" content=\"https:\/\/www.commoncause.org\/emerging-power\/wp-content\/uploads\/2024\/08\/common-cause-share-image.png\" \/>\n\t<meta property=\"og:image:width\" content=\"1200\" \/>\n\t<meta property=\"og:image:height\" content=\"630\" \/>\n\t<meta property=\"og:image:type\" content=\"image\/png\" \/>\n<meta name=\"twitter:card\" content=\"summary_large_image\" \/>\n<script type=\"application\/ld+json\" class=\"yoast-schema-graph\">{\"@context\":\"https:\/\/schema.org\",\"@graph\":[{\"@type\":\"WebPage\",\"@id\":\"https:\/\/www.commoncause.org\/emerging-power\/\",\"url\":\"https:\/\/www.commoncause.org\/emerging-power\/\",\"name\":\"Home - Youth Engagement\",\"isPartOf\":{\"@id\":\"https:\/\/www.commoncause.org\/emerging-power\/#website\"},\"datePublished\":\"2024-06-08T18:08:29+00:00\",\"dateModified\":\"2025-04-09T14:59:12+00:00\",\"breadcrumb\":{\"@id\":\"https:\/\/www.commoncause.org\/emerging-power\/#breadcrumb\"},\"inLanguage\":\"es-PR\",\"potentialAction\":[{\"@type\":\"ReadAction\",\"target\":[\"https:\/\/www.commoncause.org\/emerging-power\/\"]}]},{\"@type\":\"BreadcrumbList\",\"@id\":\"https:\/\/www.commoncause.org\/emerging-power\/#breadcrumb\",\"itemListElement\":[{\"@type\":\"ListItem\",\"position\":1,\"name\":\"Home\",\"item\":\"https:\/\/www.commoncause.org\/emerging-power\/\"},{\"@type\":\"ListItem\",\"position\":2,\"name\":\"Home\"}]},{\"@type\":\"WebSite\",\"@id\":\"https:\/\/www.commoncause.org\/emerging-power\/#website\",\"url\":\"https:\/\/www.commoncause.org\/emerging-power\/\",\"name\":\"Youth Engagement\",\"description\":\"\",\"potentialAction\":[{\"@type\":\"SearchAction\",\"target\":{\"@type\":\"EntryPoint\",\"urlTemplate\":\"https:\/\/www.commoncause.org\/emerging-power\/?s={search_term_string}\"},\"query-input\":{\"@type\":\"PropertyValueSpecification\",\"valueRequired\":true,\"valueName\":\"search_term_string\"}}],\"inLanguage\":\"es-PR\"}]}<\/script>\n<!-- \/ Yoast SEO Premium plugin. -->","yoast_head_json":{"title":"Inicio - Participaci\u00f3n de los j\u00f3venes","robots":{"index":"index","follow":"follow","max-snippet":"max-snippet:-1","max-image-preview":"max-image-preview:large","max-video-preview":"max-video-preview:-1"},"canonical":"https:\/\/www.commoncause.org\/emerging-power\/es\/","og_locale":"es_ES","og_type":"article","og_title":"Home","og_url":"https:\/\/www.commoncause.org\/emerging-power\/es\/","og_site_name":"Youth Engagement","article_modified_time":"2025-04-09T14:59:12+00:00","og_image":[{"width":1200,"height":630,"url":"https:\/\/www.commoncause.org\/emerging-power\/wp-content\/uploads\/2024\/08\/common-cause-share-image.png","type":"image\/png"}],"twitter_card":"summary_large_image","schema":{"@context":"https:\/\/schema.org","@graph":[{"@type":"WebPage","@id":"https:\/\/www.commoncause.org\/emerging-power\/","url":"https:\/\/www.commoncause.org\/emerging-power\/","name":"Inicio - Participaci\u00f3n de los j\u00f3venes","isPartOf":{"@id":"https:\/\/www.commoncause.org\/emerging-power\/#website"},"datePublished":"2024-06-08T18:08:29+00:00","dateModified":"2025-04-09T14:59:12+00:00","breadcrumb":{"@id":"https:\/\/www.commoncause.org\/emerging-power\/#breadcrumb"},"inLanguage":"es-PR","potentialAction":[{"@type":"ReadAction","target":["https:\/\/www.commoncause.org\/emerging-power\/"]}]},{"@type":"BreadcrumbList","@id":"https:\/\/www.commoncause.org\/emerging-power\/#breadcrumb","itemListElement":[{"@type":"ListItem","position":1,"name":"Home","item":"https:\/\/www.commoncause.org\/emerging-power\/"},{"@type":"ListItem","position":2,"name":"Home"}]},{"@type":"WebSite","@id":"https:\/\/www.commoncause.org\/emerging-power\/#website","url":"https:\/\/www.commoncause.org\/emerging-power\/","name":"Participaci\u00f3n de los j\u00f3venes","description":"","potentialAction":[{"@type":"SearchAction","target":{"@type":"EntryPoint","urlTemplate":"https:\/\/www.commoncause.org\/emerging-power\/?s={search_term_string}"},"query-input":{"@type":"PropertyValueSpecification","valueRequired":true,"valueName":"search_term_string"}}],"inLanguage":"es-PR"}]}},"distributor_meta":false,"distributor_terms":false,"distributor_media":false,"distributor_original_site_name":"Youth Engagement","distributor_original_site_url":"https:\/\/www.commoncause.org\/emerging-power\/es","push-errors":false,"_links":{"self":[{"href":"https:\/\/www.commoncause.org\/emerging-power\/es\/wp-json\/wp\/v2\/pages\/202","targetHints":{"allow":["GET"]}}],"collection":[{"href":"https:\/\/www.commoncause.org\/emerging-power\/es\/wp-json\/wp\/v2\/pages"}],"about":[{"href":"https:\/\/www.commoncause.org\/emerging-power\/es\/wp-json\/wp\/v2\/types\/page"}],"author":[{"embeddable":true,"href":"https:\/\/www.commoncause.org\/emerging-power\/es\/wp-json\/wp\/v2\/users\/2"}],"replies":[{"embeddable":true,"href":"https:\/\/www.commoncause.org\/emerging-power\/es\/wp-json\/wp\/v2\/comments?post=202"}],"version-history":[{"count":12,"href":"https:\/\/www.commoncause.org\/emerging-power\/es\/wp-json\/wp\/v2\/pages\/202\/revisions"}],"predecessor-version":[{"id":1648,"href":"https:\/\/www.commoncause.org\/emerging-power\/es\/wp-json\/wp\/v2\/pages\/202\/revisions\/1648"}],"wp:attachment":[{"href":"https:\/\/www.commoncause.org\/emerging-power\/es\/wp-json\/wp\/v2\/media?parent=202"}],"curies":[{"name":"Gracias","href":"https:\/\/api.w.org\/{rel}","templated":true}]}}