{"id":743,"date":"2024-06-16T14:53:33","date_gmt":"2024-06-16T18:53:33","guid":{"rendered":"https:\/\/www.commoncause.org\/emerging-power\/?page_id=743"},"modified":"2024-06-16T14:53:33","modified_gmt":"2024-06-16T18:53:33","slug":"praktika","status":"publish","type":"page","link":"https:\/\/www.commoncause.org\/emerging-power\/de\/internships\/","title":{"rendered":"Praktika"},"content":{"rendered":"","protected":false},"excerpt":{"rendered":"","protected":false},"author":35,"featured_media":0,"parent":0,"menu_order":0,"comment_status":"closed","ping_status":"closed","template":"","meta":{"_acf_changed":false,"_relevanssi_hide_post":"","_relevanssi_hide_content":"","_relevanssi_pin_for_all":"","_relevanssi_pin_keywords":"","_relevanssi_unpin_keywords":"","_relevanssi_related_keywords":"","_relevanssi_related_include_ids":"","_relevanssi_related_exclude_ids":"","_relevanssi_related_no_append":"","_relevanssi_related_not_related":"","_relevanssi_related_posts":"","_relevanssi_noindex_reason":""},"class_list":["post-743","page","type-page","status-publish","hentry"],"acf":{"header":{"component_page_header":{"header_type":"default","title":"","lead":"Learn more about our current internship opportunities and play an active role in our work to strengthen American democray.","image":19835,"subnavigation":false}},"sidebar":{"helper_enable_sidebar":false,"helper_media_contact":{"heading":"Media Contact","manually_enter_person":false,"person":"","name":"","role":"","phone":"","email":""},"helper_links_downloads":{"heading":"Links & Downloads","links":null}},"page_layout":[{"acf_fc_layout":"layout_wysiwyg","_acfe_flexible_toggle":"","component_wysiwyg":{"content":"Erfahren Sie mehr \u00fcber das Praktikumsprogramm von Common Cause und sehen Sie sich unsere aktuellen Stellenangebote an, um herauszufinden, ob Sie zu uns passen. Sollte keine passende Stelle f\u00fcr Sie dabei sein, f\u00fcllen Sie bitte das Interessensformular aus. Wir benachrichtigen Sie dann, sobald wir Stellen f\u00fcr den n\u00e4chsten Praktikumsjahrgang ausschreiben."}},{"acf_fc_layout":"layout_accordion","_acfe_flexible_toggle":"","component_accordion":{"heading":"Internships","panels":[{"panel_heading":"","panel_copy":""}]}},{"acf_fc_layout":"layout_wysiwyg","_acfe_flexible_toggle":"","component_wysiwyg":{"content":"&nbsp;\r\n<p style=\"text-align: center;\"><a class=\"button1\" role=\"button\" href=\"https:\/\/docs.google.com\/forms\/d\/e\/1FAIpQLSfG7IUoKXyx1_JCKWQnPk1bUlYm0RHVA7zKKRvLolHP9kHTLg\/viewform?usp=sf_link\">Formular f\u00fcr Praktikumsinteressenten<\/a><\/p>\r\n<p style=\"text-align: center;\"><a class=\"button1\" role=\"button\" href=\"https:\/\/www.commoncause.org\/emerging-power\/de\/praktikumsberichte\/\">Praktikumsberichte<\/a><\/p>\r\n&nbsp;"}}]},"yoast_head":"<!-- This site is optimized with the Yoast SEO Premium plugin v26.6 (Yoast SEO v27.1.1) - https:\/\/yoast.com\/product\/yoast-seo-premium-wordpress\/ -->\n<title>Internships - Youth Engagement<\/title>\n<meta name=\"robots\" content=\"index, follow, max-snippet:-1, max-image-preview:large, max-video-preview:-1\" \/>\n<link rel=\"canonical\" href=\"https:\/\/www.commoncause.org\/emerging-power\/de\/praktika\/\" \/>\n<meta property=\"og:locale\" content=\"de_DE\" \/>\n<meta property=\"og:type\" content=\"article\" \/>\n<meta property=\"og:title\" content=\"Internships\" \/>\n<meta property=\"og:url\" content=\"https:\/\/www.commoncause.org\/emerging-power\/de\/praktika\/\" \/>\n<meta property=\"og:site_name\" content=\"Youth Engagement\" \/>\n<meta property=\"og:image\" content=\"https:\/\/www.commoncause.org\/emerging-power\/wp-content\/uploads\/2024\/08\/common-cause-share-image.png\" \/>\n\t<meta property=\"og:image:width\" content=\"1200\" \/>\n\t<meta property=\"og:image:height\" content=\"630\" \/>\n\t<meta property=\"og:image:type\" content=\"image\/png\" \/>\n<meta name=\"twitter:card\" content=\"summary_large_image\" \/>\n<script type=\"application\/ld+json\" class=\"yoast-schema-graph\">{\"@context\":\"https:\/\/schema.org\",\"@graph\":[{\"@type\":\"WebPage\",\"@id\":\"https:\/\/www.commoncause.org\/emerging-power\/internships\/\",\"url\":\"https:\/\/www.commoncause.org\/emerging-power\/internships\/\",\"name\":\"Internships - Youth Engagement\",\"isPartOf\":{\"@id\":\"https:\/\/www.commoncause.org\/emerging-power\/#website\"},\"datePublished\":\"2024-06-16T18:53:33+00:00\",\"breadcrumb\":{\"@id\":\"https:\/\/www.commoncause.org\/emerging-power\/internships\/#breadcrumb\"},\"inLanguage\":\"de\",\"potentialAction\":[{\"@type\":\"ReadAction\",\"target\":[\"https:\/\/www.commoncause.org\/emerging-power\/internships\/\"]}]},{\"@type\":\"BreadcrumbList\",\"@id\":\"https:\/\/www.commoncause.org\/emerging-power\/internships\/#breadcrumb\",\"itemListElement\":[{\"@type\":\"ListItem\",\"position\":1,\"name\":\"Home\",\"item\":\"https:\/\/www.commoncause.org\/emerging-power\/\"},{\"@type\":\"ListItem\",\"position\":2,\"name\":\"Internships\"}]},{\"@type\":\"WebSite\",\"@id\":\"https:\/\/www.commoncause.org\/emerging-power\/#website\",\"url\":\"https:\/\/www.commoncause.org\/emerging-power\/\",\"name\":\"Youth Engagement\",\"description\":\"\",\"potentialAction\":[{\"@type\":\"SearchAction\",\"target\":{\"@type\":\"EntryPoint\",\"urlTemplate\":\"https:\/\/www.commoncause.org\/emerging-power\/?s={search_term_string}\"},\"query-input\":{\"@type\":\"PropertyValueSpecification\",\"valueRequired\":true,\"valueName\":\"search_term_string\"}}],\"inLanguage\":\"de\"}]}<\/script>\n<!-- \/ Yoast SEO Premium plugin. -->","yoast_head_json":{"title":"Praktika - Jugendengagement","robots":{"index":"index","follow":"follow","max-snippet":"max-snippet:-1","max-image-preview":"max-image-preview:large","max-video-preview":"max-video-preview:-1"},"canonical":"https:\/\/www.commoncause.org\/emerging-power\/de\/praktika\/","og_locale":"de_DE","og_type":"article","og_title":"Internships","og_url":"https:\/\/www.commoncause.org\/emerging-power\/de\/praktika\/","og_site_name":"Youth Engagement","og_image":[{"width":1200,"height":630,"url":"https:\/\/www.commoncause.org\/emerging-power\/wp-content\/uploads\/2024\/08\/common-cause-share-image.png","type":"image\/png"}],"twitter_card":"summary_large_image","schema":{"@context":"https:\/\/schema.org","@graph":[{"@type":"WebPage","@id":"https:\/\/www.commoncause.org\/emerging-power\/internships\/","url":"https:\/\/www.commoncause.org\/emerging-power\/internships\/","name":"Praktika - Jugendengagement","isPartOf":{"@id":"https:\/\/www.commoncause.org\/emerging-power\/#website"},"datePublished":"2024-06-16T18:53:33+00:00","breadcrumb":{"@id":"https:\/\/www.commoncause.org\/emerging-power\/internships\/#breadcrumb"},"inLanguage":"de","potentialAction":[{"@type":"ReadAction","target":["https:\/\/www.commoncause.org\/emerging-power\/internships\/"]}]},{"@type":"BreadcrumbList","@id":"https:\/\/www.commoncause.org\/emerging-power\/internships\/#breadcrumb","itemListElement":[{"@type":"ListItem","position":1,"name":"Home","item":"https:\/\/www.commoncause.org\/emerging-power\/"},{"@type":"ListItem","position":2,"name":"Internships"}]},{"@type":"WebSite","@id":"https:\/\/www.commoncause.org\/emerging-power\/#website","url":"https:\/\/www.commoncause.org\/emerging-power\/","name":"Jugendengagement","description":"","potentialAction":[{"@type":"SearchAction","target":{"@type":"EntryPoint","urlTemplate":"https:\/\/www.commoncause.org\/emerging-power\/?s={search_term_string}"},"query-input":{"@type":"PropertyValueSpecification","valueRequired":true,"valueName":"search_term_string"}}],"inLanguage":"de"}]}},"distributor_meta":false,"distributor_terms":false,"distributor_media":false,"distributor_original_site_name":"Youth Engagement","distributor_original_site_url":"https:\/\/www.commoncause.org\/emerging-power\/de","push-errors":false,"_links":{"self":[{"href":"https:\/\/www.commoncause.org\/emerging-power\/de\/wp-json\/wp\/v2\/pages\/743","targetHints":{"allow":["GET"]}}],"collection":[{"href":"https:\/\/www.commoncause.org\/emerging-power\/de\/wp-json\/wp\/v2\/pages"}],"about":[{"href":"https:\/\/www.commoncause.org\/emerging-power\/de\/wp-json\/wp\/v2\/types\/page"}],"author":[{"embeddable":true,"href":"https:\/\/www.commoncause.org\/emerging-power\/de\/wp-json\/wp\/v2\/users\/35"}],"replies":[{"embeddable":true,"href":"https:\/\/www.commoncause.org\/emerging-power\/de\/wp-json\/wp\/v2\/comments?post=743"}],"version-history":[{"count":34,"href":"https:\/\/www.commoncause.org\/emerging-power\/de\/wp-json\/wp\/v2\/pages\/743\/revisions"}],"predecessor-version":[{"id":1667,"href":"https:\/\/www.commoncause.org\/emerging-power\/de\/wp-json\/wp\/v2\/pages\/743\/revisions\/1667"}],"wp:attachment":[{"href":"https:\/\/www.commoncause.org\/emerging-power\/de\/wp-json\/wp\/v2\/media?parent=743"}],"curies":[{"name":"wp","href":"https:\/\/api.w.org\/{rel}","templated":true}]}}