{"id":197,"date":"2024-06-07T15:01:51","date_gmt":"2024-06-07T15:01:51","guid":{"rendered":"https:\/\/www.commoncause.org\/emerging-power\/?page_id=197"},"modified":"2024-08-08T22:10:49","modified_gmt":"2024-08-09T02:10:49","slug":"uber-uns","status":"publish","type":"page","link":"https:\/\/www.commoncause.org\/emerging-power\/de\/about-us\/","title":{"rendered":"\u00dcber uns"},"content":{"rendered":"","protected":false},"excerpt":{"rendered":"","protected":false},"author":2,"featured_media":0,"parent":0,"menu_order":0,"comment_status":"closed","ping_status":"closed","template":"","meta":{"_acf_changed":false,"_relevanssi_hide_post":"","_relevanssi_hide_content":"","_relevanssi_pin_for_all":"","_relevanssi_pin_keywords":"","_relevanssi_unpin_keywords":"","_relevanssi_related_keywords":"","_relevanssi_related_include_ids":"","_relevanssi_related_exclude_ids":"","_relevanssi_related_no_append":"","_relevanssi_related_not_related":"","_relevanssi_related_posts":"","_relevanssi_noindex_reason":""},"class_list":["post-197","page","type-page","status-publish","hentry"],"acf":{"header":{"component_page_header":{"header_type":"background","title":"\u00dcber uns","lead":"We work to strengthen and empower the youth vote.","image":19466,"subnavigation":true}},"sidebar":{"helper_enable_sidebar":false,"helper_media_contact":{"heading":"","manually_enter_person":true,"person":"","name":"Nationales Jugendengagement-Team","role":"","phone":"","email":"youthprograms@commoncause.org"},"helper_links_downloads":{"heading":"","links":null}},"page_layout":[{"acf_fc_layout":"layout_wysiwyg","_acfe_flexible_toggle":"","component_wysiwyg":{"content":"<span style=\"font-weight: 400;\">Die Alliance for Emerging Power ist das Zentrum des Jugendprogramms von Common Cause. Sie umfasst unser Praktikumsprogramm, das HBCU Student Action Alliance Democracy Fellowship, Jugendinitiativen zur Wahlbeteiligung und die Democracy Justice League.<\/span><span style=\"font-weight: 400;\">\r\n<\/span><span style=\"font-weight: 400;\">\r\n<\/span><span style=\"font-weight: 400;\"> Wir arbeiten daran, die n\u00e4chste Generation demokratischer F\u00fchrungspers\u00f6nlichkeiten aufzubauen, indem wir ihre F\u00e4higkeiten in den Bereichen Interessenvertretung und F\u00fchrung st\u00e4rken, ihnen das n\u00f6tige R\u00fcstzeug an die Hand geben, um die M\u00e4chtigen auf ihrem Campus, in ihrer Gemeinde und dar\u00fcber hinaus zur Verantwortung zu ziehen, und ihr Netzwerk erweitern, um sie zu lebenslangen Aktivisten zu machen.<\/span>"}},{"acf_fc_layout":"layout_banner","_acfe_flexible_toggle":"","component_banner":{"use_donate_banner":false,"title":"Support the next generation of [highlight]civic leaders[\/highlight]","button":{"title":"Donate to the Alliance for Emerging Power","url":"https:\/\/www.commoncause.org\/emerging-power\/actions\/aepdonate\/","target":""},"image":""}},{"acf_fc_layout":"layout_two_column_text_and_image","_acfe_flexible_toggle":"","component_two_column_text_and_image":{"heading":"","columns":[{"image":18861,"title":"Our Impact","content":"We provide the necessary resources to empower young people and allow them to champion movements for change. We recruit, train, and mobilize hundreds of young people each semester, providing tools and resources that help young people engage in politics, and we champion legislation that gives young people equal and fair access to the ballot.","link":{"title":"Discover Our Impact","url":"https:\/\/www.commoncause.org\/our-impact\/","target":""}},{"image":18889,"title":"Our internship program","content":"Our interns made great strides to promote democracy and voting rights across the country, putting an emphasis on engaging with states legislatures to become more engaged advocates and organizers in both their local communities and on the national level.\r\n\r\n&nbsp;","link":{"title":"Hear more from our interns","url":"https:\/\/www.commoncause.org\/internship-testimonies\/","target":""}}]}},{"acf_fc_layout":"layout_email_signup","_acfe_flexible_toggle":"","component_email_signup":{"":null,"small_title":"Sign up for emails from the Alliance for Emerging Power","large_title":"Stay connected and up-to-date with the Common Cause Alliance for Emerging Power","action_network_embed":"<script src='https:\/\/act.commoncause.org\/widgets\/v5\/form\/get-updates-from-emerging-power?format=js&source=widget&referrer=group-common-cause-student-action-alliance'><\/script><div id='can-form-area-get-updates-from-emerging-power' style='width: 100%'><!-- this div is the target for our HTML insertion --><\/div>","disclaimer":""}}]},"yoast_head":"<!-- This site is optimized with the Yoast SEO Premium plugin v26.6 (Yoast SEO v27.1.1) - https:\/\/yoast.com\/product\/yoast-seo-premium-wordpress\/ -->\n<title>About Us - Youth Engagement<\/title>\n<meta name=\"robots\" content=\"index, follow, max-snippet:-1, max-image-preview:large, max-video-preview:-1\" \/>\n<link rel=\"canonical\" href=\"https:\/\/www.commoncause.org\/emerging-power\/de\/uber-uns\/\" \/>\n<meta property=\"og:locale\" content=\"de_DE\" \/>\n<meta property=\"og:type\" content=\"article\" \/>\n<meta property=\"og:title\" content=\"About Us\" \/>\n<meta property=\"og:url\" content=\"https:\/\/www.commoncause.org\/emerging-power\/de\/uber-uns\/\" \/>\n<meta property=\"og:site_name\" content=\"Youth Engagement\" \/>\n<meta property=\"article:modified_time\" content=\"2024-08-09T02:10:49+00:00\" \/>\n<meta property=\"og:image\" content=\"https:\/\/www.commoncause.org\/emerging-power\/wp-content\/uploads\/2024\/08\/common-cause-share-image.png\" \/>\n\t<meta property=\"og:image:width\" content=\"1200\" \/>\n\t<meta property=\"og:image:height\" content=\"630\" \/>\n\t<meta property=\"og:image:type\" content=\"image\/png\" \/>\n<meta name=\"twitter:card\" content=\"summary_large_image\" \/>\n<script type=\"application\/ld+json\" class=\"yoast-schema-graph\">{\"@context\":\"https:\/\/schema.org\",\"@graph\":[{\"@type\":\"WebPage\",\"@id\":\"https:\/\/www.commoncause.org\/emerging-power\/about-us\/\",\"url\":\"https:\/\/www.commoncause.org\/emerging-power\/about-us\/\",\"name\":\"About Us - Youth Engagement\",\"isPartOf\":{\"@id\":\"https:\/\/www.commoncause.org\/emerging-power\/#website\"},\"datePublished\":\"2024-06-07T15:01:51+00:00\",\"dateModified\":\"2024-08-09T02:10:49+00:00\",\"breadcrumb\":{\"@id\":\"https:\/\/www.commoncause.org\/emerging-power\/about-us\/#breadcrumb\"},\"inLanguage\":\"de\",\"potentialAction\":[{\"@type\":\"ReadAction\",\"target\":[\"https:\/\/www.commoncause.org\/emerging-power\/about-us\/\"]}]},{\"@type\":\"BreadcrumbList\",\"@id\":\"https:\/\/www.commoncause.org\/emerging-power\/about-us\/#breadcrumb\",\"itemListElement\":[{\"@type\":\"ListItem\",\"position\":1,\"name\":\"Home\",\"item\":\"https:\/\/www.commoncause.org\/emerging-power\/\"},{\"@type\":\"ListItem\",\"position\":2,\"name\":\"About Us\"}]},{\"@type\":\"WebSite\",\"@id\":\"https:\/\/www.commoncause.org\/emerging-power\/#website\",\"url\":\"https:\/\/www.commoncause.org\/emerging-power\/\",\"name\":\"Youth Engagement\",\"description\":\"\",\"potentialAction\":[{\"@type\":\"SearchAction\",\"target\":{\"@type\":\"EntryPoint\",\"urlTemplate\":\"https:\/\/www.commoncause.org\/emerging-power\/?s={search_term_string}\"},\"query-input\":{\"@type\":\"PropertyValueSpecification\",\"valueRequired\":true,\"valueName\":\"search_term_string\"}}],\"inLanguage\":\"de\"}]}<\/script>\n<!-- \/ Yoast SEO Premium plugin. -->","yoast_head_json":{"title":"\u00dcber uns - Jugendengagement","robots":{"index":"index","follow":"follow","max-snippet":"max-snippet:-1","max-image-preview":"max-image-preview:large","max-video-preview":"max-video-preview:-1"},"canonical":"https:\/\/www.commoncause.org\/emerging-power\/de\/uber-uns\/","og_locale":"de_DE","og_type":"article","og_title":"About Us","og_url":"https:\/\/www.commoncause.org\/emerging-power\/de\/uber-uns\/","og_site_name":"Youth Engagement","article_modified_time":"2024-08-09T02:10:49+00:00","og_image":[{"width":1200,"height":630,"url":"https:\/\/www.commoncause.org\/emerging-power\/wp-content\/uploads\/2024\/08\/common-cause-share-image.png","type":"image\/png"}],"twitter_card":"summary_large_image","schema":{"@context":"https:\/\/schema.org","@graph":[{"@type":"WebPage","@id":"https:\/\/www.commoncause.org\/emerging-power\/about-us\/","url":"https:\/\/www.commoncause.org\/emerging-power\/about-us\/","name":"\u00dcber uns - Jugendengagement","isPartOf":{"@id":"https:\/\/www.commoncause.org\/emerging-power\/#website"},"datePublished":"2024-06-07T15:01:51+00:00","dateModified":"2024-08-09T02:10:49+00:00","breadcrumb":{"@id":"https:\/\/www.commoncause.org\/emerging-power\/about-us\/#breadcrumb"},"inLanguage":"de","potentialAction":[{"@type":"ReadAction","target":["https:\/\/www.commoncause.org\/emerging-power\/about-us\/"]}]},{"@type":"BreadcrumbList","@id":"https:\/\/www.commoncause.org\/emerging-power\/about-us\/#breadcrumb","itemListElement":[{"@type":"ListItem","position":1,"name":"Home","item":"https:\/\/www.commoncause.org\/emerging-power\/"},{"@type":"ListItem","position":2,"name":"About Us"}]},{"@type":"WebSite","@id":"https:\/\/www.commoncause.org\/emerging-power\/#website","url":"https:\/\/www.commoncause.org\/emerging-power\/","name":"Jugendengagement","description":"","potentialAction":[{"@type":"SearchAction","target":{"@type":"EntryPoint","urlTemplate":"https:\/\/www.commoncause.org\/emerging-power\/?s={search_term_string}"},"query-input":{"@type":"PropertyValueSpecification","valueRequired":true,"valueName":"search_term_string"}}],"inLanguage":"de"}]}},"distributor_meta":false,"distributor_terms":false,"distributor_media":false,"distributor_original_site_name":"Youth Engagement","distributor_original_site_url":"https:\/\/www.commoncause.org\/emerging-power\/de","push-errors":false,"_links":{"self":[{"href":"https:\/\/www.commoncause.org\/emerging-power\/de\/wp-json\/wp\/v2\/pages\/197","targetHints":{"allow":["GET"]}}],"collection":[{"href":"https:\/\/www.commoncause.org\/emerging-power\/de\/wp-json\/wp\/v2\/pages"}],"about":[{"href":"https:\/\/www.commoncause.org\/emerging-power\/de\/wp-json\/wp\/v2\/types\/page"}],"author":[{"embeddable":true,"href":"https:\/\/www.commoncause.org\/emerging-power\/de\/wp-json\/wp\/v2\/users\/2"}],"replies":[{"embeddable":true,"href":"https:\/\/www.commoncause.org\/emerging-power\/de\/wp-json\/wp\/v2\/comments?post=197"}],"version-history":[{"count":42,"href":"https:\/\/www.commoncause.org\/emerging-power\/de\/wp-json\/wp\/v2\/pages\/197\/revisions"}],"predecessor-version":[{"id":1100,"href":"https:\/\/www.commoncause.org\/emerging-power\/de\/wp-json\/wp\/v2\/pages\/197\/revisions\/1100"}],"wp:attachment":[{"href":"https:\/\/www.commoncause.org\/emerging-power\/de\/wp-json\/wp\/v2\/media?parent=197"}],"curies":[{"name":"wp","href":"https:\/\/api.w.org\/{rel}","templated":true}]}}