{"id":1224,"date":"2024-09-10T16:26:06","date_gmt":"2024-09-10T20:26:06","guid":{"rendered":"https:\/\/www.commoncause.org\/emerging-power\/voting-tools\/"},"modified":"2024-09-10T16:26:06","modified_gmt":"2024-09-10T20:26:06","slug":"abstimmungstools","status":"publish","type":"page","link":"https:\/\/www.commoncause.org\/emerging-power\/de\/voting-tools\/","title":{"rendered":"Abstimmungstools"},"content":{"rendered":"","protected":false},"excerpt":{"rendered":"","protected":false},"author":35,"featured_media":0,"parent":0,"menu_order":0,"comment_status":"closed","ping_status":"closed","template":"","meta":{"_acf_changed":false,"_relevanssi_hide_post":"","_relevanssi_hide_content":"","_relevanssi_pin_for_all":"","_relevanssi_pin_keywords":"","_relevanssi_unpin_keywords":"","_relevanssi_related_keywords":"","_relevanssi_related_include_ids":"","_relevanssi_related_exclude_ids":"","_relevanssi_related_no_append":"","_relevanssi_related_not_related":"","_relevanssi_related_posts":"","_relevanssi_noindex_reason":""},"class_list":["post-1224","page","type-page","status-publish","hentry"],"acf":{"header":{"component_page_header":{"header_type":"default","title":"Abstimmungstools","lead":"The freedom to have your voice heard is about determining the future for our families, communities, and country. Use these secure, free voting tools to register to vote, check your registration status, request and absentee ballot, and more.","image":5447,"subnavigation":false}},"sidebar":{"helper_enable_sidebar":false,"helper_media_contact":{"heading":"Media Contact","manually_enter_person":false,"person":"","name":"","role":"","phone":"","email":""},"helper_links_downloads":{"heading":"Links & Downloads","links":null}},"page_layout":[{"acf_fc_layout":"layout_wysiwyg","_acfe_flexible_toggle":"","component_wysiwyg":{"content":"Als Amerikaner ist unser Wahlrecht ein Recht und eine Verantwortung. Unsere Demokratie ist st\u00e4rker, wenn alle Wahlberechtigten teilnehmen und darauf vertrauen k\u00f6nnen, dass ihre Stimme gez\u00e4hlt wird, der Wahlprozess sicher ist und jeder, der unsere Wahlen manipuliert, zur Rechenschaft gezogen wird. Nutzen Sie unsere Tools, um sich als W\u00e4hler zu registrieren, Ihren Registrierungsstatus zu \u00fcberpr\u00fcfen und vieles mehr. Sie k\u00f6nnen auch<a href=\"https:\/\/www.commoncause.org\/emerging-power\/de\/find-your-representative\/\"> Finden Sie hier Ihre Vertretungen<\/a>."}},{"acf_fc_layout":"layout_related_resources","_acfe_flexible_toggle":"","component_related_resources":{"heading":"Voting Tools","resources":["{\"site_id\":\"1\",\"post_type\":\"resource\",\"post_id\":17000}","{\"site_id\":\"1\",\"post_type\":\"resource\",\"post_id\":17002}","{\"site_id\":\"1\",\"post_type\":\"resource\",\"post_id\":16031}","{\"site_id\":\"1\",\"post_type\":\"resource\",\"post_id\":17009}","{\"site_id\":\"1\",\"post_type\":\"resource\",\"post_id\":16055}","{\"site_id\":\"1\",\"post_type\":\"resource\",\"post_id\":17005}"]}}]},"yoast_head":"<!-- This site is optimized with the Yoast SEO Premium plugin v26.6 (Yoast SEO v27.1.1) - https:\/\/yoast.com\/product\/yoast-seo-premium-wordpress\/ -->\n<title>Voting Tools - Youth Engagement<\/title>\n<meta name=\"robots\" content=\"index, follow, max-snippet:-1, max-image-preview:large, max-video-preview:-1\" \/>\n<link rel=\"canonical\" href=\"https:\/\/www.commoncause.org\/emerging-power\/de\/research-and-resources\/abstimmungstools\/\" \/>\n<meta property=\"og:locale\" content=\"de_DE\" \/>\n<meta property=\"og:type\" content=\"article\" \/>\n<meta property=\"og:title\" content=\"Voting Tools\" \/>\n<meta property=\"og:url\" content=\"https:\/\/www.commoncause.org\/emerging-power\/de\/abstimmungstools\/\" \/>\n<meta property=\"og:site_name\" content=\"Youth Engagement\" \/>\n<meta property=\"og:image\" content=\"https:\/\/www.commoncause.org\/emerging-power\/wp-content\/uploads\/2025\/03\/GettyImages-138711477-scaled.jpg\" \/>\n\t<meta property=\"og:image:width\" content=\"2560\" \/>\n\t<meta property=\"og:image:height\" content=\"2346\" \/>\n\t<meta property=\"og:image:type\" content=\"image\/jpeg\" \/>\n<meta name=\"twitter:card\" content=\"summary_large_image\" \/>\n<script type=\"application\/ld+json\" class=\"yoast-schema-graph\">{\"@context\":\"https:\/\/schema.org\",\"@graph\":[{\"@type\":\"WebPage\",\"@id\":\"https:\/\/www.commoncause.org\/emerging-power\/voting-tools\/\",\"url\":\"https:\/\/www.commoncause.org\/emerging-power\/voting-tools\/\",\"name\":\"Voting Tools - Youth Engagement\",\"isPartOf\":{\"@id\":\"https:\/\/www.commoncause.org\/emerging-power\/#website\"},\"datePublished\":\"2024-09-10T20:26:06+00:00\",\"breadcrumb\":{\"@id\":\"https:\/\/www.commoncause.org\/emerging-power\/voting-tools\/#breadcrumb\"},\"inLanguage\":\"de\",\"potentialAction\":[{\"@type\":\"ReadAction\",\"target\":[\"https:\/\/www.commoncause.org\/emerging-power\/voting-tools\/\"]}]},{\"@type\":\"BreadcrumbList\",\"@id\":\"https:\/\/www.commoncause.org\/emerging-power\/voting-tools\/#breadcrumb\",\"itemListElement\":[{\"@type\":\"ListItem\",\"position\":1,\"name\":\"Home\",\"item\":\"https:\/\/www.commoncause.org\/emerging-power\/\"},{\"@type\":\"ListItem\",\"position\":2,\"name\":\"Voting Tools\"}]},{\"@type\":\"WebSite\",\"@id\":\"https:\/\/www.commoncause.org\/emerging-power\/#website\",\"url\":\"https:\/\/www.commoncause.org\/emerging-power\/\",\"name\":\"Youth Engagement\",\"description\":\"\",\"potentialAction\":[{\"@type\":\"SearchAction\",\"target\":{\"@type\":\"EntryPoint\",\"urlTemplate\":\"https:\/\/www.commoncause.org\/emerging-power\/?s={search_term_string}\"},\"query-input\":{\"@type\":\"PropertyValueSpecification\",\"valueRequired\":true,\"valueName\":\"search_term_string\"}}],\"inLanguage\":\"de\"}]}<\/script>\n<!-- \/ Yoast SEO Premium plugin. -->","yoast_head_json":{"title":"Abstimmungstools \u2013 Jugendengagement","robots":{"index":"index","follow":"follow","max-snippet":"max-snippet:-1","max-image-preview":"max-image-preview:large","max-video-preview":"max-video-preview:-1"},"canonical":"https:\/\/www.commoncause.org\/emerging-power\/de\/research-and-resources\/abstimmungstools\/","og_locale":"de_DE","og_type":"article","og_title":"Voting Tools","og_url":"https:\/\/www.commoncause.org\/emerging-power\/de\/abstimmungstools\/","og_site_name":"Youth Engagement","og_image":[{"width":2560,"height":2346,"url":"https:\/\/www.commoncause.org\/emerging-power\/wp-content\/uploads\/2025\/03\/GettyImages-138711477-scaled.jpg","type":"image\/jpeg"}],"twitter_card":"summary_large_image","schema":{"@context":"https:\/\/schema.org","@graph":[{"@type":"WebPage","@id":"https:\/\/www.commoncause.org\/emerging-power\/voting-tools\/","url":"https:\/\/www.commoncause.org\/emerging-power\/voting-tools\/","name":"Abstimmungstools \u2013 Jugendengagement","isPartOf":{"@id":"https:\/\/www.commoncause.org\/emerging-power\/#website"},"datePublished":"2024-09-10T20:26:06+00:00","breadcrumb":{"@id":"https:\/\/www.commoncause.org\/emerging-power\/voting-tools\/#breadcrumb"},"inLanguage":"de","potentialAction":[{"@type":"ReadAction","target":["https:\/\/www.commoncause.org\/emerging-power\/voting-tools\/"]}]},{"@type":"BreadcrumbList","@id":"https:\/\/www.commoncause.org\/emerging-power\/voting-tools\/#breadcrumb","itemListElement":[{"@type":"ListItem","position":1,"name":"Home","item":"https:\/\/www.commoncause.org\/emerging-power\/"},{"@type":"ListItem","position":2,"name":"Voting Tools"}]},{"@type":"WebSite","@id":"https:\/\/www.commoncause.org\/emerging-power\/#website","url":"https:\/\/www.commoncause.org\/emerging-power\/","name":"Jugendengagement","description":"","potentialAction":[{"@type":"SearchAction","target":{"@type":"EntryPoint","urlTemplate":"https:\/\/www.commoncause.org\/emerging-power\/?s={search_term_string}"},"query-input":{"@type":"PropertyValueSpecification","valueRequired":true,"valueName":"search_term_string"}}],"inLanguage":"de"}]}},"distributor_meta":false,"distributor_terms":false,"distributor_media":false,"distributor_original_site_name":"Youth Engagement","distributor_original_site_url":"https:\/\/www.commoncause.org\/emerging-power\/de","push-errors":false,"_links":{"self":[{"href":"https:\/\/www.commoncause.org\/emerging-power\/de\/wp-json\/wp\/v2\/pages\/1224","targetHints":{"allow":["GET"]}}],"collection":[{"href":"https:\/\/www.commoncause.org\/emerging-power\/de\/wp-json\/wp\/v2\/pages"}],"about":[{"href":"https:\/\/www.commoncause.org\/emerging-power\/de\/wp-json\/wp\/v2\/types\/page"}],"author":[{"embeddable":true,"href":"https:\/\/www.commoncause.org\/emerging-power\/de\/wp-json\/wp\/v2\/users\/35"}],"replies":[{"embeddable":true,"href":"https:\/\/www.commoncause.org\/emerging-power\/de\/wp-json\/wp\/v2\/comments?post=1224"}],"version-history":[{"count":1,"href":"https:\/\/www.commoncause.org\/emerging-power\/de\/wp-json\/wp\/v2\/pages\/1224\/revisions"}],"predecessor-version":[{"id":1296,"href":"https:\/\/www.commoncause.org\/emerging-power\/de\/wp-json\/wp\/v2\/pages\/1224\/revisions\/1296"}],"wp:attachment":[{"href":"https:\/\/www.commoncause.org\/emerging-power\/de\/wp-json\/wp\/v2\/media?parent=1224"}],"curies":[{"name":"wp","href":"https:\/\/api.w.org\/{rel}","templated":true}]}}