{"id":47,"date":"2024-05-07T15:22:52","date_gmt":"2024-05-07T15:22:52","guid":{"rendered":"https:\/\/www.commoncause.org\/delaware\/home\/"},"modified":"2025-01-14T14:49:06","modified_gmt":"2025-01-14T19:49:06","slug":"heim","status":"publish","type":"page","link":"https:\/\/www.commoncause.org\/delaware\/de\/","title":{"rendered":"Heim"},"content":{"rendered":"","protected":false},"excerpt":{"rendered":"","protected":false},"author":2,"featured_media":0,"parent":0,"menu_order":0,"comment_status":"closed","ping_status":"closed","template":"","meta":{"_acf_changed":false,"_relevanssi_hide_post":"","_relevanssi_hide_content":"","_relevanssi_pin_for_all":"","_relevanssi_pin_keywords":"","_relevanssi_unpin_keywords":"","_relevanssi_related_keywords":"","_relevanssi_related_include_ids":"","_relevanssi_related_exclude_ids":"","_relevanssi_related_no_append":"","_relevanssi_related_not_related":"","_relevanssi_related_posts":"","_relevanssi_noindex_reason":""},"class_list":["post-47","page","type-page","status-publish","hentry"],"acf":{"page_layout":[{"acf_fc_layout":"layout_latest_victory","_acfe_flexible_toggle":"","component_latest_victory":{"manually_curate":true,"latest_content":"article","button_text":"Read About Our Victory","title":"Wir verklagen Trump.","summary":"Donald Trump wants to control the outcome of the 2026 midterms. We're taking him to court over his attack on our right to vote by mail.","button":{"title":"Read More","url":"https:\/\/www.commoncause.org\/press\/civil-rights-groups-sue-to-stop-trump-order-on-mail-in-ballots\/","target":""},"image":25609,"darker":true}},{"acf_fc_layout":"layout_featured_work","_acfe_flexible_toggle":"","component_featured_work":{"content_type":"work","button_text":"Read More","secondary_link":"","manually_curate":true,"small_title":"","large_title":"Trump\u2019s Iran War is Illegal, and Congress Must Stop It. ","summary":"Common Cause is calling on Congress to assert its constitutional authority and hold the Trump Administration accountable for its unauthorized and illegal use of U.S. military forces in Iran.","button":{"title":"Read More","url":"https:\/\/www.commoncause.org\/resources\/trumps-iran-war-is-illegal-and-congress-must-stop-it\/","target":""},"small_link":{"title":"All Priorities","url":"https:\/\/www.commoncause.org\/priorities\/","target":""},"image":2386}},{"acf_fc_layout":"layout_about_us","_acfe_flexible_toggle":"","component_about_us":{"intro_title":"About Us","main_title":"Building a Government that Works for [highlight]All of Us[\/highlight]","summary":"With the support of over 1.5 million members, Common Cause wins concrete, pro-democracy reforms that break down barriers to participation, promote accountability, and ensure that each of us has a voice.","button":{"title":"Discover Our Impact","url":"https:\/\/www.commoncause.org\/our-impact\/","target":""},"image":18922}},{"acf_fc_layout":"layout_featured_action","_acfe_flexible_toggle":"","component_featured_action":{"action_to_show":"latest","image_side":"right","action":["{\"site_id\":\"1\",\"post_type\":\"act\",\"post_id\":56564}"],"title":"Stoppt Matt Gaetz","summary":"Rep. Matt Gaetz is an election denier and far-right ideologue who belongs nowhere near the Department of Justice.\r\n\r\nHe has proven time and time again that he is not fit to carry out the DOJ\u2019s duty to protect voting rights and civil rights for all Americans. The Senate must REJECT his nomination for Attorney General.","post_link":{"title":"Take Action","url":"https:\/\/act.commoncause.org\/petitions\/urge-the-senate-to-reject-matt-gaetz-for-ag\/","target":"_blank"},"secondary_link":""}},{"acf_fc_layout":"layout_email_signup","_acfe_flexible_toggle":"","component_email_signup":{"":null,"small_title":"Sign up for breaking news and action alerts about democracy in your state and nationwide.","large_title":"JOIN OUR MOVEMENT","action_network_embed":"","disclaimer":"*By providing your phone number, you are consenting to receive mobile alerts from Common Cause at 95559. Message and data rates apply. Reply STOP to unsubscribe."}},{"acf_fc_layout":"layout_statistics","_acfe_flexible_toggle":"","component_statistics":{"title":"Common Cause ist eine \u00fcberparteiliche Organisation mit Mitgliedern in jedem Kongresswahlbezirk.","statistics":[{"component_statistic":{"number":"25","text":"State organizations","source":"Our local experts are on the ground, fighting for open and accountable democracy."}},{"component_statistic":{"number":"50+","text":"Years of victories","source":"Since 1970, we have won some of the nation's most impactful reforms."}}]}},{"acf_fc_layout":"layout_map","_acfe_flexible_toggle":"","component_map":{"":null}}]},"yoast_head":"<!-- This site is optimized with the Yoast SEO Premium plugin v26.6 (Yoast SEO v27.1.1) - https:\/\/yoast.com\/product\/yoast-seo-premium-wordpress\/ -->\n<title>Common Cause: Fighting For The Democracy We Deserve - Common Cause Delaware<\/title>\n<meta name=\"description\" content=\"With the support of over 1.5 million members, Common Cause wins concrete, pro-democracy reforms that break down barriers to participation, promote accountability, and ensure that each of us has a voice.\" \/>\n<meta name=\"robots\" content=\"index, follow, max-snippet:-1, max-image-preview:large, max-video-preview:-1\" \/>\n<link rel=\"canonical\" href=\"https:\/\/www.commoncause.org\/delaware\/de\/\" \/>\n<meta property=\"og:locale\" content=\"de_DE\" \/>\n<meta property=\"og:type\" content=\"article\" \/>\n<meta property=\"og:title\" content=\"Home\" \/>\n<meta property=\"og:description\" content=\"With the support of over 1.5 million members, Common Cause wins concrete, pro-democracy reforms that break down barriers to participation, promote accountability, and ensure that each of us has a voice.\" \/>\n<meta property=\"og:url\" content=\"https:\/\/www.commoncause.org\/delaware\/de\/\" \/>\n<meta property=\"og:site_name\" content=\"Common Cause Delaware\" \/>\n<meta property=\"article:modified_time\" content=\"2025-01-14T19:49:06+00:00\" \/>\n<meta property=\"og:image\" content=\"https:\/\/www.commoncause.org\/delaware\/wp-content\/uploads\/2024\/08\/common-cause-share-image.png\" \/>\n\t<meta property=\"og:image:width\" content=\"1200\" \/>\n\t<meta property=\"og:image:height\" content=\"630\" \/>\n\t<meta property=\"og:image:type\" content=\"image\/png\" \/>\n<meta name=\"twitter:card\" content=\"summary_large_image\" \/>\n<script type=\"application\/ld+json\" class=\"yoast-schema-graph\">{\"@context\":\"https:\/\/schema.org\",\"@graph\":[{\"@type\":\"WebPage\",\"@id\":\"https:\/\/www.commoncause.org\/delaware\/\",\"url\":\"https:\/\/www.commoncause.org\/delaware\/\",\"name\":\"Common Cause: Fighting For The Democracy We Deserve - Common Cause Delaware\",\"isPartOf\":{\"@id\":\"https:\/\/www.commoncause.org\/delaware\/#website\"},\"datePublished\":\"2024-05-07T15:22:52+00:00\",\"dateModified\":\"2025-01-14T19:49:06+00:00\",\"description\":\"With the support of over 1.5 million members, Common Cause wins concrete, pro-democracy reforms that break down barriers to participation, promote accountability, and ensure that each of us has a voice.\",\"breadcrumb\":{\"@id\":\"https:\/\/www.commoncause.org\/delaware\/#breadcrumb\"},\"inLanguage\":\"de\",\"potentialAction\":[{\"@type\":\"ReadAction\",\"target\":[\"https:\/\/www.commoncause.org\/delaware\/\"]}]},{\"@type\":\"BreadcrumbList\",\"@id\":\"https:\/\/www.commoncause.org\/delaware\/#breadcrumb\",\"itemListElement\":[{\"@type\":\"ListItem\",\"position\":1,\"name\":\"Home\",\"item\":\"https:\/\/www.commoncause.org\/delaware\/\"},{\"@type\":\"ListItem\",\"position\":2,\"name\":\"Home\"}]},{\"@type\":\"WebSite\",\"@id\":\"https:\/\/www.commoncause.org\/delaware\/#website\",\"url\":\"https:\/\/www.commoncause.org\/delaware\/\",\"name\":\"Common Cause Delaware\",\"description\":\"\",\"potentialAction\":[{\"@type\":\"SearchAction\",\"target\":{\"@type\":\"EntryPoint\",\"urlTemplate\":\"https:\/\/www.commoncause.org\/delaware\/?s={search_term_string}\"},\"query-input\":{\"@type\":\"PropertyValueSpecification\",\"valueRequired\":true,\"valueName\":\"search_term_string\"}}],\"inLanguage\":\"de\"}]}<\/script>\n<!-- \/ Yoast SEO Premium plugin. -->","yoast_head_json":{"title":"Gemeinsame Sache: Wir k\u00e4mpfen f\u00fcr die Demokratie, die wir verdienen - Common Cause Delaware","description":"Mit der Unterst\u00fctzung von \u00fcber 1,5 Millionen Mitgliedern erwirkt Common Cause konkrete, demokratische Reformen, die Beteiligungshindernisse abbauen, die Rechenschaftspflicht f\u00f6rdern und sicherstellen, dass jeder von uns eine Stimme hat.","robots":{"index":"index","follow":"follow","max-snippet":"max-snippet:-1","max-image-preview":"max-image-preview:large","max-video-preview":"max-video-preview:-1"},"canonical":"https:\/\/www.commoncause.org\/delaware\/de\/","og_locale":"de_DE","og_type":"article","og_title":"Home","og_description":"With the support of over 1.5 million members, Common Cause wins concrete, pro-democracy reforms that break down barriers to participation, promote accountability, and ensure that each of us has a voice.","og_url":"https:\/\/www.commoncause.org\/delaware\/de\/","og_site_name":"Common Cause Delaware","article_modified_time":"2025-01-14T19:49:06+00:00","og_image":[{"width":1200,"height":630,"url":"https:\/\/www.commoncause.org\/delaware\/wp-content\/uploads\/2024\/08\/common-cause-share-image.png","type":"image\/png"}],"twitter_card":"summary_large_image","schema":{"@context":"https:\/\/schema.org","@graph":[{"@type":"WebPage","@id":"https:\/\/www.commoncause.org\/delaware\/","url":"https:\/\/www.commoncause.org\/delaware\/","name":"Gemeinsame Sache: Wir k\u00e4mpfen f\u00fcr die Demokratie, die wir verdienen - Common Cause Delaware","isPartOf":{"@id":"https:\/\/www.commoncause.org\/delaware\/#website"},"datePublished":"2024-05-07T15:22:52+00:00","dateModified":"2025-01-14T19:49:06+00:00","description":"Mit der Unterst\u00fctzung von \u00fcber 1,5 Millionen Mitgliedern erwirkt Common Cause konkrete, demokratische Reformen, die Beteiligungshindernisse abbauen, die Rechenschaftspflicht f\u00f6rdern und sicherstellen, dass jeder von uns eine Stimme hat.","breadcrumb":{"@id":"https:\/\/www.commoncause.org\/delaware\/#breadcrumb"},"inLanguage":"de","potentialAction":[{"@type":"ReadAction","target":["https:\/\/www.commoncause.org\/delaware\/"]}]},{"@type":"BreadcrumbList","@id":"https:\/\/www.commoncause.org\/delaware\/#breadcrumb","itemListElement":[{"@type":"ListItem","position":1,"name":"Home","item":"https:\/\/www.commoncause.org\/delaware\/"},{"@type":"ListItem","position":2,"name":"Home"}]},{"@type":"WebSite","@id":"https:\/\/www.commoncause.org\/delaware\/#website","url":"https:\/\/www.commoncause.org\/delaware\/","name":"Gemeinsame Sache, Delaware","description":"","potentialAction":[{"@type":"SearchAction","target":{"@type":"EntryPoint","urlTemplate":"https:\/\/www.commoncause.org\/delaware\/?s={search_term_string}"},"query-input":{"@type":"PropertyValueSpecification","valueRequired":true,"valueName":"search_term_string"}}],"inLanguage":"de"}]}},"distributor_meta":false,"distributor_terms":false,"distributor_media":false,"distributor_original_site_name":"Common Cause Delaware","distributor_original_site_url":"https:\/\/www.commoncause.org\/delaware\/de","push-errors":false,"_links":{"self":[{"href":"https:\/\/www.commoncause.org\/delaware\/de\/wp-json\/wp\/v2\/pages\/47","targetHints":{"allow":["GET"]}}],"collection":[{"href":"https:\/\/www.commoncause.org\/delaware\/de\/wp-json\/wp\/v2\/pages"}],"about":[{"href":"https:\/\/www.commoncause.org\/delaware\/de\/wp-json\/wp\/v2\/types\/page"}],"author":[{"embeddable":true,"href":"https:\/\/www.commoncause.org\/delaware\/de\/wp-json\/wp\/v2\/users\/2"}],"replies":[{"embeddable":true,"href":"https:\/\/www.commoncause.org\/delaware\/de\/wp-json\/wp\/v2\/comments?post=47"}],"version-history":[{"count":154,"href":"https:\/\/www.commoncause.org\/delaware\/de\/wp-json\/wp\/v2\/pages\/47\/revisions"}],"predecessor-version":[{"id":1901,"href":"https:\/\/www.commoncause.org\/delaware\/de\/wp-json\/wp\/v2\/pages\/47\/revisions\/1901"}],"wp:attachment":[{"href":"https:\/\/www.commoncause.org\/delaware\/de\/wp-json\/wp\/v2\/media?parent=47"}],"curies":[{"name":"wp","href":"https:\/\/api.w.org\/{rel}","templated":true}]}}