{"id":20,"date":"2024-05-07T13:45:33","date_gmt":"2024-05-07T13:45:33","guid":{"rendered":"https:\/\/www.commoncause.org\/delaware\/about-us\/"},"modified":"2024-06-06T18:24:27","modified_gmt":"2024-06-06T18:24:27","slug":"uber-uns","status":"publish","type":"page","link":"https:\/\/www.commoncause.org\/delaware\/de\/about-us\/","title":{"rendered":"\u00dcber uns"},"content":{"rendered":"","protected":false},"excerpt":{"rendered":"","protected":false},"author":2,"featured_media":0,"parent":0,"menu_order":0,"comment_status":"closed","ping_status":"closed","template":"","meta":{"_acf_changed":false,"_relevanssi_hide_post":"","_relevanssi_hide_content":"","_relevanssi_pin_for_all":"","_relevanssi_pin_keywords":"","_relevanssi_unpin_keywords":"","_relevanssi_related_keywords":"","_relevanssi_related_include_ids":"","_relevanssi_related_exclude_ids":"","_relevanssi_related_no_append":"","_relevanssi_related_not_related":"","_relevanssi_related_posts":"","_relevanssi_noindex_reason":""},"class_list":["post-20","page","type-page","status-publish","hentry"],"acf":{"header":{"component_page_header":{"header_type":"default","title":"\u00dcber uns","lead":"","image":18857,"subnavigation":true}},"sidebar":{"helper_enable_sidebar":false,"helper_media_contact":{"heading":"","manually_enter_person":false,"person":"","name":"","role":"","phone":"","email":""},"helper_links_downloads":{"heading":"","links":null}},"page_layout":[{"acf_fc_layout":"layout_wysiwyg","_acfe_flexible_toggle":"","component_wysiwyg":{"content":"Wir setzen unsere bew\u00e4hrte politische Expertise, unser Netzwerk an Unterst\u00fctzern an der Basis und unseren \u00fcberparteilichen Ansatz ein, um unsere Demokratie angesichts der aktuellen Herausforderungen zu st\u00e4rken. Wir engagieren uns in ganz Delaware f\u00fcr Priorit\u00e4ten, die unser aller Leben betreffen \u2013 wie die Verteidigung des Wahlrechts, mehr Rechenschaftspflicht der Regierung, mehr Transparenz und vieles mehr. Wenn wir, die B\u00fcrgerinnen und B\u00fcrger, zusammenkommen, k\u00f6nnen wir etwas bewegen und nachhaltig etwas bewirken. Werden Sie Teil von Common Cause Delaware und schlie\u00dfen Sie sich einer starken Bewegung an, die sich f\u00fcr eine Demokratie einsetzt, in der alle Einwohnerinnen und Einwohner Delawares bei den Entscheidungen, die unsere Zukunft gestalten, mitbestimmen k\u00f6nnen."}},{"acf_fc_layout":"layout_image_and_text","_acfe_flexible_toggle":"","component_image_and_text":{"manually_curate":true,"image_side":"left","row_color":"blue","work":null,"kicker_text":"Our Impact ","title":"Common Cause Delaware und unsere Mitglieder k\u00e4mpfen f\u00fcr die Demokratie, die wir verdienen.","summary":"Common Cause Delaware knows how to win reforms that reach every corner of our state. We lead the most important fights for our democracy, no matter where they take place. Learn more about some of our key victories\u2014and how you can play a meaningful role in the fight for an open, honest, and accountable government.","image":18853,"post_link":{"title":"Our Impact","url":"https:\/\/www.commoncause.org\/delaware\/our-impact\/","target":""},"button_text":"Discover Our Impact","secondary_link":""}}]},"yoast_head":"<!-- This site is optimized with the Yoast SEO Premium plugin v26.6 (Yoast SEO v27.1.1) - https:\/\/yoast.com\/product\/yoast-seo-premium-wordpress\/ -->\n<title>About Us - Common Cause Delaware<\/title>\n<meta name=\"robots\" content=\"index, follow, max-snippet:-1, max-image-preview:large, max-video-preview:-1\" \/>\n<link rel=\"canonical\" href=\"https:\/\/www.commoncause.org\/delaware\/de\/uber-uns\/\" \/>\n<meta property=\"og:locale\" content=\"de_DE\" \/>\n<meta property=\"og:type\" content=\"article\" \/>\n<meta property=\"og:title\" content=\"About Us\" \/>\n<meta property=\"og:url\" content=\"https:\/\/www.commoncause.org\/delaware\/de\/uber-uns\/\" \/>\n<meta property=\"og:site_name\" content=\"Common Cause Delaware\" \/>\n<meta property=\"article:modified_time\" content=\"2024-06-06T18:24:27+00:00\" \/>\n<meta property=\"og:image\" content=\"https:\/\/www.commoncause.org\/delaware\/wp-content\/uploads\/2024\/08\/common-cause-share-image.png\" \/>\n\t<meta property=\"og:image:width\" content=\"1200\" \/>\n\t<meta property=\"og:image:height\" content=\"630\" \/>\n\t<meta property=\"og:image:type\" content=\"image\/png\" \/>\n<meta name=\"twitter:card\" content=\"summary_large_image\" \/>\n<script type=\"application\/ld+json\" class=\"yoast-schema-graph\">{\"@context\":\"https:\/\/schema.org\",\"@graph\":[{\"@type\":\"WebPage\",\"@id\":\"https:\/\/www.commoncause.org\/delaware\/about-us\/\",\"url\":\"https:\/\/www.commoncause.org\/delaware\/about-us\/\",\"name\":\"About Us - Common Cause Delaware\",\"isPartOf\":{\"@id\":\"https:\/\/www.commoncause.org\/delaware\/#website\"},\"datePublished\":\"2024-05-07T13:45:33+00:00\",\"dateModified\":\"2024-06-06T18:24:27+00:00\",\"breadcrumb\":{\"@id\":\"https:\/\/www.commoncause.org\/delaware\/about-us\/#breadcrumb\"},\"inLanguage\":\"de\",\"potentialAction\":[{\"@type\":\"ReadAction\",\"target\":[\"https:\/\/www.commoncause.org\/delaware\/about-us\/\"]}]},{\"@type\":\"BreadcrumbList\",\"@id\":\"https:\/\/www.commoncause.org\/delaware\/about-us\/#breadcrumb\",\"itemListElement\":[{\"@type\":\"ListItem\",\"position\":1,\"name\":\"Home\",\"item\":\"https:\/\/www.commoncause.org\/delaware\/\"},{\"@type\":\"ListItem\",\"position\":2,\"name\":\"About Us\"}]},{\"@type\":\"WebSite\",\"@id\":\"https:\/\/www.commoncause.org\/delaware\/#website\",\"url\":\"https:\/\/www.commoncause.org\/delaware\/\",\"name\":\"Common Cause Delaware\",\"description\":\"\",\"potentialAction\":[{\"@type\":\"SearchAction\",\"target\":{\"@type\":\"EntryPoint\",\"urlTemplate\":\"https:\/\/www.commoncause.org\/delaware\/?s={search_term_string}\"},\"query-input\":{\"@type\":\"PropertyValueSpecification\",\"valueRequired\":true,\"valueName\":\"search_term_string\"}}],\"inLanguage\":\"de\"}]}<\/script>\n<!-- \/ Yoast SEO Premium plugin. -->","yoast_head_json":{"title":"\u00dcber uns - Common Cause Delaware","robots":{"index":"index","follow":"follow","max-snippet":"max-snippet:-1","max-image-preview":"max-image-preview:large","max-video-preview":"max-video-preview:-1"},"canonical":"https:\/\/www.commoncause.org\/delaware\/de\/uber-uns\/","og_locale":"de_DE","og_type":"article","og_title":"About Us","og_url":"https:\/\/www.commoncause.org\/delaware\/de\/uber-uns\/","og_site_name":"Common Cause Delaware","article_modified_time":"2024-06-06T18:24:27+00:00","og_image":[{"width":1200,"height":630,"url":"https:\/\/www.commoncause.org\/delaware\/wp-content\/uploads\/2024\/08\/common-cause-share-image.png","type":"image\/png"}],"twitter_card":"summary_large_image","schema":{"@context":"https:\/\/schema.org","@graph":[{"@type":"WebPage","@id":"https:\/\/www.commoncause.org\/delaware\/about-us\/","url":"https:\/\/www.commoncause.org\/delaware\/about-us\/","name":"\u00dcber uns - Common Cause Delaware","isPartOf":{"@id":"https:\/\/www.commoncause.org\/delaware\/#website"},"datePublished":"2024-05-07T13:45:33+00:00","dateModified":"2024-06-06T18:24:27+00:00","breadcrumb":{"@id":"https:\/\/www.commoncause.org\/delaware\/about-us\/#breadcrumb"},"inLanguage":"de","potentialAction":[{"@type":"ReadAction","target":["https:\/\/www.commoncause.org\/delaware\/about-us\/"]}]},{"@type":"BreadcrumbList","@id":"https:\/\/www.commoncause.org\/delaware\/about-us\/#breadcrumb","itemListElement":[{"@type":"ListItem","position":1,"name":"Home","item":"https:\/\/www.commoncause.org\/delaware\/"},{"@type":"ListItem","position":2,"name":"About Us"}]},{"@type":"WebSite","@id":"https:\/\/www.commoncause.org\/delaware\/#website","url":"https:\/\/www.commoncause.org\/delaware\/","name":"Gemeinsame Sache, Delaware","description":"","potentialAction":[{"@type":"SearchAction","target":{"@type":"EntryPoint","urlTemplate":"https:\/\/www.commoncause.org\/delaware\/?s={search_term_string}"},"query-input":{"@type":"PropertyValueSpecification","valueRequired":true,"valueName":"search_term_string"}}],"inLanguage":"de"}]}},"distributor_meta":false,"distributor_terms":false,"distributor_media":false,"distributor_original_site_name":"Common Cause Delaware","distributor_original_site_url":"https:\/\/www.commoncause.org\/delaware\/de","push-errors":false,"_links":{"self":[{"href":"https:\/\/www.commoncause.org\/delaware\/de\/wp-json\/wp\/v2\/pages\/20","targetHints":{"allow":["GET"]}}],"collection":[{"href":"https:\/\/www.commoncause.org\/delaware\/de\/wp-json\/wp\/v2\/pages"}],"about":[{"href":"https:\/\/www.commoncause.org\/delaware\/de\/wp-json\/wp\/v2\/types\/page"}],"author":[{"embeddable":true,"href":"https:\/\/www.commoncause.org\/delaware\/de\/wp-json\/wp\/v2\/users\/2"}],"replies":[{"embeddable":true,"href":"https:\/\/www.commoncause.org\/delaware\/de\/wp-json\/wp\/v2\/comments?post=20"}],"version-history":[{"count":5,"href":"https:\/\/www.commoncause.org\/delaware\/de\/wp-json\/wp\/v2\/pages\/20\/revisions"}],"predecessor-version":[{"id":570,"href":"https:\/\/www.commoncause.org\/delaware\/de\/wp-json\/wp\/v2\/pages\/20\/revisions\/570"}],"wp:attachment":[{"href":"https:\/\/www.commoncause.org\/delaware\/de\/wp-json\/wp\/v2\/media?parent=20"}],"curies":[{"name":"wp","href":"https:\/\/api.w.org\/{rel}","templated":true}]}}