{"id":23750,"date":"2024-10-18T16:30:23","date_gmt":"2024-10-18T20:30:23","guid":{"rendered":"https:\/\/www.commoncause.org\/?page_id=23750"},"modified":"2024-10-30T16:50:51","modified_gmt":"2024-10-30T20:50:51","slug":"common-cause-bildungsfonds","status":"publish","type":"page","link":"https:\/\/www.commoncause.org\/de\/about-us\/common-cause-education-fund\/","title":{"rendered":"Common Cause Bildungsfonds"},"content":{"rendered":"","protected":false},"excerpt":{"rendered":"","protected":false},"author":35,"featured_media":0,"parent":696,"menu_order":0,"comment_status":"closed","ping_status":"closed","template":"","meta":{"_acf_changed":false,"_relevanssi_hide_post":"","_relevanssi_hide_content":"","_relevanssi_pin_for_all":"","_relevanssi_pin_keywords":"","_relevanssi_unpin_keywords":"","_relevanssi_related_keywords":"","_relevanssi_related_include_ids":"","_relevanssi_related_exclude_ids":"","_relevanssi_related_no_append":"","_relevanssi_related_not_related":"","_relevanssi_related_posts":"","_relevanssi_noindex_reason":""},"class_list":["post-23750","page","type-page","status-publish","hentry"],"acf":{"header":{"component_page_header":{"header_type":"default","title":"","lead":"","image":23977,"subnavigation":false}},"sidebar":{"helper_enable_sidebar":false,"helper_media_contact":{"heading":"Media Contact","manually_enter_person":false,"person":"","name":"","role":"","phone":"","email":""},"helper_links_downloads":{"heading":"Links & Downloads","links":null}},"page_layout":[{"acf_fc_layout":"layout_wysiwyg","_acfe_flexible_toggle":"","component_wysiwyg":{"content":"<p style=\"font-weight: 400;\">Der Common Cause Education Fund nutzt die Macht der Philanthropie, um eine wirklich repr\u00e4sentative Demokratie zu schaffen, die dem Volk und nicht den M\u00e4chtigen Rechenschaft ablegt. Durch Forschung, \u00f6ffentliche Bildung, B\u00fcrgerbeteiligung, Politikentwicklung und Prozessf\u00fchrung unterst\u00fctzen wir nationale, staatliche und lokale Bem\u00fchungen zur St\u00e4rkung unserer Demokratie.<\/p>\r\n<p style=\"font-weight: 400;\">Common Cause Education Fund ist stolz auf seine perfekte Vier-Sterne-Bewertung von Charity Navigator und das Guidestar Gold Seal of Transparency. Unsere Steueridentifikationsnummer lautet <strong>31-1705370.\u00a0<\/strong><\/p>\r\n<a href=\"https:\/\/www.commoncause.org\/de\/spenden\/bildungsfonds-3\/\">Klicken Sie hier, um eine Spende an den Common Cause Education Fund zu leisten<\/a>\r\n\r\n<img class=\"aligncenter wp-image-23938 size-full\" src=\"https:\/\/www.commoncause.org\/wp-content\/uploads\/2024\/10\/Untitled-design-11.png\" alt=\"\" width=\"500\" height=\"300\" \/>\r\n<p style=\"font-weight: 400;\"><strong>WIE UNTERSCHEIDET SICH DER COMMON CAUSE EDUCATION FUND VON COMMON CAUSE?<\/strong><\/p>\r\n<p style=\"font-weight: 400;\">Common Cause wurde 1970 als \u00fcberparteiliche Lobby f\u00fcr Demokratie gegr\u00fcndet. Ein Kernelement dieser Mission ist die Bef\u00fcrwortung von Gesetzen und Richtlinien zur St\u00e4rkung der Demokratie f\u00fcr alle. Da Common Cause im Interesse der Allgemeinheit in den Parlamenten der Bundesstaaten, im Kongress und bei Volksinitiativen Lobbyarbeit leistet, ist die Organisation beim IRS als gemeinn\u00fctzige Organisation gem\u00e4\u00df 501(c)4 registriert und Spenden an die Organisation sind nicht steuerlich absetzbar.<\/p>\r\n<p style=\"font-weight: 400;\">Common Cause Education Fund wurde im Jahr 2000 als gemeinn\u00fctzige Organisation nach 501(c)3 gegr\u00fcndet und teilt sich Personal und B\u00fcros mit Common Cause. Common Cause Education Fund kann nur begrenzte Lobbyarbeit leisten, nutzt jedoch viele andere Instrumente, um Demokratiereformen voranzutreiben, darunter Forschung, \u00f6ffentliche Bildung, Rechtsstreitigkeiten und W\u00e4hlerschutz. Beitr\u00e4ge an Common Cause Education Fund sind vollst\u00e4ndig steuerlich absetzbar. Unsere Steueridentifikationsnummer lautet 31-1705370.<\/p>\r\n<p style=\"font-weight: 400;\"><strong>ZWEI ORGANISATIONEN. EINE GEMEINSAME MISSION.<\/strong><\/p>\r\n<p style=\"font-weight: 400;\">Genau wie Common Cause ist der Common Cause Education Fund ein von Menschen angetriebener Motor f\u00fcr Ver\u00e4nderung mit 1,5 Millionen Mitgliedern und Unterst\u00fctzern aus allen f\u00fcnfzig Bundesstaaten. Unsere 25 Landesb\u00fcros werden von Organisatoren, Anw\u00e4lten und Experten vor Ort geleitet \u2013 wir vereinen lokale, staatliche und bundesstaatliche Demokratiearbeit und erzielen erfolgreiche Ergebnisse. Wir sind eine \u00fcberparteiliche Basisorganisation, die sich der Wahrung der Grundwerte der amerikanischen Demokratie verschrieben hat. Wir arbeiten daran, eine offene, ehrliche und rechenschaftspflichtige Regierung zu schaffen, die dem \u00f6ffentlichen Interesse dient; wir f\u00f6rdern gleiche Rechte, Chancen und Vertretung f\u00fcr alle und bef\u00e4higen alle Menschen, ihre Stimme im politischen Prozess zu Geh\u00f6r zu bringen.<\/p>\r\n<p style=\"font-weight: 400;\">As a supporter, you make\u00a0our\u00a0work possible.\u00a0Because of you,\u00a0we're\u00a0able\u00a0to:<\/p>\r\n<p style=\"font-weight: 400;\"><strong>SCH\u00dcTZEN SIE DIE WAHL<\/strong><\/p>\r\n\r\n<ul style=\"font-weight: 400;\">\r\n \t<li>Wir rekrutieren, schulen und setzen ehrenamtliche Wahlschutzkr\u00e4fte ein \u2013 zwischen 2020 und 2022 haben wir in 40 Bundesstaaten mehr als 50.000 Wahlkampfhelfer rekrutiert. Im Jahr 2024 wollen wir diese Zahl noch \u00fcbertreffen.<\/li>\r\n<\/ul>\r\n<p style=\"font-weight: 400;\"><strong>BEK\u00c4MPFEN SIE DIE W\u00c4HLERUNTERDR\u00dcCKUNG<\/strong><\/p>\r\n\r\n<ul style=\"font-weight: 400;\">\r\n \t<li>In Georgia rekrutieren und schulen wir Freiwillige aus der Gemeinde, um die staatliche Wahlkommission und gezielt lokale Wahlkommissionen in 12 Bezirken zu \u00fcberwachen. Diese Freiwilligen werden als Kanarienv\u00f6gel in der Kohlemine fungieren und Wahlschutzbeauftragte und Anw\u00e4lte \u2013 und die Medien \u2013 alarmieren, wenn und falls es zu Versuchen kommt, Wahlergebnisse zu manipulieren.<\/li>\r\n<\/ul>\r\n<p style=\"font-weight: 400;\"><strong>K\u00c4MPFEN SIE SICH VOR GERICHT<\/strong><\/p>\r\n\r\n<ul style=\"font-weight: 400;\">\r\n \t<li>Der Oberste Gerichtshof der USA hat zu unseren Gunsten entschieden und einen gef\u00e4hrlichen Versuch abgewiesen, unsere Demokratie in unserem Land zu zerst\u00f6ren. <em>Moore gegen Harper<\/em> Fall. Neal Katyal (amtierender Solicitor General der Vereinigten Staaten unter der Obama-Regierung) sagte: \u201eMeine Rolle als Vertreter von Common Cause war f\u00fcr mich ein besonderes Privileg, da Common Cause mich mit seiner \u00fcberparteilichen Mission, f\u00fcr das Wahlrecht einzutreten, buchst\u00e4blich seit Jahrzehnten inspiriert.\u201c<\/li>\r\n<\/ul>\r\n<p style=\"font-weight: 400;\"><strong>BEK\u00c4MPFEN SIE DEMOKRATIE-DESINFORMATION<\/strong><\/p>\r\n\r\n<ul style=\"font-weight: 400;\">\r\n \t<li>In Kalifornien haben wir zwei neue Gesetze verabschiedet, um der Bedrohung der Demokratie durch unregulierte KI entgegenzuwirken. Das erste Gesetz verhindert, dass irref\u00fchrende Deepfakes in Wahlkampfanzeigen und Wahlkommunikation kurz vor dem Wahltag verwendet werden. So werden Kandidaten und Wahlbeamte gesch\u00fctzt und gleichzeitig der erste Verfassungszusatz gewahrt. Das zweite Gesetz verpflichtet gro\u00dfe Online-Plattformen, irref\u00fchrende digitale Inhalte im Zusammenhang mit Wahlen zu entfernen oder zu kennzeichnen.<\/li>\r\n<\/ul>\r\n<p style=\"font-weight: 400;\"><strong>BRIEFWAHL SCH\u00dcTZEN<\/strong><\/p>\r\n\r\n<ul style=\"font-weight: 400;\">\r\n \t<li>In Pennsylvania, we've secured important victories to protect voters from having their voices silenced, a problem that disproportionately affects Pennsylvania\u2019s Black and Latino voters. Following our advocacy, Dauphin and Allegheny counties adopted strong notice and cure policies, allowing voters to fix clerical errors so their votes can be counted. And Allegheny County created satellite elections offices that allow voters to vote early in person using an over-the-counter mail ballot request.<\/li>\r\n<\/ul>\r\n<p style=\"font-weight: 400;\"><strong>AKTIVIEREN SIE DIE JUGENDWAHL<\/strong><\/p>\r\n\r\n<ul style=\"font-weight: 400;\">\r\n \t<li>In North Carolina brachten wir bei unserem Kunst- und Musikfestival in Raleigh fast 5.000 junge Menschen zusammen, die ihre b\u00fcrgerschaftliche St\u00e4rke unter Beweis stellten. Die zehnmal f\u00fcr den Grammy nominierte S\u00e4ngerin und Schauspielerin Janelle Mon\u00e1e war der Headliner eines Staraufgebots. Junge Menschen und Basisaktivisten betraten die B\u00fchne, um zum Ausdruck zu bringen, warum diese neue W\u00e4hlergeneration die Macht ihrer Wahl nutzen muss.<\/li>\r\n<\/ul>\r\n<p style=\"font-weight: 400;\"><strong>MESSEKARTEN LIEFERUNG<\/strong><\/p>\r\n\r\n<ul style=\"font-weight: 400;\">\r\n \t<li>Nach einer zehn Jahre dauernden Kampagne der \u00f6ffentlichen Aufkl\u00e4rung und Mobilisierung der Basis haben wir faire Karten f\u00fcr die gesetzgebenden K\u00f6rperschaften des Staates erstellt, die die wahren und nahezu gleichm\u00e4\u00dfigen parteipolitischen Pr\u00e4ferenzen der W\u00e4hler von Wisconsin widerspiegeln und den W\u00e4hlern bis 2024 und dar\u00fcber hinaus Stabilit\u00e4t und Sicherheit hinsichtlich ihrer neuen Wahlbezirke f\u00fcr die gesetzgebenden K\u00f6rperschaften des Staates bieten.<\/li>\r\n<\/ul>\r\n<p style=\"font-weight: 400;\"><\/p>"}}]},"yoast_head":"<!-- This site is optimized with the Yoast SEO Premium plugin v26.6 (Yoast SEO v27.1.1) - https:\/\/yoast.com\/product\/yoast-seo-premium-wordpress\/ -->\n<title>Common Cause Education Fund - Common Cause<\/title>\n<meta name=\"robots\" content=\"index, follow, max-snippet:-1, max-image-preview:large, max-video-preview:-1\" \/>\n<link rel=\"canonical\" href=\"https:\/\/www.commoncause.org\/de\/uber-uns\/common-cause-bildungsfonds\/\" \/>\n<meta property=\"og:locale\" content=\"de_DE\" \/>\n<meta property=\"og:type\" content=\"article\" \/>\n<meta property=\"og:title\" content=\"Common Cause Education Fund\" \/>\n<meta property=\"og:url\" content=\"https:\/\/www.commoncause.org\/de\/uber-uns\/common-cause-bildungsfonds\/\" \/>\n<meta property=\"og:site_name\" content=\"Common Cause\" \/>\n<meta property=\"article:publisher\" content=\"https:\/\/www.facebook.com\/CommonCause\" \/>\n<meta property=\"article:modified_time\" content=\"2024-10-30T20:50:51+00:00\" \/>\n<meta property=\"og:image\" content=\"https:\/\/www.commoncause.org\/wp-content\/uploads\/2024\/10\/CC-Share-Graphic-Main9.jpg\" \/>\n\t<meta property=\"og:image:width\" content=\"1200\" \/>\n\t<meta property=\"og:image:height\" content=\"630\" \/>\n\t<meta property=\"og:image:type\" content=\"image\/jpeg\" \/>\n<meta name=\"twitter:card\" content=\"summary_large_image\" \/>\n<meta name=\"twitter:site\" content=\"@CommonCause\" \/>\n<script type=\"application\/ld+json\" class=\"yoast-schema-graph\">{\"@context\":\"https:\/\/schema.org\",\"@graph\":[{\"@type\":\"WebPage\",\"@id\":\"https:\/\/www.commoncause.org\/about-us\/common-cause-education-fund\/\",\"url\":\"https:\/\/www.commoncause.org\/about-us\/common-cause-education-fund\/\",\"name\":\"Common Cause Education Fund - Common Cause\",\"isPartOf\":{\"@id\":\"https:\/\/www.commoncause.org\/#website\"},\"datePublished\":\"2024-10-18T20:30:23+00:00\",\"dateModified\":\"2024-10-30T20:50:51+00:00\",\"breadcrumb\":{\"@id\":\"https:\/\/www.commoncause.org\/about-us\/common-cause-education-fund\/#breadcrumb\"},\"inLanguage\":\"de\",\"potentialAction\":[{\"@type\":\"ReadAction\",\"target\":[\"https:\/\/www.commoncause.org\/about-us\/common-cause-education-fund\/\"]}]},{\"@type\":\"BreadcrumbList\",\"@id\":\"https:\/\/www.commoncause.org\/about-us\/common-cause-education-fund\/#breadcrumb\",\"itemListElement\":[{\"@type\":\"ListItem\",\"position\":1,\"name\":\"Home\",\"item\":\"https:\/\/www.commoncause.org\/\"},{\"@type\":\"ListItem\",\"position\":2,\"name\":\"About Us\",\"item\":\"https:\/\/www.commoncause.org\/about-us\/\"},{\"@type\":\"ListItem\",\"position\":3,\"name\":\"Common Cause Education Fund\"}]},{\"@type\":\"WebSite\",\"@id\":\"https:\/\/www.commoncause.org\/#website\",\"url\":\"https:\/\/www.commoncause.org\/\",\"name\":\"Common Cause\",\"description\":\"\",\"publisher\":{\"@id\":\"https:\/\/www.commoncause.org\/#organization\"},\"potentialAction\":[{\"@type\":\"SearchAction\",\"target\":{\"@type\":\"EntryPoint\",\"urlTemplate\":\"https:\/\/www.commoncause.org\/?s={search_term_string}\"},\"query-input\":{\"@type\":\"PropertyValueSpecification\",\"valueRequired\":true,\"valueName\":\"search_term_string\"}}],\"inLanguage\":\"de\"},{\"@type\":\"Organization\",\"@id\":\"https:\/\/www.commoncause.org\/#organization\",\"name\":\"Common Cause\",\"url\":\"https:\/\/www.commoncause.org\/\",\"logo\":{\"@type\":\"ImageObject\",\"inLanguage\":\"de\",\"@id\":\"https:\/\/www.commoncause.org\/#\/schema\/logo\/image\/\",\"url\":\"https:\/\/www.commoncause.org\/wp-content\/uploads\/2024\/05\/Common-Cause-Logo.png\",\"contentUrl\":\"https:\/\/www.commoncause.org\/wp-content\/uploads\/2024\/05\/Common-Cause-Logo.png\",\"width\":2066,\"height\":331,\"caption\":\"Common Cause\"},\"image\":{\"@id\":\"https:\/\/www.commoncause.org\/#\/schema\/logo\/image\/\"},\"sameAs\":[\"https:\/\/www.facebook.com\/CommonCause\",\"https:\/\/x.com\/CommonCause\",\"https:\/\/www.instagram.com\/ourcommoncause\/\"]}]}<\/script>\n<!-- \/ Yoast SEO Premium plugin. -->","yoast_head_json":{"title":"Common Cause Bildungsfonds - Common Cause","robots":{"index":"index","follow":"follow","max-snippet":"max-snippet:-1","max-image-preview":"max-image-preview:large","max-video-preview":"max-video-preview:-1"},"canonical":"https:\/\/www.commoncause.org\/de\/uber-uns\/common-cause-bildungsfonds\/","og_locale":"de_DE","og_type":"article","og_title":"Common Cause Education Fund","og_url":"https:\/\/www.commoncause.org\/de\/uber-uns\/common-cause-bildungsfonds\/","og_site_name":"Common Cause","article_publisher":"https:\/\/www.facebook.com\/CommonCause","article_modified_time":"2024-10-30T20:50:51+00:00","og_image":[{"width":1200,"height":630,"url":"https:\/\/www.commoncause.org\/wp-content\/uploads\/2024\/10\/CC-Share-Graphic-Main9.jpg","type":"image\/jpeg"}],"twitter_card":"summary_large_image","twitter_site":"@CommonCause","schema":{"@context":"https:\/\/schema.org","@graph":[{"@type":"WebPage","@id":"https:\/\/www.commoncause.org\/about-us\/common-cause-education-fund\/","url":"https:\/\/www.commoncause.org\/about-us\/common-cause-education-fund\/","name":"Common Cause Bildungsfonds - Common Cause","isPartOf":{"@id":"https:\/\/www.commoncause.org\/#website"},"datePublished":"2024-10-18T20:30:23+00:00","dateModified":"2024-10-30T20:50:51+00:00","breadcrumb":{"@id":"https:\/\/www.commoncause.org\/about-us\/common-cause-education-fund\/#breadcrumb"},"inLanguage":"de","potentialAction":[{"@type":"ReadAction","target":["https:\/\/www.commoncause.org\/about-us\/common-cause-education-fund\/"]}]},{"@type":"BreadcrumbList","@id":"https:\/\/www.commoncause.org\/about-us\/common-cause-education-fund\/#breadcrumb","itemListElement":[{"@type":"ListItem","position":1,"name":"Home","item":"https:\/\/www.commoncause.org\/"},{"@type":"ListItem","position":2,"name":"About Us","item":"https:\/\/www.commoncause.org\/about-us\/"},{"@type":"ListItem","position":3,"name":"Common Cause Education Fund"}]},{"@type":"WebSite","@id":"https:\/\/www.commoncause.org\/#website","url":"https:\/\/www.commoncause.org\/","name":"Gemeinsame Ursache","description":"","publisher":{"@id":"https:\/\/www.commoncause.org\/#organization"},"potentialAction":[{"@type":"SearchAction","target":{"@type":"EntryPoint","urlTemplate":"https:\/\/www.commoncause.org\/?s={search_term_string}"},"query-input":{"@type":"PropertyValueSpecification","valueRequired":true,"valueName":"search_term_string"}}],"inLanguage":"de"},{"@type":"Organization","@id":"https:\/\/www.commoncause.org\/#organization","name":"Gemeinsame Ursache","url":"https:\/\/www.commoncause.org\/","logo":{"@type":"ImageObject","inLanguage":"de","@id":"https:\/\/www.commoncause.org\/#\/schema\/logo\/image\/","url":"https:\/\/www.commoncause.org\/wp-content\/uploads\/2024\/05\/Common-Cause-Logo.png","contentUrl":"https:\/\/www.commoncause.org\/wp-content\/uploads\/2024\/05\/Common-Cause-Logo.png","width":2066,"height":331,"caption":"Common Cause"},"image":{"@id":"https:\/\/www.commoncause.org\/#\/schema\/logo\/image\/"},"sameAs":["https:\/\/www.facebook.com\/CommonCause","https:\/\/x.com\/CommonCause","https:\/\/www.instagram.com\/ourcommoncause\/"]}]}},"distributor_meta":false,"distributor_terms":false,"distributor_media":false,"distributor_original_site_name":"Common Cause","distributor_original_site_url":"https:\/\/www.commoncause.org\/de","push-errors":false,"_links":{"self":[{"href":"https:\/\/www.commoncause.org\/de\/wp-json\/wp\/v2\/pages\/23750","targetHints":{"allow":["GET"]}}],"collection":[{"href":"https:\/\/www.commoncause.org\/de\/wp-json\/wp\/v2\/pages"}],"about":[{"href":"https:\/\/www.commoncause.org\/de\/wp-json\/wp\/v2\/types\/page"}],"author":[{"embeddable":true,"href":"https:\/\/www.commoncause.org\/de\/wp-json\/wp\/v2\/users\/35"}],"replies":[{"embeddable":true,"href":"https:\/\/www.commoncause.org\/de\/wp-json\/wp\/v2\/comments?post=23750"}],"version-history":[{"count":12,"href":"https:\/\/www.commoncause.org\/de\/wp-json\/wp\/v2\/pages\/23750\/revisions"}],"predecessor-version":[{"id":23983,"href":"https:\/\/www.commoncause.org\/de\/wp-json\/wp\/v2\/pages\/23750\/revisions\/23983"}],"up":[{"embeddable":true,"href":"https:\/\/www.commoncause.org\/de\/wp-json\/wp\/v2\/pages\/696"}],"wp:attachment":[{"href":"https:\/\/www.commoncause.org\/de\/wp-json\/wp\/v2\/media?parent=23750"}],"curies":[{"name":"wp","href":"https:\/\/api.w.org\/{rel}","templated":true}]}}