{"id":17212,"date":"2024-06-04T12:01:29","date_gmt":"2024-06-04T16:01:29","guid":{"rendered":"https:\/\/www.commoncause.org\/?page_id=17212"},"modified":"2024-11-19T10:42:22","modified_gmt":"2024-11-19T15:42:22","slug":"spenden-am-arbeitsplatz","status":"publish","type":"page","link":"https:\/\/www.commoncause.org\/de\/workplace-giving\/","title":{"rendered":"Spenden am Arbeitsplatz"},"content":{"rendered":"","protected":false},"excerpt":{"rendered":"","protected":false},"author":35,"featured_media":0,"parent":0,"menu_order":0,"comment_status":"closed","ping_status":"closed","template":"","meta":{"_acf_changed":false,"_relevanssi_hide_post":"","_relevanssi_hide_content":"","_relevanssi_pin_for_all":"","_relevanssi_pin_keywords":"","_relevanssi_unpin_keywords":"","_relevanssi_related_keywords":"","_relevanssi_related_include_ids":"","_relevanssi_related_exclude_ids":"","_relevanssi_related_no_append":"","_relevanssi_related_not_related":"","_relevanssi_related_posts":"","_relevanssi_noindex_reason":""},"class_list":["post-17212","page","type-page","status-publish","hentry"],"acf":{"header":{"component_page_header":{"header_type":"default","title":"","lead":"","image":"","subnavigation":false}},"sidebar":{"helper_enable_sidebar":false,"helper_media_contact":{"heading":"Media Contact","manually_enter_person":false,"person":"","name":"","role":"","phone":"","email":""},"helper_links_downloads":{"heading":"Links & Downloads","links":null}},"page_layout":[{"acf_fc_layout":"layout_wysiwyg","_acfe_flexible_toggle":"","component_wysiwyg":{"content":"<h4><strong>Drei Gr\u00fcnde, Common Cause durch Spenden am Arbeitsplatz zu unterst\u00fctzen<\/strong><\/h4>\r\n<ol>\r\n \t<li><span data-contrast=\"none\"> <strong>Verst\u00e4rkte Wirkung durch Matching Gifts<\/strong><\/span><span data-contrast=\"none\">: <\/span><span data-contrast=\"none\">Viele Arbeitgeber verdoppeln die Spenden ihrer Mitarbeiter und k\u00f6nnen so Ihren Beitrag an Common Cause verdoppeln oder verdreifachen. Das bedeutet, dass Ihre Unterst\u00fctzung einen deutlich gr\u00f6\u00dferen Einfluss auf die Bem\u00fchungen der Organisation zur F\u00f6rderung von Demokratie und verantwortungsvoller Regierungsf\u00fchrung haben kann.<\/span><\/li>\r\n \t<li><span data-contrast=\"none\"><strong>Bequemer und konsistenter Support<\/strong><\/span><span data-contrast=\"none\">: <\/span><span data-contrast=\"none\">Mit betrieblichen Spendenprogrammen, wie zum Beispiel Gehaltsabz\u00fcgen, k\u00f6nnen Sie einfach und automatisiert spenden. Dies sichert Common Cause eine zuverl\u00e4ssige Finanzierungsquelle f\u00fcr die Aufrechterhaltung ihrer Initiativen und die Planung langfristiger Projekte.<\/span><\/li>\r\n \t<li><span data-contrast=\"none\"><strong>Steuervorteile<\/strong><\/span><span data-contrast=\"none\">: <\/span><span data-contrast=\"none\">Spenden \u00fcber den Arbeitsplatz sind oft steuerlich absetzbar. Dar\u00fcber hinaus k\u00f6nnen Sie durch Lohnabz\u00fcge die finanziellen Auswirkungen Ihrer Spenden \u00fcber das ganze Jahr verteilen und so Ihre Finanzen besser verwalten.<\/span><\/li>\r\n<\/ol>\r\n<h4><span data-contrast=\"none\"><strong>Erste Schritte<\/strong><\/span><\/h4>\r\n<ol>\r\n \t<li><span data-contrast=\"none\"> <strong>\u00dcberpr\u00fcfen Sie das Programm Ihres Arbeitgebers<\/strong><\/span><span data-contrast=\"none\">:<\/span><span data-contrast=\"none\"> Informieren Sie sich, ob Ihr Arbeitgeber ein Spendenprogramm anbietet und ob Spenden verdoppelt werden. Viele Unternehmen verf\u00fcgen \u00fcber spezielle Plattformen oder Partnerschaften, um diese Spenden zu erm\u00f6glichen.<\/span><\/li>\r\n \t<li><span data-contrast=\"none\"> <strong>W\u00e4hlen Sie Common Cause als Ihre Wohlt\u00e4tigkeitsorganisation aus<\/strong><\/span><span data-contrast=\"none\">:<\/span><span data-contrast=\"none\"> Geben Sie den Common Cause Education Fund als Empf\u00e4nger Ihrer betrieblichen Spenden an. Beachten Sie dabei die im Programm Ihres Arbeitgebers festgelegten Verfahren.<\/span><\/li>\r\n \t<li><span data-contrast=\"none\"> <strong>Richten Sie Ihren Beitrag ein<\/strong><\/span><span data-contrast=\"none\">:<\/span><span data-contrast=\"none\"> W\u00e4hlen Sie den Betrag, den Sie spenden m\u00f6chten, und richten Sie, falls verf\u00fcgbar, Gehaltsabz\u00fcge ein. Dies ist h\u00e4ufig \u00fcber ein Online-Portal Ihres Arbeitgebers m\u00f6glich.<\/span><\/li>\r\n \t<li><span data-contrast=\"none\"> <strong>Nutzen Sie Matching Gifts<\/strong><\/span><span data-contrast=\"none\">:<\/span><span data-contrast=\"none\"> Reichen Sie alle erforderlichen Formulare ein, um vom Spendenverdoppelungsprogramm Ihres Unternehmens zu profitieren. So maximieren Sie die Wirkung Ihrer Spende.<\/span><\/li>\r\n \t<li><span data-contrast=\"none\"> <strong>Bleiben Sie informiert und engagiert<\/strong><\/span><span data-contrast=\"none\">:<\/span><span data-contrast=\"none\"> Bleiben Sie \u00fcber die Arbeit von Common Cause auf dem Laufenden und finden Sie M\u00f6glichkeiten, sich \u00fcber finanzielle Beitr\u00e4ge hinaus zu engagieren, beispielsweise durch Freiwilligenarbeit oder die Teilnahme an Interessenvertretungskampagnen.<\/span><\/li>\r\n<\/ol>\r\nIndem Sie Common Cause durch Spenden am Arbeitsplatz unterst\u00fctzen, unterst\u00fctzen Sie nicht nur eine wichtige Organisation, sondern leisten auch einen bedeutenden Beitrag zur Gesundheit und Integrit\u00e4t der Demokratie in den Vereinigten Staaten."}}]},"yoast_head":"<!-- This site is optimized with the Yoast SEO Premium plugin v26.6 (Yoast SEO v27.1.1) - https:\/\/yoast.com\/product\/yoast-seo-premium-wordpress\/ -->\n<title>Workplace Giving - Common Cause<\/title>\n<meta name=\"robots\" content=\"index, follow, max-snippet:-1, max-image-preview:large, max-video-preview:-1\" \/>\n<link rel=\"canonical\" href=\"https:\/\/www.commoncause.org\/de\/spenden-am-arbeitsplatz\/\" \/>\n<meta property=\"og:locale\" content=\"de_DE\" \/>\n<meta property=\"og:type\" content=\"article\" \/>\n<meta property=\"og:title\" content=\"Workplace Giving\" \/>\n<meta property=\"og:url\" content=\"https:\/\/www.commoncause.org\/de\/spenden-am-arbeitsplatz\/\" \/>\n<meta property=\"og:site_name\" content=\"Common Cause\" \/>\n<meta property=\"article:publisher\" content=\"https:\/\/www.facebook.com\/CommonCause\" \/>\n<meta property=\"article:modified_time\" content=\"2024-11-19T15:42:22+00:00\" \/>\n<meta property=\"og:image\" content=\"https:\/\/www.commoncause.org\/wp-content\/uploads\/2024\/10\/CC-Share-Graphic-Main9.jpg\" \/>\n\t<meta property=\"og:image:width\" content=\"1200\" \/>\n\t<meta property=\"og:image:height\" content=\"630\" \/>\n\t<meta property=\"og:image:type\" content=\"image\/jpeg\" \/>\n<meta name=\"twitter:card\" content=\"summary_large_image\" \/>\n<meta name=\"twitter:site\" content=\"@CommonCause\" \/>\n<script type=\"application\/ld+json\" class=\"yoast-schema-graph\">{\"@context\":\"https:\/\/schema.org\",\"@graph\":[{\"@type\":\"WebPage\",\"@id\":\"https:\/\/www.commoncause.org\/workplace-giving\/\",\"url\":\"https:\/\/www.commoncause.org\/workplace-giving\/\",\"name\":\"Workplace Giving - Common Cause\",\"isPartOf\":{\"@id\":\"https:\/\/www.commoncause.org\/#website\"},\"datePublished\":\"2024-06-04T16:01:29+00:00\",\"dateModified\":\"2024-11-19T15:42:22+00:00\",\"breadcrumb\":{\"@id\":\"https:\/\/www.commoncause.org\/workplace-giving\/#breadcrumb\"},\"inLanguage\":\"de\",\"potentialAction\":[{\"@type\":\"ReadAction\",\"target\":[\"https:\/\/www.commoncause.org\/workplace-giving\/\"]}]},{\"@type\":\"BreadcrumbList\",\"@id\":\"https:\/\/www.commoncause.org\/workplace-giving\/#breadcrumb\",\"itemListElement\":[{\"@type\":\"ListItem\",\"position\":1,\"name\":\"Home\",\"item\":\"https:\/\/www.commoncause.org\/\"},{\"@type\":\"ListItem\",\"position\":2,\"name\":\"Workplace Giving\"}]},{\"@type\":\"WebSite\",\"@id\":\"https:\/\/www.commoncause.org\/#website\",\"url\":\"https:\/\/www.commoncause.org\/\",\"name\":\"Common Cause\",\"description\":\"\",\"publisher\":{\"@id\":\"https:\/\/www.commoncause.org\/#organization\"},\"potentialAction\":[{\"@type\":\"SearchAction\",\"target\":{\"@type\":\"EntryPoint\",\"urlTemplate\":\"https:\/\/www.commoncause.org\/?s={search_term_string}\"},\"query-input\":{\"@type\":\"PropertyValueSpecification\",\"valueRequired\":true,\"valueName\":\"search_term_string\"}}],\"inLanguage\":\"de\"},{\"@type\":\"Organization\",\"@id\":\"https:\/\/www.commoncause.org\/#organization\",\"name\":\"Common Cause\",\"url\":\"https:\/\/www.commoncause.org\/\",\"logo\":{\"@type\":\"ImageObject\",\"inLanguage\":\"de\",\"@id\":\"https:\/\/www.commoncause.org\/#\/schema\/logo\/image\/\",\"url\":\"https:\/\/www.commoncause.org\/wp-content\/uploads\/2024\/05\/Common-Cause-Logo.png\",\"contentUrl\":\"https:\/\/www.commoncause.org\/wp-content\/uploads\/2024\/05\/Common-Cause-Logo.png\",\"width\":2066,\"height\":331,\"caption\":\"Common Cause\"},\"image\":{\"@id\":\"https:\/\/www.commoncause.org\/#\/schema\/logo\/image\/\"},\"sameAs\":[\"https:\/\/www.facebook.com\/CommonCause\",\"https:\/\/x.com\/CommonCause\",\"https:\/\/www.instagram.com\/ourcommoncause\/\"]}]}<\/script>\n<!-- \/ Yoast SEO Premium plugin. -->","yoast_head_json":{"title":"Spenden am Arbeitsplatz \u2013 Gemeinsame Sache","robots":{"index":"index","follow":"follow","max-snippet":"max-snippet:-1","max-image-preview":"max-image-preview:large","max-video-preview":"max-video-preview:-1"},"canonical":"https:\/\/www.commoncause.org\/de\/spenden-am-arbeitsplatz\/","og_locale":"de_DE","og_type":"article","og_title":"Workplace Giving","og_url":"https:\/\/www.commoncause.org\/de\/spenden-am-arbeitsplatz\/","og_site_name":"Common Cause","article_publisher":"https:\/\/www.facebook.com\/CommonCause","article_modified_time":"2024-11-19T15:42:22+00:00","og_image":[{"width":1200,"height":630,"url":"https:\/\/www.commoncause.org\/wp-content\/uploads\/2024\/10\/CC-Share-Graphic-Main9.jpg","type":"image\/jpeg"}],"twitter_card":"summary_large_image","twitter_site":"@CommonCause","schema":{"@context":"https:\/\/schema.org","@graph":[{"@type":"WebPage","@id":"https:\/\/www.commoncause.org\/workplace-giving\/","url":"https:\/\/www.commoncause.org\/workplace-giving\/","name":"Spenden am Arbeitsplatz \u2013 Gemeinsame Sache","isPartOf":{"@id":"https:\/\/www.commoncause.org\/#website"},"datePublished":"2024-06-04T16:01:29+00:00","dateModified":"2024-11-19T15:42:22+00:00","breadcrumb":{"@id":"https:\/\/www.commoncause.org\/workplace-giving\/#breadcrumb"},"inLanguage":"de","potentialAction":[{"@type":"ReadAction","target":["https:\/\/www.commoncause.org\/workplace-giving\/"]}]},{"@type":"BreadcrumbList","@id":"https:\/\/www.commoncause.org\/workplace-giving\/#breadcrumb","itemListElement":[{"@type":"ListItem","position":1,"name":"Home","item":"https:\/\/www.commoncause.org\/"},{"@type":"ListItem","position":2,"name":"Workplace Giving"}]},{"@type":"WebSite","@id":"https:\/\/www.commoncause.org\/#website","url":"https:\/\/www.commoncause.org\/","name":"Gemeinsame Ursache","description":"","publisher":{"@id":"https:\/\/www.commoncause.org\/#organization"},"potentialAction":[{"@type":"SearchAction","target":{"@type":"EntryPoint","urlTemplate":"https:\/\/www.commoncause.org\/?s={search_term_string}"},"query-input":{"@type":"PropertyValueSpecification","valueRequired":true,"valueName":"search_term_string"}}],"inLanguage":"de"},{"@type":"Organization","@id":"https:\/\/www.commoncause.org\/#organization","name":"Gemeinsame Ursache","url":"https:\/\/www.commoncause.org\/","logo":{"@type":"ImageObject","inLanguage":"de","@id":"https:\/\/www.commoncause.org\/#\/schema\/logo\/image\/","url":"https:\/\/www.commoncause.org\/wp-content\/uploads\/2024\/05\/Common-Cause-Logo.png","contentUrl":"https:\/\/www.commoncause.org\/wp-content\/uploads\/2024\/05\/Common-Cause-Logo.png","width":2066,"height":331,"caption":"Common Cause"},"image":{"@id":"https:\/\/www.commoncause.org\/#\/schema\/logo\/image\/"},"sameAs":["https:\/\/www.facebook.com\/CommonCause","https:\/\/x.com\/CommonCause","https:\/\/www.instagram.com\/ourcommoncause\/"]}]}},"distributor_meta":false,"distributor_terms":false,"distributor_media":false,"distributor_original_site_name":"Common Cause","distributor_original_site_url":"https:\/\/www.commoncause.org\/de","push-errors":false,"_links":{"self":[{"href":"https:\/\/www.commoncause.org\/de\/wp-json\/wp\/v2\/pages\/17212","targetHints":{"allow":["GET"]}}],"collection":[{"href":"https:\/\/www.commoncause.org\/de\/wp-json\/wp\/v2\/pages"}],"about":[{"href":"https:\/\/www.commoncause.org\/de\/wp-json\/wp\/v2\/types\/page"}],"author":[{"embeddable":true,"href":"https:\/\/www.commoncause.org\/de\/wp-json\/wp\/v2\/users\/35"}],"replies":[{"embeddable":true,"href":"https:\/\/www.commoncause.org\/de\/wp-json\/wp\/v2\/comments?post=17212"}],"version-history":[{"count":2,"href":"https:\/\/www.commoncause.org\/de\/wp-json\/wp\/v2\/pages\/17212\/revisions"}],"predecessor-version":[{"id":18958,"href":"https:\/\/www.commoncause.org\/de\/wp-json\/wp\/v2\/pages\/17212\/revisions\/18958"}],"wp:attachment":[{"href":"https:\/\/www.commoncause.org\/de\/wp-json\/wp\/v2\/media?parent=17212"}],"curies":[{"name":"wp","href":"https:\/\/api.w.org\/{rel}","templated":true}]}}