{"id":14030,"date":"2018-03-23T19:36:51","date_gmt":"2018-03-23T19:36:51","guid":{"rendered":"https:\/\/www.commoncause.org\/website-policies\/"},"modified":"2024-09-03T13:07:12","modified_gmt":"2024-09-03T17:07:12","slug":"website-richtlinien","status":"publish","type":"page","link":"https:\/\/www.commoncause.org\/de\/website-policies\/","title":{"rendered":"Website-Richtlinien"},"content":{"rendered":"","protected":false},"excerpt":{"rendered":"","protected":false},"author":6,"featured_media":0,"parent":0,"menu_order":0,"comment_status":"closed","ping_status":"closed","template":"","meta":{"_acf_changed":false,"_relevanssi_hide_post":"","_relevanssi_hide_content":"","_relevanssi_pin_for_all":"","_relevanssi_pin_keywords":"","_relevanssi_unpin_keywords":"","_relevanssi_related_keywords":"","_relevanssi_related_include_ids":"","_relevanssi_related_exclude_ids":"","_relevanssi_related_no_append":"","_relevanssi_related_not_related":"","_relevanssi_related_posts":"","_relevanssi_noindex_reason":""},"class_list":["post-14030","page","type-page","status-publish","hentry"],"acf":{"header":{"component_page_header":{"header_type":"default","title":"Richtlinien zur Website und Datennutzung","lead":"Your right to privacy is important to Common Cause. We are committed to maintaining your trust.","image":"","subnavigation":false}},"sidebar":{"helper_enable_sidebar":false,"helper_media_contact":{"heading":"Media Contact","manually_enter_person":false,"person":"","name":"","role":"","phone":"","email":""},"helper_links_downloads":{"heading":"Links & Downloads","links":null}},"page_layout":[{"acf_fc_layout":"layout_wysiwyg","_acfe_flexible_toggle":"","component_wysiwyg":{"content":"<h2>Richtlinien zur Website und Datennutzung<\/h2>"}},{"acf_fc_layout":"layout_wysiwyg","_acfe_flexible_toggle":"","component_wysiwyg":{"content":"Your right to privacy is important to Common Cause. We are committed to maintaining your trust.\r\n\r\nBecause Common Cause is committed to a policy of open and full transparency, information about our funding sources, including foundations and individual donors, is made available.\u00a0 The names of donors who give $250 or more are available for public inspection at our Washington, DC office upon request, and may also be included in our annual report.\u00a0 No addresses or specific information about donations\u00a0will be provided.\u00a0 Individuals who wish to make anonymous donations may do so by contacting Bette Marchant, Chief Financial Officer.\r\n\r\nCommon Cause may, from time to time, share the names and mailing addresses of\u00a0our supporters with\u00a0like-minded non-profit organizations. This does not apply to our short code program, in which there will be no third-party data sharing for any purpose.\u00a0If you do not wish to have your name shared in this manner,\u00a0please contact our Membership Services Department at 202.833.1200.\u00a0 We will never rent, share or sell your email address with any third party.\r\n\r\n<a title=\"Transparenzrichtlinie f\u00fcr Spender\" href=\"\/de\/transparenzpolitik-fur-spender\/\">Transparenzrichtlinie f\u00fcr Spender<\/a>\r\n\r\n<a title=\"Richtlinien f\u00fcr die Social-Media-Community\" href=\"\/de\/richtlinien-fur-die-social-media-community\/\">Richtlinien f\u00fcr die Social-Media-Community<\/a>\r\n\r\n<strong>Was sind unsere SMS-Servicebedingungen?<\/strong>\r\n\r\nPlease read Common Cause's <a href=\"https:\/\/www.commoncause.org\/de\/sms-servicebedingungen\/\">SMS-Servicebedingungen<\/a>.\r\n\r\n<strong>Welche Informationen sammeln wir?<\/strong>\r\n\r\nWir erfassen Informationen von Ihnen, wenn Sie unseren E-Mail-Newsletter abonnieren, aktiv werden, eine Spende t\u00e4tigen, sich f\u00fcr eine Veranstaltung anmelden oder ein Formular ausf\u00fcllen. Wenn Sie eine dieser Aktivit\u00e4ten auf unserer Website durchf\u00fchren, werden Sie m\u00f6glicherweise aufgefordert, Ihren Namen, Ihre E-Mail-Adresse, Postanschrift, Telefonnummer oder Kreditkarteninformationen einzugeben.\r\n\r\n<strong>Wof\u00fcr verwenden wir Ihre Informationen?<\/strong>\r\n\r\nAlle von uns \u00fcber Sie erhobenen Informationen k\u00f6nnen auf eine der folgenden Arten verwendet werden:\r\n<ul class=\"circles\">\r\n \t<li>Zur Verbesserung unserer Website (wir sind st\u00e4ndig bestrebt, das Angebot unserer Website auf Grundlage der Informationen und R\u00fcckmeldungen, die wir von Ihnen erhalten, zu verbessern)<\/li>\r\n<\/ul>\r\n<ul class=\"circles\">\r\n \t<li>Um Transaktionen abzuwickeln<\/li>\r\n<\/ul>\r\n<ul class=\"circles\">\r\n \t<li>To send activists' messages\u00a0to targeted government officials or corporate leaders<\/li>\r\n<\/ul>\r\n<ul class=\"circles\">\r\n \t<li>Zum Versenden regelm\u00e4\u00dfiger E-Mails<\/li>\r\n<\/ul>\r\nHinweis: Common Cause versendet keine unerw\u00fcnschten E-Mail-Nachrichten. Wenn Sie unsere CauseNet-Liste verlassen m\u00f6chten, klicken Sie auf den Link zum Abbestellen am Ende jeder Nachricht und Sie werden sofort abgemeldet. Sie k\u00f6nnen uns auch unter folgender Adresse kontaktieren: <a href=\"mailto:grassroots@commoncause.org\">grassroots@commoncause.org<\/a> oder 202.833.1200, um aus unserer Mailingliste entfernt zu werden.\r\n\r\n<strong>Wie sch\u00fctzen wir Ihre Daten?<\/strong>\r\n\r\nWe implement a variety of security measures to maintain the safety of your personal information when you access your personal information.\u00a0 All supplied sensitive\/credit information is transmitted via Secure Socket Layer (SSL) technology and then encrypted into our payment gateway provider's database, only to be accessible by those authorized with special access rights to such systems, and are required to keep the information confidential.\r\n\r\n<strong>Verwenden wir Cookies?<\/strong>\r\n\r\nJa. Cookies sind kleine Dateien, die eine Site oder ihr Dienstanbieter \u00fcber Ihren Webbrowser auf die Festplatte Ihres Computers \u00fcbertr\u00e4gt (sofern Sie dies zulassen), sodass die Systeme der Sites oder Dienstanbieter Ihren Browser erkennen und bestimmte Informationen erfassen und speichern k\u00f6nnen. Wir verwenden Cookies, um aggregierte Daten \u00fcber den Site-Verkehr und die Site-Interaktion zu sammeln, damit wir in Zukunft bessere Site-Erlebnisse und Tools anbieten k\u00f6nnen.\r\n\r\n<strong>Geben wir Informationen an Dritte weiter?\r\n<\/strong>\r\nCommon Cause may, from time to time, share the names and mailing addresses of our members with like-minded non-profit organizations. If you do not wish to have your name shared in this manner, please contact our Membership Services Department at 202.833.1200. We will never rent, share or sell your email address with any third party.\r\n\r\nCommon Cause's website is hosted by a third party service provider and therefore any personal details you submit through the Common Cause website may be processed by that third party service provider.\u00a0 All third party service providers used by Common Cause will process your personal information only on Common Cause's behalf and will be bound by this privacy policy and strict confidentiality conditions.\r\n\r\n<strong>Links zu Drittanbietern<\/strong>\r\n\r\nGelegentlich k\u00f6nnen wir nach eigenem Ermessen Produkte oder Dienstleistungen Dritter auf unserer Website einbinden oder anbieten. Diese Websites Dritter haben separate und unabh\u00e4ngige Datenschutzrichtlinien. Wir \u00fcbernehmen daher keine Verantwortung oder Haftung f\u00fcr den Inhalt und die Aktivit\u00e4ten dieser verlinkten Websites. Dennoch versuchen wir, die Integrit\u00e4t unserer Website zu sch\u00fctzen und freuen uns \u00fcber jedes Feedback zu diesen Websites.\r\n\r\n<strong>Benachrichtigung \u00fcber Urheberrechtsverletzungen<\/strong>\r\n\r\nIf you have a copyright complaint, please follow the procedures set forth in the Digital Millennium Copyright Act. Our agent for notice is Bette Marchant. The agent may be reached by phone at 202-833-1200 or by email at dmca@commoncause.org. Please direct your written correspondence to:\r\n\r\nBette Marchant\r\nCommon Cause\r\n805 15th St NW, Suite 800\r\nWashington, DC 20005\r\n\r\n<strong>Ihr Einverst\u00e4ndnis\r\n<\/strong>\r\nDurch die Nutzung unserer Site stimmen Sie unserer Website und Datenschutzrichtlinie zu.\r\n\r\n<strong>Kontaktm\u00f6glichkeit<\/strong>\r\n\r\nIf there are any questions regarding this privacy policy, you may contact us using the information below:\r\n\r\nEmail: <a href=\"mailto:grassroots@commoncause.org\">grassroots@commoncause.org<\/a>\r\nMailing Address: 805 15th St NW, Suite 800,\u00a0Washington, DC 20010\r\nPhone: 202.833.1200\r\n\r\nTo view IRS Form 990 for Common Cause and Common Cause Education Fund, and audited financial statements, please <a title=\"CC 990 Baujahr 2012\" href=\"\/de\/bildungsfonds-3\/finanzen\/\">klicken Sie hier<\/a>."}}]},"yoast_head":"<!-- This site is optimized with the Yoast SEO Premium plugin v26.6 (Yoast SEO v27.1.1) - https:\/\/yoast.com\/product\/yoast-seo-premium-wordpress\/ -->\n<title>Website Policies - Common Cause<\/title>\n<meta name=\"robots\" content=\"index, follow, max-snippet:-1, max-image-preview:large, max-video-preview:-1\" \/>\n<link rel=\"canonical\" href=\"https:\/\/www.commoncause.org\/de\/website-richtlinien\/\" \/>\n<meta property=\"og:locale\" content=\"de_DE\" \/>\n<meta property=\"og:type\" content=\"article\" \/>\n<meta property=\"og:title\" content=\"Website Policies\" \/>\n<meta property=\"og:url\" content=\"https:\/\/www.commoncause.org\/de\/website-richtlinien\/\" \/>\n<meta property=\"og:site_name\" content=\"Common Cause\" \/>\n<meta property=\"article:publisher\" content=\"https:\/\/www.facebook.com\/CommonCause\" \/>\n<meta property=\"article:modified_time\" content=\"2024-09-03T17:07:12+00:00\" \/>\n<meta property=\"og:image\" content=\"https:\/\/www.commoncause.org\/wp-content\/uploads\/2024\/10\/CC-Share-Graphic-Main9.jpg\" \/>\n\t<meta property=\"og:image:width\" content=\"1200\" \/>\n\t<meta property=\"og:image:height\" content=\"630\" \/>\n\t<meta property=\"og:image:type\" content=\"image\/jpeg\" \/>\n<meta name=\"twitter:card\" content=\"summary_large_image\" \/>\n<meta name=\"twitter:site\" content=\"@CommonCause\" \/>\n<script type=\"application\/ld+json\" class=\"yoast-schema-graph\">{\"@context\":\"https:\/\/schema.org\",\"@graph\":[{\"@type\":\"WebPage\",\"@id\":\"https:\/\/www.commoncause.org\/website-policies\/\",\"url\":\"https:\/\/www.commoncause.org\/website-policies\/\",\"name\":\"Website Policies - Common Cause\",\"isPartOf\":{\"@id\":\"https:\/\/www.commoncause.org\/#website\"},\"datePublished\":\"2018-03-23T19:36:51+00:00\",\"dateModified\":\"2024-09-03T17:07:12+00:00\",\"breadcrumb\":{\"@id\":\"https:\/\/www.commoncause.org\/website-policies\/#breadcrumb\"},\"inLanguage\":\"de\",\"potentialAction\":[{\"@type\":\"ReadAction\",\"target\":[\"https:\/\/www.commoncause.org\/website-policies\/\"]}]},{\"@type\":\"BreadcrumbList\",\"@id\":\"https:\/\/www.commoncause.org\/website-policies\/#breadcrumb\",\"itemListElement\":[{\"@type\":\"ListItem\",\"position\":1,\"name\":\"Home\",\"item\":\"https:\/\/www.commoncause.org\/\"},{\"@type\":\"ListItem\",\"position\":2,\"name\":\"Website Policies\"}]},{\"@type\":\"WebSite\",\"@id\":\"https:\/\/www.commoncause.org\/#website\",\"url\":\"https:\/\/www.commoncause.org\/\",\"name\":\"Common Cause\",\"description\":\"\",\"publisher\":{\"@id\":\"https:\/\/www.commoncause.org\/#organization\"},\"potentialAction\":[{\"@type\":\"SearchAction\",\"target\":{\"@type\":\"EntryPoint\",\"urlTemplate\":\"https:\/\/www.commoncause.org\/?s={search_term_string}\"},\"query-input\":{\"@type\":\"PropertyValueSpecification\",\"valueRequired\":true,\"valueName\":\"search_term_string\"}}],\"inLanguage\":\"de\"},{\"@type\":\"Organization\",\"@id\":\"https:\/\/www.commoncause.org\/#organization\",\"name\":\"Common Cause\",\"url\":\"https:\/\/www.commoncause.org\/\",\"logo\":{\"@type\":\"ImageObject\",\"inLanguage\":\"de\",\"@id\":\"https:\/\/www.commoncause.org\/#\/schema\/logo\/image\/\",\"url\":\"https:\/\/www.commoncause.org\/wp-content\/uploads\/2024\/05\/Common-Cause-Logo.png\",\"contentUrl\":\"https:\/\/www.commoncause.org\/wp-content\/uploads\/2024\/05\/Common-Cause-Logo.png\",\"width\":2066,\"height\":331,\"caption\":\"Common Cause\"},\"image\":{\"@id\":\"https:\/\/www.commoncause.org\/#\/schema\/logo\/image\/\"},\"sameAs\":[\"https:\/\/www.facebook.com\/CommonCause\",\"https:\/\/x.com\/CommonCause\",\"https:\/\/www.instagram.com\/ourcommoncause\/\"]}]}<\/script>\n<!-- \/ Yoast SEO Premium plugin. -->","yoast_head_json":{"title":"Website-Richtlinien - Common Cause","robots":{"index":"index","follow":"follow","max-snippet":"max-snippet:-1","max-image-preview":"max-image-preview:large","max-video-preview":"max-video-preview:-1"},"canonical":"https:\/\/www.commoncause.org\/de\/website-richtlinien\/","og_locale":"de_DE","og_type":"article","og_title":"Website Policies","og_url":"https:\/\/www.commoncause.org\/de\/website-richtlinien\/","og_site_name":"Common Cause","article_publisher":"https:\/\/www.facebook.com\/CommonCause","article_modified_time":"2024-09-03T17:07:12+00:00","og_image":[{"width":1200,"height":630,"url":"https:\/\/www.commoncause.org\/wp-content\/uploads\/2024\/10\/CC-Share-Graphic-Main9.jpg","type":"image\/jpeg"}],"twitter_card":"summary_large_image","twitter_site":"@CommonCause","schema":{"@context":"https:\/\/schema.org","@graph":[{"@type":"WebPage","@id":"https:\/\/www.commoncause.org\/website-policies\/","url":"https:\/\/www.commoncause.org\/website-policies\/","name":"Website-Richtlinien - Common Cause","isPartOf":{"@id":"https:\/\/www.commoncause.org\/#website"},"datePublished":"2018-03-23T19:36:51+00:00","dateModified":"2024-09-03T17:07:12+00:00","breadcrumb":{"@id":"https:\/\/www.commoncause.org\/website-policies\/#breadcrumb"},"inLanguage":"de","potentialAction":[{"@type":"ReadAction","target":["https:\/\/www.commoncause.org\/website-policies\/"]}]},{"@type":"BreadcrumbList","@id":"https:\/\/www.commoncause.org\/website-policies\/#breadcrumb","itemListElement":[{"@type":"ListItem","position":1,"name":"Home","item":"https:\/\/www.commoncause.org\/"},{"@type":"ListItem","position":2,"name":"Website Policies"}]},{"@type":"WebSite","@id":"https:\/\/www.commoncause.org\/#website","url":"https:\/\/www.commoncause.org\/","name":"Gemeinsame Ursache","description":"","publisher":{"@id":"https:\/\/www.commoncause.org\/#organization"},"potentialAction":[{"@type":"SearchAction","target":{"@type":"EntryPoint","urlTemplate":"https:\/\/www.commoncause.org\/?s={search_term_string}"},"query-input":{"@type":"PropertyValueSpecification","valueRequired":true,"valueName":"search_term_string"}}],"inLanguage":"de"},{"@type":"Organization","@id":"https:\/\/www.commoncause.org\/#organization","name":"Gemeinsame Ursache","url":"https:\/\/www.commoncause.org\/","logo":{"@type":"ImageObject","inLanguage":"de","@id":"https:\/\/www.commoncause.org\/#\/schema\/logo\/image\/","url":"https:\/\/www.commoncause.org\/wp-content\/uploads\/2024\/05\/Common-Cause-Logo.png","contentUrl":"https:\/\/www.commoncause.org\/wp-content\/uploads\/2024\/05\/Common-Cause-Logo.png","width":2066,"height":331,"caption":"Common Cause"},"image":{"@id":"https:\/\/www.commoncause.org\/#\/schema\/logo\/image\/"},"sameAs":["https:\/\/www.facebook.com\/CommonCause","https:\/\/x.com\/CommonCause","https:\/\/www.instagram.com\/ourcommoncause\/"]}]}},"distributor_meta":false,"distributor_terms":false,"distributor_media":false,"distributor_original_site_name":"Common Cause","distributor_original_site_url":"https:\/\/www.commoncause.org\/de","push-errors":false,"_links":{"self":[{"href":"https:\/\/www.commoncause.org\/de\/wp-json\/wp\/v2\/pages\/14030","targetHints":{"allow":["GET"]}}],"collection":[{"href":"https:\/\/www.commoncause.org\/de\/wp-json\/wp\/v2\/pages"}],"about":[{"href":"https:\/\/www.commoncause.org\/de\/wp-json\/wp\/v2\/types\/page"}],"author":[{"embeddable":true,"href":"https:\/\/www.commoncause.org\/de\/wp-json\/wp\/v2\/users\/6"}],"replies":[{"embeddable":true,"href":"https:\/\/www.commoncause.org\/de\/wp-json\/wp\/v2\/comments?post=14030"}],"version-history":[{"count":2,"href":"https:\/\/www.commoncause.org\/de\/wp-json\/wp\/v2\/pages\/14030\/revisions"}],"predecessor-version":[{"id":22579,"href":"https:\/\/www.commoncause.org\/de\/wp-json\/wp\/v2\/pages\/14030\/revisions\/22579"}],"wp:attachment":[{"href":"https:\/\/www.commoncause.org\/de\/wp-json\/wp\/v2\/media?parent=14030"}],"curies":[{"name":"wp","href":"https:\/\/api.w.org\/{rel}","templated":true}]}}