{"id":14029,"date":"2018-11-29T18:59:07","date_gmt":"2018-11-29T23:59:07","guid":{"rendered":"https:\/\/www.commoncause.org\/more-ways-to-give\/"},"modified":"2024-10-29T14:21:32","modified_gmt":"2024-10-29T18:21:32","slug":"weitere-moglichkeiten-zu-spenden","status":"publish","type":"page","link":"https:\/\/www.commoncause.org\/de\/more-ways-to-give\/","title":{"rendered":"Andere M\u00f6glichkeiten zu spenden"},"content":{"rendered":"","protected":false},"excerpt":{"rendered":"","protected":false},"author":35,"featured_media":0,"parent":0,"menu_order":0,"comment_status":"closed","ping_status":"closed","template":"","meta":{"_acf_changed":false,"_relevanssi_hide_post":"","_relevanssi_hide_content":"","_relevanssi_pin_for_all":"","_relevanssi_pin_keywords":"","_relevanssi_unpin_keywords":"","_relevanssi_related_keywords":"","_relevanssi_related_include_ids":"","_relevanssi_related_exclude_ids":"","_relevanssi_related_no_append":"","_relevanssi_related_not_related":"","_relevanssi_related_posts":"","_relevanssi_noindex_reason":""},"class_list":["post-14029","page","type-page","status-publish","hentry"],"acf":{"header":{"component_page_header":{"header_type":"default","title":"","lead":"","image":5207,"subnavigation":false}},"sidebar":{"helper_enable_sidebar":false,"helper_media_contact":{"heading":"Media Contact","manually_enter_person":false,"person":"","name":"","role":"","phone":"","email":""},"helper_links_downloads":{"heading":"Links & Downloads","links":null}},"page_layout":[{"acf_fc_layout":"layout_wysiwyg","_acfe_flexible_toggle":"","component_wysiwyg":{"content":"There are many ways to support Common Cause's mission to hold power accountable. If you have questions or do not see your preferred method of giving listed please contact Membership Services at<span class=\"w8qArf\"><span class=\"eTVOZd\">:<\/span> (<\/span><span class=\"LrzXr zdqRlf kno-fv\"><span aria-label=\"Rufen Sie die Telefonnummer (202) 833-1200 an\">202)833-1200<\/span><\/span> oder\u00a0<a href=\"mailto:giving@commoncause.org\">giving@commoncause.org<\/a>\u00a0and we'll be happy to discuss your options for making a contribution.\r\n\r\nTax ID #52-6078441"}},{"acf_fc_layout":"layout_wysiwyg","_acfe_flexible_toggle":"","component_wysiwyg":{"content":"<a class=\"button1\" role=\"button\" href=\"https:\/\/www.commoncause.org\/wp-content\/uploads\/2018\/12\/DonationForm_2_UPDATED_C4-version_REVISED_2.pdf\">Common Cause-Spendenformular<\/a>\r\n\r\n<a class=\"button1\" role=\"button\" href=\"https:\/\/www.commoncause.org\/wp-content\/uploads\/2018\/12\/DonationForm_2_UPDATED_C3-version_REVISED_2.pdf\">Spendenformular f\u00fcr den Common Cause Education Fund<\/a>"}},{"acf_fc_layout":"layout_wysiwyg","_acfe_flexible_toggle":"","component_wysiwyg":{"content":"<h3>Andere M\u00f6glichkeiten zu spenden \u2026<\/h3>\r\nEs gibt viele M\u00f6glichkeiten, die Mission von Common Cause zu unterst\u00fctzen, die Macht zur Verantwortung zu ziehen. Wenn Sie Fragen haben oder Ihre bevorzugte Spendenmethode nicht aufgef\u00fchrt ist, wenden Sie sich bitte an den Mitgliederservice unter: (202) 833-1200 oder\u00a0<a href=\"mailto:giving@commoncause.org\">giving@commoncause.org<\/a>\u00a0und wir besprechen gerne Ihre M\u00f6glichkeiten, einen Beitrag zu leisten.\r\n\r\n<strong>Mail-Check\u00a0<\/strong>\r\n\r\nWir verstehen, dass manche Mitglieder ihre Spende lieber per Post verschicken m\u00f6chten. Wenn Sie das m\u00f6chten, verwenden Sie bitte die Informationen auf diesem Formular: <a href=\"https:\/\/www.commoncause.org\/wp-content\/uploads\/2018\/12\/DonationForm_2_UPDATED_C4-version_REVISED_2.pdf\" target=\"_new\" rel=\"noopener\">Spendenformular<\/a>.\r\n\r\nMail your completed form to:\r\n\r\nCommon Cause\r\n805 15th St NW, Suite 800\r\nWashington, DC 20005\r\n\r\n<strong>Gedenk- und Ehrengeschenke<\/strong>\r\n\r\nA gift uplifting democracy in the name of your loved one is a wonderful way to show support for Common Cause's work. <a href=\"https:\/\/www.commoncause.org\/de\/memorial-honorary-gifts\/\">Wenn Sie eine Gedenk- oder Ehrenspende machen m\u00f6chten, klicken Sie bitte hier<\/a> oder kontaktieren Sie Sam Anderson-Chinnes unter <a href=\"mailto:sanderson@commoncause.org\">sanderson@commoncause.org<\/a>.\r\n\r\n<strong>Spenden Sie aus Ihrem Spenderfonds\u00a0<\/strong>\r\n\r\nBitte ziehen Sie in Erw\u00e4gung, dem Common Cause Education Fund \u00fcber Ihren empfohlenen Spendenfonds eine Spende zukommen zu lassen. <b>Fragen?<\/b> Bitte senden Sie eine E-Mail oder rufen Sie Rachel Queirolo, National Director of Major Gifts, an unter <a href=\"mailto:rqueirolo@commoncause.org\">rqueirolo@commoncause.org<\/a> oder (202) 736-5773.\r\n\r\n<strong>Steuerlich absetzbare Spenden<\/strong>\r\n\r\nSpenden an Common Cause sind nicht steuerlich absetzbar, da unsere Arbeit auch Lobbyarbeit f\u00fcr Reformen umfasst. Sie k\u00f6nnen jedoch eine steuerlich absetzbare Spende an unseren Partner Common Cause Education Fund leisten, eine gemeinn\u00fctzige 501(c)3-Organisation, die unsere Bem\u00fchungen unterst\u00fctzt, Machthaber durch b\u00fcrgerschaftliches Engagement und \u00f6ffentliche Bildung zur Rechenschaft zu ziehen. <a href=\"https:\/\/www.commoncause.org\/de\/spenden\/bildungsfonds-3\/\">Klicken Sie hier, um Ihre steuerlich absetzbare Spende zu t\u00e4tigen &gt;&gt;<\/a>\r\n\r\n<strong>Rentenkonto und IRA-Spenden<\/strong>\r\n\r\nDie Aufnahme des Common Cause Education Fund als Beg\u00fcnstigter Ihres Rentenkontos oder IRA ist eine weitere einfache und steuereffiziente M\u00f6glichkeit, die Demokratie zu st\u00e4rken und eine gute Regierungsf\u00fchrung zu f\u00f6rdern. <a href=\"https:\/\/www.commoncause.org\/de\/pensionsfonds-oder-iras\/\">Klicken Sie hier, um mehr \u00fcber Altersvorsorgekonten und IRA-Spenden zu erfahren.<\/a>\r\n\r\n<strong>Unterst\u00fctzen Sie Common Cause in Ihrem Testament<\/strong>\r\n\r\nHelfen Sie mit, das Versprechen der Demokratie f\u00fcr die n\u00e4chste Generation zu garantieren, indem Sie <a href=\"https:\/\/www.commoncause.org\/de\/support-common-cause-in-your-will\/\">Nachlassgeschenk, wie z. B. ein Verm\u00e4chtnis oder eine andere geplante Schenkung<\/a>. Verwenden Sie diese <a href=\"https:\/\/www.freewill.com\/commoncause?utm_source=partner&amp;utm_medium=donatepage&amp;utm_campaign=commoncause_website\">KOSTENLOSES Tool zum Verfassen von Testamenten<\/a> f\u00fcr einen schnellen und einfachen Einstieg.\r\n\r\n<strong>Spenden am Arbeitsplatz<\/strong>\r\n\r\nEine Spende an Common Cause \u00fcber den Arbeitsplatz ist praktisch und wirkungsvoll. Mitarbeiter k\u00f6nnen damit m\u00fchelos \u00fcber Gehaltsabz\u00fcge Bem\u00fchungen um staatliche Rechenschaftspflicht und Demokratiereformen unterst\u00fctzen. Spendenverdopplungsprogramme k\u00f6nnen die Beitr\u00e4ge verst\u00e4rken und so die Wirkung maximieren. <a href=\"https:\/\/www.commoncause.org\/de\/spenden-am-arbeitsplatz\/\">Erfahren Sie hier mehr \u00fcber Spenden am Arbeitsplatz &gt;&gt;<\/a>\r\n\r\n<strong>Aktiengeschenke<\/strong>\r\n\r\nSchenkungen in Form von Aktien und Wertpapieren k\u00f6nnen an Common Cause und unseren Partner Common Cause Education Fund \u00fcber Wells Fargo erfolgen. <a href=\"https:\/\/www.commoncause.org\/de\/geschenke-von-aktien\/\">F\u00fcr Einzelheiten zu Aktiengeschenken klicken Sie hier &gt;&gt;<\/a>\r\n\r\n<strong>Unterst\u00fctzung von Common Cause durch eine Stiftung<\/strong>\r\n\r\nWenn Sie einer Stiftung angeh\u00f6ren und mehr \u00fcber unsere Wirkung erfahren oder eine Spende an den Common Cause Education Fund senden m\u00f6chten, wenden Sie sich bitte an unseren Direktor f\u00fcr Stiftungsbeziehungen, Sam Voorhees, unter <a href=\"mailto:svoorhees@commoncause.org\">svoorhees@commoncause.org<\/a> oder (202)-736-5723.\r\n\r\n<strong>F\u00fchrung geben<\/strong>\r\n\r\nMit einer Spende von $10.000 oder mehr schlie\u00dfen Sie sich einer Gruppe engagierter Demokratieverteidiger im ganzen Land an. Ihre Spende unterst\u00fctzt unseren Wahlschutz, unsere Rechtsstreitigkeiten, die Neugliederung der Wahlbezirke, den Kampf gegen Wahlf\u00e4lschungen, die Arbeit, Trump zur Rechenschaft zu ziehen und vieles mehr. <b>Fragen?<\/b> Bitte senden Sie eine E-Mail oder rufen Sie Rachel Queirolo, National Director of Major Gifts, an unter <a href=\"mailto:rqueirolo@commoncause.org\">rqueirolo@commoncause.org<\/a> oder 202-736-5773."}}]},"yoast_head":"<!-- This site is optimized with the Yoast SEO Premium plugin v26.6 (Yoast SEO v27.1.1) - https:\/\/yoast.com\/product\/yoast-seo-premium-wordpress\/ -->\n<title>Other Ways to Give - Common Cause<\/title>\n<meta name=\"robots\" content=\"index, follow, max-snippet:-1, max-image-preview:large, max-video-preview:-1\" \/>\n<link rel=\"canonical\" href=\"https:\/\/www.commoncause.org\/de\/weitere-moglichkeiten-zu-spenden\/\" \/>\n<meta property=\"og:locale\" content=\"de_DE\" \/>\n<meta property=\"og:type\" content=\"article\" \/>\n<meta property=\"og:title\" content=\"Other Ways to Give\" \/>\n<meta property=\"og:url\" content=\"https:\/\/www.commoncause.org\/de\/weitere-moglichkeiten-zu-spenden\/\" \/>\n<meta property=\"og:site_name\" content=\"Common Cause\" \/>\n<meta property=\"article:publisher\" content=\"https:\/\/www.facebook.com\/CommonCause\" \/>\n<meta property=\"article:modified_time\" content=\"2024-10-29T18:21:32+00:00\" \/>\n<meta property=\"og:image\" content=\"https:\/\/www.commoncause.org\/wp-content\/uploads\/2024\/10\/CC-Share-Graphic-Main9.jpg\" \/>\n\t<meta property=\"og:image:width\" content=\"1200\" \/>\n\t<meta property=\"og:image:height\" content=\"630\" \/>\n\t<meta property=\"og:image:type\" content=\"image\/jpeg\" \/>\n<meta name=\"twitter:card\" content=\"summary_large_image\" \/>\n<meta name=\"twitter:site\" content=\"@CommonCause\" \/>\n<script type=\"application\/ld+json\" class=\"yoast-schema-graph\">{\"@context\":\"https:\/\/schema.org\",\"@graph\":[{\"@type\":\"WebPage\",\"@id\":\"https:\/\/www.commoncause.org\/more-ways-to-give\/\",\"url\":\"https:\/\/www.commoncause.org\/more-ways-to-give\/\",\"name\":\"Other Ways to Give - Common Cause\",\"isPartOf\":{\"@id\":\"https:\/\/www.commoncause.org\/#website\"},\"datePublished\":\"2018-11-29T23:59:07+00:00\",\"dateModified\":\"2024-10-29T18:21:32+00:00\",\"breadcrumb\":{\"@id\":\"https:\/\/www.commoncause.org\/more-ways-to-give\/#breadcrumb\"},\"inLanguage\":\"de\",\"potentialAction\":[{\"@type\":\"ReadAction\",\"target\":[\"https:\/\/www.commoncause.org\/more-ways-to-give\/\"]}]},{\"@type\":\"BreadcrumbList\",\"@id\":\"https:\/\/www.commoncause.org\/more-ways-to-give\/#breadcrumb\",\"itemListElement\":[{\"@type\":\"ListItem\",\"position\":1,\"name\":\"Home\",\"item\":\"https:\/\/www.commoncause.org\/\"},{\"@type\":\"ListItem\",\"position\":2,\"name\":\"Other Ways to Give\"}]},{\"@type\":\"WebSite\",\"@id\":\"https:\/\/www.commoncause.org\/#website\",\"url\":\"https:\/\/www.commoncause.org\/\",\"name\":\"Common Cause\",\"description\":\"\",\"publisher\":{\"@id\":\"https:\/\/www.commoncause.org\/#organization\"},\"potentialAction\":[{\"@type\":\"SearchAction\",\"target\":{\"@type\":\"EntryPoint\",\"urlTemplate\":\"https:\/\/www.commoncause.org\/?s={search_term_string}\"},\"query-input\":{\"@type\":\"PropertyValueSpecification\",\"valueRequired\":true,\"valueName\":\"search_term_string\"}}],\"inLanguage\":\"de\"},{\"@type\":\"Organization\",\"@id\":\"https:\/\/www.commoncause.org\/#organization\",\"name\":\"Common Cause\",\"url\":\"https:\/\/www.commoncause.org\/\",\"logo\":{\"@type\":\"ImageObject\",\"inLanguage\":\"de\",\"@id\":\"https:\/\/www.commoncause.org\/#\/schema\/logo\/image\/\",\"url\":\"https:\/\/www.commoncause.org\/wp-content\/uploads\/2024\/05\/Common-Cause-Logo.png\",\"contentUrl\":\"https:\/\/www.commoncause.org\/wp-content\/uploads\/2024\/05\/Common-Cause-Logo.png\",\"width\":2066,\"height\":331,\"caption\":\"Common Cause\"},\"image\":{\"@id\":\"https:\/\/www.commoncause.org\/#\/schema\/logo\/image\/\"},\"sameAs\":[\"https:\/\/www.facebook.com\/CommonCause\",\"https:\/\/x.com\/CommonCause\",\"https:\/\/www.instagram.com\/ourcommoncause\/\"]}]}<\/script>\n<!-- \/ Yoast SEO Premium plugin. -->","yoast_head_json":{"title":"Andere M\u00f6glichkeiten zu spenden - Common Cause","robots":{"index":"index","follow":"follow","max-snippet":"max-snippet:-1","max-image-preview":"max-image-preview:large","max-video-preview":"max-video-preview:-1"},"canonical":"https:\/\/www.commoncause.org\/de\/weitere-moglichkeiten-zu-spenden\/","og_locale":"de_DE","og_type":"article","og_title":"Other Ways to Give","og_url":"https:\/\/www.commoncause.org\/de\/weitere-moglichkeiten-zu-spenden\/","og_site_name":"Common Cause","article_publisher":"https:\/\/www.facebook.com\/CommonCause","article_modified_time":"2024-10-29T18:21:32+00:00","og_image":[{"width":1200,"height":630,"url":"https:\/\/www.commoncause.org\/wp-content\/uploads\/2024\/10\/CC-Share-Graphic-Main9.jpg","type":"image\/jpeg"}],"twitter_card":"summary_large_image","twitter_site":"@CommonCause","schema":{"@context":"https:\/\/schema.org","@graph":[{"@type":"WebPage","@id":"https:\/\/www.commoncause.org\/more-ways-to-give\/","url":"https:\/\/www.commoncause.org\/more-ways-to-give\/","name":"Andere M\u00f6glichkeiten zu spenden - Common Cause","isPartOf":{"@id":"https:\/\/www.commoncause.org\/#website"},"datePublished":"2018-11-29T23:59:07+00:00","dateModified":"2024-10-29T18:21:32+00:00","breadcrumb":{"@id":"https:\/\/www.commoncause.org\/more-ways-to-give\/#breadcrumb"},"inLanguage":"de","potentialAction":[{"@type":"ReadAction","target":["https:\/\/www.commoncause.org\/more-ways-to-give\/"]}]},{"@type":"BreadcrumbList","@id":"https:\/\/www.commoncause.org\/more-ways-to-give\/#breadcrumb","itemListElement":[{"@type":"ListItem","position":1,"name":"Home","item":"https:\/\/www.commoncause.org\/"},{"@type":"ListItem","position":2,"name":"Other Ways to Give"}]},{"@type":"WebSite","@id":"https:\/\/www.commoncause.org\/#website","url":"https:\/\/www.commoncause.org\/","name":"Gemeinsame Ursache","description":"","publisher":{"@id":"https:\/\/www.commoncause.org\/#organization"},"potentialAction":[{"@type":"SearchAction","target":{"@type":"EntryPoint","urlTemplate":"https:\/\/www.commoncause.org\/?s={search_term_string}"},"query-input":{"@type":"PropertyValueSpecification","valueRequired":true,"valueName":"search_term_string"}}],"inLanguage":"de"},{"@type":"Organization","@id":"https:\/\/www.commoncause.org\/#organization","name":"Gemeinsame Ursache","url":"https:\/\/www.commoncause.org\/","logo":{"@type":"ImageObject","inLanguage":"de","@id":"https:\/\/www.commoncause.org\/#\/schema\/logo\/image\/","url":"https:\/\/www.commoncause.org\/wp-content\/uploads\/2024\/05\/Common-Cause-Logo.png","contentUrl":"https:\/\/www.commoncause.org\/wp-content\/uploads\/2024\/05\/Common-Cause-Logo.png","width":2066,"height":331,"caption":"Common Cause"},"image":{"@id":"https:\/\/www.commoncause.org\/#\/schema\/logo\/image\/"},"sameAs":["https:\/\/www.facebook.com\/CommonCause","https:\/\/x.com\/CommonCause","https:\/\/www.instagram.com\/ourcommoncause\/"]}]}},"distributor_meta":false,"distributor_terms":false,"distributor_media":false,"distributor_original_site_name":"Common Cause","distributor_original_site_url":"https:\/\/www.commoncause.org\/de","push-errors":false,"_links":{"self":[{"href":"https:\/\/www.commoncause.org\/de\/wp-json\/wp\/v2\/pages\/14029","targetHints":{"allow":["GET"]}}],"collection":[{"href":"https:\/\/www.commoncause.org\/de\/wp-json\/wp\/v2\/pages"}],"about":[{"href":"https:\/\/www.commoncause.org\/de\/wp-json\/wp\/v2\/types\/page"}],"author":[{"embeddable":true,"href":"https:\/\/www.commoncause.org\/de\/wp-json\/wp\/v2\/users\/35"}],"replies":[{"embeddable":true,"href":"https:\/\/www.commoncause.org\/de\/wp-json\/wp\/v2\/comments?post=14029"}],"version-history":[{"count":7,"href":"https:\/\/www.commoncause.org\/de\/wp-json\/wp\/v2\/pages\/14029\/revisions"}],"predecessor-version":[{"id":23948,"href":"https:\/\/www.commoncause.org\/de\/wp-json\/wp\/v2\/pages\/14029\/revisions\/23948"}],"wp:attachment":[{"href":"https:\/\/www.commoncause.org\/de\/wp-json\/wp\/v2\/media?parent=14029"}],"curies":[{"name":"wp","href":"https:\/\/api.w.org\/{rel}","templated":true}]}}