{"id":13995,"date":"2019-11-14T17:38:42","date_gmt":"2019-11-14T22:38:42","guid":{"rendered":"https:\/\/www.commoncause.org\/retirement-funds-or-iras\/"},"modified":"2024-12-10T15:20:56","modified_gmt":"2024-12-10T20:20:56","slug":"pensionsfonds-oder-iras","status":"publish","type":"page","link":"https:\/\/www.commoncause.org\/de\/donate\/retirement-funds-or-iras\/","title":{"rendered":"Schenkung auf ein IRA- oder Rentenkonto"},"content":{"rendered":"","protected":false},"excerpt":{"rendered":"","protected":false},"author":33,"featured_media":0,"parent":1284,"menu_order":0,"comment_status":"closed","ping_status":"closed","template":"","meta":{"_acf_changed":false,"_relevanssi_hide_post":"","_relevanssi_hide_content":"","_relevanssi_pin_for_all":"","_relevanssi_pin_keywords":"","_relevanssi_unpin_keywords":"","_relevanssi_related_keywords":"","_relevanssi_related_include_ids":"","_relevanssi_related_exclude_ids":"","_relevanssi_related_no_append":"","_relevanssi_related_not_related":"","_relevanssi_related_posts":"","_relevanssi_noindex_reason":""},"class_list":["post-13995","page","type-page","status-publish","hentry"],"acf":{"header":{"component_page_header":{"header_type":"default","title":"","lead":"","image":"","subnavigation":false}},"sidebar":{"helper_enable_sidebar":false,"helper_media_contact":{"heading":"Media Contact","manually_enter_person":false,"person":"","name":"","role":"","phone":"","email":""},"helper_links_downloads":{"heading":"Links & Downloads","links":null}},"page_layout":[{"acf_fc_layout":"layout_wysiwyg","_acfe_flexible_toggle":"","component_wysiwyg":{"content":"Donating to Common Cause through your IRA or other retirement accounts can be a tax-efficient way to support our mission. Here's how it works and the benefits it provides:<span data-ccp-props=\"{&quot;134233117&quot;:false,&quot;134233118&quot;:false,&quot;201341983&quot;:0,&quot;335559738&quot;:0,&quot;335559739&quot;:0,&quot;335559740&quot;:279}\">\u00a0<\/span>\r\n\r\n<span data-contrast=\"auto\">Um Common Cause als Beg\u00fcnstigten in Ihren Renten- oder sonstigen Finanzplanungsplan aufzunehmen, f\u00fcllen Sie bei Ihrem Plananbieter einfach ein Formular zur \u201e\u00c4nderung des Beg\u00fcnstigten\u201c aus.\u00a0<\/span><span data-ccp-props=\"{&quot;134233117&quot;:false,&quot;134233118&quot;:false,&quot;201341983&quot;:0,&quot;335559738&quot;:0,&quot;335559739&quot;:0,&quot;335559740&quot;:279}\">\u00a0<\/span>\r\n\r\n<span data-contrast=\"auto\">Zum Ausf\u00fcllen des Formulars ben\u00f6tigen Sie folgende Angaben:<\/span><span data-ccp-props=\"{&quot;134233117&quot;:false,&quot;134233118&quot;:false,&quot;201341983&quot;:0,&quot;335559738&quot;:0,&quot;335559739&quot;:0,&quot;335559740&quot;:279}\">\u00a0<\/span>\r\n\r\n<span data-contrast=\"auto\">Common Cause Bildungsfonds<\/span>\r\n<span data-contrast=\"auto\">Achtung: <\/span><span data-contrast=\"auto\">Sam Anderson-Chinnes<\/span>\r\n<span data-contrast=\"auto\">805 15th Street NW, Suite 800<\/span>\r\n<span data-contrast=\"auto\">Washington, DC 20005<\/span>\r\n<span data-contrast=\"auto\">Steuernummer 31-1705370<\/span><span data-ccp-props=\"{&quot;134233117&quot;:false,&quot;134233118&quot;:false,&quot;201341983&quot;:0,&quot;335559738&quot;:0,&quot;335559739&quot;:0,&quot;335559740&quot;:279}\">\u00a0<\/span>\r\n\r\n<span data-contrast=\"auto\">Wenn Sie Fragen zu einer Schenkung im Rahmen einer IRA oder eines Rentenplans haben oder weitere Informationen ben\u00f6tigen, wenden Sie sich bitte an das Mitgliederteam unter <\/span><a href=\"mailto:giving@commoncause.org\"><span data-ccp-charstyle=\"Hyperlink\">giving@commoncause.org<\/span><\/a><span data-contrast=\"auto\">.<\/span><span data-ccp-props=\"{&quot;134233117&quot;:false,&quot;134233118&quot;:false,&quot;201341983&quot;:0,&quot;335559738&quot;:0,&quot;335559739&quot;:0,&quot;335559740&quot;:279}\">\u00a0<\/span>\r\n\r\n<span data-contrast=\"auto\"><strong>Qualifizierte gemeinn\u00fctzige Spenden (QCDs)<\/strong><\/span><span data-ccp-props=\"{&quot;134233117&quot;:false,&quot;134233118&quot;:false,&quot;201341983&quot;:0,&quot;335559738&quot;:0,&quot;335559739&quot;:0,&quot;335559740&quot;:279}\">\u00a0<\/span>\r\n<ol>\r\n \t<li><span data-contrast=\"auto\"> <strong>Teilnahmeberechtigung<\/strong><\/span><span data-contrast=\"auto\">:<\/span><\/li>\r\n<\/ol>\r\n<ul>\r\n \t<li><span data-contrast=\"auto\"> <strong>Altersvoraussetzung<\/strong><\/span><span data-contrast=\"auto\">: Sie m\u00fcssen mindestens 70\u00bd Jahre alt sein, um eine qualifizierte gemeinn\u00fctzige Aussch\u00fcttung (QCD) aus Ihrem IRA vorzunehmen.<\/span><\/li>\r\n \t<li><span data-contrast=\"auto\"> <strong>Kontotyp<\/strong><\/span><span data-contrast=\"auto\">: Die QCD muss aus einer herk\u00f6mmlichen IRA stammen, obwohl einige vom Arbeitgeber gef\u00f6rderte Altersvorsorgepl\u00e4ne m\u00f6glicherweise in Frage kommen, wenn sie zuerst in eine IRA umgewandelt werden.<\/span><\/li>\r\n<\/ul>\r\n<ol start=\"2\">\r\n \t<li><span data-contrast=\"auto\"> <strong>Steuervorteile<\/strong><\/span><span data-contrast=\"auto\">:<\/span><\/li>\r\n<\/ol>\r\n<ul>\r\n \t<li><span data-contrast=\"auto\"> <strong>Vermeidung von Einkommenssteuern<\/strong><\/span><span data-contrast=\"auto\">: QCDs sind von Ihrem steuerpflichtigen Einkommen ausgeschlossen. Dies kann von Vorteil sein, da Sie dadurch m\u00f6glicherweise h\u00f6here Einkommenssteuerklassen und eine m\u00f6gliche Besteuerung von Sozialversicherungsleistungen vermeiden k\u00f6nnen.<\/span><\/li>\r\n \t<li><span data-contrast=\"auto\"> <strong>Erforderliche Mindestaussch\u00fcttungen (RMDs)<\/strong><\/span><span data-contrast=\"auto\">: QCDs werden auf Ihre erforderlichen Mindestaussch\u00fcttungen (RMDs) angerechnet, die Sie ab dem Alter von 73 Jahren erhalten m\u00fcssen. Indem Sie diese Aussch\u00fcttungen an wohlt\u00e4tige Zwecke weiterleiten, k\u00f6nnen Sie Ihr zu versteuerndes Einkommen reduzieren.<\/span><\/li>\r\n<\/ul>\r\n<ol start=\"3\">\r\n \t<li><span data-contrast=\"auto\"> <strong>Beitragsgrenzen<\/strong><\/span><span data-contrast=\"auto\">:<\/span><\/li>\r\n<\/ol>\r\n<ul>\r\n \t<li><span data-contrast=\"auto\"> <strong>Jahreslimit<\/strong><\/span><span data-contrast=\"auto\">: Sie k\u00f6nnen bis zu $100.000 pro Jahr direkt von Ihrem IRA an eine anerkannte Wohlt\u00e4tigkeitsorganisation wie Common Cause spenden.<\/span><\/li>\r\n \t<li><span data-contrast=\"auto\"> <strong>Verheiratete Paare<\/strong><\/span><span data-contrast=\"auto\">: Wenn beide Ehepartner IRAs haben und mindestens 70\u00bd Jahre alt sind, kann jeder bis zu $100.000 spenden, insgesamt also $200.000 pro Jahr.<\/span><\/li>\r\n<\/ul>\r\n<span data-contrast=\"auto\"><strong>So erstellen Sie ein QCD zu Common Cause<\/strong><\/span><span data-ccp-props=\"{&quot;134233117&quot;:false,&quot;134233118&quot;:false,&quot;201341983&quot;:0,&quot;335559738&quot;:0,&quot;335559739&quot;:0,&quot;335559740&quot;:279}\">\u00a0<\/span>\r\n<ol start=\"4\">\r\n \t<li><span data-contrast=\"auto\"> <strong>Kontaktieren Sie Ihren IRA-Depotverwalter<\/strong><\/span><span data-contrast=\"auto\">:<\/span><\/li>\r\n<\/ol>\r\n<ul>\r\n \t<li><span data-contrast=\"auto\"> Informieren Sie Ihren IRA-Verwalter dar\u00fcber, dass Sie eine qualifizierte gemeinn\u00fctzige Spende an Common Cause vornehmen m\u00f6chten. Er wird Ihnen die erforderlichen Formulare und Anweisungen zur Verf\u00fcgung stellen.<\/span><\/li>\r\n<\/ul>\r\n<ol start=\"5\">\r\n \t<li><span data-contrast=\"auto\"> <strong>Geben Sie Informationen zur Wohlt\u00e4tigkeitsorganisation an<\/strong><\/span><span data-contrast=\"auto\">:<\/span><\/li>\r\n<\/ol>\r\n<ul>\r\n \t<li><span data-contrast=\"auto\"> Teilen Sie Ihrem Verwalter die folgenden Details zu Common Cause mit:<\/span><\/li>\r\n \t<li><span data-contrast=\"auto\"> <strong>Gesetzlicher Name<\/strong><\/span><span data-contrast=\"auto\">: Common Cause Bildungsfonds<\/span><\/li>\r\n \t<li><span data-contrast=\"auto\"> <strong>Adresse<\/strong><\/span><span data-contrast=\"auto\">: 805 15th Street NW, Suite 800, Washington, DC 20005<\/span><\/li>\r\n \t<li><span data-contrast=\"auto\"> <strong>Umsatzsteuer-Identifikationsnummer<\/strong><\/span><span data-contrast=\"auto\">: 31-1705370\u00a0<\/span><\/li>\r\n<\/ul>\r\n<ol start=\"6\">\r\n \t<li><span data-contrast=\"auto\"> <strong>Geben Sie den Betrag an<\/strong><\/span><span data-contrast=\"auto\">:<\/span><\/li>\r\n<\/ol>\r\n<ul>\r\n \t<li><span data-contrast=\"auto\"> Geben Sie den Betrag an, den Sie spenden m\u00f6chten. Denken Sie daran, dass die Auszahlung direkt von Ihrem IRA an Common Cause erfolgen muss, um als QCD zu gelten.<\/span><\/li>\r\n<\/ul>\r\n<ol start=\"7\">\r\n \t<li><span data-contrast=\"auto\"> <strong>F\u00fchren Sie Aufzeichnungen<\/strong><\/span><span data-contrast=\"auto\">:<\/span><\/li>\r\n<\/ol>\r\n<ul>\r\n \t<li><span data-contrast=\"auto\"> Bewahren Sie eine Kopie des Anweisungsschreibens an Ihren IRA-Verwalter und jegliche Korrespondenz von Common Cause mit der Best\u00e4tigung Ihrer Spende auf. Diese Dokumentation ist f\u00fcr Ihre Steuerunterlagen unerl\u00e4sslich.<\/span><\/li>\r\n<\/ul>\r\n<span data-contrast=\"auto\">\u00a0<\/span><span data-ccp-props=\"{&quot;134233117&quot;:false,&quot;134233118&quot;:false,&quot;201341983&quot;:0,&quot;335559738&quot;:0,&quot;335559739&quot;:0,&quot;335559740&quot;:279}\">\u00a0<\/span>\r\n\r\n<span data-contrast=\"auto\"><strong>Weitere \u00dcberlegungen<\/strong><\/span><span data-ccp-props=\"{&quot;134233117&quot;:false,&quot;134233118&quot;:false,&quot;201341983&quot;:0,&quot;335559738&quot;:0,&quot;335559739&quot;:0,&quot;335559740&quot;:279}\">\u00a0<\/span>\r\n<ol start=\"8\">\r\n \t<li><span data-contrast=\"auto\"> <strong>Nicht-IRA-Altersvorsorgekonten<\/strong><\/span><span data-contrast=\"auto\">:<\/span><\/li>\r\n<\/ol>\r\n<ul>\r\n \t<li><span data-contrast=\"auto\"> Wenn Sie \u00fcber andere Altersvorsorgekonten wie z. B. ein 401(k)- oder 403(b)-Konto verf\u00fcgen, m\u00fcssen Sie diese Gelder m\u00f6glicherweise in ein herk\u00f6mmliches IRA-Konto umwandeln, bevor Sie eine QCD vornehmen.<\/span><\/li>\r\n<\/ul>\r\n<ol start=\"9\">\r\n \t<li><span data-contrast=\"auto\"> <strong>Steuerplanung<\/strong><\/span><span data-contrast=\"auto\">:<\/span><\/li>\r\n<\/ol>\r\n<ul>\r\n \t<li><span data-contrast=\"auto\"> Konsultieren Sie einen Steuerberater, um die Auswirkungen von QCDs auf Ihre allgemeine Steuersituation zu verstehen. Dies kann Ihnen helfen, den Nutzen Ihrer Spendenstrategie zu maximieren.<\/span><\/li>\r\n<\/ul>\r\n<ol start=\"10\">\r\n \t<li><span data-contrast=\"auto\"> <strong>Timing<\/strong><\/span><span data-contrast=\"auto\">:<\/span><\/li>\r\n<\/ol>\r\n<ul>\r\n \t<li><span data-contrast=\"auto\"> Stellen Sie sicher, dass die Auszahlung bis zum 31. Dezember abgeschlossen ist, wenn Sie m\u00f6chten, dass sie f\u00fcr Ihr RMD f\u00fcr das laufende Jahr angerechnet wird. Beginnen Sie den Vorgang fr\u00fchzeitig, um Verz\u00f6gerungen zu vermeiden.<\/span><\/li>\r\n<\/ul>"}}]},"yoast_head":"<!-- This site is optimized with the Yoast SEO Premium plugin v26.6 (Yoast SEO v27.1.1) - https:\/\/yoast.com\/product\/yoast-seo-premium-wordpress\/ -->\n<title>IRA or Retirement Account Giving - Common Cause<\/title>\n<meta name=\"robots\" content=\"index, follow, max-snippet:-1, max-image-preview:large, max-video-preview:-1\" \/>\n<link rel=\"canonical\" href=\"https:\/\/www.commoncause.org\/de\/spenden\/pensionsfonds-oder-iras\/\" \/>\n<meta property=\"og:locale\" content=\"de_DE\" \/>\n<meta property=\"og:type\" content=\"article\" \/>\n<meta property=\"og:title\" content=\"IRA or Retirement Account Giving\" \/>\n<meta property=\"og:url\" content=\"https:\/\/www.commoncause.org\/de\/spenden\/pensionsfonds-oder-iras\/\" \/>\n<meta property=\"og:site_name\" content=\"Common Cause\" \/>\n<meta property=\"article:publisher\" content=\"https:\/\/www.facebook.com\/CommonCause\" \/>\n<meta property=\"article:modified_time\" content=\"2024-12-10T20:20:56+00:00\" \/>\n<meta property=\"og:image\" content=\"https:\/\/www.commoncause.org\/wp-content\/uploads\/2024\/10\/CC-Share-Graphic-Main9.jpg\" \/>\n\t<meta property=\"og:image:width\" content=\"1200\" \/>\n\t<meta property=\"og:image:height\" content=\"630\" \/>\n\t<meta property=\"og:image:type\" content=\"image\/jpeg\" \/>\n<meta name=\"twitter:card\" content=\"summary_large_image\" \/>\n<meta name=\"twitter:site\" content=\"@CommonCause\" \/>\n<script type=\"application\/ld+json\" class=\"yoast-schema-graph\">{\"@context\":\"https:\/\/schema.org\",\"@graph\":[{\"@type\":\"WebPage\",\"@id\":\"https:\/\/www.commoncause.org\/donate\/retirement-funds-or-iras\/\",\"url\":\"https:\/\/www.commoncause.org\/donate\/retirement-funds-or-iras\/\",\"name\":\"IRA or Retirement Account Giving - Common Cause\",\"isPartOf\":{\"@id\":\"https:\/\/www.commoncause.org\/#website\"},\"datePublished\":\"2019-11-14T22:38:42+00:00\",\"dateModified\":\"2024-12-10T20:20:56+00:00\",\"breadcrumb\":{\"@id\":\"https:\/\/www.commoncause.org\/donate\/retirement-funds-or-iras\/#breadcrumb\"},\"inLanguage\":\"de\",\"potentialAction\":[{\"@type\":\"ReadAction\",\"target\":[\"https:\/\/www.commoncause.org\/donate\/retirement-funds-or-iras\/\"]}]},{\"@type\":\"BreadcrumbList\",\"@id\":\"https:\/\/www.commoncause.org\/donate\/retirement-funds-or-iras\/#breadcrumb\",\"itemListElement\":[{\"@type\":\"ListItem\",\"position\":1,\"name\":\"Home\",\"item\":\"https:\/\/www.commoncause.org\/\"},{\"@type\":\"ListItem\",\"position\":2,\"name\":\"Donate\",\"item\":\"https:\/\/www.commoncause.org\/donate\/\"},{\"@type\":\"ListItem\",\"position\":3,\"name\":\"IRA or Retirement Account Giving\"}]},{\"@type\":\"WebSite\",\"@id\":\"https:\/\/www.commoncause.org\/#website\",\"url\":\"https:\/\/www.commoncause.org\/\",\"name\":\"Common Cause\",\"description\":\"\",\"publisher\":{\"@id\":\"https:\/\/www.commoncause.org\/#organization\"},\"potentialAction\":[{\"@type\":\"SearchAction\",\"target\":{\"@type\":\"EntryPoint\",\"urlTemplate\":\"https:\/\/www.commoncause.org\/?s={search_term_string}\"},\"query-input\":{\"@type\":\"PropertyValueSpecification\",\"valueRequired\":true,\"valueName\":\"search_term_string\"}}],\"inLanguage\":\"de\"},{\"@type\":\"Organization\",\"@id\":\"https:\/\/www.commoncause.org\/#organization\",\"name\":\"Common Cause\",\"url\":\"https:\/\/www.commoncause.org\/\",\"logo\":{\"@type\":\"ImageObject\",\"inLanguage\":\"de\",\"@id\":\"https:\/\/www.commoncause.org\/#\/schema\/logo\/image\/\",\"url\":\"https:\/\/www.commoncause.org\/wp-content\/uploads\/2024\/05\/Common-Cause-Logo.png\",\"contentUrl\":\"https:\/\/www.commoncause.org\/wp-content\/uploads\/2024\/05\/Common-Cause-Logo.png\",\"width\":2066,\"height\":331,\"caption\":\"Common Cause\"},\"image\":{\"@id\":\"https:\/\/www.commoncause.org\/#\/schema\/logo\/image\/\"},\"sameAs\":[\"https:\/\/www.facebook.com\/CommonCause\",\"https:\/\/x.com\/CommonCause\",\"https:\/\/www.instagram.com\/ourcommoncause\/\"]}]}<\/script>\n<!-- \/ Yoast SEO Premium plugin. -->","yoast_head_json":{"title":"Schenkung auf IRA oder Rentenkonto - Common Cause","robots":{"index":"index","follow":"follow","max-snippet":"max-snippet:-1","max-image-preview":"max-image-preview:large","max-video-preview":"max-video-preview:-1"},"canonical":"https:\/\/www.commoncause.org\/de\/spenden\/pensionsfonds-oder-iras\/","og_locale":"de_DE","og_type":"article","og_title":"IRA or Retirement Account Giving","og_url":"https:\/\/www.commoncause.org\/de\/spenden\/pensionsfonds-oder-iras\/","og_site_name":"Common Cause","article_publisher":"https:\/\/www.facebook.com\/CommonCause","article_modified_time":"2024-12-10T20:20:56+00:00","og_image":[{"width":1200,"height":630,"url":"https:\/\/www.commoncause.org\/wp-content\/uploads\/2024\/10\/CC-Share-Graphic-Main9.jpg","type":"image\/jpeg"}],"twitter_card":"summary_large_image","twitter_site":"@CommonCause","schema":{"@context":"https:\/\/schema.org","@graph":[{"@type":"WebPage","@id":"https:\/\/www.commoncause.org\/donate\/retirement-funds-or-iras\/","url":"https:\/\/www.commoncause.org\/donate\/retirement-funds-or-iras\/","name":"Schenkung auf IRA oder Rentenkonto - Common Cause","isPartOf":{"@id":"https:\/\/www.commoncause.org\/#website"},"datePublished":"2019-11-14T22:38:42+00:00","dateModified":"2024-12-10T20:20:56+00:00","breadcrumb":{"@id":"https:\/\/www.commoncause.org\/donate\/retirement-funds-or-iras\/#breadcrumb"},"inLanguage":"de","potentialAction":[{"@type":"ReadAction","target":["https:\/\/www.commoncause.org\/donate\/retirement-funds-or-iras\/"]}]},{"@type":"BreadcrumbList","@id":"https:\/\/www.commoncause.org\/donate\/retirement-funds-or-iras\/#breadcrumb","itemListElement":[{"@type":"ListItem","position":1,"name":"Home","item":"https:\/\/www.commoncause.org\/"},{"@type":"ListItem","position":2,"name":"Donate","item":"https:\/\/www.commoncause.org\/donate\/"},{"@type":"ListItem","position":3,"name":"IRA or Retirement Account Giving"}]},{"@type":"WebSite","@id":"https:\/\/www.commoncause.org\/#website","url":"https:\/\/www.commoncause.org\/","name":"Gemeinsame Ursache","description":"","publisher":{"@id":"https:\/\/www.commoncause.org\/#organization"},"potentialAction":[{"@type":"SearchAction","target":{"@type":"EntryPoint","urlTemplate":"https:\/\/www.commoncause.org\/?s={search_term_string}"},"query-input":{"@type":"PropertyValueSpecification","valueRequired":true,"valueName":"search_term_string"}}],"inLanguage":"de"},{"@type":"Organization","@id":"https:\/\/www.commoncause.org\/#organization","name":"Gemeinsame Ursache","url":"https:\/\/www.commoncause.org\/","logo":{"@type":"ImageObject","inLanguage":"de","@id":"https:\/\/www.commoncause.org\/#\/schema\/logo\/image\/","url":"https:\/\/www.commoncause.org\/wp-content\/uploads\/2024\/05\/Common-Cause-Logo.png","contentUrl":"https:\/\/www.commoncause.org\/wp-content\/uploads\/2024\/05\/Common-Cause-Logo.png","width":2066,"height":331,"caption":"Common Cause"},"image":{"@id":"https:\/\/www.commoncause.org\/#\/schema\/logo\/image\/"},"sameAs":["https:\/\/www.facebook.com\/CommonCause","https:\/\/x.com\/CommonCause","https:\/\/www.instagram.com\/ourcommoncause\/"]}]}},"distributor_meta":false,"distributor_terms":false,"distributor_media":false,"distributor_original_site_name":"Common Cause","distributor_original_site_url":"https:\/\/www.commoncause.org\/de","push-errors":false,"_links":{"self":[{"href":"https:\/\/www.commoncause.org\/de\/wp-json\/wp\/v2\/pages\/13995","targetHints":{"allow":["GET"]}}],"collection":[{"href":"https:\/\/www.commoncause.org\/de\/wp-json\/wp\/v2\/pages"}],"about":[{"href":"https:\/\/www.commoncause.org\/de\/wp-json\/wp\/v2\/types\/page"}],"author":[{"embeddable":true,"href":"https:\/\/www.commoncause.org\/de\/wp-json\/wp\/v2\/users\/33"}],"replies":[{"embeddable":true,"href":"https:\/\/www.commoncause.org\/de\/wp-json\/wp\/v2\/comments?post=13995"}],"version-history":[{"count":4,"href":"https:\/\/www.commoncause.org\/de\/wp-json\/wp\/v2\/pages\/13995\/revisions"}],"predecessor-version":[{"id":24703,"href":"https:\/\/www.commoncause.org\/de\/wp-json\/wp\/v2\/pages\/13995\/revisions\/24703"}],"up":[{"embeddable":true,"href":"https:\/\/www.commoncause.org\/de\/wp-json\/wp\/v2\/pages\/1284"}],"wp:attachment":[{"href":"https:\/\/www.commoncause.org\/de\/wp-json\/wp\/v2\/media?parent=13995"}],"curies":[{"name":"wp","href":"https:\/\/api.w.org\/{rel}","templated":true}]}}