{"id":1284,"date":"2024-04-15T18:26:13","date_gmt":"2024-04-15T22:26:13","guid":{"rendered":"http:\/\/www.commoncause.org\/?page_id=1284"},"modified":"2026-02-17T14:52:42","modified_gmt":"2026-02-17T19:52:42","slug":"spenden","status":"publish","type":"page","link":"https:\/\/www.commoncause.org\/de\/donate\/","title":{"rendered":"Spenden"},"content":{"rendered":"","protected":false},"excerpt":{"rendered":"","protected":false},"author":1,"featured_media":0,"parent":0,"menu_order":0,"comment_status":"closed","ping_status":"closed","template":"","meta":{"_acf_changed":false,"_relevanssi_hide_post":"","_relevanssi_hide_content":"","_relevanssi_pin_for_all":"","_relevanssi_pin_keywords":"","_relevanssi_unpin_keywords":"","_relevanssi_related_keywords":"","_relevanssi_related_include_ids":"","_relevanssi_related_exclude_ids":"","_relevanssi_related_no_append":"","_relevanssi_related_not_related":"","_relevanssi_related_posts":"","_relevanssi_noindex_reason":""},"class_list":["post-1284","page","type-page","status-publish","hentry"],"acf":{"header":{"component_page_header":{"header_type":"default","title":"Spenden Sie f\u00fcr Common Cause","lead":"","image":"","subnavigation":false}},"sidebar":{"helper_enable_sidebar":false,"helper_media_contact":{"heading":"","manually_enter_person":false,"person":"","name":"","role":"","phone":"","email":""},"helper_links_downloads":{"heading":"","links":null}},"page_layout":[{"acf_fc_layout":"layout_wysiwyg","_acfe_flexible_toggle":null,"component_wysiwyg":{"content":"Common Cause ist f\u00fchrend in wichtigen K\u00e4mpfen auf lokaler, staatlicher und nationaler Ebene. Ihre Unterst\u00fctzung erm\u00f6glicht Basis-, Rechts- und Gesetzgebungsma\u00dfnahmen, um Sonderinteressen entgegenzutreten, gew\u00e4hlte Amtstr\u00e4ger zur Verantwortung zu ziehen und die Demokratie aufzubauen, die alle Amerikaner verdienen."}},{"acf_fc_layout":"layout_basic_html","_acfe_flexible_toggle":null,"component_basic_html":{"heading":"Be a champion for Democracy","code":"<!-- The script tags need to be included once per page where embeds appear. Putting it in the <head> tag will be fastest. -->\r\n<script>function abConfigure(c) {window.actblueConfig = c}<\/script>\r\n<script src=\"https:\/\/secure.actblue.com\/cf\/assets\/actblue.js\" async data-ab-source=\"snippet-20240607\"><\/script>\r\n<script>\r\n  actblue.addEventListener('contribute', function (contribution) {\r\n    window.dataLayer = window.dataLayer || [];\r\n    dataLayer.push({\r\n      event: 'transaction',\r\n      transaction_id: contribution.order_number,\r\n      currency: 'USD',\r\n      value: contribution.amount \/ 100, \/\/ convert from cents\r\n      ecommerce: {\r\n        transaction_id: contribution.order_number,\r\n        currency: 'USD',\r\n        value: contribution.amount \/ 100,\r\n        items: [{\r\n          item_name: contribution.name,\r\n            item_id: contribution.token,\r\n          item_category: contribution.recurring ? 'recurring' : 'one-time',\r\n          quantity: 1,\r\n          price: contribution.amount \/ 100\r\n        }]\r\n      }\r\n    });\r\n  });\r\n<\/script>\r\n<!-- Google Tag Manager -->\r\n<script>(function(w,d,s,l,i){w[l]=w[l]||[];w[l].push({'gtm.start':\r\nnew Date().getTime(),event:'gtm.js'});var f=d.getElementsByTagName(s)[0],\r\nj=d.createElement(s),dl=l!='dataLayer'?'&l='+l:'';j.async=true;j.src=\r\n'https:\/\/www.googletagmanager.com\/gtm.js?id='+i+dl;f.parentNode.insertBefore(j,f);\r\n})(window,document,'script','dataLayer','GTM-PH9XXW5X');<\/script>\r\n<!-- End Google Tag Manager -->\r\n<!-- This div should be included in the page where you want the form to appear. -->\r\n<div data-ab-form\r\n data-ab-token=\"4PqTukD9cSQetETkeZHKj1KB\"\r\n data-ab-height=\"auto\"\r\n data-ab-refcode=\"2026.02_web-embed_cntrl\"\r\n>\r\n  <!-- Fall-back content (in case the embeddable doesn't load) -->\r\n  <a href=\"https:\/\/secure.actblue.com\/donate\/common-cause-web?source=011226_1wkcntrl\">Donate<\/a>\r\n<\/div>","width":"medium"}},{"acf_fc_layout":"layout_wysiwyg","_acfe_flexible_toggle":null,"component_wysiwyg":{"content":"<h3>Andere M\u00f6glichkeiten zu spenden \u2026<\/h3>\r\nEs gibt viele M\u00f6glichkeiten, die Mission von Common Cause zu unterst\u00fctzen, die Macht zur Verantwortung zu ziehen. Wenn Sie Fragen haben oder Ihre bevorzugte Spendenmethode nicht aufgef\u00fchrt ist, wenden Sie sich bitte an den Mitgliederservice unter: (202) 833-1200 oder\u00a0<a href=\"mailto:giving@commoncause.org\">giving@commoncause.org<\/a>\u00a0und wir besprechen gerne Ihre M\u00f6glichkeiten, einen Beitrag zu leisten.\r\n\r\n<strong>Mail-Check\u00a0<\/strong>\r\n\r\nWe understand that some members prefer to make their gift by mail. If that's your choice, please use the information on this form: <a href=\"https:\/\/www.commoncause.org\/wp-content\/uploads\/2018\/12\/DonationForm_2_UPDATED_C4-version_REVISED_2.pdf\" target=\"_new\" rel=\"noopener\">Spendenformular<\/a>.\r\n\r\nMail your completed form to:\r\n\r\nCommon Cause\r\n805 15th St NW, Suite 800\r\nWashington, DC 20005\r\n\r\n<strong>Gedenk- und Ehrengeschenke<\/strong>\r\n\r\nA gift uplifting democracy in the name of your loved one is a wonderful way to show support for Common Cause's work. <a href=\"https:\/\/www.commoncause.org\/de\/memorial-honorary-gifts\/\">Wenn Sie eine Gedenk- oder Ehrenspende machen m\u00f6chten, klicken Sie bitte hier<\/a> oder kontaktieren Sie Sam Anderson-Chinnes unter <a href=\"mailto:sanderson@commoncause.org\">sanderson@commoncause.org<\/a>.\r\n\r\n<strong>Spenden Sie aus Ihrem Spenderfonds\u00a0<\/strong>\r\n\r\nBitte ziehen Sie in Erw\u00e4gung, dem Common Cause Education Fund \u00fcber Ihren empfohlenen Spendenfonds eine Spende zukommen zu lassen. <b>Fragen?<\/b> Bitte senden Sie eine E-Mail oder rufen Sie Rachel Queirolo, National Director of Major Gifts, an unter <a href=\"mailto:rqueirolo@commoncause.org\">rqueirolo@commoncause.org<\/a> oder (202) 736-5773.\r\n\r\n<strong>Steuerlich absetzbare Spenden<\/strong>\r\n\r\nSpenden an Common Cause sind nicht steuerlich absetzbar, da unsere Arbeit auch Lobbyarbeit f\u00fcr Reformen umfasst. Sie k\u00f6nnen jedoch eine steuerlich absetzbare Spende an unseren Partner Common Cause Education Fund leisten, eine gemeinn\u00fctzige 501(c)3-Organisation, die unsere Bem\u00fchungen unterst\u00fctzt, Machthaber durch b\u00fcrgerschaftliches Engagement und \u00f6ffentliche Bildung zur Rechenschaft zu ziehen. <a href=\"https:\/\/www.commoncause.org\/de\/spenden\/bildungsfonds-3\/\">Klicken Sie hier, um Ihre steuerlich absetzbare Spende zu t\u00e4tigen &gt;&gt;<\/a>\r\n\r\n<strong>Rentenkonto und IRA-Spenden<\/strong>\r\n\r\nDie Aufnahme des Common Cause Education Fund als Beg\u00fcnstigter Ihres Rentenkontos oder IRA ist eine weitere einfache und steuereffiziente M\u00f6glichkeit, die Demokratie zu st\u00e4rken und eine gute Regierungsf\u00fchrung zu f\u00f6rdern. <a href=\"https:\/\/www.commoncause.org\/de\/pensionsfonds-oder-iras\/\">Klicken Sie hier, um mehr \u00fcber Altersvorsorgekonten und IRA-Spenden zu erfahren.<\/a>\r\n\r\n<strong>Unterst\u00fctzen Sie Common Cause in Ihrem Testament<\/strong>\r\n\r\nHelfen Sie mit, das Versprechen der Demokratie f\u00fcr die n\u00e4chste Generation zu garantieren, indem Sie <a href=\"https:\/\/www.commoncause.org\/de\/support-common-cause-in-your-will\/\">Nachlassgeschenk, wie z. B. ein Verm\u00e4chtnis oder eine andere geplante Schenkung<\/a>. Verwenden Sie diese <a href=\"https:\/\/www.freewill.com\/commoncause?utm_source=partner&amp;utm_medium=donatepage&amp;utm_campaign=commoncause_website\">KOSTENLOSES Tool zum Verfassen von Testamenten<\/a> f\u00fcr einen schnellen und einfachen Einstieg.\r\n\r\n<strong>Spenden am Arbeitsplatz<\/strong>\r\n\r\nEine Spende an Common Cause \u00fcber den Arbeitsplatz ist praktisch und wirkungsvoll. Mitarbeiter k\u00f6nnen damit m\u00fchelos \u00fcber Gehaltsabz\u00fcge Bem\u00fchungen um staatliche Rechenschaftspflicht und Demokratiereformen unterst\u00fctzen. Spendenverdopplungsprogramme k\u00f6nnen die Beitr\u00e4ge verst\u00e4rken und so die Wirkung maximieren. <a href=\"https:\/\/www.commoncause.org\/de\/spenden-am-arbeitsplatz\/\">Erfahren Sie hier mehr \u00fcber Spenden am Arbeitsplatz &gt;&gt;<\/a>\r\n\r\n<strong>Aktiengeschenke<\/strong>\r\n\r\nSchenkungen in Form von Aktien und Wertpapieren k\u00f6nnen an Common Cause und unseren Partner Common Cause Education Fund \u00fcber Wells Fargo erfolgen. <a href=\"https:\/\/www.commoncause.org\/de\/geschenke-von-aktien\/\">F\u00fcr Einzelheiten zu Aktiengeschenken klicken Sie hier &gt;&gt;<\/a>\r\n\r\n<strong>Unterst\u00fctzung von Common Cause durch eine Stiftung<\/strong>\r\n\r\nWenn Sie einer Stiftung angeh\u00f6ren und mehr \u00fcber unsere Wirkung erfahren oder eine Spende an den Common Cause Education Fund senden m\u00f6chten, wenden Sie sich bitte an unseren Direktor f\u00fcr Stiftungsbeziehungen, Sam Voorhees, unter <a href=\"mailto:svoorhees@commoncause.org\">svoorhees@commoncause.org<\/a> oder 202-736-5723.\r\n\r\n<b data-stringify-type=\"bold\">Anonyme Beitr\u00e4ge<\/b>\r\nSie k\u00f6nnen eine v\u00f6llig anonyme, steuerlich absetzbare Spende leisten (gem\u00e4\u00df unserer\u00a0<a class=\"c-link\" href=\"https:\/\/www.commoncause.org\/de\/spenden\/transparenzpolitik-fur-spender\/\" target=\"_blank\" rel=\"noopener noreferrer\" data-stringify-link=\"https:\/\/www.commoncause.org\/donate\/donor-transparency-policy\/\" data-sk=\"tooltip_parent\">Transparenzpolitik f\u00fcr Spender<\/a>), um unsere Arbeit zu unterst\u00fctzen, damit Sie die Wirkung Ihrer Spende behalten und gleichzeitig Ihre Privatsph\u00e4re sch\u00fctzen k\u00f6nnen.\u00a0<a class=\"c-link\" href=\"https:\/\/www.silentdonor.com\/donate-now-common-cause-education-fund\/\" target=\"_blank\" rel=\"noopener noreferrer\" data-stringify-link=\"https:\/\/www.silentdonor.com\/donate-now-common-cause-education-fund\/\" data-sk=\"tooltip_parent\">Klicken Sie hier, um \u00fcber Silent Donor, eine private Spendenplattform, zu spenden.<\/a>\r\n\r\n<strong>F\u00fchrung geben<\/strong>\r\n\r\nMit einer Spende von $10.000 oder mehr schlie\u00dfen Sie sich einer Gruppe engagierter Demokratieverteidiger im ganzen Land an. Ihre Spende unterst\u00fctzt unseren Wahlschutz, unsere Rechtsstreitigkeiten, die Neugliederung der Wahlbezirke, den Kampf gegen Wahlf\u00e4lschungen, die Arbeit, Trump zur Rechenschaft zu ziehen und vieles mehr. <b>Fragen?<\/b> Bitte senden Sie eine E-Mail oder rufen Sie Rachel Queirolo, National Director of Major Gifts, an unter <a href=\"mailto:rqueirolo@commoncause.org\">rqueirolo@commoncause.org<\/a> oder 202-736-5773."}},{"acf_fc_layout":"layout_basic_html","_acfe_flexible_toggle":null,"component_basic_html":{"heading":"","code":"<script>\r\n\/\/ Helper: set cookie with 3-hour expiry, added August 5th\r\nfunction setCookie(name, value) {\r\n  const expires = new Date(Date.now() + 3 * 60 * 60 * 1000).toUTCString();\r\n  document.cookie = name + '=' + encodeURIComponent(value) + '; path=\/; expires=' + expires;\r\n}\r\n\r\ndocument.addEventListener('DOMContentLoaded', function () {\r\n  \/\/ Selects the new donation button by robust selectors (advance__button class + Donate text)\r\n  const donateBtn = document.querySelector('button.advance__button');\r\n  if (donateBtn) {\r\n    donateBtn.addEventListener('click', function () {\r\n      \/\/ Find the inner text where amount is present\r\n      const btnText = donateBtn.textContent.trim();\r\n      const match = btnText.match(\/\\$([\\d.]+)\/);\r\n      const amount = match ? parseFloat(match[1]) : 1.75;\r\n\r\n      \/\/ Extract item name from URL (last path segment after \/donate\/)\r\n      let itemName = window.location.pathname.split('\/').pop() || 'donation';\r\n\r\n      \/\/ Set cookies\r\n      setCookie('donation_amount', amount);\r\n      setCookie('item_name', itemName);\r\n    });\r\n  }\r\n});\r\n<\/script>\r\n","width":"narrow"}}]},"yoast_head":"<!-- This site is optimized with the Yoast SEO Premium plugin v26.6 (Yoast SEO v27.1.1) - https:\/\/yoast.com\/product\/yoast-seo-premium-wordpress\/ -->\n<title>Donate - Common Cause<\/title>\n<meta name=\"description\" content=\"Support Common Cause&#039;s mission to hold power accountable. Discover different ways to donate and make a contribution today.\" \/>\n<meta name=\"robots\" content=\"index, follow, max-snippet:-1, max-image-preview:large, max-video-preview:-1\" \/>\n<link rel=\"canonical\" href=\"https:\/\/www.commoncause.org\/de\/spenden\/\" \/>\n<meta property=\"og:locale\" content=\"de_DE\" \/>\n<meta property=\"og:type\" content=\"article\" \/>\n<meta property=\"og:title\" content=\"Donate\" \/>\n<meta property=\"og:description\" content=\"Support Common Cause&#039;s mission to hold power accountable. Discover different ways to donate and make a contribution today.\" \/>\n<meta property=\"og:url\" content=\"https:\/\/www.commoncause.org\/de\/spenden\/\" \/>\n<meta property=\"og:site_name\" content=\"Common Cause\" \/>\n<meta property=\"article:publisher\" content=\"https:\/\/www.facebook.com\/CommonCause\" \/>\n<meta property=\"article:modified_time\" content=\"2026-02-17T19:52:42+00:00\" \/>\n<meta property=\"og:image\" content=\"https:\/\/www.commoncause.org\/wp-content\/uploads\/2024\/08\/JusticeDemocracy_Main.jpg\" \/>\n\t<meta property=\"og:image:width\" content=\"1680\" \/>\n\t<meta property=\"og:image:height\" content=\"1120\" \/>\n\t<meta property=\"og:image:type\" content=\"image\/jpeg\" \/>\n<meta name=\"twitter:card\" content=\"summary_large_image\" \/>\n<meta name=\"twitter:site\" content=\"@CommonCause\" \/>\n<script type=\"application\/ld+json\" class=\"yoast-schema-graph\">{\"@context\":\"https:\/\/schema.org\",\"@graph\":[{\"@type\":\"WebPage\",\"@id\":\"https:\/\/www.commoncause.org\/donate\/\",\"url\":\"https:\/\/www.commoncause.org\/donate\/\",\"name\":\"Donate - Common Cause\",\"isPartOf\":{\"@id\":\"https:\/\/www.commoncause.org\/#website\"},\"datePublished\":\"2024-04-15T22:26:13+00:00\",\"dateModified\":\"2026-02-17T19:52:42+00:00\",\"description\":\"Support Common Cause's mission to hold power accountable. Discover different ways to donate and make a contribution today.\",\"breadcrumb\":{\"@id\":\"https:\/\/www.commoncause.org\/donate\/#breadcrumb\"},\"inLanguage\":\"de\",\"potentialAction\":[{\"@type\":\"ReadAction\",\"target\":[\"https:\/\/www.commoncause.org\/donate\/\"]}]},{\"@type\":\"BreadcrumbList\",\"@id\":\"https:\/\/www.commoncause.org\/donate\/#breadcrumb\",\"itemListElement\":[{\"@type\":\"ListItem\",\"position\":1,\"name\":\"Home\",\"item\":\"https:\/\/www.commoncause.org\/\"},{\"@type\":\"ListItem\",\"position\":2,\"name\":\"Donate\"}]},{\"@type\":\"WebSite\",\"@id\":\"https:\/\/www.commoncause.org\/#website\",\"url\":\"https:\/\/www.commoncause.org\/\",\"name\":\"Common Cause\",\"description\":\"\",\"publisher\":{\"@id\":\"https:\/\/www.commoncause.org\/#organization\"},\"potentialAction\":[{\"@type\":\"SearchAction\",\"target\":{\"@type\":\"EntryPoint\",\"urlTemplate\":\"https:\/\/www.commoncause.org\/?s={search_term_string}\"},\"query-input\":{\"@type\":\"PropertyValueSpecification\",\"valueRequired\":true,\"valueName\":\"search_term_string\"}}],\"inLanguage\":\"de\"},{\"@type\":\"Organization\",\"@id\":\"https:\/\/www.commoncause.org\/#organization\",\"name\":\"Common Cause\",\"url\":\"https:\/\/www.commoncause.org\/\",\"logo\":{\"@type\":\"ImageObject\",\"inLanguage\":\"de\",\"@id\":\"https:\/\/www.commoncause.org\/#\/schema\/logo\/image\/\",\"url\":\"https:\/\/www.commoncause.org\/wp-content\/uploads\/2024\/05\/Common-Cause-Logo.png\",\"contentUrl\":\"https:\/\/www.commoncause.org\/wp-content\/uploads\/2024\/05\/Common-Cause-Logo.png\",\"width\":2066,\"height\":331,\"caption\":\"Common Cause\"},\"image\":{\"@id\":\"https:\/\/www.commoncause.org\/#\/schema\/logo\/image\/\"},\"sameAs\":[\"https:\/\/www.facebook.com\/CommonCause\",\"https:\/\/x.com\/CommonCause\",\"https:\/\/www.instagram.com\/ourcommoncause\/\"]}]}<\/script>\n<!-- \/ Yoast SEO Premium plugin. -->","yoast_head_json":{"title":"Spenden - Gemeinsame Sache","description":"Unterst\u00fctzen Sie die Mission von Common Cause, die M\u00e4chtigen zur Verantwortung zu ziehen. Entdecken Sie verschiedene M\u00f6glichkeiten, noch heute zu spenden und einen Beitrag zu leisten.","robots":{"index":"index","follow":"follow","max-snippet":"max-snippet:-1","max-image-preview":"max-image-preview:large","max-video-preview":"max-video-preview:-1"},"canonical":"https:\/\/www.commoncause.org\/de\/spenden\/","og_locale":"de_DE","og_type":"article","og_title":"Donate","og_description":"Support Common Cause's mission to hold power accountable. Discover different ways to donate and make a contribution today.","og_url":"https:\/\/www.commoncause.org\/de\/spenden\/","og_site_name":"Common Cause","article_publisher":"https:\/\/www.facebook.com\/CommonCause","article_modified_time":"2026-02-17T19:52:42+00:00","og_image":[{"width":1680,"height":1120,"url":"https:\/\/www.commoncause.org\/wp-content\/uploads\/2024\/08\/JusticeDemocracy_Main.jpg","type":"image\/jpeg"}],"twitter_card":"summary_large_image","twitter_site":"@CommonCause","schema":{"@context":"https:\/\/schema.org","@graph":[{"@type":"WebPage","@id":"https:\/\/www.commoncause.org\/donate\/","url":"https:\/\/www.commoncause.org\/donate\/","name":"Spenden - Gemeinsame Sache","isPartOf":{"@id":"https:\/\/www.commoncause.org\/#website"},"datePublished":"2024-04-15T22:26:13+00:00","dateModified":"2026-02-17T19:52:42+00:00","description":"Unterst\u00fctzen Sie die Mission von Common Cause, die M\u00e4chtigen zur Verantwortung zu ziehen. Entdecken Sie verschiedene M\u00f6glichkeiten, noch heute zu spenden und einen Beitrag zu leisten.","breadcrumb":{"@id":"https:\/\/www.commoncause.org\/donate\/#breadcrumb"},"inLanguage":"de","potentialAction":[{"@type":"ReadAction","target":["https:\/\/www.commoncause.org\/donate\/"]}]},{"@type":"BreadcrumbList","@id":"https:\/\/www.commoncause.org\/donate\/#breadcrumb","itemListElement":[{"@type":"ListItem","position":1,"name":"Home","item":"https:\/\/www.commoncause.org\/"},{"@type":"ListItem","position":2,"name":"Donate"}]},{"@type":"WebSite","@id":"https:\/\/www.commoncause.org\/#website","url":"https:\/\/www.commoncause.org\/","name":"Gemeinsame Ursache","description":"","publisher":{"@id":"https:\/\/www.commoncause.org\/#organization"},"potentialAction":[{"@type":"SearchAction","target":{"@type":"EntryPoint","urlTemplate":"https:\/\/www.commoncause.org\/?s={search_term_string}"},"query-input":{"@type":"PropertyValueSpecification","valueRequired":true,"valueName":"search_term_string"}}],"inLanguage":"de"},{"@type":"Organization","@id":"https:\/\/www.commoncause.org\/#organization","name":"Gemeinsame Ursache","url":"https:\/\/www.commoncause.org\/","logo":{"@type":"ImageObject","inLanguage":"de","@id":"https:\/\/www.commoncause.org\/#\/schema\/logo\/image\/","url":"https:\/\/www.commoncause.org\/wp-content\/uploads\/2024\/05\/Common-Cause-Logo.png","contentUrl":"https:\/\/www.commoncause.org\/wp-content\/uploads\/2024\/05\/Common-Cause-Logo.png","width":2066,"height":331,"caption":"Common Cause"},"image":{"@id":"https:\/\/www.commoncause.org\/#\/schema\/logo\/image\/"},"sameAs":["https:\/\/www.facebook.com\/CommonCause","https:\/\/x.com\/CommonCause","https:\/\/www.instagram.com\/ourcommoncause\/"]}]}},"distributor_meta":false,"distributor_terms":false,"distributor_media":false,"distributor_original_site_name":"Common Cause","distributor_original_site_url":"https:\/\/www.commoncause.org\/de","push-errors":false,"_links":{"self":[{"href":"https:\/\/www.commoncause.org\/de\/wp-json\/wp\/v2\/pages\/1284","targetHints":{"allow":["GET"]}}],"collection":[{"href":"https:\/\/www.commoncause.org\/de\/wp-json\/wp\/v2\/pages"}],"about":[{"href":"https:\/\/www.commoncause.org\/de\/wp-json\/wp\/v2\/types\/page"}],"author":[{"embeddable":true,"href":"https:\/\/www.commoncause.org\/de\/wp-json\/wp\/v2\/users\/1"}],"replies":[{"embeddable":true,"href":"https:\/\/www.commoncause.org\/de\/wp-json\/wp\/v2\/comments?post=1284"}],"version-history":[{"count":37,"href":"https:\/\/www.commoncause.org\/de\/wp-json\/wp\/v2\/pages\/1284\/revisions"}],"predecessor-version":[{"id":56408,"href":"https:\/\/www.commoncause.org\/de\/wp-json\/wp\/v2\/pages\/1284\/revisions\/56408"}],"wp:attachment":[{"href":"https:\/\/www.commoncause.org\/de\/wp-json\/wp\/v2\/media?parent=1284"}],"curies":[{"name":"wp","href":"https:\/\/api.w.org\/{rel}","templated":true}]}}