{"id":23,"date":"2024-05-07T13:47:21","date_gmt":"2024-05-07T13:47:21","guid":{"rendered":"https:\/\/www.commoncause.org\/connecticut\/our-impact\/"},"modified":"2025-03-14T14:50:11","modified_gmt":"2025-03-14T18:50:11","slug":"notre-impact","status":"publish","type":"page","link":"https:\/\/www.commoncause.org\/connecticut\/fr\/our-impact\/","title":{"rendered":"Notre impact"},"content":{"rendered":"","protected":false},"excerpt":{"rendered":"","protected":false},"author":1,"featured_media":0,"parent":0,"menu_order":0,"comment_status":"closed","ping_status":"closed","template":"","meta":{"_acf_changed":false,"_relevanssi_hide_post":"","_relevanssi_hide_content":"","_relevanssi_pin_for_all":"","_relevanssi_pin_keywords":"","_relevanssi_unpin_keywords":"","_relevanssi_related_keywords":"","_relevanssi_related_include_ids":"","_relevanssi_related_exclude_ids":"","_relevanssi_related_no_append":"","_relevanssi_related_not_related":"","_relevanssi_related_posts":"","_relevanssi_noindex_reason":""},"class_list":["post-23","page","type-page","status-publish","hentry"],"acf":{"header":{"component_page_header":{"header_type":"background","title":"Notre impact","lead":"Common Cause Connecticut advocates for an open, accountable, and transparent government that works for all of us.","image":"","subnavigation":false}},"sidebar":{"helper_enable_sidebar":false,"helper_media_contact":{"heading":"","manually_enter_person":false,"person":"","name":"","role":"","phone":"","email":""},"helper_links_downloads":{"heading":"","links":null}},"page_layout":[{"acf_fc_layout":"layout_wysiwyg","_acfe_flexible_toggle":"","component_wysiwyg":{"content":"<h3>Lorsque Common Cause dans le Connecticut agit, nous faisons une r\u00e9elle diff\u00e9rence pour la d\u00e9mocratie.<\/h3>\r\nAvec le soutien de nos membres d\u00e9vou\u00e9s, nous avons toujours d\u00e9fendu les droits des \u00e9lecteurs du Connecticut. Nous continuerons \u00e0 rendre notre gouvernement ici dans le Connecticut plus ouvert, plus honn\u00eate et plus responsable."}},{"acf_fc_layout":"layout_two_column_text_and_image","_acfe_flexible_toggle":"","component_two_column_text_and_image":{"heading":"Check out some of our most impactful victories:","columns":[{"image":19377,"title":"Mobilizing Election Protection Volunteers","content":"Each election year, Common Cause in Connecticut mobilizes nonpartisan volunteers across the state to serve as a first line of defense for voters. These volunteers answer voters' questions at their polling places, make sure that voters know their rights, and report any attempts to intimidate or obstruct voters. This program has helped countless Connecticut residents make themselves heard at the ballot box.","link":{"title":"","url":"https:\/\/www.commoncause.org\/connecticut\/work\/election-protection\/","target":""}},{"image":6080,"title":"Bringing Early Voting to Connecticut","content":"In 2023, Common Cause in Connecticut helped lead efforts to bring 14 days of Early Voting to our state. Early Voting periods improves access to the ballot box by giving voters with busy schedules extra time to make their voice heard. It is a proven, commonsense reform\u2014and after 60% of voters approved a ballot measure amending the Connecticut Constitution to allow for Early Voting in 2022, this was the next key step.","link":{"title":"","url":"https:\/\/www.commoncause.org\/connecticut\/press-releases\/a-win-for-connecticuts-democracy-early-voting-voting-rights-act-passed\/","target":""}}]}},{"acf_fc_layout":"layout_banner","_acfe_flexible_toggle":"","component_banner":{"use_donate_banner":true,"title":"Title [highlight]with highlighting[\/highlight] and additional text.","button":null,"image":null}}]},"yoast_head":"<!-- This site is optimized with the Yoast SEO Premium plugin v26.6 (Yoast SEO v27.1.1) - https:\/\/yoast.com\/product\/yoast-seo-premium-wordpress\/ -->\n<title>Our Impact - Common Cause Connecticut<\/title>\n<meta name=\"robots\" content=\"index, follow, max-snippet:-1, max-image-preview:large, max-video-preview:-1\" \/>\n<link rel=\"canonical\" href=\"https:\/\/www.commoncause.org\/connecticut\/fr\/notre-impact\/\" \/>\n<meta property=\"og:locale\" content=\"fr_FR\" \/>\n<meta property=\"og:type\" content=\"article\" \/>\n<meta property=\"og:title\" content=\"Our Impact\" \/>\n<meta property=\"og:url\" content=\"https:\/\/www.commoncause.org\/connecticut\/fr\/notre-impact\/\" \/>\n<meta property=\"og:site_name\" content=\"Common Cause Connecticut\" \/>\n<meta property=\"article:modified_time\" content=\"2025-03-14T18:50:11+00:00\" \/>\n<meta property=\"og:image\" content=\"https:\/\/www.commoncause.org\/connecticut\/wp-content\/uploads\/2024\/08\/common-cause-share-image.png\" \/>\n\t<meta property=\"og:image:width\" content=\"1200\" \/>\n\t<meta property=\"og:image:height\" content=\"630\" \/>\n\t<meta property=\"og:image:type\" content=\"image\/png\" \/>\n<meta name=\"twitter:card\" content=\"summary_large_image\" \/>\n<script type=\"application\/ld+json\" class=\"yoast-schema-graph\">{\"@context\":\"https:\/\/schema.org\",\"@graph\":[{\"@type\":\"WebPage\",\"@id\":\"https:\/\/www.commoncause.org\/connecticut\/our-impact\/\",\"url\":\"https:\/\/www.commoncause.org\/connecticut\/our-impact\/\",\"name\":\"Our Impact - Common Cause Connecticut\",\"isPartOf\":{\"@id\":\"https:\/\/www.commoncause.org\/connecticut\/#website\"},\"datePublished\":\"2024-05-07T13:47:21+00:00\",\"dateModified\":\"2025-03-14T18:50:11+00:00\",\"breadcrumb\":{\"@id\":\"https:\/\/www.commoncause.org\/connecticut\/our-impact\/#breadcrumb\"},\"inLanguage\":\"fr-FR\",\"potentialAction\":[{\"@type\":\"ReadAction\",\"target\":[\"https:\/\/www.commoncause.org\/connecticut\/our-impact\/\"]}]},{\"@type\":\"BreadcrumbList\",\"@id\":\"https:\/\/www.commoncause.org\/connecticut\/our-impact\/#breadcrumb\",\"itemListElement\":[{\"@type\":\"ListItem\",\"position\":1,\"name\":\"Home\",\"item\":\"https:\/\/www.commoncause.org\/connecticut\/\"},{\"@type\":\"ListItem\",\"position\":2,\"name\":\"Our Impact\"}]},{\"@type\":\"WebSite\",\"@id\":\"https:\/\/www.commoncause.org\/connecticut\/#website\",\"url\":\"https:\/\/www.commoncause.org\/connecticut\/\",\"name\":\"Common Cause Connecticut\",\"description\":\"\",\"potentialAction\":[{\"@type\":\"SearchAction\",\"target\":{\"@type\":\"EntryPoint\",\"urlTemplate\":\"https:\/\/www.commoncause.org\/connecticut\/?s={search_term_string}\"},\"query-input\":{\"@type\":\"PropertyValueSpecification\",\"valueRequired\":true,\"valueName\":\"search_term_string\"}}],\"inLanguage\":\"fr-FR\"}]}<\/script>\n<!-- \/ Yoast SEO Premium plugin. -->","yoast_head_json":{"title":"Notre impact \u2013 Cause commune Connecticut","robots":{"index":"index","follow":"follow","max-snippet":"max-snippet:-1","max-image-preview":"max-image-preview:large","max-video-preview":"max-video-preview:-1"},"canonical":"https:\/\/www.commoncause.org\/connecticut\/fr\/notre-impact\/","og_locale":"fr_FR","og_type":"article","og_title":"Our Impact","og_url":"https:\/\/www.commoncause.org\/connecticut\/fr\/notre-impact\/","og_site_name":"Common Cause Connecticut","article_modified_time":"2025-03-14T18:50:11+00:00","og_image":[{"width":1200,"height":630,"url":"https:\/\/www.commoncause.org\/connecticut\/wp-content\/uploads\/2024\/08\/common-cause-share-image.png","type":"image\/png"}],"twitter_card":"summary_large_image","schema":{"@context":"https:\/\/schema.org","@graph":[{"@type":"WebPage","@id":"https:\/\/www.commoncause.org\/connecticut\/our-impact\/","url":"https:\/\/www.commoncause.org\/connecticut\/our-impact\/","name":"Notre impact \u2013 Cause commune Connecticut","isPartOf":{"@id":"https:\/\/www.commoncause.org\/connecticut\/#website"},"datePublished":"2024-05-07T13:47:21+00:00","dateModified":"2025-03-14T18:50:11+00:00","breadcrumb":{"@id":"https:\/\/www.commoncause.org\/connecticut\/our-impact\/#breadcrumb"},"inLanguage":"fr-FR","potentialAction":[{"@type":"ReadAction","target":["https:\/\/www.commoncause.org\/connecticut\/our-impact\/"]}]},{"@type":"BreadcrumbList","@id":"https:\/\/www.commoncause.org\/connecticut\/our-impact\/#breadcrumb","itemListElement":[{"@type":"ListItem","position":1,"name":"Home","item":"https:\/\/www.commoncause.org\/connecticut\/"},{"@type":"ListItem","position":2,"name":"Our Impact"}]},{"@type":"WebSite","@id":"https:\/\/www.commoncause.org\/connecticut\/#website","url":"https:\/\/www.commoncause.org\/connecticut\/","name":"Cause commune Connecticut","description":"","potentialAction":[{"@type":"SearchAction","target":{"@type":"EntryPoint","urlTemplate":"https:\/\/www.commoncause.org\/connecticut\/?s={search_term_string}"},"query-input":{"@type":"PropertyValueSpecification","valueRequired":true,"valueName":"search_term_string"}}],"inLanguage":"fr-FR"}]}},"distributor_meta":false,"distributor_terms":false,"distributor_media":false,"distributor_original_site_name":"Common Cause Connecticut","distributor_original_site_url":"https:\/\/www.commoncause.org\/connecticut\/fr","push-errors":false,"_links":{"self":[{"href":"https:\/\/www.commoncause.org\/connecticut\/fr\/wp-json\/wp\/v2\/pages\/23","targetHints":{"allow":["GET"]}}],"collection":[{"href":"https:\/\/www.commoncause.org\/connecticut\/fr\/wp-json\/wp\/v2\/pages"}],"about":[{"href":"https:\/\/www.commoncause.org\/connecticut\/fr\/wp-json\/wp\/v2\/types\/page"}],"author":[{"embeddable":true,"href":"https:\/\/www.commoncause.org\/connecticut\/fr\/wp-json\/wp\/v2\/users\/1"}],"replies":[{"embeddable":true,"href":"https:\/\/www.commoncause.org\/connecticut\/fr\/wp-json\/wp\/v2\/comments?post=23"}],"version-history":[{"count":18,"href":"https:\/\/www.commoncause.org\/connecticut\/fr\/wp-json\/wp\/v2\/pages\/23\/revisions"}],"predecessor-version":[{"id":1928,"href":"https:\/\/www.commoncause.org\/connecticut\/fr\/wp-json\/wp\/v2\/pages\/23\/revisions\/1928"}],"wp:attachment":[{"href":"https:\/\/www.commoncause.org\/connecticut\/fr\/wp-json\/wp\/v2\/media?parent=23"}],"curies":[{"name":"wp","href":"https:\/\/api.w.org\/{rel}","templated":true}]}}