{"id":25,"date":"2024-05-07T13:49:29","date_gmt":"2024-05-07T13:49:29","guid":{"rendered":"https:\/\/www.commoncause.org\/colorado\/donate\/"},"modified":"2026-02-10T16:17:14","modified_gmt":"2026-02-10T23:17:14","slug":"donate","status":"publish","type":"page","link":"https:\/\/www.commoncause.org\/colorado\/fr\/faire-un-don\/","title":{"rendered":"Faire un don"},"content":{"rendered":"","protected":false},"excerpt":{"rendered":"","protected":false},"author":1,"featured_media":0,"parent":0,"menu_order":0,"comment_status":"closed","ping_status":"closed","template":"","meta":{"_acf_changed":false,"_relevanssi_hide_post":"","_relevanssi_hide_content":"","_relevanssi_pin_for_all":"","_relevanssi_pin_keywords":"","_relevanssi_unpin_keywords":"","_relevanssi_related_keywords":"","_relevanssi_related_include_ids":"","_relevanssi_related_exclude_ids":"","_relevanssi_related_no_append":"","_relevanssi_related_not_related":"","_relevanssi_related_posts":"","_relevanssi_noindex_reason":""},"class_list":["post-25","page","type-page","status-publish","hentry"],"acf":{"header":{"component_page_header":{"header_type":"default","title":"Faire un don \u00e0 Common Cause Colorado","lead":"","image":"","subnavigation":false}},"sidebar":{"helper_enable_sidebar":false,"helper_media_contact":{"heading":"","manually_enter_person":false,"person":"","name":"","role":"","phone":"","email":""},"helper_links_downloads":{"heading":"","links":null}},"page_layout":[{"acf_fc_layout":"layout_wysiwyg","_acfe_flexible_toggle":null,"component_wysiwyg":{"content":"Common Cause Colorado est un leader dans les combats qui comptent au niveau local, \u00e9tatique et national. Votre soutien permet de mener des actions locales, juridiques et l\u00e9gislatives pour s&#039;opposer aux int\u00e9r\u00eats particuliers, demander des comptes aux \u00e9lus et construire la d\u00e9mocratie que tous les Am\u00e9ricains m\u00e9ritent."}},{"acf_fc_layout":"layout_basic_html","_acfe_flexible_toggle":null,"component_basic_html":{"heading":"Be a Champion for Democracy","code":"<script src='https:\/\/actionnetwork.org\/widgets\/v5\/fundraising\/common-cause-colorado?format=js&source=website&css=whitelabel&'><\/script><div id='can-fundraising-area-common-cause-colorado' style='width: 100%'><\/div>","width":"medium"}},{"acf_fc_layout":"layout_wysiwyg","_acfe_flexible_toggle":null,"component_wysiwyg":{"content":"<h3>Faire un don par ch\u00e8que<\/h3>\r\nLes dons par ch\u00e8que papier sont gracieusement accept\u00e9s. Vous pouvez envoyer votre don par courrier \u00e0 :\r\n<blockquote>Colorado Common Cause 1410 Grant Street, Suite A202 Denver, CO 80203<\/blockquote>\r\n<h3>Autres fa\u00e7ons de donner\u2026<\/h3>\r\nIl existe de nombreuses fa\u00e7ons de soutenir la mission de Common Cause, qui consiste \u00e0 responsabiliser les pouvoirs publics. Si vous avez des questions ou si vous ne voyez pas votre m\u00e9thode de don pr\u00e9f\u00e9r\u00e9e dans la liste, veuillez contacter le service des membres au : (202) 833-1200 ou\u00a0<a href=\"mailto:giving@commoncause.org\">giving@commoncause.org<\/a>\u00a0et nous serons heureux de discuter de vos options pour apporter une contribution.\r\n\r\n<strong>Faites un don \u00e0 partir de votre fonds conseill\u00e9 par le donateur\u00a0<\/strong>\r\n\r\nVeuillez envisager de faire un don au Common Cause Education Fund par l\u2019interm\u00e9diaire de votre fonds conseill\u00e9 par le donateur. <b>Des questions ?<\/b> Veuillez envoyer un courriel ou appeler Rachel Queirolo, directrice nationale des dons majeurs au <a href=\"mailto:rqueirolo@commoncause.org\">rqueirolo@commoncause.org<\/a> ou (202)-736-5773.\r\n\r\n<strong>Dons d\u00e9ductibles d&#039;imp\u00f4t<\/strong>\r\n\r\nLes contributions \u00e0 Common Cause ne sont pas d\u00e9ductibles des imp\u00f4ts, car notre travail comprend le lobbying en faveur de r\u00e9formes. Mais vous pouvez faire une contribution d\u00e9ductible des imp\u00f4ts \u00e0 notre filiale, Common Cause Education Fund, une organisation caritative 501(c)3 qui soutient nos efforts pour responsabiliser les pouvoirs publics par le biais de l&#039;engagement civique et de l&#039;\u00e9ducation publique. <a href=\"https:\/\/secure.actblue.com\/donate\/common-cause-education-fund-colorado-web\">Cliquez ici pour faire un don d\u00e9ductible d&#039;imp\u00f4t &gt;&gt;<\/a>\r\n\r\n<strong>Dons sur compte de retraite et IRA<\/strong>\r\n\r\nInclure le Common Cause Education Fund comme b\u00e9n\u00e9ficiaire de votre compte de retraite ou de votre IRA est un autre moyen simple et fiscalement efficace de renforcer la d\u00e9mocratie et de promouvoir la bonne gouvernance. <a href=\"https:\/\/www.commoncause.org\/colorado\/fr\/retirement-funds-or-iras\/\">Cliquez ici pour en savoir plus sur les comptes de retraite et les dons IRA.<\/a>\r\n\r\n<strong>Soutenez Common Cause dans votre testament<\/strong>\r\n\r\nAidez \u00e0 garantir la promesse de la d\u00e9mocratie pour la prochaine g\u00e9n\u00e9ration en laissant un <a href=\"https:\/\/www.commoncause.org\/colorado\/fr\/support-common-cause-in-your-will\/\">don successoral, tel qu&#039;un legs ou un autre don planifi\u00e9<\/a>. Utilisez ceci <a href=\"https:\/\/www.freewill.com\/commoncause?utm_source=partner&amp;utm_medium=donatepage&amp;utm_campaign=commoncause_website\">Outil de r\u00e9daction de testament GRATUIT<\/a> pour d\u00e9marrer rapidement et facilement.\r\n\r\n<strong>Dons en milieu de travail<\/strong>\r\n\r\nFaire un don \u00e0 Common Cause par le biais d&#039;un don en milieu de travail est pratique et efficace. Cela permet aux employ\u00e9s de soutenir les efforts de responsabilisation du gouvernement et de r\u00e9formes d\u00e9mocratiques sans effort par le biais de retenues sur salaire. Les programmes de dons de contrepartie peuvent amplifier les contributions, maximisant ainsi l&#039;impact. <a href=\"https:\/\/www.commoncause.org\/colorado\/fr\/workplace-giving\/\">Apprenez-en davantage sur les dons en milieu de travail ici &gt;&gt;<\/a>\r\n\r\n<strong>Dons d&#039;actions<\/strong>\r\n\r\nDes dons d&#039;actions et de titres peuvent \u00eatre faits \u00e0 Common Cause et \u00e0 notre filiale Common Cause Education Fund via Wells Fargo. <a href=\"https:\/\/www.commoncause.org\/colorado\/fr\/gifts-of-stock\/\">Pour plus de d\u00e9tails sur les dons d&#039;actions, cliquez ici &gt;&gt;<\/a>\r\n\r\n<strong>Soutenir une cause commune gr\u00e2ce \u00e0 une fondation<\/strong>\r\n\r\nSi vous \u00eates affili\u00e9 \u00e0 une fondation et que vous souhaitez en savoir plus sur notre impact ou faire une subvention au Common Cause Education Fund, veuillez contacter notre directeur des relations avec la fondation, Sam Voorhees, \u00e0 <a href=\"mailto:svoorhees@commoncause.org\">svoorhees@commoncause.org<\/a> ou (202)-736-5723.\r\n\r\n<strong>Dons de leadership<\/strong>\r\n\r\nEn faisant un don de $10 000 ou plus, vous rejoindrez un groupe de d\u00e9fenseurs d\u00e9vou\u00e9s de la d\u00e9mocratie dans tout le pays. Votre don finance notre protection \u00e9lectorale, nos litiges, notre red\u00e9coupage \u00e9lectoral, notre lutte contre la d\u00e9sinformation \u00e9lectorale, notre travail visant \u00e0 responsabiliser Trump et bien plus encore. <b>Des questions ?<\/b> Veuillez envoyer un courriel ou appeler Rachel Queirolo, directrice nationale des dons majeurs au <a href=\"mailto:rqueirolo@commoncause.org\">rqueirolo@commoncause.org<\/a> ou (202)-736-5773.\r\n\r\n<strong>Dons comm\u00e9moratifs et honorifiques<\/strong>\r\n\r\nUn cadeau qui promeut la d\u00e9mocratie au nom de votre bien-aim\u00e9 est une merveilleuse fa\u00e7on de montrer votre soutien au travail de Common Cause. <a href=\"https:\/\/www.commoncause.org\/colorado\/fr\/memorial-honorary-gifts\/\">Si vous souhaitez faire un don comm\u00e9moratif ou honorifique, veuillez cliquer ici<\/a> ou contactez Sam Anderson-Chinnes au <a href=\"mailto:sanderson@commoncause.org\">sanderson@commoncause.org<\/a>."}}]},"yoast_head":"<!-- This site is optimized with the Yoast SEO Premium plugin v26.6 (Yoast SEO v27.1.1) - https:\/\/yoast.com\/product\/yoast-seo-premium-wordpress\/ -->\n<title>Donate - Common Cause Colorado<\/title>\n<meta name=\"robots\" content=\"index, follow, max-snippet:-1, max-image-preview:large, max-video-preview:-1\" \/>\n<link rel=\"canonical\" href=\"https:\/\/www.commoncause.org\/colorado\/fr\/faire-un-don\/\" \/>\n<meta property=\"og:locale\" content=\"fr_FR\" \/>\n<meta property=\"og:type\" content=\"article\" \/>\n<meta property=\"og:title\" content=\"Donate\" \/>\n<meta property=\"og:url\" content=\"https:\/\/www.commoncause.org\/colorado\/fr\/faire-un-don\/\" \/>\n<meta property=\"og:site_name\" content=\"Common Cause Colorado\" \/>\n<meta property=\"article:modified_time\" content=\"2026-02-10T23:17:14+00:00\" \/>\n<meta property=\"og:image\" content=\"https:\/\/www.commoncause.org\/colorado\/wp-content\/uploads\/2024\/08\/common-cause-share-image.png\" \/>\n\t<meta property=\"og:image:width\" content=\"1200\" \/>\n\t<meta property=\"og:image:height\" content=\"630\" \/>\n\t<meta property=\"og:image:type\" content=\"image\/png\" \/>\n<meta name=\"twitter:card\" content=\"summary_large_image\" \/>\n<script type=\"application\/ld+json\" class=\"yoast-schema-graph\">{\"@context\":\"https:\/\/schema.org\",\"@graph\":[{\"@type\":\"WebPage\",\"@id\":\"https:\/\/www.commoncause.org\/colorado\/donate\/\",\"url\":\"https:\/\/www.commoncause.org\/colorado\/donate\/\",\"name\":\"Donate - Common Cause Colorado\",\"isPartOf\":{\"@id\":\"https:\/\/www.commoncause.org\/colorado\/#website\"},\"datePublished\":\"2024-05-07T13:49:29+00:00\",\"dateModified\":\"2026-02-10T23:17:14+00:00\",\"breadcrumb\":{\"@id\":\"https:\/\/www.commoncause.org\/colorado\/donate\/#breadcrumb\"},\"inLanguage\":\"fr-FR\",\"potentialAction\":[{\"@type\":\"ReadAction\",\"target\":[\"https:\/\/www.commoncause.org\/colorado\/donate\/\"]}]},{\"@type\":\"BreadcrumbList\",\"@id\":\"https:\/\/www.commoncause.org\/colorado\/donate\/#breadcrumb\",\"itemListElement\":[{\"@type\":\"ListItem\",\"position\":1,\"name\":\"Home\",\"item\":\"https:\/\/www.commoncause.org\/colorado\/\"},{\"@type\":\"ListItem\",\"position\":2,\"name\":\"Donate\"}]},{\"@type\":\"WebSite\",\"@id\":\"https:\/\/www.commoncause.org\/colorado\/#website\",\"url\":\"https:\/\/www.commoncause.org\/colorado\/\",\"name\":\"Common Cause Colorado\",\"description\":\"\",\"potentialAction\":[{\"@type\":\"SearchAction\",\"target\":{\"@type\":\"EntryPoint\",\"urlTemplate\":\"https:\/\/www.commoncause.org\/colorado\/?s={search_term_string}\"},\"query-input\":{\"@type\":\"PropertyValueSpecification\",\"valueRequired\":true,\"valueName\":\"search_term_string\"}}],\"inLanguage\":\"fr-FR\"}]}<\/script>\n<!-- \/ Yoast SEO Premium plugin. -->","yoast_head_json":{"title":"Faire un don \u2013 Common Cause Colorado","robots":{"index":"index","follow":"follow","max-snippet":"max-snippet:-1","max-image-preview":"max-image-preview:large","max-video-preview":"max-video-preview:-1"},"canonical":"https:\/\/www.commoncause.org\/colorado\/fr\/faire-un-don\/","og_locale":"fr_FR","og_type":"article","og_title":"Donate","og_url":"https:\/\/www.commoncause.org\/colorado\/fr\/faire-un-don\/","og_site_name":"Common Cause Colorado","article_modified_time":"2026-02-10T23:17:14+00:00","og_image":[{"width":1200,"height":630,"url":"https:\/\/www.commoncause.org\/colorado\/wp-content\/uploads\/2024\/08\/common-cause-share-image.png","type":"image\/png"}],"twitter_card":"summary_large_image","schema":{"@context":"https:\/\/schema.org","@graph":[{"@type":"WebPage","@id":"https:\/\/www.commoncause.org\/colorado\/donate\/","url":"https:\/\/www.commoncause.org\/colorado\/donate\/","name":"Faire un don \u2013 Common Cause Colorado","isPartOf":{"@id":"https:\/\/www.commoncause.org\/colorado\/#website"},"datePublished":"2024-05-07T13:49:29+00:00","dateModified":"2026-02-10T23:17:14+00:00","breadcrumb":{"@id":"https:\/\/www.commoncause.org\/colorado\/donate\/#breadcrumb"},"inLanguage":"fr-FR","potentialAction":[{"@type":"ReadAction","target":["https:\/\/www.commoncause.org\/colorado\/donate\/"]}]},{"@type":"BreadcrumbList","@id":"https:\/\/www.commoncause.org\/colorado\/donate\/#breadcrumb","itemListElement":[{"@type":"ListItem","position":1,"name":"Home","item":"https:\/\/www.commoncause.org\/colorado\/"},{"@type":"ListItem","position":2,"name":"Donate"}]},{"@type":"WebSite","@id":"https:\/\/www.commoncause.org\/colorado\/#website","url":"https:\/\/www.commoncause.org\/colorado\/","name":"Cause commune Colorado","description":"","potentialAction":[{"@type":"SearchAction","target":{"@type":"EntryPoint","urlTemplate":"https:\/\/www.commoncause.org\/colorado\/?s={search_term_string}"},"query-input":{"@type":"PropertyValueSpecification","valueRequired":true,"valueName":"search_term_string"}}],"inLanguage":"fr-FR"}]}},"distributor_meta":false,"distributor_terms":false,"distributor_media":false,"distributor_original_site_name":"Common Cause Colorado","distributor_original_site_url":"https:\/\/www.commoncause.org\/colorado\/fr","push-errors":false,"_links":{"self":[{"href":"https:\/\/www.commoncause.org\/colorado\/fr\/wp-json\/wp\/v2\/pages\/25","targetHints":{"allow":["GET"]}}],"collection":[{"href":"https:\/\/www.commoncause.org\/colorado\/fr\/wp-json\/wp\/v2\/pages"}],"about":[{"href":"https:\/\/www.commoncause.org\/colorado\/fr\/wp-json\/wp\/v2\/types\/page"}],"author":[{"embeddable":true,"href":"https:\/\/www.commoncause.org\/colorado\/fr\/wp-json\/wp\/v2\/users\/1"}],"replies":[{"embeddable":true,"href":"https:\/\/www.commoncause.org\/colorado\/fr\/wp-json\/wp\/v2\/comments?post=25"}],"version-history":[{"count":25,"href":"https:\/\/www.commoncause.org\/colorado\/fr\/wp-json\/wp\/v2\/pages\/25\/revisions"}],"predecessor-version":[{"id":2180,"href":"https:\/\/www.commoncause.org\/colorado\/fr\/wp-json\/wp\/v2\/pages\/25\/revisions\/2180"}],"wp:attachment":[{"href":"https:\/\/www.commoncause.org\/colorado\/fr\/wp-json\/wp\/v2\/media?parent=25"}],"curies":[{"name":"wp","href":"https:\/\/api.w.org\/{rel}","templated":true}]}}