{"id":21,"date":"2024-05-07T13:45:32","date_gmt":"2024-05-07T13:45:32","guid":{"rendered":"https:\/\/www.commoncause.org\/colorado\/about-us\/"},"modified":"2024-07-31T12:53:21","modified_gmt":"2024-07-31T18:53:21","slug":"about-us","status":"publish","type":"page","link":"https:\/\/www.commoncause.org\/colorado\/fr\/a-propos-de-nous\/","title":{"rendered":"\u00c0 propos de nous"},"content":{"rendered":"","protected":false},"excerpt":{"rendered":"","protected":false},"author":2,"featured_media":0,"parent":0,"menu_order":0,"comment_status":"closed","ping_status":"closed","template":"","meta":{"_acf_changed":false,"_relevanssi_hide_post":"","_relevanssi_hide_content":"","_relevanssi_pin_for_all":"","_relevanssi_pin_keywords":"","_relevanssi_unpin_keywords":"","_relevanssi_related_keywords":"","_relevanssi_related_include_ids":"","_relevanssi_related_exclude_ids":"","_relevanssi_related_no_append":"","_relevanssi_related_not_related":"","_relevanssi_related_posts":"","_relevanssi_noindex_reason":""},"class_list":["post-21","page","type-page","status-publish","hentry"],"acf":{"header":{"component_page_header":{"header_type":"default","title":"","lead":"","image":"","subnavigation":true}},"sidebar":{"helper_enable_sidebar":false,"helper_media_contact":{"heading":"","manually_enter_person":false,"person":["{\"site_id\":\"41\",\"post_type\":\"person\",\"post_id\":155}"],"name":"","role":"","phone":"","email":""},"helper_links_downloads":{"heading":"","links":null}},"page_layout":[{"acf_fc_layout":"layout_wysiwyg","_acfe_flexible_toggle":"","component_wysiwyg":{"content":"<h4 style=\"text-align: center;\">Colorado Common Cause et nos membres se battent pour la d\u00e9mocratie que nous m\u00e9ritons.<\/h4>\r\nNous mettons notre expertise politique reconnue, notre r\u00e9seau de sympathisants et notre approche non partisane au service de notre d\u00e9mocratie face aux d\u00e9fis actuels. Nous intervenons dans tout le Colorado sur des enjeux prioritaires qui impactent nos vies, comme la d\u00e9fense du droit de vote, la responsabilisation de notre gouvernement, la promotion de la transparence, et bien plus encore. Fond\u00e9s en 1971, nous sommes le lobby du peuple du Colorado. S&#039;engager avec Colorado Common Cause, c&#039;est rejoindre un mouvement puissant en faveur d&#039;une d\u00e9mocratie qui donne \u00e0 tous les Coloradans la voix dans les d\u00e9cisions qui fa\u00e7onnent notre avenir."}},{"acf_fc_layout":"layout_image_and_text","_acfe_flexible_toggle":"","component_image_and_text":{"manually_curate":true,"image_side":"left","row_color":"blue","work":null,"kicker_text":"","title":"D\u00e9couvrez le Fonds d&#039;\u00e9ducation pour la cause commune","summary":"Common Cause\u2019s 501(c)(3) affiliate leads public education campaigns, spearheads key research efforts, and more. All Education Fund donations are tax-deductible.","image":1947,"post_link":{"title":"","url":" https:\/\/www.commoncause.org\/colorado\/education-fund\/","target":""},"button_text":"Learn More","secondary_link":""}},{"acf_fc_layout":"layout_two_column_text_and_image","_acfe_flexible_toggle":"","component_two_column_text_and_image":{"heading":"","columns":[{"image":"","title":"Our Impact","content":"Learn more about some of our key victories\u2014and how you can play a meaningful role in the fight for an open, honest, and accountable government.","link":{"title":"Discover Our Impact","url":" https:\/\/www.commoncause.org\/colorado\/our-impact\/","target":""}},{"image":"","title":"Our Team","content":"The staff at Colorado Common Cause work day in and day out in defense of transparency, fairness, and the right to be heard in our democracy. Get to know us, get connected\u2014and reach out with questions about Colorado Common Cause's latest efforts.","link":""}]}},{"acf_fc_layout":"layout_banner","_acfe_flexible_toggle":"","component_banner":{"use_donate_banner":true,"title":"Title [highlight]with highlighting[\/highlight] and additional text.","button":null,"image":null}}]},"yoast_head":"<!-- This site is optimized with the Yoast SEO Premium plugin v26.6 (Yoast SEO v27.1.1) - https:\/\/yoast.com\/product\/yoast-seo-premium-wordpress\/ -->\n<title>About Us - Common Cause Colorado<\/title>\n<meta name=\"robots\" content=\"index, follow, max-snippet:-1, max-image-preview:large, max-video-preview:-1\" \/>\n<link rel=\"canonical\" href=\"https:\/\/www.commoncause.org\/colorado\/fr\/a-propos-de-nous\/\" \/>\n<meta property=\"og:locale\" content=\"fr_FR\" \/>\n<meta property=\"og:type\" content=\"article\" \/>\n<meta property=\"og:title\" content=\"About Us\" \/>\n<meta property=\"og:url\" content=\"https:\/\/www.commoncause.org\/colorado\/fr\/a-propos-de-nous\/\" \/>\n<meta property=\"og:site_name\" content=\"Common Cause Colorado\" \/>\n<meta property=\"article:modified_time\" content=\"2024-07-31T18:53:21+00:00\" \/>\n<meta property=\"og:image\" content=\"https:\/\/www.commoncause.org\/colorado\/wp-content\/uploads\/2024\/08\/common-cause-share-image.png\" \/>\n\t<meta property=\"og:image:width\" content=\"1200\" \/>\n\t<meta property=\"og:image:height\" content=\"630\" \/>\n\t<meta property=\"og:image:type\" content=\"image\/png\" \/>\n<meta name=\"twitter:card\" content=\"summary_large_image\" \/>\n<script type=\"application\/ld+json\" class=\"yoast-schema-graph\">{\"@context\":\"https:\/\/schema.org\",\"@graph\":[{\"@type\":\"WebPage\",\"@id\":\"https:\/\/www.commoncause.org\/colorado\/about-us\/\",\"url\":\"https:\/\/www.commoncause.org\/colorado\/about-us\/\",\"name\":\"About Us - Common Cause Colorado\",\"isPartOf\":{\"@id\":\"https:\/\/www.commoncause.org\/colorado\/#website\"},\"datePublished\":\"2024-05-07T13:45:32+00:00\",\"dateModified\":\"2024-07-31T18:53:21+00:00\",\"breadcrumb\":{\"@id\":\"https:\/\/www.commoncause.org\/colorado\/about-us\/#breadcrumb\"},\"inLanguage\":\"fr-FR\",\"potentialAction\":[{\"@type\":\"ReadAction\",\"target\":[\"https:\/\/www.commoncause.org\/colorado\/about-us\/\"]}]},{\"@type\":\"BreadcrumbList\",\"@id\":\"https:\/\/www.commoncause.org\/colorado\/about-us\/#breadcrumb\",\"itemListElement\":[{\"@type\":\"ListItem\",\"position\":1,\"name\":\"Home\",\"item\":\"https:\/\/www.commoncause.org\/colorado\/\"},{\"@type\":\"ListItem\",\"position\":2,\"name\":\"About Us\"}]},{\"@type\":\"WebSite\",\"@id\":\"https:\/\/www.commoncause.org\/colorado\/#website\",\"url\":\"https:\/\/www.commoncause.org\/colorado\/\",\"name\":\"Common Cause Colorado\",\"description\":\"\",\"potentialAction\":[{\"@type\":\"SearchAction\",\"target\":{\"@type\":\"EntryPoint\",\"urlTemplate\":\"https:\/\/www.commoncause.org\/colorado\/?s={search_term_string}\"},\"query-input\":{\"@type\":\"PropertyValueSpecification\",\"valueRequired\":true,\"valueName\":\"search_term_string\"}}],\"inLanguage\":\"fr-FR\"}]}<\/script>\n<!-- \/ Yoast SEO Premium plugin. -->","yoast_head_json":{"title":"\u00c0 propos de nous \u2013 Common Cause Colorado","robots":{"index":"index","follow":"follow","max-snippet":"max-snippet:-1","max-image-preview":"max-image-preview:large","max-video-preview":"max-video-preview:-1"},"canonical":"https:\/\/www.commoncause.org\/colorado\/fr\/a-propos-de-nous\/","og_locale":"fr_FR","og_type":"article","og_title":"About Us","og_url":"https:\/\/www.commoncause.org\/colorado\/fr\/a-propos-de-nous\/","og_site_name":"Common Cause Colorado","article_modified_time":"2024-07-31T18:53:21+00:00","og_image":[{"width":1200,"height":630,"url":"https:\/\/www.commoncause.org\/colorado\/wp-content\/uploads\/2024\/08\/common-cause-share-image.png","type":"image\/png"}],"twitter_card":"summary_large_image","schema":{"@context":"https:\/\/schema.org","@graph":[{"@type":"WebPage","@id":"https:\/\/www.commoncause.org\/colorado\/about-us\/","url":"https:\/\/www.commoncause.org\/colorado\/about-us\/","name":"\u00c0 propos de nous \u2013 Common Cause Colorado","isPartOf":{"@id":"https:\/\/www.commoncause.org\/colorado\/#website"},"datePublished":"2024-05-07T13:45:32+00:00","dateModified":"2024-07-31T18:53:21+00:00","breadcrumb":{"@id":"https:\/\/www.commoncause.org\/colorado\/about-us\/#breadcrumb"},"inLanguage":"fr-FR","potentialAction":[{"@type":"ReadAction","target":["https:\/\/www.commoncause.org\/colorado\/about-us\/"]}]},{"@type":"BreadcrumbList","@id":"https:\/\/www.commoncause.org\/colorado\/about-us\/#breadcrumb","itemListElement":[{"@type":"ListItem","position":1,"name":"Home","item":"https:\/\/www.commoncause.org\/colorado\/"},{"@type":"ListItem","position":2,"name":"About Us"}]},{"@type":"WebSite","@id":"https:\/\/www.commoncause.org\/colorado\/#website","url":"https:\/\/www.commoncause.org\/colorado\/","name":"Cause commune Colorado","description":"","potentialAction":[{"@type":"SearchAction","target":{"@type":"EntryPoint","urlTemplate":"https:\/\/www.commoncause.org\/colorado\/?s={search_term_string}"},"query-input":{"@type":"PropertyValueSpecification","valueRequired":true,"valueName":"search_term_string"}}],"inLanguage":"fr-FR"}]}},"distributor_meta":false,"distributor_terms":false,"distributor_media":false,"distributor_original_site_name":"Common Cause Colorado","distributor_original_site_url":"https:\/\/www.commoncause.org\/colorado\/fr","push-errors":false,"_links":{"self":[{"href":"https:\/\/www.commoncause.org\/colorado\/fr\/wp-json\/wp\/v2\/pages\/21","targetHints":{"allow":["GET"]}}],"collection":[{"href":"https:\/\/www.commoncause.org\/colorado\/fr\/wp-json\/wp\/v2\/pages"}],"about":[{"href":"https:\/\/www.commoncause.org\/colorado\/fr\/wp-json\/wp\/v2\/types\/page"}],"author":[{"embeddable":true,"href":"https:\/\/www.commoncause.org\/colorado\/fr\/wp-json\/wp\/v2\/users\/2"}],"replies":[{"embeddable":true,"href":"https:\/\/www.commoncause.org\/colorado\/fr\/wp-json\/wp\/v2\/comments?post=21"}],"version-history":[{"count":17,"href":"https:\/\/www.commoncause.org\/colorado\/fr\/wp-json\/wp\/v2\/pages\/21\/revisions"}],"predecessor-version":[{"id":1101,"href":"https:\/\/www.commoncause.org\/colorado\/fr\/wp-json\/wp\/v2\/pages\/21\/revisions\/1101"}],"wp:attachment":[{"href":"https:\/\/www.commoncause.org\/colorado\/fr\/wp-json\/wp\/v2\/media?parent=21"}],"curies":[{"name":"wp","href":"https:\/\/api.w.org\/{rel}","templated":true}]}}