{"id":1523,"date":"2024-10-02T14:58:52","date_gmt":"2024-10-02T20:58:52","guid":{"rendered":"https:\/\/www.commoncause.org\/colorado\/?page_id=1523"},"modified":"2024-10-14T15:24:09","modified_gmt":"2024-10-14T21:24:09","slug":"voterguide","status":"publish","type":"page","link":"https:\/\/www.commoncause.org\/colorado\/fr\/guide-de-lelecteur\/","title":{"rendered":"Guide du scrutin 2024"},"content":{"rendered":"","protected":false},"excerpt":{"rendered":"","protected":false},"author":12,"featured_media":0,"parent":0,"menu_order":0,"comment_status":"closed","ping_status":"closed","template":"","meta":{"_acf_changed":false,"_relevanssi_hide_post":"","_relevanssi_hide_content":"","_relevanssi_pin_for_all":"","_relevanssi_pin_keywords":"","_relevanssi_unpin_keywords":"","_relevanssi_related_keywords":"","_relevanssi_related_include_ids":"","_relevanssi_related_exclude_ids":"","_relevanssi_related_no_append":"","_relevanssi_related_not_related":"","_relevanssi_related_posts":"","_relevanssi_noindex_reason":""},"class_list":["post-1523","page","type-page","status-publish","hentry"],"acf":{"header":{"component_page_header":{"header_type":"background","title":"Guide du scrutin 2024","lead":"You can find Colorado Common Cause's recommendations on three statewide ballot measures and three local ballot measures in our 2024 Ballot Guide. We also asked all of the candidates running for State Legislature for their positions on several critical democracy questions.\r\n\r\nColorado voters have tremendous power to decide the future of our state by voting on ballot measures and electing candidates who represent our values. We hope these resources will help you make informed, pro-democracy decisions on your ballot this year.","image":21555,"subnavigation":false}},"sidebar":{"helper_enable_sidebar":false,"helper_media_contact":{"heading":"Media Contact","manually_enter_person":false,"person":"","name":"","role":"","phone":"","email":""},"helper_links_downloads":{"heading":"Links & Downloads","links":null}},"page_layout":[{"acf_fc_layout":"layout_two_column_text_and_image","_acfe_flexible_toggle":"","component_two_column_text_and_image":{"heading":"Our [highlight] Statewide[\/highlight] and [highlight] Local[\/highlight] Ballot Measure Positions","columns":[{"image":"","title":"","content":"","link":""},{"image":"","title":"","content":"","link":""}]}},{"acf_fc_layout":"layout_slideshow","_acfe_flexible_toggle":"","component_slideshow":{"title":"","slides":[{"image":23616,"caption":""},{"image":23617,"caption":""},{"image":23626,"caption":""}],"aspect_ratio":"default"}},{"acf_fc_layout":"layout_banner","_acfe_flexible_toggle":"","component_banner":{"use_donate_banner":false,"title":"Nous avons pos\u00e9 quelques questions \u00e0 chaque candidat se pr\u00e9sentant \u00e0 l&#039;Assembl\u00e9e l\u00e9gislative de notre \u00c9tat...","button":{"title":"Click here to see their responses","url":"https:\/\/democracysurvey.cc\/in-your-state\/colorado\/","target":"_blank"},"image":""}}]},"yoast_head":"<!-- This site is optimized with the Yoast SEO Premium plugin v26.6 (Yoast SEO v27.1.1) - https:\/\/yoast.com\/product\/yoast-seo-premium-wordpress\/ -->\n<title>2024 Ballot Guide - Common Cause Colorado<\/title>\n<meta name=\"robots\" content=\"index, follow, max-snippet:-1, max-image-preview:large, max-video-preview:-1\" \/>\n<link rel=\"canonical\" href=\"https:\/\/www.commoncause.org\/colorado\/fr\/guide-de-lelecteur\/\" \/>\n<meta property=\"og:locale\" content=\"fr_FR\" \/>\n<meta property=\"og:type\" content=\"article\" \/>\n<meta property=\"og:title\" content=\"2024 Ballot Guide\" \/>\n<meta property=\"og:url\" content=\"https:\/\/www.commoncause.org\/colorado\/fr\/guide-de-lelecteur\/\" \/>\n<meta property=\"og:site_name\" content=\"Common Cause Colorado\" \/>\n<meta property=\"article:modified_time\" content=\"2024-10-14T21:24:09+00:00\" \/>\n<meta property=\"og:image\" content=\"https:\/\/www.commoncause.org\/colorado\/wp-content\/uploads\/2024\/08\/common-cause-share-image.png\" \/>\n\t<meta property=\"og:image:width\" content=\"1200\" \/>\n\t<meta property=\"og:image:height\" content=\"630\" \/>\n\t<meta property=\"og:image:type\" content=\"image\/png\" \/>\n<meta name=\"twitter:card\" content=\"summary_large_image\" \/>\n<script type=\"application\/ld+json\" class=\"yoast-schema-graph\">{\"@context\":\"https:\/\/schema.org\",\"@graph\":[{\"@type\":\"WebPage\",\"@id\":\"https:\/\/www.commoncause.org\/colorado\/voterguide\/\",\"url\":\"https:\/\/www.commoncause.org\/colorado\/voterguide\/\",\"name\":\"2024 Ballot Guide - Common Cause Colorado\",\"isPartOf\":{\"@id\":\"https:\/\/www.commoncause.org\/colorado\/#website\"},\"datePublished\":\"2024-10-02T20:58:52+00:00\",\"dateModified\":\"2024-10-14T21:24:09+00:00\",\"breadcrumb\":{\"@id\":\"https:\/\/www.commoncause.org\/colorado\/voterguide\/#breadcrumb\"},\"inLanguage\":\"fr-FR\",\"potentialAction\":[{\"@type\":\"ReadAction\",\"target\":[\"https:\/\/www.commoncause.org\/colorado\/voterguide\/\"]}]},{\"@type\":\"BreadcrumbList\",\"@id\":\"https:\/\/www.commoncause.org\/colorado\/voterguide\/#breadcrumb\",\"itemListElement\":[{\"@type\":\"ListItem\",\"position\":1,\"name\":\"Home\",\"item\":\"https:\/\/www.commoncause.org\/colorado\/\"},{\"@type\":\"ListItem\",\"position\":2,\"name\":\"2024 Ballot Guide\"}]},{\"@type\":\"WebSite\",\"@id\":\"https:\/\/www.commoncause.org\/colorado\/#website\",\"url\":\"https:\/\/www.commoncause.org\/colorado\/\",\"name\":\"Common Cause Colorado\",\"description\":\"\",\"potentialAction\":[{\"@type\":\"SearchAction\",\"target\":{\"@type\":\"EntryPoint\",\"urlTemplate\":\"https:\/\/www.commoncause.org\/colorado\/?s={search_term_string}\"},\"query-input\":{\"@type\":\"PropertyValueSpecification\",\"valueRequired\":true,\"valueName\":\"search_term_string\"}}],\"inLanguage\":\"fr-FR\"}]}<\/script>\n<!-- \/ Yoast SEO Premium plugin. -->","yoast_head_json":{"title":"Guide du scrutin 2024 \u2013 Common Cause Colorado","robots":{"index":"index","follow":"follow","max-snippet":"max-snippet:-1","max-image-preview":"max-image-preview:large","max-video-preview":"max-video-preview:-1"},"canonical":"https:\/\/www.commoncause.org\/colorado\/fr\/guide-de-lelecteur\/","og_locale":"fr_FR","og_type":"article","og_title":"2024 Ballot Guide","og_url":"https:\/\/www.commoncause.org\/colorado\/fr\/guide-de-lelecteur\/","og_site_name":"Common Cause Colorado","article_modified_time":"2024-10-14T21:24:09+00:00","og_image":[{"width":1200,"height":630,"url":"https:\/\/www.commoncause.org\/colorado\/wp-content\/uploads\/2024\/08\/common-cause-share-image.png","type":"image\/png"}],"twitter_card":"summary_large_image","schema":{"@context":"https:\/\/schema.org","@graph":[{"@type":"WebPage","@id":"https:\/\/www.commoncause.org\/colorado\/voterguide\/","url":"https:\/\/www.commoncause.org\/colorado\/voterguide\/","name":"Guide du scrutin 2024 \u2013 Common Cause Colorado","isPartOf":{"@id":"https:\/\/www.commoncause.org\/colorado\/#website"},"datePublished":"2024-10-02T20:58:52+00:00","dateModified":"2024-10-14T21:24:09+00:00","breadcrumb":{"@id":"https:\/\/www.commoncause.org\/colorado\/voterguide\/#breadcrumb"},"inLanguage":"fr-FR","potentialAction":[{"@type":"ReadAction","target":["https:\/\/www.commoncause.org\/colorado\/voterguide\/"]}]},{"@type":"BreadcrumbList","@id":"https:\/\/www.commoncause.org\/colorado\/voterguide\/#breadcrumb","itemListElement":[{"@type":"ListItem","position":1,"name":"Home","item":"https:\/\/www.commoncause.org\/colorado\/"},{"@type":"ListItem","position":2,"name":"2024 Ballot Guide"}]},{"@type":"WebSite","@id":"https:\/\/www.commoncause.org\/colorado\/#website","url":"https:\/\/www.commoncause.org\/colorado\/","name":"Cause commune Colorado","description":"","potentialAction":[{"@type":"SearchAction","target":{"@type":"EntryPoint","urlTemplate":"https:\/\/www.commoncause.org\/colorado\/?s={search_term_string}"},"query-input":{"@type":"PropertyValueSpecification","valueRequired":true,"valueName":"search_term_string"}}],"inLanguage":"fr-FR"}]}},"distributor_meta":false,"distributor_terms":false,"distributor_media":false,"distributor_original_site_name":"Common Cause Colorado","distributor_original_site_url":"https:\/\/www.commoncause.org\/colorado\/fr","push-errors":false,"_links":{"self":[{"href":"https:\/\/www.commoncause.org\/colorado\/fr\/wp-json\/wp\/v2\/pages\/1523","targetHints":{"allow":["GET"]}}],"collection":[{"href":"https:\/\/www.commoncause.org\/colorado\/fr\/wp-json\/wp\/v2\/pages"}],"about":[{"href":"https:\/\/www.commoncause.org\/colorado\/fr\/wp-json\/wp\/v2\/types\/page"}],"author":[{"embeddable":true,"href":"https:\/\/www.commoncause.org\/colorado\/fr\/wp-json\/wp\/v2\/users\/12"}],"replies":[{"embeddable":true,"href":"https:\/\/www.commoncause.org\/colorado\/fr\/wp-json\/wp\/v2\/comments?post=1523"}],"version-history":[{"count":16,"href":"https:\/\/www.commoncause.org\/colorado\/fr\/wp-json\/wp\/v2\/pages\/1523\/revisions"}],"predecessor-version":[{"id":1566,"href":"https:\/\/www.commoncause.org\/colorado\/fr\/wp-json\/wp\/v2\/pages\/1523\/revisions\/1566"}],"wp:attachment":[{"href":"https:\/\/www.commoncause.org\/colorado\/fr\/wp-json\/wp\/v2\/media?parent=1523"}],"curies":[{"name":"wp","href":"https:\/\/api.w.org\/{rel}","templated":true}]}}