{"id":48,"date":"2024-05-07T13:45:32","date_gmt":"2024-05-07T13:45:32","guid":{"rendered":"https:\/\/www.commoncause.org\/california\/about-us\/"},"modified":"2025-07-03T11:10:15","modified_gmt":"2025-07-03T18:10:15","slug":"about-us","status":"publish","type":"page","link":"https:\/\/www.commoncause.org\/california\/vi\/ve-chung-toi\/","title":{"rendered":"Gi\u1edbi thi\u1ec7u v\u1ec1 ch\u00fang t\u00f4i"},"content":{"rendered":"","protected":false},"excerpt":{"rendered":"","protected":false},"author":2,"featured_media":0,"parent":0,"menu_order":0,"comment_status":"closed","ping_status":"closed","template":"","meta":{"_acf_changed":false,"_relevanssi_hide_post":"","_relevanssi_hide_content":"","_relevanssi_pin_for_all":"","_relevanssi_pin_keywords":"","_relevanssi_unpin_keywords":"","_relevanssi_related_keywords":"","_relevanssi_related_include_ids":"","_relevanssi_related_exclude_ids":"","_relevanssi_related_no_append":"","_relevanssi_related_not_related":"","_relevanssi_related_posts":"","_relevanssi_noindex_reason":""},"class_list":["post-48","page","type-page","status-publish","hentry"],"acf":{"header":{"component_page_header":{"header_type":"default","title":"Gi\u1edbi thi\u1ec7u v\u1ec1 ch\u00fang t\u00f4i","lead":"When We the People come together, we can make a real and lasting difference. Taking action with California Common Cause means joining a powerful movement in pursuit of a democracy that finally gives all Californians a voice in the decisions that shape our future.","image":"","subnavigation":true}},"sidebar":{"helper_enable_sidebar":false,"helper_media_contact":{"heading":"","manually_enter_person":false,"person":"","name":"","role":"","phone":"","email":""},"helper_links_downloads":{"heading":"","links":null}},"page_layout":[{"acf_fc_layout":"layout_wysiwyg","_acfe_flexible_toggle":"","component_wysiwyg":{"content":"<h4>Trong h\u01a1n 50 n\u0103m qua, Common Cause v\u00e0 c\u00e1c th\u00e0nh vi\u00ean c\u1ee7a ch\u00fang t\u00f4i \u0111\u00e3 \u0111\u1ea5u tranh cho n\u1ec1n d\u00e2n ch\u1ee7 m\u00e0 ch\u00fang t\u00f4i x\u1ee9ng \u0111\u00e1ng \u0111\u01b0\u1ee3c h\u01b0\u1edfng.<\/h4>\r\nCommon Cause v\u1eadn d\u1ee5ng ki\u1ebfn th\u1ee9c chuy\u00ean m\u00f4n v\u1ec1 ch\u00ednh s\u00e1ch c\u1ea5p ti\u1ec3u bang v\u00e0 qu\u1ed1c gia, m\u1ea1ng l\u01b0\u1edbi r\u1ed9ng l\u1edbn nh\u1eefng ng\u01b0\u1eddi \u1ee7ng h\u1ed9 c\u01a1 s\u1edf v\u00e0 ph\u01b0\u01a1ng ph\u00e1p ti\u1ebfp c\u1eadn phi \u0111\u1ea3ng ph\u00e1i \u0111\u1ec3 c\u1ee7ng c\u1ed1 n\u1ec1n d\u00e2n ch\u1ee7 c\u1ee7a ch\u00fang ta tr\u01b0\u1edbc nh\u1eefng th\u00e1ch th\u1ee9c m\u00e0 n\u00f3 \u0111ang ph\u1ea3i \u0111\u1ed1i m\u1eb7t ng\u00e0y nay. Ch\u00fang t\u00f4i l\u00e0m vi\u1ec7c \u1edf m\u1ecdi c\u1ea5p ch\u00ednh quy\u1ec1n v\u1ec1 c\u00e1c \u01b0u ti\u00ean \u1ea3nh h\u01b0\u1edfng \u0111\u1ebfn cu\u1ed9c s\u1ed1ng c\u1ee7a m\u1ed7i ch\u00fang ta\u2014nh\u01b0 b\u1ea3o v\u1ec7 quy\u1ec1n b\u1ea7u c\u1eed, h\u1ea1n ch\u1ebf \u1ea3nh h\u01b0\u1edfng c\u1ee7a Big Money \u0111\u1ed1i v\u1edbi c\u00e1c cu\u1ed9c b\u1ea7u c\u1eed c\u1ee7a ch\u00fang ta, y\u00eau c\u1ea7u c\u00e1c quan ch\u1ee9c c\u00f4ng ph\u1ea3i ch\u1ecbu tr\u00e1ch nhi\u1ec7m, v.v. Nh\u1eefng n\u1ed7 l\u1ef1c c\u1ee7a ch\u00fang t\u00f4i \u0111\u01b0\u1ee3c th\u00fac \u0111\u1ea9y b\u1edfi tr\u1ee5 s\u1edf ch\u00ednh qu\u1ed1c gia t\u1ea1i Washington D.C. v\u00e0 h\u01a1n 25 v\u0103n ph\u00f2ng ti\u1ec3u bang, do c\u00e1c nh\u00f3m chuy\u00ean gia th\u1ef1c \u0111\u1ecba d\u1eabn d\u1eaft, nh\u1eefng ng\u01b0\u1eddi bi\u1ebft c\u00e1ch gi\u00e0nh \u0111\u01b0\u1ee3c nh\u1eefng c\u1ea3i c\u00e1ch c\u00f3 t\u00e1c \u0111\u1ed9ng m\u1ea1nh m\u1ebd nh\u1eb1m c\u1ee7ng c\u1ed1 n\u1ec1n d\u00e2n ch\u1ee7 c\u1ee7a ch\u00fang ta. S\u1ee9 m\u1ec7nh c\u1ee7a ch\u00fang t\u00f4i: Common Cause l\u00e0 m\u1ed9t t\u1ed5 ch\u1ee9c c\u01a1 s\u1edf, phi \u0111\u1ea3ng ph\u00e1i, t\u1eadn t\u00e2m duy tr\u00ec c\u00e1c gi\u00e1 tr\u1ecb c\u1ed1t l\u00f5i c\u1ee7a n\u1ec1n d\u00e2n ch\u1ee7 Hoa K\u1ef3. Ch\u00fang t\u00f4i n\u1ed7 l\u1ef1c t\u1ea1o ra m\u1ed9t ch\u00ednh ph\u1ee7 c\u1edfi m\u1edf, trung th\u1ef1c v\u00e0 c\u00f3 tr\u00e1ch nhi\u1ec7m, ph\u1ee5c v\u1ee5 l\u1ee3i \u00edch c\u00f4ng c\u1ed9ng; th\u00fac \u0111\u1ea9y quy\u1ec1n b\u00ecnh \u0111\u1eb3ng, c\u01a1 h\u1ed9i v\u00e0 \u0111\u1ea1i di\u1ec7n cho t\u1ea5t c\u1ea3 m\u1ecdi ng\u01b0\u1eddi; v\u00e0 trao quy\u1ec1n cho t\u1ea5t c\u1ea3 m\u1ecdi ng\u01b0\u1eddi \u0111\u1ec3 ti\u1ebfng n\u00f3i c\u1ee7a h\u1ecd \u0111\u01b0\u1ee3c l\u1eafng nghe trong ti\u1ebfn tr\u00ecnh ch\u00ednh tr\u1ecb."}},{"acf_fc_layout":"layout_image_and_text","_acfe_flexible_toggle":"","component_image_and_text":{"manually_curate":true,"image_side":"left","row_color":"blue","work":null,"kicker_text":"","title":"Kh\u00e1m ph\u00e1 Qu\u1ef9 Gi\u00e1o d\u1ee5c v\u00ec m\u1ee5c \u0111\u00edch chung","summary":"Common Cause\u2019s 501(c)(3) affiliate leads public education campaigns, spearheads key research efforts, and more. All Education Fund donations are tax-deductible.","image":1947,"post_link":{"title":"","url":"https:\/\/www.commoncause.org\/about-us\/common-cause-education-fund\/","target":""},"button_text":"Learn More","secondary_link":""}},{"acf_fc_layout":"layout_accordion","_acfe_flexible_toggle":"","component_accordion":{"heading":"Common Cause works...","panels":[{"panel_heading":"In the Legislature","panel_copy":"At the national, state, and local level, Common Cause works with officials from across the political spectrum to pass proven, common-sense solutions and stop attacks on our rights. Our team members and supporters are frequent visitors to the U.S. Capitol and statehouses across the country, meeting with decision-makers to discuss target legislation. We have a long history of making lasting change through the legislative process."},{"panel_heading":"In the Courts","panel_copy":"Common Cause has played a key role in some of the most impactful court cases over the last several decades. We work at every level of the country's legal system, including the U.S. Supreme Court, and have consistently demonstrated that through hard-hitting legal action, we can make real progress on the democracy issues that count\u2014like fair redistricting, government transparency, and campaign finance."},{"panel_heading":"On the Ground","panel_copy":"Common Cause's power lies in its 1.5 million supporters nationwide. We mobilize our members at lobby days in statehouses to advocate for key reforms and shut down harmful bills; as Election Protection monitors, helping voters each Election Day; at pro-democracy rallies and demonstrations across the country; and much, much more. We know that when our members turn out and work together, we get results."},{"panel_heading":"And Beyond...","panel_copy":"Common Cause is committed to leading the most important fights for our democracy, no matter where they take place. We show up in many ways\u2014including online, where our members contact legislators in support of target bills, spread the word about our work on social media, and report harmful election disinformation."}]}},{"acf_fc_layout":"layout_two_column_text_and_image","_acfe_flexible_toggle":"","component_two_column_text_and_image":{"heading":"California Common Cause and our members are fighting for the democracy we deserve.","columns":[{"image":"","title":"Our Impact","content":"California Common Cause knows how to win reforms that reach every corner of our state. We lead the most important fights for our democracy, no matter where they take place. Learn more about some of our key victories\u2014and how you can play a meaningful role in the fight for an inclusive, responsive, and accountable government.","link":{"title":"Discover Our Impact","url":"https:\/\/www.commoncause.org\/california\/our-impact\/","target":"_blank"}},{"image":"","title":"Our Team","content":"The staff at California Common Cause work day in and day out in defense of equity, fairness, and the right to be heard in our democracy. Our expertise and creativity drive all of the crucial work we do for Californians. Get to know us, get connected\u2014and reach out with questions about California Common Cause's latest efforts.","link":{"title":"Meet the Team","url":"https:\/\/www.commoncause.org\/california\/our-people\/","target":""}}]}},{"acf_fc_layout":"layout_banner","_acfe_flexible_toggle":"","component_banner":{"use_donate_banner":true,"title":"Title [highlight]with highlighting[\/highlight] and additional text.","button":null,"image":null}}]},"yoast_head":"<!-- This site is optimized with the Yoast SEO Premium plugin v26.6 (Yoast SEO v27.1.1) - https:\/\/yoast.com\/product\/yoast-seo-premium-wordpress\/ -->\n<title>About Us - Common Cause California<\/title>\n<meta name=\"robots\" content=\"index, follow, max-snippet:-1, max-image-preview:large, max-video-preview:-1\" \/>\n<link rel=\"canonical\" href=\"https:\/\/www.commoncause.org\/california\/vi\/ve-chung-toi\/\" \/>\n<meta property=\"og:locale\" content=\"vi_VN\" \/>\n<meta property=\"og:type\" content=\"article\" \/>\n<meta property=\"og:title\" content=\"About Us\" \/>\n<meta property=\"og:url\" content=\"https:\/\/www.commoncause.org\/california\/vi\/ve-chung-toi\/\" \/>\n<meta property=\"og:site_name\" content=\"Common Cause California\" \/>\n<meta property=\"article:modified_time\" content=\"2025-07-03T18:10:15+00:00\" \/>\n<meta property=\"og:image\" content=\"https:\/\/www.commoncause.org\/california\/wp-content\/uploads\/2024\/08\/common-cause-share-image.png\" \/>\n\t<meta property=\"og:image:width\" content=\"1200\" \/>\n\t<meta property=\"og:image:height\" content=\"630\" \/>\n\t<meta property=\"og:image:type\" content=\"image\/png\" \/>\n<meta name=\"twitter:card\" content=\"summary_large_image\" \/>\n<script type=\"application\/ld+json\" class=\"yoast-schema-graph\">{\"@context\":\"https:\/\/schema.org\",\"@graph\":[{\"@type\":\"WebPage\",\"@id\":\"https:\/\/www.commoncause.org\/california\/about-us\/\",\"url\":\"https:\/\/www.commoncause.org\/california\/about-us\/\",\"name\":\"About Us - Common Cause California\",\"isPartOf\":{\"@id\":\"https:\/\/www.commoncause.org\/california\/#website\"},\"datePublished\":\"2024-05-07T13:45:32+00:00\",\"dateModified\":\"2025-07-03T18:10:15+00:00\",\"breadcrumb\":{\"@id\":\"https:\/\/www.commoncause.org\/california\/about-us\/#breadcrumb\"},\"inLanguage\":\"vi\",\"potentialAction\":[{\"@type\":\"ReadAction\",\"target\":[\"https:\/\/www.commoncause.org\/california\/about-us\/\"]}]},{\"@type\":\"BreadcrumbList\",\"@id\":\"https:\/\/www.commoncause.org\/california\/about-us\/#breadcrumb\",\"itemListElement\":[{\"@type\":\"ListItem\",\"position\":1,\"name\":\"Home\",\"item\":\"https:\/\/www.commoncause.org\/california\/\"},{\"@type\":\"ListItem\",\"position\":2,\"name\":\"About Us\"}]},{\"@type\":\"WebSite\",\"@id\":\"https:\/\/www.commoncause.org\/california\/#website\",\"url\":\"https:\/\/www.commoncause.org\/california\/\",\"name\":\"Common Cause California\",\"description\":\"\",\"potentialAction\":[{\"@type\":\"SearchAction\",\"target\":{\"@type\":\"EntryPoint\",\"urlTemplate\":\"https:\/\/www.commoncause.org\/california\/?s={search_term_string}\"},\"query-input\":{\"@type\":\"PropertyValueSpecification\",\"valueRequired\":true,\"valueName\":\"search_term_string\"}}],\"inLanguage\":\"vi\"}]}<\/script>\n<!-- \/ Yoast SEO Premium plugin. -->","yoast_head_json":{"title":"Gi\u1edbi thi\u1ec7u v\u1ec1 ch\u00fang t\u00f4i - Common Cause California","robots":{"index":"index","follow":"follow","max-snippet":"max-snippet:-1","max-image-preview":"max-image-preview:large","max-video-preview":"max-video-preview:-1"},"canonical":"https:\/\/www.commoncause.org\/california\/vi\/ve-chung-toi\/","og_locale":"vi_VN","og_type":"article","og_title":"About Us","og_url":"https:\/\/www.commoncause.org\/california\/vi\/ve-chung-toi\/","og_site_name":"Common Cause California","article_modified_time":"2025-07-03T18:10:15+00:00","og_image":[{"width":1200,"height":630,"url":"https:\/\/www.commoncause.org\/california\/wp-content\/uploads\/2024\/08\/common-cause-share-image.png","type":"image\/png"}],"twitter_card":"summary_large_image","schema":{"@context":"https:\/\/schema.org","@graph":[{"@type":"WebPage","@id":"https:\/\/www.commoncause.org\/california\/about-us\/","url":"https:\/\/www.commoncause.org\/california\/about-us\/","name":"Gi\u1edbi thi\u1ec7u v\u1ec1 ch\u00fang t\u00f4i - Common Cause California","isPartOf":{"@id":"https:\/\/www.commoncause.org\/california\/#website"},"datePublished":"2024-05-07T13:45:32+00:00","dateModified":"2025-07-03T18:10:15+00:00","breadcrumb":{"@id":"https:\/\/www.commoncause.org\/california\/about-us\/#breadcrumb"},"inLanguage":"vi","potentialAction":[{"@type":"ReadAction","target":["https:\/\/www.commoncause.org\/california\/about-us\/"]}]},{"@type":"BreadcrumbList","@id":"https:\/\/www.commoncause.org\/california\/about-us\/#breadcrumb","itemListElement":[{"@type":"ListItem","position":1,"name":"Home","item":"https:\/\/www.commoncause.org\/california\/"},{"@type":"ListItem","position":2,"name":"About Us"}]},{"@type":"WebSite","@id":"https:\/\/www.commoncause.org\/california\/#website","url":"https:\/\/www.commoncause.org\/california\/","name":"Nguy\u00ean nh\u00e2n chung California","description":"","potentialAction":[{"@type":"SearchAction","target":{"@type":"EntryPoint","urlTemplate":"https:\/\/www.commoncause.org\/california\/?s={search_term_string}"},"query-input":{"@type":"PropertyValueSpecification","valueRequired":true,"valueName":"search_term_string"}}],"inLanguage":"vi"}]}},"distributor_meta":false,"distributor_terms":false,"distributor_media":false,"distributor_original_site_name":"Common Cause California","distributor_original_site_url":"https:\/\/www.commoncause.org\/california\/vi","push-errors":false,"_links":{"self":[{"href":"https:\/\/www.commoncause.org\/california\/vi\/wp-json\/wp\/v2\/pages\/48","targetHints":{"allow":["GET"]}}],"collection":[{"href":"https:\/\/www.commoncause.org\/california\/vi\/wp-json\/wp\/v2\/pages"}],"about":[{"href":"https:\/\/www.commoncause.org\/california\/vi\/wp-json\/wp\/v2\/types\/page"}],"author":[{"embeddable":true,"href":"https:\/\/www.commoncause.org\/california\/vi\/wp-json\/wp\/v2\/users\/2"}],"replies":[{"embeddable":true,"href":"https:\/\/www.commoncause.org\/california\/vi\/wp-json\/wp\/v2\/comments?post=48"}],"version-history":[{"count":18,"href":"https:\/\/www.commoncause.org\/california\/vi\/wp-json\/wp\/v2\/pages\/48\/revisions"}],"predecessor-version":[{"id":2498,"href":"https:\/\/www.commoncause.org\/california\/vi\/wp-json\/wp\/v2\/pages\/48\/revisions\/2498"}],"wp:attachment":[{"href":"https:\/\/www.commoncause.org\/california\/vi\/wp-json\/wp\/v2\/media?parent=48"}],"curies":[{"name":"wp","href":"https:\/\/api.w.org\/{rel}","templated":true}]}}