{"id":458,"date":"2022-08-04T16:53:49","date_gmt":"2022-08-04T16:53:49","guid":{"rendered":"http:\/\/www.commoncause.org\/california\/democracy-is-podcast\/"},"modified":"2025-04-24T14:56:09","modified_gmt":"2025-04-24T21:56:09","slug":"democracy-is-podcast","status":"publish","type":"page","link":"https:\/\/www.commoncause.org\/california\/vi\/dan-chu-la-podcast\/","title":{"rendered":"D\u00e2n ch\u1ee7 l\u00e0 Podcast"},"content":{"rendered":"","protected":false},"excerpt":{"rendered":"","protected":false},"author":51,"featured_media":0,"parent":0,"menu_order":0,"comment_status":"closed","ping_status":"closed","template":"","meta":{"_acf_changed":false,"_relevanssi_hide_post":"","_relevanssi_hide_content":"","_relevanssi_pin_for_all":"","_relevanssi_pin_keywords":"","_relevanssi_unpin_keywords":"","_relevanssi_related_keywords":"","_relevanssi_related_include_ids":"","_relevanssi_related_exclude_ids":"","_relevanssi_related_no_append":"","_relevanssi_related_not_related":"","_relevanssi_related_posts":"","_relevanssi_noindex_reason":""},"class_list":["post-458","page","type-page","status-publish","hentry"],"acf":{"header":{"component_page_header":{"header_type":"default","title":"D\u00e2n ch\u1ee7 l\u00e0","lead":"A Podcast from California Common Cause","image":5606,"subnavigation":false}},"sidebar":{"helper_enable_sidebar":false,"helper_media_contact":{"heading":"Media Contact","manually_enter_person":false,"person":"","name":"","role":"","phone":"","email":""},"helper_links_downloads":{"heading":"Links & Downloads","links":null}},"page_layout":[{"acf_fc_layout":"layout_wysiwyg","_acfe_flexible_toggle":"","component_wysiwyg":{"content":"<p style=\"text-align: center\">&quot;Democracy Is&quot; l\u00e0 ch\u01b0\u01a1ng tr\u00ecnh v\u1ec1 c\u00e1ch n\u1ec1n d\u00e2n ch\u1ee7 t\u00e1c \u0111\u1ed9ng \u0111\u1ebfn cu\u1ed9c s\u1ed1ng c\u1ee7a ch\u00fang ta v\u00e0 c\u00e1c v\u1ea5n \u0111\u1ec1 v\u1ec1 d\u00e2n ch\u1ee7 di\u1ec5n ra nh\u01b0 th\u1ebf n\u00e0o trong c\u1ed9ng \u0111\u1ed3ng California c\u1ee7a ch\u00fang ta.<\/p>\r\n<p style=\"text-align: center\"><a href=\"https:\/\/linktr.ee\/democracyis\" target=\"_blank\" rel=\"noopener\">C\u00f3 s\u1eb5n tr\u00ean m\u1ecdi n\u1ec1n t\u1ea3ng!<\/a><\/p>"}},{"acf_fc_layout":"layout_wysiwyg","_acfe_flexible_toggle":"","component_wysiwyg":{"content":"<a class=\"button1\" role=\"button\" target=\"_blank\" href=\"https:\/\/open.spotify.com\/show\/0X64BO8K3gHqIbZGTgFLWT?si=ad33fd310043431d\">Spotify<\/a> <a class=\"button1\" role=\"button\" target=\"_blank\" href=\"https:\/\/podcasts.apple.com\/us\/podcast\/democracy-is\/id1626560743\">Apple Podcasts<\/a> <a class=\"button1\" role=\"button\" target=\"_blank\" href=\"https:\/\/music.amazon.com\/podcasts\/ac0ca7ec-1bc7-48bf-acc4-5e9b83e41127\/democracy-is\">\u00c2m nh\u1ea1c Amazon<\/a>"}},{"acf_fc_layout":"layout_image_and_text","_acfe_flexible_toggle":"","component_image_and_text":{"manually_curate":true,"image_side":"right","row_color":"blue","work":null,"kicker_text":"","title":"","summary":"\"Can California safeguard against AI\u2019s threat to democracy?\"\r\n\r\nIn this special episode of Democracy Is, we feature CCC's newest project, the California Initiative for Technology and Democracy -- CITED, for short -- that seeks solutions to the dangers that AI, disinformation, and deepfakes pose to our elections.\r\n\r\nToday, we bring you a recording from CITED\u2019s capitol briefing earlier this year. These two panels feature speakers with unparalleled experience and expertise on the topic.\r\n\r\nJoin us as we tackle AI and answer the question -- is it too late to combat the threat of AI to our democracy?\r\n<p style=\"padding-left: 40px\">Listen to our latest episode <a href=\"https:\/\/linktr.ee\/democracyis\" target=\"_blank\" rel=\"noopener\">HERE<\/a><\/p>","image":"","post_link":{"title":"See More","url":"https:\/\/linktr.ee\/democracyis","target":""},"button_text":"","secondary_link":""}},{"acf_fc_layout":"layout_wysiwyg","_acfe_flexible_toggle":"","component_wysiwyg":{"content":"<h2>C\u00e1c t\u1eadp phim c\u1ee7a m\u00f9a 1<\/h2>"}},{"acf_fc_layout":"layout_wysiwyg","_acfe_flexible_toggle":"","component_wysiwyg":{"content":"<a class=\"button1\" role=\"button\" target=\"_blank\" href=\"https:\/\/open.spotify.com\/episode\/6eFR4fu5vFQWxWpeMlyXc7?si=4yph8DKcTdi56yGqfkCB_g\">Ph\u00e2n chia l\u1ea1i khu v\u1ef1c b\u1ea7u c\u1eed l\u00e0 g\u00ec?<\/a> <a class=\"button1\" role=\"button\" target=\"_blank\" href=\"https:\/\/open.spotify.com\/episode\/68OcNdXNWPmtOZktfRGD2C?si=T0P7k5LzRtqga0HwYJv_Ow\">C\u00e1c \u0111\u01b0\u1eddng \u0111\u00e3 \u0111\u01b0\u1ee3c v\u1ebd<\/a> <a class=\"button1\" role=\"button\" target=\"_blank\" href=\"https:\/\/open.spotify.com\/episode\/0tOreZOmDsZYrAbMWU6dgl?si=iBg2__VNSheFrVCfpTCMNQ\">Theo d\u00f5i ti\u1ec1n<\/a> <a class=\"button1\" role=\"button\"  href=\"https:\/\/open.spotify.com\/episode\/2v1lgHMo5Xy2kTHlqo4nT9?si=i9HTXa9VQzChN-B9JEPeJA\">Ch\u00fang ta c\u00f3 n\u00ean thu h\u1ed3i l\u1ec7nh thu h\u1ed3i kh\u00f4ng? <\/a> <a class=\"button1\" role=\"button\" target=\"_blank\" href=\"https:\/\/open.spotify.com\/episode\/0IMw3atDLGggHuinI7b9pA?si=l1CoC81eRSeDO7y65fPEPw\">M\u00f9a b\u1ea7u c\u1eed c\u00f3 \u00fd ngh\u0129a g\u00ec \u0111\u1ed1i v\u1edbi t\u1ed5 ch\u1ee9c California Common Cause?<\/a>"}},{"acf_fc_layout":"layout_wysiwyg","_acfe_flexible_toggle":"","component_wysiwyg":{"content":"<h2>C\u00e1c t\u1eadp c\u1ee7a Ph\u1ea7n 2<\/h2>"}},{"acf_fc_layout":"layout_wysiwyg","_acfe_flexible_toggle":"","component_wysiwyg":{"content":"<a class=\"button1\" role=\"button\" target=\"_blank\" href=\"https:\/\/open.spotify.com\/episode\/19gKyypQxxkrdaSLTLfTpk?si=WvRkQyoHRyqC8ZSYPbATZg\">[voting non-english]<\/a> <a class=\"button1\" role=\"button\"  href=\"https:\/\/open.spotify.com\/episode\/57FMLsCvXMS47MFMFrXoI6?si=oJ8b1-w4Q8OCfN1R41pVNg\">Loopholes &amp; Backdoors<\/a> <a class=\"button1\" role=\"button\" target=\"_blank\" href=\"https:\/\/open.spotify.com\/episode\/4rGG48FBAjApTARQSgwNt6?si=aeZ1tWlRRa6Xp3mB63F4WA\">Moore vs Harper: A Battle for the Future of the Country<\/a> <a class=\"button1\" role=\"button\" target=\"_blank\" href=\"https:\/\/www.commoncause.org\/california\/episode-7-defending-democracy-in-the-digital-age\/\">Defending Democracy in the Digital Age<\/a> <a class=\"button1\" role=\"button\" target=\"_blank\" href=\"https:\/\/open.spotify.com\/episode\/1y10Irv6kCR0VD7xdRVjm3?si=6vBTmuDQQjGi8DNYyXM8Ig\">Restoring the Vote in California<\/a> <a class=\"button1\" role=\"button\" target=\"_blank\" href=\"https:\/\/open.spotify.com\/episode\/4Qzpp7YE97u47jLjThyDK1?si=OCZmmnvTTe6A9lr-0hbuEw\">Breaking the Cycle: Reforming LA City Council for a Stronger Democracy<\/a> <a class=\"button1\" role=\"button\" target=\"_blank\" href=\"https:\/\/open.spotify.com\/episode\/0RdPPVaodasZdTY6wXswTh?si=kr2XSkpGRyCnzreFsqgWzQ\">Can California Safeguard AI's Threat to Democracy?<\/a> "}},{"acf_fc_layout":"layout_wysiwyg","_acfe_flexible_toggle":"","component_wysiwyg":{"content":"<h2>G\u1eb7p g\u1ee1 \u0111\u1ed9i ng\u0169 c\u1ee7a ch\u00fang t\u00f4i!<\/h2>"}}]},"yoast_head":"<!-- This site is optimized with the Yoast SEO Premium plugin v26.6 (Yoast SEO v27.1.1) - https:\/\/yoast.com\/product\/yoast-seo-premium-wordpress\/ -->\n<title>Democracy Is Podcast - Common Cause California<\/title>\n<meta name=\"robots\" content=\"index, follow, max-snippet:-1, max-image-preview:large, max-video-preview:-1\" \/>\n<link rel=\"canonical\" href=\"https:\/\/www.commoncause.org\/california\/vi\/dan-chu-la-podcast\/\" \/>\n<meta property=\"og:locale\" content=\"vi_VN\" \/>\n<meta property=\"og:type\" content=\"article\" \/>\n<meta property=\"og:title\" content=\"Democracy Is Podcast\" \/>\n<meta property=\"og:url\" content=\"https:\/\/www.commoncause.org\/california\/vi\/dan-chu-la-podcast\/\" \/>\n<meta property=\"og:site_name\" content=\"Common Cause California\" \/>\n<meta property=\"article:modified_time\" content=\"2025-04-24T21:56:09+00:00\" \/>\n<meta property=\"og:image\" content=\"https:\/\/www.commoncause.org\/california\/wp-content\/uploads\/2024\/08\/common-cause-share-image.png\" \/>\n\t<meta property=\"og:image:width\" content=\"1200\" \/>\n\t<meta property=\"og:image:height\" content=\"630\" \/>\n\t<meta property=\"og:image:type\" content=\"image\/png\" \/>\n<meta name=\"twitter:card\" content=\"summary_large_image\" \/>\n<script type=\"application\/ld+json\" class=\"yoast-schema-graph\">{\"@context\":\"https:\/\/schema.org\",\"@graph\":[{\"@type\":\"WebPage\",\"@id\":\"https:\/\/www.commoncause.org\/california\/democracy-is-podcast\/\",\"url\":\"https:\/\/www.commoncause.org\/california\/democracy-is-podcast\/\",\"name\":\"Democracy Is Podcast - Common Cause California\",\"isPartOf\":{\"@id\":\"https:\/\/www.commoncause.org\/california\/#website\"},\"datePublished\":\"2022-08-04T16:53:49+00:00\",\"dateModified\":\"2025-04-24T21:56:09+00:00\",\"breadcrumb\":{\"@id\":\"https:\/\/www.commoncause.org\/california\/democracy-is-podcast\/#breadcrumb\"},\"inLanguage\":\"vi\",\"potentialAction\":[{\"@type\":\"ReadAction\",\"target\":[\"https:\/\/www.commoncause.org\/california\/democracy-is-podcast\/\"]}]},{\"@type\":\"BreadcrumbList\",\"@id\":\"https:\/\/www.commoncause.org\/california\/democracy-is-podcast\/#breadcrumb\",\"itemListElement\":[{\"@type\":\"ListItem\",\"position\":1,\"name\":\"Home\",\"item\":\"https:\/\/www.commoncause.org\/california\/\"},{\"@type\":\"ListItem\",\"position\":2,\"name\":\"Democracy Is Podcast\"}]},{\"@type\":\"WebSite\",\"@id\":\"https:\/\/www.commoncause.org\/california\/#website\",\"url\":\"https:\/\/www.commoncause.org\/california\/\",\"name\":\"Common Cause California\",\"description\":\"\",\"potentialAction\":[{\"@type\":\"SearchAction\",\"target\":{\"@type\":\"EntryPoint\",\"urlTemplate\":\"https:\/\/www.commoncause.org\/california\/?s={search_term_string}\"},\"query-input\":{\"@type\":\"PropertyValueSpecification\",\"valueRequired\":true,\"valueName\":\"search_term_string\"}}],\"inLanguage\":\"vi\"}]}<\/script>\n<!-- \/ Yoast SEO Premium plugin. -->","yoast_head_json":{"title":"Podcast D\u00e2n ch\u1ee7 l\u00e0 - Nguy\u00ean nh\u00e2n chung California","robots":{"index":"index","follow":"follow","max-snippet":"max-snippet:-1","max-image-preview":"max-image-preview:large","max-video-preview":"max-video-preview:-1"},"canonical":"https:\/\/www.commoncause.org\/california\/vi\/dan-chu-la-podcast\/","og_locale":"vi_VN","og_type":"article","og_title":"Democracy Is Podcast","og_url":"https:\/\/www.commoncause.org\/california\/vi\/dan-chu-la-podcast\/","og_site_name":"Common Cause California","article_modified_time":"2025-04-24T21:56:09+00:00","og_image":[{"width":1200,"height":630,"url":"https:\/\/www.commoncause.org\/california\/wp-content\/uploads\/2024\/08\/common-cause-share-image.png","type":"image\/png"}],"twitter_card":"summary_large_image","schema":{"@context":"https:\/\/schema.org","@graph":[{"@type":"WebPage","@id":"https:\/\/www.commoncause.org\/california\/democracy-is-podcast\/","url":"https:\/\/www.commoncause.org\/california\/democracy-is-podcast\/","name":"Podcast D\u00e2n ch\u1ee7 l\u00e0 - Nguy\u00ean nh\u00e2n chung California","isPartOf":{"@id":"https:\/\/www.commoncause.org\/california\/#website"},"datePublished":"2022-08-04T16:53:49+00:00","dateModified":"2025-04-24T21:56:09+00:00","breadcrumb":{"@id":"https:\/\/www.commoncause.org\/california\/democracy-is-podcast\/#breadcrumb"},"inLanguage":"vi","potentialAction":[{"@type":"ReadAction","target":["https:\/\/www.commoncause.org\/california\/democracy-is-podcast\/"]}]},{"@type":"BreadcrumbList","@id":"https:\/\/www.commoncause.org\/california\/democracy-is-podcast\/#breadcrumb","itemListElement":[{"@type":"ListItem","position":1,"name":"Home","item":"https:\/\/www.commoncause.org\/california\/"},{"@type":"ListItem","position":2,"name":"Democracy Is Podcast"}]},{"@type":"WebSite","@id":"https:\/\/www.commoncause.org\/california\/#website","url":"https:\/\/www.commoncause.org\/california\/","name":"Nguy\u00ean nh\u00e2n chung California","description":"","potentialAction":[{"@type":"SearchAction","target":{"@type":"EntryPoint","urlTemplate":"https:\/\/www.commoncause.org\/california\/?s={search_term_string}"},"query-input":{"@type":"PropertyValueSpecification","valueRequired":true,"valueName":"search_term_string"}}],"inLanguage":"vi"}]}},"distributor_meta":false,"distributor_terms":false,"distributor_media":false,"distributor_original_site_name":"Common Cause California","distributor_original_site_url":"https:\/\/www.commoncause.org\/california\/vi","push-errors":false,"_links":{"self":[{"href":"https:\/\/www.commoncause.org\/california\/vi\/wp-json\/wp\/v2\/pages\/458","targetHints":{"allow":["GET"]}}],"collection":[{"href":"https:\/\/www.commoncause.org\/california\/vi\/wp-json\/wp\/v2\/pages"}],"about":[{"href":"https:\/\/www.commoncause.org\/california\/vi\/wp-json\/wp\/v2\/types\/page"}],"author":[{"embeddable":true,"href":"https:\/\/www.commoncause.org\/california\/vi\/wp-json\/wp\/v2\/users\/51"}],"replies":[{"embeddable":true,"href":"https:\/\/www.commoncause.org\/california\/vi\/wp-json\/wp\/v2\/comments?post=458"}],"version-history":[{"count":1,"href":"https:\/\/www.commoncause.org\/california\/vi\/wp-json\/wp\/v2\/pages\/458\/revisions"}],"predecessor-version":[{"id":2325,"href":"https:\/\/www.commoncause.org\/california\/vi\/wp-json\/wp\/v2\/pages\/458\/revisions\/2325"}],"wp:attachment":[{"href":"https:\/\/www.commoncause.org\/california\/vi\/wp-json\/wp\/v2\/media?parent=458"}],"curies":[{"name":"wp","href":"https:\/\/api.w.org\/{rel}","templated":true}]}}