{"id":1586,"date":"2024-08-21T17:22:19","date_gmt":"2024-08-22T00:22:19","guid":{"rendered":"https:\/\/www.commoncause.org\/california\/?page_id=1586"},"modified":"2024-08-21T17:22:19","modified_gmt":"2024-08-22T00:22:19","slug":"local-news","status":"publish","type":"page","link":"https:\/\/www.commoncause.org\/california\/vi\/tin-tuc-dia-phuong\/","title":{"rendered":"Tin t\u1ee9c \u0111\u1ecba ph\u01b0\u01a1ng"},"content":{"rendered":"","protected":false},"excerpt":{"rendered":"","protected":false},"author":51,"featured_media":0,"parent":0,"menu_order":0,"comment_status":"closed","ping_status":"closed","template":"","meta":{"_acf_changed":false,"_relevanssi_hide_post":"","_relevanssi_hide_content":"","_relevanssi_pin_for_all":"","_relevanssi_pin_keywords":"","_relevanssi_unpin_keywords":"","_relevanssi_related_keywords":"","_relevanssi_related_include_ids":"","_relevanssi_related_exclude_ids":"","_relevanssi_related_no_append":"","_relevanssi_related_not_related":"","_relevanssi_related_posts":"","_relevanssi_noindex_reason":""},"class_list":["post-1586","page","type-page","status-publish","hentry"],"acf":{"header":{"component_page_header":{"header_type":"default","title":"Tin t\u1ee9c \u0111\u1ecba ph\u01b0\u01a1ng Lu\u1eadt ph\u00e1p","lead":"","image":"","subnavigation":false}},"sidebar":{"helper_enable_sidebar":false,"helper_media_contact":{"heading":"Media Contact","manually_enter_person":false,"person":"","name":"","role":"","phone":"","email":""},"helper_links_downloads":{"heading":"Links & Downloads","links":null}},"page_layout":[{"acf_fc_layout":"layout_wysiwyg","_acfe_flexible_toggle":"","component_wysiwyg":{"content":"<h4><b>California Common Cause cam k\u1ebft gi\u00fap x\u00e2y d\u1ef1ng m\u1ed9t t\u01b0\u01a1ng lai ki\u00ean c\u01b0\u1eddng, c\u00f3 tr\u00e1ch nhi\u1ec7m v\u00e0 to\u00e0n di\u1ec7n cho tin t\u1ee9c \u0111\u1ecba ph\u01b0\u01a1ng trong c\u1ed9ng \u0111\u1ed3ng c\u1ee7a ch\u00fang ta.<\/b><\/h4>\r\n<span style=\"font-weight: 400;\">Ng\u00e0nh c\u00f4ng nghi\u1ec7p tin t\u1ee9c \u0111\u1ecba ph\u01b0\u01a1ng \u1edf California \u0111ang ph\u1ea3i v\u1eadt l\u1ed9n \u0111\u1ec3 t\u1ed3n t\u1ea1i. \u1ede c\u00e1c th\u00e0nh ph\u1ed1 tr\u00ean to\u00e0n ti\u1ec3u bang, c\u00e1c t\u1edd b\u00e1o \u0111ang ph\u1ea3i \u0111\u00f3ng c\u1eeda ho\u1eb7c h\u1ee3p nh\u1ea5t v\u00e0 c\u00e1c t\u00f2a so\u1ea1n c\u00f2n l\u1ea1i \u0111ang b\u1ecb kho\u00e9t r\u1ed7ng sau khi sa th\u1ea3i h\u00e0ng lo\u1ea1t.\u00a0<\/span>\r\n\r\n<span style=\"font-weight: 400;\">Vi\u1ec7c thi\u1ebfu th\u00f4ng tin ch\u1ea3y \u0111\u1ebfn c\u1ed9ng \u0111\u1ed3ng c\u1ee7a ch\u00fang ta \u1ea3nh h\u01b0\u1edfng \u0111\u1ebfn t\u1ea5t c\u1ea3 m\u1ecdi ng\u01b0\u1eddi - m\u1ecdi nh\u00f3m \u1ee7ng h\u1ed9 l\u1ee3i \u00edch c\u00f4ng c\u1ed9ng ho\u1eb7c cho c\u00e1c c\u1ed9ng \u0111\u1ed3ng ch\u01b0a \u0111\u01b0\u1ee3c ph\u1ee5c v\u1ee5 \u0111\u1ea7y \u0111\u1ee7 \u0111\u1ec1u l\u00e0 b\u00ean li\u00ean quan trong vi\u1ec7c \u0111\u1ea3m b\u1ea3o b\u00e1o ch\u00ed \u0111\u1ecba ph\u01b0\u01a1ng ph\u00e1t tri\u1ec3n m\u1ea1nh. Vi\u1ec7c b\u1ea3o t\u1ed3n v\u00e0 c\u1ee7ng c\u1ed1 b\u00e1o ch\u00ed \u0111\u1ecba ph\u01b0\u01a1ng b\u1ec1n v\u1eefng v\u00e0 \u0111a d\u1ea1ng, bao g\u1ed3m c\u00e1c \u1ea5n ph\u1ea9m in v\u00e0 tr\u1ef1c tuy\u1ebfn, ph\u01b0\u01a1ng ti\u1ec7n truy\u1ec1n th\u00f4ng truy\u1ec1n th\u1ed1ng v\u00e0 ph\u01b0\u01a1ng ti\u1ec7n truy\u1ec1n th\u00f4ng d\u00e2n t\u1ed9c, quan tr\u1ecdng h\u01a1n bao gi\u1edd h\u1ebft \u0111\u1ed1i v\u1edbi t\u01b0\u01a1ng lai c\u1ee7a n\u1ec1n d\u00e2n ch\u1ee7 c\u1ee7a ch\u00fang ta.<\/span>\r\n\r\n<span style=\"font-weight: 400;\">Trong th\u1eadp k\u1ef7 r\u01b0\u1ee1i qua, s\u1ef1 th\u1ed1ng tr\u1ecb c\u1ee7a c\u00e1c trang rao v\u1eb7t tr\u1ef1c tuy\u1ebfn v\u00e0 qu\u1ea3ng c\u00e1o k\u1ef9 thu\u1eadt s\u1ed1 \u0111\u00e3 l\u00e0m suy y\u1ebfu m\u00f4 h\u00ecnh doanh thu qu\u1ea3ng c\u00e1o \u0111\u1ecba ph\u01b0\u01a1ng truy\u1ec1n th\u1ed1ng c\u1ee7a c\u00e1c t\u1edd b\u00e1o. C\u00e1c v\u1ee5 s\u00e1p nh\u1eadp v\u00e0 sa th\u1ea3i c\u0169ng khi\u1ebfn nhi\u1ec1u t\u1edd b\u00e1o \u0111\u1ecba ph\u01b0\u01a1ng c\u00f2n t\u1ed3n t\u1ea1i tr\u1edf th\u00e0nh v\u1ecf b\u1ecdc c\u1ee7a ch\u00ednh h\u1ecd tr\u01b0\u1edbc \u0111\u00e2y. Trong 15 n\u0103m qua, s\u1ed1 l\u01b0\u1ee3ng ph\u00f3ng vi\u00ean b\u00e1o \u0111\u00e3 gi\u1ea3m g\u1ea7n 60%. Nhi\u1ec1u t\u1edd b\u00e1o \u0111\u1ecba ph\u01b0\u01a1ng hi\u1ec7n ch\u1ec9 t\u1ed3n t\u1ea1i tr\u00ean danh ngh\u0129a, \u0111\u00f4i khi l\u00e0 c\u00e1c phi\u00ean b\u1ea3n c\u00f3 th\u01b0\u01a1ng hi\u1ec7u c\u1ee7a c\u00e1c h\u00e3ng tin l\u1edbn h\u01a1n nhi\u1ec1u, v\u1edbi r\u1ea5t \u00edt ho\u1eb7c kh\u00f4ng c\u00f3 s\u1ef1 hi\u1ec7n di\u1ec7n c\u1ee7a b\u00e1o ch\u00ed \u0111\u1ecba ph\u01b0\u01a1ng chuy\u00ean d\u1ee5ng.\u00a0<\/span>\r\n\r\n<span style=\"font-weight: 400;\">Nh\u1eefng kho\u1ea3ng tr\u1ed1ng trong ph\u1ea1m vi \u0111\u01b0a tin c\u1ee7a tin t\u1ee9c \u0111\u1ecba ph\u01b0\u01a1ng g\u00e2y ra cu\u1ed9c kh\u1ee7ng ho\u1ea3ng cho n\u1ec1n d\u00e2n ch\u1ee7 c\u1ea5p ti\u1ec3u bang v\u00e0 \u0111\u1ecba ph\u01b0\u01a1ng c\u1ee7a California theo nhi\u1ec1u c\u00e1ch quan tr\u1ecdng:<\/span>\r\n<ul>\r\n \t<li style=\"font-weight: 400;\" aria-level=\"1\"><b>S\u1ef1 tham gia c\u1ee7a c\u00f4ng d\u00e2n b\u1ecb suy gi\u1ea3m<\/b><span style=\"font-weight: 400;\">:Vi\u1ec7c \u0111\u00f3ng c\u1eeda b\u00e1o ch\u00ed v\u00e0 c\u1eaft gi\u1ea3m nh\u00e2n s\u1ef1 c\u00f3 li\u00ean quan \u0111\u1ebfn vi\u1ec7c gi\u1ea3m s\u1ef1 tham gia c\u1ee7a c\u00f4ng d\u00e2n, vi\u1ec7c b\u1ecf phi\u1ebfu k\u00e9m th\u00f4ng tin, \u00edt quan t\u00e2m \u0111\u1ebfn vi\u1ec7c tham gia ch\u00ednh tr\u1ecb v\u00e0 t\u1ef7 l\u1ec7 c\u1eed tri \u0111i b\u1ecf phi\u1ebfu th\u1ea5p h\u01a1n.<\/span><\/li>\r\n \t<li style=\"font-weight: 400;\" aria-level=\"1\"><b>Nh\u1eefng ti\u1ebfng n\u00f3i \u0111a d\u1ea1ng b\u1ecb im l\u1eb7ng<\/b><span style=\"font-weight: 400;\">:C\u00e1c t\u1edd b\u00e1o ph\u1ee5c v\u1ee5 ng\u01b0\u1eddi da m\u00e0u, c\u1ed9ng \u0111\u1ed3ng ng\u01b0\u1eddi nh\u1eadp c\u01b0 v\u00e0 c\u00e1c nh\u00f3m thi\u1ec3u s\u1ed1 kh\u00e1c cung c\u1ea5p cho nh\u1eefng c\u1ed9ng \u0111\u1ed3ng n\u00e0y ti\u1ebfng n\u00f3i v\u00e0 gi\u00fap x\u00e1c \u0111\u1ecbnh v\u00e0 n\u00e2ng cao c\u00e1c v\u1ea5n \u0111\u1ec1 quan tr\u1ecdng.\u00a0<\/span><\/li>\r\n \t<li style=\"font-weight: 400;\" aria-level=\"1\"><b>Tr\u00e1ch nhi\u1ec7m ch\u00ednh tr\u1ecb b\u1ecb suy y\u1ebfu<\/b><span style=\"font-weight: 400;\">:Tin t\u1ee9c \u0111\u1ecba ph\u01b0\u01a1ng \u0111\u00f3ng vai tr\u00f2 gi\u00e1m s\u00e1t quan tr\u1ecdng trong vi\u1ec7c \u0111\u1ea3m b\u1ea3o ch\u00ednh quy\u1ec1n \u0111\u1ecba ph\u01b0\u01a1ng ch\u1ecbu tr\u00e1ch nhi\u1ec7m v\u00e0 ph\u00e1t hi\u1ec7n tham nh\u0169ng.\u00a0<\/span><\/li>\r\n \t<li style=\"font-weight: 400;\" aria-level=\"1\"><b>Tr\u00e1ch nhi\u1ec7m kinh doanh b\u1ecb suy y\u1ebfu<\/b><span style=\"font-weight: 400;\">:B\u00e1o ch\u00ed c\u0169ng \u0111\u00f3ng vai tr\u00f2 ki\u1ec3m so\u00e1t c\u00e1c t\u1ed5 ch\u1ee9c phi ch\u00ednh ph\u1ee7 c\u00f3 quy\u1ec1n l\u1ef1c, nh\u01b0 c\u00e1c doanh nghi\u1ec7p b\u00f3c l\u1ed9t ng\u01b0\u1eddi lao \u0111\u1ed9ng, l\u1eeba \u0111\u1ea3o ng\u01b0\u1eddi ti\u00eau d\u00f9ng ho\u1eb7c g\u00e2y h\u1ea1i cho m\u00f4i tr\u01b0\u1eddng.<\/span><\/li>\r\n \t<li style=\"font-weight: 400;\" aria-level=\"1\"><b>T\u0103ng ph\u00e2n c\u1ef1c<\/b><span style=\"font-weight: 400;\">: N\u1ebfu kh\u00f4ng c\u00f3 b\u00e1o ch\u00ed \u0111\u1ecba ph\u01b0\u01a1ng, c\u1eed tri c\u00f3 nhi\u1ec1u kh\u1ea3 n\u0103ng d\u1ef1a v\u00e0o c\u00e1c ngu\u1ed3n th\u00f4ng tin thi\u00ean v\u1ecb h\u01a1n, nh\u01b0 ph\u01b0\u01a1ng ti\u1ec7n truy\u1ec1n th\u00f4ng x\u00e3 h\u1ed9i, \u1ea5n ph\u1ea9m tin t\u1ee9c \u0111\u1ea3ng ph\u00e1i, truy\u1ec1n h\u00ecnh c\u00e1p ho\u1eb7c \u0111\u00e0i ph\u00e1t thanh n\u00f3i chuy\u1ec7n. M\u1ed9t nghi\u00ean c\u1ee9u cho th\u1ea5y vi\u1ec7c \u0111\u00f3ng c\u1eeda b\u00e1o l\u00e0m t\u0103ng m\u00f4 h\u00ecnh b\u1ecf phi\u1ebfu theo \u0111\u1ea3ng ph\u00e1i.<\/span><\/li>\r\n<\/ul>\r\n<span style=\"font-weight: 400;\">California Common Cause l\u00e0 m\u1ed9t t\u1ed5 ch\u1ee9c gi\u00e1m s\u00e1t m\u1ea1nh m\u1ebd khi n\u00f3i \u0111\u1ebfn vi\u1ec7c b\u1ea3o v\u1ec7 c\u00e1c cu\u1ed9c b\u1ea7u c\u1eed v\u00e0 c\u00e1c th\u1ec3 ch\u1ebf d\u00e2n ch\u1ee7 c\u1ee7a ch\u00fang ta. C\u00f4ng vi\u1ec7c v\u1ec1 quy\u1ec1n b\u1ecf phi\u1ebfu c\u1ee7a ch\u00fang t\u00f4i bao g\u1ed3m vi\u1ec7c \u0111\u1ea9y l\u00f9i nh\u1eefng ng\u01b0\u1eddi ph\u1ee7 nh\u1eadn b\u1ea7u c\u1eed v\u00e0 nh\u1eefng k\u1ebb bu\u00f4n b\u00e1n th\u00f4ng tin sai l\u1ec7ch, \u0111\u1ed3ng th\u1eddi h\u1ed7 tr\u1ee3 c\u1eed tri khi h\u1ecd b\u1ecf phi\u1ebfu v\u00e0 t\u1ef1 gi\u00e1o d\u1ee5c b\u1ea3n th\u00e2n v\u1ec1 c\u00e1c v\u1ea5n \u0111\u1ec1 d\u00e2n s\u1ef1 \u0111\u1ec3 th\u1ef1c hi\u1ec7n vi\u1ec7c \u0111\u00f3. T\u1ea5t c\u1ea3 nh\u1eefng \u0111i\u1ec1u n\u00e0y \u0111\u00f2i h\u1ecfi m\u1ed9t n\u1ec1n b\u00e1o ch\u00ed \u0111\u1ecba ph\u01b0\u01a1ng l\u00e0nh m\u1ea1nh v\u00e0 ph\u00e1t tri\u1ec3n m\u1ea1nh m\u1ebd. \u0110\u1eb7c bi\u1ec7t, ph\u1ea3n \u1ee9ng quy\u1ebft \u0111o\u00e1n \u0111\u1ec3 ch\u1ed1ng l\u1ea1i th\u00f4ng tin sai l\u1ec7ch v\u1ec1 b\u1ea7u c\u1eed, ng\u00e0y c\u00e0ng tr\u1edf th\u00e0nh m\u1ed1i \u0111e d\u1ecda c\u1ee7a th\u1eddi \u0111\u1ea1i ch\u00fang ta, \u0111\u00f2i h\u1ecfi ph\u1ea3i c\u1ee7ng c\u1ed1 v\u00e0 duy tr\u00ec h\u1ec7 sinh th\u00e1i tin t\u1ee9c \u0111\u1ecba ph\u01b0\u01a1ng c\u1ee7a ch\u00fang ta t\u1ea1i California.\u00a0<\/span>\r\n<h4><b>TI\u1ebeN T\u1edaI C\u00c1C GI\u1ea2I PH\u00c1P<\/b><\/h4>\r\n<span style=\"font-weight: 400;\">California c\u1ea7n m\u1ed9t k\u1ebf ho\u1ea1ch h\u00e0nh \u0111\u1ed9ng \u0111\u1ec3 x\u00e2y d\u1ef1ng m\u1ed9t t\u01b0\u01a1ng lai ki\u00ean c\u01b0\u1eddng, c\u00f3 tr\u00e1ch nhi\u1ec7m v\u00e0 to\u00e0n di\u1ec7n cho tin t\u1ee9c \u0111\u1ecba ph\u01b0\u01a1ng trong c\u1ed9ng \u0111\u1ed3ng c\u1ee7a ch\u00fang ta. C\u00e1c ph\u01b0\u01a1ng ph\u00e1p ti\u1ebfp c\u1eadn ch\u00ednh s\u00e1ch \u0111ang \u0111\u01b0\u1ee3c kh\u00e1m ph\u00e1 v\u1edbi c\u00e1c \u0111\u1ed1i t\u00e1c c\u1ee7a ch\u00fang t\u00f4i \u0111ang l\u00e0m vi\u1ec7c v\u1ec1 c\u00e1c gi\u1ea3i ph\u00e1p ch\u00ednh s\u00e1ch tin t\u1ee9c \u0111\u1ecba ph\u01b0\u01a1ng bao g\u1ed3m, nh\u01b0ng kh\u00f4ng gi\u1edbi h\u1ea1n \u1edf:\u00a0<\/span>\r\n<ul>\r\n \t<li style=\"font-weight: 400;\" aria-level=\"1\"><b>Y\u00eau c\u1ea7u c\u00e1c c\u01a1 quan v\u00e0 s\u1edf ban ng\u00e0nh ch\u00ednh quy\u1ec1n \u0111\u1ecba ph\u01b0\u01a1ng chi \u00edt nh\u1ea5t 50 ph\u1ea7n tr\u0103m s\u1ed1 ti\u1ec1n qu\u1ea3ng c\u00e1o v\u00e0 truy\u1ec1n th\u00f4ng hi\u1ec7n c\u00f3 cho ph\u01b0\u01a1ng ti\u1ec7n truy\u1ec1n th\u00f4ng c\u1ed9ng \u0111\u1ed3ng v\u00e0 d\u00e2n t\u1ed9c<\/b><span style=\"font-weight: 400;\">. <\/span><a href=\"https:\/\/www.commoncause.org\/california\/vi\/press\/cac-nha-lanh-dao-san-francisco-keu-goi-thanh-pho-dau-tu-vao-phuong-tien-truyen-thong-dia-phuong\/\"><span style=\"font-weight: 400;\">Qu\u1ea3ng c\u00e1o t\u1eadp trung v\u00e0o ph\u01b0\u01a1ng ti\u1ec7n truy\u1ec1n th\u00f4ng c\u1ed9ng \u0111\u1ed3ng v\u00e0 d\u00e2n t\u1ed9c<\/span><\/a><span style=\"font-weight: 400;\"> cho ph\u00e9p c\u00e1c s\u1edf v\u00e0 c\u01a1 quan c\u1ee7a th\u00e0nh ph\u1ed1 ti\u1ebfp c\u1eadn nhi\u1ec1u c\u1ed9ng \u0111\u1ed3ng kh\u00e1c nhau, kh\u00f4ng l\u00e0m t\u0103ng th\u00eam chi ph\u00ed cho th\u00e0nh ph\u1ed1 v\u00e0 kh\u00f4ng l\u00e0m cho ngu\u1ed3n t\u00e0i tr\u1ee3 ph\u1ee5 thu\u1ed9c v\u00e0o n\u1ed9i dung \u0111\u01b0\u1ee3c t\u1ea1o ra.\u00a0<\/span><\/li>\r\n \t<li style=\"font-weight: 400;\" aria-level=\"1\"><b>T\u1ea1o ra c\u00e1c ch\u01b0\u01a1ng tr\u00ecnh t\u00e0i tr\u1ee3 \u0111\u1ecba ph\u01b0\u01a1ng theo m\u00f4 h\u00ecnh c\u1ee7a T\u1ed5ng c\u00f4ng ty Ph\u00e1t thanh C\u00f4ng c\u1ed9ng<\/b><span style=\"font-weight: 400;\">. M\u1ee9c \u0111\u1ed9 t\u00e0i tr\u1ee3 an to\u00e0n cao cho c\u00e1c h\u1ec7 th\u1ed1ng truy\u1ec1n th\u00f4ng c\u00f4ng c\u1ed9ng v\u00e0 s\u1ef1 b\u1ea3o v\u1ec7 c\u1ea5u tr\u00fac m\u1ea1nh m\u1ebd cho s\u1ef1 \u0111\u1ed9c l\u1eadp v\u1ec1 ch\u00ednh tr\u1ecb v\u00e0 kinh t\u1ebf c\u1ee7a c\u00e1c h\u1ec7 th\u1ed1ng \u0111\u00f3 lu\u00f4n c\u00f3 m\u1ed1i t\u01b0\u01a1ng quan t\u00edch c\u1ef1c v\u00e0 nh\u1ea5t qu\u00e1n v\u1edbi n\u1ec1n d\u00e2n ch\u1ee7 l\u00e0nh m\u1ea1nh.<\/span><\/li>\r\n \t<li style=\"font-weight: 400;\" aria-level=\"1\"><b>Thi\u1ebft l\u1eadp m\u1ed9t ch\u01b0\u01a1ng tr\u00ecnh gi\u00fap c\u00e1c t\u1edd b\u00e1o c\u1ed9ng \u0111\u1ed3ng \u0111ang c\u00f3 nguy c\u01a1 \u0111\u00f3ng c\u1eeda ho\u1eb7c b\u1ecb b\u00e1n cho c\u00e1c chu\u1ed7i b\u00e1o ho\u1eb7c qu\u1ef9 \u0111\u1ea7u c\u01a1 \u0111\u01b0\u1ee3c gi\u1eef l\u1ea1i trong tay c\u00e1c t\u00e1c nh\u00e2n \u0111\u1ecba ph\u01b0\u01a1ng \u0111\u1ea7u t\u01b0 v\u00e0o vi\u1ec7c cung c\u1ea5p b\u00e1o ch\u00ed \u0111\u1ecba ph\u01b0\u01a1ng, g\u1eafn li\u1ec1n v\u1edbi c\u1ed9ng \u0111\u1ed3ng. <\/b><span style=\"font-weight: 400;\">Khi ch\u1ee7 s\u1edf h\u1eefu quy\u1ebft \u0111\u1ecbnh b\u00e1n, h\u1ecd th\u01b0\u1eddng ph\u1ea3i l\u1ef1a ch\u1ecdn gi\u1eefa vi\u1ec7c b\u00e1n cho m\u1ed9t chu\u1ed7i c\u00f4ng ty l\u1edbn ho\u1eb7c qu\u1ef9 \u0111\u1ea7u c\u01a1 ho\u1eb7c \u0111\u00f3ng c\u1eeda v\u00e0 khi\u1ebfn c\u1ed9ng \u0111\u1ed3ng c\u1ee7a h\u1ecd d\u1ec5 b\u1ecb t\u1ed5n th\u01b0\u01a1ng.<\/span><\/li>\r\n<\/ul>\r\n<h4><strong>NGHI\u00caN C\u1ee8U C\u1ee6A CH\u00daNG T\u00d4I<\/strong><\/h4>\r\nV\u00e0o \u0111\u1ea7u n\u0103m 2024, California Common Cause \u0111\u00e3 xu\u1ea5t b\u1ea3n\u00a0<a href=\"https:\/\/www.commoncause.org\/wp-content\/uploads\/2024\/08\/Local-Voices-on-Local-News-2024-Print.pdf\"><i>Ti\u1ebfng n\u00f3i \u0111\u1ecba ph\u01b0\u01a1ng v\u1ec1 tin t\u1ee9c \u0111\u1ecba ph\u01b0\u01a1ng: Quan \u0111i\u1ec3m c\u1ee7a c\u1ed9ng \u0111\u1ed3ng v\u00e0 khuy\u1ebfn ngh\u1ecb ch\u00ednh s\u00e1ch \u0111\u1ec3 t\u0103ng c\u01b0\u1eddng h\u1ec7 sinh th\u00e1i b\u00e1o ch\u00ed c\u1ee7a San Francisco<\/i><\/a>, m\u1ed9t b\u00e1o c\u00e1o kh\u00e1m ph\u00e1 nh\u1eefng g\u00ec ng\u01b0\u1eddi d\u00e2n San Francisco \u0111ang n\u00f3i v\u1ec1 nhu c\u1ea7u tin t\u1ee9c c\u1ee7a h\u1ecd, bao g\u1ed3m quan \u0111i\u1ec3m t\u1eeb c\u00e1c nh\u00e0 xu\u1ea5t b\u1ea3n \u0111\u1ed9c l\u1eadp, do \u0111\u1ecba ph\u01b0\u01a1ng s\u1edf h\u1eefu, v\u00e0 t\u00ecm hi\u1ec3u c\u00e1c gi\u1ea3i ph\u00e1p ch\u00ednh s\u00e1ch c\u00f4ng c\u00f3 th\u1ec3 thu h\u1eb9p kho\u1ea3ng c\u00e1ch th\u00f4ng tin c\u00f4ng d\u00e2n gi\u1eefa nh\u1eefng c\u01b0 d\u00e2n b\u1ecb thi\u1ec7t th\u00f2i nh\u1ea5t c\u1ee7a th\u00e0nh ph\u1ed1. B\u00e1o c\u00e1o, \u0111\u01b0\u1ee3c g\u1ecdi l\u00e0 \u0111\u00e1nh gi\u00e1 nhu c\u1ea7u th\u00f4ng tin c\u1ed9ng \u0111\u1ed3ng, ghi l\u1ea1i qu\u00e1 tr\u00ecnh l\u1eafng nghe c\u1ed9ng \u0111\u1ed3ng m\u00e0 California Common Cause \u0111\u00e3 th\u1ef1c hi\u1ec7n trong h\u01a1n n\u0103m th\u00e1ng \u0111\u1ec3 t\u00ecm hi\u1ec3u b\u1ed1i c\u1ea3nh tin t\u1ee9c \u0111\u1ecba ph\u01b0\u01a1ng c\u1ee7a San Francisco v\u00e0 nhu c\u1ea7u th\u00f4ng tin c\u1ee7a c\u00e1c c\u1ed9ng \u0111\u1ed3ng. Qu\u00e1 tr\u00ecnh l\u1eafng nghe bao g\u1ed3m h\u01a1n 175 ng\u01b0\u1eddi tr\u00ean kh\u1eafp th\u00e0nh ph\u1ed1 th\u00f4ng qua 12 nh\u00f3m t\u1eadp trung v\u00e0 26 cu\u1ed9c ph\u1ecfng v\u1ea5n.\r\n<p style=\"text-align: center;\"><a class=\"button1\" role=\"button\" href=\"https:\/\/www.commoncause.org\/wp-content\/uploads\/2024\/08\/Local-Voices-on-Local-News-2024-Print.pdf\">\u0110\u1eccC B\u00c1O C\u00c1O<\/a><\/p>"}}]},"yoast_head":"<!-- This site is optimized with the Yoast SEO Premium plugin v26.6 (Yoast SEO v27.1.1) - https:\/\/yoast.com\/product\/yoast-seo-premium-wordpress\/ -->\n<title>Local News - Common Cause California<\/title>\n<meta name=\"robots\" content=\"index, follow, max-snippet:-1, max-image-preview:large, max-video-preview:-1\" \/>\n<link rel=\"canonical\" href=\"https:\/\/www.commoncause.org\/california\/vi\/tin-tuc-dia-phuong\/\" \/>\n<meta property=\"og:locale\" content=\"vi_VN\" \/>\n<meta property=\"og:type\" content=\"article\" \/>\n<meta property=\"og:title\" content=\"Local News\" \/>\n<meta property=\"og:url\" content=\"https:\/\/www.commoncause.org\/california\/vi\/tin-tuc-dia-phuong\/\" \/>\n<meta property=\"og:site_name\" content=\"Common Cause California\" \/>\n<meta property=\"og:image\" content=\"https:\/\/www.commoncause.org\/california\/wp-content\/uploads\/2024\/08\/common-cause-share-image.png\" \/>\n\t<meta property=\"og:image:width\" content=\"1200\" \/>\n\t<meta property=\"og:image:height\" content=\"630\" \/>\n\t<meta property=\"og:image:type\" content=\"image\/png\" \/>\n<meta name=\"twitter:card\" content=\"summary_large_image\" \/>\n<script type=\"application\/ld+json\" class=\"yoast-schema-graph\">{\"@context\":\"https:\/\/schema.org\",\"@graph\":[{\"@type\":\"WebPage\",\"@id\":\"https:\/\/www.commoncause.org\/california\/local-news\/\",\"url\":\"https:\/\/www.commoncause.org\/california\/local-news\/\",\"name\":\"Local News - Common Cause California\",\"isPartOf\":{\"@id\":\"https:\/\/www.commoncause.org\/california\/#website\"},\"datePublished\":\"2024-08-22T00:22:19+00:00\",\"breadcrumb\":{\"@id\":\"https:\/\/www.commoncause.org\/california\/local-news\/#breadcrumb\"},\"inLanguage\":\"vi\",\"potentialAction\":[{\"@type\":\"ReadAction\",\"target\":[\"https:\/\/www.commoncause.org\/california\/local-news\/\"]}]},{\"@type\":\"BreadcrumbList\",\"@id\":\"https:\/\/www.commoncause.org\/california\/local-news\/#breadcrumb\",\"itemListElement\":[{\"@type\":\"ListItem\",\"position\":1,\"name\":\"Home\",\"item\":\"https:\/\/www.commoncause.org\/california\/\"},{\"@type\":\"ListItem\",\"position\":2,\"name\":\"Local News\"}]},{\"@type\":\"WebSite\",\"@id\":\"https:\/\/www.commoncause.org\/california\/#website\",\"url\":\"https:\/\/www.commoncause.org\/california\/\",\"name\":\"Common Cause California\",\"description\":\"\",\"potentialAction\":[{\"@type\":\"SearchAction\",\"target\":{\"@type\":\"EntryPoint\",\"urlTemplate\":\"https:\/\/www.commoncause.org\/california\/?s={search_term_string}\"},\"query-input\":{\"@type\":\"PropertyValueSpecification\",\"valueRequired\":true,\"valueName\":\"search_term_string\"}}],\"inLanguage\":\"vi\"}]}<\/script>\n<!-- \/ Yoast SEO Premium plugin. -->","yoast_head_json":{"title":"Tin t\u1ee9c \u0111\u1ecba ph\u01b0\u01a1ng - Common Cause California","robots":{"index":"index","follow":"follow","max-snippet":"max-snippet:-1","max-image-preview":"max-image-preview:large","max-video-preview":"max-video-preview:-1"},"canonical":"https:\/\/www.commoncause.org\/california\/vi\/tin-tuc-dia-phuong\/","og_locale":"vi_VN","og_type":"article","og_title":"Local News","og_url":"https:\/\/www.commoncause.org\/california\/vi\/tin-tuc-dia-phuong\/","og_site_name":"Common Cause California","og_image":[{"width":1200,"height":630,"url":"https:\/\/www.commoncause.org\/california\/wp-content\/uploads\/2024\/08\/common-cause-share-image.png","type":"image\/png"}],"twitter_card":"summary_large_image","schema":{"@context":"https:\/\/schema.org","@graph":[{"@type":"WebPage","@id":"https:\/\/www.commoncause.org\/california\/local-news\/","url":"https:\/\/www.commoncause.org\/california\/local-news\/","name":"Tin t\u1ee9c \u0111\u1ecba ph\u01b0\u01a1ng - Common Cause California","isPartOf":{"@id":"https:\/\/www.commoncause.org\/california\/#website"},"datePublished":"2024-08-22T00:22:19+00:00","breadcrumb":{"@id":"https:\/\/www.commoncause.org\/california\/local-news\/#breadcrumb"},"inLanguage":"vi","potentialAction":[{"@type":"ReadAction","target":["https:\/\/www.commoncause.org\/california\/local-news\/"]}]},{"@type":"BreadcrumbList","@id":"https:\/\/www.commoncause.org\/california\/local-news\/#breadcrumb","itemListElement":[{"@type":"ListItem","position":1,"name":"Home","item":"https:\/\/www.commoncause.org\/california\/"},{"@type":"ListItem","position":2,"name":"Local News"}]},{"@type":"WebSite","@id":"https:\/\/www.commoncause.org\/california\/#website","url":"https:\/\/www.commoncause.org\/california\/","name":"Nguy\u00ean nh\u00e2n chung California","description":"","potentialAction":[{"@type":"SearchAction","target":{"@type":"EntryPoint","urlTemplate":"https:\/\/www.commoncause.org\/california\/?s={search_term_string}"},"query-input":{"@type":"PropertyValueSpecification","valueRequired":true,"valueName":"search_term_string"}}],"inLanguage":"vi"}]}},"distributor_meta":false,"distributor_terms":false,"distributor_media":false,"distributor_original_site_name":"Common Cause California","distributor_original_site_url":"https:\/\/www.commoncause.org\/california\/vi","push-errors":false,"_links":{"self":[{"href":"https:\/\/www.commoncause.org\/california\/vi\/wp-json\/wp\/v2\/pages\/1586","targetHints":{"allow":["GET"]}}],"collection":[{"href":"https:\/\/www.commoncause.org\/california\/vi\/wp-json\/wp\/v2\/pages"}],"about":[{"href":"https:\/\/www.commoncause.org\/california\/vi\/wp-json\/wp\/v2\/types\/page"}],"author":[{"embeddable":true,"href":"https:\/\/www.commoncause.org\/california\/vi\/wp-json\/wp\/v2\/users\/51"}],"replies":[{"embeddable":true,"href":"https:\/\/www.commoncause.org\/california\/vi\/wp-json\/wp\/v2\/comments?post=1586"}],"version-history":[{"count":5,"href":"https:\/\/www.commoncause.org\/california\/vi\/wp-json\/wp\/v2\/pages\/1586\/revisions"}],"predecessor-version":[{"id":1591,"href":"https:\/\/www.commoncause.org\/california\/vi\/wp-json\/wp\/v2\/pages\/1586\/revisions\/1591"}],"wp:attachment":[{"href":"https:\/\/www.commoncause.org\/california\/vi\/wp-json\/wp\/v2\/media?parent=1586"}],"curies":[{"name":"wp","href":"https:\/\/api.w.org\/{rel}","templated":true}]}}