{"id":2303,"date":"2025-04-16T12:01:19","date_gmt":"2025-04-16T19:01:19","guid":{"rendered":"https:\/\/www.commoncause.org\/california\/?page_id=2303"},"modified":"2025-04-18T15:37:19","modified_gmt":"2025-04-18T22:37:19","slug":"ca-position-letter-portal-tutorial","status":"publish","type":"page","link":"https:\/\/www.commoncause.org\/california\/fr\/tutoriel-sur-le-portail-des-lettres-de-position-ca\/","title":{"rendered":"Tutoriel sur le portail des lettres de position CA"},"content":{"rendered":"","protected":false},"excerpt":{"rendered":"","protected":false},"author":93,"featured_media":0,"parent":0,"menu_order":0,"comment_status":"closed","ping_status":"closed","template":"","meta":{"_acf_changed":false,"_relevanssi_hide_post":"","_relevanssi_hide_content":"","_relevanssi_pin_for_all":"","_relevanssi_pin_keywords":"","_relevanssi_unpin_keywords":"","_relevanssi_related_keywords":"","_relevanssi_related_include_ids":"","_relevanssi_related_exclude_ids":"","_relevanssi_related_no_append":"","_relevanssi_related_not_related":"","_relevanssi_related_posts":"","_relevanssi_noindex_reason":""},"class_list":["post-2303","page","type-page","status-publish","hentry"],"acf":{"header":{"component_page_header":{"header_type":"default","title":"Tutoriel sur le portail des lettres de position CA","lead":"","image":"","subnavigation":false}},"sidebar":{"helper_enable_sidebar":false,"helper_media_contact":{"heading":"Media Contact","manually_enter_person":false,"person":"","name":"","role":"","phone":"","email":""},"helper_links_downloads":{"heading":"Links & Downloads","links":null}},"page_layout":[{"acf_fc_layout":"layout_wysiwyg","_acfe_flexible_toggle":"","component_wysiwyg":{"content":"Cette page vous montrera comment soumettre une lettre de soutien\/opposition aux projets de loi en utilisant le portail des lettres de position de Californie.\r\n\r\n<strong>\u00c9tape 1 -- <span data-olk-copy-source=\"MessageBody\">Connectez-vous ou cr\u00e9ez un compte<\/span><\/strong>\r\n\r\nVisite <a href=\"https:\/\/calegislation.lc.ca.gov\/Advocates\/\"><strong>https:\/\/calegislation.lc.ca.gov\/advocates<\/strong><\/a> et cliquez sur &quot;<strong>cr\u00e9er un compte<\/strong>\"\r\n\r\n<img class=\"wp-image-30374 aligncenter\" src=\"https:\/\/www.commoncause.org\/california\/wp-content\/uploads\/2025\/04\/Screenshot-2025-04-18-at-3.10.57\u202fPM.png\" alt=\"\" width=\"495\" height=\"636\" \/>\r\n\r\n<strong>\u00c9tape 2 -- <span data-olk-copy-source=\"MessageBody\">Identifiez votre statut\u00a0<\/span><\/strong>\r\n\r\n<img class=\"alignnone size-full wp-image-30377\" src=\"https:\/\/www.commoncause.org\/california\/wp-content\/uploads\/2025\/04\/Screenshot-2025-04-18-at-3.11.20\u202fPM-e1745015605800.png\" alt=\"\" width=\"1928\" height=\"512\" \/>\r\n\r\nMarque <strong>Non<\/strong> pour les questions suivantes :\r\n<ul>\r\n \t<li>\u00cates-vous un lobbyiste enregistr\u00e9?<\/li>\r\n \t<li>Repr\u00e9sentez-vous une organisation, enregistr\u00e9e ou non ?<\/li>\r\n<\/ul>\r\nCliquez sur \u00ab\u00a0Continuer\u00a0\u00bb, puis <strong>ins\u00e9rez vos informations<\/strong>. <strong>Seuls votre nom et votre email sont obligatoires.<\/strong>\r\n\r\n<img class=\"alignnone wp-image-30376 size-full\" src=\"https:\/\/www.commoncause.org\/california\/wp-content\/uploads\/2025\/04\/Screenshot-2025-04-18-at-3.11.37\u202fPM.png\" alt=\"\" width=\"1930\" height=\"1340\" \/>\r\n\r\n<strong>\r\n\u00c9tape 3 -- <span data-olk-copy-source=\"MessageBody\"> Ajoutez vos coordonn\u00e9es<\/span><\/strong>\r\n\r\nConnectez-vous \u00e0 votre nouveau compte sur <strong><a href=\"https:\/\/calegislation.lc.ca.gov\/Advocates\">https:\/\/calegislation.lc.ca.gov\/Advocates <\/a>en utilisant le mot de passe temporaire<\/strong> qui vous a \u00e9t\u00e9 envoy\u00e9 par e-mail.\r\n\r\n<strong>\r\n\u00c9tape 4 -- <span data-olk-copy-source=\"MessageBody\">Soumettez votre lettre<\/span><\/strong>\r\n\r\nUne fois connect\u00e9\u00a0:\r\n<ul>\r\n \t<li>Tapez le <strong>num\u00e9ro de facture<\/strong> et appuyez sur <strong>recherche<\/strong><\/li>\r\n \t<li>S\u00e9lectionner <strong>Soutenir ou s&#039;opposer<\/strong><\/li>\r\n \t<li>S\u00e9lectionner &quot;<strong>Soumettez plut\u00f4t une lettre<\/strong>&quot; et <strong>t\u00e9l\u00e9chargez votre lettre compl\u00e9t\u00e9e en utilisant notre mod\u00e8le<\/strong><\/li>\r\n<\/ul>\r\n<img class=\"wp-image-30378 aligncenter\" src=\"https:\/\/www.commoncause.org\/california\/wp-content\/uploads\/2025\/04\/Screenshot-2025-04-18-at-3.17.08\u202fPM.png\" alt=\"\" width=\"1194\" height=\"598\" \/>\r\n\r\n<strong>\r\n\u00c9tape 5 -- <span data-olk-copy-source=\"MessageBody\">C&#039;est termin\u00e9 !<\/span><\/strong>\r\n\r\nMerci infiniment pour votre participation au processus d\u00e9mocratique ! Nous ne pourrions pas accomplir ce travail essentiel sans vous."}}]},"yoast_head":"<!-- This site is optimized with the Yoast SEO Premium plugin v26.6 (Yoast SEO v27.1.1) - https:\/\/yoast.com\/product\/yoast-seo-premium-wordpress\/ -->\n<title>CA Position Letter Portal Tutorial - Common Cause California<\/title>\n<meta name=\"robots\" content=\"index, follow, max-snippet:-1, max-image-preview:large, max-video-preview:-1\" \/>\n<link rel=\"canonical\" href=\"https:\/\/www.commoncause.org\/california\/fr\/tutoriel-sur-le-portail-des-lettres-de-position-ca\/\" \/>\n<meta property=\"og:locale\" content=\"fr_FR\" \/>\n<meta property=\"og:type\" content=\"article\" \/>\n<meta property=\"og:title\" content=\"CA Position Letter Portal Tutorial\" \/>\n<meta property=\"og:url\" content=\"https:\/\/www.commoncause.org\/california\/fr\/tutoriel-sur-le-portail-des-lettres-de-position-ca\/\" \/>\n<meta property=\"og:site_name\" content=\"Common Cause California\" \/>\n<meta property=\"article:modified_time\" content=\"2025-04-18T22:37:19+00:00\" \/>\n<meta property=\"og:image\" content=\"https:\/\/www.commoncause.org\/california\/wp-content\/uploads\/2024\/08\/common-cause-share-image.png\" \/>\n\t<meta property=\"og:image:width\" content=\"1200\" \/>\n\t<meta property=\"og:image:height\" content=\"630\" \/>\n\t<meta property=\"og:image:type\" content=\"image\/png\" \/>\n<meta name=\"twitter:card\" content=\"summary_large_image\" \/>\n<script type=\"application\/ld+json\" class=\"yoast-schema-graph\">{\"@context\":\"https:\/\/schema.org\",\"@graph\":[{\"@type\":\"WebPage\",\"@id\":\"https:\/\/www.commoncause.org\/california\/ca-position-letter-portal-tutorial\/\",\"url\":\"https:\/\/www.commoncause.org\/california\/ca-position-letter-portal-tutorial\/\",\"name\":\"CA Position Letter Portal Tutorial - Common Cause California\",\"isPartOf\":{\"@id\":\"https:\/\/www.commoncause.org\/california\/#website\"},\"datePublished\":\"2025-04-16T19:01:19+00:00\",\"dateModified\":\"2025-04-18T22:37:19+00:00\",\"breadcrumb\":{\"@id\":\"https:\/\/www.commoncause.org\/california\/ca-position-letter-portal-tutorial\/#breadcrumb\"},\"inLanguage\":\"fr-FR\",\"potentialAction\":[{\"@type\":\"ReadAction\",\"target\":[\"https:\/\/www.commoncause.org\/california\/ca-position-letter-portal-tutorial\/\"]}]},{\"@type\":\"BreadcrumbList\",\"@id\":\"https:\/\/www.commoncause.org\/california\/ca-position-letter-portal-tutorial\/#breadcrumb\",\"itemListElement\":[{\"@type\":\"ListItem\",\"position\":1,\"name\":\"Home\",\"item\":\"https:\/\/www.commoncause.org\/california\/\"},{\"@type\":\"ListItem\",\"position\":2,\"name\":\"CA Position Letter Portal Tutorial\"}]},{\"@type\":\"WebSite\",\"@id\":\"https:\/\/www.commoncause.org\/california\/#website\",\"url\":\"https:\/\/www.commoncause.org\/california\/\",\"name\":\"Common Cause California\",\"description\":\"\",\"potentialAction\":[{\"@type\":\"SearchAction\",\"target\":{\"@type\":\"EntryPoint\",\"urlTemplate\":\"https:\/\/www.commoncause.org\/california\/?s={search_term_string}\"},\"query-input\":{\"@type\":\"PropertyValueSpecification\",\"valueRequired\":true,\"valueName\":\"search_term_string\"}}],\"inLanguage\":\"fr-FR\"}]}<\/script>\n<!-- \/ Yoast SEO Premium plugin. -->","yoast_head_json":{"title":"Tutoriel sur le portail des lettres de position CA - Common Cause California","robots":{"index":"index","follow":"follow","max-snippet":"max-snippet:-1","max-image-preview":"max-image-preview:large","max-video-preview":"max-video-preview:-1"},"canonical":"https:\/\/www.commoncause.org\/california\/fr\/tutoriel-sur-le-portail-des-lettres-de-position-ca\/","og_locale":"fr_FR","og_type":"article","og_title":"CA Position Letter Portal Tutorial","og_url":"https:\/\/www.commoncause.org\/california\/fr\/tutoriel-sur-le-portail-des-lettres-de-position-ca\/","og_site_name":"Common Cause California","article_modified_time":"2025-04-18T22:37:19+00:00","og_image":[{"width":1200,"height":630,"url":"https:\/\/www.commoncause.org\/california\/wp-content\/uploads\/2024\/08\/common-cause-share-image.png","type":"image\/png"}],"twitter_card":"summary_large_image","schema":{"@context":"https:\/\/schema.org","@graph":[{"@type":"WebPage","@id":"https:\/\/www.commoncause.org\/california\/ca-position-letter-portal-tutorial\/","url":"https:\/\/www.commoncause.org\/california\/ca-position-letter-portal-tutorial\/","name":"Tutoriel sur le portail des lettres de position CA - Common Cause California","isPartOf":{"@id":"https:\/\/www.commoncause.org\/california\/#website"},"datePublished":"2025-04-16T19:01:19+00:00","dateModified":"2025-04-18T22:37:19+00:00","breadcrumb":{"@id":"https:\/\/www.commoncause.org\/california\/ca-position-letter-portal-tutorial\/#breadcrumb"},"inLanguage":"fr-FR","potentialAction":[{"@type":"ReadAction","target":["https:\/\/www.commoncause.org\/california\/ca-position-letter-portal-tutorial\/"]}]},{"@type":"BreadcrumbList","@id":"https:\/\/www.commoncause.org\/california\/ca-position-letter-portal-tutorial\/#breadcrumb","itemListElement":[{"@type":"ListItem","position":1,"name":"Home","item":"https:\/\/www.commoncause.org\/california\/"},{"@type":"ListItem","position":2,"name":"CA Position Letter Portal Tutorial"}]},{"@type":"WebSite","@id":"https:\/\/www.commoncause.org\/california\/#website","url":"https:\/\/www.commoncause.org\/california\/","name":"Cause commune Californie","description":"","potentialAction":[{"@type":"SearchAction","target":{"@type":"EntryPoint","urlTemplate":"https:\/\/www.commoncause.org\/california\/?s={search_term_string}"},"query-input":{"@type":"PropertyValueSpecification","valueRequired":true,"valueName":"search_term_string"}}],"inLanguage":"fr-FR"}]}},"distributor_meta":false,"distributor_terms":false,"distributor_media":false,"distributor_original_site_name":"Common Cause California","distributor_original_site_url":"https:\/\/www.commoncause.org\/california\/fr","push-errors":false,"_links":{"self":[{"href":"https:\/\/www.commoncause.org\/california\/fr\/wp-json\/wp\/v2\/pages\/2303","targetHints":{"allow":["GET"]}}],"collection":[{"href":"https:\/\/www.commoncause.org\/california\/fr\/wp-json\/wp\/v2\/pages"}],"about":[{"href":"https:\/\/www.commoncause.org\/california\/fr\/wp-json\/wp\/v2\/types\/page"}],"author":[{"embeddable":true,"href":"https:\/\/www.commoncause.org\/california\/fr\/wp-json\/wp\/v2\/users\/93"}],"replies":[{"embeddable":true,"href":"https:\/\/www.commoncause.org\/california\/fr\/wp-json\/wp\/v2\/comments?post=2303"}],"version-history":[{"count":14,"href":"https:\/\/www.commoncause.org\/california\/fr\/wp-json\/wp\/v2\/pages\/2303\/revisions"}],"predecessor-version":[{"id":2318,"href":"https:\/\/www.commoncause.org\/california\/fr\/wp-json\/wp\/v2\/pages\/2303\/revisions\/2318"}],"wp:attachment":[{"href":"https:\/\/www.commoncause.org\/california\/fr\/wp-json\/wp\/v2\/media?parent=2303"}],"curies":[{"name":"wp","href":"https:\/\/api.w.org\/{rel}","templated":true}]}}