{"id":1586,"date":"2024-08-21T17:22:19","date_gmt":"2024-08-22T00:22:19","guid":{"rendered":"https:\/\/www.commoncause.org\/california\/?page_id=1586"},"modified":"2024-08-21T17:22:19","modified_gmt":"2024-08-22T00:22:19","slug":"local-news","status":"publish","type":"page","link":"https:\/\/www.commoncause.org\/california\/fr\/actualites-locales\/","title":{"rendered":"Actualit\u00e9s locales"},"content":{"rendered":"","protected":false},"excerpt":{"rendered":"","protected":false},"author":51,"featured_media":0,"parent":0,"menu_order":0,"comment_status":"closed","ping_status":"closed","template":"","meta":{"_acf_changed":false,"_relevanssi_hide_post":"","_relevanssi_hide_content":"","_relevanssi_pin_for_all":"","_relevanssi_pin_keywords":"","_relevanssi_unpin_keywords":"","_relevanssi_related_keywords":"","_relevanssi_related_include_ids":"","_relevanssi_related_exclude_ids":"","_relevanssi_related_no_append":"","_relevanssi_related_not_related":"","_relevanssi_related_posts":"","_relevanssi_noindex_reason":""},"class_list":["post-1586","page","type-page","status-publish","hentry"],"acf":{"header":{"component_page_header":{"header_type":"default","title":"L\u00e9gislation sur l&#039;actualit\u00e9 locale","lead":"","image":"","subnavigation":false}},"sidebar":{"helper_enable_sidebar":false,"helper_media_contact":{"heading":"Media Contact","manually_enter_person":false,"person":"","name":"","role":"","phone":"","email":""},"helper_links_downloads":{"heading":"Links & Downloads","links":null}},"page_layout":[{"acf_fc_layout":"layout_wysiwyg","_acfe_flexible_toggle":"","component_wysiwyg":{"content":"<h4><b>California Common Cause s&#039;engage \u00e0 contribuer \u00e0 construire un avenir r\u00e9silient, responsable et inclusif pour les informations locales dans nos communaut\u00e9s.<\/b><\/h4>\r\n<span style=\"font-weight: 400;\">En Californie, le secteur de l&#039;information locale lutte pour sa survie. Dans les villes de l&#039;\u00c9tat, les journaux ferment ou se regroupent et les salles de r\u00e9daction restantes sont vid\u00e9e de leur substance apr\u00e8s des licenciements massifs.\u00a0<\/span>\r\n\r\n<span style=\"font-weight: 400;\">Le manque d\u2019information dans nos communaut\u00e9s a des r\u00e9percussions sur tout le monde \u2013 chaque groupe qui d\u00e9fend l\u2019int\u00e9r\u00eat public ou les communaut\u00e9s mal desservies est partie prenante pour assurer une presse locale florissante. Pr\u00e9server et renforcer une presse locale durable et diversifi\u00e9e, y compris les publications imprim\u00e9es et en ligne, les m\u00e9dias traditionnels et les m\u00e9dias ethniques, est plus important que jamais pour l\u2019avenir de notre d\u00e9mocratie.<\/span>\r\n\r\n<span style=\"font-weight: 400;\">Au cours des quinze derni\u00e8res ann\u00e9es, la domination des petites annonces en ligne et de la publicit\u00e9 num\u00e9rique a mis \u00e0 mal le mod\u00e8le traditionnel de revenus publicitaires locaux des journaux. Les fusions et les licenciements ont \u00e9galement conduit de nombreux journaux locaux survivants \u00e0 devenir des coquilles vides. Au cours des 15 derni\u00e8res ann\u00e9es, le nombre de journalistes de presse \u00e9crite a diminu\u00e9 de pr\u00e8s de 60%. De nombreux journaux locaux n&#039;existent d\u00e9sormais que de nom, parfois sous la forme d&#039;\u00e9ditions de marque de m\u00e9dias d&#039;information beaucoup plus importants, avec peu ou pas de pr\u00e9sence journalistique locale d\u00e9di\u00e9e.\u00a0<\/span>\r\n\r\n<span style=\"font-weight: 400;\">Les lacunes dans la couverture m\u00e9diatique locale repr\u00e9sentent une crise pour la d\u00e9mocratie locale et \u00e9tatique de Californie de plusieurs mani\u00e8res critiques :<\/span>\r\n<ul>\r\n \t<li style=\"font-weight: 400;\" aria-level=\"1\"><b>La participation civique en baisse<\/b><span style=\"font-weight: 400;\">:Les fermetures de journaux et les r\u00e9ductions de personnel sont associ\u00e9es \u00e0 une diminution de la participation civique, \u00e0 un vote moins \u00e9clair\u00e9, \u00e0 un moindre int\u00e9r\u00eat pour la participation politique et \u00e0 une plus faible participation \u00e9lectorale.<\/span><\/li>\r\n \t<li style=\"font-weight: 400;\" aria-level=\"1\"><b>Des voix diverses r\u00e9duites au silence<\/b><span style=\"font-weight: 400;\">:Les journaux destin\u00e9s aux personnes de couleur, aux communaut\u00e9s d\u2019immigrants et \u00e0 d\u2019autres groupes marginalis\u00e9s donnent \u00e0 ces communaut\u00e9s une voix et aident \u00e0 identifier et \u00e0 mettre en lumi\u00e8re les probl\u00e8mes importants.\u00a0<\/span><\/li>\r\n \t<li style=\"font-weight: 400;\" aria-level=\"1\"><b>Responsabilit\u00e9 politique mise \u00e0 mal<\/b><span style=\"font-weight: 400;\">:Les informations locales jouent un r\u00f4le de surveillance essentiel en obligeant les gouvernements locaux \u00e0 rendre des comptes et en d\u00e9couvrant la corruption.\u00a0<\/span><\/li>\r\n \t<li style=\"font-weight: 400;\" aria-level=\"1\"><b>Responsabilit\u00e9 des entreprises mise \u00e0 mal<\/b><span style=\"font-weight: 400;\">:Les journaux servent \u00e9galement de contr\u00f4le contre les puissantes institutions non gouvernementales, comme les entreprises qui exploitent les travailleurs, trompent les consommateurs ou nuisent \u00e0 l\u2019environnement.<\/span><\/li>\r\n \t<li style=\"font-weight: 400;\" aria-level=\"1\"><b>Polarisation accrue<\/b><span style=\"font-weight: 400;\">:Sans journalisme local, les \u00e9lecteurs sont plus susceptibles de s&#039;appuyer sur des sources d&#039;information plus biais\u00e9es, comme les r\u00e9seaux sociaux, les publications d&#039;information partisanes, la t\u00e9l\u00e9vision par c\u00e2ble ou les radios. Une \u00e9tude a r\u00e9v\u00e9l\u00e9 que la fermeture des journaux augmente les comportements de vote partisans.<\/span><\/li>\r\n<\/ul>\r\n<span style=\"font-weight: 400;\">California Common Cause est un organisme de surveillance solide lorsqu\u2019il s\u2019agit de prot\u00e9ger nos \u00e9lections et nos institutions d\u00e9mocratiques. Notre travail en faveur du droit de vote consiste notamment \u00e0 lutter contre les n\u00e9gationnistes et les colporteurs de d\u00e9sinformation, et \u00e0 aider les \u00e9lecteurs \u00e0 voter et \u00e0 s\u2019informer sur les questions civiques pour le faire. Tout cela n\u00e9cessite une presse locale saine et prosp\u00e8re. En particulier, pour r\u00e9pondre de mani\u00e8re d\u00e9cisive \u00e0 la d\u00e9sinformation \u00e9lectorale, qui constitue de plus en plus une menace de notre \u00e9poque, il faut renforcer et maintenir notre \u00e9cosyst\u00e8me d\u2019information locale en Californie.\u00a0<\/span>\r\n<h4><b>EN MARCHE VERS DES SOLUTIONS<\/b><\/h4>\r\n<span style=\"font-weight: 400;\">La Californie a besoin d&#039;un plan d&#039;action pour construire un avenir r\u00e9silient, responsable et inclusif pour les informations locales dans nos communaut\u00e9s. Les approches politiques explor\u00e9es avec nos partenaires travaillant sur les solutions politiques pour les informations locales comprennent, sans s&#039;y limiter :\u00a0<\/span>\r\n<ul>\r\n \t<li style=\"font-weight: 400;\" aria-level=\"1\"><b>Exiger que les agences et les services gouvernementaux locaux consacrent au moins 50 % des budgets de publicit\u00e9 et de communication existants aux m\u00e9dias communautaires et ethniques<\/b><span style=\"font-weight: 400;\">. <\/span><a href=\"https:\/\/www.commoncause.org\/california\/fr\/press\/les-dirigeants-de-san-francisco-exhortent-la-ville-a-investir-dans-les-medias-locaux\/\"><span style=\"font-weight: 400;\">Publicit\u00e9 mettant l&#039;accent sur les m\u00e9dias communautaires et ethniques<\/span><\/a><span style=\"font-weight: 400;\"> permet aux services et agences de la ville d\u2019atteindre diverses communaut\u00e9s, n\u2019ajoute pas de co\u00fbts pour la ville et ne rend pas le financement d\u00e9pendant du contenu produit.\u00a0<\/span><\/li>\r\n \t<li style=\"font-weight: 400;\" aria-level=\"1\"><b>Cr\u00e9er des programmes de subventions locales sur le mod\u00e8le de la Corporation for Public Broadcasting<\/b><span style=\"font-weight: 400;\">Des niveaux \u00e9lev\u00e9s de financement s\u00fbr pour les syst\u00e8mes de m\u00e9dias publics et de solides protections structurelles pour l\u2019ind\u00e9pendance politique et \u00e9conomique de ces syst\u00e8mes sont syst\u00e9matiquement et positivement corr\u00e9l\u00e9s \u00e0 des d\u00e9mocraties saines.<\/span><\/li>\r\n \t<li style=\"font-weight: 400;\" aria-level=\"1\"><b>Mettre en place un programme qui permettrait de maintenir les journaux communautaires menac\u00e9s de fermeture ou de vente \u00e0 des cha\u00eenes ou \u00e0 des fonds sp\u00e9culatifs entre les mains d\u2019acteurs locaux investis dans la fourniture d\u2019un journalisme local et ancr\u00e9 dans la communaut\u00e9. <\/b><span style=\"font-weight: 400;\">Lorsque les propri\u00e9taires d\u00e9cident de vendre, ils sont souvent oblig\u00e9s de choisir entre vendre \u00e0 une grande cha\u00eene d&#039;entreprises ou \u00e0 un fonds sp\u00e9culatif ou fermer et laisser leurs communaut\u00e9s vuln\u00e9rables.<\/span><\/li>\r\n<\/ul>\r\n<h4><strong>NOS RECHERCHES<\/strong><\/h4>\r\nD\u00e9but 2024, California Common Cause a publi\u00e9\u00a0<a href=\"https:\/\/www.commoncause.org\/wp-content\/uploads\/2024\/08\/Local-Voices-on-Local-News-2024-Print.pdf\"><i>Voix locales sur l&#039;actualit\u00e9 locale : perspectives communautaires et recommandations politiques pour renforcer l&#039;\u00e9cosyst\u00e8me journalistique de San Francisco<\/i><\/a>Ce rapport r\u00e9v\u00e8le les besoins d&#039;information exprim\u00e9s par les San-Franciscains. Il inclut les points de vue d&#039;\u00e9diteurs ind\u00e9pendants locaux et explore des solutions de politique publique pour combler le d\u00e9ficit d&#039;information civique des habitants les plus marginalis\u00e9s de la ville. Ce rapport, intitul\u00e9 \u00ab\u00a0\u00c9valuation des besoins d&#039;information de la communaut\u00e9\u00a0\u00bb, documente un processus d&#039;\u00e9coute communautaire men\u00e9 par California Common Cause pendant cinq mois pour comprendre le paysage m\u00e9diatique local de San Francisco et les besoins d&#039;information de ses communaut\u00e9s. Ce processus d&#039;\u00e9coute a impliqu\u00e9 plus de 175 personnes \u00e0 travers la ville, \u00e0 travers 12 groupes de discussion et 26 entretiens.\r\n<p style=\"text-align: center;\"><a class=\"button1\" role=\"button\" href=\"https:\/\/www.commoncause.org\/wp-content\/uploads\/2024\/08\/Local-Voices-on-Local-News-2024-Print.pdf\">LIRE LE RAPPORT<\/a><\/p>"}}]},"yoast_head":"<!-- This site is optimized with the Yoast SEO Premium plugin v26.6 (Yoast SEO v27.1.1) - https:\/\/yoast.com\/product\/yoast-seo-premium-wordpress\/ -->\n<title>Local News - Common Cause California<\/title>\n<meta name=\"robots\" content=\"index, follow, max-snippet:-1, max-image-preview:large, max-video-preview:-1\" \/>\n<link rel=\"canonical\" href=\"https:\/\/www.commoncause.org\/california\/fr\/actualites-locales\/\" \/>\n<meta property=\"og:locale\" content=\"fr_FR\" \/>\n<meta property=\"og:type\" content=\"article\" \/>\n<meta property=\"og:title\" content=\"Local News\" \/>\n<meta property=\"og:url\" content=\"https:\/\/www.commoncause.org\/california\/fr\/actualites-locales\/\" \/>\n<meta property=\"og:site_name\" content=\"Common Cause California\" \/>\n<meta property=\"og:image\" content=\"https:\/\/www.commoncause.org\/california\/wp-content\/uploads\/2024\/08\/common-cause-share-image.png\" \/>\n\t<meta property=\"og:image:width\" content=\"1200\" \/>\n\t<meta property=\"og:image:height\" content=\"630\" \/>\n\t<meta property=\"og:image:type\" content=\"image\/png\" \/>\n<meta name=\"twitter:card\" content=\"summary_large_image\" \/>\n<script type=\"application\/ld+json\" class=\"yoast-schema-graph\">{\"@context\":\"https:\/\/schema.org\",\"@graph\":[{\"@type\":\"WebPage\",\"@id\":\"https:\/\/www.commoncause.org\/california\/local-news\/\",\"url\":\"https:\/\/www.commoncause.org\/california\/local-news\/\",\"name\":\"Local News - Common Cause California\",\"isPartOf\":{\"@id\":\"https:\/\/www.commoncause.org\/california\/#website\"},\"datePublished\":\"2024-08-22T00:22:19+00:00\",\"breadcrumb\":{\"@id\":\"https:\/\/www.commoncause.org\/california\/local-news\/#breadcrumb\"},\"inLanguage\":\"fr-FR\",\"potentialAction\":[{\"@type\":\"ReadAction\",\"target\":[\"https:\/\/www.commoncause.org\/california\/local-news\/\"]}]},{\"@type\":\"BreadcrumbList\",\"@id\":\"https:\/\/www.commoncause.org\/california\/local-news\/#breadcrumb\",\"itemListElement\":[{\"@type\":\"ListItem\",\"position\":1,\"name\":\"Home\",\"item\":\"https:\/\/www.commoncause.org\/california\/\"},{\"@type\":\"ListItem\",\"position\":2,\"name\":\"Local News\"}]},{\"@type\":\"WebSite\",\"@id\":\"https:\/\/www.commoncause.org\/california\/#website\",\"url\":\"https:\/\/www.commoncause.org\/california\/\",\"name\":\"Common Cause California\",\"description\":\"\",\"potentialAction\":[{\"@type\":\"SearchAction\",\"target\":{\"@type\":\"EntryPoint\",\"urlTemplate\":\"https:\/\/www.commoncause.org\/california\/?s={search_term_string}\"},\"query-input\":{\"@type\":\"PropertyValueSpecification\",\"valueRequired\":true,\"valueName\":\"search_term_string\"}}],\"inLanguage\":\"fr-FR\"}]}<\/script>\n<!-- \/ Yoast SEO Premium plugin. -->","yoast_head_json":{"title":"Actualit\u00e9s locales \u2013 Common Cause California","robots":{"index":"index","follow":"follow","max-snippet":"max-snippet:-1","max-image-preview":"max-image-preview:large","max-video-preview":"max-video-preview:-1"},"canonical":"https:\/\/www.commoncause.org\/california\/fr\/actualites-locales\/","og_locale":"fr_FR","og_type":"article","og_title":"Local News","og_url":"https:\/\/www.commoncause.org\/california\/fr\/actualites-locales\/","og_site_name":"Common Cause California","og_image":[{"width":1200,"height":630,"url":"https:\/\/www.commoncause.org\/california\/wp-content\/uploads\/2024\/08\/common-cause-share-image.png","type":"image\/png"}],"twitter_card":"summary_large_image","schema":{"@context":"https:\/\/schema.org","@graph":[{"@type":"WebPage","@id":"https:\/\/www.commoncause.org\/california\/local-news\/","url":"https:\/\/www.commoncause.org\/california\/local-news\/","name":"Actualit\u00e9s locales \u2013 Common Cause California","isPartOf":{"@id":"https:\/\/www.commoncause.org\/california\/#website"},"datePublished":"2024-08-22T00:22:19+00:00","breadcrumb":{"@id":"https:\/\/www.commoncause.org\/california\/local-news\/#breadcrumb"},"inLanguage":"fr-FR","potentialAction":[{"@type":"ReadAction","target":["https:\/\/www.commoncause.org\/california\/local-news\/"]}]},{"@type":"BreadcrumbList","@id":"https:\/\/www.commoncause.org\/california\/local-news\/#breadcrumb","itemListElement":[{"@type":"ListItem","position":1,"name":"Home","item":"https:\/\/www.commoncause.org\/california\/"},{"@type":"ListItem","position":2,"name":"Local News"}]},{"@type":"WebSite","@id":"https:\/\/www.commoncause.org\/california\/#website","url":"https:\/\/www.commoncause.org\/california\/","name":"Cause commune Californie","description":"","potentialAction":[{"@type":"SearchAction","target":{"@type":"EntryPoint","urlTemplate":"https:\/\/www.commoncause.org\/california\/?s={search_term_string}"},"query-input":{"@type":"PropertyValueSpecification","valueRequired":true,"valueName":"search_term_string"}}],"inLanguage":"fr-FR"}]}},"distributor_meta":false,"distributor_terms":false,"distributor_media":false,"distributor_original_site_name":"Common Cause California","distributor_original_site_url":"https:\/\/www.commoncause.org\/california\/fr","push-errors":false,"_links":{"self":[{"href":"https:\/\/www.commoncause.org\/california\/fr\/wp-json\/wp\/v2\/pages\/1586","targetHints":{"allow":["GET"]}}],"collection":[{"href":"https:\/\/www.commoncause.org\/california\/fr\/wp-json\/wp\/v2\/pages"}],"about":[{"href":"https:\/\/www.commoncause.org\/california\/fr\/wp-json\/wp\/v2\/types\/page"}],"author":[{"embeddable":true,"href":"https:\/\/www.commoncause.org\/california\/fr\/wp-json\/wp\/v2\/users\/51"}],"replies":[{"embeddable":true,"href":"https:\/\/www.commoncause.org\/california\/fr\/wp-json\/wp\/v2\/comments?post=1586"}],"version-history":[{"count":5,"href":"https:\/\/www.commoncause.org\/california\/fr\/wp-json\/wp\/v2\/pages\/1586\/revisions"}],"predecessor-version":[{"id":1591,"href":"https:\/\/www.commoncause.org\/california\/fr\/wp-json\/wp\/v2\/pages\/1586\/revisions\/1591"}],"wp:attachment":[{"href":"https:\/\/www.commoncause.org\/california\/fr\/wp-json\/wp\/v2\/media?parent=1586"}],"curies":[{"name":"wp","href":"https:\/\/api.w.org\/{rel}","templated":true}]}}