{"id":2303,"date":"2025-04-16T12:01:19","date_gmt":"2025-04-16T19:01:19","guid":{"rendered":"https:\/\/www.commoncause.org\/california\/?page_id=2303"},"modified":"2025-04-18T15:37:19","modified_gmt":"2025-04-18T22:37:19","slug":"ca-position-letter-portal-tutorial","status":"publish","type":"page","link":"https:\/\/www.commoncause.org\/california\/es\/tutorial-para-el-portal-de-cartas-de-presentacion-de-ca\/","title":{"rendered":"Tutorial del portal de cartas de posici\u00f3n de CA"},"content":{"rendered":"","protected":false},"excerpt":{"rendered":"","protected":false},"author":93,"featured_media":0,"parent":0,"menu_order":0,"comment_status":"closed","ping_status":"closed","template":"","meta":{"_acf_changed":false,"_relevanssi_hide_post":"","_relevanssi_hide_content":"","_relevanssi_pin_for_all":"","_relevanssi_pin_keywords":"","_relevanssi_unpin_keywords":"","_relevanssi_related_keywords":"","_relevanssi_related_include_ids":"","_relevanssi_related_exclude_ids":"","_relevanssi_related_no_append":"","_relevanssi_related_not_related":"","_relevanssi_related_posts":"","_relevanssi_noindex_reason":""},"class_list":["post-2303","page","type-page","status-publish","hentry"],"acf":{"header":{"component_page_header":{"header_type":"default","title":"Tutorial del portal de cartas de posici\u00f3n de CA","lead":"","image":"","subnavigation":false}},"sidebar":{"helper_enable_sidebar":false,"helper_media_contact":{"heading":"Media Contact","manually_enter_person":false,"person":"","name":"","role":"","phone":"","email":""},"helper_links_downloads":{"heading":"Links & Downloads","links":null}},"page_layout":[{"acf_fc_layout":"layout_wysiwyg","_acfe_flexible_toggle":"","component_wysiwyg":{"content":"Esta p\u00e1gina le mostrar\u00e1 c\u00f3mo enviar una carta de apoyo\/oposici\u00f3n a proyectos de ley utilizando el Portal de cartas de posici\u00f3n de California.\r\n\r\n<strong>Paso 1 -- <span data-olk-copy-source=\"MessageBody\">Iniciar sesi\u00f3n o crear una cuenta<\/span><\/strong>\r\n\r\nVisita <a href=\"https:\/\/calegislation.lc.ca.gov\/Advocates\/\"><strong>https:\/\/calegislation.lc.ca.gov\/advocates<\/strong><\/a> y haga clic en &quot;<strong>crear una cuenta<\/strong>\"\r\n\r\n<img class=\"wp-image-30374 aligncenter\" src=\"https:\/\/www.commoncause.org\/california\/wp-content\/uploads\/2025\/04\/Screenshot-2025-04-18-at-3.10.57\u202fPM.png\" alt=\"\" width=\"495\" height=\"636\" \/>\r\n\r\n<strong>Paso 2 -- <span data-olk-copy-source=\"MessageBody\">Identifica tu estado\u00a0<\/span><\/strong>\r\n\r\n<img class=\"alignnone size-full wp-image-30377\" src=\"https:\/\/www.commoncause.org\/california\/wp-content\/uploads\/2025\/04\/Screenshot-2025-04-18-at-3.11.20\u202fPM-e1745015605800.png\" alt=\"\" width=\"1928\" height=\"512\" \/>\r\n\r\nMarca <strong>No<\/strong> Para las siguientes preguntas:\r\n<ul>\r\n \t<li>\u00bfEs usted un lobbysta registrado?<\/li>\r\n \t<li>\u00bfRepresenta usted a una organizaci\u00f3n, registrada o no?<\/li>\r\n<\/ul>\r\nHaga clic en &quot;Continuar&quot; y luego <strong>Inserte su informaci\u00f3n<\/strong>. <strong>S\u00f3lo se requieren su nombre y correo electr\u00f3nico.<\/strong>\r\n\r\n<img class=\"alignnone wp-image-30376 size-full\" src=\"https:\/\/www.commoncause.org\/california\/wp-content\/uploads\/2025\/04\/Screenshot-2025-04-18-at-3.11.37\u202fPM.png\" alt=\"\" width=\"1930\" height=\"1340\" \/>\r\n\r\n<strong>\r\nPaso 3 -- <span data-olk-copy-source=\"MessageBody\"> A\u00f1ade tus datos<\/span><\/strong>\r\n\r\nInicie sesi\u00f3n en su nueva cuenta en <strong><a href=\"https:\/\/calegislation.lc.ca.gov\/Advocates\">https:\/\/calegislation.lc.ca.gov\/Advocates <\/a>usando la contrase\u00f1a temporal<\/strong> Eso te fue enviado por correo electr\u00f3nico.\r\n\r\n<strong>\r\nPaso 4 -- <span data-olk-copy-source=\"MessageBody\">Env\u00ede su carta<\/span><\/strong>\r\n\r\nUna vez iniciada la sesi\u00f3n:\r\n<ul>\r\n \t<li>Escriba en el <strong>n\u00famero de factura<\/strong> y presione <strong>buscar<\/strong><\/li>\r\n \t<li>Seleccionar <strong>Apoyar u oponerse<\/strong><\/li>\r\n \t<li>Seleccionar &quot;<strong>Env\u00ede una carta en su lugar<\/strong>&quot; y <strong>Sube tu carta completa usando nuestra plantilla<\/strong><\/li>\r\n<\/ul>\r\n<img class=\"wp-image-30378 aligncenter\" src=\"https:\/\/www.commoncause.org\/california\/wp-content\/uploads\/2025\/04\/Screenshot-2025-04-18-at-3.17.08\u202fPM.png\" alt=\"\" width=\"1194\" height=\"598\" \/>\r\n\r\n<strong>\r\nPaso 5 -- <span data-olk-copy-source=\"MessageBody\">\u00a1Ya est\u00e1s listo!<\/span><\/strong>\r\n\r\n\u00a1Much\u00edsimas gracias por participar en el proceso democr\u00e1tico! No podr\u00edamos realizar esta importante labor sin ustedes."}}]},"yoast_head":"<!-- This site is optimized with the Yoast SEO Premium plugin v26.6 (Yoast SEO v27.1.1) - https:\/\/yoast.com\/product\/yoast-seo-premium-wordpress\/ -->\n<title>CA Position Letter Portal Tutorial - Common Cause California<\/title>\n<meta name=\"robots\" content=\"index, follow, max-snippet:-1, max-image-preview:large, max-video-preview:-1\" \/>\n<link rel=\"canonical\" href=\"https:\/\/www.commoncause.org\/california\/es\/tutorial-para-el-portal-de-cartas-de-presentacion-de-ca\/\" \/>\n<meta property=\"og:locale\" content=\"es_MX\" \/>\n<meta property=\"og:type\" content=\"article\" \/>\n<meta property=\"og:title\" content=\"CA Position Letter Portal Tutorial\" \/>\n<meta property=\"og:url\" content=\"https:\/\/www.commoncause.org\/california\/es\/tutorial-para-el-portal-de-cartas-de-presentacion-de-ca\/\" \/>\n<meta property=\"og:site_name\" content=\"Common Cause California\" \/>\n<meta property=\"article:modified_time\" content=\"2025-04-18T22:37:19+00:00\" \/>\n<meta property=\"og:image\" content=\"https:\/\/www.commoncause.org\/california\/wp-content\/uploads\/2024\/08\/common-cause-share-image.png\" \/>\n\t<meta property=\"og:image:width\" content=\"1200\" \/>\n\t<meta property=\"og:image:height\" content=\"630\" \/>\n\t<meta property=\"og:image:type\" content=\"image\/png\" \/>\n<meta name=\"twitter:card\" content=\"summary_large_image\" \/>\n<script type=\"application\/ld+json\" class=\"yoast-schema-graph\">{\"@context\":\"https:\/\/schema.org\",\"@graph\":[{\"@type\":\"WebPage\",\"@id\":\"https:\/\/www.commoncause.org\/california\/ca-position-letter-portal-tutorial\/\",\"url\":\"https:\/\/www.commoncause.org\/california\/ca-position-letter-portal-tutorial\/\",\"name\":\"CA Position Letter Portal Tutorial - Common Cause California\",\"isPartOf\":{\"@id\":\"https:\/\/www.commoncause.org\/california\/#website\"},\"datePublished\":\"2025-04-16T19:01:19+00:00\",\"dateModified\":\"2025-04-18T22:37:19+00:00\",\"breadcrumb\":{\"@id\":\"https:\/\/www.commoncause.org\/california\/ca-position-letter-portal-tutorial\/#breadcrumb\"},\"inLanguage\":\"es\",\"potentialAction\":[{\"@type\":\"ReadAction\",\"target\":[\"https:\/\/www.commoncause.org\/california\/ca-position-letter-portal-tutorial\/\"]}]},{\"@type\":\"BreadcrumbList\",\"@id\":\"https:\/\/www.commoncause.org\/california\/ca-position-letter-portal-tutorial\/#breadcrumb\",\"itemListElement\":[{\"@type\":\"ListItem\",\"position\":1,\"name\":\"Home\",\"item\":\"https:\/\/www.commoncause.org\/california\/\"},{\"@type\":\"ListItem\",\"position\":2,\"name\":\"CA Position Letter Portal Tutorial\"}]},{\"@type\":\"WebSite\",\"@id\":\"https:\/\/www.commoncause.org\/california\/#website\",\"url\":\"https:\/\/www.commoncause.org\/california\/\",\"name\":\"Common Cause California\",\"description\":\"\",\"potentialAction\":[{\"@type\":\"SearchAction\",\"target\":{\"@type\":\"EntryPoint\",\"urlTemplate\":\"https:\/\/www.commoncause.org\/california\/?s={search_term_string}\"},\"query-input\":{\"@type\":\"PropertyValueSpecification\",\"valueRequired\":true,\"valueName\":\"search_term_string\"}}],\"inLanguage\":\"es\"}]}<\/script>\n<!-- \/ Yoast SEO Premium plugin. -->","yoast_head_json":{"title":"Tutorial del portal de cartas de presentaci\u00f3n de CA - Common Cause California","robots":{"index":"index","follow":"follow","max-snippet":"max-snippet:-1","max-image-preview":"max-image-preview:large","max-video-preview":"max-video-preview:-1"},"canonical":"https:\/\/www.commoncause.org\/california\/es\/tutorial-para-el-portal-de-cartas-de-presentacion-de-ca\/","og_locale":"es_MX","og_type":"article","og_title":"CA Position Letter Portal Tutorial","og_url":"https:\/\/www.commoncause.org\/california\/es\/tutorial-para-el-portal-de-cartas-de-presentacion-de-ca\/","og_site_name":"Common Cause California","article_modified_time":"2025-04-18T22:37:19+00:00","og_image":[{"width":1200,"height":630,"url":"https:\/\/www.commoncause.org\/california\/wp-content\/uploads\/2024\/08\/common-cause-share-image.png","type":"image\/png"}],"twitter_card":"summary_large_image","schema":{"@context":"https:\/\/schema.org","@graph":[{"@type":"WebPage","@id":"https:\/\/www.commoncause.org\/california\/ca-position-letter-portal-tutorial\/","url":"https:\/\/www.commoncause.org\/california\/ca-position-letter-portal-tutorial\/","name":"Tutorial del portal de cartas de presentaci\u00f3n de CA - Common Cause California","isPartOf":{"@id":"https:\/\/www.commoncause.org\/california\/#website"},"datePublished":"2025-04-16T19:01:19+00:00","dateModified":"2025-04-18T22:37:19+00:00","breadcrumb":{"@id":"https:\/\/www.commoncause.org\/california\/ca-position-letter-portal-tutorial\/#breadcrumb"},"inLanguage":"es","potentialAction":[{"@type":"ReadAction","target":["https:\/\/www.commoncause.org\/california\/ca-position-letter-portal-tutorial\/"]}]},{"@type":"BreadcrumbList","@id":"https:\/\/www.commoncause.org\/california\/ca-position-letter-portal-tutorial\/#breadcrumb","itemListElement":[{"@type":"ListItem","position":1,"name":"Home","item":"https:\/\/www.commoncause.org\/california\/"},{"@type":"ListItem","position":2,"name":"CA Position Letter Portal Tutorial"}]},{"@type":"WebSite","@id":"https:\/\/www.commoncause.org\/california\/#website","url":"https:\/\/www.commoncause.org\/california\/","name":"Causa com\u00fan California","description":"","potentialAction":[{"@type":"SearchAction","target":{"@type":"EntryPoint","urlTemplate":"https:\/\/www.commoncause.org\/california\/?s={search_term_string}"},"query-input":{"@type":"PropertyValueSpecification","valueRequired":true,"valueName":"search_term_string"}}],"inLanguage":"es"}]}},"distributor_meta":false,"distributor_terms":false,"distributor_media":false,"distributor_original_site_name":"Common Cause California","distributor_original_site_url":"https:\/\/www.commoncause.org\/california\/es","push-errors":false,"_links":{"self":[{"href":"https:\/\/www.commoncause.org\/california\/es\/wp-json\/wp\/v2\/pages\/2303","targetHints":{"allow":["GET"]}}],"collection":[{"href":"https:\/\/www.commoncause.org\/california\/es\/wp-json\/wp\/v2\/pages"}],"about":[{"href":"https:\/\/www.commoncause.org\/california\/es\/wp-json\/wp\/v2\/types\/page"}],"author":[{"embeddable":true,"href":"https:\/\/www.commoncause.org\/california\/es\/wp-json\/wp\/v2\/users\/93"}],"replies":[{"embeddable":true,"href":"https:\/\/www.commoncause.org\/california\/es\/wp-json\/wp\/v2\/comments?post=2303"}],"version-history":[{"count":14,"href":"https:\/\/www.commoncause.org\/california\/es\/wp-json\/wp\/v2\/pages\/2303\/revisions"}],"predecessor-version":[{"id":2318,"href":"https:\/\/www.commoncause.org\/california\/es\/wp-json\/wp\/v2\/pages\/2303\/revisions\/2318"}],"wp:attachment":[{"href":"https:\/\/www.commoncause.org\/california\/es\/wp-json\/wp\/v2\/media?parent=2303"}],"curies":[{"name":"Gracias","href":"https:\/\/api.w.org\/{rel}","templated":true}]}}