{"id":1586,"date":"2024-08-21T17:22:19","date_gmt":"2024-08-22T00:22:19","guid":{"rendered":"https:\/\/www.commoncause.org\/california\/?page_id=1586"},"modified":"2024-08-21T17:22:19","modified_gmt":"2024-08-22T00:22:19","slug":"local-news","status":"publish","type":"page","link":"https:\/\/www.commoncause.org\/california\/es\/noticias-locales\/","title":{"rendered":"Noticias locales"},"content":{"rendered":"","protected":false},"excerpt":{"rendered":"","protected":false},"author":51,"featured_media":0,"parent":0,"menu_order":0,"comment_status":"closed","ping_status":"closed","template":"","meta":{"_acf_changed":false,"_relevanssi_hide_post":"","_relevanssi_hide_content":"","_relevanssi_pin_for_all":"","_relevanssi_pin_keywords":"","_relevanssi_unpin_keywords":"","_relevanssi_related_keywords":"","_relevanssi_related_include_ids":"","_relevanssi_related_exclude_ids":"","_relevanssi_related_no_append":"","_relevanssi_related_not_related":"","_relevanssi_related_posts":"","_relevanssi_noindex_reason":""},"class_list":["post-1586","page","type-page","status-publish","hentry"],"acf":{"header":{"component_page_header":{"header_type":"default","title":"Noticias locales Legislaci\u00f3n","lead":"","image":"","subnavigation":false}},"sidebar":{"helper_enable_sidebar":false,"helper_media_contact":{"heading":"Media Contact","manually_enter_person":false,"person":"","name":"","role":"","phone":"","email":""},"helper_links_downloads":{"heading":"Links & Downloads","links":null}},"page_layout":[{"acf_fc_layout":"layout_wysiwyg","_acfe_flexible_toggle":"","component_wysiwyg":{"content":"<h4><b>California Common Cause se compromete a ayudar a construir un futuro resiliente, responsable e inclusivo para las noticias locales en nuestras comunidades.<\/b><\/h4>\r\n<span style=\"font-weight: 400;\">La industria de noticias locales en California est\u00e1 luchando por sobrevivir. En ciudades de todo el estado, los peri\u00f3dicos est\u00e1n cerrando o fusion\u00e1ndose y las redacciones restantes est\u00e1n vaci\u00e1ndose tras despidos masivos.\u00a0<\/span>\r\n\r\n<span style=\"font-weight: 400;\">La falta de informaci\u00f3n que llega a nuestras comunidades afecta a todos: todo grupo que defienda el inter\u00e9s p\u00fablico o las comunidades desatendidas es un actor clave en la tarea de garantizar una prensa local pr\u00f3spera. Preservar y fortalecer una prensa local duradera y diversa, incluidas las publicaciones impresas y en l\u00ednea, los medios tradicionales y los medios \u00e9tnicos, es m\u00e1s importante que nunca para el futuro de nuestra democracia.<\/span>\r\n\r\n<span style=\"font-weight: 400;\">Durante la \u00faltima d\u00e9cada y media, el predominio de los anuncios clasificados en l\u00ednea y la publicidad digital han socavado el modelo tradicional de ingresos por publicidad local de los peri\u00f3dicos. Las fusiones y los despidos tambi\u00e9n han provocado que muchos peri\u00f3dicos locales supervivientes se conviertan en sombras de lo que fueron. En los \u00faltimos 15 a\u00f1os, el n\u00famero de periodistas de peri\u00f3dicos ha disminuido en casi un 60%. Muchos peri\u00f3dicos locales existen ahora s\u00f3lo de nombre, a veces como ediciones de marca de medios de comunicaci\u00f3n mucho m\u00e1s grandes, con poca o ninguna presencia dedicada al periodismo local.\u00a0<\/span>\r\n\r\n<span style=\"font-weight: 400;\">Las lagunas en la cobertura de noticias locales representan una crisis para la democracia local y estatal de California de varias maneras cr\u00edticas:<\/span>\r\n<ul>\r\n \t<li style=\"font-weight: 400;\" aria-level=\"1\"><b>Participaci\u00f3n c\u00edvica deprimida<\/b><span style=\"font-weight: 400;\">:Los cierres de peri\u00f3dicos y las reducciones de personal se asocian con una menor participaci\u00f3n c\u00edvica, una votaci\u00f3n menos informada, un menor inter\u00e9s en la participaci\u00f3n pol\u00edtica y una menor participaci\u00f3n electoral.<\/span><\/li>\r\n \t<li style=\"font-weight: 400;\" aria-level=\"1\"><b>Voces diversas silenciadas<\/b><span style=\"font-weight: 400;\">:Los peri\u00f3dicos dirigidos a personas de color, comunidades inmigrantes y otros grupos marginados brindan voz a estas comunidades y ayudan a identificar y elevar temas de importancia.\u00a0<\/span><\/li>\r\n \t<li style=\"font-weight: 400;\" aria-level=\"1\"><b>Responsabilidad pol\u00edtica socavada<\/b><span style=\"font-weight: 400;\">:Las noticias locales desempe\u00f1an un papel fundamental a la hora de garantizar la rendici\u00f3n de cuentas de los gobiernos locales y descubrir la corrupci\u00f3n.\u00a0<\/span><\/li>\r\n \t<li style=\"font-weight: 400;\" aria-level=\"1\"><b>Responsabilidad empresarial socavada<\/b><span style=\"font-weight: 400;\">:Los peri\u00f3dicos tambi\u00e9n sirven como freno a poderosas instituciones no gubernamentales, como las empresas que explotan a los trabajadores, enga\u00f1an a los consumidores o da\u00f1an el medio ambiente.<\/span><\/li>\r\n \t<li style=\"font-weight: 400;\" aria-level=\"1\"><b>Aumento de la polarizaci\u00f3n<\/b><span style=\"font-weight: 400;\">:Sin periodismo local, los votantes tienen m\u00e1s probabilidades de recurrir a fuentes m\u00e1s sesgadas para obtener informaci\u00f3n, como las redes sociales, las publicaciones de noticias partidarias, la televisi\u00f3n por cable o la radio hablada. Un estudio concluy\u00f3 que el cierre de peri\u00f3dicos aumenta los patrones de votaci\u00f3n partidaria.<\/span><\/li>\r\n<\/ul>\r\n<span style=\"font-weight: 400;\">California Common Cause es un organismo de control fuerte en lo que respecta a la protecci\u00f3n de nuestras elecciones e instituciones democr\u00e1ticas. Nuestro trabajo en pro del derecho al voto incluye hacer frente a los negacionistas electorales y a los promotores de desinformaci\u00f3n, y trabajar para ayudar a los votantes a emitir su voto y educarse sobre cuestiones c\u00edvicas para hacerlo. Todo esto requiere una prensa local saludable y pr\u00f3spera. En particular, responder decisivamente a la lucha contra la desinformaci\u00f3n electoral, que es cada vez m\u00e1s una amenaza en nuestros tiempos, requiere fortalecer y sostener nuestro ecosistema de noticias locales en California.\u00a0<\/span>\r\n<h4><b>AVANZANDO HACIA SOLUCIONES<\/b><\/h4>\r\n<span style=\"font-weight: 400;\">California necesita un plan de acci\u00f3n para construir un futuro resiliente, responsable e inclusivo para las noticias locales en nuestras comunidades. Los enfoques de pol\u00edticas que se est\u00e1n explorando con nuestros socios que trabajan en las soluciones de pol\u00edticas de noticias locales incluyen, entre otros:\u00a0<\/span>\r\n<ul>\r\n \t<li style=\"font-weight: 400;\" aria-level=\"1\"><b>Exigir a las agencias y departamentos gubernamentales locales que gasten al menos el 50 por ciento de los d\u00f3lares existentes en publicidad y comunicaciones en medios comunitarios y \u00e9tnicos.<\/b><span style=\"font-weight: 400;\">. <\/span><a href=\"https:\/\/www.commoncause.org\/california\/es\/press\/los-lideres-de-san-francisco-instan-a-la-ciudad-a-invertir-en-los-medios-locales\/\"><span style=\"font-weight: 400;\">Publicidad con \u00e9nfasis en medios comunitarios y \u00e9tnicos<\/span><\/a><span style=\"font-weight: 400;\"> permite que los departamentos y agencias de la ciudad lleguen a diversas comunidades, no agrega costos para la ciudad y no hace que la financiaci\u00f3n dependa del contenido producido.\u00a0<\/span><\/li>\r\n \t<li style=\"font-weight: 400;\" aria-level=\"1\"><b>Creaci\u00f3n de programas de subvenciones locales inspirados en la Corporaci\u00f3n para la Radiodifusi\u00f3n P\u00fablica<\/b><span style=\"font-weight: 400;\">Los altos niveles de financiaci\u00f3n segura para los sistemas de medios p\u00fablicos y las fuertes protecciones estructurales para la independencia pol\u00edtica y econ\u00f3mica de esos sistemas est\u00e1n correlacionados consistente y positivamente con democracias saludables.<\/span><\/li>\r\n \t<li style=\"font-weight: 400;\" aria-level=\"1\"><b>Establecer un programa que mantenga los peri\u00f3dicos comunitarios que est\u00e1n en peligro de cerrar o de ser vendidos a cadenas o fondos de cobertura en manos de actores locales interesados en brindar periodismo local y con ra\u00edces comunitarias. <\/b><span style=\"font-weight: 400;\">Cuando los propietarios deciden vender, a menudo se encuentran en la disyuntiva de vender a una gran cadena corporativa o a un fondo de cobertura o cerrar y dejar a sus comunidades vulnerables.<\/span><\/li>\r\n<\/ul>\r\n<h4><strong>NUESTRA INVESTIGACI\u00d3N<\/strong><\/h4>\r\nA principios de 2024, California Common Cause public\u00f3\u00a0<a href=\"https:\/\/www.commoncause.org\/wp-content\/uploads\/2024\/08\/Local-Voices-on-Local-News-2024-Print.pdf\"><i>Voces locales sobre noticias locales: perspectivas comunitarias y recomendaciones de pol\u00edticas para fortalecer el ecosistema period\u00edstico de San Francisco<\/i><\/a>Este informe revela la opini\u00f3n de los habitantes de San Francisco sobre sus necesidades informativas, incluye perspectivas de editoriales locales independientes y explora soluciones de pol\u00edticas p\u00fablicas que pueden cerrar las brechas de informaci\u00f3n c\u00edvica entre los residentes m\u00e1s marginados de la ciudad. El informe, conocido como evaluaci\u00f3n de las necesidades de informaci\u00f3n comunitaria, documenta un proceso de escucha comunitaria que California Common Cause llev\u00f3 a cabo durante cinco meses para comprender el panorama informativo local de San Francisco y las necesidades de informaci\u00f3n de sus comunidades. El proceso de escucha incluy\u00f3 a m\u00e1s de 175 personas de toda la ciudad a trav\u00e9s de 12 grupos focales y 26 entrevistas.\r\n<p style=\"text-align: center;\"><a class=\"button1\" role=\"button\" href=\"https:\/\/www.commoncause.org\/wp-content\/uploads\/2024\/08\/Local-Voices-on-Local-News-2024-Print.pdf\">LEA EL INFORME<\/a><\/p>"}}]},"yoast_head":"<!-- This site is optimized with the Yoast SEO Premium plugin v26.6 (Yoast SEO v27.1.1) - https:\/\/yoast.com\/product\/yoast-seo-premium-wordpress\/ -->\n<title>Local News - Common Cause California<\/title>\n<meta name=\"robots\" content=\"index, follow, max-snippet:-1, max-image-preview:large, max-video-preview:-1\" \/>\n<link rel=\"canonical\" href=\"https:\/\/www.commoncause.org\/california\/es\/noticias-locales\/\" \/>\n<meta property=\"og:locale\" content=\"es_MX\" \/>\n<meta property=\"og:type\" content=\"article\" \/>\n<meta property=\"og:title\" content=\"Local News\" \/>\n<meta property=\"og:url\" content=\"https:\/\/www.commoncause.org\/california\/es\/noticias-locales\/\" \/>\n<meta property=\"og:site_name\" content=\"Common Cause California\" \/>\n<meta property=\"og:image\" content=\"https:\/\/www.commoncause.org\/california\/wp-content\/uploads\/2024\/08\/common-cause-share-image.png\" \/>\n\t<meta property=\"og:image:width\" content=\"1200\" \/>\n\t<meta property=\"og:image:height\" content=\"630\" \/>\n\t<meta property=\"og:image:type\" content=\"image\/png\" \/>\n<meta name=\"twitter:card\" content=\"summary_large_image\" \/>\n<script type=\"application\/ld+json\" class=\"yoast-schema-graph\">{\"@context\":\"https:\/\/schema.org\",\"@graph\":[{\"@type\":\"WebPage\",\"@id\":\"https:\/\/www.commoncause.org\/california\/local-news\/\",\"url\":\"https:\/\/www.commoncause.org\/california\/local-news\/\",\"name\":\"Local News - Common Cause California\",\"isPartOf\":{\"@id\":\"https:\/\/www.commoncause.org\/california\/#website\"},\"datePublished\":\"2024-08-22T00:22:19+00:00\",\"breadcrumb\":{\"@id\":\"https:\/\/www.commoncause.org\/california\/local-news\/#breadcrumb\"},\"inLanguage\":\"es\",\"potentialAction\":[{\"@type\":\"ReadAction\",\"target\":[\"https:\/\/www.commoncause.org\/california\/local-news\/\"]}]},{\"@type\":\"BreadcrumbList\",\"@id\":\"https:\/\/www.commoncause.org\/california\/local-news\/#breadcrumb\",\"itemListElement\":[{\"@type\":\"ListItem\",\"position\":1,\"name\":\"Home\",\"item\":\"https:\/\/www.commoncause.org\/california\/\"},{\"@type\":\"ListItem\",\"position\":2,\"name\":\"Local News\"}]},{\"@type\":\"WebSite\",\"@id\":\"https:\/\/www.commoncause.org\/california\/#website\",\"url\":\"https:\/\/www.commoncause.org\/california\/\",\"name\":\"Common Cause California\",\"description\":\"\",\"potentialAction\":[{\"@type\":\"SearchAction\",\"target\":{\"@type\":\"EntryPoint\",\"urlTemplate\":\"https:\/\/www.commoncause.org\/california\/?s={search_term_string}\"},\"query-input\":{\"@type\":\"PropertyValueSpecification\",\"valueRequired\":true,\"valueName\":\"search_term_string\"}}],\"inLanguage\":\"es\"}]}<\/script>\n<!-- \/ Yoast SEO Premium plugin. -->","yoast_head_json":{"title":"Noticias locales - Causa com\u00fan California","robots":{"index":"index","follow":"follow","max-snippet":"max-snippet:-1","max-image-preview":"max-image-preview:large","max-video-preview":"max-video-preview:-1"},"canonical":"https:\/\/www.commoncause.org\/california\/es\/noticias-locales\/","og_locale":"es_MX","og_type":"article","og_title":"Local News","og_url":"https:\/\/www.commoncause.org\/california\/es\/noticias-locales\/","og_site_name":"Common Cause California","og_image":[{"width":1200,"height":630,"url":"https:\/\/www.commoncause.org\/california\/wp-content\/uploads\/2024\/08\/common-cause-share-image.png","type":"image\/png"}],"twitter_card":"summary_large_image","schema":{"@context":"https:\/\/schema.org","@graph":[{"@type":"WebPage","@id":"https:\/\/www.commoncause.org\/california\/local-news\/","url":"https:\/\/www.commoncause.org\/california\/local-news\/","name":"Noticias locales - Causa com\u00fan California","isPartOf":{"@id":"https:\/\/www.commoncause.org\/california\/#website"},"datePublished":"2024-08-22T00:22:19+00:00","breadcrumb":{"@id":"https:\/\/www.commoncause.org\/california\/local-news\/#breadcrumb"},"inLanguage":"es","potentialAction":[{"@type":"ReadAction","target":["https:\/\/www.commoncause.org\/california\/local-news\/"]}]},{"@type":"BreadcrumbList","@id":"https:\/\/www.commoncause.org\/california\/local-news\/#breadcrumb","itemListElement":[{"@type":"ListItem","position":1,"name":"Home","item":"https:\/\/www.commoncause.org\/california\/"},{"@type":"ListItem","position":2,"name":"Local News"}]},{"@type":"WebSite","@id":"https:\/\/www.commoncause.org\/california\/#website","url":"https:\/\/www.commoncause.org\/california\/","name":"Causa com\u00fan California","description":"","potentialAction":[{"@type":"SearchAction","target":{"@type":"EntryPoint","urlTemplate":"https:\/\/www.commoncause.org\/california\/?s={search_term_string}"},"query-input":{"@type":"PropertyValueSpecification","valueRequired":true,"valueName":"search_term_string"}}],"inLanguage":"es"}]}},"distributor_meta":false,"distributor_terms":false,"distributor_media":false,"distributor_original_site_name":"Common Cause California","distributor_original_site_url":"https:\/\/www.commoncause.org\/california\/es","push-errors":false,"_links":{"self":[{"href":"https:\/\/www.commoncause.org\/california\/es\/wp-json\/wp\/v2\/pages\/1586","targetHints":{"allow":["GET"]}}],"collection":[{"href":"https:\/\/www.commoncause.org\/california\/es\/wp-json\/wp\/v2\/pages"}],"about":[{"href":"https:\/\/www.commoncause.org\/california\/es\/wp-json\/wp\/v2\/types\/page"}],"author":[{"embeddable":true,"href":"https:\/\/www.commoncause.org\/california\/es\/wp-json\/wp\/v2\/users\/51"}],"replies":[{"embeddable":true,"href":"https:\/\/www.commoncause.org\/california\/es\/wp-json\/wp\/v2\/comments?post=1586"}],"version-history":[{"count":5,"href":"https:\/\/www.commoncause.org\/california\/es\/wp-json\/wp\/v2\/pages\/1586\/revisions"}],"predecessor-version":[{"id":1591,"href":"https:\/\/www.commoncause.org\/california\/es\/wp-json\/wp\/v2\/pages\/1586\/revisions\/1591"}],"wp:attachment":[{"href":"https:\/\/www.commoncause.org\/california\/es\/wp-json\/wp\/v2\/media?parent=1586"}],"curies":[{"name":"Gracias","href":"https:\/\/api.w.org\/{rel}","templated":true}]}}