{"id":1586,"date":"2024-08-21T17:22:19","date_gmt":"2024-08-22T00:22:19","guid":{"rendered":"https:\/\/www.commoncause.org\/california\/?page_id=1586"},"modified":"2024-08-21T17:22:19","modified_gmt":"2024-08-22T00:22:19","slug":"local-news","status":"publish","type":"page","link":"https:\/\/www.commoncause.org\/california\/de\/lokalnachrichten\/","title":{"rendered":"Lokalnachrichten"},"content":{"rendered":"","protected":false},"excerpt":{"rendered":"","protected":false},"author":51,"featured_media":0,"parent":0,"menu_order":0,"comment_status":"closed","ping_status":"closed","template":"","meta":{"_acf_changed":false,"_relevanssi_hide_post":"","_relevanssi_hide_content":"","_relevanssi_pin_for_all":"","_relevanssi_pin_keywords":"","_relevanssi_unpin_keywords":"","_relevanssi_related_keywords":"","_relevanssi_related_include_ids":"","_relevanssi_related_exclude_ids":"","_relevanssi_related_no_append":"","_relevanssi_related_not_related":"","_relevanssi_related_posts":"","_relevanssi_noindex_reason":""},"class_list":["post-1586","page","type-page","status-publish","hentry"],"acf":{"header":{"component_page_header":{"header_type":"default","title":"Lokale Nachrichten Gesetzgebung","lead":"","image":"","subnavigation":false}},"sidebar":{"helper_enable_sidebar":false,"helper_media_contact":{"heading":"Media Contact","manually_enter_person":false,"person":"","name":"","role":"","phone":"","email":""},"helper_links_downloads":{"heading":"Links & Downloads","links":null}},"page_layout":[{"acf_fc_layout":"layout_wysiwyg","_acfe_flexible_toggle":"","component_wysiwyg":{"content":"<h4><b>California Common Cause engagiert sich daf\u00fcr, eine belastbare, verantwortungsvolle und integrative Zukunft f\u00fcr die lokalen Nachrichten in unseren Gemeinden aufzubauen.<\/b><\/h4>\r\n<span style=\"font-weight: 400;\">Die Lokalpresse in Kalifornien k\u00e4mpft ums \u00dcberleben. In St\u00e4dten im ganzen Staat werden Zeitungen geschlossen oder konsolidiert, und die verbleibenden Redaktionen werden nach Massenentlassungen ausgeh\u00f6hlt.\u00a0<\/span>\r\n\r\n<span style=\"font-weight: 400;\">Der Mangel an Informationen, der unsere Gemeinden erreicht, wirkt sich auf alle aus \u2013 jede Gruppe, die sich f\u00fcr das \u00f6ffentliche Interesse oder f\u00fcr benachteiligte Gemeinden einsetzt, ist ein Interessenvertreter f\u00fcr eine florierende Lokalpresse. Die Erhaltung und St\u00e4rkung einer best\u00e4ndigen und vielf\u00e4ltigen Lokalpresse, einschlie\u00dflich Print- und Online-Publikationen, traditioneller Medien und ethnischer Medien, ist f\u00fcr die Zukunft unserer Demokratie wichtiger denn je.<\/span>\r\n\r\n<span style=\"font-weight: 400;\">In den letzten anderthalb Jahrzehnten hat die Dominanz von Online-Kleinanzeigen und digitaler Werbung das traditionelle lokale Werbeeinnahmenmodell der Zeitungen untergraben. Fusionen und Entlassungen haben auch dazu gef\u00fchrt, dass viele \u00fcberlebende Lokalzeitungen nur noch Schatten ihrer selbst sind. In den letzten 15 Jahren ist die Zahl der Zeitungsreporter um fast 60 % zur\u00fcckgegangen. Viele Lokalzeitungen existieren nur noch dem Namen nach, manchmal als Markenausgaben viel gr\u00f6\u00dferer Zeitungen, mit wenig oder gar keiner eigenen Pr\u00e4senz im Lokaljournalismus.\u00a0<\/span>\r\n\r\n<span style=\"font-weight: 400;\">Die L\u00fccken in der lokalen Berichterstattung stellen in mehrfacher Hinsicht eine Krise f\u00fcr die lokale und staatliche Demokratie Kaliforniens dar:<\/span>\r\n<ul>\r\n \t<li style=\"font-weight: 400;\" aria-level=\"1\"><b>Geringe B\u00fcrgerbeteiligung<\/b><span style=\"font-weight: 400;\">: Zeitungsschlie\u00dfungen und Personalabbau gehen mit einer geringeren B\u00fcrgerbeteiligung, weniger informierten W\u00e4hlern, geringerem Interesse an politischer Beteiligung und einer niedrigeren Wahlbeteiligung einher.<\/span><\/li>\r\n \t<li style=\"font-weight: 400;\" aria-level=\"1\"><b>Zum Schweigen gebrachte vielf\u00e4ltige Stimmen<\/b><span style=\"font-weight: 400;\">: Zeitungen, die sich an Farbige, Einwanderergemeinschaften und andere Randgruppen richten, geben diesen Gemeinschaften eine Stimme und tragen dazu bei, wichtige Themen zu identifizieren und zur Sprache zu bringen.\u00a0<\/span><\/li>\r\n \t<li style=\"font-weight: 400;\" aria-level=\"1\"><b>Untergrabene politische Rechenschaftspflicht<\/b><span style=\"font-weight: 400;\">: Lokalnachrichten spielen eine entscheidende Kontrollfunktion, wenn es darum geht, die lokale Regierung zur Verantwortung zu ziehen und Korruption aufzudecken.\u00a0<\/span><\/li>\r\n \t<li style=\"font-weight: 400;\" aria-level=\"1\"><b>Untergrabene Unternehmensverantwortung<\/b><span style=\"font-weight: 400;\">: Zeitungen dienen auch als Kontrollorgan gegen\u00fcber m\u00e4chtigen nichtstaatlichen Institutionen, etwa Unternehmen, die Arbeitnehmer ausbeuten, Verbraucher betr\u00fcgen oder der Umwelt schaden.<\/span><\/li>\r\n \t<li style=\"font-weight: 400;\" aria-level=\"1\"><b>Erh\u00f6hte Polarisation<\/b><span style=\"font-weight: 400;\">: Ohne Lokaljournalismus verlassen sich W\u00e4hler bei ihren Nachrichteninformationen eher auf voreingenommenere Quellen wie soziale Medien, parteiische Nachrichtenpublikationen, Kabelfernsehen oder Talkradio. Eine Studie ergab, dass die Schlie\u00dfung von Zeitungen das parteiische Wahlverhalten verst\u00e4rkt.<\/span><\/li>\r\n<\/ul>\r\n<span style=\"font-weight: 400;\">California Common Cause ist ein starker Wachhund, wenn es um den Schutz unserer Wahlen und demokratischen Institutionen geht. Unsere Arbeit f\u00fcr das Wahlrecht umfasst den Kampf gegen Wahlverweigerer und die Verbreitung von Fehlinformationen sowie die Unterst\u00fctzung der W\u00e4hler bei der Stimmabgabe und der Aufkl\u00e4rung \u00fcber b\u00fcrgerschaftliche Themen, um dies zu erm\u00f6glichen. All dies erfordert eine gesunde, florierende Lokalpresse. Insbesondere um entschlossen gegen Desinformation \u00fcber Wahlen vorzugehen, die in unserer Zeit immer mehr zur Bedrohung wird, m\u00fcssen wir unser lokales Nachrichten\u00f6kosystem in Kalifornien st\u00e4rken und aufrechterhalten.\u00a0<\/span>\r\n<h4><b>AUF DEM WEG ZU L\u00d6SUNGEN<\/b><\/h4>\r\n<span style=\"font-weight: 400;\">Kalifornien braucht einen Aktionsplan f\u00fcr den Aufbau einer belastbaren, verantwortungsvollen und integrativen Zukunft f\u00fcr lokale Nachrichten in unseren Gemeinden. Zu den politischen Ans\u00e4tzen, die wir mit unseren Partnern untersuchen, die an politischen L\u00f6sungen f\u00fcr lokale Nachrichten arbeiten, geh\u00f6ren unter anderem:\u00a0<\/span>\r\n<ul>\r\n \t<li style=\"font-weight: 400;\" aria-level=\"1\"><b>Die Verpflichtung lokaler Beh\u00f6rden und \u00c4mter, mindestens 50 Prozent der bestehenden Werbe- und Kommunikationsausgaben f\u00fcr lokale und ethnische Medien auszugeben.<\/b><span style=\"font-weight: 400;\">. <\/span><a href=\"https:\/\/www.commoncause.org\/california\/de\/press\/politiker-in-san-francisco-fordern-die-stadt-auf-in-lokale-medien-zu-investieren\/\"><span style=\"font-weight: 400;\">Werbung mit Schwerpunkt auf Community- und ethnischen Medien<\/span><\/a><span style=\"font-weight: 400;\"> erm\u00f6glicht es st\u00e4dtischen Abteilungen und Beh\u00f6rden, unterschiedliche Bev\u00f6lkerungsgruppen zu erreichen, verursacht der Stadt keine zus\u00e4tzlichen Kosten und macht die Finanzierung nicht von den produzierten Inhalten abh\u00e4ngig.\u00a0<\/span><\/li>\r\n \t<li style=\"font-weight: 400;\" aria-level=\"1\"><b>Schaffung lokaler F\u00f6rderprogramme nach dem Vorbild der Corporation for Public Broadcasting<\/b><span style=\"font-weight: 400;\">. Eine hohe und sichere Finanzierung der \u00f6ffentlich-rechtlichen Mediensysteme sowie ein starker struktureller Schutz der politischen und wirtschaftlichen Unabh\u00e4ngigkeit dieser Systeme stehen in einem durchg\u00e4ngigen positiven Zusammenhang mit gesunden Demokratien.<\/span><\/li>\r\n \t<li style=\"font-weight: 400;\" aria-level=\"1\"><b>Richten Sie ein Programm ein, das Lokalzeitungen, denen die Schlie\u00dfung oder der Verkauf an Ketten bzw. Hedgefonds droht, in den H\u00e4nden lokaler Akteure h\u00e4lt, die sich f\u00fcr einen lokalen, in der Gemeinde verankerten Journalismus einsetzen. <\/b><span style=\"font-weight: 400;\">Wenn Eigent\u00fcmer sich zum Verkauf entschlie\u00dfen, stehen sie oft vor der Entscheidung, entweder an eine gro\u00dfe Unternehmenskette oder einen Hedgefonds zu verkaufen oder zu schlie\u00dfen und ihre Gemeinden verwundbar zu machen.<\/span><\/li>\r\n<\/ul>\r\n<h4><strong>UNSERE FORSCHUNG<\/strong><\/h4>\r\nAnfang 2024 ver\u00f6ffentlichte California Common Cause\u00a0<a href=\"https:\/\/www.commoncause.org\/wp-content\/uploads\/2024\/08\/Local-Voices-on-Local-News-2024-Print.pdf\"><i>Lokale Stimmen zu lokalen Nachrichten: Perspektiven der Community und politische Empfehlungen zur St\u00e4rkung des journalistischen \u00d6kosystems in San Francisco<\/i><\/a>Ein Bericht, der die Nachrichtenbed\u00fcrfnisse der Einwohner San Franciscos aufzeigt, enth\u00e4lt Perspektiven unabh\u00e4ngiger, lokaler Verlage und untersucht politische L\u00f6sungsans\u00e4tze, um die Informationsl\u00fccken der am st\u00e4rksten benachteiligten Bev\u00f6lkerungsgruppen zu schlie\u00dfen. Die sogenannte Bedarfsanalyse dokumentiert einen f\u00fcnfmonatigen Prozess der B\u00fcrgerbeteiligung, den California Common Cause durchgef\u00fchrt hat, um die lokale Nachrichtenlandschaft San Franciscos und die Informationsbed\u00fcrfnisse der dort lebenden Gemeinschaften zu verstehen. An diesem Prozess nahmen \u00fcber 175 Personen aus der ganzen Stadt in zw\u00f6lf Fokusgruppen und 26 Einzelinterviews teil.\r\n<p style=\"text-align: center;\"><a class=\"button1\" role=\"button\" href=\"https:\/\/www.commoncause.org\/wp-content\/uploads\/2024\/08\/Local-Voices-on-Local-News-2024-Print.pdf\">LESEN SIE DEN BERICHT<\/a><\/p>"}}]},"yoast_head":"<!-- This site is optimized with the Yoast SEO Premium plugin v26.6 (Yoast SEO v27.1.1) - https:\/\/yoast.com\/product\/yoast-seo-premium-wordpress\/ -->\n<title>Local News - Common Cause California<\/title>\n<meta name=\"robots\" content=\"index, follow, max-snippet:-1, max-image-preview:large, max-video-preview:-1\" \/>\n<link rel=\"canonical\" href=\"https:\/\/www.commoncause.org\/california\/de\/lokalnachrichten\/\" \/>\n<meta property=\"og:locale\" content=\"de_DE\" \/>\n<meta property=\"og:type\" content=\"article\" \/>\n<meta property=\"og:title\" content=\"Local News\" \/>\n<meta property=\"og:url\" content=\"https:\/\/www.commoncause.org\/california\/de\/lokalnachrichten\/\" \/>\n<meta property=\"og:site_name\" content=\"Common Cause California\" \/>\n<meta property=\"og:image\" content=\"https:\/\/www.commoncause.org\/california\/wp-content\/uploads\/2024\/08\/common-cause-share-image.png\" \/>\n\t<meta property=\"og:image:width\" content=\"1200\" \/>\n\t<meta property=\"og:image:height\" content=\"630\" \/>\n\t<meta property=\"og:image:type\" content=\"image\/png\" \/>\n<meta name=\"twitter:card\" content=\"summary_large_image\" \/>\n<script type=\"application\/ld+json\" class=\"yoast-schema-graph\">{\"@context\":\"https:\/\/schema.org\",\"@graph\":[{\"@type\":\"WebPage\",\"@id\":\"https:\/\/www.commoncause.org\/california\/local-news\/\",\"url\":\"https:\/\/www.commoncause.org\/california\/local-news\/\",\"name\":\"Local News - Common Cause California\",\"isPartOf\":{\"@id\":\"https:\/\/www.commoncause.org\/california\/#website\"},\"datePublished\":\"2024-08-22T00:22:19+00:00\",\"breadcrumb\":{\"@id\":\"https:\/\/www.commoncause.org\/california\/local-news\/#breadcrumb\"},\"inLanguage\":\"de\",\"potentialAction\":[{\"@type\":\"ReadAction\",\"target\":[\"https:\/\/www.commoncause.org\/california\/local-news\/\"]}]},{\"@type\":\"BreadcrumbList\",\"@id\":\"https:\/\/www.commoncause.org\/california\/local-news\/#breadcrumb\",\"itemListElement\":[{\"@type\":\"ListItem\",\"position\":1,\"name\":\"Home\",\"item\":\"https:\/\/www.commoncause.org\/california\/\"},{\"@type\":\"ListItem\",\"position\":2,\"name\":\"Local News\"}]},{\"@type\":\"WebSite\",\"@id\":\"https:\/\/www.commoncause.org\/california\/#website\",\"url\":\"https:\/\/www.commoncause.org\/california\/\",\"name\":\"Common Cause California\",\"description\":\"\",\"potentialAction\":[{\"@type\":\"SearchAction\",\"target\":{\"@type\":\"EntryPoint\",\"urlTemplate\":\"https:\/\/www.commoncause.org\/california\/?s={search_term_string}\"},\"query-input\":{\"@type\":\"PropertyValueSpecification\",\"valueRequired\":true,\"valueName\":\"search_term_string\"}}],\"inLanguage\":\"de\"}]}<\/script>\n<!-- \/ Yoast SEO Premium plugin. -->","yoast_head_json":{"title":"Lokale Nachrichten - Common Cause California","robots":{"index":"index","follow":"follow","max-snippet":"max-snippet:-1","max-image-preview":"max-image-preview:large","max-video-preview":"max-video-preview:-1"},"canonical":"https:\/\/www.commoncause.org\/california\/de\/lokalnachrichten\/","og_locale":"de_DE","og_type":"article","og_title":"Local News","og_url":"https:\/\/www.commoncause.org\/california\/de\/lokalnachrichten\/","og_site_name":"Common Cause California","og_image":[{"width":1200,"height":630,"url":"https:\/\/www.commoncause.org\/california\/wp-content\/uploads\/2024\/08\/common-cause-share-image.png","type":"image\/png"}],"twitter_card":"summary_large_image","schema":{"@context":"https:\/\/schema.org","@graph":[{"@type":"WebPage","@id":"https:\/\/www.commoncause.org\/california\/local-news\/","url":"https:\/\/www.commoncause.org\/california\/local-news\/","name":"Lokale Nachrichten - Common Cause California","isPartOf":{"@id":"https:\/\/www.commoncause.org\/california\/#website"},"datePublished":"2024-08-22T00:22:19+00:00","breadcrumb":{"@id":"https:\/\/www.commoncause.org\/california\/local-news\/#breadcrumb"},"inLanguage":"de","potentialAction":[{"@type":"ReadAction","target":["https:\/\/www.commoncause.org\/california\/local-news\/"]}]},{"@type":"BreadcrumbList","@id":"https:\/\/www.commoncause.org\/california\/local-news\/#breadcrumb","itemListElement":[{"@type":"ListItem","position":1,"name":"Home","item":"https:\/\/www.commoncause.org\/california\/"},{"@type":"ListItem","position":2,"name":"Local News"}]},{"@type":"WebSite","@id":"https:\/\/www.commoncause.org\/california\/#website","url":"https:\/\/www.commoncause.org\/california\/","name":"Gemeinsame Sache, Kalifornien","description":"","potentialAction":[{"@type":"SearchAction","target":{"@type":"EntryPoint","urlTemplate":"https:\/\/www.commoncause.org\/california\/?s={search_term_string}"},"query-input":{"@type":"PropertyValueSpecification","valueRequired":true,"valueName":"search_term_string"}}],"inLanguage":"de"}]}},"distributor_meta":false,"distributor_terms":false,"distributor_media":false,"distributor_original_site_name":"Common Cause California","distributor_original_site_url":"https:\/\/www.commoncause.org\/california\/de","push-errors":false,"_links":{"self":[{"href":"https:\/\/www.commoncause.org\/california\/de\/wp-json\/wp\/v2\/pages\/1586","targetHints":{"allow":["GET"]}}],"collection":[{"href":"https:\/\/www.commoncause.org\/california\/de\/wp-json\/wp\/v2\/pages"}],"about":[{"href":"https:\/\/www.commoncause.org\/california\/de\/wp-json\/wp\/v2\/types\/page"}],"author":[{"embeddable":true,"href":"https:\/\/www.commoncause.org\/california\/de\/wp-json\/wp\/v2\/users\/51"}],"replies":[{"embeddable":true,"href":"https:\/\/www.commoncause.org\/california\/de\/wp-json\/wp\/v2\/comments?post=1586"}],"version-history":[{"count":5,"href":"https:\/\/www.commoncause.org\/california\/de\/wp-json\/wp\/v2\/pages\/1586\/revisions"}],"predecessor-version":[{"id":1591,"href":"https:\/\/www.commoncause.org\/california\/de\/wp-json\/wp\/v2\/pages\/1586\/revisions\/1591"}],"wp:attachment":[{"href":"https:\/\/www.commoncause.org\/california\/de\/wp-json\/wp\/v2\/media?parent=1586"}],"curies":[{"name":"wp","href":"https:\/\/api.w.org\/{rel}","templated":true}]}}